{"id":387,"date":"2023-11-30T21:29:18","date_gmt":"2023-11-30T20:29:18","guid":{"rendered":"https:\/\/prague-fenix.cz\/?page_id=387"},"modified":"2024-03-20T08:57:53","modified_gmt":"2024-03-20T07:57:53","slug":"simona","status":"publish","type":"page","link":"https:\/\/old.prague-fenix.cz\/ru\/simona\/","title":{"rendered":"\u0421\u0438\u043c\u043e\u043d\u0430"},"content":{"rendered":"<p><strong><mark style=\"background-color:rgba(0, 0, 0, 0)\" class=\"has-inline-color has-vivid-red-color\">\u0412\u043e\u0437\u0440\u0430\u0441\u0442<\/mark><\/strong>: 20 \u043b\u0435\u0442<br><strong><mark style=\"background-color:rgba(0, 0, 0, 0)\" class=\"has-inline-color has-vivid-red-color\">\u0412\u0435\u0441<\/mark><\/strong>: 85 \u043a\u0433<br><strong><mark style=\"background-color:rgba(0, 0, 0, 0)\" class=\"has-inline-color has-vivid-red-color\">\u0420\u043e\u0441\u0442<\/mark><\/strong>: 170 \u0441\u043c<br><strong><mark style=\"background-color:rgba(0, 0, 0, 0)\" class=\"has-inline-color has-vivid-red-color\">\u0426\u0432\u0435\u0442 \u0432\u043e\u043b\u043e\u0441<\/mark><\/strong>: \u043a\u043e\u0440\u0438\u0447\u043d\u0435\u0432\u044b\u0439<br><mark style=\"background-color:rgba(0, 0, 0, 0)\" class=\"has-inline-color has-vivid-red-color\"><strong>\u0413\u0440\u0443\u0434\u044c<\/strong> <strong>\u0440\u0430\u0437\u043c\u0435\u0440<\/strong><\/mark>: \u0424 (6)<\/p>\n\n\n\n<figure class=\"wp-block-gallery has-nested-images columns-default is-cropped wp-block-gallery-1 is-layout-flex wp-block-gallery-is-layout-flex\">\n<figure class=\"wp-block-image size-large\"><img fetchpriority=\"high\" decoding=\"async\" width=\"1024\" height=\"732\" data-id=\"552\" src=\"https:\/\/prague-fenix.cz\/wp-content\/uploads\/2024\/02\/sinona-salon-fenix-1024x732.jpg\" alt=\"\u0421\u0438\u043c\u043e\u043d\u0430 \u043c\u0430\u0441\u0441\u0430\u0436\u0438\u0441\u0442\u043a\u0430 \u041f\u0440\u0430\u0433\u0430 \u0424\u0435\u043d\u0438\u043a\u0441\" class=\"wp-image-552\" srcset=\"https:\/\/old.prague-fenix.cz\/wp-content\/uploads\/2024\/02\/sinona-salon-fenix-1024x732.jpg 1024w, https:\/\/old.prague-fenix.cz\/wp-content\/uploads\/2024\/02\/sinona-salon-fenix-300x215.jpg 300w, https:\/\/old.prague-fenix.cz\/wp-content\/uploads\/2024\/02\/sinona-salon-fenix-768x549.jpg 768w, https:\/\/old.prague-fenix.cz\/wp-content\/uploads\/2024\/02\/sinona-salon-fenix-18x12.jpg 18w, https:\/\/old.prague-fenix.cz\/wp-content\/uploads\/2024\/02\/sinona-salon-fenix.jpg 1200w\" sizes=\"(max-width: 1024px) 100vw, 1024px\" \/><\/figure>\n<\/figure>\n\n\n\n<h2 class=\"wp-block-heading has-text-align-center\"><mark style=\"background-color:rgba(0, 0, 0, 0)\" class=\"has-inline-color has-vivid-red-color\">\u041e \u0421\u0438\u043c\u043e\u043d\u0435<\/mark><\/h2>\n\n\n\n<p>\u041f\u0440\u0438\u0432\u043b\u0435\u043a\u0430\u0442\u0435\u043b\u044c\u043d\u0430\u044f, \u043d\u0435\u0436\u043d\u0430\u044f \u0438 \u043e\u0447\u0430\u0440\u043e\u0432\u0430\u0442\u0435\u043b\u044c\u043d\u0430\u044f \u0421\u0438\u043c\u043e\u043d\u0430 \u0434\u043e\u0432\u0435\u0434\u0435\u0442 \u043a\u0430\u0436\u0434\u043e\u0433\u043e \u0441\u0432\u043e\u0435\u0433\u043e \u043a\u043b\u0438\u0435\u043d\u0442\u0430 \u0434\u043e \u044d\u043a\u0441\u0442\u0430\u0437\u0430. \u041c\u0430\u0441\u0441\u0430\u0436 \u0441 \u044d\u0442\u043e\u0439 \u0434\u0435\u0432\u0443\u0448\u043a\u043e\u0439 \u2013 \u044d\u0442\u043e \u043e\u0442\u043b\u0438\u0447\u043d\u043e\u0435 \u0441\u0440\u0435\u0434\u0441\u0442\u0432\u043e \u0434\u043b\u044f \u0441\u043d\u044f\u0442\u0438\u044f \u0441\u0442\u0440\u0435\u0441\u0441\u0430. \u041d\u0435\u0432\u043e\u0437\u043c\u043e\u0436\u043d\u043e \u043d\u0435 \u0440\u0430\u0441\u0441\u043b\u0430\u0431\u0438\u0442\u044c\u0441\u044f \u0432 \u0440\u0443\u043a\u0430\u0445 \u0442\u0430\u043a\u043e\u0439 \u043e\u043f\u044b\u0442\u043d\u043e\u0439 \u0438 \u043e\u0434\u043d\u043e\u0432\u0440\u0435\u043c\u0435\u043d\u043d\u043e \u043e\u0447\u0435\u043d\u044c \u043a\u0440\u0430\u0441\u0438\u0432\u043e\u0439 \u043c\u0430\u0441\u0441\u0430\u0436\u0438\u0441\u0442\u043a\u0438.<\/p>\n\n\n\n<p>\u0412\u043e \u0432\u0440\u0435\u043c\u044f \u0431\u043e\u0434\u0438-\u043c\u0430\u0441\u0441\u0430\u0436\u0430 \u0441 \u0421\u0438\u043c\u043e\u043d\u043e\u0439 \u043d\u0435\u0436\u043d\u044b\u0435 \u0434\u0432\u0438\u0436\u0435\u043d\u0438\u044f \u0435\u0435 \u043f\u0430\u043b\u044c\u0446\u0435\u0432 \u0438 \u043f\u0440\u0438\u043a\u043e\u0441\u043d\u043e\u0432\u0435\u043d\u0438\u044f \u043f\u044b\u0448\u043d\u043e\u0439 \u0433\u0440\u0443\u0434\u0438 \u0434\u043e\u0432\u043e\u0434\u044f\u0442 \u043a\u0430\u0436\u0434\u043e\u0433\u043e \u043a\u043b\u0438\u0435\u043d\u0442\u0430 \u0434\u043e \u043f\u043e\u043b\u043d\u043e\u0439 \u044d\u0439\u0444\u043e\u0440\u0438\u0438.<\/p>\n\n\n\n<p>\u0418\u043c\u0435\u043d\u043d\u043e \u043f\u043e\u044d\u0442\u043e\u043c\u0443 \u043a \u043d\u0435\u0439 \u0441\u043d\u043e\u0432\u0430 \u0438 \u0441\u043d\u043e\u0432\u0430 \u0432\u043e\u0437\u0432\u0440\u0430\u0449\u0430\u044e\u0442\u0441\u044f \u0442\u0435, \u043a\u0442\u043e \u0445\u043e\u0442\u044c \u0440\u0430\u0437 \u0438\u0441\u043f\u044b\u0442\u0430\u043b \u043d\u0430 \u0441\u0435\u0431\u0435 \u0432\u0441\u0435 \u044d\u0442\u0438 \u044d\u043c\u043e\u0446\u0438\u0438. \u0411\u043b\u0430\u0433\u043e\u0434\u0430\u0440\u044f \u0432\u043d\u0438\u043c\u0430\u0442\u0435\u043b\u044c\u043d\u043e\u043c\u0443 \u043e\u0442\u043d\u043e\u0448\u0435\u043d\u0438\u044e \u0421\u0438\u043c\u043e\u043d\u044b \u043a \u0441\u0435\u0431\u0435 \u0438 \u0441\u0432\u043e\u0438\u043c \u043a\u043b\u0438\u0435\u043d\u0442\u0430\u043c, \u0430 \u0442\u0430\u043a\u0436\u0435 \u043f\u043e\u043d\u0438\u043c\u0430\u043d\u0438\u044e \u0438\u0445 \u0436\u0435\u043b\u0430\u043d\u0438\u0439 \u0441 \u043f\u043e\u043b\u0443\u0441\u043b\u043e\u0432\u0430, \u0441\u0435\u0430\u043d\u0441\u044b \u043c\u0443\u0436\u0441\u043a\u043e\u0433\u043e \u043c\u0430\u0441\u0441\u0430\u0436\u0430 \u0432 \u0441\u0430\u043b\u043e\u043d\u0435 \u041f\u0440\u0430\u0433\u0430 \u0424\u0435\u043d\u0438\u043a\u0441 \u0438\u043c\u0435\u044e\u0442 \u0441\u0430\u043c\u044b\u0435 \u0432\u044b\u0441\u043e\u043a\u0438\u0435 \u043e\u0446\u0435\u043d\u043a\u0438 \u0441\u0440\u0435\u0434\u0438 \u043f\u043e\u0441\u0435\u0442\u0438\u0442\u0435\u043b\u0435\u0439.<\/p>\n\n\n\n<p>\u042d\u0442\u0430 \u043c\u0430\u0441\u0441\u0430\u0436\u0438\u0441\u0442\u043a\u0430 \u043e\u0431\u0443\u0447\u0435\u043d\u0430 \u0432\u0441\u0435\u043c \u0441\u0435\u043a\u0440\u0435\u0442\u043d\u044b\u043c \u0432\u043e\u0441\u0442\u043e\u0447\u043d\u044b\u043c \u0442\u0435\u0445\u043d\u0438\u043a\u0430\u043c \u044d\u0440\u043e\u0442\u0438\u0447\u0435\u0441\u043a\u043e\u0433\u043e \u043c\u0430\u0441\u0441\u0430\u0436\u0430. \u041e\u043d\u0430 \u0441\u043e\u0447\u0435\u0442\u0430\u0435\u0442 \u0438\u0445 \u0441 \u043a\u043b\u0430\u0441\u0441\u0438\u0447\u0435\u0441\u043a\u0438\u043c\u0438 \u0442\u0435\u0445\u043d\u0438\u043a\u0430\u043c\u0438, \u0447\u0442\u043e\u0431\u044b \u044d\u0444\u0444\u0435\u043a\u0442\u0438\u0432\u043d\u043e \u043e\u0431\u0435\u0441\u043f\u0435\u0447\u0438\u0442\u044c \u0440\u0430\u0441\u0441\u043b\u0430\u0431\u043b\u0435\u043d\u0438\u0435 \u043a\u0430\u0436\u0434\u043e\u0439 \u043c\u044b\u0448\u0446\u044b. \u042d\u0442\u043e \u0438 \u043f\u0440\u0430\u0432\u0434\u0430 \u043e\u0447\u0435\u043d\u044c \u0432\u0430\u0436\u043d\u043e!<\/p>\n\n\n\n<h2 class=\"wp-block-heading has-text-align-center\">\u042d\u0440\u043e\u0442\u0438\u0447\u0435\u0441\u043a\u0438\u0439 \u043c\u0430\u0441\u0441\u0430\u0436 <mark style=\"background-color:rgba(0, 0, 0, 0)\" class=\"has-inline-color has-vivid-red-color\">\u043e\u0442 \u0421\u0438\u043c\u043e\u043d\u044b<\/mark><\/h2>\n\n\n\n<p>\u0421\u0438\u043c\u043e\u043d\u0430 \u043e\u0431\u043b\u0430\u0434\u0430\u0435\u0442 \u0432\u044b\u0434\u0430\u044e\u0449\u0435\u0439\u0441\u044f \u0432\u043d\u0435\u0448\u043d\u043e\u0441\u0442\u044c\u044e. \u0418\u0437\u0433\u0438\u0431\u044b \u0435\u0435 \u0442\u0435\u043b\u0430 \u0438 \u0442\u043e\u043c\u043d\u044b\u0439 \u0432\u0437\u0433\u043b\u044f\u0434 \u0434\u043e\u0441\u0442\u0430\u0432\u043b\u044f\u044e\u0442 \u043e\u043f\u0440\u0435\u0434\u0435\u043b\u0435\u043d\u043d\u043e\u0435 \u0443\u0434\u043e\u0432\u043e\u043b\u044c\u0441\u0442\u0432\u0438\u0435, \u0430 \u0442\u0430\u043a\u0436\u0435 \u043b\u0435\u0433\u043a\u043e\u0435 \u043e\u0449\u0443\u0449\u0435\u043d\u0438\u0435, \u0447\u0442\u043e \u0432\u044b \u0443\u0436\u0435 \u0432\u043b\u044e\u0431\u0438\u043b\u0438\u0441\u044c. \u041d\u0435 \u043c\u0435\u0434\u043b\u0438\u0442\u0435, \u0441\u043a\u043e\u0440\u0435\u0435 \u0437\u0432\u043e\u043d\u0438\u0442\u0435 \u043f\u043e \u0442\u0435\u043b\u0435\u0444\u043e\u043d\u0443 <a href=\"tel:  420 720 175 506\">+420 720 175 506<\/a> \u0438 \u043f\u043e\u0437\u0432\u043e\u043b\u044c\u0442\u0435 \u0441\u0435\u0431\u0435 \u043e\u043a\u0430\u0437\u0430\u0442\u044c\u0441\u044f \u0432 \u0440\u0443\u043a\u0430\u0445 \u044d\u0442\u043e\u0439 \u043f\u043e\u0442\u0440\u044f\u0441\u0430\u044e\u0449\u0435\u0439 \u0434\u0435\u0432\u0443\u0448\u043a\u0438!<\/p>\n\n\n\n<figure class=\"wp-block-gallery has-nested-images columns-default is-cropped wp-block-gallery-2 is-layout-flex wp-block-gallery-is-layout-flex\">\n<figure class=\"wp-block-image size-large\"><img decoding=\"async\" width=\"683\" height=\"1024\" data-id=\"553\" src=\"https:\/\/prague-fenix.cz\/wp-content\/uploads\/2024\/02\/simona-eroticheskij-massaz-683x1024.jpg\" alt=\"\u0421\u0438\u043c\u043e\u043d\u0430 \u044d\u0440\u043e\u0442\u0438\u0447\u0435\u0441\u043a\u0438\u0439 \u043c\u0430\u0441\u0441\u0430\u0436 \u041f\u0440\u0430\u0433\u0430\" class=\"wp-image-553\" srcset=\"https:\/\/old.prague-fenix.cz\/wp-content\/uploads\/2024\/02\/simona-eroticheskij-massaz-683x1024.jpg 683w, https:\/\/old.prague-fenix.cz\/wp-content\/uploads\/2024\/02\/simona-eroticheskij-massaz-200x300.jpg 200w, https:\/\/old.prague-fenix.cz\/wp-content\/uploads\/2024\/02\/simona-eroticheskij-massaz-768x1152.jpg 768w, https:\/\/old.prague-fenix.cz\/wp-content\/uploads\/2024\/02\/simona-eroticheskij-massaz-8x12.jpg 8w, https:\/\/old.prague-fenix.cz\/wp-content\/uploads\/2024\/02\/simona-eroticheskij-massaz.jpg 800w\" sizes=\"(max-width: 683px) 100vw, 683px\" \/><\/figure>\n\n\n\n<figure class=\"wp-block-image size-large\"><img decoding=\"async\" width=\"683\" height=\"1024\" data-id=\"551\" src=\"https:\/\/prague-fenix.cz\/wp-content\/uploads\/2024\/02\/simona-massazistka-683x1024.jpg\" alt=\"\u0421\u0438\u043c\u043e\u043d\u0430 \u043c\u0430\u0441\u0441\u0430\u0436\u0438\u0441\u0442\u043a\u0430\" class=\"wp-image-551\" srcset=\"https:\/\/old.prague-fenix.cz\/wp-content\/uploads\/2024\/02\/simona-massazistka-683x1024.jpg 683w, https:\/\/old.prague-fenix.cz\/wp-content\/uploads\/2024\/02\/simona-massazistka-200x300.jpg 200w, https:\/\/old.prague-fenix.cz\/wp-content\/uploads\/2024\/02\/simona-massazistka-768x1152.jpg 768w, https:\/\/old.prague-fenix.cz\/wp-content\/uploads\/2024\/02\/simona-massazistka-8x12.jpg 8w, https:\/\/old.prague-fenix.cz\/wp-content\/uploads\/2024\/02\/simona-massazistka.jpg 800w\" sizes=\"(max-width: 683px) 100vw, 683px\" \/><\/figure>\n\n\n\n<figure class=\"wp-block-image size-large\"><img loading=\"lazy\" decoding=\"async\" width=\"683\" height=\"1024\" data-id=\"550\" src=\"https:\/\/prague-fenix.cz\/wp-content\/uploads\/2024\/02\/simona-fenix-praga-683x1024.jpg\" alt=\"\u0421\u0438\u043c\u043e\u043d\u0430 \u0424\u0435\u043d\u0438\u043a\u0441 \u041f\u0440\u0430\u0433\u0430\" class=\"wp-image-550\" srcset=\"https:\/\/old.prague-fenix.cz\/wp-content\/uploads\/2024\/02\/simona-fenix-praga-683x1024.jpg 683w, https:\/\/old.prague-fenix.cz\/wp-content\/uploads\/2024\/02\/simona-fenix-praga-200x300.jpg 200w, https:\/\/old.prague-fenix.cz\/wp-content\/uploads\/2024\/02\/simona-fenix-praga-768x1152.jpg 768w, https:\/\/old.prague-fenix.cz\/wp-content\/uploads\/2024\/02\/simona-fenix-praga-8x12.jpg 8w, https:\/\/old.prague-fenix.cz\/wp-content\/uploads\/2024\/02\/simona-fenix-praga.jpg 800w\" sizes=\"(max-width: 683px) 100vw, 683px\" \/><\/figure>\n<\/figure>","protected":false},"excerpt":{"rendered":"<p>\u0412\u043e\u0437\u0440\u0430\u0441\u0442: 20 \u043b\u0435\u0442\u0412\u0435\u0441: 85 \u043a\u0433\u0420\u043e\u0441\u0442: 170 \u0441\u043c\u0426\u0432\u0435\u0442 \u0432\u043e\u043b\u043e\u0441: \u043a\u0430\u0448\u0442\u0430\u043d\u043e\u0432\u044b\u0439\u0420\u0430\u0437\u043c\u0435\u0440 \u0433\u0440\u0443\u0434\u0438: F (6) \u041e \u0421\u0438\u043c\u043e\u043d\u0435 \u041f\u0440\u0438\u0432\u043b\u0435\u043a\u0430\u0442\u0435\u043b\u044c\u043d\u0430\u044f, \u043d\u0435\u0436\u043d\u0430\u044f \u0438 \u043e\u0431\u0430\u044f\u0442\u0435\u043b\u044c\u043d\u0430\u044f, \u0421\u0438\u043c\u043e\u043d\u0430 \u043f\u0440\u0438\u0432\u0435\u0434\u0435\u0442 \u0432 \u044d\u043a\u0441\u0442\u0430\u0437 \u043a\u0430\u0436\u0434\u043e\u0433\u043e \u0441\u0432\u043e\u0435\u0433\u043e \u043a\u043b\u0438\u0435\u043d\u0442\u0430. \u0414\u0435\u043b\u0430\u0439\u0442\u0435 \u043c\u0430\u0441\u0441\u0430\u0436 \u0441 \u044d\u0442\u0438\u043c <a class=\"more-link\" href=\"https:\/\/old.prague-fenix.cz\/ru\/simona\/\">\u041f\u0440\u043e\u0434\u043e\u043b\u0436\u0438\u0442\u044c \u0447\u0442\u0435\u043d\u0438\u0435 \u2192<\/a><\/p>","protected":false},"author":3,"featured_media":552,"parent":0,"menu_order":0,"comment_status":"closed","ping_status":"closed","template":"","meta":{"footnotes":""},"class_list":["post-387","page","type-page","status-publish","has-post-thumbnail","hentry"],"yoast_head":"<!-- This site is optimized with the Yoast SEO plugin v25.0 - https:\/\/yoast.com\/wordpress\/plugins\/seo\/ -->\n<title>Erotic massage by Simona - Salon Prague Fenix<\/title>\n<meta name=\"description\" content=\"Masseuse Simona in the erotic massage salon Prague Fenix. About the girl and her services. Book a massage with Simona and get real pleasure.\" \/>\n<meta name=\"robots\" content=\"noindex, follow, max-snippet:-1, max-image-preview:large, max-video-preview:-1\" \/>\n<meta property=\"og:locale\" content=\"ru_RU\" \/>\n<meta property=\"og:type\" content=\"article\" \/>\n<meta property=\"og:title\" content=\"Erotic massage by Simona - Salon Prague Fenix\" \/>\n<meta property=\"og:description\" content=\"Masseuse Simona in the erotic massage salon Prague Fenix. About the girl and her services. Book a massage with Simona and get real pleasure.\" \/>\n<meta property=\"og:url\" content=\"https:\/\/old.prague-fenix.cz\/ru\/simona\/\" \/>\n<meta property=\"og:site_name\" content=\"Erotic massage salon Prague Fenix\" \/>\n<meta property=\"article:modified_time\" content=\"2024-03-20T07:57:53+00:00\" \/>\n<meta property=\"og:image\" content=\"https:\/\/old.prague-fenix.cz\/wp-content\/uploads\/2024\/02\/sinona-salon-fenix.jpg\" \/>\n\t<meta property=\"og:image:width\" content=\"1200\" \/>\n\t<meta property=\"og:image:height\" content=\"858\" \/>\n\t<meta property=\"og:image:type\" content=\"image\/jpeg\" \/>\n<meta name=\"twitter:card\" content=\"summary_large_image\" \/>\n<meta name=\"twitter:label1\" content=\"\u041f\u0440\u0438\u043c\u0435\u0440\u043d\u043e\u0435 \u0432\u0440\u0435\u043c\u044f \u0434\u043b\u044f \u0447\u0442\u0435\u043d\u0438\u044f\" \/>\n\t<meta name=\"twitter:data1\" content=\"2 \u043c\u0438\u043d\u0443\u0442\u044b\" \/>\n<script type=\"application\/ld+json\" class=\"yoast-schema-graph\">{\"@context\":\"https:\/\/schema.org\",\"@graph\":[{\"@type\":\"WebPage\",\"@id\":\"https:\/\/old.prague-fenix.cz\/simona\/\",\"url\":\"https:\/\/old.prague-fenix.cz\/simona\/\",\"name\":\"Erotic massage by Simona - Salon Prague Fenix\",\"isPartOf\":{\"@id\":\"https:\/\/old.prague-fenix.cz\/#website\"},\"primaryImageOfPage\":{\"@id\":\"https:\/\/old.prague-fenix.cz\/simona\/#primaryimage\"},\"image\":{\"@id\":\"https:\/\/old.prague-fenix.cz\/simona\/#primaryimage\"},\"thumbnailUrl\":\"https:\/\/old.prague-fenix.cz\/wp-content\/uploads\/2024\/02\/sinona-salon-fenix.jpg\",\"datePublished\":\"2023-11-30T20:29:18+00:00\",\"dateModified\":\"2024-03-20T07:57:53+00:00\",\"description\":\"Masseuse Simona in the erotic massage salon Prague Fenix. About the girl and her services. Book a massage with Simona and get real pleasure.\",\"breadcrumb\":{\"@id\":\"https:\/\/old.prague-fenix.cz\/simona\/#breadcrumb\"},\"inLanguage\":\"ru-RU\",\"potentialAction\":[{\"@type\":\"ReadAction\",\"target\":[\"https:\/\/old.prague-fenix.cz\/simona\/\"]}]},{\"@type\":\"ImageObject\",\"inLanguage\":\"ru-RU\",\"@id\":\"https:\/\/old.prague-fenix.cz\/simona\/#primaryimage\",\"url\":\"https:\/\/old.prague-fenix.cz\/wp-content\/uploads\/2024\/02\/sinona-salon-fenix.jpg\",\"contentUrl\":\"https:\/\/old.prague-fenix.cz\/wp-content\/uploads\/2024\/02\/sinona-salon-fenix.jpg\",\"width\":1200,\"height\":858,\"caption\":\"Simona masseuse Prague Fenix\"},{\"@type\":\"BreadcrumbList\",\"@id\":\"https:\/\/old.prague-fenix.cz\/simona\/#breadcrumb\",\"itemListElement\":[{\"@type\":\"ListItem\",\"position\":1,\"name\":\"Dom\u016f\",\"item\":\"https:\/\/old.prague-fenix.cz\/\"},{\"@type\":\"ListItem\",\"position\":2,\"name\":\"Simona\"}]},{\"@type\":\"WebSite\",\"@id\":\"https:\/\/old.prague-fenix.cz\/#website\",\"url\":\"https:\/\/old.prague-fenix.cz\/\",\"name\":\"Erotick\u00fd mas\u00e1\u017en\u00ed sal\u00f3n Prague F\u00e9nix\",\"description\":\"Massage salon and erotic massages, body to body, tantra, mix, nuru and lingam massage, lesbian show, BDSM massage.\",\"publisher\":{\"@id\":\"https:\/\/old.prague-fenix.cz\/#\/schema\/person\/2ba77174c6f44cc2bc3d0f5e8ba640d6\"},\"potentialAction\":[{\"@type\":\"SearchAction\",\"target\":{\"@type\":\"EntryPoint\",\"urlTemplate\":\"https:\/\/old.prague-fenix.cz\/?s={search_term_string}\"},\"query-input\":{\"@type\":\"PropertyValueSpecification\",\"valueRequired\":true,\"valueName\":\"search_term_string\"}}],\"inLanguage\":\"ru-RU\"},{\"@type\":[\"Person\",\"Organization\"],\"@id\":\"https:\/\/old.prague-fenix.cz\/#\/schema\/person\/2ba77174c6f44cc2bc3d0f5e8ba640d6\",\"name\":\"Prague Fenix\",\"image\":{\"@type\":\"ImageObject\",\"inLanguage\":\"ru-RU\",\"@id\":\"https:\/\/old.prague-fenix.cz\/#\/schema\/person\/image\/\",\"url\":\"https:\/\/prague-fenix.cz\/wp-content\/uploads\/2023\/05\/prague-fenix.cz-logo-e1684684035397.png\",\"contentUrl\":\"https:\/\/prague-fenix.cz\/wp-content\/uploads\/2023\/05\/prague-fenix.cz-logo-e1684684035397.png\",\"width\":675,\"height\":675,\"caption\":\"Prague Fenix\"},\"logo\":{\"@id\":\"https:\/\/old.prague-fenix.cz\/#\/schema\/person\/image\/\"},\"sameAs\":[\"http:\/\/www.prague-fenix.cz\"]}]}<\/script>\n<!-- \/ Yoast SEO plugin. -->","yoast_head_json":{"title":"Erotic massage by Simona - Salon Prague Fenix","description":"Masseuse Simona in the erotic massage salon Prague Fenix. About the girl and her services. Book a massage with Simona and get real pleasure.","robots":{"index":"noindex","follow":"follow","max-snippet":"max-snippet:-1","max-image-preview":"max-image-preview:large","max-video-preview":"max-video-preview:-1"},"og_locale":"ru_RU","og_type":"article","og_title":"Erotic massage by Simona - Salon Prague Fenix","og_description":"Masseuse Simona in the erotic massage salon Prague Fenix. About the girl and her services. Book a massage with Simona and get real pleasure.","og_url":"https:\/\/old.prague-fenix.cz\/ru\/simona\/","og_site_name":"Erotic massage salon Prague Fenix","article_modified_time":"2024-03-20T07:57:53+00:00","og_image":[{"width":1200,"height":858,"url":"https:\/\/old.prague-fenix.cz\/wp-content\/uploads\/2024\/02\/sinona-salon-fenix.jpg","type":"image\/jpeg"}],"twitter_card":"summary_large_image","twitter_misc":{"\u041f\u0440\u0438\u043c\u0435\u0440\u043d\u043e\u0435 \u0432\u0440\u0435\u043c\u044f \u0434\u043b\u044f \u0447\u0442\u0435\u043d\u0438\u044f":"2 \u043c\u0438\u043d\u0443\u0442\u044b"},"schema":{"@context":"https:\/\/schema.org","@graph":[{"@type":"WebPage","@id":"https:\/\/old.prague-fenix.cz\/simona\/","url":"https:\/\/old.prague-fenix.cz\/simona\/","name":"Erotic massage by Simona - Salon Prague Fenix","isPartOf":{"@id":"https:\/\/old.prague-fenix.cz\/#website"},"primaryImageOfPage":{"@id":"https:\/\/old.prague-fenix.cz\/simona\/#primaryimage"},"image":{"@id":"https:\/\/old.prague-fenix.cz\/simona\/#primaryimage"},"thumbnailUrl":"https:\/\/old.prague-fenix.cz\/wp-content\/uploads\/2024\/02\/sinona-salon-fenix.jpg","datePublished":"2023-11-30T20:29:18+00:00","dateModified":"2024-03-20T07:57:53+00:00","description":"Masseuse Simona in the erotic massage salon Prague Fenix. About the girl and her services. Book a massage with Simona and get real pleasure.","breadcrumb":{"@id":"https:\/\/old.prague-fenix.cz\/simona\/#breadcrumb"},"inLanguage":"ru-RU","potentialAction":[{"@type":"ReadAction","target":["https:\/\/old.prague-fenix.cz\/simona\/"]}]},{"@type":"ImageObject","inLanguage":"ru-RU","@id":"https:\/\/old.prague-fenix.cz\/simona\/#primaryimage","url":"https:\/\/old.prague-fenix.cz\/wp-content\/uploads\/2024\/02\/sinona-salon-fenix.jpg","contentUrl":"https:\/\/old.prague-fenix.cz\/wp-content\/uploads\/2024\/02\/sinona-salon-fenix.jpg","width":1200,"height":858,"caption":"Simona masseuse Prague Fenix"},{"@type":"BreadcrumbList","@id":"https:\/\/old.prague-fenix.cz\/simona\/#breadcrumb","itemListElement":[{"@type":"ListItem","position":1,"name":"Dom\u016f","item":"https:\/\/old.prague-fenix.cz\/"},{"@type":"ListItem","position":2,"name":"Simona"}]},{"@type":"WebSite","@id":"https:\/\/old.prague-fenix.cz\/#website","url":"https:\/\/old.prague-fenix.cz\/","name":"Erotick\u00fd mas\u00e1\u017en\u00ed sal\u00f3n Prague F\u00e9nix","description":"Massage salon and erotic massages, body to body, tantra, mix, nuru and lingam massage, lesbian show, BDSM massage.","publisher":{"@id":"https:\/\/old.prague-fenix.cz\/#\/schema\/person\/2ba77174c6f44cc2bc3d0f5e8ba640d6"},"potentialAction":[{"@type":"SearchAction","target":{"@type":"EntryPoint","urlTemplate":"https:\/\/old.prague-fenix.cz\/?s={search_term_string}"},"query-input":{"@type":"PropertyValueSpecification","valueRequired":true,"valueName":"search_term_string"}}],"inLanguage":"ru-RU"},{"@type":["Person","Organization"],"@id":"https:\/\/old.prague-fenix.cz\/#\/schema\/person\/2ba77174c6f44cc2bc3d0f5e8ba640d6","name":"Prague Fenix","image":{"@type":"ImageObject","inLanguage":"ru-RU","@id":"https:\/\/old.prague-fenix.cz\/#\/schema\/person\/image\/","url":"https:\/\/prague-fenix.cz\/wp-content\/uploads\/2023\/05\/prague-fenix.cz-logo-e1684684035397.png","contentUrl":"https:\/\/prague-fenix.cz\/wp-content\/uploads\/2023\/05\/prague-fenix.cz-logo-e1684684035397.png","width":675,"height":675,"caption":"Prague Fenix"},"logo":{"@id":"https:\/\/old.prague-fenix.cz\/#\/schema\/person\/image\/"},"sameAs":["http:\/\/www.prague-fenix.cz"]}]}},"_links":{"self":[{"href":"https:\/\/old.prague-fenix.cz\/ru\/wp-json\/wp\/v2\/pages\/387","targetHints":{"allow":["GET"]}}],"collection":[{"href":"https:\/\/old.prague-fenix.cz\/ru\/wp-json\/wp\/v2\/pages"}],"about":[{"href":"https:\/\/old.prague-fenix.cz\/ru\/wp-json\/wp\/v2\/types\/page"}],"author":[{"embeddable":true,"href":"https:\/\/old.prague-fenix.cz\/ru\/wp-json\/wp\/v2\/users\/3"}],"replies":[{"embeddable":true,"href":"https:\/\/old.prague-fenix.cz\/ru\/wp-json\/wp\/v2\/comments?post=387"}],"version-history":[{"count":0,"href":"https:\/\/old.prague-fenix.cz\/ru\/wp-json\/wp\/v2\/pages\/387\/revisions"}],"wp:featuredmedia":[{"embeddable":true,"href":"https:\/\/old.prague-fenix.cz\/ru\/wp-json\/wp\/v2\/media\/552"}],"wp:attachment":[{"href":"https:\/\/old.prague-fenix.cz\/ru\/wp-json\/wp\/v2\/media?parent=387"}],"curies":[{"name":"wp","href":"https:\/\/api.w.org\/{rel}","templated":true}]}}