{"id":31,"date":"2023-05-07T11:52:22","date_gmt":"2023-05-07T10:52:22","guid":{"rendered":"http:\/\/prague-fenix.cz\/?page_id=31"},"modified":"2024-08-18T20:14:57","modified_gmt":"2024-08-18T19:14:57","slug":"karolina","status":"publish","type":"page","link":"https:\/\/old.prague-fenix.cz\/ru\/karolina\/","title":{"rendered":"\u041a\u0430\u0440\u043e\u043b\u0438\u043d\u0430"},"content":{"rendered":"<p><strong><mark style=\"background-color:rgba(0, 0, 0, 0)\" class=\"has-inline-color has-vivid-red-color\">\u0412\u043e\u0437\u0440\u0430\u0441\u0442<\/mark><\/strong>: 23 \u0433\u043e\u0434\u0430<br><strong><mark style=\"background-color:rgba(0, 0, 0, 0)\" class=\"has-inline-color has-vivid-red-color\">\u0412\u0435\u0441<\/mark><\/strong>: 50 \u043a\u0433<br><strong><mark style=\"background-color:rgba(0, 0, 0, 0)\" class=\"has-inline-color has-vivid-red-color\">\u0420\u043e\u0441\u0442<\/mark><\/strong>: 165 \u0441\u043c<br><strong><mark style=\"background-color:rgba(0, 0, 0, 0)\" class=\"has-inline-color has-vivid-red-color\">\u0426\u0432\u0435\u0442 \u0432\u043e\u043b\u043e\u0441<\/mark><\/strong>: \u0431\u043b\u043e\u043d\u0434\u0438\u043d\u043a\u0430<br><strong><mark style=\"background-color:rgba(0, 0, 0, 0)\" class=\"has-inline-color has-vivid-red-color\">\u0420\u0430\u0437\u043c\u0435\u0440 \u0433\u0440\u0443\u0434\u0438<\/mark><\/strong>: \u0412 (2)<\/p>\n\n\n\n<figure class=\"wp-block-gallery has-nested-images columns-default is-cropped wp-block-gallery-1 is-layout-flex wp-block-gallery-is-layout-flex\">\n<figure class=\"wp-block-image size-full\"><img fetchpriority=\"high\" decoding=\"async\" width=\"767\" height=\"432\" data-id=\"1432\" src=\"http:\/\/prague-fenix.cz\/wp-content\/uploads\/2024\/08\/Karolina-5.webp\" alt=\"\" class=\"wp-image-1432\" srcset=\"https:\/\/old.prague-fenix.cz\/wp-content\/uploads\/2024\/08\/Karolina-5.webp 767w, https:\/\/old.prague-fenix.cz\/wp-content\/uploads\/2024\/08\/Karolina-5-300x169.webp 300w, https:\/\/old.prague-fenix.cz\/wp-content\/uploads\/2024\/08\/Karolina-5-18x10.webp 18w\" sizes=\"(max-width: 767px) 100vw, 767px\" \/><\/figure>\n<\/figure>\n\n\n\n<h2 class=\"wp-block-heading has-text-align-center\"><mark style=\"background-color:rgba(0, 0, 0, 0)\" class=\"has-inline-color has-vivid-red-color\">\u041e \u041a\u0430\u0440\u043e\u043b\u0438\u043d\u0435<\/mark><\/h2>\n\n\n\n<p>\u041d\u0435\u0432\u0435\u0440\u043e\u044f\u0442\u043d\u043e \u043a\u0440\u0430\u0441\u0438\u0432\u0430\u044f, \u043f\u043e\u0442\u0440\u044f\u0441\u0430\u044e\u0449\u0430\u044f, \u0441 \u0438\u0434\u0435\u0430\u043b\u044c\u043d\u043e\u0439 \u0444\u0438\u0433\u0443\u0440\u043e\u0439, \u041a\u0430\u0440\u043e\u043b\u0438\u043d\u0430 \u2013 \u043e\u0434\u043d\u0430 \u0438\u0437 \u043b\u0443\u0447\u0448\u0438\u0445 \u043f\u043e \u0442\u0435\u0445\u043d\u0438\u043a\u0435 \u044d\u0440\u043e\u0442\u0438\u0447\u0435\u0441\u043a\u043e\u0433\u043e \u043c\u0430\u0441\u0441\u0430\u0436\u0430 \u0432\u043e \u0432\u0441\u0435\u0439 \u041f\u0440\u0430\u0433\u0435. \u0411\u043e\u043b\u0435\u0435 \u0438\u0437\u044f\u0449\u043d\u043e\u0439 \u0438 \u0447\u0443\u0432\u0441\u0442\u0432\u0435\u043d\u043d\u043e\u0439 \u0434\u0435\u0432\u0443\u0448\u043a\u0438 \u0432\u0430\u043c \u043d\u0435 \u043d\u0430\u0439\u0442\u0438!<\/p>\n\n\n\n<p>\u0415\u0435 \u043f\u0440\u043e\u0444\u0435\u0441\u0441\u0438\u043e\u043d\u0430\u043b\u044c\u043d\u043e\u043c\u0443 \u043c\u0430\u0441\u0442\u0435\u0440\u0441\u0442\u0432\u0443 \u0438 \u0432\u0435\u043b\u0438\u043a\u043e\u043b\u0435\u043f\u043d\u043e\u043c\u0443 \u0437\u043d\u0430\u043d\u0438\u044e \u0441\u0435\u043a\u0440\u0435\u0442\u043e\u0432 \u0432\u043e\u0441\u0442\u043e\u0447\u043d\u044b\u0445 \u0442\u0435\u0445\u043d\u0438\u043a \u043c\u043e\u0433\u043b\u0438 \u0431\u044b \u043f\u043e\u0437\u0430\u0432\u0438\u0434\u043e\u0432\u0430\u0442\u044c \u043b\u044e\u0431\u0430\u044f \u043c\u0430\u0441\u0441\u0430\u0436\u0438\u0441\u0442\u043a\u0430. \u042d\u0442\u0430 \u0434\u0435\u0432\u0443\u0448\u043a\u0430 \u0438\u0434\u0435\u0430\u043b\u044c\u043d\u0430 \u0432\u043e \u0432\u0441\u0435\u043c, \u043e\u043d\u0430 \u0441 \u043b\u0435\u0433\u043a\u043e\u0441\u0442\u044c\u044e \u0443\u0434\u043e\u0432\u043b\u0435\u0442\u0432\u043e\u0440\u044f\u0435\u0442 \u043a\u0430\u0436\u0434\u043e\u0433\u043e \u0441\u0432\u043e\u0435\u0433\u043e \u043a\u043b\u0438\u0435\u043d\u0442\u0430 100%. \u041a\u0430\u0440\u043e\u043b\u0438\u043d\u0430 \u0437\u0430\u0432\u043e\u0440\u0430\u0436\u0438\u0432\u0430\u0435\u0442 \u043d\u0435 \u0442\u043e\u043b\u044c\u043a\u043e \u0431\u0435\u0437\u0443\u043f\u0440\u0435\u0447\u043d\u044b\u043c \u044d\u0440\u043e\u0442\u0438\u0447\u0435\u0441\u043a\u0438\u043c \u043c\u0430\u0441\u0441\u0430\u0436\u0435\u043c, \u043d\u043e \u0438 \u043a\u0440\u0430\u0441\u043e\u0442\u043e\u0439 \u0441\u0432\u043e\u0435\u0433\u043e \u0442\u0435\u043b\u0430. \u0415\u0435 \u043d\u0435\u0436\u043d\u044b\u0439 \u0433\u043e\u043b\u043e\u0441 \u0438 \u0442\u0440\u0435\u043f\u0435\u0442\u043d\u044b\u0439 \u0448\u0435\u043f\u043e\u0442 \u0432\u043e\u0437\u0431\u0443\u0436\u0434\u0430\u044e\u0442, \u0430 \u043d\u0435\u0436\u043d\u044b\u0435, \u0447\u0443\u0432\u0441\u0442\u0432\u0435\u043d\u043d\u044b\u0435 \u043f\u0440\u0438\u043a\u043e\u0441\u043d\u043e\u0432\u0435\u043d\u0438\u044f \u0437\u0430\u0441\u0442\u0430\u0432\u043b\u044f\u044e\u0442 \u0441\u0442\u043e\u043d\u0430\u0442\u044c \u043e\u0442 \u0443\u0434\u043e\u0432\u043e\u043b\u044c\u0441\u0442\u0432\u0438\u044f \u043a\u0430\u0436\u0434\u043e\u0433\u043e, \u043a\u0442\u043e \u043d\u0430\u0445\u043e\u0434\u0438\u0442\u0441\u044f \u0432 \u0435\u0435 \u043c\u0430\u0441\u0441\u0430\u0436\u043d\u043e\u043c \u043a\u0430\u0431\u0438\u043d\u0435\u0442\u0435.<\/p>\n\n\n\n<p>\u0421\u0435\u0430\u043d\u0441 \u044d\u0440\u043e\u0442\u0438\u0447\u0435\u0441\u043a\u043e\u0433\u043e \u043c\u0430\u0441\u0441\u0430\u0436\u0430 \u0443 \u041a\u0430\u0440\u043e\u043b\u0438\u043d\u044b \u043f\u043e\u0434\u043e\u0431\u0435\u043d \u0441\u043b\u0430\u0434\u043e\u0441\u0442\u0440\u0430\u0441\u0442\u043d\u043e\u043c\u0443 \u0440\u0438\u0442\u0443\u0430\u043b\u0443. \u0414\u0432\u0438\u0436\u0435\u043d\u0438\u044f \u044d\u0442\u043e\u0439 \u043a\u0440\u0430\u0441\u043e\u0442\u043a\u0438 \u0433\u0438\u043f\u043d\u043e\u0442\u0438\u0437\u0438\u0440\u0443\u044e\u0442, \u0440\u0430\u0441\u0441\u043b\u0430\u0431\u043b\u044f\u044f \u0438 \u043f\u043e\u0434\u0433\u043e\u0442\u0430\u0432\u043b\u0438\u0432\u0430\u044f \u043a \u043f\u043e\u043b\u0443\u0447\u0435\u043d\u0438\u044e \u043d\u0435\u0437\u0430\u0431\u044b\u0432\u0430\u0435\u043c\u044b\u0445 \u043e\u0449\u0443\u0449\u0435\u043d\u0438\u0439. \u0423\u0436\u0435 \u043f\u0435\u0440\u0432\u043e\u0435 \u0435\u0435 \u043f\u0440\u0438\u043a\u043e\u0441\u043d\u043e\u0432\u0435\u043d\u0438\u0435 \u043a \u0442\u0435\u043b\u0443 \u0432\u044b\u0437\u044b\u0432\u0430\u0435\u0442 \u0432\u043e\u043b\u043d\u0443 \u0443\u0434\u043e\u0432\u043e\u043b\u044c\u0441\u0442\u0432\u0438\u044f. \u041a\u0430\u0436\u0434\u0430\u044f \u0441\u043b\u0435\u0434\u0443\u044e\u0449\u0430\u044f \u043c\u0438\u043d\u0443\u0442\u0430 \u043f\u0440\u0438\u0432\u043e\u0434\u0438\u0442 \u043a \u043f\u043e\u0441\u043b\u0435\u0434\u043e\u0432\u0430\u0442\u0435\u043b\u044c\u043d\u043e\u043c\u0443 \u0440\u0430\u0441\u0441\u043b\u0430\u0431\u043b\u0435\u043d\u0438\u044e \u043c\u044b\u0448\u0446, \u0437\u0430\u043a\u0430\u043d\u0447\u0438\u0432\u0430\u044f\u0441\u044c \u043f\u0438\u043a\u043e\u043c \u044d\u043a\u0441\u0442\u0430\u0437\u0430 \u0438 \u0447\u0443\u0432\u0441\u0442\u0432\u043e\u043c \u0430\u0431\u0441\u043e\u043b\u044e\u0442\u043d\u043e\u0439 \u044d\u0439\u0444\u043e\u0440\u0438\u0438.<\/p>\n\n\n\n<h2 class=\"wp-block-heading has-text-align-center\">\u042d\u0440\u043e\u0442\u0438\u0447\u0435\u0441\u043a\u0438\u0439 \u043c\u0430\u0441\u0441\u0430\u0436 <mark style=\"background-color:rgba(0, 0, 0, 0)\" class=\"has-inline-color has-vivid-red-color\">\u043e\u0442 \u041a\u0430\u0440\u043e\u043b\u0438\u043d\u044b<\/mark><\/h2>\n\n\n\n<p>\u0428\u0430\u043d\u0441 \u043f\u043e\u0433\u0440\u0443\u0437\u0438\u0442\u0441\u044f \u0432 \u0432\u043e\u0434\u043e\u0432\u043e\u0440\u043e\u0442 \u043f\u043e\u043b\u043d\u043e\u0433\u043e \u043d\u0430\u0441\u043b\u0430\u0436\u0434\u0435\u043d\u0438\u044f \u0438 \u0440\u0430\u0441\u0441\u043b\u0430\u0431\u043b\u0435\u043d\u0438\u044f \u0432 \u0440\u0443\u043a\u0430\u0445 \u0442\u0430\u043a\u043e\u0439 \u0434\u0435\u0432\u0443\u0448\u043a\u0438 \u043f\u0440\u043e\u0441\u0442\u043e \u043d\u0435\u043b\u044c\u0437\u044f \u0443\u043f\u0443\u0441\u043a\u0430\u0442\u044c! \u0427\u0442\u043e\u0431\u044b \u0432\u043e\u0441\u043f\u043e\u043b\u044c\u0437\u043e\u0432\u0430\u0442\u044c\u0441\u044f \u0438\u043c \u2013 \u0437\u0432\u043e\u043d\u0438\u0442\u0435 \u043f\u0440\u044f\u043c\u043e \u0441\u0435\u0439\u0447\u0430\u0441 \u043f\u043e \u043d\u043e\u043c\u0435\u0440\u0443&nbsp; <a href=\"tel:  420 720 175 506\">+420 720 175 506<\/a> \u0438 \u0437\u0430\u043a\u0430\u0436\u0438\u0442\u0435 \u043b\u044e\u0431\u043e\u0439 \u0432\u0438\u0434 \u044d\u0440\u043e\u0442\u0438\u0447\u0435\u0441\u043a\u043e\u0433\u043e \u043c\u0430\u0441\u0441\u0430\u0436\u0430 \u0443 \u043b\u0443\u0447\u0448\u0435\u0439 \u043c\u0430\u0441\u0441\u0430\u0436\u0438\u0441\u0442\u043a\u0438 \u041f\u0440\u0430\u0433\u0438! \u041a\u0430\u0440\u043e\u043b\u0438\u043d\u0430 \u0443\u0436\u0435 \u0436\u0434\u0435\u0442 \u0442\u0435\u0431\u044f!<\/p>\n\n\n\n<figure class=\"wp-block-gallery has-nested-images columns-default is-cropped wp-block-gallery-2 is-layout-flex wp-block-gallery-is-layout-flex\">\n<figure class=\"wp-block-image size-large\"><img decoding=\"async\" width=\"700\" height=\"1024\" data-id=\"1400\" src=\"http:\/\/prague-fenix.cz\/wp-content\/uploads\/2024\/08\/Karolina-700x1024.jpg\" alt=\"\" class=\"wp-image-1400\" srcset=\"https:\/\/old.prague-fenix.cz\/wp-content\/uploads\/2024\/08\/Karolina-700x1024.jpg 700w, https:\/\/old.prague-fenix.cz\/wp-content\/uploads\/2024\/08\/Karolina-205x300.jpg 205w, https:\/\/old.prague-fenix.cz\/wp-content\/uploads\/2024\/08\/Karolina-768x1124.jpg 768w, https:\/\/old.prague-fenix.cz\/wp-content\/uploads\/2024\/08\/Karolina-1049x1536.jpg 1049w, https:\/\/old.prague-fenix.cz\/wp-content\/uploads\/2024\/08\/Karolina-8x12.jpg 8w, https:\/\/old.prague-fenix.cz\/wp-content\/uploads\/2024\/08\/Karolina.jpg 1093w\" sizes=\"(max-width: 700px) 100vw, 700px\" \/><\/figure>\n\n\n\n<figure class=\"wp-block-image size-full\"><img decoding=\"async\" width=\"680\" height=\"1024\" data-id=\"1401\" src=\"http:\/\/prague-fenix.cz\/wp-content\/uploads\/2024\/08\/Karolina-2.jpg\" alt=\"\" class=\"wp-image-1401\" srcset=\"https:\/\/old.prague-fenix.cz\/wp-content\/uploads\/2024\/08\/Karolina-2.jpg 680w, https:\/\/old.prague-fenix.cz\/wp-content\/uploads\/2024\/08\/Karolina-2-199x300.jpg 199w, https:\/\/old.prague-fenix.cz\/wp-content\/uploads\/2024\/08\/Karolina-2-8x12.jpg 8w\" sizes=\"(max-width: 680px) 100vw, 680px\" \/><\/figure>\n\n\n\n<figure class=\"wp-block-image size-large\"><img loading=\"lazy\" decoding=\"async\" width=\"711\" height=\"1024\" data-id=\"1403\" src=\"http:\/\/prague-fenix.cz\/wp-content\/uploads\/2024\/08\/Karolina-4-711x1024.jpg\" alt=\"\" class=\"wp-image-1403\" srcset=\"https:\/\/old.prague-fenix.cz\/wp-content\/uploads\/2024\/08\/Karolina-4-711x1024.jpg 711w, https:\/\/old.prague-fenix.cz\/wp-content\/uploads\/2024\/08\/Karolina-4-208x300.jpg 208w, https:\/\/old.prague-fenix.cz\/wp-content\/uploads\/2024\/08\/Karolina-4-768x1107.jpg 768w, https:\/\/old.prague-fenix.cz\/wp-content\/uploads\/2024\/08\/Karolina-4-8x12.jpg 8w, https:\/\/old.prague-fenix.cz\/wp-content\/uploads\/2024\/08\/Karolina-4.jpg 1066w\" sizes=\"(max-width: 711px) 100vw, 711px\" \/><\/figure>\n<\/figure>","protected":false},"excerpt":{"rendered":"<p>\u0412\u043e\u0437\u0440\u0430\u0441\u0442: 23 \u0433\u043e\u0434\u0430\u0412\u0435\u0441: 50 \u043a\u0433\u0420\u043e\u0441\u0442: 165 \u0441\u043c\u0426\u0432\u0435\u0442 \u0432\u043e\u043b\u043e\u0441: \u0431\u043b\u043e\u043d\u0434\u0438\u043d\u043a\u0430\u0420\u0430\u0437\u043c\u0435\u0440 \u0433\u0440\u0443\u0434\u0438: \u0412 (2) \u041e \u041a\u0430\u0440\u043e\u043b\u0438\u043d\u0435 \u041d\u0435\u0432\u0435\u0440\u043e\u044f\u0442\u043d\u043e \u043a\u0440\u0430\u0441\u0438\u0432\u0430\u044f, \u043f\u043e\u0442\u0440\u044f\u0441\u0430\u044e\u0449\u0430\u044f, \u0441 \u0438\u0434\u0435\u0430\u043b\u044c\u043d\u043e\u0439 \u0444\u0438\u0433\u0443\u0440\u043e\u0439, \u041a\u0430\u0440\u043e\u043b\u0438\u043d\u0430 - \u043e\u0434\u043d\u0430 \u0438\u0437 \u043b\u0443\u0447\u0448\u0438\u0445 \u0432 \u043e\u0431\u043b\u0430\u0441\u0442\u0438 \u044d\u0440\u043e\u0442\u0438\u0447\u0435\u0441\u043a\u043e\u0433\u043e \u043c\u0430\u0441\u0441\u0430\u0436\u0430. <a class=\"more-link\" href=\"https:\/\/old.prague-fenix.cz\/ru\/karolina\/\">\u041f\u0440\u043e\u0434\u043e\u043b\u0436\u0438\u0442\u044c \u0447\u0442\u0435\u043d\u0438\u0435 \u2192<\/a><\/p>","protected":false},"author":3,"featured_media":1432,"parent":0,"menu_order":0,"comment_status":"closed","ping_status":"closed","template":"","meta":{"footnotes":""},"class_list":["post-31","page","type-page","status-publish","has-post-thumbnail","hentry"],"yoast_head":"<!-- This site is optimized with the Yoast SEO plugin v25.0 - https:\/\/yoast.com\/wordpress\/plugins\/seo\/ -->\n<title>Erotic massage by Karolina - Salon Prague Fenix<\/title>\n<meta name=\"description\" content=\"Masseuse Karolina in the erotic massage salon Prague Fenix. About the girl and her services. Book a massage with Karolina and get real pleasure\" \/>\n<meta name=\"robots\" content=\"noindex, follow, max-snippet:-1, max-image-preview:large, max-video-preview:-1\" \/>\n<meta property=\"og:locale\" content=\"ru_RU\" \/>\n<meta property=\"og:type\" content=\"article\" \/>\n<meta property=\"og:title\" content=\"Erotic massage by Karolina - Salon Prague Fenix\" \/>\n<meta property=\"og:description\" content=\"Masseuse Karolina in the erotic massage salon Prague Fenix. About the girl and her services. Book a massage with Karolina and get real pleasure\" \/>\n<meta property=\"og:url\" content=\"https:\/\/old.prague-fenix.cz\/ru\/karolina\/\" \/>\n<meta property=\"og:site_name\" content=\"Erotic massage salon Prague Fenix\" \/>\n<meta property=\"article:modified_time\" content=\"2024-08-18T19:14:57+00:00\" \/>\n<meta property=\"og:image\" content=\"https:\/\/old.prague-fenix.cz\/wp-content\/uploads\/2024\/08\/Karolina-5.webp\" \/>\n\t<meta property=\"og:image:width\" content=\"767\" \/>\n\t<meta property=\"og:image:height\" content=\"432\" \/>\n\t<meta property=\"og:image:type\" content=\"image\/webp\" \/>\n<meta name=\"twitter:card\" content=\"summary_large_image\" \/>\n<meta name=\"twitter:label1\" content=\"\u041f\u0440\u0438\u043c\u0435\u0440\u043d\u043e\u0435 \u0432\u0440\u0435\u043c\u044f \u0434\u043b\u044f \u0447\u0442\u0435\u043d\u0438\u044f\" \/>\n\t<meta name=\"twitter:data1\" content=\"3 \u043c\u0438\u043d\u0443\u0442\u044b\" \/>\n<script type=\"application\/ld+json\" class=\"yoast-schema-graph\">{\"@context\":\"https:\/\/schema.org\",\"@graph\":[{\"@type\":\"WebPage\",\"@id\":\"https:\/\/old.prague-fenix.cz\/karolina\/\",\"url\":\"https:\/\/old.prague-fenix.cz\/karolina\/\",\"name\":\"Erotic massage by Karolina - Salon Prague Fenix\",\"isPartOf\":{\"@id\":\"https:\/\/old.prague-fenix.cz\/#website\"},\"primaryImageOfPage\":{\"@id\":\"https:\/\/old.prague-fenix.cz\/karolina\/#primaryimage\"},\"image\":{\"@id\":\"https:\/\/old.prague-fenix.cz\/karolina\/#primaryimage\"},\"thumbnailUrl\":\"https:\/\/old.prague-fenix.cz\/wp-content\/uploads\/2024\/08\/Karolina-5.webp\",\"datePublished\":\"2023-05-07T10:52:22+00:00\",\"dateModified\":\"2024-08-18T19:14:57+00:00\",\"description\":\"Masseuse Karolina in the erotic massage salon Prague Fenix. About the girl and her services. Book a massage with Karolina and get real pleasure\",\"breadcrumb\":{\"@id\":\"https:\/\/old.prague-fenix.cz\/karolina\/#breadcrumb\"},\"inLanguage\":\"ru-RU\",\"potentialAction\":[{\"@type\":\"ReadAction\",\"target\":[\"https:\/\/old.prague-fenix.cz\/karolina\/\"]}]},{\"@type\":\"ImageObject\",\"inLanguage\":\"ru-RU\",\"@id\":\"https:\/\/old.prague-fenix.cz\/karolina\/#primaryimage\",\"url\":\"https:\/\/old.prague-fenix.cz\/wp-content\/uploads\/2024\/08\/Karolina-5.webp\",\"contentUrl\":\"https:\/\/old.prague-fenix.cz\/wp-content\/uploads\/2024\/08\/Karolina-5.webp\",\"width\":767,\"height\":432},{\"@type\":\"BreadcrumbList\",\"@id\":\"https:\/\/old.prague-fenix.cz\/karolina\/#breadcrumb\",\"itemListElement\":[{\"@type\":\"ListItem\",\"position\":1,\"name\":\"Dom\u016f\",\"item\":\"https:\/\/old.prague-fenix.cz\/\"},{\"@type\":\"ListItem\",\"position\":2,\"name\":\"Karolina\"}]},{\"@type\":\"WebSite\",\"@id\":\"https:\/\/old.prague-fenix.cz\/#website\",\"url\":\"https:\/\/old.prague-fenix.cz\/\",\"name\":\"Erotick\u00fd mas\u00e1\u017en\u00ed sal\u00f3n Prague F\u00e9nix\",\"description\":\"Massage salon and erotic massages, body to body, tantra, mix, nuru and lingam massage, lesbian show, BDSM massage.\",\"publisher\":{\"@id\":\"https:\/\/old.prague-fenix.cz\/#\/schema\/person\/2ba77174c6f44cc2bc3d0f5e8ba640d6\"},\"potentialAction\":[{\"@type\":\"SearchAction\",\"target\":{\"@type\":\"EntryPoint\",\"urlTemplate\":\"https:\/\/old.prague-fenix.cz\/?s={search_term_string}\"},\"query-input\":{\"@type\":\"PropertyValueSpecification\",\"valueRequired\":true,\"valueName\":\"search_term_string\"}}],\"inLanguage\":\"ru-RU\"},{\"@type\":[\"Person\",\"Organization\"],\"@id\":\"https:\/\/old.prague-fenix.cz\/#\/schema\/person\/2ba77174c6f44cc2bc3d0f5e8ba640d6\",\"name\":\"Prague Fenix\",\"image\":{\"@type\":\"ImageObject\",\"inLanguage\":\"ru-RU\",\"@id\":\"https:\/\/old.prague-fenix.cz\/#\/schema\/person\/image\/\",\"url\":\"https:\/\/prague-fenix.cz\/wp-content\/uploads\/2023\/05\/prague-fenix.cz-logo-e1684684035397.png\",\"contentUrl\":\"https:\/\/prague-fenix.cz\/wp-content\/uploads\/2023\/05\/prague-fenix.cz-logo-e1684684035397.png\",\"width\":675,\"height\":675,\"caption\":\"Prague Fenix\"},\"logo\":{\"@id\":\"https:\/\/old.prague-fenix.cz\/#\/schema\/person\/image\/\"},\"sameAs\":[\"http:\/\/www.prague-fenix.cz\"]}]}<\/script>\n<!-- \/ Yoast SEO plugin. -->","yoast_head_json":{"title":"Erotic massage by Karolina - Salon Prague Fenix","description":"Masseuse Karolina in the erotic massage salon Prague Fenix. About the girl and her services. Book a massage with Karolina and get real pleasure","robots":{"index":"noindex","follow":"follow","max-snippet":"max-snippet:-1","max-image-preview":"max-image-preview:large","max-video-preview":"max-video-preview:-1"},"og_locale":"ru_RU","og_type":"article","og_title":"Erotic massage by Karolina - Salon Prague Fenix","og_description":"Masseuse Karolina in the erotic massage salon Prague Fenix. About the girl and her services. Book a massage with Karolina and get real pleasure","og_url":"https:\/\/old.prague-fenix.cz\/ru\/karolina\/","og_site_name":"Erotic massage salon Prague Fenix","article_modified_time":"2024-08-18T19:14:57+00:00","og_image":[{"width":767,"height":432,"url":"https:\/\/old.prague-fenix.cz\/wp-content\/uploads\/2024\/08\/Karolina-5.webp","type":"image\/webp"}],"twitter_card":"summary_large_image","twitter_misc":{"\u041f\u0440\u0438\u043c\u0435\u0440\u043d\u043e\u0435 \u0432\u0440\u0435\u043c\u044f \u0434\u043b\u044f \u0447\u0442\u0435\u043d\u0438\u044f":"3 \u043c\u0438\u043d\u0443\u0442\u044b"},"schema":{"@context":"https:\/\/schema.org","@graph":[{"@type":"WebPage","@id":"https:\/\/old.prague-fenix.cz\/karolina\/","url":"https:\/\/old.prague-fenix.cz\/karolina\/","name":"Erotic massage by Karolina - Salon Prague Fenix","isPartOf":{"@id":"https:\/\/old.prague-fenix.cz\/#website"},"primaryImageOfPage":{"@id":"https:\/\/old.prague-fenix.cz\/karolina\/#primaryimage"},"image":{"@id":"https:\/\/old.prague-fenix.cz\/karolina\/#primaryimage"},"thumbnailUrl":"https:\/\/old.prague-fenix.cz\/wp-content\/uploads\/2024\/08\/Karolina-5.webp","datePublished":"2023-05-07T10:52:22+00:00","dateModified":"2024-08-18T19:14:57+00:00","description":"Masseuse Karolina in the erotic massage salon Prague Fenix. About the girl and her services. Book a massage with Karolina and get real pleasure","breadcrumb":{"@id":"https:\/\/old.prague-fenix.cz\/karolina\/#breadcrumb"},"inLanguage":"ru-RU","potentialAction":[{"@type":"ReadAction","target":["https:\/\/old.prague-fenix.cz\/karolina\/"]}]},{"@type":"ImageObject","inLanguage":"ru-RU","@id":"https:\/\/old.prague-fenix.cz\/karolina\/#primaryimage","url":"https:\/\/old.prague-fenix.cz\/wp-content\/uploads\/2024\/08\/Karolina-5.webp","contentUrl":"https:\/\/old.prague-fenix.cz\/wp-content\/uploads\/2024\/08\/Karolina-5.webp","width":767,"height":432},{"@type":"BreadcrumbList","@id":"https:\/\/old.prague-fenix.cz\/karolina\/#breadcrumb","itemListElement":[{"@type":"ListItem","position":1,"name":"Dom\u016f","item":"https:\/\/old.prague-fenix.cz\/"},{"@type":"ListItem","position":2,"name":"Karolina"}]},{"@type":"WebSite","@id":"https:\/\/old.prague-fenix.cz\/#website","url":"https:\/\/old.prague-fenix.cz\/","name":"Erotick\u00fd mas\u00e1\u017en\u00ed sal\u00f3n Prague F\u00e9nix","description":"Massage salon and erotic massages, body to body, tantra, mix, nuru and lingam massage, lesbian show, BDSM massage.","publisher":{"@id":"https:\/\/old.prague-fenix.cz\/#\/schema\/person\/2ba77174c6f44cc2bc3d0f5e8ba640d6"},"potentialAction":[{"@type":"SearchAction","target":{"@type":"EntryPoint","urlTemplate":"https:\/\/old.prague-fenix.cz\/?s={search_term_string}"},"query-input":{"@type":"PropertyValueSpecification","valueRequired":true,"valueName":"search_term_string"}}],"inLanguage":"ru-RU"},{"@type":["Person","Organization"],"@id":"https:\/\/old.prague-fenix.cz\/#\/schema\/person\/2ba77174c6f44cc2bc3d0f5e8ba640d6","name":"Prague Fenix","image":{"@type":"ImageObject","inLanguage":"ru-RU","@id":"https:\/\/old.prague-fenix.cz\/#\/schema\/person\/image\/","url":"https:\/\/prague-fenix.cz\/wp-content\/uploads\/2023\/05\/prague-fenix.cz-logo-e1684684035397.png","contentUrl":"https:\/\/prague-fenix.cz\/wp-content\/uploads\/2023\/05\/prague-fenix.cz-logo-e1684684035397.png","width":675,"height":675,"caption":"Prague Fenix"},"logo":{"@id":"https:\/\/old.prague-fenix.cz\/#\/schema\/person\/image\/"},"sameAs":["http:\/\/www.prague-fenix.cz"]}]}},"_links":{"self":[{"href":"https:\/\/old.prague-fenix.cz\/ru\/wp-json\/wp\/v2\/pages\/31","targetHints":{"allow":["GET"]}}],"collection":[{"href":"https:\/\/old.prague-fenix.cz\/ru\/wp-json\/wp\/v2\/pages"}],"about":[{"href":"https:\/\/old.prague-fenix.cz\/ru\/wp-json\/wp\/v2\/types\/page"}],"author":[{"embeddable":true,"href":"https:\/\/old.prague-fenix.cz\/ru\/wp-json\/wp\/v2\/users\/3"}],"replies":[{"embeddable":true,"href":"https:\/\/old.prague-fenix.cz\/ru\/wp-json\/wp\/v2\/comments?post=31"}],"version-history":[{"count":0,"href":"https:\/\/old.prague-fenix.cz\/ru\/wp-json\/wp\/v2\/pages\/31\/revisions"}],"wp:featuredmedia":[{"embeddable":true,"href":"https:\/\/old.prague-fenix.cz\/ru\/wp-json\/wp\/v2\/media\/1432"}],"wp:attachment":[{"href":"https:\/\/old.prague-fenix.cz\/ru\/wp-json\/wp\/v2\/media?parent=31"}],"curies":[{"name":"wp","href":"https:\/\/api.w.org\/{rel}","templated":true}]}}