{"id":18,"date":"2023-05-07T11:37:14","date_gmt":"2023-05-07T10:37:14","guid":{"rendered":"http:\/\/prague-fenix.cz\/?page_id=18"},"modified":"2024-04-15T22:23:11","modified_gmt":"2024-04-15T21:23:11","slug":"contact","status":"publish","type":"page","link":"https:\/\/old.prague-fenix.cz\/ru\/contact\/","title":{"rendered":"\u041a\u043e\u043d\u0442\u0430\u043a\u0442\u044b"},"content":{"rendered":"<p class=\"has-text-align-center\"><strong>\u0410\u0434\u0440\u0435\u0441<\/strong>: \u0412\u0435\u043b\u0435\u0433\u0440\u0430\u0434\u0441\u043a\u0430 1702\/12, 130 00 \u0412\u0438\u043d\u043e\u0433\u0440\u0430\u0434\u044b.<br>\u041d\u0430\u0439\u0442\u0438 \u043d\u0430\u0441 \u0431\u044b\u0441\u0442\u0440\u043e \u0438 \u043b\u0435\u0433\u043a\u043e! \u0412\u0435\u0434\u044c \u043c\u044b \u043d\u0430\u0445\u043e\u0434\u0438\u043c\u0441\u044f \u0432 \u0441\u0430\u043c\u043e\u043c \u0446\u0435\u043d\u0442\u0440\u0435 \u041f\u0440\u0430\u0433\u0438.<\/p>\n\n\n\n<p class=\"has-text-align-center\"><strong>\u0442\u0435\u043b\u0435\u0444\u043e\u043d<\/strong>: <a href=\"tel:  420 720 175 506\">+420 720 175 506<\/a><br>\u041c\u044b \u043d\u0430 \u0441\u0432\u044f\u0437\u0438 \u043a\u0440\u0443\u0433\u043b\u043e\u0441\u0443\u0442\u043e\u0447\u043d\u043e! \u0417\u0432\u043e\u043d\u0438\u0442\u0435 \u0432 \u043b\u044e\u0431\u043e\u0435 \u0443\u0434\u043e\u0431\u043d\u043e\u0435 \u0432\u0440\u0435\u043c\u044f \u0438 \u0437\u0430\u043f\u0438\u0441\u044b\u0432\u0430\u0439\u0442\u0435\u0441\u044c \u043d\u0430 \u0441\u0435\u0430\u043d\u0441 \u043f\u0440\u044f\u043c\u043e \u0441\u0435\u0439\u0447\u0430\u0441.<\/p>\n\n\n\n<p class=\"has-text-align-center\"><strong>\u042d\u043b\u0435\u043a\u0442\u0440\u043e\u043d\u043d\u0430\u044f \u043f\u043e\u0447\u0442\u0430<\/strong>: <a href=\"mailto:prague.fenix@gmail.cz\" target=\"_blank\" rel=\"noreferrer noopener\">prague.fenix@gmail.cz<\/a><br>\u041c\u044b \u0433\u043e\u0442\u043e\u0432\u044b \u043e\u0442\u0432\u0435\u0442\u0438\u0442\u044c \u043d\u0430 \u043b\u044e\u0431\u044b\u0435 \u0432\u0430\u0448\u0438 \u0432\u043e\u043f\u0440\u043e\u0441\u044b. \u0422\u0430\u043a\u0436\u0435 \u043f\u0440\u0438\u043d\u0438\u043c\u0430\u0435\u043c \u0432\u0441\u0435 \u043f\u0440\u0435\u0434\u043b\u043e\u0436\u0435\u043d\u0438\u044f \u0438 \u0437\u0430\u043c\u0435\u0447\u0430\u043d\u0438\u044f \u043a\u0430\u0441\u0430\u0442\u0435\u043b\u044c\u043d\u043e \u0440\u0430\u0431\u043e\u0442\u044b \u043d\u0430\u0448\u0435\u0433\u043e \u0441\u0430\u043b\u043e\u043d\u0430.<\/p>\n\n\n\n<p class=\"has-text-align-center\"><strong>\u0441\u0430\u0439\u0442<\/strong>: <a data-type=\"URL\" data-id=\"www.prague-fenix.cz\" href=\"http:\/\/www.prague-fenix.cz\">www.prague-fenix.cz<\/a><\/p>\n\n\n\n\u041a\u0410\u0420\u0422\u0410\n<br>\n\n<iframe src=\"https:\/\/www.google.com\/maps\/embed?pb=!1m18!1m12!1m3!1d2560.374035331082!2d14.451316476024308!3d50.079283571523696!2m3!1f0!2f0!3f0!3m2!1i1024!2i768!4f13.1!3m3!1m2!1s0x470b949d75b0f8af%3A0x50cf3c82fb83f8ad!2sVelehradsk%C3%A1%201702%2F12%2C%20130%2000%20Praha%202-Vinohrady!5e0!3m2!1scs!2scz!4v1683566310472!5m2!1scs!2scz\" width=\"700\" height=\"450\" style=\"border:0;\" allowfullscreen=\"\" loading=\"lazy\" referrerpolicy=\"no-referrer-when-downgrade\"><\/iframe>","protected":false},"excerpt":{"rendered":"<p>\u0410\u0434\u0440\u0435\u0441: Velehradsk\u00e1 1702\/12, 130 00 \u0412\u0438\u043d\u043e\u0433\u0440\u0430\u0434\u044b\u041d\u0430\u0439\u0434\u0438\u0442\u0435 \u043d\u0430\u0441 \u0431\u044b\u0441\u0442\u0440\u043e \u0438 \u043b\u0435\u0433\u043a\u043e! \u0412\u0435\u0434\u044c \u043c\u044b \u043d\u0430\u0445\u043e\u0434\u0438\u043c\u0441\u044f \u0432 \u0441\u0430\u043c\u043e\u043c \u0446\u0435\u043d\u0442\u0440\u0435 \u041f\u0440\u0430\u0433\u0438. \u0422\u0435\u043b\u0435\u0444\u043e\u043d: +420 720 175 506\u041c\u044b \u043d\u0430 \u0441\u0432\u044f\u0437\u0438 \u043f\u043e \u0432\u0441\u0435\u043c\u0443 \u043c\u0438\u0440\u0443 <a class=\"more-link\" href=\"https:\/\/old.prague-fenix.cz\/ru\/contact\/\">\u041f\u0440\u043e\u0434\u043e\u043b\u0436\u0438\u0442\u044c \u0447\u0442\u0435\u043d\u0438\u0435 \u2192<\/a><\/p>","protected":false},"author":3,"featured_media":0,"parent":0,"menu_order":0,"comment_status":"closed","ping_status":"closed","template":"","meta":{"footnotes":""},"class_list":["post-18","page","type-page","status-publish","hentry"],"yoast_head":"<!-- This site is optimized with the Yoast SEO plugin v25.0 - https:\/\/yoast.com\/wordpress\/plugins\/seo\/ -->\n<title>Contact - salon Prague Fenix<\/title>\n<meta name=\"description\" content=\"Contacts of the erotic massage salon Fenix Prague. How to contact? Where to find? Phone number, address, mail. Order an erotic massage session in the Czech.\" \/>\n<meta name=\"robots\" content=\"noindex, follow, max-snippet:-1, max-image-preview:large, max-video-preview:-1\" \/>\n<meta property=\"og:locale\" content=\"ru_RU\" \/>\n<meta property=\"og:type\" content=\"article\" \/>\n<meta property=\"og:title\" content=\"Contact - salon Prague Fenix\" \/>\n<meta property=\"og:description\" content=\"Contacts of the erotic massage salon Fenix Prague. How to contact? Where to find? Phone number, address, mail. Order an erotic massage session in the Czech.\" \/>\n<meta property=\"og:url\" content=\"https:\/\/old.prague-fenix.cz\/ru\/contact\/\" \/>\n<meta property=\"og:site_name\" content=\"Erotic massage salon Prague Fenix\" \/>\n<meta property=\"article:modified_time\" content=\"2024-04-15T21:23:11+00:00\" \/>\n<meta property=\"og:image\" content=\"https:\/\/old.prague-fenix.cz\/wp-content\/uploads\/2023\/05\/Prague-fenix-logs.jpg\" \/>\n\t<meta property=\"og:image:width\" content=\"1200\" \/>\n\t<meta property=\"og:image:height\" content=\"675\" \/>\n\t<meta property=\"og:image:type\" content=\"image\/jpeg\" \/>\n<meta name=\"twitter:card\" content=\"summary_large_image\" \/>\n<meta name=\"twitter:label1\" content=\"\u041f\u0440\u0438\u043c\u0435\u0440\u043d\u043e\u0435 \u0432\u0440\u0435\u043c\u044f \u0434\u043b\u044f \u0447\u0442\u0435\u043d\u0438\u044f\" \/>\n\t<meta name=\"twitter:data1\" content=\"1 \u043c\u0438\u043d\u0443\u0442\u0430\" \/>\n<script type=\"application\/ld+json\" class=\"yoast-schema-graph\">{\"@context\":\"https:\/\/schema.org\",\"@graph\":[{\"@type\":\"WebPage\",\"@id\":\"https:\/\/old.prague-fenix.cz\/contact\/\",\"url\":\"https:\/\/old.prague-fenix.cz\/contact\/\",\"name\":\"Contact - salon Prague Fenix\",\"isPartOf\":{\"@id\":\"https:\/\/old.prague-fenix.cz\/#website\"},\"datePublished\":\"2023-05-07T10:37:14+00:00\",\"dateModified\":\"2024-04-15T21:23:11+00:00\",\"description\":\"Contacts of the erotic massage salon Fenix Prague. How to contact? Where to find? Phone number, address, mail. Order an erotic massage session in the Czech.\",\"breadcrumb\":{\"@id\":\"https:\/\/old.prague-fenix.cz\/contact\/#breadcrumb\"},\"inLanguage\":\"ru-RU\",\"potentialAction\":[{\"@type\":\"ReadAction\",\"target\":[\"https:\/\/old.prague-fenix.cz\/contact\/\"]}]},{\"@type\":\"BreadcrumbList\",\"@id\":\"https:\/\/old.prague-fenix.cz\/contact\/#breadcrumb\",\"itemListElement\":[{\"@type\":\"ListItem\",\"position\":1,\"name\":\"Dom\u016f\",\"item\":\"https:\/\/old.prague-fenix.cz\/\"},{\"@type\":\"ListItem\",\"position\":2,\"name\":\"Contact\"}]},{\"@type\":\"WebSite\",\"@id\":\"https:\/\/old.prague-fenix.cz\/#website\",\"url\":\"https:\/\/old.prague-fenix.cz\/\",\"name\":\"Erotick\u00fd mas\u00e1\u017en\u00ed sal\u00f3n Prague F\u00e9nix\",\"description\":\"Massage salon and erotic massages, body to body, tantra, mix, nuru and lingam massage, lesbian show, BDSM massage.\",\"publisher\":{\"@id\":\"https:\/\/old.prague-fenix.cz\/#\/schema\/person\/2ba77174c6f44cc2bc3d0f5e8ba640d6\"},\"potentialAction\":[{\"@type\":\"SearchAction\",\"target\":{\"@type\":\"EntryPoint\",\"urlTemplate\":\"https:\/\/old.prague-fenix.cz\/?s={search_term_string}\"},\"query-input\":{\"@type\":\"PropertyValueSpecification\",\"valueRequired\":true,\"valueName\":\"search_term_string\"}}],\"inLanguage\":\"ru-RU\"},{\"@type\":[\"Person\",\"Organization\"],\"@id\":\"https:\/\/old.prague-fenix.cz\/#\/schema\/person\/2ba77174c6f44cc2bc3d0f5e8ba640d6\",\"name\":\"Prague Fenix\",\"image\":{\"@type\":\"ImageObject\",\"inLanguage\":\"ru-RU\",\"@id\":\"https:\/\/old.prague-fenix.cz\/#\/schema\/person\/image\/\",\"url\":\"https:\/\/prague-fenix.cz\/wp-content\/uploads\/2023\/05\/prague-fenix.cz-logo-e1684684035397.png\",\"contentUrl\":\"https:\/\/prague-fenix.cz\/wp-content\/uploads\/2023\/05\/prague-fenix.cz-logo-e1684684035397.png\",\"width\":675,\"height\":675,\"caption\":\"Prague Fenix\"},\"logo\":{\"@id\":\"https:\/\/old.prague-fenix.cz\/#\/schema\/person\/image\/\"},\"sameAs\":[\"http:\/\/www.prague-fenix.cz\"]}]}<\/script>\n<!-- \/ Yoast SEO plugin. -->","yoast_head_json":{"title":"Contact - salon Prague Fenix","description":"Contacts of the erotic massage salon Fenix Prague. How to contact? Where to find? Phone number, address, mail. Order an erotic massage session in the Czech.","robots":{"index":"noindex","follow":"follow","max-snippet":"max-snippet:-1","max-image-preview":"max-image-preview:large","max-video-preview":"max-video-preview:-1"},"og_locale":"ru_RU","og_type":"article","og_title":"Contact - salon Prague Fenix","og_description":"Contacts of the erotic massage salon Fenix Prague. How to contact? Where to find? Phone number, address, mail. Order an erotic massage session in the Czech.","og_url":"https:\/\/old.prague-fenix.cz\/ru\/contact\/","og_site_name":"Erotic massage salon Prague Fenix","article_modified_time":"2024-04-15T21:23:11+00:00","og_image":[{"width":1200,"height":675,"url":"https:\/\/old.prague-fenix.cz\/wp-content\/uploads\/2023\/05\/Prague-fenix-logs.jpg","type":"image\/jpeg"}],"twitter_card":"summary_large_image","twitter_misc":{"\u041f\u0440\u0438\u043c\u0435\u0440\u043d\u043e\u0435 \u0432\u0440\u0435\u043c\u044f \u0434\u043b\u044f \u0447\u0442\u0435\u043d\u0438\u044f":"1 \u043c\u0438\u043d\u0443\u0442\u0430"},"schema":{"@context":"https:\/\/schema.org","@graph":[{"@type":"WebPage","@id":"https:\/\/old.prague-fenix.cz\/contact\/","url":"https:\/\/old.prague-fenix.cz\/contact\/","name":"Contact - salon Prague Fenix","isPartOf":{"@id":"https:\/\/old.prague-fenix.cz\/#website"},"datePublished":"2023-05-07T10:37:14+00:00","dateModified":"2024-04-15T21:23:11+00:00","description":"Contacts of the erotic massage salon Fenix Prague. How to contact? Where to find? Phone number, address, mail. Order an erotic massage session in the Czech.","breadcrumb":{"@id":"https:\/\/old.prague-fenix.cz\/contact\/#breadcrumb"},"inLanguage":"ru-RU","potentialAction":[{"@type":"ReadAction","target":["https:\/\/old.prague-fenix.cz\/contact\/"]}]},{"@type":"BreadcrumbList","@id":"https:\/\/old.prague-fenix.cz\/contact\/#breadcrumb","itemListElement":[{"@type":"ListItem","position":1,"name":"Dom\u016f","item":"https:\/\/old.prague-fenix.cz\/"},{"@type":"ListItem","position":2,"name":"Contact"}]},{"@type":"WebSite","@id":"https:\/\/old.prague-fenix.cz\/#website","url":"https:\/\/old.prague-fenix.cz\/","name":"Erotick\u00fd mas\u00e1\u017en\u00ed sal\u00f3n Prague F\u00e9nix","description":"Massage salon and erotic massages, body to body, tantra, mix, nuru and lingam massage, lesbian show, BDSM massage.","publisher":{"@id":"https:\/\/old.prague-fenix.cz\/#\/schema\/person\/2ba77174c6f44cc2bc3d0f5e8ba640d6"},"potentialAction":[{"@type":"SearchAction","target":{"@type":"EntryPoint","urlTemplate":"https:\/\/old.prague-fenix.cz\/?s={search_term_string}"},"query-input":{"@type":"PropertyValueSpecification","valueRequired":true,"valueName":"search_term_string"}}],"inLanguage":"ru-RU"},{"@type":["Person","Organization"],"@id":"https:\/\/old.prague-fenix.cz\/#\/schema\/person\/2ba77174c6f44cc2bc3d0f5e8ba640d6","name":"Prague Fenix","image":{"@type":"ImageObject","inLanguage":"ru-RU","@id":"https:\/\/old.prague-fenix.cz\/#\/schema\/person\/image\/","url":"https:\/\/prague-fenix.cz\/wp-content\/uploads\/2023\/05\/prague-fenix.cz-logo-e1684684035397.png","contentUrl":"https:\/\/prague-fenix.cz\/wp-content\/uploads\/2023\/05\/prague-fenix.cz-logo-e1684684035397.png","width":675,"height":675,"caption":"Prague Fenix"},"logo":{"@id":"https:\/\/old.prague-fenix.cz\/#\/schema\/person\/image\/"},"sameAs":["http:\/\/www.prague-fenix.cz"]}]}},"_links":{"self":[{"href":"https:\/\/old.prague-fenix.cz\/ru\/wp-json\/wp\/v2\/pages\/18","targetHints":{"allow":["GET"]}}],"collection":[{"href":"https:\/\/old.prague-fenix.cz\/ru\/wp-json\/wp\/v2\/pages"}],"about":[{"href":"https:\/\/old.prague-fenix.cz\/ru\/wp-json\/wp\/v2\/types\/page"}],"author":[{"embeddable":true,"href":"https:\/\/old.prague-fenix.cz\/ru\/wp-json\/wp\/v2\/users\/3"}],"replies":[{"embeddable":true,"href":"https:\/\/old.prague-fenix.cz\/ru\/wp-json\/wp\/v2\/comments?post=18"}],"version-history":[{"count":0,"href":"https:\/\/old.prague-fenix.cz\/ru\/wp-json\/wp\/v2\/pages\/18\/revisions"}],"wp:attachment":[{"href":"https:\/\/old.prague-fenix.cz\/ru\/wp-json\/wp\/v2\/media?parent=18"}],"curies":[{"name":"wp","href":"https:\/\/api.w.org\/{rel}","templated":true}]}}