{"id":1367,"date":"2024-08-18T18:37:46","date_gmt":"2024-08-18T17:37:46","guid":{"rendered":"https:\/\/prague-fenix.cz\/?page_id=1367"},"modified":"2025-04-26T12:55:25","modified_gmt":"2025-04-26T11:55:25","slug":"erika","status":"publish","type":"page","link":"https:\/\/old.prague-fenix.cz\/ru\/erika\/","title":{"rendered":"\u042d\u0440\u0438\u043a\u0430"},"content":{"rendered":"<p><strong>\u0412\u043e\u0437\u0440\u0430\u0441\u0442<\/strong>: 24<br><strong>\u0412\u0435\u0441<\/strong>: 54 \u043a\u0433<br><strong>\u0420\u043e\u0441\u0442<\/strong>: 166 \u0441\u043c<br><strong>\u0426\u0432\u0435\u0442 \u0432\u043e\u043b\u043e\u0441<\/strong>: \u0431\u043b\u043e\u043d\u0434\u0438\u043d<br><strong>\u0420\u0430\u0437\u043c\u0435\u0440 \u0433\u0440\u0443\u0434\u0438<\/strong>: 3<\/p>\n\n\n\n<figure class=\"wp-block-gallery has-nested-images columns-default is-cropped wp-block-gallery-1 is-layout-flex wp-block-gallery-is-layout-flex\">\n<figure class=\"wp-block-image size-full\"><img fetchpriority=\"high\" decoding=\"async\" width=\"900\" height=\"721\" data-id=\"1875\" src=\"http:\/\/prague-fenix.cz\/wp-content\/uploads\/2025\/04\/Erika-5.jpg\" alt=\"\" class=\"wp-image-1875\" srcset=\"https:\/\/old.prague-fenix.cz\/wp-content\/uploads\/2025\/04\/Erika-5.jpg 900w, https:\/\/old.prague-fenix.cz\/wp-content\/uploads\/2025\/04\/Erika-5-300x240.jpg 300w, https:\/\/old.prague-fenix.cz\/wp-content\/uploads\/2025\/04\/Erika-5-768x615.jpg 768w, https:\/\/old.prague-fenix.cz\/wp-content\/uploads\/2025\/04\/Erika-5-15x12.jpg 15w\" sizes=\"(max-width: 900px) 100vw, 900px\" \/><\/figure>\n<\/figure>\n\n\n\n<h2 class=\"wp-block-heading has-text-align-center\">\u041e \u042d\u0440\u0438\u043a\u0435<\/h2>\n\n\n\n<p>\u041a\u043e\u0433\u0434\u0430 \u042d\u0440\u0438\u043a\u0430 \u043a\u0430\u0441\u0430\u0435\u0442\u0441\u044f \u043a\u043e\u0436\u0438, \u043a\u0430\u0436\u0435\u0442\u0441\u044f, \u0447\u0442\u043e \u0441\u0430\u043c\u0438 \u0437\u0432\u0435\u0437\u0434\u044b \u0441\u043e\u0435\u0434\u0438\u043d\u044f\u044e\u0442\u0441\u044f \u0432 \u0443\u0437\u043e\u0440 \u0440\u0435\u043b\u0430\u043a\u0441\u0430\u0446\u0438\u0438, \u0430 \u0435\u0435 \u0441\u043f\u043e\u0441\u043e\u0431\u043d\u043e\u0441\u0442\u044c \u043d\u0430\u0445\u043e\u0434\u0438\u0442\u044c \u0442\u0430\u0439\u043d\u044b\u0435 \u0442\u043e\u0447\u043a\u0438 \u043d\u0430\u043f\u0440\u044f\u0436\u0435\u043d\u0438\u044f \u043f\u0440\u0435\u0432\u0440\u0430\u0449\u0430\u0435\u0442 \u043c\u0430\u0441\u0441\u0430\u0436 \u0432 \u0442\u0430\u043d\u0435\u0446 \u044d\u043d\u0435\u0440\u0433\u0438\u0439. \u0415\u0435 \u0445\u0430\u0440\u0438\u0437\u043c\u0430 \u043f\u0440\u0438\u0434\u0430\u0435\u0442 \u043a\u0430\u0436\u0434\u043e\u043c\u0443 \u0434\u0432\u0438\u0436\u0435\u043d\u0438\u044e \u043e\u0441\u043e\u0431\u0443\u044e \u043c\u0430\u0433\u0438\u044e, \u0430 \u0442\u0435\u043f\u043b\u043e \u0435\u0435 \u043b\u0430\u0434\u043e\u043d\u0435\u0439 \u043e\u0431\u0435\u0449\u0430\u0435\u0442 \u043f\u043b\u0430\u0432\u043d\u044b\u0439 \u043f\u0435\u0440\u0435\u0445\u043e\u0434 \u043e\u0442 \u043f\u043e\u0432\u0441\u0435\u0434\u043d\u0435\u0432\u043d\u043e\u0439 \u0436\u0438\u0437\u043d\u0438 \u043a \u043c\u0438\u0440\u0443 \u043f\u043e\u043a\u043e\u044f \u0438 \u0431\u043b\u0430\u0436\u0435\u043d\u0441\u0442\u0432\u0430.<\/p>\n\n\n\n<h2 class=\"wp-block-heading has-text-align-center\">\u042d\u0440\u043e\u0442\u0438\u0447\u0435\u0441\u043a\u0438\u0439 \u043c\u0430\u0441\u0441\u0430\u0436 \u043e\u0442 \u042d\u0440\u0438\u043a\u0438<\/h2>\n\n\n\n<p>\u0427\u0442\u043e\u0431\u044b \u0437\u0430\u043a\u0430\u0437\u0430\u0442\u044c \u0443\u0441\u043b\u0443\u0433\u0438 \u044d\u0440\u043e\u0442\u0438\u0447\u0435\u0441\u043a\u043e\u0433\u043e \u043c\u0430\u0441\u0441\u0430\u0436\u0430 \u043e\u0442 \u042d\u0440\u0438\u043a\u0438 \u2014 \u043f\u043e\u0437\u0432\u043e\u043d\u0438\u0442\u0435 \u043f\u043e \u0442\u0435\u043b\u0435\u0444\u043e\u043d\u0443\u00a0 <a href=\"tel:  420 720 175 506\">+420 720 175 506<\/a>\u00a0\u043f\u0440\u044f\u043c\u043e \u0441\u0435\u0439\u0447\u0430\u0441! \u041e\u043d\u0430 \u0443\u0436\u0435 \u0436\u0434\u0435\u0442 \u0432\u0441\u0442\u0440\u0435\u0447\u0438, \u0438\u043c\u0435\u043d\u043d\u043e \u0441 \u0412\u0430\u043c\u0438! \u00a0<\/p>\n\n\n\n<figure class=\"wp-block-gallery has-nested-images columns-default is-cropped wp-block-gallery-2 is-layout-flex wp-block-gallery-is-layout-flex\">\n<figure class=\"wp-block-image size-full\"><img decoding=\"async\" width=\"768\" height=\"1024\" data-id=\"1877\" src=\"http:\/\/prague-fenix.cz\/wp-content\/uploads\/2025\/04\/Erika-2.jpg\" alt=\"\" class=\"wp-image-1877\" srcset=\"https:\/\/old.prague-fenix.cz\/wp-content\/uploads\/2025\/04\/Erika-2.jpg 768w, https:\/\/old.prague-fenix.cz\/wp-content\/uploads\/2025\/04\/Erika-2-225x300.jpg 225w, https:\/\/old.prague-fenix.cz\/wp-content\/uploads\/2025\/04\/Erika-2-9x12.jpg 9w\" sizes=\"(max-width: 768px) 100vw, 768px\" \/><\/figure>\n\n\n\n<figure class=\"wp-block-image size-full\"><img decoding=\"async\" width=\"768\" height=\"1024\" data-id=\"1878\" src=\"http:\/\/prague-fenix.cz\/wp-content\/uploads\/2025\/04\/Erika-3.jpg\" alt=\"\" class=\"wp-image-1878\" srcset=\"https:\/\/old.prague-fenix.cz\/wp-content\/uploads\/2025\/04\/Erika-3.jpg 768w, https:\/\/old.prague-fenix.cz\/wp-content\/uploads\/2025\/04\/Erika-3-225x300.jpg 225w, https:\/\/old.prague-fenix.cz\/wp-content\/uploads\/2025\/04\/Erika-3-9x12.jpg 9w\" sizes=\"(max-width: 768px) 100vw, 768px\" \/><\/figure>\n\n\n\n<figure class=\"wp-block-image size-full\"><img loading=\"lazy\" decoding=\"async\" width=\"768\" height=\"1024\" data-id=\"1876\" src=\"http:\/\/prague-fenix.cz\/wp-content\/uploads\/2025\/04\/Erika-1.jpg\" alt=\"\" class=\"wp-image-1876\" srcset=\"https:\/\/old.prague-fenix.cz\/wp-content\/uploads\/2025\/04\/Erika-1.jpg 768w, https:\/\/old.prague-fenix.cz\/wp-content\/uploads\/2025\/04\/Erika-1-225x300.jpg 225w, https:\/\/old.prague-fenix.cz\/wp-content\/uploads\/2025\/04\/Erika-1-9x12.jpg 9w\" sizes=\"(max-width: 768px) 100vw, 768px\" \/><\/figure>\n<\/figure>","protected":false},"excerpt":{"rendered":"<p>\u0412\u043e\u0437\u0440\u0430\u0441\u0442: 24\u0412\u0435\u0441: 54 \u043a\u0433\u0420\u043e\u0441\u0442: 166 \u0441\u043c\u0426\u0432\u0435\u0442 \u0432\u043e\u043b\u043e\u0441: \u0431\u043b\u043e\u043d\u0434\u0438\u043d\u0420\u0430\u0437\u043c\u0435\u0440 \u0433\u0440\u0443\u0434\u0438: 3\u041e\u0431 \u042d\u0440\u0438\u043a\u0435\u041a\u043e\u0433\u0434\u0430 \u042d\u0440\u0438\u043a\u0430 \u043a\u0430\u0441\u0430\u0435\u0442\u0441\u044f \u043a\u043e\u0436\u0438, \u043a\u0430\u0436\u0435\u0442\u0441\u044f, \u0447\u0442\u043e \u0441\u0430\u043c\u0438 \u0437\u0432\u0435\u0437\u0434\u044b \u0441\u043e\u0435\u0434\u0438\u043d\u044f\u044e\u0442\u0441\u044f \u0432 \u0443\u0437\u043e\u0440 \u0440\u0430\u0441\u0441\u043b\u0430\u0431\u043b\u0435\u043d\u0438\u044f, <a class=\"more-link\" href=\"https:\/\/old.prague-fenix.cz\/ru\/erika\/\">\u041f\u0440\u043e\u0434\u043e\u043b\u0436\u0438\u0442\u044c \u0447\u0442\u0435\u043d\u0438\u0435 \u2192<\/a><\/p>","protected":false},"author":3,"featured_media":1875,"parent":0,"menu_order":0,"comment_status":"closed","ping_status":"closed","template":"","meta":{"footnotes":""},"class_list":["post-1367","page","type-page","status-publish","has-post-thumbnail","hentry"],"yoast_head":"<!-- This site is optimized with the Yoast SEO plugin v25.0 - https:\/\/yoast.com\/wordpress\/plugins\/seo\/ -->\n<title>Erotic massage by Erika - Salon Prague Fenix<\/title>\n<meta name=\"description\" content=\"Masseuse Erika at the erotic massage salon Prague Fenix. Learn more about Erika and the services she offers. Book a massage with Erika\" \/>\n<meta name=\"robots\" content=\"noindex, follow, max-snippet:-1, max-image-preview:large, max-video-preview:-1\" \/>\n<meta property=\"og:locale\" content=\"ru_RU\" \/>\n<meta property=\"og:type\" content=\"article\" \/>\n<meta property=\"og:title\" content=\"Erotic massage by Erika - Salon Prague Fenix\" \/>\n<meta property=\"og:description\" content=\"Masseuse Erika at the erotic massage salon Prague Fenix. Learn more about Erika and the services she offers. Book a massage with Erika\" \/>\n<meta property=\"og:url\" content=\"http:\/\/old.prague-fenix.cz\/ru\/erika\/\" \/>\n<meta property=\"og:site_name\" content=\"Erotic massage salon Prague Fenix\" \/>\n<meta property=\"article:modified_time\" content=\"2025-04-26T11:55:25+00:00\" \/>\n<meta property=\"og:image\" content=\"http:\/\/old.prague-fenix.cz\/wp-content\/uploads\/2025\/04\/Erika-5.jpg\" \/>\n\t<meta property=\"og:image:width\" content=\"900\" \/>\n\t<meta property=\"og:image:height\" content=\"721\" \/>\n\t<meta property=\"og:image:type\" content=\"image\/jpeg\" \/>\n<meta name=\"twitter:card\" content=\"summary_large_image\" \/>\n<meta name=\"twitter:label1\" content=\"\u041f\u0440\u0438\u043c\u0435\u0440\u043d\u043e\u0435 \u0432\u0440\u0435\u043c\u044f \u0434\u043b\u044f \u0447\u0442\u0435\u043d\u0438\u044f\" \/>\n\t<meta name=\"twitter:data1\" content=\"2 \u043c\u0438\u043d\u0443\u0442\u044b\" \/>\n<script type=\"application\/ld+json\" class=\"yoast-schema-graph\">{\"@context\":\"https:\/\/schema.org\",\"@graph\":[{\"@type\":\"WebPage\",\"@id\":\"http:\/\/old.prague-fenix.cz\/cs\/erika\/\",\"url\":\"http:\/\/old.prague-fenix.cz\/cs\/erika\/\",\"name\":\"Erotic massage by Erika - Salon Prague Fenix\",\"isPartOf\":{\"@id\":\"https:\/\/old.prague-fenix.cz\/#website\"},\"primaryImageOfPage\":{\"@id\":\"http:\/\/old.prague-fenix.cz\/cs\/erika\/#primaryimage\"},\"image\":{\"@id\":\"http:\/\/old.prague-fenix.cz\/cs\/erika\/#primaryimage\"},\"thumbnailUrl\":\"https:\/\/old.prague-fenix.cz\/wp-content\/uploads\/2025\/04\/Erika-5.jpg\",\"datePublished\":\"2024-08-18T17:37:46+00:00\",\"dateModified\":\"2025-04-26T11:55:25+00:00\",\"description\":\"Masseuse Erika at the erotic massage salon Prague Fenix. Learn more about Erika and the services she offers. Book a massage with Erika\",\"breadcrumb\":{\"@id\":\"http:\/\/old.prague-fenix.cz\/cs\/erika\/#breadcrumb\"},\"inLanguage\":\"ru-RU\",\"potentialAction\":[{\"@type\":\"ReadAction\",\"target\":[\"http:\/\/old.prague-fenix.cz\/cs\/erika\/\"]}]},{\"@type\":\"ImageObject\",\"inLanguage\":\"ru-RU\",\"@id\":\"http:\/\/old.prague-fenix.cz\/cs\/erika\/#primaryimage\",\"url\":\"https:\/\/old.prague-fenix.cz\/wp-content\/uploads\/2025\/04\/Erika-5.jpg\",\"contentUrl\":\"https:\/\/old.prague-fenix.cz\/wp-content\/uploads\/2025\/04\/Erika-5.jpg\",\"width\":900,\"height\":721},{\"@type\":\"BreadcrumbList\",\"@id\":\"http:\/\/old.prague-fenix.cz\/cs\/erika\/#breadcrumb\",\"itemListElement\":[{\"@type\":\"ListItem\",\"position\":1,\"name\":\"Dom\u016f\",\"item\":\"https:\/\/old.prague-fenix.cz\/\"},{\"@type\":\"ListItem\",\"position\":2,\"name\":\"Erika\"}]},{\"@type\":\"WebSite\",\"@id\":\"https:\/\/old.prague-fenix.cz\/#website\",\"url\":\"https:\/\/old.prague-fenix.cz\/\",\"name\":\"Erotick\u00fd mas\u00e1\u017en\u00ed sal\u00f3n Prague F\u00e9nix\",\"description\":\"Massage salon and erotic massages, body to body, tantra, mix, nuru and lingam massage, lesbian show, BDSM massage.\",\"publisher\":{\"@id\":\"https:\/\/old.prague-fenix.cz\/#\/schema\/person\/2ba77174c6f44cc2bc3d0f5e8ba640d6\"},\"potentialAction\":[{\"@type\":\"SearchAction\",\"target\":{\"@type\":\"EntryPoint\",\"urlTemplate\":\"https:\/\/old.prague-fenix.cz\/?s={search_term_string}\"},\"query-input\":{\"@type\":\"PropertyValueSpecification\",\"valueRequired\":true,\"valueName\":\"search_term_string\"}}],\"inLanguage\":\"ru-RU\"},{\"@type\":[\"Person\",\"Organization\"],\"@id\":\"https:\/\/old.prague-fenix.cz\/#\/schema\/person\/2ba77174c6f44cc2bc3d0f5e8ba640d6\",\"name\":\"Prague Fenix\",\"image\":{\"@type\":\"ImageObject\",\"inLanguage\":\"ru-RU\",\"@id\":\"https:\/\/old.prague-fenix.cz\/#\/schema\/person\/image\/\",\"url\":\"https:\/\/prague-fenix.cz\/wp-content\/uploads\/2023\/05\/prague-fenix.cz-logo-e1684684035397.png\",\"contentUrl\":\"https:\/\/prague-fenix.cz\/wp-content\/uploads\/2023\/05\/prague-fenix.cz-logo-e1684684035397.png\",\"width\":675,\"height\":675,\"caption\":\"Prague Fenix\"},\"logo\":{\"@id\":\"https:\/\/old.prague-fenix.cz\/#\/schema\/person\/image\/\"},\"sameAs\":[\"http:\/\/www.prague-fenix.cz\"]}]}<\/script>\n<!-- \/ Yoast SEO plugin. -->","yoast_head_json":{"title":"Erotic massage by Erika - Salon Prague Fenix","description":"Masseuse Erika at the erotic massage salon Prague Fenix. Learn more about Erika and the services she offers. Book a massage with Erika","robots":{"index":"noindex","follow":"follow","max-snippet":"max-snippet:-1","max-image-preview":"max-image-preview:large","max-video-preview":"max-video-preview:-1"},"og_locale":"ru_RU","og_type":"article","og_title":"Erotic massage by Erika - Salon Prague Fenix","og_description":"Masseuse Erika at the erotic massage salon Prague Fenix. Learn more about Erika and the services she offers. Book a massage with Erika","og_url":"http:\/\/old.prague-fenix.cz\/ru\/erika\/","og_site_name":"Erotic massage salon Prague Fenix","article_modified_time":"2025-04-26T11:55:25+00:00","og_image":[{"width":900,"height":721,"url":"http:\/\/old.prague-fenix.cz\/wp-content\/uploads\/2025\/04\/Erika-5.jpg","type":"image\/jpeg"}],"twitter_card":"summary_large_image","twitter_misc":{"\u041f\u0440\u0438\u043c\u0435\u0440\u043d\u043e\u0435 \u0432\u0440\u0435\u043c\u044f \u0434\u043b\u044f \u0447\u0442\u0435\u043d\u0438\u044f":"2 \u043c\u0438\u043d\u0443\u0442\u044b"},"schema":{"@context":"https:\/\/schema.org","@graph":[{"@type":"WebPage","@id":"http:\/\/old.prague-fenix.cz\/cs\/erika\/","url":"http:\/\/old.prague-fenix.cz\/cs\/erika\/","name":"Erotic massage by Erika - Salon Prague Fenix","isPartOf":{"@id":"https:\/\/old.prague-fenix.cz\/#website"},"primaryImageOfPage":{"@id":"http:\/\/old.prague-fenix.cz\/cs\/erika\/#primaryimage"},"image":{"@id":"http:\/\/old.prague-fenix.cz\/cs\/erika\/#primaryimage"},"thumbnailUrl":"https:\/\/old.prague-fenix.cz\/wp-content\/uploads\/2025\/04\/Erika-5.jpg","datePublished":"2024-08-18T17:37:46+00:00","dateModified":"2025-04-26T11:55:25+00:00","description":"Masseuse Erika at the erotic massage salon Prague Fenix. Learn more about Erika and the services she offers. Book a massage with Erika","breadcrumb":{"@id":"http:\/\/old.prague-fenix.cz\/cs\/erika\/#breadcrumb"},"inLanguage":"ru-RU","potentialAction":[{"@type":"ReadAction","target":["http:\/\/old.prague-fenix.cz\/cs\/erika\/"]}]},{"@type":"ImageObject","inLanguage":"ru-RU","@id":"http:\/\/old.prague-fenix.cz\/cs\/erika\/#primaryimage","url":"https:\/\/old.prague-fenix.cz\/wp-content\/uploads\/2025\/04\/Erika-5.jpg","contentUrl":"https:\/\/old.prague-fenix.cz\/wp-content\/uploads\/2025\/04\/Erika-5.jpg","width":900,"height":721},{"@type":"BreadcrumbList","@id":"http:\/\/old.prague-fenix.cz\/cs\/erika\/#breadcrumb","itemListElement":[{"@type":"ListItem","position":1,"name":"Dom\u016f","item":"https:\/\/old.prague-fenix.cz\/"},{"@type":"ListItem","position":2,"name":"Erika"}]},{"@type":"WebSite","@id":"https:\/\/old.prague-fenix.cz\/#website","url":"https:\/\/old.prague-fenix.cz\/","name":"Erotick\u00fd mas\u00e1\u017en\u00ed sal\u00f3n Prague F\u00e9nix","description":"Massage salon and erotic massages, body to body, tantra, mix, nuru and lingam massage, lesbian show, BDSM massage.","publisher":{"@id":"https:\/\/old.prague-fenix.cz\/#\/schema\/person\/2ba77174c6f44cc2bc3d0f5e8ba640d6"},"potentialAction":[{"@type":"SearchAction","target":{"@type":"EntryPoint","urlTemplate":"https:\/\/old.prague-fenix.cz\/?s={search_term_string}"},"query-input":{"@type":"PropertyValueSpecification","valueRequired":true,"valueName":"search_term_string"}}],"inLanguage":"ru-RU"},{"@type":["Person","Organization"],"@id":"https:\/\/old.prague-fenix.cz\/#\/schema\/person\/2ba77174c6f44cc2bc3d0f5e8ba640d6","name":"Prague Fenix","image":{"@type":"ImageObject","inLanguage":"ru-RU","@id":"https:\/\/old.prague-fenix.cz\/#\/schema\/person\/image\/","url":"https:\/\/prague-fenix.cz\/wp-content\/uploads\/2023\/05\/prague-fenix.cz-logo-e1684684035397.png","contentUrl":"https:\/\/prague-fenix.cz\/wp-content\/uploads\/2023\/05\/prague-fenix.cz-logo-e1684684035397.png","width":675,"height":675,"caption":"Prague Fenix"},"logo":{"@id":"https:\/\/old.prague-fenix.cz\/#\/schema\/person\/image\/"},"sameAs":["http:\/\/www.prague-fenix.cz"]}]}},"_links":{"self":[{"href":"https:\/\/old.prague-fenix.cz\/ru\/wp-json\/wp\/v2\/pages\/1367","targetHints":{"allow":["GET"]}}],"collection":[{"href":"https:\/\/old.prague-fenix.cz\/ru\/wp-json\/wp\/v2\/pages"}],"about":[{"href":"https:\/\/old.prague-fenix.cz\/ru\/wp-json\/wp\/v2\/types\/page"}],"author":[{"embeddable":true,"href":"https:\/\/old.prague-fenix.cz\/ru\/wp-json\/wp\/v2\/users\/3"}],"replies":[{"embeddable":true,"href":"https:\/\/old.prague-fenix.cz\/ru\/wp-json\/wp\/v2\/comments?post=1367"}],"version-history":[{"count":0,"href":"https:\/\/old.prague-fenix.cz\/ru\/wp-json\/wp\/v2\/pages\/1367\/revisions"}],"wp:featuredmedia":[{"embeddable":true,"href":"https:\/\/old.prague-fenix.cz\/ru\/wp-json\/wp\/v2\/media\/1875"}],"wp:attachment":[{"href":"https:\/\/old.prague-fenix.cz\/ru\/wp-json\/wp\/v2\/media?parent=1367"}],"curies":[{"name":"wp","href":"https:\/\/api.w.org\/{rel}","templated":true}]}}