{"id":1363,"date":"2024-08-18T18:37:05","date_gmt":"2024-08-18T17:37:05","guid":{"rendered":"https:\/\/prague-fenix.cz\/?page_id=1363"},"modified":"2024-08-21T20:11:37","modified_gmt":"2024-08-21T19:11:37","slug":"silvia","status":"publish","type":"page","link":"https:\/\/old.prague-fenix.cz\/ru\/silvia\/","title":{"rendered":"\u0421\u0438\u043b\u044c\u0432\u0438\u044f"},"content":{"rendered":"<p><strong>\u0412\u043e\u0437\u0440\u0430\u0441\u0442<\/strong>: 24<br><strong>\u0412\u0435\u0441<\/strong>: 52 \u043a\u0433<br><strong>\u0420\u043e\u0441\u0442<\/strong>: 165 \u0441\u043c<br><strong>\u0426\u0432\u0435\u0442 \u0432\u043e\u043b\u043e\u0441<\/strong>: \u0431\u043b\u043e\u043d\u0434\u0438\u043d<br><strong>\u0420\u0430\u0437\u043c\u0435\u0440 \u0433\u0440\u0443\u0434\u0438<\/strong>: \u0412 (2)<\/p>\n\n\n\n<figure class=\"wp-block-gallery has-nested-images columns-default is-cropped wp-block-gallery-1 is-layout-flex wp-block-gallery-is-layout-flex\">\n<figure class=\"wp-block-image size-full\"><img fetchpriority=\"high\" decoding=\"async\" width=\"900\" height=\"720\" data-id=\"1443\" src=\"http:\/\/prague-fenix.cz\/wp-content\/uploads\/2024\/08\/sevilja.png\" alt=\"\u0441\u0435\u0432\u0438\u043b\u044c\u044f\" class=\"wp-image-1443\" srcset=\"https:\/\/old.prague-fenix.cz\/wp-content\/uploads\/2024\/08\/sevilja.png 900w, https:\/\/old.prague-fenix.cz\/wp-content\/uploads\/2024\/08\/sevilja-300x240.png 300w, https:\/\/old.prague-fenix.cz\/wp-content\/uploads\/2024\/08\/sevilja-768x614.png 768w, https:\/\/old.prague-fenix.cz\/wp-content\/uploads\/2024\/08\/sevilja-15x12.png 15w\" sizes=\"(max-width: 900px) 100vw, 900px\" \/><\/figure>\n<\/figure>\n\n\n\n<h2 class=\"wp-block-heading has-text-align-center\">\u041e \u0421\u0438\u043b\u044c\u0432\u0438\u0438<\/h2>\n\n\n\n<p>\u042d\u0440\u043e\u0442\u0438\u0447\u0435\u0441\u043a\u0438\u0439 \u043c\u0430\u0441\u0441\u0430\u0436 \u0434\u043b\u044f \u043c\u0443\u0436\u0447\u0438\u043d \u2013 \u043d\u0430\u0441\u0442\u043e\u044f\u0449\u0435\u0435 \u0438\u0441\u043a\u0443\u0441\u0441\u0442\u0432\u043e. \u041e\u0441\u0432\u043e\u0438\u0442\u044c \u0435\u0433\u043e \u043d\u0435 \u0442\u0430\u043a-\u0442\u043e \u043f\u0440\u043e\u0441\u0442\u043e. \u0427\u0442\u043e\u0431\u044b \u0434\u043e\u0441\u0442\u0430\u0432\u0438\u0442\u044c \u043d\u0430\u0441\u0442\u043e\u044f\u0449\u0435\u0435 \u0443\u0434\u043e\u0432\u043e\u043b\u044c\u0441\u0442\u0432\u0438\u0435, \u043e\u0434\u043d\u0438\u0445 \u0437\u043d\u0430\u043d\u0438\u0439 \u043c\u0430\u0441\u0441\u0430\u0436\u043d\u044b\u0445 \u0442\u0435\u0445\u043d\u0438\u043a \u043d\u0435\u0434\u043e\u0441\u0442\u0430\u0442\u043e\u0447\u043d\u043e, \u043d\u0443\u0436\u043d\u043e \u0443\u043c\u0435\u0442\u044c \u043d\u0430\u0445\u043e\u0434\u0438\u0442\u044c \u0438\u043d\u0434\u0438\u0432\u0438\u0434\u0443\u0430\u043b\u044c\u043d\u044b\u0439 \u043f\u043e\u0434\u0445\u043e\u0434. \u042d\u0442\u043e \u0443\u043c\u0435\u0435\u0442 \u0434\u0435\u043b\u0430\u0442\u044c \u043e\u0447\u0430\u0440\u043e\u0432\u0430\u0442\u0435\u043b\u044c\u043d\u0430\u044f \u0434\u0435\u0432\u0443\u0448\u043a\u0430 \u0421\u0438\u043b\u044c\u0432\u0438\u044f, \u0442\u0430\u043b\u0430\u043d\u0442\u043b\u0438\u0432\u0430\u044f \u043c\u0430\u0441\u0441\u0430\u0436\u0438\u0441\u0442\u043a\u0430 \u0441\u0430\u043b\u043e\u043d\u0430 \u00ab\u0424\u0435\u043d\u0438\u043a\u0441\u00bb.<\/p>\n\n\n\n<p>\u0412\u043e\u0437\u0431\u0443\u0436\u0434\u0430\u044f \u0447\u0443\u0432\u0441\u0442\u0432\u0435\u043d\u043d\u044b\u043c\u0438 \u043f\u0440\u0438\u043a\u043e\u0441\u043d\u043e\u0432\u0435\u043d\u0438\u044f\u043c\u0438, \u043d\u0430\u0448 \u043c\u0430\u0441\u0442\u0435\u0440 \u043e\u0431\u0435\u0441\u043f\u0435\u0447\u0438\u0432\u0430\u0435\u0442 \u043f\u043e\u043b\u043d\u043e\u0435 \u0440\u0430\u0441\u0441\u043b\u0430\u0431\u043b\u0435\u043d\u0438\u0435 \u043c\u044b\u0448\u0446 \u0438 \u043e\u0441\u0432\u043e\u0431\u043e\u0436\u0434\u0435\u043d\u0438\u0435 \u043e\u0442 \u0442\u044f\u0436\u0435\u043b\u044b\u0445 \u043c\u044b\u0441\u043b\u0435\u0439. \u041a\u0430\u0436\u0434\u043e\u0435 \u0434\u0432\u0438\u0436\u0435\u043d\u0438\u0435, \u043a\u0430\u0436\u0434\u0430\u044f \u0441\u0442\u0438\u043c\u0443\u043b\u044f\u0446\u0438\u044f, \u043a\u0430\u0436\u0434\u043e\u0435 \u043f\u0440\u043e\u0448\u0435\u043f\u0442\u0430\u043d\u043d\u043e\u0435 \u0441\u043b\u043e\u0432\u043e \u043f\u0440\u043e\u0434\u0443\u043c\u0430\u043d\u044b \u0441 \u0443\u0447\u0435\u0442\u043e\u043c \u0445\u0430\u0440\u0430\u043a\u0442\u0435\u0440\u0430 \u0438 \u043e\u0441\u043e\u0431\u0435\u043d\u043d\u043e\u0441\u0442\u0435\u0439 \u043a\u043b\u0438\u0435\u043d\u0442\u0430. \u0420\u0435\u0437\u0443\u043b\u044c\u0442\u0430\u0442 \u0441\u0435\u0430\u043d\u0441\u0430 \u044d\u0440\u043e\u0442\u0438\u0447\u0435\u0441\u043a\u043e\u0433\u043e \u043c\u0430\u0441\u0441\u0430\u0436\u0430, \u043f\u043e\u043b\u0443\u0447\u0435\u043d\u043d\u043e\u0433\u043e \u043e\u0442 \u0421\u0438\u043b\u044c\u0432\u0438\u0438 \u0434\u043b\u044f \u043c\u0443\u0436\u0447\u0438\u043d\u044b, \u2014 \u044d\u0442\u043e \u043e\u0449\u0443\u0449\u0435\u043d\u0438\u0435 \u0430\u0431\u0441\u043e\u043b\u044e\u0442\u043d\u043e\u0439 \u044d\u0439\u0444\u043e\u0440\u0438\u0438 \u0438 \u0437\u0430\u0440\u044f\u0434 \u0442\u0432\u043e\u0440\u0447\u0435\u0441\u043a\u043e\u0439 \u044d\u043d\u0435\u0440\u0433\u0438\u0438 \u043d\u0430 \u043d\u0435\u0441\u043a\u043e\u043b\u044c\u043a\u043e \u0434\u043d\u0435\u0439 \u0432\u043f\u0435\u0440\u0435\u0434. \u041f\u0440\u0438 \u044d\u0442\u043e\u043c \u0434\u0435\u0432\u0443\u0448\u043a\u0430 \u0434\u043e\u0441\u0442\u0430\u0432\u043b\u044f\u0435\u0442 \u0443\u0434\u043e\u0432\u043e\u043b\u044c\u0441\u0442\u0432\u0438\u0435 \u043d\u0435 \u0442\u043e\u043b\u044c\u043a\u043e \u0441\u0432\u043e\u0438\u043c\u0438 \u0434\u0435\u0439\u0441\u0442\u0432\u0438\u044f\u043c\u0438, \u043d\u043e \u0438 \u0441\u043e\u0432\u0435\u0440\u0448\u0435\u043d\u043d\u044b\u043c\u0438 \u0444\u043e\u0440\u043c\u0430\u043c\u0438 \u0441\u0432\u043e\u0435\u0433\u043e \u0442\u0435\u043b\u0430. \u0418\u043c\u0435\u043d\u043d\u043e \u0441\u043e\u0447\u0435\u0442\u0430\u043d\u0438\u0435 \u044d\u0441\u0442\u0435\u0442\u0438\u0447\u0435\u0441\u043a\u043e\u0433\u043e \u0438 \u0444\u0438\u0437\u0438\u0447\u0435\u0441\u043a\u043e\u0433\u043e \u0443\u0434\u043e\u0432\u043e\u043b\u044c\u0441\u0442\u0432\u0438\u044f \u0434\u0435\u043b\u0430\u0435\u0442 \u043d\u0430\u0448 \u043c\u0443\u0436\u0441\u043a\u043e\u0439 \u043c\u0430\u0441\u0441\u0430\u0436 \u043d\u0435\u0437\u0430\u0431\u044b\u0432\u0430\u0435\u043c\u044b\u043c.<\/p>\n\n\n\n<p>\u0425\u043e\u0442\u0438\u0442\u0435 \u043e\u043a\u0443\u043d\u0443\u0442\u044c\u0441\u044f \u0432 \u043f\u0443\u0447\u0438\u043d\u0443 \u043d\u0430\u0441\u043b\u0430\u0436\u0434\u0435\u043d\u0438\u044f? \u0417\u0430\u043f\u0438\u0448\u0438\u0442\u0435\u0441\u044c \u043d\u0430 \u044d\u0440\u043e\u0442\u0438\u0447\u0435\u0441\u043a\u0438\u0439 \u043c\u0430\u0441\u0441\u0430\u0436 \u0434\u043b\u044f \u043c\u0443\u0436\u0447\u0438\u043d \u0432 \u041f\u0440\u0430\u0433\u0435 \u0441 \u043d\u0430\u0448\u0435\u0439 \u043a\u0440\u0430\u0441\u043e\u0442\u043a\u043e\u0439. \u041c\u044b \u0433\u0430\u0440\u0430\u043d\u0442\u0438\u0440\u0443\u0435\u043c, \u0447\u0442\u043e \u0432\u044b \u0437\u0430\u043f\u043e\u043c\u043d\u0438\u0442\u0435 \u044d\u0442\u043e\u0442 \u0447\u0430\u0441 \u043d\u0430\u0441\u043b\u0430\u0436\u0434\u0435\u043d\u0438\u044f \u043d\u0430\u0434\u043e\u043b\u0433\u043e.<\/p>\n\n\n\n<h2 class=\"wp-block-heading has-text-align-center\">\u042d\u0440\u043e\u0442\u0438\u0447\u0435\u0441\u043a\u0438\u0439 \u043c\u0430\u0441\u0441\u0430\u0436 \u043e\u0442 \u0421\u0438\u043b\u044c\u0432\u0438\u0438<\/h2>\n\n\n\n<p>\u0427\u0442\u043e\u0431\u044b \u0437\u0430\u043a\u0430\u0437\u0430\u0442\u044c \u0443\u0441\u043b\u0443\u0433\u0438 \u044d\u0440\u043e\u0442\u0438\u0447\u0435\u0441\u043a\u043e\u0433\u043e \u043c\u0430\u0441\u0441\u0430\u0436\u0430 \u043e\u0442 \u0421\u0438\u043b\u044c\u0432\u0438\u0438 \u2014 \u043f\u043e\u0437\u0432\u043e\u043d\u0438\u0442\u0435 \u043f\u043e \u0442\u0435\u043b\u0435\u0444\u043e\u043d\u0443&nbsp; <a href=\"tel:  420 720 175 506\">+420 720 175 506<\/a>&nbsp;\u043f\u0440\u044f\u043c\u043e \u0441\u0435\u0439\u0447\u0430\u0441! \u041e\u043d\u0430 \u0443\u0436\u0435 \u0436\u0434\u0435\u0442 \u0432\u0441\u0442\u0440\u0435\u0447\u0438, \u0438\u043c\u0435\u043d\u043d\u043e \u0441 \u0412\u0430\u043c\u0438! &nbsp;<\/p>\n\n\n\n<figure class=\"wp-block-gallery has-nested-images columns-default is-cropped wp-block-gallery-2 is-layout-flex wp-block-gallery-is-layout-flex\">\n<figure class=\"wp-block-image size-large\"><img decoding=\"async\" width=\"680\" height=\"1024\" data-id=\"1395\" src=\"http:\/\/prague-fenix.cz\/wp-content\/uploads\/2024\/08\/Silvia-3-680x1024.jpg\" alt=\"\" class=\"wp-image-1395\" srcset=\"https:\/\/old.prague-fenix.cz\/wp-content\/uploads\/2024\/08\/Silvia-3-680x1024.jpg 680w, https:\/\/old.prague-fenix.cz\/wp-content\/uploads\/2024\/08\/Silvia-3-199x300.jpg 199w, https:\/\/old.prague-fenix.cz\/wp-content\/uploads\/2024\/08\/Silvia-3-768x1157.jpg 768w, https:\/\/old.prague-fenix.cz\/wp-content\/uploads\/2024\/08\/Silvia-3-1020x1536.jpg 1020w, https:\/\/old.prague-fenix.cz\/wp-content\/uploads\/2024\/08\/Silvia-3-8x12.jpg 8w, https:\/\/old.prague-fenix.cz\/wp-content\/uploads\/2024\/08\/Silvia-3.jpg 1063w\" sizes=\"(max-width: 680px) 100vw, 680px\" \/><\/figure>\n\n\n\n<figure class=\"wp-block-image size-large\"><img decoding=\"async\" width=\"680\" height=\"1024\" data-id=\"1393\" src=\"http:\/\/prague-fenix.cz\/wp-content\/uploads\/2024\/08\/Silvia-2-680x1024.jpg\" alt=\"\" class=\"wp-image-1393\" srcset=\"https:\/\/old.prague-fenix.cz\/wp-content\/uploads\/2024\/08\/Silvia-2-680x1024.jpg 680w, https:\/\/old.prague-fenix.cz\/wp-content\/uploads\/2024\/08\/Silvia-2-199x300.jpg 199w, https:\/\/old.prague-fenix.cz\/wp-content\/uploads\/2024\/08\/Silvia-2-768x1157.jpg 768w, https:\/\/old.prague-fenix.cz\/wp-content\/uploads\/2024\/08\/Silvia-2-1020x1536.jpg 1020w, https:\/\/old.prague-fenix.cz\/wp-content\/uploads\/2024\/08\/Silvia-2-8x12.jpg 8w, https:\/\/old.prague-fenix.cz\/wp-content\/uploads\/2024\/08\/Silvia-2.jpg 1063w\" sizes=\"(max-width: 680px) 100vw, 680px\" \/><\/figure>\n\n\n\n<figure class=\"wp-block-image size-large\"><img loading=\"lazy\" decoding=\"async\" width=\"680\" height=\"1024\" data-id=\"1392\" src=\"http:\/\/prague-fenix.cz\/wp-content\/uploads\/2024\/08\/Silvia-680x1024.jpg\" alt=\"\" class=\"wp-image-1392\" srcset=\"https:\/\/old.prague-fenix.cz\/wp-content\/uploads\/2024\/08\/Silvia-680x1024.jpg 680w, https:\/\/old.prague-fenix.cz\/wp-content\/uploads\/2024\/08\/Silvia-199x300.jpg 199w, https:\/\/old.prague-fenix.cz\/wp-content\/uploads\/2024\/08\/Silvia-768x1157.jpg 768w, https:\/\/old.prague-fenix.cz\/wp-content\/uploads\/2024\/08\/Silvia-1020x1536.jpg 1020w, https:\/\/old.prague-fenix.cz\/wp-content\/uploads\/2024\/08\/Silvia-8x12.jpg 8w, https:\/\/old.prague-fenix.cz\/wp-content\/uploads\/2024\/08\/Silvia.jpg 1063w\" sizes=\"(max-width: 680px) 100vw, 680px\" \/><\/figure>\n<\/figure>","protected":false},"excerpt":{"rendered":"<p>\u0412\u043e\u0437\u0440\u0430\u0441\u0442: 24\u0412\u0435\u0441: 52 \u043a\u0433\u0420\u043e\u0441\u0442: 165 \u0441\u043c\u0426\u0432\u0435\u0442 \u0432\u043e\u043b\u043e\u0441: \u0431\u043b\u043e\u043d\u0434\u0438\u043d\u0420\u0430\u0437\u043c\u0435\u0440 \u0433\u0440\u0443\u0434\u0438: \u0412 (2) \u041e \u0421\u0438\u043b\u044c\u0432\u0438\u0438 \u042d\u0440\u043e\u0442\u0438\u0447\u0435\u0441\u043a\u0438\u0439 \u043c\u0430\u0441\u0441\u0430\u0436 \u0434\u043b\u044f \u043c\u0443\u0436\u0447\u0438\u043d \u2014 \u043d\u0430\u0441\u0442\u043e\u044f\u0449\u0435\u0435 \u0438\u0441\u043a\u0443\u0441\u0441\u0442\u0432\u043e. \u041e\u0432\u043b\u0430\u0434\u0435\u0442\u044c \u0438\u043c \u043d\u0435 \u0442\u0430\u043a-\u0442\u043e \u043f\u0440\u043e\u0441\u0442\u043e. \u0414\u043e\u0441\u0442\u0430\u0432\u0438\u0442\u044c \u043d\u0430\u0441\u0442\u043e\u044f\u0449\u0435\u0435 <a class=\"more-link\" href=\"https:\/\/old.prague-fenix.cz\/ru\/silvia\/\">\u041f\u0440\u043e\u0434\u043e\u043b\u0436\u0438\u0442\u044c \u0447\u0442\u0435\u043d\u0438\u0435 \u2192<\/a><\/p>","protected":false},"author":3,"featured_media":1443,"parent":0,"menu_order":0,"comment_status":"closed","ping_status":"closed","template":"","meta":{"footnotes":""},"class_list":["post-1363","page","type-page","status-publish","has-post-thumbnail","hentry"],"yoast_head":"<!-- This site is optimized with the Yoast SEO plugin v25.0 - https:\/\/yoast.com\/wordpress\/plugins\/seo\/ -->\n<title>Erotic massage by Silvia - Salon Prague Fenix<\/title>\n<meta name=\"description\" content=\"Masseuse Silvia at the erotic massage salon Prague Fenix. Learn more about Silvia and the services she offers. Book a massage with Silvia\" \/>\n<meta name=\"robots\" content=\"noindex, follow, max-snippet:-1, max-image-preview:large, max-video-preview:-1\" \/>\n<meta property=\"og:locale\" content=\"ru_RU\" \/>\n<meta property=\"og:type\" content=\"article\" \/>\n<meta property=\"og:title\" content=\"Erotic massage by Silvia - Salon Prague Fenix\" \/>\n<meta property=\"og:description\" content=\"Masseuse Silvia at the erotic massage salon Prague Fenix. Learn more about Silvia and the services she offers. Book a massage with Silvia\" \/>\n<meta property=\"og:url\" content=\"https:\/\/old.prague-fenix.cz\/ru\/silvia\/\" \/>\n<meta property=\"og:site_name\" content=\"Erotic massage salon Prague Fenix\" \/>\n<meta property=\"article:modified_time\" content=\"2024-08-21T19:11:37+00:00\" \/>\n<meta property=\"og:image\" content=\"https:\/\/old.prague-fenix.cz\/wp-content\/uploads\/2024\/08\/sevilja.png\" \/>\n\t<meta property=\"og:image:width\" content=\"900\" \/>\n\t<meta property=\"og:image:height\" content=\"720\" \/>\n\t<meta property=\"og:image:type\" content=\"image\/png\" \/>\n<meta name=\"twitter:card\" content=\"summary_large_image\" \/>\n<meta name=\"twitter:label1\" content=\"\u041f\u0440\u0438\u043c\u0435\u0440\u043d\u043e\u0435 \u0432\u0440\u0435\u043c\u044f \u0434\u043b\u044f \u0447\u0442\u0435\u043d\u0438\u044f\" \/>\n\t<meta name=\"twitter:data1\" content=\"3 \u043c\u0438\u043d\u0443\u0442\u044b\" \/>\n<script type=\"application\/ld+json\" class=\"yoast-schema-graph\">{\"@context\":\"https:\/\/schema.org\",\"@graph\":[{\"@type\":\"WebPage\",\"@id\":\"https:\/\/old.prague-fenix.cz\/silvia\/\",\"url\":\"https:\/\/old.prague-fenix.cz\/silvia\/\",\"name\":\"Erotic massage by Silvia - Salon Prague Fenix\",\"isPartOf\":{\"@id\":\"https:\/\/old.prague-fenix.cz\/#website\"},\"primaryImageOfPage\":{\"@id\":\"https:\/\/old.prague-fenix.cz\/silvia\/#primaryimage\"},\"image\":{\"@id\":\"https:\/\/old.prague-fenix.cz\/silvia\/#primaryimage\"},\"thumbnailUrl\":\"https:\/\/old.prague-fenix.cz\/wp-content\/uploads\/2024\/08\/sevilja.png\",\"datePublished\":\"2024-08-18T17:37:05+00:00\",\"dateModified\":\"2024-08-21T19:11:37+00:00\",\"description\":\"Masseuse Silvia at the erotic massage salon Prague Fenix. Learn more about Silvia and the services she offers. Book a massage with Silvia\",\"breadcrumb\":{\"@id\":\"https:\/\/old.prague-fenix.cz\/silvia\/#breadcrumb\"},\"inLanguage\":\"ru-RU\",\"potentialAction\":[{\"@type\":\"ReadAction\",\"target\":[\"https:\/\/old.prague-fenix.cz\/silvia\/\"]}]},{\"@type\":\"ImageObject\",\"inLanguage\":\"ru-RU\",\"@id\":\"https:\/\/old.prague-fenix.cz\/silvia\/#primaryimage\",\"url\":\"https:\/\/old.prague-fenix.cz\/wp-content\/uploads\/2024\/08\/sevilja.png\",\"contentUrl\":\"https:\/\/old.prague-fenix.cz\/wp-content\/uploads\/2024\/08\/sevilja.png\",\"width\":900,\"height\":720,\"caption\":\"sevilja\"},{\"@type\":\"BreadcrumbList\",\"@id\":\"https:\/\/old.prague-fenix.cz\/silvia\/#breadcrumb\",\"itemListElement\":[{\"@type\":\"ListItem\",\"position\":1,\"name\":\"Dom\u016f\",\"item\":\"https:\/\/old.prague-fenix.cz\/\"},{\"@type\":\"ListItem\",\"position\":2,\"name\":\"Silvia\"}]},{\"@type\":\"WebSite\",\"@id\":\"https:\/\/old.prague-fenix.cz\/#website\",\"url\":\"https:\/\/old.prague-fenix.cz\/\",\"name\":\"Erotick\u00fd mas\u00e1\u017en\u00ed sal\u00f3n Prague F\u00e9nix\",\"description\":\"Massage salon and erotic massages, body to body, tantra, mix, nuru and lingam massage, lesbian show, BDSM massage.\",\"publisher\":{\"@id\":\"https:\/\/old.prague-fenix.cz\/#\/schema\/person\/2ba77174c6f44cc2bc3d0f5e8ba640d6\"},\"potentialAction\":[{\"@type\":\"SearchAction\",\"target\":{\"@type\":\"EntryPoint\",\"urlTemplate\":\"https:\/\/old.prague-fenix.cz\/?s={search_term_string}\"},\"query-input\":{\"@type\":\"PropertyValueSpecification\",\"valueRequired\":true,\"valueName\":\"search_term_string\"}}],\"inLanguage\":\"ru-RU\"},{\"@type\":[\"Person\",\"Organization\"],\"@id\":\"https:\/\/old.prague-fenix.cz\/#\/schema\/person\/2ba77174c6f44cc2bc3d0f5e8ba640d6\",\"name\":\"Prague Fenix\",\"image\":{\"@type\":\"ImageObject\",\"inLanguage\":\"ru-RU\",\"@id\":\"https:\/\/old.prague-fenix.cz\/#\/schema\/person\/image\/\",\"url\":\"https:\/\/prague-fenix.cz\/wp-content\/uploads\/2023\/05\/prague-fenix.cz-logo-e1684684035397.png\",\"contentUrl\":\"https:\/\/prague-fenix.cz\/wp-content\/uploads\/2023\/05\/prague-fenix.cz-logo-e1684684035397.png\",\"width\":675,\"height\":675,\"caption\":\"Prague Fenix\"},\"logo\":{\"@id\":\"https:\/\/old.prague-fenix.cz\/#\/schema\/person\/image\/\"},\"sameAs\":[\"http:\/\/www.prague-fenix.cz\"]}]}<\/script>\n<!-- \/ Yoast SEO plugin. -->","yoast_head_json":{"title":"Erotic massage by Silvia - Salon Prague Fenix","description":"Masseuse Silvia at the erotic massage salon Prague Fenix. Learn more about Silvia and the services she offers. Book a massage with Silvia","robots":{"index":"noindex","follow":"follow","max-snippet":"max-snippet:-1","max-image-preview":"max-image-preview:large","max-video-preview":"max-video-preview:-1"},"og_locale":"ru_RU","og_type":"article","og_title":"Erotic massage by Silvia - Salon Prague Fenix","og_description":"Masseuse Silvia at the erotic massage salon Prague Fenix. Learn more about Silvia and the services she offers. Book a massage with Silvia","og_url":"https:\/\/old.prague-fenix.cz\/ru\/silvia\/","og_site_name":"Erotic massage salon Prague Fenix","article_modified_time":"2024-08-21T19:11:37+00:00","og_image":[{"width":900,"height":720,"url":"https:\/\/old.prague-fenix.cz\/wp-content\/uploads\/2024\/08\/sevilja.png","type":"image\/png"}],"twitter_card":"summary_large_image","twitter_misc":{"\u041f\u0440\u0438\u043c\u0435\u0440\u043d\u043e\u0435 \u0432\u0440\u0435\u043c\u044f \u0434\u043b\u044f \u0447\u0442\u0435\u043d\u0438\u044f":"3 \u043c\u0438\u043d\u0443\u0442\u044b"},"schema":{"@context":"https:\/\/schema.org","@graph":[{"@type":"WebPage","@id":"https:\/\/old.prague-fenix.cz\/silvia\/","url":"https:\/\/old.prague-fenix.cz\/silvia\/","name":"Erotic massage by Silvia - Salon Prague Fenix","isPartOf":{"@id":"https:\/\/old.prague-fenix.cz\/#website"},"primaryImageOfPage":{"@id":"https:\/\/old.prague-fenix.cz\/silvia\/#primaryimage"},"image":{"@id":"https:\/\/old.prague-fenix.cz\/silvia\/#primaryimage"},"thumbnailUrl":"https:\/\/old.prague-fenix.cz\/wp-content\/uploads\/2024\/08\/sevilja.png","datePublished":"2024-08-18T17:37:05+00:00","dateModified":"2024-08-21T19:11:37+00:00","description":"Masseuse Silvia at the erotic massage salon Prague Fenix. Learn more about Silvia and the services she offers. Book a massage with Silvia","breadcrumb":{"@id":"https:\/\/old.prague-fenix.cz\/silvia\/#breadcrumb"},"inLanguage":"ru-RU","potentialAction":[{"@type":"ReadAction","target":["https:\/\/old.prague-fenix.cz\/silvia\/"]}]},{"@type":"ImageObject","inLanguage":"ru-RU","@id":"https:\/\/old.prague-fenix.cz\/silvia\/#primaryimage","url":"https:\/\/old.prague-fenix.cz\/wp-content\/uploads\/2024\/08\/sevilja.png","contentUrl":"https:\/\/old.prague-fenix.cz\/wp-content\/uploads\/2024\/08\/sevilja.png","width":900,"height":720,"caption":"sevilja"},{"@type":"BreadcrumbList","@id":"https:\/\/old.prague-fenix.cz\/silvia\/#breadcrumb","itemListElement":[{"@type":"ListItem","position":1,"name":"Dom\u016f","item":"https:\/\/old.prague-fenix.cz\/"},{"@type":"ListItem","position":2,"name":"Silvia"}]},{"@type":"WebSite","@id":"https:\/\/old.prague-fenix.cz\/#website","url":"https:\/\/old.prague-fenix.cz\/","name":"Erotick\u00fd mas\u00e1\u017en\u00ed sal\u00f3n Prague F\u00e9nix","description":"Massage salon and erotic massages, body to body, tantra, mix, nuru and lingam massage, lesbian show, BDSM massage.","publisher":{"@id":"https:\/\/old.prague-fenix.cz\/#\/schema\/person\/2ba77174c6f44cc2bc3d0f5e8ba640d6"},"potentialAction":[{"@type":"SearchAction","target":{"@type":"EntryPoint","urlTemplate":"https:\/\/old.prague-fenix.cz\/?s={search_term_string}"},"query-input":{"@type":"PropertyValueSpecification","valueRequired":true,"valueName":"search_term_string"}}],"inLanguage":"ru-RU"},{"@type":["Person","Organization"],"@id":"https:\/\/old.prague-fenix.cz\/#\/schema\/person\/2ba77174c6f44cc2bc3d0f5e8ba640d6","name":"Prague Fenix","image":{"@type":"ImageObject","inLanguage":"ru-RU","@id":"https:\/\/old.prague-fenix.cz\/#\/schema\/person\/image\/","url":"https:\/\/prague-fenix.cz\/wp-content\/uploads\/2023\/05\/prague-fenix.cz-logo-e1684684035397.png","contentUrl":"https:\/\/prague-fenix.cz\/wp-content\/uploads\/2023\/05\/prague-fenix.cz-logo-e1684684035397.png","width":675,"height":675,"caption":"Prague Fenix"},"logo":{"@id":"https:\/\/old.prague-fenix.cz\/#\/schema\/person\/image\/"},"sameAs":["http:\/\/www.prague-fenix.cz"]}]}},"_links":{"self":[{"href":"https:\/\/old.prague-fenix.cz\/ru\/wp-json\/wp\/v2\/pages\/1363","targetHints":{"allow":["GET"]}}],"collection":[{"href":"https:\/\/old.prague-fenix.cz\/ru\/wp-json\/wp\/v2\/pages"}],"about":[{"href":"https:\/\/old.prague-fenix.cz\/ru\/wp-json\/wp\/v2\/types\/page"}],"author":[{"embeddable":true,"href":"https:\/\/old.prague-fenix.cz\/ru\/wp-json\/wp\/v2\/users\/3"}],"replies":[{"embeddable":true,"href":"https:\/\/old.prague-fenix.cz\/ru\/wp-json\/wp\/v2\/comments?post=1363"}],"version-history":[{"count":0,"href":"https:\/\/old.prague-fenix.cz\/ru\/wp-json\/wp\/v2\/pages\/1363\/revisions"}],"wp:featuredmedia":[{"embeddable":true,"href":"https:\/\/old.prague-fenix.cz\/ru\/wp-json\/wp\/v2\/media\/1443"}],"wp:attachment":[{"href":"https:\/\/old.prague-fenix.cz\/ru\/wp-json\/wp\/v2\/media?parent=1363"}],"curies":[{"name":"wp","href":"https:\/\/api.w.org\/{rel}","templated":true}]}}