{"id":1359,"date":"2024-08-18T18:36:13","date_gmt":"2024-08-18T17:36:13","guid":{"rendered":"https:\/\/prague-fenix.cz\/?page_id=1359"},"modified":"2025-01-24T22:11:15","modified_gmt":"2025-01-24T21:11:15","slug":"alexa","status":"publish","type":"page","link":"https:\/\/old.prague-fenix.cz\/ru\/alexa\/","title":{"rendered":"\u0410\u043b\u0435\u043a\u0441\u0430"},"content":{"rendered":"<p><strong>\u0412\u043e\u0437\u0440\u0430\u0441\u0442<\/strong>: 22<br><strong>\u0412\u0435\u0441<\/strong>: 55 \u043a\u0433<br><strong>\u0420\u043e\u0441\u0442<\/strong>: 164 \u0441\u043c<br><strong>\u0426\u0432\u0435\u0442 \u0432\u043e\u043b\u043e\u0441<\/strong>: \u0431\u043b\u043e\u043d\u0434\u0438\u043d<br><strong>\u0420\u0430\u0437\u043c\u0435\u0440 \u0433\u0440\u0443\u0434\u0438<\/strong>: \u0412 (2)<\/p>\n\n\n\n<figure class=\"wp-block-gallery has-nested-images columns-default is-cropped wp-block-gallery-1 is-layout-flex wp-block-gallery-is-layout-flex\">\n<figure class=\"wp-block-image size-large\"><img fetchpriority=\"high\" decoding=\"async\" width=\"1024\" height=\"683\" data-id=\"1662\" src=\"http:\/\/prague-fenix.cz\/wp-content\/uploads\/2025\/01\/Alexa-5-1024x683.jpg\" alt=\"\" class=\"wp-image-1662\" srcset=\"https:\/\/old.prague-fenix.cz\/wp-content\/uploads\/2025\/01\/Alexa-5-1024x683.jpg 1024w, https:\/\/old.prague-fenix.cz\/wp-content\/uploads\/2025\/01\/Alexa-5-300x200.jpg 300w, https:\/\/old.prague-fenix.cz\/wp-content\/uploads\/2025\/01\/Alexa-5-768x512.jpg 768w, https:\/\/old.prague-fenix.cz\/wp-content\/uploads\/2025\/01\/Alexa-5-18x12.jpg 18w, https:\/\/old.prague-fenix.cz\/wp-content\/uploads\/2025\/01\/Alexa-5.jpg 1200w\" sizes=\"(max-width: 1024px) 100vw, 1024px\" \/><\/figure>\n<\/figure>\n\n\n\n<h2 class=\"wp-block-heading has-text-align-center\">\u041e \u0410\u043b\u0435\u043a\u0441\u0435<\/h2>\n\n\n\n<p>\u041a\u0430\u043a \u043d\u0430\u0441\u0447\u0435\u0442 \u043a\u0440\u0430\u0441\u0438\u0432\u043e\u0439, \u0443\u043c\u043d\u043e\u0439 \u0438 \u043b\u043e\u0432\u043a\u043e\u0439. \u0418 \u044d\u0442\u043e \u0432\u0441\u0435 \u043f\u0440\u043e \u0410\u043b\u0435\u043a\u0441. \u0415\u0439 \u0432\u0441\u0435\u0433\u043e 22 \u0433\u043e\u0434\u0430, \u0430 \u043e\u043d\u0430 \u0443\u0436\u0435 \u043c\u0430\u0441\u0442\u0435\u0440\u0441\u043a\u0438 \u0434\u0435\u043b\u0430\u0435\u0442 \u043c\u0430\u0441\u0441\u0430\u0436. \u0415\u0435 \u043d\u0435\u0436\u043d\u044b\u0435 \u0440\u0443\u043a\u0438 \u0442\u043e\u0447\u043d\u043e \u0437\u043d\u0430\u044e\u0442, \u043a\u0430\u043a \u0441\u0434\u0435\u043b\u0430\u0442\u044c \u0440\u0430\u0441\u0441\u043b\u0430\u0431\u043b\u044f\u044e\u0449\u0438\u0439 \u043c\u0430\u0441\u0441\u0430\u0436 \u0438 \u0434\u043e\u0432\u0435\u0441\u0442\u0438 \u0432\u0430\u0448\u0435 \u0442\u0435\u043b\u043e \u0434\u043e \u044d\u043a\u0441\u0442\u0430\u0437\u0430. \u0415\u0441\u043b\u0438 \u0432\u044b \u0441\u0435\u0439\u0447\u0430\u0441 \u0432 \u041f\u0440\u0430\u0433\u0435 \u0438\u043b\u0438 \u043f\u043b\u0430\u043d\u0438\u0440\u0443\u0435\u0442\u0435 \u043f\u0440\u0438\u0435\u0445\u0430\u0442\u044c \u0432 \u041f\u0440\u0430\u0433\u0443 \u0432 \u0431\u043b\u0438\u0436\u0430\u0439\u0448\u0435\u0435 \u0432\u0440\u0435\u043c\u044f, \u044f \u043f\u0440\u0438\u0432\u0435\u0442\u0441\u0442\u0432\u0443\u044e \u0432\u0430\u0441. \u0423 \u0432\u0430\u0441 \u0435\u0441\u0442\u044c \u0432\u043e\u0437\u043c\u043e\u0436\u043d\u043e\u0441\u0442\u044c \u043f\u043e\u043f\u0440\u043e\u0431\u043e\u0432\u0430\u0442\u044c \u043b\u0443\u0447\u0448\u0438\u0439 \u0440\u0430\u0441\u0441\u043b\u0430\u0431\u043b\u044f\u044e\u0449\u0438\u0439 \u043c\u0430\u0441\u0441\u0430\u0436.<\/p>\n\n\n\n<h2 class=\"wp-block-heading has-text-align-center\">\u042d\u0440\u043e\u0442\u0438\u0447\u0435\u0441\u043a\u0438\u0439 \u043c\u0430\u0441\u0441\u0430\u0436 \u043e\u0442 \u0410\u043b\u0435\u043a\u0441\u044b<\/h2>\n\n\n\n<p>\u0427\u0442\u043e\u0431\u044b \u0437\u0430\u043a\u0430\u0437\u0430\u0442\u044c \u0443\u0441\u043b\u0443\u0433\u0438 \u044d\u0440\u043e\u0442\u0438\u0447\u0435\u0441\u043a\u043e\u0433\u043e \u043c\u0430\u0441\u0441\u0430\u0436\u0430 \u043e\u0442 \u0410\u043b\u0435\u043a\u0441\u044b \u2014 \u043f\u043e\u0437\u0432\u043e\u043d\u0438\u0442\u0435 \u043f\u043e \u0442\u0435\u043b\u0435\u0444\u043e\u043d\u0443&nbsp; <a href=\"tel:  420 720 175 506\">+420 720 175 506<\/a>&nbsp;\u043f\u0440\u044f\u043c\u043e \u0441\u0435\u0439\u0447\u0430\u0441! \u041e\u043d\u0430 \u0443\u0436\u0435 \u0436\u0434\u0435\u0442 \u0432\u0441\u0442\u0440\u0435\u0447\u0438, \u0438\u043c\u0435\u043d\u043d\u043e \u0441 \u0412\u0430\u043c\u0438! &nbsp;<\/p>\n\n\n\n<figure class=\"wp-block-gallery has-nested-images columns-default is-cropped wp-block-gallery-2 is-layout-flex wp-block-gallery-is-layout-flex\">\n<figure class=\"wp-block-image size-large\"><img decoding=\"async\" width=\"683\" height=\"1024\" data-id=\"1660\" src=\"http:\/\/prague-fenix.cz\/wp-content\/uploads\/2025\/01\/Alexa-3-683x1024.jpg\" alt=\"\" class=\"wp-image-1660\" srcset=\"https:\/\/old.prague-fenix.cz\/wp-content\/uploads\/2025\/01\/Alexa-3-683x1024.jpg 683w, https:\/\/old.prague-fenix.cz\/wp-content\/uploads\/2025\/01\/Alexa-3-200x300.jpg 200w, https:\/\/old.prague-fenix.cz\/wp-content\/uploads\/2025\/01\/Alexa-3-768x1152.jpg 768w, https:\/\/old.prague-fenix.cz\/wp-content\/uploads\/2025\/01\/Alexa-3-1024x1536.jpg 1024w, https:\/\/old.prague-fenix.cz\/wp-content\/uploads\/2025\/01\/Alexa-3-8x12.jpg 8w, https:\/\/old.prague-fenix.cz\/wp-content\/uploads\/2025\/01\/Alexa-3.jpg 1200w\" sizes=\"(max-width: 683px) 100vw, 683px\" \/><\/figure>\n\n\n\n<figure class=\"wp-block-image size-large\"><img decoding=\"async\" width=\"699\" height=\"1024\" data-id=\"1661\" src=\"http:\/\/prague-fenix.cz\/wp-content\/uploads\/2025\/01\/Alexa-4-699x1024.jpg\" alt=\"\" class=\"wp-image-1661\" srcset=\"https:\/\/old.prague-fenix.cz\/wp-content\/uploads\/2025\/01\/Alexa-4-699x1024.jpg 699w, https:\/\/old.prague-fenix.cz\/wp-content\/uploads\/2025\/01\/Alexa-4-205x300.jpg 205w, https:\/\/old.prague-fenix.cz\/wp-content\/uploads\/2025\/01\/Alexa-4-768x1124.jpg 768w, https:\/\/old.prague-fenix.cz\/wp-content\/uploads\/2025\/01\/Alexa-4-1049x1536.jpg 1049w, https:\/\/old.prague-fenix.cz\/wp-content\/uploads\/2025\/01\/Alexa-4-8x12.jpg 8w, https:\/\/old.prague-fenix.cz\/wp-content\/uploads\/2025\/01\/Alexa-4.jpg 1200w\" sizes=\"(max-width: 699px) 100vw, 699px\" \/><\/figure>\n\n\n\n<figure class=\"wp-block-image size-large\"><img loading=\"lazy\" decoding=\"async\" width=\"699\" height=\"1024\" data-id=\"1659\" src=\"http:\/\/prague-fenix.cz\/wp-content\/uploads\/2025\/01\/Alexa-2-699x1024.jpg\" alt=\"\" class=\"wp-image-1659\" srcset=\"https:\/\/old.prague-fenix.cz\/wp-content\/uploads\/2025\/01\/Alexa-2-699x1024.jpg 699w, https:\/\/old.prague-fenix.cz\/wp-content\/uploads\/2025\/01\/Alexa-2-205x300.jpg 205w, https:\/\/old.prague-fenix.cz\/wp-content\/uploads\/2025\/01\/Alexa-2-768x1124.jpg 768w, https:\/\/old.prague-fenix.cz\/wp-content\/uploads\/2025\/01\/Alexa-2-1049x1536.jpg 1049w, https:\/\/old.prague-fenix.cz\/wp-content\/uploads\/2025\/01\/Alexa-2-8x12.jpg 8w, https:\/\/old.prague-fenix.cz\/wp-content\/uploads\/2025\/01\/Alexa-2.jpg 1200w\" sizes=\"(max-width: 699px) 100vw, 699px\" \/><\/figure>\n<\/figure>","protected":false},"excerpt":{"rendered":"<p>\u0412\u043e\u0437\u0440\u0430\u0441\u0442: 22\u0412\u0435\u0441: 55 \u043a\u0433\u0420\u043e\u0441\u0442: 164 \u0441\u043c\u0426\u0432\u0435\u0442 \u0432\u043e\u043b\u043e\u0441: \u0431\u043b\u043e\u043d\u0434\u0438\u043d\u0420\u0430\u0437\u043c\u0435\u0440 \u0433\u0440\u0443\u0434\u0438: \u0412 (2) \u041e \u0410\u043b\u0435\u043a\u0441\u0435 \u041a\u0430\u043a \u043d\u0430\u0441\u0447\u0435\u0442 \u043a\u0440\u0430\u0441\u0438\u0432\u043e\u0439, \u0443\u043c\u043d\u043e\u0439 \u0438 \u043b\u043e\u0432\u043a\u043e\u0439. \u0418 \u044d\u0442\u043e \u0432\u0441\u0435 \u043e\u0431 \u0410\u043b\u0435\u043a\u0441\u0435. \u0415\u0439 \u0432\u0441\u0435\u0433\u043e 22 \u0433\u043e\u0434\u0430, <a class=\"more-link\" href=\"https:\/\/old.prague-fenix.cz\/ru\/alexa\/\">\u041f\u0440\u043e\u0434\u043e\u043b\u0436\u0438\u0442\u044c \u0447\u0442\u0435\u043d\u0438\u0435 \u2192<\/a><\/p>","protected":false},"author":3,"featured_media":1436,"parent":0,"menu_order":0,"comment_status":"closed","ping_status":"closed","template":"","meta":{"footnotes":""},"class_list":["post-1359","page","type-page","status-publish","has-post-thumbnail","hentry"],"yoast_head":"<!-- This site is optimized with the Yoast SEO plugin v25.0 - https:\/\/yoast.com\/wordpress\/plugins\/seo\/ -->\n<title>Erotic massage by Alexa - Salon Prague Fenix<\/title>\n<meta name=\"description\" content=\"Masseuse Alexa at the erotic massage salon Prague Fenix. Learn more about Alexa and the services she offers. Book a massage with Alexa\" \/>\n<meta name=\"robots\" content=\"noindex, follow, max-snippet:-1, max-image-preview:large, max-video-preview:-1\" \/>\n<meta property=\"og:locale\" content=\"ru_RU\" \/>\n<meta property=\"og:type\" content=\"article\" \/>\n<meta property=\"og:title\" content=\"Erotic massage by Alexa - Salon Prague Fenix\" \/>\n<meta property=\"og:description\" content=\"Masseuse Alexa at the erotic massage salon Prague Fenix. Learn more about Alexa and the services she offers. Book a massage with Alexa\" \/>\n<meta property=\"og:url\" content=\"https:\/\/old.prague-fenix.cz\/ru\/alexa\/\" \/>\n<meta property=\"og:site_name\" content=\"Erotic massage salon Prague Fenix\" \/>\n<meta property=\"article:modified_time\" content=\"2025-01-24T21:11:15+00:00\" \/>\n<meta property=\"og:image\" content=\"https:\/\/old.prague-fenix.cz\/wp-content\/uploads\/2024\/08\/alexa.png\" \/>\n\t<meta property=\"og:image:width\" content=\"900\" \/>\n\t<meta property=\"og:image:height\" content=\"720\" \/>\n\t<meta property=\"og:image:type\" content=\"image\/png\" \/>\n<meta name=\"twitter:card\" content=\"summary_large_image\" \/>\n<meta name=\"twitter:label1\" content=\"\u041f\u0440\u0438\u043c\u0435\u0440\u043d\u043e\u0435 \u0432\u0440\u0435\u043c\u044f \u0434\u043b\u044f \u0447\u0442\u0435\u043d\u0438\u044f\" \/>\n\t<meta name=\"twitter:data1\" content=\"2 \u043c\u0438\u043d\u0443\u0442\u044b\" \/>\n<script type=\"application\/ld+json\" class=\"yoast-schema-graph\">{\"@context\":\"https:\/\/schema.org\",\"@graph\":[{\"@type\":\"WebPage\",\"@id\":\"https:\/\/old.prague-fenix.cz\/alexa\/\",\"url\":\"https:\/\/old.prague-fenix.cz\/alexa\/\",\"name\":\"Erotic massage by Alexa - Salon Prague Fenix\",\"isPartOf\":{\"@id\":\"https:\/\/old.prague-fenix.cz\/#website\"},\"primaryImageOfPage\":{\"@id\":\"https:\/\/old.prague-fenix.cz\/alexa\/#primaryimage\"},\"image\":{\"@id\":\"https:\/\/old.prague-fenix.cz\/alexa\/#primaryimage\"},\"thumbnailUrl\":\"https:\/\/old.prague-fenix.cz\/wp-content\/uploads\/2024\/08\/alexa.png\",\"datePublished\":\"2024-08-18T17:36:13+00:00\",\"dateModified\":\"2025-01-24T21:11:15+00:00\",\"description\":\"Masseuse Alexa at the erotic massage salon Prague Fenix. Learn more about Alexa and the services she offers. Book a massage with Alexa\",\"breadcrumb\":{\"@id\":\"https:\/\/old.prague-fenix.cz\/alexa\/#breadcrumb\"},\"inLanguage\":\"ru-RU\",\"potentialAction\":[{\"@type\":\"ReadAction\",\"target\":[\"https:\/\/old.prague-fenix.cz\/alexa\/\"]}]},{\"@type\":\"ImageObject\",\"inLanguage\":\"ru-RU\",\"@id\":\"https:\/\/old.prague-fenix.cz\/alexa\/#primaryimage\",\"url\":\"https:\/\/old.prague-fenix.cz\/wp-content\/uploads\/2024\/08\/alexa.png\",\"contentUrl\":\"https:\/\/old.prague-fenix.cz\/wp-content\/uploads\/2024\/08\/alexa.png\",\"width\":900,\"height\":720},{\"@type\":\"BreadcrumbList\",\"@id\":\"https:\/\/old.prague-fenix.cz\/alexa\/#breadcrumb\",\"itemListElement\":[{\"@type\":\"ListItem\",\"position\":1,\"name\":\"Dom\u016f\",\"item\":\"https:\/\/old.prague-fenix.cz\/\"},{\"@type\":\"ListItem\",\"position\":2,\"name\":\"Alexa\"}]},{\"@type\":\"WebSite\",\"@id\":\"https:\/\/old.prague-fenix.cz\/#website\",\"url\":\"https:\/\/old.prague-fenix.cz\/\",\"name\":\"Erotick\u00fd mas\u00e1\u017en\u00ed sal\u00f3n Prague F\u00e9nix\",\"description\":\"Massage salon and erotic massages, body to body, tantra, mix, nuru and lingam massage, lesbian show, BDSM massage.\",\"publisher\":{\"@id\":\"https:\/\/old.prague-fenix.cz\/#\/schema\/person\/2ba77174c6f44cc2bc3d0f5e8ba640d6\"},\"potentialAction\":[{\"@type\":\"SearchAction\",\"target\":{\"@type\":\"EntryPoint\",\"urlTemplate\":\"https:\/\/old.prague-fenix.cz\/?s={search_term_string}\"},\"query-input\":{\"@type\":\"PropertyValueSpecification\",\"valueRequired\":true,\"valueName\":\"search_term_string\"}}],\"inLanguage\":\"ru-RU\"},{\"@type\":[\"Person\",\"Organization\"],\"@id\":\"https:\/\/old.prague-fenix.cz\/#\/schema\/person\/2ba77174c6f44cc2bc3d0f5e8ba640d6\",\"name\":\"Prague Fenix\",\"image\":{\"@type\":\"ImageObject\",\"inLanguage\":\"ru-RU\",\"@id\":\"https:\/\/old.prague-fenix.cz\/#\/schema\/person\/image\/\",\"url\":\"https:\/\/prague-fenix.cz\/wp-content\/uploads\/2023\/05\/prague-fenix.cz-logo-e1684684035397.png\",\"contentUrl\":\"https:\/\/prague-fenix.cz\/wp-content\/uploads\/2023\/05\/prague-fenix.cz-logo-e1684684035397.png\",\"width\":675,\"height\":675,\"caption\":\"Prague Fenix\"},\"logo\":{\"@id\":\"https:\/\/old.prague-fenix.cz\/#\/schema\/person\/image\/\"},\"sameAs\":[\"http:\/\/www.prague-fenix.cz\"]}]}<\/script>\n<!-- \/ Yoast SEO plugin. -->","yoast_head_json":{"title":"Erotic massage by Alexa - Salon Prague Fenix","description":"Masseuse Alexa at the erotic massage salon Prague Fenix. Learn more about Alexa and the services she offers. Book a massage with Alexa","robots":{"index":"noindex","follow":"follow","max-snippet":"max-snippet:-1","max-image-preview":"max-image-preview:large","max-video-preview":"max-video-preview:-1"},"og_locale":"ru_RU","og_type":"article","og_title":"Erotic massage by Alexa - Salon Prague Fenix","og_description":"Masseuse Alexa at the erotic massage salon Prague Fenix. Learn more about Alexa and the services she offers. Book a massage with Alexa","og_url":"https:\/\/old.prague-fenix.cz\/ru\/alexa\/","og_site_name":"Erotic massage salon Prague Fenix","article_modified_time":"2025-01-24T21:11:15+00:00","og_image":[{"width":900,"height":720,"url":"https:\/\/old.prague-fenix.cz\/wp-content\/uploads\/2024\/08\/alexa.png","type":"image\/png"}],"twitter_card":"summary_large_image","twitter_misc":{"\u041f\u0440\u0438\u043c\u0435\u0440\u043d\u043e\u0435 \u0432\u0440\u0435\u043c\u044f \u0434\u043b\u044f \u0447\u0442\u0435\u043d\u0438\u044f":"2 \u043c\u0438\u043d\u0443\u0442\u044b"},"schema":{"@context":"https:\/\/schema.org","@graph":[{"@type":"WebPage","@id":"https:\/\/old.prague-fenix.cz\/alexa\/","url":"https:\/\/old.prague-fenix.cz\/alexa\/","name":"Erotic massage by Alexa - Salon Prague Fenix","isPartOf":{"@id":"https:\/\/old.prague-fenix.cz\/#website"},"primaryImageOfPage":{"@id":"https:\/\/old.prague-fenix.cz\/alexa\/#primaryimage"},"image":{"@id":"https:\/\/old.prague-fenix.cz\/alexa\/#primaryimage"},"thumbnailUrl":"https:\/\/old.prague-fenix.cz\/wp-content\/uploads\/2024\/08\/alexa.png","datePublished":"2024-08-18T17:36:13+00:00","dateModified":"2025-01-24T21:11:15+00:00","description":"Masseuse Alexa at the erotic massage salon Prague Fenix. Learn more about Alexa and the services she offers. Book a massage with Alexa","breadcrumb":{"@id":"https:\/\/old.prague-fenix.cz\/alexa\/#breadcrumb"},"inLanguage":"ru-RU","potentialAction":[{"@type":"ReadAction","target":["https:\/\/old.prague-fenix.cz\/alexa\/"]}]},{"@type":"ImageObject","inLanguage":"ru-RU","@id":"https:\/\/old.prague-fenix.cz\/alexa\/#primaryimage","url":"https:\/\/old.prague-fenix.cz\/wp-content\/uploads\/2024\/08\/alexa.png","contentUrl":"https:\/\/old.prague-fenix.cz\/wp-content\/uploads\/2024\/08\/alexa.png","width":900,"height":720},{"@type":"BreadcrumbList","@id":"https:\/\/old.prague-fenix.cz\/alexa\/#breadcrumb","itemListElement":[{"@type":"ListItem","position":1,"name":"Dom\u016f","item":"https:\/\/old.prague-fenix.cz\/"},{"@type":"ListItem","position":2,"name":"Alexa"}]},{"@type":"WebSite","@id":"https:\/\/old.prague-fenix.cz\/#website","url":"https:\/\/old.prague-fenix.cz\/","name":"Erotick\u00fd mas\u00e1\u017en\u00ed sal\u00f3n Prague F\u00e9nix","description":"Massage salon and erotic massages, body to body, tantra, mix, nuru and lingam massage, lesbian show, BDSM massage.","publisher":{"@id":"https:\/\/old.prague-fenix.cz\/#\/schema\/person\/2ba77174c6f44cc2bc3d0f5e8ba640d6"},"potentialAction":[{"@type":"SearchAction","target":{"@type":"EntryPoint","urlTemplate":"https:\/\/old.prague-fenix.cz\/?s={search_term_string}"},"query-input":{"@type":"PropertyValueSpecification","valueRequired":true,"valueName":"search_term_string"}}],"inLanguage":"ru-RU"},{"@type":["Person","Organization"],"@id":"https:\/\/old.prague-fenix.cz\/#\/schema\/person\/2ba77174c6f44cc2bc3d0f5e8ba640d6","name":"Prague Fenix","image":{"@type":"ImageObject","inLanguage":"ru-RU","@id":"https:\/\/old.prague-fenix.cz\/#\/schema\/person\/image\/","url":"https:\/\/prague-fenix.cz\/wp-content\/uploads\/2023\/05\/prague-fenix.cz-logo-e1684684035397.png","contentUrl":"https:\/\/prague-fenix.cz\/wp-content\/uploads\/2023\/05\/prague-fenix.cz-logo-e1684684035397.png","width":675,"height":675,"caption":"Prague Fenix"},"logo":{"@id":"https:\/\/old.prague-fenix.cz\/#\/schema\/person\/image\/"},"sameAs":["http:\/\/www.prague-fenix.cz"]}]}},"_links":{"self":[{"href":"https:\/\/old.prague-fenix.cz\/ru\/wp-json\/wp\/v2\/pages\/1359","targetHints":{"allow":["GET"]}}],"collection":[{"href":"https:\/\/old.prague-fenix.cz\/ru\/wp-json\/wp\/v2\/pages"}],"about":[{"href":"https:\/\/old.prague-fenix.cz\/ru\/wp-json\/wp\/v2\/types\/page"}],"author":[{"embeddable":true,"href":"https:\/\/old.prague-fenix.cz\/ru\/wp-json\/wp\/v2\/users\/3"}],"replies":[{"embeddable":true,"href":"https:\/\/old.prague-fenix.cz\/ru\/wp-json\/wp\/v2\/comments?post=1359"}],"version-history":[{"count":0,"href":"https:\/\/old.prague-fenix.cz\/ru\/wp-json\/wp\/v2\/pages\/1359\/revisions"}],"wp:featuredmedia":[{"embeddable":true,"href":"https:\/\/old.prague-fenix.cz\/ru\/wp-json\/wp\/v2\/media\/1436"}],"wp:attachment":[{"href":"https:\/\/old.prague-fenix.cz\/ru\/wp-json\/wp\/v2\/media?parent=1359"}],"curies":[{"name":"wp","href":"https:\/\/api.w.org\/{rel}","templated":true}]}}