{"id":1339,"date":"2024-08-15T10:53:23","date_gmt":"2024-08-15T09:53:23","guid":{"rendered":"https:\/\/prague-fenix.cz\/?page_id=1339"},"modified":"2024-08-21T20:11:09","modified_gmt":"2024-08-21T19:11:09","slug":"jenefer","status":"publish","type":"page","link":"https:\/\/old.prague-fenix.cz\/ru\/jenefer\/","title":{"rendered":"\u0414\u0436\u0435\u043d\u0435\u0444\u0435\u0440"},"content":{"rendered":"<p><strong>\u0412\u043e\u0437\u0440\u0430\u0441\u0442<\/strong>: 26<br><strong>\u0412\u0435\u0441<\/strong>: 65 \u043a\u0433<br><strong>\u0420\u043e\u0441\u0442<\/strong>: 169 \u0441\u043c<br><strong>\u0426\u0432\u0435\u0442 \u0432\u043e\u043b\u043e\u0441<\/strong>: \u0438\u043c\u0431\u0438\u0440\u044c<br><strong>\u0420\u0430\u0437\u043c\u0435\u0440 \u0433\u0440\u0443\u0434\u0438<\/strong>: \u0412 (3)<\/p>\n\n\n\n<figure class=\"wp-block-gallery has-nested-images columns-default is-cropped wp-block-gallery-1 is-layout-flex wp-block-gallery-is-layout-flex\">\n<figure class=\"wp-block-image size-full\"><img fetchpriority=\"high\" decoding=\"async\" width=\"900\" height=\"721\" data-id=\"1438\" src=\"http:\/\/prague-fenix.cz\/wp-content\/uploads\/2024\/08\/dzenifer.png\" alt=\"\" class=\"wp-image-1438\" srcset=\"https:\/\/old.prague-fenix.cz\/wp-content\/uploads\/2024\/08\/dzenifer.png 900w, https:\/\/old.prague-fenix.cz\/wp-content\/uploads\/2024\/08\/dzenifer-300x240.png 300w, https:\/\/old.prague-fenix.cz\/wp-content\/uploads\/2024\/08\/dzenifer-768x615.png 768w, https:\/\/old.prague-fenix.cz\/wp-content\/uploads\/2024\/08\/dzenifer-15x12.png 15w\" sizes=\"(max-width: 900px) 100vw, 900px\" \/><\/figure>\n<\/figure>\n\n\n\n<h2 class=\"wp-block-heading has-text-align-center\">\u041e \u0414\u0436\u0435\u043d\u0435\u0444\u0435\u0440\u0435<\/h2>\n\n\n\n<p>\u041c\u0430\u0441\u0441\u0430\u0436 \u0432 \u0438\u0441\u043f\u043e\u043b\u043d\u0435\u043d\u0438\u0438 \u043f\u0440\u0435\u043a\u0440\u0430\u0441\u043d\u043e\u0439 \u0414\u0436\u0435\u043d\u043d\u0438\u0444\u0435\u0440 \u2014 \u043b\u0443\u0447\u0448\u0438\u0439 \u0432\u0430\u0440\u0438\u0430\u043d\u0442 \u0434\u043b\u044f \u0440\u0435\u043b\u0430\u043a\u0441\u0430\u0446\u0438\u0438 \u0432 \u041f\u0440\u0430\u0433\u0435! \u041d\u0435 \u0432\u0435\u0440\u0438\u0442\u0435? \u0422\u043e\u0433\u0434\u0430 \u043f\u0440\u0438\u0445\u043e\u0434\u0438\u0442\u0435 \u043a\u043e \u043c\u043d\u0435 \u043d\u0430 \u0441\u0435\u0430\u043d\u0441 \u043c\u0430\u0441\u0441\u0430\u0436\u0430, \u0438 \u044f \u044d\u0442\u043e \u0434\u043e\u043a\u0430\u0436\u0443! \u042f \u043b\u0443\u0447\u0448\u0438\u0439 \u043c\u0430\u0441\u0442\u0435\u0440 \u043c\u0430\u0441\u0441\u0430\u0436\u0430, \u043a\u043e\u0442\u043e\u0440\u043e\u0433\u043e \u0432\u044b \u043c\u043e\u0436\u0435\u0442\u0435 \u0432\u0441\u0442\u0440\u0435\u0442\u0438\u0442\u044c \u0432 \u041f\u0440\u0430\u0433\u0435. \u0423 \u043c\u0435\u043d\u044f \u0431\u043e\u043b\u044c\u0448\u043e\u0439 \u043e\u043f\u044b\u0442, \u0438 \u044f \u043d\u0438\u043a\u043e\u0433\u0434\u0430 \u043d\u0435 \u043f\u0435\u0440\u0435\u0441\u0442\u0430\u044e \u0441\u043e\u0432\u0435\u0440\u0448\u0435\u043d\u0441\u0442\u0432\u043e\u0432\u0430\u0442\u044c \u0441\u0432\u043e\u0438 \u043d\u0430\u0432\u044b\u043a\u0438.<\/p>\n\n\n\n<h2 class=\"wp-block-heading has-text-align-center\">\u042d\u0440\u043e\u0442\u0438\u0447\u0435\u0441\u043a\u0438\u0439 \u043c\u0430\u0441\u0441\u0430\u0436 \u043e\u0442 Jenefer<\/h2>\n\n\n\n<p>\u0427\u0442\u043e\u0431\u044b \u0437\u0430\u043a\u0430\u0437\u0430\u0442\u044c \u0443\u0441\u043b\u0443\u0433\u0438 \u044d\u0440\u043e\u0442\u0438\u0447\u0435\u0441\u043a\u043e\u0433\u043e \u043c\u0430\u0441\u0441\u0430\u0436\u0430 \u043e\u0442 Jenefer \u2014 \u043f\u043e\u0437\u0432\u043e\u043d\u0438\u0442\u0435 \u043f\u043e \u0442\u0435\u043b\u0435\u0444\u043e\u043d\u0443&nbsp; <a href=\"tel:  420 720 175 506\">+420 720 175 506<\/a>&nbsp;\u043f\u0440\u044f\u043c\u043e \u0441\u0435\u0439\u0447\u0430\u0441! \u041e\u043d\u0430 \u0443\u0436\u0435 \u0436\u0434\u0435\u0442 \u0432\u0441\u0442\u0440\u0435\u0447\u0438, \u0438\u043c\u0435\u043d\u043d\u043e \u0441 \u0412\u0430\u043c\u0438! &nbsp;<\/p>\n\n\n\n<figure class=\"wp-block-gallery has-nested-images columns-default is-cropped wp-block-gallery-2 is-layout-flex wp-block-gallery-is-layout-flex\">\n<figure class=\"wp-block-image size-full\"><img decoding=\"async\" data-id=\"1354\" src=\"http:\/\/prague-fenix.cz\/wp-content\/uploads\/2024\/08\/Jenefer-3.jpg\" alt=\"\" class=\"wp-image-1354\"\/><\/figure>\n\n\n\n<figure class=\"wp-block-image size-full\"><img decoding=\"async\" width=\"601\" height=\"900\" data-id=\"1352\" src=\"http:\/\/prague-fenix.cz\/wp-content\/uploads\/2024\/08\/Jenefer.jpg\" alt=\"\" class=\"wp-image-1352\" srcset=\"https:\/\/old.prague-fenix.cz\/wp-content\/uploads\/2024\/08\/Jenefer.jpg 601w, https:\/\/old.prague-fenix.cz\/wp-content\/uploads\/2024\/08\/Jenefer-200x300.jpg 200w, https:\/\/old.prague-fenix.cz\/wp-content\/uploads\/2024\/08\/Jenefer-8x12.jpg 8w\" sizes=\"(max-width: 601px) 100vw, 601px\" \/><\/figure>\n\n\n\n<figure class=\"wp-block-image size-full\"><img decoding=\"async\" width=\"640\" height=\"900\" data-id=\"1355\" src=\"http:\/\/prague-fenix.cz\/wp-content\/uploads\/2024\/08\/Jenefer-4.jpg\" alt=\"\" class=\"wp-image-1355\" srcset=\"https:\/\/old.prague-fenix.cz\/wp-content\/uploads\/2024\/08\/Jenefer-4.jpg 640w, https:\/\/old.prague-fenix.cz\/wp-content\/uploads\/2024\/08\/Jenefer-4-213x300.jpg 213w, https:\/\/old.prague-fenix.cz\/wp-content\/uploads\/2024\/08\/Jenefer-4-9x12.jpg 9w\" sizes=\"(max-width: 640px) 100vw, 640px\" \/><\/figure>\n<\/figure>","protected":false},"excerpt":{"rendered":"<p>\u0412\u043e\u0437\u0440\u0430\u0441\u0442: 26\u0412\u0435\u0441: 65 \u043a\u0433\u0420\u043e\u0441\u0442: 169 \u0441\u043c\u0426\u0432\u0435\u0442 \u0432\u043e\u043b\u043e\u0441: \u0440\u044b\u0436\u0438\u0439\u0420\u0430\u0437\u043c\u0435\u0440 \u0433\u0440\u0443\u0434\u0438: \u0412 (3) \u041e \u0414\u0436\u0435\u043d\u0435\u0444\u0435\u0440 \u041c\u0430\u0441\u0441\u0430\u0436 \u0432 \u0438\u0441\u043f\u043e\u043b\u043d\u0435\u043d\u0438\u0438 \u043f\u0440\u0435\u043a\u0440\u0430\u0441\u043d\u043e\u0439 \u0414\u0436\u0435\u043d\u0435\u0444\u0435\u0440 \u2014 \u043b\u0443\u0447\u0448\u0438\u0439 \u0432\u0430\u0440\u0438\u0430\u043d\u0442 \u0434\u043b\u044f \u0440\u0435\u043b\u0430\u043a\u0441\u0430\u0446\u0438\u0438 \u0432 \u041f\u0440\u0430\u0433\u0435! \u041d\u0435 \u043f\u0440\u0430\u0432\u0434\u0430 \u043b\u0438? <a class=\"more-link\" href=\"https:\/\/old.prague-fenix.cz\/ru\/jenefer\/\">\u041f\u0440\u043e\u0434\u043e\u043b\u0436\u0438\u0442\u044c \u0447\u0442\u0435\u043d\u0438\u0435 \u2192<\/a><\/p>","protected":false},"author":3,"featured_media":1438,"parent":0,"menu_order":0,"comment_status":"closed","ping_status":"closed","template":"","meta":{"footnotes":""},"class_list":["post-1339","page","type-page","status-publish","has-post-thumbnail","hentry"],"yoast_head":"<!-- This site is optimized with the Yoast SEO plugin v25.0 - https:\/\/yoast.com\/wordpress\/plugins\/seo\/ -->\n<title>Erotic massage by Jenefer - Salon Prague Fenix<\/title>\n<meta name=\"description\" content=\"Masseuse Jenefer at the erotic massage salon Prague Fenix. Learn more about Jenefer and the services she offers. Book a massage with Jennifer\" \/>\n<meta name=\"robots\" content=\"noindex, follow, max-snippet:-1, max-image-preview:large, max-video-preview:-1\" \/>\n<meta property=\"og:locale\" content=\"ru_RU\" \/>\n<meta property=\"og:type\" content=\"article\" \/>\n<meta property=\"og:title\" content=\"Erotic massage by Jenefer - Salon Prague Fenix\" \/>\n<meta property=\"og:description\" content=\"Masseuse Jenefer at the erotic massage salon Prague Fenix. Learn more about Jenefer and the services she offers. Book a massage with Jennifer\" \/>\n<meta property=\"og:url\" content=\"https:\/\/old.prague-fenix.cz\/ru\/jenefer\/\" \/>\n<meta property=\"og:site_name\" content=\"Erotic massage salon Prague Fenix\" \/>\n<meta property=\"article:modified_time\" content=\"2024-08-21T19:11:09+00:00\" \/>\n<meta property=\"og:image\" content=\"https:\/\/old.prague-fenix.cz\/wp-content\/uploads\/2024\/08\/dzenifer.png\" \/>\n\t<meta property=\"og:image:width\" content=\"900\" \/>\n\t<meta property=\"og:image:height\" content=\"721\" \/>\n\t<meta property=\"og:image:type\" content=\"image\/png\" \/>\n<meta name=\"twitter:card\" content=\"summary_large_image\" \/>\n<meta name=\"twitter:label1\" content=\"\u041f\u0440\u0438\u043c\u0435\u0440\u043d\u043e\u0435 \u0432\u0440\u0435\u043c\u044f \u0434\u043b\u044f \u0447\u0442\u0435\u043d\u0438\u044f\" \/>\n\t<meta name=\"twitter:data1\" content=\"2 \u043c\u0438\u043d\u0443\u0442\u044b\" \/>\n<script type=\"application\/ld+json\" class=\"yoast-schema-graph\">{\"@context\":\"https:\/\/schema.org\",\"@graph\":[{\"@type\":\"WebPage\",\"@id\":\"https:\/\/old.prague-fenix.cz\/jenefer\/\",\"url\":\"https:\/\/old.prague-fenix.cz\/jenefer\/\",\"name\":\"Erotic massage by Jenefer - Salon Prague Fenix\",\"isPartOf\":{\"@id\":\"https:\/\/old.prague-fenix.cz\/#website\"},\"primaryImageOfPage\":{\"@id\":\"https:\/\/old.prague-fenix.cz\/jenefer\/#primaryimage\"},\"image\":{\"@id\":\"https:\/\/old.prague-fenix.cz\/jenefer\/#primaryimage\"},\"thumbnailUrl\":\"https:\/\/old.prague-fenix.cz\/wp-content\/uploads\/2024\/08\/dzenifer.png\",\"datePublished\":\"2024-08-15T09:53:23+00:00\",\"dateModified\":\"2024-08-21T19:11:09+00:00\",\"description\":\"Masseuse Jenefer at the erotic massage salon Prague Fenix. Learn more about Jenefer and the services she offers. Book a massage with Jennifer\",\"breadcrumb\":{\"@id\":\"https:\/\/old.prague-fenix.cz\/jenefer\/#breadcrumb\"},\"inLanguage\":\"ru-RU\",\"potentialAction\":[{\"@type\":\"ReadAction\",\"target\":[\"https:\/\/old.prague-fenix.cz\/jenefer\/\"]}]},{\"@type\":\"ImageObject\",\"inLanguage\":\"ru-RU\",\"@id\":\"https:\/\/old.prague-fenix.cz\/jenefer\/#primaryimage\",\"url\":\"https:\/\/old.prague-fenix.cz\/wp-content\/uploads\/2024\/08\/dzenifer.png\",\"contentUrl\":\"https:\/\/old.prague-fenix.cz\/wp-content\/uploads\/2024\/08\/dzenifer.png\",\"width\":900,\"height\":721},{\"@type\":\"BreadcrumbList\",\"@id\":\"https:\/\/old.prague-fenix.cz\/jenefer\/#breadcrumb\",\"itemListElement\":[{\"@type\":\"ListItem\",\"position\":1,\"name\":\"Dom\u016f\",\"item\":\"https:\/\/old.prague-fenix.cz\/\"},{\"@type\":\"ListItem\",\"position\":2,\"name\":\"Jenefer\"}]},{\"@type\":\"WebSite\",\"@id\":\"https:\/\/old.prague-fenix.cz\/#website\",\"url\":\"https:\/\/old.prague-fenix.cz\/\",\"name\":\"Erotick\u00fd mas\u00e1\u017en\u00ed sal\u00f3n Prague F\u00e9nix\",\"description\":\"Massage salon and erotic massages, body to body, tantra, mix, nuru and lingam massage, lesbian show, BDSM massage.\",\"publisher\":{\"@id\":\"https:\/\/old.prague-fenix.cz\/#\/schema\/person\/2ba77174c6f44cc2bc3d0f5e8ba640d6\"},\"potentialAction\":[{\"@type\":\"SearchAction\",\"target\":{\"@type\":\"EntryPoint\",\"urlTemplate\":\"https:\/\/old.prague-fenix.cz\/?s={search_term_string}\"},\"query-input\":{\"@type\":\"PropertyValueSpecification\",\"valueRequired\":true,\"valueName\":\"search_term_string\"}}],\"inLanguage\":\"ru-RU\"},{\"@type\":[\"Person\",\"Organization\"],\"@id\":\"https:\/\/old.prague-fenix.cz\/#\/schema\/person\/2ba77174c6f44cc2bc3d0f5e8ba640d6\",\"name\":\"Prague Fenix\",\"image\":{\"@type\":\"ImageObject\",\"inLanguage\":\"ru-RU\",\"@id\":\"https:\/\/old.prague-fenix.cz\/#\/schema\/person\/image\/\",\"url\":\"https:\/\/prague-fenix.cz\/wp-content\/uploads\/2023\/05\/prague-fenix.cz-logo-e1684684035397.png\",\"contentUrl\":\"https:\/\/prague-fenix.cz\/wp-content\/uploads\/2023\/05\/prague-fenix.cz-logo-e1684684035397.png\",\"width\":675,\"height\":675,\"caption\":\"Prague Fenix\"},\"logo\":{\"@id\":\"https:\/\/old.prague-fenix.cz\/#\/schema\/person\/image\/\"},\"sameAs\":[\"http:\/\/www.prague-fenix.cz\"]}]}<\/script>\n<!-- \/ Yoast SEO plugin. -->","yoast_head_json":{"title":"Erotic massage by Jenefer - Salon Prague Fenix","description":"Masseuse Jenefer at the erotic massage salon Prague Fenix. Learn more about Jenefer and the services she offers. Book a massage with Jennifer","robots":{"index":"noindex","follow":"follow","max-snippet":"max-snippet:-1","max-image-preview":"max-image-preview:large","max-video-preview":"max-video-preview:-1"},"og_locale":"ru_RU","og_type":"article","og_title":"Erotic massage by Jenefer - Salon Prague Fenix","og_description":"Masseuse Jenefer at the erotic massage salon Prague Fenix. Learn more about Jenefer and the services she offers. Book a massage with Jennifer","og_url":"https:\/\/old.prague-fenix.cz\/ru\/jenefer\/","og_site_name":"Erotic massage salon Prague Fenix","article_modified_time":"2024-08-21T19:11:09+00:00","og_image":[{"width":900,"height":721,"url":"https:\/\/old.prague-fenix.cz\/wp-content\/uploads\/2024\/08\/dzenifer.png","type":"image\/png"}],"twitter_card":"summary_large_image","twitter_misc":{"\u041f\u0440\u0438\u043c\u0435\u0440\u043d\u043e\u0435 \u0432\u0440\u0435\u043c\u044f \u0434\u043b\u044f \u0447\u0442\u0435\u043d\u0438\u044f":"2 \u043c\u0438\u043d\u0443\u0442\u044b"},"schema":{"@context":"https:\/\/schema.org","@graph":[{"@type":"WebPage","@id":"https:\/\/old.prague-fenix.cz\/jenefer\/","url":"https:\/\/old.prague-fenix.cz\/jenefer\/","name":"Erotic massage by Jenefer - Salon Prague Fenix","isPartOf":{"@id":"https:\/\/old.prague-fenix.cz\/#website"},"primaryImageOfPage":{"@id":"https:\/\/old.prague-fenix.cz\/jenefer\/#primaryimage"},"image":{"@id":"https:\/\/old.prague-fenix.cz\/jenefer\/#primaryimage"},"thumbnailUrl":"https:\/\/old.prague-fenix.cz\/wp-content\/uploads\/2024\/08\/dzenifer.png","datePublished":"2024-08-15T09:53:23+00:00","dateModified":"2024-08-21T19:11:09+00:00","description":"Masseuse Jenefer at the erotic massage salon Prague Fenix. Learn more about Jenefer and the services she offers. Book a massage with Jennifer","breadcrumb":{"@id":"https:\/\/old.prague-fenix.cz\/jenefer\/#breadcrumb"},"inLanguage":"ru-RU","potentialAction":[{"@type":"ReadAction","target":["https:\/\/old.prague-fenix.cz\/jenefer\/"]}]},{"@type":"ImageObject","inLanguage":"ru-RU","@id":"https:\/\/old.prague-fenix.cz\/jenefer\/#primaryimage","url":"https:\/\/old.prague-fenix.cz\/wp-content\/uploads\/2024\/08\/dzenifer.png","contentUrl":"https:\/\/old.prague-fenix.cz\/wp-content\/uploads\/2024\/08\/dzenifer.png","width":900,"height":721},{"@type":"BreadcrumbList","@id":"https:\/\/old.prague-fenix.cz\/jenefer\/#breadcrumb","itemListElement":[{"@type":"ListItem","position":1,"name":"Dom\u016f","item":"https:\/\/old.prague-fenix.cz\/"},{"@type":"ListItem","position":2,"name":"Jenefer"}]},{"@type":"WebSite","@id":"https:\/\/old.prague-fenix.cz\/#website","url":"https:\/\/old.prague-fenix.cz\/","name":"Erotick\u00fd mas\u00e1\u017en\u00ed sal\u00f3n Prague F\u00e9nix","description":"Massage salon and erotic massages, body to body, tantra, mix, nuru and lingam massage, lesbian show, BDSM massage.","publisher":{"@id":"https:\/\/old.prague-fenix.cz\/#\/schema\/person\/2ba77174c6f44cc2bc3d0f5e8ba640d6"},"potentialAction":[{"@type":"SearchAction","target":{"@type":"EntryPoint","urlTemplate":"https:\/\/old.prague-fenix.cz\/?s={search_term_string}"},"query-input":{"@type":"PropertyValueSpecification","valueRequired":true,"valueName":"search_term_string"}}],"inLanguage":"ru-RU"},{"@type":["Person","Organization"],"@id":"https:\/\/old.prague-fenix.cz\/#\/schema\/person\/2ba77174c6f44cc2bc3d0f5e8ba640d6","name":"Prague Fenix","image":{"@type":"ImageObject","inLanguage":"ru-RU","@id":"https:\/\/old.prague-fenix.cz\/#\/schema\/person\/image\/","url":"https:\/\/prague-fenix.cz\/wp-content\/uploads\/2023\/05\/prague-fenix.cz-logo-e1684684035397.png","contentUrl":"https:\/\/prague-fenix.cz\/wp-content\/uploads\/2023\/05\/prague-fenix.cz-logo-e1684684035397.png","width":675,"height":675,"caption":"Prague Fenix"},"logo":{"@id":"https:\/\/old.prague-fenix.cz\/#\/schema\/person\/image\/"},"sameAs":["http:\/\/www.prague-fenix.cz"]}]}},"_links":{"self":[{"href":"https:\/\/old.prague-fenix.cz\/ru\/wp-json\/wp\/v2\/pages\/1339","targetHints":{"allow":["GET"]}}],"collection":[{"href":"https:\/\/old.prague-fenix.cz\/ru\/wp-json\/wp\/v2\/pages"}],"about":[{"href":"https:\/\/old.prague-fenix.cz\/ru\/wp-json\/wp\/v2\/types\/page"}],"author":[{"embeddable":true,"href":"https:\/\/old.prague-fenix.cz\/ru\/wp-json\/wp\/v2\/users\/3"}],"replies":[{"embeddable":true,"href":"https:\/\/old.prague-fenix.cz\/ru\/wp-json\/wp\/v2\/comments?post=1339"}],"version-history":[{"count":0,"href":"https:\/\/old.prague-fenix.cz\/ru\/wp-json\/wp\/v2\/pages\/1339\/revisions"}],"wp:featuredmedia":[{"embeddable":true,"href":"https:\/\/old.prague-fenix.cz\/ru\/wp-json\/wp\/v2\/media\/1438"}],"wp:attachment":[{"href":"https:\/\/old.prague-fenix.cz\/ru\/wp-json\/wp\/v2\/media?parent=1339"}],"curies":[{"name":"wp","href":"https:\/\/api.w.org\/{rel}","templated":true}]}}