{"id":453,"date":"2024-02-08T03:02:42","date_gmt":"2024-02-08T02:02:42","guid":{"rendered":"https:\/\/prague-fenix.cz\/?page_id=453"},"modified":"2024-03-07T23:44:18","modified_gmt":"2024-03-07T22:44:18","slug":"rules","status":"publish","type":"page","link":"https:\/\/old.prague-fenix.cz\/de\/rules\/","title":{"rendered":"Regeln"},"content":{"rendered":"<h2 class=\"wp-block-heading has-text-align-center\">Besuchsordnung von <br><mark style=\"background-color:rgba(0, 0, 0, 0)\" class=\"has-inline-color has-vivid-red-color\">Erotischer Massagesalon<\/mark> <mark style=\"background-color:rgba(0, 0, 0, 0)\" class=\"has-inline-color has-vivid-red-color\">Prag Fenix<\/mark><\/h2>\n\n\n\n<p>Wir empfehlen, sich mit den Besuchsregeln des Massagesalons Fenix vertraut zu machen, um Missverst\u00e4ndnisse und andere Gr\u00fcnde f\u00fcr die Unzufriedenheit des Kunden zu vermeiden.<\/p>\n\n\n\n<ol class=\"wp-block-list\">\n<li>Zuallererst: Unsere M\u00e4dchen bieten keine intimen Dienstleistungen an. Auch Oralsex nicht! Mit anderen Worten: Im Massagesalon Prague Fenix gibt es weder Sex noch Blowjobs. <\/li>\n\n\n\n<li>Die Nutzung der erotischen Massageangebote ist ausschlie\u00dflich Personen vorbehalten, die das 18. Lebensjahr vollendet haben.<\/li>\n\n\n\n<li>Wir geben keine privaten Telefonnummern weiter und vereinbaren auch keine Treffen au\u00dferhalb unseres Arbeitsplatzes.<\/li>\n\n\n\n<li>Wenn Sie neben der Hauptleistung weitere Massagearten bestellen m\u00f6chten, m\u00fcssen Sie wissen, dass nicht jede Masseurin die gew\u00fcnschte Massageart anbietet. Daher ist es besser, sich im Voraus mit diesem Punkt zu befassen \u2013 w\u00e4hlen Sie die richtige Massagezusammensetzung f\u00fcr Ihr Vergn\u00fcgen.<\/li>\n\n\n\n<li>Es ist nicht verboten, das\/die M\u00e4dchen w\u00e4hrend der Sitzung zu ber\u00fchren, aber Sie D\u00dcRFEN ihre Brustwarzen oder Genitalien NICHT ber\u00fchren.<\/li>\n\n\n\n<li>Video- und Fotoaufnahmen sind in unserem Salon strengstens untersagt!<\/li>\n\n\n\n<li>Der Erotikmassagesalon Prague Fenix arbeitet nach Vereinbarung. Ihre Besuchszeit beginnt, sobald Sie die Schwelle des Massageraums \u00fcberschreiten.<\/li>\n\n\n\n<li>Wir sind jederzeit bereit, alle Ihre Fragen zu beantworten, behalten uns jedoch das Recht vor, Themen pers\u00f6nlicher Natur zu besprechen.<\/li>\n<\/ol>\n\n\n\n<p>Zu Ihrer Information: Bei unh\u00f6flichem oder unethischem Verhalten k\u00f6nnen wir Ihnen die Erbringung jeglicher Dienstleistungen verweigern. <\/p>\n\n\n\n<figure class=\"wp-block-image size-full\"><img fetchpriority=\"high\" decoding=\"async\" width=\"1000\" height=\"667\" src=\"https:\/\/prague-fenix.cz\/wp-content\/uploads\/2024\/02\/erotic-massage-fenix-rules.jpeg\" alt=\"\" class=\"wp-image-487\" srcset=\"https:\/\/old.prague-fenix.cz\/wp-content\/uploads\/2024\/02\/erotic-massage-fenix-rules.jpeg 1000w, https:\/\/old.prague-fenix.cz\/wp-content\/uploads\/2024\/02\/erotic-massage-fenix-rules-300x200.jpeg 300w, https:\/\/old.prague-fenix.cz\/wp-content\/uploads\/2024\/02\/erotic-massage-fenix-rules-768x512.jpeg 768w, https:\/\/old.prague-fenix.cz\/wp-content\/uploads\/2024\/02\/erotic-massage-fenix-rules-18x12.jpeg 18w\" sizes=\"(max-width: 1000px) 100vw, 1000px\" \/><\/figure>\n\n\n\n<h4 class=\"wp-block-heading has-text-align-center\">Was musst du machen <mark style=\"background-color:rgba(0, 0, 0, 0)\" class=\"has-inline-color has-vivid-red-color\">vor dem Gehen<\/mark> zu Fenix?<\/h4>\n\n\n\n<p>Zun\u00e4chst m\u00fcssen Sie Datum und Uhrzeit Ihres Besuchs im Voraus buchen. So k\u00f6nnen Sie sich Zeit lassen und sich bei Ihrer Sitzung vollkommen sicher f\u00fchlen.  <br>Es ist auch wichtig, p\u00fcnktlich und ohne Versp\u00e4tung im Salon einzutreffen. Ziehen Sie sich in Ruhe um und machen Sie sich bereit f\u00fcr die Massage.<\/p>\n\n\n\n<h4 class=\"wp-block-heading has-text-align-center\">Was musst du machen <mark style=\"background-color:rgba(0, 0, 0, 0)\" class=\"has-inline-color has-vivid-red-color\">vor der Massagesitzung<\/mark>?<\/h4>\n\n\n\n<p>Wir empfehlen Ihnen, vor der Massage eine warme Dusche zu nehmen. Dies hilft Ihnen, sich zu entspannen und gleichzeitig Ihre Haut zu reinigen.<br>Au\u00dferdem m\u00fcssen Sie auf Alkohol und Junkfood verzichten, um Beschwerden w\u00e4hrend des Eingriffs zu vermeiden.<\/p>\n\n\n\n<h4 class=\"wp-block-heading has-text-align-center\">Was musst du machen <mark style=\"background-color:rgba(0, 0, 0, 0)\" class=\"has-inline-color has-vivid-red-color\">w\u00e4hrend der Massage<\/mark>? <\/h4>\n\n\n\n<p>W\u00e4hrend der Massage ist es wichtig, dass Sie Ihrer Masseurin vertrauen und Ihre Gedanken und Sorgen loslassen. Versuchen Sie, sich auf Ihre Empfindungen zu konzentrieren und jede Minute im Salon zu genie\u00dfen.<br>Bei einer erotischen Massage geht es nicht nur um k\u00f6rperliche, sondern auch um emotionale Entspannung. Lassen Sie sich also auf die ganze Bandbreite der Gef\u00fchle ein, die w\u00e4hrend der Behandlung aufkommen.<\/p>\n\n\n\n<h4 class=\"wp-block-heading has-text-align-center\">Was musst du machen <mark style=\"background-color:rgba(0, 0, 0, 0)\" class=\"has-inline-color has-vivid-red-color\">nach der Sitzung<\/mark>?<\/h4>\n\n\n\n<p>Stehen Sie nach der Massage nicht sofort auf und ziehen Sie sich nicht sofort an. Geben Sie Ihrem K\u00f6rper und Geist Zeit zur Erholung. Trinken Sie ein Glas Wasser, um Ihren Organismus mit Feuchtigkeit zu versorgen und genie\u00dfen Sie das Gef\u00fchl von Leichtigkeit und Ruhe. <\/p>\n\n\n\n<p>Der Erotikmassagesalon Prague Fenix freut sich, Sie unter seinen Kunden begr\u00fc\u00dfen zu d\u00fcrfen! Um eine Sitzung zu buchen, rufen Sie uns an <a href=\"tel:  420 720 175 506\">+420 720 175 506<\/a> \u2013 gerne beantworten wir alle Ihre Fragen und reservieren Ihnen den passenden Termin f\u00fcr die gew\u00fcnschte Massageart.<\/p>","protected":false},"excerpt":{"rendered":"<p>Besuchsregeln des Erotikmassagesalons Prag Fenix Wir empfehlen, sich mit den Besuchsregeln des Massagesalons Fenix vertraut zu machen, um Missverst\u00e4ndnisse und andere Gr\u00fcnde f\u00fcr die Unzufriedenheit des Kunden zu vermeiden. <a class=\"more-link\" href=\"https:\/\/old.prague-fenix.cz\/de\/rules\/\">Weiterlesen \u2192<\/a><\/p>","protected":false},"author":3,"featured_media":0,"parent":0,"menu_order":0,"comment_status":"closed","ping_status":"closed","template":"","meta":{"footnotes":""},"class_list":["post-453","page","type-page","status-publish","hentry"],"yoast_head":"<!-- This site is optimized with the Yoast SEO plugin v25.0 - https:\/\/yoast.com\/wordpress\/plugins\/seo\/ -->\n<title>Rules - Prague Fenix<\/title>\n<meta name=\"description\" content=\"Rules of the Prague Fenix erotic massage salon. What can be done and what cannot be done. Rights and obligations, tips and recommendations.\" \/>\n<meta name=\"robots\" content=\"noindex, follow, max-snippet:-1, max-image-preview:large, max-video-preview:-1\" \/>\n<meta property=\"og:locale\" content=\"de_DE\" \/>\n<meta property=\"og:type\" content=\"article\" \/>\n<meta property=\"og:title\" content=\"Rules - Prague Fenix\" \/>\n<meta property=\"og:description\" content=\"Rules of the Prague Fenix erotic massage salon. What can be done and what cannot be done. Rights and obligations, tips and recommendations.\" \/>\n<meta property=\"og:url\" content=\"https:\/\/old.prague-fenix.cz\/de\/rules\/\" \/>\n<meta property=\"og:site_name\" content=\"Erotic massage salon Prague Fenix\" \/>\n<meta property=\"article:modified_time\" content=\"2024-03-07T22:44:18+00:00\" \/>\n<meta property=\"og:image\" content=\"https:\/\/prague-fenix.cz\/wp-content\/uploads\/2024\/02\/erotic-massage-fenix-rules.jpeg\" \/>\n<meta name=\"twitter:card\" content=\"summary_large_image\" \/>\n<meta name=\"twitter:label1\" content=\"Gesch\u00e4tzte Lesezeit\" \/>\n\t<meta name=\"twitter:data1\" content=\"3\u00a0Minuten\" \/>\n<script type=\"application\/ld+json\" class=\"yoast-schema-graph\">{\"@context\":\"https:\/\/schema.org\",\"@graph\":[{\"@type\":\"WebPage\",\"@id\":\"https:\/\/old.prague-fenix.cz\/rules\/\",\"url\":\"https:\/\/old.prague-fenix.cz\/rules\/\",\"name\":\"Rules - Prague Fenix\",\"isPartOf\":{\"@id\":\"https:\/\/old.prague-fenix.cz\/#website\"},\"primaryImageOfPage\":{\"@id\":\"https:\/\/old.prague-fenix.cz\/rules\/#primaryimage\"},\"image\":{\"@id\":\"https:\/\/old.prague-fenix.cz\/rules\/#primaryimage\"},\"thumbnailUrl\":\"https:\/\/prague-fenix.cz\/wp-content\/uploads\/2024\/02\/erotic-massage-fenix-rules.jpeg\",\"datePublished\":\"2024-02-08T02:02:42+00:00\",\"dateModified\":\"2024-03-07T22:44:18+00:00\",\"description\":\"Rules of the Prague Fenix erotic massage salon. What can be done and what cannot be done. Rights and obligations, tips and recommendations.\",\"breadcrumb\":{\"@id\":\"https:\/\/old.prague-fenix.cz\/rules\/#breadcrumb\"},\"inLanguage\":\"de\",\"potentialAction\":[{\"@type\":\"ReadAction\",\"target\":[\"https:\/\/old.prague-fenix.cz\/rules\/\"]}]},{\"@type\":\"ImageObject\",\"inLanguage\":\"de\",\"@id\":\"https:\/\/old.prague-fenix.cz\/rules\/#primaryimage\",\"url\":\"https:\/\/prague-fenix.cz\/wp-content\/uploads\/2024\/02\/erotic-massage-fenix-rules.jpeg\",\"contentUrl\":\"https:\/\/prague-fenix.cz\/wp-content\/uploads\/2024\/02\/erotic-massage-fenix-rules.jpeg\"},{\"@type\":\"BreadcrumbList\",\"@id\":\"https:\/\/old.prague-fenix.cz\/rules\/#breadcrumb\",\"itemListElement\":[{\"@type\":\"ListItem\",\"position\":1,\"name\":\"Dom\u016f\",\"item\":\"https:\/\/old.prague-fenix.cz\/\"},{\"@type\":\"ListItem\",\"position\":2,\"name\":\"Rules\"}]},{\"@type\":\"WebSite\",\"@id\":\"https:\/\/old.prague-fenix.cz\/#website\",\"url\":\"https:\/\/old.prague-fenix.cz\/\",\"name\":\"Erotick\u00fd mas\u00e1\u017en\u00ed sal\u00f3n Prague F\u00e9nix\",\"description\":\"Massage salon and erotic massages, body to body, tantra, mix, nuru and lingam massage, lesbian show, BDSM massage.\",\"publisher\":{\"@id\":\"https:\/\/old.prague-fenix.cz\/#\/schema\/person\/2ba77174c6f44cc2bc3d0f5e8ba640d6\"},\"potentialAction\":[{\"@type\":\"SearchAction\",\"target\":{\"@type\":\"EntryPoint\",\"urlTemplate\":\"https:\/\/old.prague-fenix.cz\/?s={search_term_string}\"},\"query-input\":{\"@type\":\"PropertyValueSpecification\",\"valueRequired\":true,\"valueName\":\"search_term_string\"}}],\"inLanguage\":\"de\"},{\"@type\":[\"Person\",\"Organization\"],\"@id\":\"https:\/\/old.prague-fenix.cz\/#\/schema\/person\/2ba77174c6f44cc2bc3d0f5e8ba640d6\",\"name\":\"Prague Fenix\",\"image\":{\"@type\":\"ImageObject\",\"inLanguage\":\"de\",\"@id\":\"https:\/\/old.prague-fenix.cz\/#\/schema\/person\/image\/\",\"url\":\"https:\/\/prague-fenix.cz\/wp-content\/uploads\/2023\/05\/prague-fenix.cz-logo-e1684684035397.png\",\"contentUrl\":\"https:\/\/prague-fenix.cz\/wp-content\/uploads\/2023\/05\/prague-fenix.cz-logo-e1684684035397.png\",\"width\":675,\"height\":675,\"caption\":\"Prague Fenix\"},\"logo\":{\"@id\":\"https:\/\/old.prague-fenix.cz\/#\/schema\/person\/image\/\"},\"sameAs\":[\"http:\/\/www.prague-fenix.cz\"]}]}<\/script>\n<!-- \/ Yoast SEO plugin. -->","yoast_head_json":{"title":"Rules - Prague Fenix","description":"Rules of the Prague Fenix erotic massage salon. What can be done and what cannot be done. Rights and obligations, tips and recommendations.","robots":{"index":"noindex","follow":"follow","max-snippet":"max-snippet:-1","max-image-preview":"max-image-preview:large","max-video-preview":"max-video-preview:-1"},"og_locale":"de_DE","og_type":"article","og_title":"Rules - Prague Fenix","og_description":"Rules of the Prague Fenix erotic massage salon. What can be done and what cannot be done. Rights and obligations, tips and recommendations.","og_url":"https:\/\/old.prague-fenix.cz\/de\/rules\/","og_site_name":"Erotic massage salon Prague Fenix","article_modified_time":"2024-03-07T22:44:18+00:00","og_image":[{"url":"https:\/\/prague-fenix.cz\/wp-content\/uploads\/2024\/02\/erotic-massage-fenix-rules.jpeg","type":"","width":"","height":""}],"twitter_card":"summary_large_image","twitter_misc":{"Gesch\u00e4tzte Lesezeit":"3\u00a0Minuten"},"schema":{"@context":"https:\/\/schema.org","@graph":[{"@type":"WebPage","@id":"https:\/\/old.prague-fenix.cz\/rules\/","url":"https:\/\/old.prague-fenix.cz\/rules\/","name":"Rules - Prague Fenix","isPartOf":{"@id":"https:\/\/old.prague-fenix.cz\/#website"},"primaryImageOfPage":{"@id":"https:\/\/old.prague-fenix.cz\/rules\/#primaryimage"},"image":{"@id":"https:\/\/old.prague-fenix.cz\/rules\/#primaryimage"},"thumbnailUrl":"https:\/\/prague-fenix.cz\/wp-content\/uploads\/2024\/02\/erotic-massage-fenix-rules.jpeg","datePublished":"2024-02-08T02:02:42+00:00","dateModified":"2024-03-07T22:44:18+00:00","description":"Rules of the Prague Fenix erotic massage salon. What can be done and what cannot be done. Rights and obligations, tips and recommendations.","breadcrumb":{"@id":"https:\/\/old.prague-fenix.cz\/rules\/#breadcrumb"},"inLanguage":"de","potentialAction":[{"@type":"ReadAction","target":["https:\/\/old.prague-fenix.cz\/rules\/"]}]},{"@type":"ImageObject","inLanguage":"de","@id":"https:\/\/old.prague-fenix.cz\/rules\/#primaryimage","url":"https:\/\/prague-fenix.cz\/wp-content\/uploads\/2024\/02\/erotic-massage-fenix-rules.jpeg","contentUrl":"https:\/\/prague-fenix.cz\/wp-content\/uploads\/2024\/02\/erotic-massage-fenix-rules.jpeg"},{"@type":"BreadcrumbList","@id":"https:\/\/old.prague-fenix.cz\/rules\/#breadcrumb","itemListElement":[{"@type":"ListItem","position":1,"name":"Dom\u016f","item":"https:\/\/old.prague-fenix.cz\/"},{"@type":"ListItem","position":2,"name":"Rules"}]},{"@type":"WebSite","@id":"https:\/\/old.prague-fenix.cz\/#website","url":"https:\/\/old.prague-fenix.cz\/","name":"Erotick\u00fd mas\u00e1\u017en\u00ed sal\u00f3n Prague F\u00e9nix","description":"Massage salon and erotic massages, body to body, tantra, mix, nuru and lingam massage, lesbian show, BDSM massage.","publisher":{"@id":"https:\/\/old.prague-fenix.cz\/#\/schema\/person\/2ba77174c6f44cc2bc3d0f5e8ba640d6"},"potentialAction":[{"@type":"SearchAction","target":{"@type":"EntryPoint","urlTemplate":"https:\/\/old.prague-fenix.cz\/?s={search_term_string}"},"query-input":{"@type":"PropertyValueSpecification","valueRequired":true,"valueName":"search_term_string"}}],"inLanguage":"de"},{"@type":["Person","Organization"],"@id":"https:\/\/old.prague-fenix.cz\/#\/schema\/person\/2ba77174c6f44cc2bc3d0f5e8ba640d6","name":"Prague Fenix","image":{"@type":"ImageObject","inLanguage":"de","@id":"https:\/\/old.prague-fenix.cz\/#\/schema\/person\/image\/","url":"https:\/\/prague-fenix.cz\/wp-content\/uploads\/2023\/05\/prague-fenix.cz-logo-e1684684035397.png","contentUrl":"https:\/\/prague-fenix.cz\/wp-content\/uploads\/2023\/05\/prague-fenix.cz-logo-e1684684035397.png","width":675,"height":675,"caption":"Prague Fenix"},"logo":{"@id":"https:\/\/old.prague-fenix.cz\/#\/schema\/person\/image\/"},"sameAs":["http:\/\/www.prague-fenix.cz"]}]}},"_links":{"self":[{"href":"https:\/\/old.prague-fenix.cz\/de\/wp-json\/wp\/v2\/pages\/453","targetHints":{"allow":["GET"]}}],"collection":[{"href":"https:\/\/old.prague-fenix.cz\/de\/wp-json\/wp\/v2\/pages"}],"about":[{"href":"https:\/\/old.prague-fenix.cz\/de\/wp-json\/wp\/v2\/types\/page"}],"author":[{"embeddable":true,"href":"https:\/\/old.prague-fenix.cz\/de\/wp-json\/wp\/v2\/users\/3"}],"replies":[{"embeddable":true,"href":"https:\/\/old.prague-fenix.cz\/de\/wp-json\/wp\/v2\/comments?post=453"}],"version-history":[{"count":0,"href":"https:\/\/old.prague-fenix.cz\/de\/wp-json\/wp\/v2\/pages\/453\/revisions"}],"wp:attachment":[{"href":"https:\/\/old.prague-fenix.cz\/de\/wp-json\/wp\/v2\/media?parent=453"}],"curies":[{"name":"wp","href":"https:\/\/api.w.org\/{rel}","templated":true}]}}