{"id":423,"date":"2024-02-08T01:09:43","date_gmt":"2024-02-08T00:09:43","guid":{"rendered":"https:\/\/prague-fenix.cz\/?page_id=423"},"modified":"2024-03-29T12:53:53","modified_gmt":"2024-03-29T11:53:53","slug":"faq","status":"publish","type":"page","link":"https:\/\/old.prague-fenix.cz\/de\/faq\/","title":{"rendered":"FAQ"},"content":{"rendered":"<p>In der Tschechischen Republik sind erotische Massagen sehr beliebt, fast jeder kennt diese Dienstleistungen. Dennoch haben Kunden und Besucher unseres Salons viele Fragen zu den Techniken und Merkmalen verschiedener Arten von Dienstleistungen. Das ist nicht \u00fcberraschend, denn die Massagesitzung ist intim und zart.<\/p>\n\n\n\n<figure class=\"wp-block-image alignwide size-full\"><img fetchpriority=\"high\" decoding=\"async\" width=\"1200\" height=\"901\" src=\"https:\/\/prague-fenix.cz\/wp-content\/uploads\/2024\/03\/faq.jpg\" alt=\"FAQ Erotische Massage\" class=\"wp-image-1192\" srcset=\"https:\/\/old.prague-fenix.cz\/wp-content\/uploads\/2024\/03\/faq.jpg 1200w, https:\/\/old.prague-fenix.cz\/wp-content\/uploads\/2024\/03\/faq-300x225.jpg 300w, https:\/\/old.prague-fenix.cz\/wp-content\/uploads\/2024\/03\/faq-1024x769.jpg 1024w, https:\/\/old.prague-fenix.cz\/wp-content\/uploads\/2024\/03\/faq-768x577.jpg 768w, https:\/\/old.prague-fenix.cz\/wp-content\/uploads\/2024\/03\/faq-16x12.jpg 16w\" sizes=\"(max-width: 1200px) 100vw, 1200px\" \/><\/figure>\n\n\n\n<div style=\"height:20px\" aria-hidden=\"true\" class=\"wp-block-spacer\"><\/div>\n\n\n\n<p>Damit jeder, der unsere erotische Massage besuchen m\u00f6chte, alle wichtigen Informationen hat, haben wir f\u00fcr Sie die h\u00e4ufigsten Fragen zusammengestellt.<\/p>\n\n\n\n<ul class=\"wp-block-list\">\n<li><strong>Kann ich mit einem anonymen Besuch rechnen?<\/strong><br>Selbstverst\u00e4ndlich! F\u00fcr alle Kunden gilt die strikte Vertraulichkeit.<\/li>\n<\/ul>\n\n\n\n<ul class=\"wp-block-list\">\n<li><strong>Welche Art erotischer Massage ist besser zu w\u00e4hlen?<\/strong><br>W\u00fcnsche und Vorlieben sind bei jedem Menschen individuell. Erz\u00e4hlen Sie den Spezialisten unseres Salons von Ihren W\u00fcnschen und geheimen Fantasien. Sie k\u00f6nnen sicher sein, dass sie Ihnen viele interessante Optionen anbieten werden. F\u00fcr Liebhaber klassischer Massagen ist beispielsweise die \u201eK\u00f6rpermassage\u201c geeignet. Wenn Sie etwas Exklusives m\u00f6chten, probieren Sie die \u201eBDSM-Erotikmassage\u201c, \u201eLingama\u201c oder bestellen Sie die \u201eLesbenshow\u201c.<\/li>\n<\/ul>\n\n\n\n<ul class=\"wp-block-list\">\n<li><strong>Was ist f\u00fcr die Bestellung einer Erotikmassage erforderlich?<\/strong><br>Der Klient muss lediglich einen Termin vereinbaren und p\u00fcnktlich zur Sitzung erscheinen. Alles Weitere organisieren wir gerne selbstst\u00e4ndig.<\/li>\n<\/ul>\n\n\n\n<ul class=\"wp-block-list\">\n<li><strong>Warum sollten Sie nur spezialisierte Salons aufsuchen?<\/strong><br>In erster Linie geht es um Ihre Sicherheit. Unser Salon arbeitet offiziell und verf\u00fcgt \u00fcber alle erforderlichen Genehmigungen. Dar\u00fcber hinaus beachten wir alle Sterilit\u00e4tsregeln, das Personal behandelt den Kunden mit Respekt und Anstand.<\/li>\n<\/ul>\n\n\n\n<ul class=\"wp-block-list\">\n<li><strong>Kann ich mit meinem Partner zu einer Sitzung kommen?<\/strong><br>Das k\u00f6nnen Sie nicht nur, das ist sogar n\u00f6tig! Wir haben eine eigene Art der erotischen Massage f\u00fcr Paare.<\/li>\n<\/ul>\n\n\n\n<ul class=\"wp-block-list\">\n<li><strong>Wie lange dauert eine Massagesitzung?<\/strong><br>Es h\u00e4ngt alles von der Art der Dienstleistung und der Technik ihrer Durchf\u00fchrung ab. Jede der Massagen kann f\u00fcr ein anderes Zeitintervall bestellt werden. Es kann eine Sitzung von 30 Minuten oder 1 Stunde sein. Einige der Massagen k\u00f6nnen sogar viel l\u00e4nger dauern. Detaillierte Informationen finden Sie auf den Seiten der einzelnen Dienstleistungen.<\/li>\n<\/ul>\n\n\n\n<ul class=\"wp-block-list\">\n<li><strong>Was kann ich tun, wenn ich w\u00e4hrend der Sitzung merke, dass diese Massageart nicht f\u00fcr mich geeignet ist?<\/strong><br>Das Wichtigste f\u00fcr uns ist der Wunsch des Kunden! Pers\u00f6nliche Grenzen werden niemals verletzt und Unbehagen wird nicht toleriert. Es besteht immer die M\u00f6glichkeit, genau das auszuw\u00e4hlen, was Ihren Bed\u00fcrfnissen entspricht.<\/li>\n<\/ul>\n\n\n\n<ul class=\"wp-block-list\">\n<li><strong>Was kostet eine erotische Massage?<\/strong><br>Der Preis f\u00fcr eine erotische Massage in unserem Salon ist erschwinglich, nicht nur in Prag, sondern in der ganzen Tschechischen Republik. Wir verstecken oder \u00e4ndern (ohne vorherige Ank\u00fcndigung) den Preis unserer Dienstleistungen nicht. Hier k\u00f6nnen Sie den aktuellen Preis sehen. <a href=\"https:\/\/prague-fenix.cz\/ru\/prices\/\">Preisliste<\/a>.<\/li>\n<\/ul>\n\n\n\n<p>Wenn Sie die gew\u00fcnschten Informationen nicht finden, kontaktieren Sie uns bitte unter der Telefonnummer <a href=\"tel:  420 720 175 506\">+420 720 175 506<\/a> und wir beantworten alle Ihre Fragen!<\/p>","protected":false},"excerpt":{"rendered":"<p>In der Tschechischen Republik sind erotische Massagen sehr beliebt, fast jeder kennt diese Dienstleistungen. Dennoch haben Kunden und Besucher unseres Salons viele Fragen zu den Techniken <a class=\"more-link\" href=\"https:\/\/old.prague-fenix.cz\/de\/faq\/\">Weiterlesen \u2192<\/a><\/p>","protected":false},"author":3,"featured_media":1192,"parent":0,"menu_order":0,"comment_status":"closed","ping_status":"closed","template":"","meta":{"footnotes":""},"class_list":["post-423","page","type-page","status-publish","has-post-thumbnail","hentry"],"yoast_head":"<!-- This site is optimized with the Yoast SEO plugin v25.0 - https:\/\/yoast.com\/wordpress\/plugins\/seo\/ -->\n<title>FAQ - Fenix Prague<\/title>\n<meta name=\"description\" content=\"FAQs about erotic massage: services, salon, masseuses, prices, etc. Find answers to common questions on our website.\" \/>\n<meta name=\"robots\" content=\"noindex, follow, max-snippet:-1, max-image-preview:large, max-video-preview:-1\" \/>\n<meta property=\"og:locale\" content=\"de_DE\" \/>\n<meta property=\"og:type\" content=\"article\" \/>\n<meta property=\"og:title\" content=\"FAQ - Fenix Prague\" \/>\n<meta property=\"og:description\" content=\"FAQs about erotic massage: services, salon, masseuses, prices, etc. Find answers to common questions on our website.\" \/>\n<meta property=\"og:url\" content=\"https:\/\/old.prague-fenix.cz\/de\/faq\/\" \/>\n<meta property=\"og:site_name\" content=\"Erotic massage salon Prague Fenix\" \/>\n<meta property=\"article:modified_time\" content=\"2024-03-29T11:53:53+00:00\" \/>\n<meta property=\"og:image\" content=\"https:\/\/old.prague-fenix.cz\/wp-content\/uploads\/2024\/03\/faq.jpg\" \/>\n\t<meta property=\"og:image:width\" content=\"1200\" \/>\n\t<meta property=\"og:image:height\" content=\"901\" \/>\n\t<meta property=\"og:image:type\" content=\"image\/jpeg\" \/>\n<meta name=\"twitter:card\" content=\"summary_large_image\" \/>\n<meta name=\"twitter:label1\" content=\"Gesch\u00e4tzte Lesezeit\" \/>\n\t<meta name=\"twitter:data1\" content=\"3\u00a0Minuten\" \/>\n<script type=\"application\/ld+json\" class=\"yoast-schema-graph\">{\"@context\":\"https:\/\/schema.org\",\"@graph\":[{\"@type\":\"WebPage\",\"@id\":\"https:\/\/old.prague-fenix.cz\/faq\/\",\"url\":\"https:\/\/old.prague-fenix.cz\/faq\/\",\"name\":\"FAQ - Fenix Prague\",\"isPartOf\":{\"@id\":\"https:\/\/old.prague-fenix.cz\/#website\"},\"primaryImageOfPage\":{\"@id\":\"https:\/\/old.prague-fenix.cz\/faq\/#primaryimage\"},\"image\":{\"@id\":\"https:\/\/old.prague-fenix.cz\/faq\/#primaryimage\"},\"thumbnailUrl\":\"https:\/\/old.prague-fenix.cz\/wp-content\/uploads\/2024\/03\/faq.jpg\",\"datePublished\":\"2024-02-08T00:09:43+00:00\",\"dateModified\":\"2024-03-29T11:53:53+00:00\",\"description\":\"FAQs about erotic massage: services, salon, masseuses, prices, etc. Find answers to common questions on our website.\",\"breadcrumb\":{\"@id\":\"https:\/\/old.prague-fenix.cz\/faq\/#breadcrumb\"},\"inLanguage\":\"de\",\"potentialAction\":[{\"@type\":\"ReadAction\",\"target\":[\"https:\/\/old.prague-fenix.cz\/faq\/\"]}]},{\"@type\":\"ImageObject\",\"inLanguage\":\"de\",\"@id\":\"https:\/\/old.prague-fenix.cz\/faq\/#primaryimage\",\"url\":\"https:\/\/old.prague-fenix.cz\/wp-content\/uploads\/2024\/03\/faq.jpg\",\"contentUrl\":\"https:\/\/old.prague-fenix.cz\/wp-content\/uploads\/2024\/03\/faq.jpg\",\"width\":1200,\"height\":901,\"caption\":\"faq erotic massage\"},{\"@type\":\"BreadcrumbList\",\"@id\":\"https:\/\/old.prague-fenix.cz\/faq\/#breadcrumb\",\"itemListElement\":[{\"@type\":\"ListItem\",\"position\":1,\"name\":\"Dom\u016f\",\"item\":\"https:\/\/old.prague-fenix.cz\/\"},{\"@type\":\"ListItem\",\"position\":2,\"name\":\"FAQ\"}]},{\"@type\":\"WebSite\",\"@id\":\"https:\/\/old.prague-fenix.cz\/#website\",\"url\":\"https:\/\/old.prague-fenix.cz\/\",\"name\":\"Erotick\u00fd mas\u00e1\u017en\u00ed sal\u00f3n Prague F\u00e9nix\",\"description\":\"Massage salon and erotic massages, body to body, tantra, mix, nuru and lingam massage, lesbian show, BDSM massage.\",\"publisher\":{\"@id\":\"https:\/\/old.prague-fenix.cz\/#\/schema\/person\/2ba77174c6f44cc2bc3d0f5e8ba640d6\"},\"potentialAction\":[{\"@type\":\"SearchAction\",\"target\":{\"@type\":\"EntryPoint\",\"urlTemplate\":\"https:\/\/old.prague-fenix.cz\/?s={search_term_string}\"},\"query-input\":{\"@type\":\"PropertyValueSpecification\",\"valueRequired\":true,\"valueName\":\"search_term_string\"}}],\"inLanguage\":\"de\"},{\"@type\":[\"Person\",\"Organization\"],\"@id\":\"https:\/\/old.prague-fenix.cz\/#\/schema\/person\/2ba77174c6f44cc2bc3d0f5e8ba640d6\",\"name\":\"Prague Fenix\",\"image\":{\"@type\":\"ImageObject\",\"inLanguage\":\"de\",\"@id\":\"https:\/\/old.prague-fenix.cz\/#\/schema\/person\/image\/\",\"url\":\"https:\/\/prague-fenix.cz\/wp-content\/uploads\/2023\/05\/prague-fenix.cz-logo-e1684684035397.png\",\"contentUrl\":\"https:\/\/prague-fenix.cz\/wp-content\/uploads\/2023\/05\/prague-fenix.cz-logo-e1684684035397.png\",\"width\":675,\"height\":675,\"caption\":\"Prague Fenix\"},\"logo\":{\"@id\":\"https:\/\/old.prague-fenix.cz\/#\/schema\/person\/image\/\"},\"sameAs\":[\"http:\/\/www.prague-fenix.cz\"]}]}<\/script>\n<!-- \/ Yoast SEO plugin. -->","yoast_head_json":{"title":"FAQ - Fenix Prague","description":"FAQs about erotic massage: services, salon, masseuses, prices, etc. Find answers to common questions on our website.","robots":{"index":"noindex","follow":"follow","max-snippet":"max-snippet:-1","max-image-preview":"max-image-preview:large","max-video-preview":"max-video-preview:-1"},"og_locale":"de_DE","og_type":"article","og_title":"FAQ - Fenix Prague","og_description":"FAQs about erotic massage: services, salon, masseuses, prices, etc. Find answers to common questions on our website.","og_url":"https:\/\/old.prague-fenix.cz\/de\/faq\/","og_site_name":"Erotic massage salon Prague Fenix","article_modified_time":"2024-03-29T11:53:53+00:00","og_image":[{"width":1200,"height":901,"url":"https:\/\/old.prague-fenix.cz\/wp-content\/uploads\/2024\/03\/faq.jpg","type":"image\/jpeg"}],"twitter_card":"summary_large_image","twitter_misc":{"Gesch\u00e4tzte Lesezeit":"3\u00a0Minuten"},"schema":{"@context":"https:\/\/schema.org","@graph":[{"@type":"WebPage","@id":"https:\/\/old.prague-fenix.cz\/faq\/","url":"https:\/\/old.prague-fenix.cz\/faq\/","name":"FAQ - Fenix Prague","isPartOf":{"@id":"https:\/\/old.prague-fenix.cz\/#website"},"primaryImageOfPage":{"@id":"https:\/\/old.prague-fenix.cz\/faq\/#primaryimage"},"image":{"@id":"https:\/\/old.prague-fenix.cz\/faq\/#primaryimage"},"thumbnailUrl":"https:\/\/old.prague-fenix.cz\/wp-content\/uploads\/2024\/03\/faq.jpg","datePublished":"2024-02-08T00:09:43+00:00","dateModified":"2024-03-29T11:53:53+00:00","description":"FAQs about erotic massage: services, salon, masseuses, prices, etc. Find answers to common questions on our website.","breadcrumb":{"@id":"https:\/\/old.prague-fenix.cz\/faq\/#breadcrumb"},"inLanguage":"de","potentialAction":[{"@type":"ReadAction","target":["https:\/\/old.prague-fenix.cz\/faq\/"]}]},{"@type":"ImageObject","inLanguage":"de","@id":"https:\/\/old.prague-fenix.cz\/faq\/#primaryimage","url":"https:\/\/old.prague-fenix.cz\/wp-content\/uploads\/2024\/03\/faq.jpg","contentUrl":"https:\/\/old.prague-fenix.cz\/wp-content\/uploads\/2024\/03\/faq.jpg","width":1200,"height":901,"caption":"faq erotic massage"},{"@type":"BreadcrumbList","@id":"https:\/\/old.prague-fenix.cz\/faq\/#breadcrumb","itemListElement":[{"@type":"ListItem","position":1,"name":"Dom\u016f","item":"https:\/\/old.prague-fenix.cz\/"},{"@type":"ListItem","position":2,"name":"FAQ"}]},{"@type":"WebSite","@id":"https:\/\/old.prague-fenix.cz\/#website","url":"https:\/\/old.prague-fenix.cz\/","name":"Erotick\u00fd mas\u00e1\u017en\u00ed sal\u00f3n Prague F\u00e9nix","description":"Massage salon and erotic massages, body to body, tantra, mix, nuru and lingam massage, lesbian show, BDSM massage.","publisher":{"@id":"https:\/\/old.prague-fenix.cz\/#\/schema\/person\/2ba77174c6f44cc2bc3d0f5e8ba640d6"},"potentialAction":[{"@type":"SearchAction","target":{"@type":"EntryPoint","urlTemplate":"https:\/\/old.prague-fenix.cz\/?s={search_term_string}"},"query-input":{"@type":"PropertyValueSpecification","valueRequired":true,"valueName":"search_term_string"}}],"inLanguage":"de"},{"@type":["Person","Organization"],"@id":"https:\/\/old.prague-fenix.cz\/#\/schema\/person\/2ba77174c6f44cc2bc3d0f5e8ba640d6","name":"Prague Fenix","image":{"@type":"ImageObject","inLanguage":"de","@id":"https:\/\/old.prague-fenix.cz\/#\/schema\/person\/image\/","url":"https:\/\/prague-fenix.cz\/wp-content\/uploads\/2023\/05\/prague-fenix.cz-logo-e1684684035397.png","contentUrl":"https:\/\/prague-fenix.cz\/wp-content\/uploads\/2023\/05\/prague-fenix.cz-logo-e1684684035397.png","width":675,"height":675,"caption":"Prague Fenix"},"logo":{"@id":"https:\/\/old.prague-fenix.cz\/#\/schema\/person\/image\/"},"sameAs":["http:\/\/www.prague-fenix.cz"]}]}},"_links":{"self":[{"href":"https:\/\/old.prague-fenix.cz\/de\/wp-json\/wp\/v2\/pages\/423","targetHints":{"allow":["GET"]}}],"collection":[{"href":"https:\/\/old.prague-fenix.cz\/de\/wp-json\/wp\/v2\/pages"}],"about":[{"href":"https:\/\/old.prague-fenix.cz\/de\/wp-json\/wp\/v2\/types\/page"}],"author":[{"embeddable":true,"href":"https:\/\/old.prague-fenix.cz\/de\/wp-json\/wp\/v2\/users\/3"}],"replies":[{"embeddable":true,"href":"https:\/\/old.prague-fenix.cz\/de\/wp-json\/wp\/v2\/comments?post=423"}],"version-history":[{"count":0,"href":"https:\/\/old.prague-fenix.cz\/de\/wp-json\/wp\/v2\/pages\/423\/revisions"}],"wp:featuredmedia":[{"embeddable":true,"href":"https:\/\/old.prague-fenix.cz\/de\/wp-json\/wp\/v2\/media\/1192"}],"wp:attachment":[{"href":"https:\/\/old.prague-fenix.cz\/de\/wp-json\/wp\/v2\/media?parent=423"}],"curies":[{"name":"wp","href":"https:\/\/api.w.org\/{rel}","templated":true}]}}