{"id":387,"date":"2023-11-30T21:29:18","date_gmt":"2023-11-30T20:29:18","guid":{"rendered":"https:\/\/prague-fenix.cz\/?page_id=387"},"modified":"2024-03-20T08:57:53","modified_gmt":"2024-03-20T07:57:53","slug":"simona","status":"publish","type":"page","link":"https:\/\/old.prague-fenix.cz\/de\/simona\/","title":{"rendered":"Simona"},"content":{"rendered":"<p><strong><mark style=\"background-color:rgba(0, 0, 0, 0)\" class=\"has-inline-color has-vivid-red-color\">Alter<\/mark><\/strong>: 20 Jahre<br><strong><mark style=\"background-color:rgba(0, 0, 0, 0)\" class=\"has-inline-color has-vivid-red-color\">Gewicht<\/mark><\/strong>: 85 kg<br><strong><mark style=\"background-color:rgba(0, 0, 0, 0)\" class=\"has-inline-color has-vivid-red-color\">H\u00f6he<\/mark><\/strong>: 170 cm<br><strong><mark style=\"background-color:rgba(0, 0, 0, 0)\" class=\"has-inline-color has-vivid-red-color\">Haarfarbe<\/mark><\/strong>: braun<br><mark style=\"background-color:rgba(0, 0, 0, 0)\" class=\"has-inline-color has-vivid-red-color\"><strong>Brust<\/strong> <strong>Gr\u00f6\u00dfe<\/strong><\/mark>: F (6)<\/p>\n\n\n\n<figure class=\"wp-block-gallery has-nested-images columns-default is-cropped wp-block-gallery-1 is-layout-flex wp-block-gallery-is-layout-flex\">\n<figure class=\"wp-block-image size-large\"><img fetchpriority=\"high\" decoding=\"async\" width=\"1024\" height=\"732\" data-id=\"552\" src=\"https:\/\/prague-fenix.cz\/wp-content\/uploads\/2024\/02\/sinona-salon-fenix-1024x732.jpg\" alt=\"Simona Masseurin Prag Fenix\" class=\"wp-image-552\" srcset=\"https:\/\/old.prague-fenix.cz\/wp-content\/uploads\/2024\/02\/sinona-salon-fenix-1024x732.jpg 1024w, https:\/\/old.prague-fenix.cz\/wp-content\/uploads\/2024\/02\/sinona-salon-fenix-300x215.jpg 300w, https:\/\/old.prague-fenix.cz\/wp-content\/uploads\/2024\/02\/sinona-salon-fenix-768x549.jpg 768w, https:\/\/old.prague-fenix.cz\/wp-content\/uploads\/2024\/02\/sinona-salon-fenix-18x12.jpg 18w, https:\/\/old.prague-fenix.cz\/wp-content\/uploads\/2024\/02\/sinona-salon-fenix.jpg 1200w\" sizes=\"(max-width: 1024px) 100vw, 1024px\" \/><\/figure>\n<\/figure>\n\n\n\n<h2 class=\"wp-block-heading has-text-align-center\"><mark style=\"background-color:rgba(0, 0, 0, 0)\" class=\"has-inline-color has-vivid-red-color\">\u00dcber Simona<\/mark><\/h2>\n\n\n\n<p>Attraktiv, sanft und charmant wird Simone jeden ihrer Kunden zur Ekstase bringen. Eine Massage bei diesem M\u00e4dchen ist ein gro\u00dfartiger Stressl\u00f6ser. Es ist unm\u00f6glich, in den H\u00e4nden einer so erfahrenen und gleichzeitig sehr sch\u00f6nen Masseurin nicht zu entspannen.<\/p>\n\n\n\n<p>Bei einer K\u00f6rpermassage mit Simone versetzen die sanften Bewegungen ihrer Finger und die Ber\u00fchrungen ihrer \u00fcppigen Br\u00fcste jeden Kunden in v\u00f6llige Euphorie.<\/p>\n\n\n\n<p>Deshalb kommen diejenigen, die all diese Emotionen mindestens einmal erlebt haben, immer wieder zu ihr zur\u00fcck. Dank Simones aufmerksamer Haltung sich selbst und ihren Kunden gegen\u00fcber und ihrem unvoreingenommenen Verst\u00e4ndnis f\u00fcr deren W\u00fcnsche haben die Sitzungen der M\u00e4nnermassage im Prague Fenix die h\u00f6chsten Bewertungen unter den Besuchern.<\/p>\n\n\n\n<p>Diese Masseurin ist in allen geheimen orientalischen Techniken der erotischen Massage ausgebildet. Sie kombiniert sie mit klassischen Techniken, um effektiv sicherzustellen, dass jeder Muskel entspannt wird. Das ist wirklich sehr wichtig.<\/p>\n\n\n\n<h2 class=\"wp-block-heading has-text-align-center\">Erotische Massage <mark style=\"background-color:rgba(0, 0, 0, 0)\" class=\"has-inline-color has-vivid-red-color\">von Simona<\/mark><\/h2>\n\n\n\n<p>Simone hat ein herausragendes Aussehen. Die Kurven ihres K\u00f6rpers und ihr l\u00e4ssiger Blick vermitteln ein gewisses Vergn\u00fcgen und auch das leichte Gef\u00fchl, dass Sie sich bereits verliebt haben. Z\u00f6gern Sie nicht, rufen Sie lieber an <a href=\"tel:  420 720 175 506\">+420 720 175 506<\/a> und begeben Sie sich in die H\u00e4nde dieses umwerfenden M\u00e4dchens!<\/p>\n\n\n\n<figure class=\"wp-block-gallery has-nested-images columns-default is-cropped wp-block-gallery-2 is-layout-flex wp-block-gallery-is-layout-flex\">\n<figure class=\"wp-block-image size-large\"><img decoding=\"async\" width=\"683\" height=\"1024\" data-id=\"553\" src=\"https:\/\/prague-fenix.cz\/wp-content\/uploads\/2024\/02\/simona-eroticheskij-massaz-683x1024.jpg\" alt=\"Simona erotische Massage Prag\" class=\"wp-image-553\" srcset=\"https:\/\/old.prague-fenix.cz\/wp-content\/uploads\/2024\/02\/simona-eroticheskij-massaz-683x1024.jpg 683w, https:\/\/old.prague-fenix.cz\/wp-content\/uploads\/2024\/02\/simona-eroticheskij-massaz-200x300.jpg 200w, https:\/\/old.prague-fenix.cz\/wp-content\/uploads\/2024\/02\/simona-eroticheskij-massaz-768x1152.jpg 768w, https:\/\/old.prague-fenix.cz\/wp-content\/uploads\/2024\/02\/simona-eroticheskij-massaz-8x12.jpg 8w, https:\/\/old.prague-fenix.cz\/wp-content\/uploads\/2024\/02\/simona-eroticheskij-massaz.jpg 800w\" sizes=\"(max-width: 683px) 100vw, 683px\" \/><\/figure>\n\n\n\n<figure class=\"wp-block-image size-large\"><img decoding=\"async\" width=\"683\" height=\"1024\" data-id=\"551\" src=\"https:\/\/prague-fenix.cz\/wp-content\/uploads\/2024\/02\/simona-massazistka-683x1024.jpg\" alt=\"Simone Masseurin\" class=\"wp-image-551\" srcset=\"https:\/\/old.prague-fenix.cz\/wp-content\/uploads\/2024\/02\/simona-massazistka-683x1024.jpg 683w, https:\/\/old.prague-fenix.cz\/wp-content\/uploads\/2024\/02\/simona-massazistka-200x300.jpg 200w, https:\/\/old.prague-fenix.cz\/wp-content\/uploads\/2024\/02\/simona-massazistka-768x1152.jpg 768w, https:\/\/old.prague-fenix.cz\/wp-content\/uploads\/2024\/02\/simona-massazistka-8x12.jpg 8w, https:\/\/old.prague-fenix.cz\/wp-content\/uploads\/2024\/02\/simona-massazistka.jpg 800w\" sizes=\"(max-width: 683px) 100vw, 683px\" \/><\/figure>\n\n\n\n<figure class=\"wp-block-image size-large\"><img loading=\"lazy\" decoding=\"async\" width=\"683\" height=\"1024\" data-id=\"550\" src=\"https:\/\/prague-fenix.cz\/wp-content\/uploads\/2024\/02\/simona-fenix-praga-683x1024.jpg\" alt=\"Simona Fenix Praga\" class=\"wp-image-550\" srcset=\"https:\/\/old.prague-fenix.cz\/wp-content\/uploads\/2024\/02\/simona-fenix-praga-683x1024.jpg 683w, https:\/\/old.prague-fenix.cz\/wp-content\/uploads\/2024\/02\/simona-fenix-praga-200x300.jpg 200w, https:\/\/old.prague-fenix.cz\/wp-content\/uploads\/2024\/02\/simona-fenix-praga-768x1152.jpg 768w, https:\/\/old.prague-fenix.cz\/wp-content\/uploads\/2024\/02\/simona-fenix-praga-8x12.jpg 8w, https:\/\/old.prague-fenix.cz\/wp-content\/uploads\/2024\/02\/simona-fenix-praga.jpg 800w\" sizes=\"(max-width: 683px) 100vw, 683px\" \/><\/figure>\n<\/figure>","protected":false},"excerpt":{"rendered":"<p>Alter: 20 JahreGewicht: 85 kgGr\u00f6\u00dfe: 170 cmHaarfarbe: braunBrustgr\u00f6\u00dfe: F (6) \u00dcber Simona Attraktiv, sanft und charmant, Simone wird jeden ihrer Kunden zur Ekstase bringen. Massage mit diesem <a class=\"more-link\" href=\"https:\/\/old.prague-fenix.cz\/de\/simona\/\">Weiterlesen \u2192<\/a><\/p>","protected":false},"author":3,"featured_media":552,"parent":0,"menu_order":0,"comment_status":"closed","ping_status":"closed","template":"","meta":{"footnotes":""},"class_list":["post-387","page","type-page","status-publish","has-post-thumbnail","hentry"],"yoast_head":"<!-- This site is optimized with the Yoast SEO plugin v25.0 - https:\/\/yoast.com\/wordpress\/plugins\/seo\/ -->\n<title>Erotic massage by Simona - Salon Prague Fenix<\/title>\n<meta name=\"description\" content=\"Masseuse Simona in the erotic massage salon Prague Fenix. About the girl and her services. Book a massage with Simona and get real pleasure.\" \/>\n<meta name=\"robots\" content=\"noindex, follow, max-snippet:-1, max-image-preview:large, max-video-preview:-1\" \/>\n<meta property=\"og:locale\" content=\"de_DE\" \/>\n<meta property=\"og:type\" content=\"article\" \/>\n<meta property=\"og:title\" content=\"Erotic massage by Simona - Salon Prague Fenix\" \/>\n<meta property=\"og:description\" content=\"Masseuse Simona in the erotic massage salon Prague Fenix. About the girl and her services. Book a massage with Simona and get real pleasure.\" \/>\n<meta property=\"og:url\" content=\"https:\/\/old.prague-fenix.cz\/de\/simona\/\" \/>\n<meta property=\"og:site_name\" content=\"Erotic massage salon Prague Fenix\" \/>\n<meta property=\"article:modified_time\" content=\"2024-03-20T07:57:53+00:00\" \/>\n<meta property=\"og:image\" content=\"https:\/\/old.prague-fenix.cz\/wp-content\/uploads\/2024\/02\/sinona-salon-fenix.jpg\" \/>\n\t<meta property=\"og:image:width\" content=\"1200\" \/>\n\t<meta property=\"og:image:height\" content=\"858\" \/>\n\t<meta property=\"og:image:type\" content=\"image\/jpeg\" \/>\n<meta name=\"twitter:card\" content=\"summary_large_image\" \/>\n<meta name=\"twitter:label1\" content=\"Gesch\u00e4tzte Lesezeit\" \/>\n\t<meta name=\"twitter:data1\" content=\"2\u00a0Minuten\" \/>\n<script type=\"application\/ld+json\" class=\"yoast-schema-graph\">{\"@context\":\"https:\/\/schema.org\",\"@graph\":[{\"@type\":\"WebPage\",\"@id\":\"https:\/\/old.prague-fenix.cz\/simona\/\",\"url\":\"https:\/\/old.prague-fenix.cz\/simona\/\",\"name\":\"Erotic massage by Simona - Salon Prague Fenix\",\"isPartOf\":{\"@id\":\"https:\/\/old.prague-fenix.cz\/#website\"},\"primaryImageOfPage\":{\"@id\":\"https:\/\/old.prague-fenix.cz\/simona\/#primaryimage\"},\"image\":{\"@id\":\"https:\/\/old.prague-fenix.cz\/simona\/#primaryimage\"},\"thumbnailUrl\":\"https:\/\/old.prague-fenix.cz\/wp-content\/uploads\/2024\/02\/sinona-salon-fenix.jpg\",\"datePublished\":\"2023-11-30T20:29:18+00:00\",\"dateModified\":\"2024-03-20T07:57:53+00:00\",\"description\":\"Masseuse Simona in the erotic massage salon Prague Fenix. About the girl and her services. Book a massage with Simona and get real pleasure.\",\"breadcrumb\":{\"@id\":\"https:\/\/old.prague-fenix.cz\/simona\/#breadcrumb\"},\"inLanguage\":\"de\",\"potentialAction\":[{\"@type\":\"ReadAction\",\"target\":[\"https:\/\/old.prague-fenix.cz\/simona\/\"]}]},{\"@type\":\"ImageObject\",\"inLanguage\":\"de\",\"@id\":\"https:\/\/old.prague-fenix.cz\/simona\/#primaryimage\",\"url\":\"https:\/\/old.prague-fenix.cz\/wp-content\/uploads\/2024\/02\/sinona-salon-fenix.jpg\",\"contentUrl\":\"https:\/\/old.prague-fenix.cz\/wp-content\/uploads\/2024\/02\/sinona-salon-fenix.jpg\",\"width\":1200,\"height\":858,\"caption\":\"Simona masseuse Prague Fenix\"},{\"@type\":\"BreadcrumbList\",\"@id\":\"https:\/\/old.prague-fenix.cz\/simona\/#breadcrumb\",\"itemListElement\":[{\"@type\":\"ListItem\",\"position\":1,\"name\":\"Dom\u016f\",\"item\":\"https:\/\/old.prague-fenix.cz\/\"},{\"@type\":\"ListItem\",\"position\":2,\"name\":\"Simona\"}]},{\"@type\":\"WebSite\",\"@id\":\"https:\/\/old.prague-fenix.cz\/#website\",\"url\":\"https:\/\/old.prague-fenix.cz\/\",\"name\":\"Erotick\u00fd mas\u00e1\u017en\u00ed sal\u00f3n Prague F\u00e9nix\",\"description\":\"Massage salon and erotic massages, body to body, tantra, mix, nuru and lingam massage, lesbian show, BDSM massage.\",\"publisher\":{\"@id\":\"https:\/\/old.prague-fenix.cz\/#\/schema\/person\/2ba77174c6f44cc2bc3d0f5e8ba640d6\"},\"potentialAction\":[{\"@type\":\"SearchAction\",\"target\":{\"@type\":\"EntryPoint\",\"urlTemplate\":\"https:\/\/old.prague-fenix.cz\/?s={search_term_string}\"},\"query-input\":{\"@type\":\"PropertyValueSpecification\",\"valueRequired\":true,\"valueName\":\"search_term_string\"}}],\"inLanguage\":\"de\"},{\"@type\":[\"Person\",\"Organization\"],\"@id\":\"https:\/\/old.prague-fenix.cz\/#\/schema\/person\/2ba77174c6f44cc2bc3d0f5e8ba640d6\",\"name\":\"Prague Fenix\",\"image\":{\"@type\":\"ImageObject\",\"inLanguage\":\"de\",\"@id\":\"https:\/\/old.prague-fenix.cz\/#\/schema\/person\/image\/\",\"url\":\"https:\/\/prague-fenix.cz\/wp-content\/uploads\/2023\/05\/prague-fenix.cz-logo-e1684684035397.png\",\"contentUrl\":\"https:\/\/prague-fenix.cz\/wp-content\/uploads\/2023\/05\/prague-fenix.cz-logo-e1684684035397.png\",\"width\":675,\"height\":675,\"caption\":\"Prague Fenix\"},\"logo\":{\"@id\":\"https:\/\/old.prague-fenix.cz\/#\/schema\/person\/image\/\"},\"sameAs\":[\"http:\/\/www.prague-fenix.cz\"]}]}<\/script>\n<!-- \/ Yoast SEO plugin. -->","yoast_head_json":{"title":"Erotic massage by Simona - Salon Prague Fenix","description":"Masseuse Simona in the erotic massage salon Prague Fenix. About the girl and her services. Book a massage with Simona and get real pleasure.","robots":{"index":"noindex","follow":"follow","max-snippet":"max-snippet:-1","max-image-preview":"max-image-preview:large","max-video-preview":"max-video-preview:-1"},"og_locale":"de_DE","og_type":"article","og_title":"Erotic massage by Simona - Salon Prague Fenix","og_description":"Masseuse Simona in the erotic massage salon Prague Fenix. About the girl and her services. Book a massage with Simona and get real pleasure.","og_url":"https:\/\/old.prague-fenix.cz\/de\/simona\/","og_site_name":"Erotic massage salon Prague Fenix","article_modified_time":"2024-03-20T07:57:53+00:00","og_image":[{"width":1200,"height":858,"url":"https:\/\/old.prague-fenix.cz\/wp-content\/uploads\/2024\/02\/sinona-salon-fenix.jpg","type":"image\/jpeg"}],"twitter_card":"summary_large_image","twitter_misc":{"Gesch\u00e4tzte Lesezeit":"2\u00a0Minuten"},"schema":{"@context":"https:\/\/schema.org","@graph":[{"@type":"WebPage","@id":"https:\/\/old.prague-fenix.cz\/simona\/","url":"https:\/\/old.prague-fenix.cz\/simona\/","name":"Erotic massage by Simona - Salon Prague Fenix","isPartOf":{"@id":"https:\/\/old.prague-fenix.cz\/#website"},"primaryImageOfPage":{"@id":"https:\/\/old.prague-fenix.cz\/simona\/#primaryimage"},"image":{"@id":"https:\/\/old.prague-fenix.cz\/simona\/#primaryimage"},"thumbnailUrl":"https:\/\/old.prague-fenix.cz\/wp-content\/uploads\/2024\/02\/sinona-salon-fenix.jpg","datePublished":"2023-11-30T20:29:18+00:00","dateModified":"2024-03-20T07:57:53+00:00","description":"Masseuse Simona in the erotic massage salon Prague Fenix. About the girl and her services. Book a massage with Simona and get real pleasure.","breadcrumb":{"@id":"https:\/\/old.prague-fenix.cz\/simona\/#breadcrumb"},"inLanguage":"de","potentialAction":[{"@type":"ReadAction","target":["https:\/\/old.prague-fenix.cz\/simona\/"]}]},{"@type":"ImageObject","inLanguage":"de","@id":"https:\/\/old.prague-fenix.cz\/simona\/#primaryimage","url":"https:\/\/old.prague-fenix.cz\/wp-content\/uploads\/2024\/02\/sinona-salon-fenix.jpg","contentUrl":"https:\/\/old.prague-fenix.cz\/wp-content\/uploads\/2024\/02\/sinona-salon-fenix.jpg","width":1200,"height":858,"caption":"Simona masseuse Prague Fenix"},{"@type":"BreadcrumbList","@id":"https:\/\/old.prague-fenix.cz\/simona\/#breadcrumb","itemListElement":[{"@type":"ListItem","position":1,"name":"Dom\u016f","item":"https:\/\/old.prague-fenix.cz\/"},{"@type":"ListItem","position":2,"name":"Simona"}]},{"@type":"WebSite","@id":"https:\/\/old.prague-fenix.cz\/#website","url":"https:\/\/old.prague-fenix.cz\/","name":"Erotick\u00fd mas\u00e1\u017en\u00ed sal\u00f3n Prague F\u00e9nix","description":"Massage salon and erotic massages, body to body, tantra, mix, nuru and lingam massage, lesbian show, BDSM massage.","publisher":{"@id":"https:\/\/old.prague-fenix.cz\/#\/schema\/person\/2ba77174c6f44cc2bc3d0f5e8ba640d6"},"potentialAction":[{"@type":"SearchAction","target":{"@type":"EntryPoint","urlTemplate":"https:\/\/old.prague-fenix.cz\/?s={search_term_string}"},"query-input":{"@type":"PropertyValueSpecification","valueRequired":true,"valueName":"search_term_string"}}],"inLanguage":"de"},{"@type":["Person","Organization"],"@id":"https:\/\/old.prague-fenix.cz\/#\/schema\/person\/2ba77174c6f44cc2bc3d0f5e8ba640d6","name":"Prague Fenix","image":{"@type":"ImageObject","inLanguage":"de","@id":"https:\/\/old.prague-fenix.cz\/#\/schema\/person\/image\/","url":"https:\/\/prague-fenix.cz\/wp-content\/uploads\/2023\/05\/prague-fenix.cz-logo-e1684684035397.png","contentUrl":"https:\/\/prague-fenix.cz\/wp-content\/uploads\/2023\/05\/prague-fenix.cz-logo-e1684684035397.png","width":675,"height":675,"caption":"Prague Fenix"},"logo":{"@id":"https:\/\/old.prague-fenix.cz\/#\/schema\/person\/image\/"},"sameAs":["http:\/\/www.prague-fenix.cz"]}]}},"_links":{"self":[{"href":"https:\/\/old.prague-fenix.cz\/de\/wp-json\/wp\/v2\/pages\/387","targetHints":{"allow":["GET"]}}],"collection":[{"href":"https:\/\/old.prague-fenix.cz\/de\/wp-json\/wp\/v2\/pages"}],"about":[{"href":"https:\/\/old.prague-fenix.cz\/de\/wp-json\/wp\/v2\/types\/page"}],"author":[{"embeddable":true,"href":"https:\/\/old.prague-fenix.cz\/de\/wp-json\/wp\/v2\/users\/3"}],"replies":[{"embeddable":true,"href":"https:\/\/old.prague-fenix.cz\/de\/wp-json\/wp\/v2\/comments?post=387"}],"version-history":[{"count":0,"href":"https:\/\/old.prague-fenix.cz\/de\/wp-json\/wp\/v2\/pages\/387\/revisions"}],"wp:featuredmedia":[{"embeddable":true,"href":"https:\/\/old.prague-fenix.cz\/de\/wp-json\/wp\/v2\/media\/552"}],"wp:attachment":[{"href":"https:\/\/old.prague-fenix.cz\/de\/wp-json\/wp\/v2\/media?parent=387"}],"curies":[{"name":"wp","href":"https:\/\/api.w.org\/{rel}","templated":true}]}}