{"id":37,"date":"2023-05-07T11:53:14","date_gmt":"2023-05-07T10:53:14","guid":{"rendered":"http:\/\/prague-fenix.cz\/?page_id=37"},"modified":"2024-08-18T20:10:37","modified_gmt":"2024-08-18T19:10:37","slug":"milana","status":"publish","type":"page","link":"https:\/\/old.prague-fenix.cz\/de\/milana\/","title":{"rendered":"Maria"},"content":{"rendered":"<p><strong><mark style=\"background-color:rgba(0, 0, 0, 0)\" class=\"has-inline-color has-vivid-red-color\">Alter<\/mark><\/strong>: 25 Jahre<br><mark style=\"background-color:rgba(0, 0, 0, 0)\" class=\"has-inline-color has-vivid-red-color\"><strong>Gewicht<\/strong><\/mark>: 50 kg<br><strong><mark style=\"background-color:rgba(0, 0, 0, 0)\" class=\"has-inline-color has-vivid-red-color\">H\u00f6he<\/mark><\/strong>: 164 cm<br><mark style=\"background-color:rgba(0, 0, 0, 0)\" class=\"has-inline-color has-vivid-red-color\"><strong>Haarfarbe<\/strong><\/mark>: Rot<br><strong><mark style=\"background-color:rgba(0, 0, 0, 0)\" class=\"has-inline-color has-vivid-red-color\">Brustgr\u00f6\u00dfe<\/mark><\/strong>: B (2)<\/p>\n\n\n\n<figure class=\"wp-block-gallery has-nested-images columns-default is-cropped wp-block-gallery-1 is-layout-flex wp-block-gallery-is-layout-flex\">\n<figure class=\"wp-block-image size-full\"><img fetchpriority=\"high\" decoding=\"async\" width=\"680\" height=\"384\" data-id=\"1378\" src=\"http:\/\/prague-fenix.cz\/wp-content\/uploads\/2024\/08\/Milana-2-1-e1724008210770.jpg\" alt=\"\" class=\"wp-image-1378\" srcset=\"https:\/\/old.prague-fenix.cz\/wp-content\/uploads\/2024\/08\/Milana-2-1-e1724008210770.jpg 680w, https:\/\/old.prague-fenix.cz\/wp-content\/uploads\/2024\/08\/Milana-2-1-e1724008210770-300x169.jpg 300w, https:\/\/old.prague-fenix.cz\/wp-content\/uploads\/2024\/08\/Milana-2-1-e1724008210770-18x10.jpg 18w\" sizes=\"(max-width: 680px) 100vw, 680px\" \/><\/figure>\n<\/figure>\n\n\n\n<h2 class=\"wp-block-heading has-text-align-center\"><mark style=\"background-color:rgba(0, 0, 0, 0)\" class=\"has-inline-color has-vivid-red-color\">\u00dcber Milana<\/mark><\/h2>\n\n\n\n<p>Die unglaublich talentierte, anmutige und fantastisch intelligente Masseurin Milana wird Ihnen die besten Emotionen bescheren, die Sie sich w\u00fcnschen k\u00f6nnen! Das M\u00e4dchen verf\u00fcgt \u00fcber eine au\u00dfergew\u00f6hnliche Technik der erotischen Massage und findet leicht Zugang zu den anspruchsvollsten Kunden.<\/p>\n\n\n\n<p>Mit ihren sinnlichen Ber\u00fchrungen erreicht Milana eine vollst\u00e4ndige Entspannung der Muskeln und eine Befreiung von schweren Gedanken. Jede ihrer Bewegungen, jede Stimulation, jedes Fl\u00fcstern w\u00fcrdigt die Individualit\u00e4t und Eigenheiten des Kunden. Das Ergebnis einer erotischen Massagesitzung von Milana ist ein Gef\u00fchl absoluten Wohlbefindens und eine Ladung au\u00dfergew\u00f6hnlicher Energie. Gleichzeitig bereitet das M\u00e4dchen nicht nur mit ihrem Verhalten Freude, sondern auch mit der perfekten Form ihres K\u00f6rpers.<\/p>\n\n\n\n<h2 class=\"wp-block-heading has-text-align-center\">Erotische Massage <mark style=\"background-color:rgba(0, 0, 0, 0)\" class=\"has-inline-color has-vivid-red-color\">von Milana<\/mark><\/h2>\n\n\n\n<p>Es ist die Kombination aus \u00e4sthetischem und k\u00f6rperlichem Vergn\u00fcgen, die eine M\u00e4nnermassage von diesem M\u00e4dchen wirklich unvergesslich macht. M\u00f6chten Sie es ausprobieren? Rufen Sie an <a href=\"tel:  420 720 175 506\">+420 720 175 506<\/a>&nbsp;und buchen Sie eine erotische Massage von Milana im Prager Fenix-Salon, um sich selbst von ihren professionellen F\u00e4higkeiten zu \u00fcberzeugen!<\/p>\n\n\n\n<figure class=\"wp-block-gallery has-nested-images columns-default is-cropped wp-block-gallery-2 is-layout-flex wp-block-gallery-is-layout-flex\">\n<figure class=\"wp-block-image size-full\"><img decoding=\"async\" width=\"682\" height=\"1024\" data-id=\"1341\" src=\"http:\/\/prague-fenix.cz\/wp-content\/uploads\/2024\/08\/Milana.jpg\" alt=\"\" class=\"wp-image-1341\" srcset=\"https:\/\/old.prague-fenix.cz\/wp-content\/uploads\/2024\/08\/Milana.jpg 682w, https:\/\/old.prague-fenix.cz\/wp-content\/uploads\/2024\/08\/Milana-200x300.jpg 200w, https:\/\/old.prague-fenix.cz\/wp-content\/uploads\/2024\/08\/Milana-8x12.jpg 8w\" sizes=\"(max-width: 682px) 100vw, 682px\" \/><\/figure>\n\n\n\n<figure class=\"wp-block-image size-full\"><img decoding=\"async\" width=\"682\" height=\"1024\" data-id=\"1342\" src=\"http:\/\/prague-fenix.cz\/wp-content\/uploads\/2024\/08\/Milana-2.jpg\" alt=\"\" class=\"wp-image-1342\" srcset=\"https:\/\/old.prague-fenix.cz\/wp-content\/uploads\/2024\/08\/Milana-2.jpg 682w, https:\/\/old.prague-fenix.cz\/wp-content\/uploads\/2024\/08\/Milana-2-200x300.jpg 200w, https:\/\/old.prague-fenix.cz\/wp-content\/uploads\/2024\/08\/Milana-2-8x12.jpg 8w\" sizes=\"(max-width: 682px) 100vw, 682px\" \/><\/figure>\n\n\n\n<figure class=\"wp-block-image size-full\"><img loading=\"lazy\" decoding=\"async\" width=\"682\" height=\"1024\" data-id=\"1343\" src=\"http:\/\/prague-fenix.cz\/wp-content\/uploads\/2024\/08\/Milana-3.jpg\" alt=\"\" class=\"wp-image-1343\" srcset=\"https:\/\/old.prague-fenix.cz\/wp-content\/uploads\/2024\/08\/Milana-3.jpg 682w, https:\/\/old.prague-fenix.cz\/wp-content\/uploads\/2024\/08\/Milana-3-200x300.jpg 200w, https:\/\/old.prague-fenix.cz\/wp-content\/uploads\/2024\/08\/Milana-3-8x12.jpg 8w\" sizes=\"(max-width: 682px) 100vw, 682px\" \/><\/figure>\n<\/figure>","protected":false},"excerpt":{"rendered":"<p>Alter: 25 JahreGewicht: 50 kgGr\u00f6\u00dfe: 164 cmHaarfarbe: rotBrustgr\u00f6\u00dfe: \u0412 (2) \u00dcber Milana Unglaublich talentierte, anmutige und fantastisch helle Masseuse Milana wird Ihnen die besten Emotionen geben, die Sie <a class=\"more-link\" href=\"https:\/\/old.prague-fenix.cz\/de\/milana\/\">Weiterlesen \u2192<\/a><\/p>","protected":false},"author":3,"featured_media":1378,"parent":0,"menu_order":0,"comment_status":"closed","ping_status":"closed","template":"","meta":{"footnotes":""},"class_list":["post-37","page","type-page","status-publish","has-post-thumbnail","hentry"],"yoast_head":"<!-- This site is optimized with the Yoast SEO plugin v25.0 - https:\/\/yoast.com\/wordpress\/plugins\/seo\/ -->\n<title>Erotic massage by Milana - Salon Prague Fenix<\/title>\n<meta name=\"description\" content=\"Masseuse Milana in the erotic massage salon Prague Fenix. About the girl and her services. Book a massage with Milana and get real pleasure.\" \/>\n<meta name=\"robots\" content=\"noindex, follow, max-snippet:-1, max-image-preview:large, max-video-preview:-1\" \/>\n<meta property=\"og:locale\" content=\"de_DE\" \/>\n<meta property=\"og:type\" content=\"article\" \/>\n<meta property=\"og:title\" content=\"Erotic massage by Milana - Salon Prague Fenix\" \/>\n<meta property=\"og:description\" content=\"Masseuse Milana in the erotic massage salon Prague Fenix. About the girl and her services. Book a massage with Milana and get real pleasure.\" \/>\n<meta property=\"og:url\" content=\"https:\/\/old.prague-fenix.cz\/de\/milana\/\" \/>\n<meta property=\"og:site_name\" content=\"Erotic massage salon Prague Fenix\" \/>\n<meta property=\"article:modified_time\" content=\"2024-08-18T19:10:37+00:00\" \/>\n<meta property=\"og:image\" content=\"https:\/\/old.prague-fenix.cz\/wp-content\/uploads\/2024\/08\/Milana-2-1-e1724008210770.jpg\" \/>\n\t<meta property=\"og:image:width\" content=\"680\" \/>\n\t<meta property=\"og:image:height\" content=\"384\" \/>\n\t<meta property=\"og:image:type\" content=\"image\/jpeg\" \/>\n<meta name=\"twitter:card\" content=\"summary_large_image\" \/>\n<meta name=\"twitter:label1\" content=\"Gesch\u00e4tzte Lesezeit\" \/>\n\t<meta name=\"twitter:data1\" content=\"2\u00a0Minuten\" \/>\n<script type=\"application\/ld+json\" class=\"yoast-schema-graph\">{\"@context\":\"https:\/\/schema.org\",\"@graph\":[{\"@type\":\"WebPage\",\"@id\":\"https:\/\/old.prague-fenix.cz\/milana\/\",\"url\":\"https:\/\/old.prague-fenix.cz\/milana\/\",\"name\":\"Erotic massage by Milana - Salon Prague Fenix\",\"isPartOf\":{\"@id\":\"https:\/\/old.prague-fenix.cz\/#website\"},\"primaryImageOfPage\":{\"@id\":\"https:\/\/old.prague-fenix.cz\/milana\/#primaryimage\"},\"image\":{\"@id\":\"https:\/\/old.prague-fenix.cz\/milana\/#primaryimage\"},\"thumbnailUrl\":\"https:\/\/old.prague-fenix.cz\/wp-content\/uploads\/2024\/08\/Milana-2-1-e1724008210770.jpg\",\"datePublished\":\"2023-05-07T10:53:14+00:00\",\"dateModified\":\"2024-08-18T19:10:37+00:00\",\"description\":\"Masseuse Milana in the erotic massage salon Prague Fenix. About the girl and her services. Book a massage with Milana and get real pleasure.\",\"breadcrumb\":{\"@id\":\"https:\/\/old.prague-fenix.cz\/milana\/#breadcrumb\"},\"inLanguage\":\"de\",\"potentialAction\":[{\"@type\":\"ReadAction\",\"target\":[\"https:\/\/old.prague-fenix.cz\/milana\/\"]}]},{\"@type\":\"ImageObject\",\"inLanguage\":\"de\",\"@id\":\"https:\/\/old.prague-fenix.cz\/milana\/#primaryimage\",\"url\":\"https:\/\/old.prague-fenix.cz\/wp-content\/uploads\/2024\/08\/Milana-2-1-e1724008210770.jpg\",\"contentUrl\":\"https:\/\/old.prague-fenix.cz\/wp-content\/uploads\/2024\/08\/Milana-2-1-e1724008210770.jpg\",\"width\":680,\"height\":384},{\"@type\":\"BreadcrumbList\",\"@id\":\"https:\/\/old.prague-fenix.cz\/milana\/#breadcrumb\",\"itemListElement\":[{\"@type\":\"ListItem\",\"position\":1,\"name\":\"Dom\u016f\",\"item\":\"https:\/\/old.prague-fenix.cz\/\"},{\"@type\":\"ListItem\",\"position\":2,\"name\":\"Milana\"}]},{\"@type\":\"WebSite\",\"@id\":\"https:\/\/old.prague-fenix.cz\/#website\",\"url\":\"https:\/\/old.prague-fenix.cz\/\",\"name\":\"Erotick\u00fd mas\u00e1\u017en\u00ed sal\u00f3n Prague F\u00e9nix\",\"description\":\"Massage salon and erotic massages, body to body, tantra, mix, nuru and lingam massage, lesbian show, BDSM massage.\",\"publisher\":{\"@id\":\"https:\/\/old.prague-fenix.cz\/#\/schema\/person\/2ba77174c6f44cc2bc3d0f5e8ba640d6\"},\"potentialAction\":[{\"@type\":\"SearchAction\",\"target\":{\"@type\":\"EntryPoint\",\"urlTemplate\":\"https:\/\/old.prague-fenix.cz\/?s={search_term_string}\"},\"query-input\":{\"@type\":\"PropertyValueSpecification\",\"valueRequired\":true,\"valueName\":\"search_term_string\"}}],\"inLanguage\":\"de\"},{\"@type\":[\"Person\",\"Organization\"],\"@id\":\"https:\/\/old.prague-fenix.cz\/#\/schema\/person\/2ba77174c6f44cc2bc3d0f5e8ba640d6\",\"name\":\"Prague Fenix\",\"image\":{\"@type\":\"ImageObject\",\"inLanguage\":\"de\",\"@id\":\"https:\/\/old.prague-fenix.cz\/#\/schema\/person\/image\/\",\"url\":\"https:\/\/prague-fenix.cz\/wp-content\/uploads\/2023\/05\/prague-fenix.cz-logo-e1684684035397.png\",\"contentUrl\":\"https:\/\/prague-fenix.cz\/wp-content\/uploads\/2023\/05\/prague-fenix.cz-logo-e1684684035397.png\",\"width\":675,\"height\":675,\"caption\":\"Prague Fenix\"},\"logo\":{\"@id\":\"https:\/\/old.prague-fenix.cz\/#\/schema\/person\/image\/\"},\"sameAs\":[\"http:\/\/www.prague-fenix.cz\"]}]}<\/script>\n<!-- \/ Yoast SEO plugin. -->","yoast_head_json":{"title":"Erotic massage by Milana - Salon Prague Fenix","description":"Masseuse Milana in the erotic massage salon Prague Fenix. About the girl and her services. Book a massage with Milana and get real pleasure.","robots":{"index":"noindex","follow":"follow","max-snippet":"max-snippet:-1","max-image-preview":"max-image-preview:large","max-video-preview":"max-video-preview:-1"},"og_locale":"de_DE","og_type":"article","og_title":"Erotic massage by Milana - Salon Prague Fenix","og_description":"Masseuse Milana in the erotic massage salon Prague Fenix. About the girl and her services. Book a massage with Milana and get real pleasure.","og_url":"https:\/\/old.prague-fenix.cz\/de\/milana\/","og_site_name":"Erotic massage salon Prague Fenix","article_modified_time":"2024-08-18T19:10:37+00:00","og_image":[{"width":680,"height":384,"url":"https:\/\/old.prague-fenix.cz\/wp-content\/uploads\/2024\/08\/Milana-2-1-e1724008210770.jpg","type":"image\/jpeg"}],"twitter_card":"summary_large_image","twitter_misc":{"Gesch\u00e4tzte Lesezeit":"2\u00a0Minuten"},"schema":{"@context":"https:\/\/schema.org","@graph":[{"@type":"WebPage","@id":"https:\/\/old.prague-fenix.cz\/milana\/","url":"https:\/\/old.prague-fenix.cz\/milana\/","name":"Erotic massage by Milana - Salon Prague Fenix","isPartOf":{"@id":"https:\/\/old.prague-fenix.cz\/#website"},"primaryImageOfPage":{"@id":"https:\/\/old.prague-fenix.cz\/milana\/#primaryimage"},"image":{"@id":"https:\/\/old.prague-fenix.cz\/milana\/#primaryimage"},"thumbnailUrl":"https:\/\/old.prague-fenix.cz\/wp-content\/uploads\/2024\/08\/Milana-2-1-e1724008210770.jpg","datePublished":"2023-05-07T10:53:14+00:00","dateModified":"2024-08-18T19:10:37+00:00","description":"Masseuse Milana in the erotic massage salon Prague Fenix. About the girl and her services. Book a massage with Milana and get real pleasure.","breadcrumb":{"@id":"https:\/\/old.prague-fenix.cz\/milana\/#breadcrumb"},"inLanguage":"de","potentialAction":[{"@type":"ReadAction","target":["https:\/\/old.prague-fenix.cz\/milana\/"]}]},{"@type":"ImageObject","inLanguage":"de","@id":"https:\/\/old.prague-fenix.cz\/milana\/#primaryimage","url":"https:\/\/old.prague-fenix.cz\/wp-content\/uploads\/2024\/08\/Milana-2-1-e1724008210770.jpg","contentUrl":"https:\/\/old.prague-fenix.cz\/wp-content\/uploads\/2024\/08\/Milana-2-1-e1724008210770.jpg","width":680,"height":384},{"@type":"BreadcrumbList","@id":"https:\/\/old.prague-fenix.cz\/milana\/#breadcrumb","itemListElement":[{"@type":"ListItem","position":1,"name":"Dom\u016f","item":"https:\/\/old.prague-fenix.cz\/"},{"@type":"ListItem","position":2,"name":"Milana"}]},{"@type":"WebSite","@id":"https:\/\/old.prague-fenix.cz\/#website","url":"https:\/\/old.prague-fenix.cz\/","name":"Erotick\u00fd mas\u00e1\u017en\u00ed sal\u00f3n Prague F\u00e9nix","description":"Massage salon and erotic massages, body to body, tantra, mix, nuru and lingam massage, lesbian show, BDSM massage.","publisher":{"@id":"https:\/\/old.prague-fenix.cz\/#\/schema\/person\/2ba77174c6f44cc2bc3d0f5e8ba640d6"},"potentialAction":[{"@type":"SearchAction","target":{"@type":"EntryPoint","urlTemplate":"https:\/\/old.prague-fenix.cz\/?s={search_term_string}"},"query-input":{"@type":"PropertyValueSpecification","valueRequired":true,"valueName":"search_term_string"}}],"inLanguage":"de"},{"@type":["Person","Organization"],"@id":"https:\/\/old.prague-fenix.cz\/#\/schema\/person\/2ba77174c6f44cc2bc3d0f5e8ba640d6","name":"Prague Fenix","image":{"@type":"ImageObject","inLanguage":"de","@id":"https:\/\/old.prague-fenix.cz\/#\/schema\/person\/image\/","url":"https:\/\/prague-fenix.cz\/wp-content\/uploads\/2023\/05\/prague-fenix.cz-logo-e1684684035397.png","contentUrl":"https:\/\/prague-fenix.cz\/wp-content\/uploads\/2023\/05\/prague-fenix.cz-logo-e1684684035397.png","width":675,"height":675,"caption":"Prague Fenix"},"logo":{"@id":"https:\/\/old.prague-fenix.cz\/#\/schema\/person\/image\/"},"sameAs":["http:\/\/www.prague-fenix.cz"]}]}},"_links":{"self":[{"href":"https:\/\/old.prague-fenix.cz\/de\/wp-json\/wp\/v2\/pages\/37","targetHints":{"allow":["GET"]}}],"collection":[{"href":"https:\/\/old.prague-fenix.cz\/de\/wp-json\/wp\/v2\/pages"}],"about":[{"href":"https:\/\/old.prague-fenix.cz\/de\/wp-json\/wp\/v2\/types\/page"}],"author":[{"embeddable":true,"href":"https:\/\/old.prague-fenix.cz\/de\/wp-json\/wp\/v2\/users\/3"}],"replies":[{"embeddable":true,"href":"https:\/\/old.prague-fenix.cz\/de\/wp-json\/wp\/v2\/comments?post=37"}],"version-history":[{"count":0,"href":"https:\/\/old.prague-fenix.cz\/de\/wp-json\/wp\/v2\/pages\/37\/revisions"}],"wp:featuredmedia":[{"embeddable":true,"href":"https:\/\/old.prague-fenix.cz\/de\/wp-json\/wp\/v2\/media\/1378"}],"wp:attachment":[{"href":"https:\/\/old.prague-fenix.cz\/de\/wp-json\/wp\/v2\/media?parent=37"}],"curies":[{"name":"wp","href":"https:\/\/api.w.org\/{rel}","templated":true}]}}