{"id":31,"date":"2023-05-07T11:52:22","date_gmt":"2023-05-07T10:52:22","guid":{"rendered":"http:\/\/prague-fenix.cz\/?page_id=31"},"modified":"2024-08-18T20:14:57","modified_gmt":"2024-08-18T19:14:57","slug":"karolina","status":"publish","type":"page","link":"https:\/\/old.prague-fenix.cz\/de\/karolina\/","title":{"rendered":"Karolina"},"content":{"rendered":"<p><strong><mark style=\"background-color:rgba(0, 0, 0, 0)\" class=\"has-inline-color has-vivid-red-color\">Alter<\/mark><\/strong>: 23 Jahre<br><strong><mark style=\"background-color:rgba(0, 0, 0, 0)\" class=\"has-inline-color has-vivid-red-color\">Gewicht<\/mark><\/strong>: 50 kg<br><strong><mark style=\"background-color:rgba(0, 0, 0, 0)\" class=\"has-inline-color has-vivid-red-color\">H\u00f6he<\/mark><\/strong>: 165 cm<br><strong><mark style=\"background-color:rgba(0, 0, 0, 0)\" class=\"has-inline-color has-vivid-red-color\">Haarfarbe<\/mark><\/strong>: blond<br><strong><mark style=\"background-color:rgba(0, 0, 0, 0)\" class=\"has-inline-color has-vivid-red-color\">Brustgr\u00f6\u00dfe<\/mark><\/strong>: B (2)<\/p>\n\n\n\n<figure class=\"wp-block-gallery has-nested-images columns-default is-cropped wp-block-gallery-1 is-layout-flex wp-block-gallery-is-layout-flex\">\n<figure class=\"wp-block-image size-full\"><img fetchpriority=\"high\" decoding=\"async\" width=\"767\" height=\"432\" data-id=\"1432\" src=\"http:\/\/prague-fenix.cz\/wp-content\/uploads\/2024\/08\/Karolina-5.webp\" alt=\"\" class=\"wp-image-1432\" srcset=\"https:\/\/old.prague-fenix.cz\/wp-content\/uploads\/2024\/08\/Karolina-5.webp 767w, https:\/\/old.prague-fenix.cz\/wp-content\/uploads\/2024\/08\/Karolina-5-300x169.webp 300w, https:\/\/old.prague-fenix.cz\/wp-content\/uploads\/2024\/08\/Karolina-5-18x10.webp 18w\" sizes=\"(max-width: 767px) 100vw, 767px\" \/><\/figure>\n<\/figure>\n\n\n\n<h2 class=\"wp-block-heading has-text-align-center\"><mark style=\"background-color:rgba(0, 0, 0, 0)\" class=\"has-inline-color has-vivid-red-color\">\u00dcber Karolina<\/mark><\/h2>\n\n\n\n<p>Unglaublich sch\u00f6n, umwerfend, mit perfekter Figur, Karolina ist eine der Besten in Sachen erotische Massagetechnik in ganz Prag. Sie werden kein anmutigeres und sinnlicheres M\u00e4dchen finden!<\/p>\n\n\n\n<p>Ihre professionellen F\u00e4higkeiten und ihr ausgezeichnetes Wissen \u00fcber die Geheimnisse orientalischer Techniken w\u00fcrden jede Masseurin beneiden. Dieses M\u00e4dchen ist in allem perfekt und stellt mit Leichtigkeit jeden ihrer Kunden 100% zufrieden. Karolina verzaubert nicht nur mit ihrer makellosen erotischen Massage, sondern auch mit der Sch\u00f6nheit ihres K\u00f6rpers. Ihre zarte Stimme und ihr ehrf\u00fcrchtiges Fl\u00fcstern erregen, und sanfte, sinnliche Ber\u00fchrungen lassen jeden, der sich in ihrem Massageraum befindet, vor Vergn\u00fcgen st\u00f6hnen.<\/p>\n\n\n\n<p>Eine erotische Massagesitzung mit Karolina ist wie ein woll\u00fcstiges Ritual. Die Bewegungen dieser Sch\u00f6nheit hypnotisieren, entspannen und bereiten auf unvergessliche Empfindungen vor. Schon die erste Ber\u00fchrung Ihres K\u00f6rpers wird eine Welle der Lust ausl\u00f6sen. Jede weitere Minute f\u00fchrt zu einer weiteren Entspannung der Muskeln und endet mit einem H\u00f6hepunkt der Ekstase und einem Gef\u00fchl absoluter Euphorie.<\/p>\n\n\n\n<h2 class=\"wp-block-heading has-text-align-center\">Erotische Massage <mark style=\"background-color:rgba(0, 0, 0, 0)\" class=\"has-inline-color has-vivid-red-color\">von Karolina<\/mark><\/h2>\n\n\n\n<p>Die Chance, in den H\u00e4nden eines solchen M\u00e4dchens in einen Strudel vollkommener Lust und Entspannung einzutauchen, darf nicht verpasst werden! Um sie zu nutzen, rufen Sie gleich jetzt telefonisch an&nbsp; <a href=\"tel:  420 720 175 506\">+420 720 175 506<\/a> und buchen Sie jede Art von erotischer Massage bei der besten Masseurin in Prag! Karolina wartet bereits auf Sie!<\/p>\n\n\n\n<figure class=\"wp-block-gallery has-nested-images columns-default is-cropped wp-block-gallery-2 is-layout-flex wp-block-gallery-is-layout-flex\">\n<figure class=\"wp-block-image size-large\"><img decoding=\"async\" width=\"700\" height=\"1024\" data-id=\"1400\" src=\"http:\/\/prague-fenix.cz\/wp-content\/uploads\/2024\/08\/Karolina-700x1024.jpg\" alt=\"\" class=\"wp-image-1400\" srcset=\"https:\/\/old.prague-fenix.cz\/wp-content\/uploads\/2024\/08\/Karolina-700x1024.jpg 700w, https:\/\/old.prague-fenix.cz\/wp-content\/uploads\/2024\/08\/Karolina-205x300.jpg 205w, https:\/\/old.prague-fenix.cz\/wp-content\/uploads\/2024\/08\/Karolina-768x1124.jpg 768w, https:\/\/old.prague-fenix.cz\/wp-content\/uploads\/2024\/08\/Karolina-1049x1536.jpg 1049w, https:\/\/old.prague-fenix.cz\/wp-content\/uploads\/2024\/08\/Karolina-8x12.jpg 8w, https:\/\/old.prague-fenix.cz\/wp-content\/uploads\/2024\/08\/Karolina.jpg 1093w\" sizes=\"(max-width: 700px) 100vw, 700px\" \/><\/figure>\n\n\n\n<figure class=\"wp-block-image size-full\"><img decoding=\"async\" width=\"680\" height=\"1024\" data-id=\"1401\" src=\"http:\/\/prague-fenix.cz\/wp-content\/uploads\/2024\/08\/Karolina-2.jpg\" alt=\"\" class=\"wp-image-1401\" srcset=\"https:\/\/old.prague-fenix.cz\/wp-content\/uploads\/2024\/08\/Karolina-2.jpg 680w, https:\/\/old.prague-fenix.cz\/wp-content\/uploads\/2024\/08\/Karolina-2-199x300.jpg 199w, https:\/\/old.prague-fenix.cz\/wp-content\/uploads\/2024\/08\/Karolina-2-8x12.jpg 8w\" sizes=\"(max-width: 680px) 100vw, 680px\" \/><\/figure>\n\n\n\n<figure class=\"wp-block-image size-large\"><img loading=\"lazy\" decoding=\"async\" width=\"711\" height=\"1024\" data-id=\"1403\" src=\"http:\/\/prague-fenix.cz\/wp-content\/uploads\/2024\/08\/Karolina-4-711x1024.jpg\" alt=\"\" class=\"wp-image-1403\" srcset=\"https:\/\/old.prague-fenix.cz\/wp-content\/uploads\/2024\/08\/Karolina-4-711x1024.jpg 711w, https:\/\/old.prague-fenix.cz\/wp-content\/uploads\/2024\/08\/Karolina-4-208x300.jpg 208w, https:\/\/old.prague-fenix.cz\/wp-content\/uploads\/2024\/08\/Karolina-4-768x1107.jpg 768w, https:\/\/old.prague-fenix.cz\/wp-content\/uploads\/2024\/08\/Karolina-4-8x12.jpg 8w, https:\/\/old.prague-fenix.cz\/wp-content\/uploads\/2024\/08\/Karolina-4.jpg 1066w\" sizes=\"(max-width: 711px) 100vw, 711px\" \/><\/figure>\n<\/figure>","protected":false},"excerpt":{"rendered":"<p>Alter: 23 JahreGewicht: 50 kgGr\u00f6\u00dfe: 165 cmHaarfarbe: blondBrustgr\u00f6\u00dfe: \u0412 (2) \u00dcber Karolina Unglaublich sch\u00f6n, umwerfend, mit einer perfekten Figur, Karolina ist eine der besten in der erotischen Massage <a class=\"more-link\" href=\"https:\/\/old.prague-fenix.cz\/de\/karolina\/\">Weiterlesen \u2192<\/a><\/p>","protected":false},"author":3,"featured_media":1432,"parent":0,"menu_order":0,"comment_status":"closed","ping_status":"closed","template":"","meta":{"footnotes":""},"class_list":["post-31","page","type-page","status-publish","has-post-thumbnail","hentry"],"yoast_head":"<!-- This site is optimized with the Yoast SEO plugin v25.0 - https:\/\/yoast.com\/wordpress\/plugins\/seo\/ -->\n<title>Erotic massage by Karolina - Salon Prague Fenix<\/title>\n<meta name=\"description\" content=\"Masseuse Karolina in the erotic massage salon Prague Fenix. About the girl and her services. Book a massage with Karolina and get real pleasure\" \/>\n<meta name=\"robots\" content=\"noindex, follow, max-snippet:-1, max-image-preview:large, max-video-preview:-1\" \/>\n<meta property=\"og:locale\" content=\"de_DE\" \/>\n<meta property=\"og:type\" content=\"article\" \/>\n<meta property=\"og:title\" content=\"Erotic massage by Karolina - Salon Prague Fenix\" \/>\n<meta property=\"og:description\" content=\"Masseuse Karolina in the erotic massage salon Prague Fenix. About the girl and her services. Book a massage with Karolina and get real pleasure\" \/>\n<meta property=\"og:url\" content=\"https:\/\/old.prague-fenix.cz\/de\/karolina\/\" \/>\n<meta property=\"og:site_name\" content=\"Erotic massage salon Prague Fenix\" \/>\n<meta property=\"article:modified_time\" content=\"2024-08-18T19:14:57+00:00\" \/>\n<meta property=\"og:image\" content=\"https:\/\/old.prague-fenix.cz\/wp-content\/uploads\/2024\/08\/Karolina-5.webp\" \/>\n\t<meta property=\"og:image:width\" content=\"767\" \/>\n\t<meta property=\"og:image:height\" content=\"432\" \/>\n\t<meta property=\"og:image:type\" content=\"image\/webp\" \/>\n<meta name=\"twitter:card\" content=\"summary_large_image\" \/>\n<meta name=\"twitter:label1\" content=\"Gesch\u00e4tzte Lesezeit\" \/>\n\t<meta name=\"twitter:data1\" content=\"3\u00a0Minuten\" \/>\n<script type=\"application\/ld+json\" class=\"yoast-schema-graph\">{\"@context\":\"https:\/\/schema.org\",\"@graph\":[{\"@type\":\"WebPage\",\"@id\":\"https:\/\/old.prague-fenix.cz\/karolina\/\",\"url\":\"https:\/\/old.prague-fenix.cz\/karolina\/\",\"name\":\"Erotic massage by Karolina - Salon Prague Fenix\",\"isPartOf\":{\"@id\":\"https:\/\/old.prague-fenix.cz\/#website\"},\"primaryImageOfPage\":{\"@id\":\"https:\/\/old.prague-fenix.cz\/karolina\/#primaryimage\"},\"image\":{\"@id\":\"https:\/\/old.prague-fenix.cz\/karolina\/#primaryimage\"},\"thumbnailUrl\":\"https:\/\/old.prague-fenix.cz\/wp-content\/uploads\/2024\/08\/Karolina-5.webp\",\"datePublished\":\"2023-05-07T10:52:22+00:00\",\"dateModified\":\"2024-08-18T19:14:57+00:00\",\"description\":\"Masseuse Karolina in the erotic massage salon Prague Fenix. About the girl and her services. Book a massage with Karolina and get real pleasure\",\"breadcrumb\":{\"@id\":\"https:\/\/old.prague-fenix.cz\/karolina\/#breadcrumb\"},\"inLanguage\":\"de\",\"potentialAction\":[{\"@type\":\"ReadAction\",\"target\":[\"https:\/\/old.prague-fenix.cz\/karolina\/\"]}]},{\"@type\":\"ImageObject\",\"inLanguage\":\"de\",\"@id\":\"https:\/\/old.prague-fenix.cz\/karolina\/#primaryimage\",\"url\":\"https:\/\/old.prague-fenix.cz\/wp-content\/uploads\/2024\/08\/Karolina-5.webp\",\"contentUrl\":\"https:\/\/old.prague-fenix.cz\/wp-content\/uploads\/2024\/08\/Karolina-5.webp\",\"width\":767,\"height\":432},{\"@type\":\"BreadcrumbList\",\"@id\":\"https:\/\/old.prague-fenix.cz\/karolina\/#breadcrumb\",\"itemListElement\":[{\"@type\":\"ListItem\",\"position\":1,\"name\":\"Dom\u016f\",\"item\":\"https:\/\/old.prague-fenix.cz\/\"},{\"@type\":\"ListItem\",\"position\":2,\"name\":\"Karolina\"}]},{\"@type\":\"WebSite\",\"@id\":\"https:\/\/old.prague-fenix.cz\/#website\",\"url\":\"https:\/\/old.prague-fenix.cz\/\",\"name\":\"Erotick\u00fd mas\u00e1\u017en\u00ed sal\u00f3n Prague F\u00e9nix\",\"description\":\"Massage salon and erotic massages, body to body, tantra, mix, nuru and lingam massage, lesbian show, BDSM massage.\",\"publisher\":{\"@id\":\"https:\/\/old.prague-fenix.cz\/#\/schema\/person\/2ba77174c6f44cc2bc3d0f5e8ba640d6\"},\"potentialAction\":[{\"@type\":\"SearchAction\",\"target\":{\"@type\":\"EntryPoint\",\"urlTemplate\":\"https:\/\/old.prague-fenix.cz\/?s={search_term_string}\"},\"query-input\":{\"@type\":\"PropertyValueSpecification\",\"valueRequired\":true,\"valueName\":\"search_term_string\"}}],\"inLanguage\":\"de\"},{\"@type\":[\"Person\",\"Organization\"],\"@id\":\"https:\/\/old.prague-fenix.cz\/#\/schema\/person\/2ba77174c6f44cc2bc3d0f5e8ba640d6\",\"name\":\"Prague Fenix\",\"image\":{\"@type\":\"ImageObject\",\"inLanguage\":\"de\",\"@id\":\"https:\/\/old.prague-fenix.cz\/#\/schema\/person\/image\/\",\"url\":\"https:\/\/prague-fenix.cz\/wp-content\/uploads\/2023\/05\/prague-fenix.cz-logo-e1684684035397.png\",\"contentUrl\":\"https:\/\/prague-fenix.cz\/wp-content\/uploads\/2023\/05\/prague-fenix.cz-logo-e1684684035397.png\",\"width\":675,\"height\":675,\"caption\":\"Prague Fenix\"},\"logo\":{\"@id\":\"https:\/\/old.prague-fenix.cz\/#\/schema\/person\/image\/\"},\"sameAs\":[\"http:\/\/www.prague-fenix.cz\"]}]}<\/script>\n<!-- \/ Yoast SEO plugin. -->","yoast_head_json":{"title":"Erotic massage by Karolina - Salon Prague Fenix","description":"Masseuse Karolina in the erotic massage salon Prague Fenix. About the girl and her services. Book a massage with Karolina and get real pleasure","robots":{"index":"noindex","follow":"follow","max-snippet":"max-snippet:-1","max-image-preview":"max-image-preview:large","max-video-preview":"max-video-preview:-1"},"og_locale":"de_DE","og_type":"article","og_title":"Erotic massage by Karolina - Salon Prague Fenix","og_description":"Masseuse Karolina in the erotic massage salon Prague Fenix. About the girl and her services. Book a massage with Karolina and get real pleasure","og_url":"https:\/\/old.prague-fenix.cz\/de\/karolina\/","og_site_name":"Erotic massage salon Prague Fenix","article_modified_time":"2024-08-18T19:14:57+00:00","og_image":[{"width":767,"height":432,"url":"https:\/\/old.prague-fenix.cz\/wp-content\/uploads\/2024\/08\/Karolina-5.webp","type":"image\/webp"}],"twitter_card":"summary_large_image","twitter_misc":{"Gesch\u00e4tzte Lesezeit":"3\u00a0Minuten"},"schema":{"@context":"https:\/\/schema.org","@graph":[{"@type":"WebPage","@id":"https:\/\/old.prague-fenix.cz\/karolina\/","url":"https:\/\/old.prague-fenix.cz\/karolina\/","name":"Erotic massage by Karolina - Salon Prague Fenix","isPartOf":{"@id":"https:\/\/old.prague-fenix.cz\/#website"},"primaryImageOfPage":{"@id":"https:\/\/old.prague-fenix.cz\/karolina\/#primaryimage"},"image":{"@id":"https:\/\/old.prague-fenix.cz\/karolina\/#primaryimage"},"thumbnailUrl":"https:\/\/old.prague-fenix.cz\/wp-content\/uploads\/2024\/08\/Karolina-5.webp","datePublished":"2023-05-07T10:52:22+00:00","dateModified":"2024-08-18T19:14:57+00:00","description":"Masseuse Karolina in the erotic massage salon Prague Fenix. About the girl and her services. Book a massage with Karolina and get real pleasure","breadcrumb":{"@id":"https:\/\/old.prague-fenix.cz\/karolina\/#breadcrumb"},"inLanguage":"de","potentialAction":[{"@type":"ReadAction","target":["https:\/\/old.prague-fenix.cz\/karolina\/"]}]},{"@type":"ImageObject","inLanguage":"de","@id":"https:\/\/old.prague-fenix.cz\/karolina\/#primaryimage","url":"https:\/\/old.prague-fenix.cz\/wp-content\/uploads\/2024\/08\/Karolina-5.webp","contentUrl":"https:\/\/old.prague-fenix.cz\/wp-content\/uploads\/2024\/08\/Karolina-5.webp","width":767,"height":432},{"@type":"BreadcrumbList","@id":"https:\/\/old.prague-fenix.cz\/karolina\/#breadcrumb","itemListElement":[{"@type":"ListItem","position":1,"name":"Dom\u016f","item":"https:\/\/old.prague-fenix.cz\/"},{"@type":"ListItem","position":2,"name":"Karolina"}]},{"@type":"WebSite","@id":"https:\/\/old.prague-fenix.cz\/#website","url":"https:\/\/old.prague-fenix.cz\/","name":"Erotick\u00fd mas\u00e1\u017en\u00ed sal\u00f3n Prague F\u00e9nix","description":"Massage salon and erotic massages, body to body, tantra, mix, nuru and lingam massage, lesbian show, BDSM massage.","publisher":{"@id":"https:\/\/old.prague-fenix.cz\/#\/schema\/person\/2ba77174c6f44cc2bc3d0f5e8ba640d6"},"potentialAction":[{"@type":"SearchAction","target":{"@type":"EntryPoint","urlTemplate":"https:\/\/old.prague-fenix.cz\/?s={search_term_string}"},"query-input":{"@type":"PropertyValueSpecification","valueRequired":true,"valueName":"search_term_string"}}],"inLanguage":"de"},{"@type":["Person","Organization"],"@id":"https:\/\/old.prague-fenix.cz\/#\/schema\/person\/2ba77174c6f44cc2bc3d0f5e8ba640d6","name":"Prague Fenix","image":{"@type":"ImageObject","inLanguage":"de","@id":"https:\/\/old.prague-fenix.cz\/#\/schema\/person\/image\/","url":"https:\/\/prague-fenix.cz\/wp-content\/uploads\/2023\/05\/prague-fenix.cz-logo-e1684684035397.png","contentUrl":"https:\/\/prague-fenix.cz\/wp-content\/uploads\/2023\/05\/prague-fenix.cz-logo-e1684684035397.png","width":675,"height":675,"caption":"Prague Fenix"},"logo":{"@id":"https:\/\/old.prague-fenix.cz\/#\/schema\/person\/image\/"},"sameAs":["http:\/\/www.prague-fenix.cz"]}]}},"_links":{"self":[{"href":"https:\/\/old.prague-fenix.cz\/de\/wp-json\/wp\/v2\/pages\/31","targetHints":{"allow":["GET"]}}],"collection":[{"href":"https:\/\/old.prague-fenix.cz\/de\/wp-json\/wp\/v2\/pages"}],"about":[{"href":"https:\/\/old.prague-fenix.cz\/de\/wp-json\/wp\/v2\/types\/page"}],"author":[{"embeddable":true,"href":"https:\/\/old.prague-fenix.cz\/de\/wp-json\/wp\/v2\/users\/3"}],"replies":[{"embeddable":true,"href":"https:\/\/old.prague-fenix.cz\/de\/wp-json\/wp\/v2\/comments?post=31"}],"version-history":[{"count":0,"href":"https:\/\/old.prague-fenix.cz\/de\/wp-json\/wp\/v2\/pages\/31\/revisions"}],"wp:featuredmedia":[{"embeddable":true,"href":"https:\/\/old.prague-fenix.cz\/de\/wp-json\/wp\/v2\/media\/1432"}],"wp:attachment":[{"href":"https:\/\/old.prague-fenix.cz\/de\/wp-json\/wp\/v2\/media?parent=31"}],"curies":[{"name":"wp","href":"https:\/\/api.w.org\/{rel}","templated":true}]}}