{"id":256,"date":"2023-05-21T06:51:28","date_gmt":"2023-05-21T05:51:28","guid":{"rendered":"https:\/\/prague-fenix.cz\/?page_id=256"},"modified":"2025-01-24T22:57:19","modified_gmt":"2025-01-24T21:57:19","slug":"kira","status":"publish","type":"page","link":"https:\/\/old.prague-fenix.cz\/de\/kira\/","title":{"rendered":"Kira"},"content":{"rendered":"<p><strong><mark style=\"background-color:rgba(0, 0, 0, 0)\" class=\"has-inline-color has-vivid-red-color\">Alter<\/mark><\/strong>: 25 Jahre<br><strong><mark style=\"background-color:rgba(0, 0, 0, 0)\" class=\"has-inline-color has-vivid-red-color\">Gewicht<\/mark><\/strong>: 58 kg<br><strong><mark style=\"background-color:rgba(0, 0, 0, 0)\" class=\"has-inline-color has-vivid-red-color\">H\u00f6he<\/mark><\/strong>: 167 cm<br><strong><mark style=\"background-color:rgba(0, 0, 0, 0)\" class=\"has-inline-color has-vivid-red-color\">Haarfarbe<\/mark><\/strong>: blond<br><strong><mark style=\"background-color:rgba(0, 0, 0, 0)\" class=\"has-inline-color has-vivid-red-color\">Brustgr\u00f6\u00dfe<\/mark><\/strong>: B (3)<\/p>\n\n\n\n<figure class=\"wp-block-gallery has-nested-images columns-default is-cropped wp-block-gallery-1 is-layout-flex wp-block-gallery-is-layout-flex\">\n<figure class=\"wp-block-image size-large\"><img fetchpriority=\"high\" decoding=\"async\" width=\"1024\" height=\"820\" data-id=\"1651\" src=\"http:\/\/prague-fenix.cz\/wp-content\/uploads\/2025\/01\/Kira-Erotic-Masseus-1-1024x820.jpg\" alt=\"\" class=\"wp-image-1651\" srcset=\"https:\/\/old.prague-fenix.cz\/wp-content\/uploads\/2025\/01\/Kira-Erotic-Masseus-1-1024x820.jpg 1024w, https:\/\/old.prague-fenix.cz\/wp-content\/uploads\/2025\/01\/Kira-Erotic-Masseus-1-300x240.jpg 300w, https:\/\/old.prague-fenix.cz\/wp-content\/uploads\/2025\/01\/Kira-Erotic-Masseus-1-768x615.jpg 768w, https:\/\/old.prague-fenix.cz\/wp-content\/uploads\/2025\/01\/Kira-Erotic-Masseus-1-15x12.jpg 15w, https:\/\/old.prague-fenix.cz\/wp-content\/uploads\/2025\/01\/Kira-Erotic-Masseus-1.jpg 1200w\" sizes=\"(max-width: 1024px) 100vw, 1024px\" \/><\/figure>\n<\/figure>\n\n\n\n<h2 class=\"wp-block-heading has-text-align-center\"><mark style=\"background-color:rgba(0, 0, 0, 0)\" class=\"has-inline-color has-vivid-red-color\">\u00dcber Kira<\/mark><\/h2>\n\n\n\n<p>Die anmutige und stets leidenschaftliche Masseurin Kira wird jeden ihrer Besucher mit einer besonderen, nur durch ihre Technik charakterisierten entspannenden Massage erfreuen. Das M\u00e4dchen ist bekannt f\u00fcr ihre au\u00dfergew\u00f6hnliche Arbeitsweise und ihre F\u00e4higkeit, die W\u00fcnsche jedes Kunden nach einer au\u00dfergew\u00f6hnlichen erotischen Massage zu erf\u00fcllen.<\/p>\n\n\n\n<p><span style=\"text-decoration: underline;\">Kira perfekt, wei\u00df, was von ihr erwartet wird<\/span>. Ihre Erfahrung und ihr tadelloses Wissen \u00fcber verschiedene Massagetechniken machen sich bereits in den ersten Minuten der Sitzung bemerkbar. Dieses M\u00e4dchen wird Ihnen mit Sicherheit die besten Emotionen und eine wirklich exquisite Massage bieten k\u00f6nnen. Und zwar praktisch jede dieser Art! Sie ist auf die meisten Dienstleistungen im Erotikmassagesalon Prague Fenix spezialisiert.<\/p>\n\n\n\n<p>Jeder, der eine Sitzung mit Kira hatte, hat eine einzigartige Erfahrung gemacht, und der Wunsch, sie zu wiederholen, entsteht, sobald das erste Treffen mit dieser Masseurin vorbei ist. Die Aufmerksamkeit des M\u00e4dchens f\u00fcr alle Details und die F\u00e4higkeit, sich sofort an die individuellen Bed\u00fcrfnisse des Kunden anzupassen, machen ihre Dienste sehr gesch\u00e4tzt. Besonders f\u00fcr diejenigen, die zu Fenix kommen, um sich qualitativ hochwertig auszuruhen und 100% zu entspannen.<\/p>\n\n\n\n<h2 class=\"wp-block-heading has-text-align-center\">Erotische Massage <mark style=\"background-color:rgba(0, 0, 0, 0)\" class=\"has-inline-color has-vivid-red-color\">von Kira<\/mark><\/h2>\n\n\n\n<p>Um erotische Massagedienste von Kira zu buchen, rufen Sie bitte an&nbsp; <a href=\"tel:  420 720 175 506\">+420 720 175 506<\/a>&nbsp;jetzt gleich! Sie wartet schon auf ein Treffen, und zwar mit Dir! &nbsp;<\/p>\n\n\n\n<figure class=\"wp-block-gallery has-nested-images columns-default is-cropped wp-block-gallery-2 is-layout-flex wp-block-gallery-is-layout-flex\">\n<figure class=\"wp-block-image size-large\"><img decoding=\"async\" width=\"699\" height=\"1024\" data-id=\"1647\" src=\"http:\/\/prague-fenix.cz\/wp-content\/uploads\/2025\/01\/Kira-Erotic-Masseus-699x1024.jpg\" alt=\"\" class=\"wp-image-1647\" srcset=\"https:\/\/old.prague-fenix.cz\/wp-content\/uploads\/2025\/01\/Kira-Erotic-Masseus-699x1024.jpg 699w, https:\/\/old.prague-fenix.cz\/wp-content\/uploads\/2025\/01\/Kira-Erotic-Masseus-205x300.jpg 205w, https:\/\/old.prague-fenix.cz\/wp-content\/uploads\/2025\/01\/Kira-Erotic-Masseus-768x1124.jpg 768w, https:\/\/old.prague-fenix.cz\/wp-content\/uploads\/2025\/01\/Kira-Erotic-Masseus-1049x1536.jpg 1049w, https:\/\/old.prague-fenix.cz\/wp-content\/uploads\/2025\/01\/Kira-Erotic-Masseus-8x12.jpg 8w, https:\/\/old.prague-fenix.cz\/wp-content\/uploads\/2025\/01\/Kira-Erotic-Masseus.jpg 1200w\" sizes=\"(max-width: 699px) 100vw, 699px\" \/><\/figure>\n\n\n\n<figure class=\"wp-block-image size-large\"><img decoding=\"async\" width=\"700\" height=\"1024\" data-id=\"1648\" src=\"http:\/\/prague-fenix.cz\/wp-content\/uploads\/2025\/01\/Kira-Erotic-Masseus-2-700x1024.jpg\" alt=\"\" class=\"wp-image-1648\" srcset=\"https:\/\/old.prague-fenix.cz\/wp-content\/uploads\/2025\/01\/Kira-Erotic-Masseus-2-700x1024.jpg 700w, https:\/\/old.prague-fenix.cz\/wp-content\/uploads\/2025\/01\/Kira-Erotic-Masseus-2-205x300.jpg 205w, https:\/\/old.prague-fenix.cz\/wp-content\/uploads\/2025\/01\/Kira-Erotic-Masseus-2-768x1124.jpg 768w, https:\/\/old.prague-fenix.cz\/wp-content\/uploads\/2025\/01\/Kira-Erotic-Masseus-2-1050x1536.jpg 1050w, https:\/\/old.prague-fenix.cz\/wp-content\/uploads\/2025\/01\/Kira-Erotic-Masseus-2-8x12.jpg 8w, https:\/\/old.prague-fenix.cz\/wp-content\/uploads\/2025\/01\/Kira-Erotic-Masseus-2.jpg 1200w\" sizes=\"(max-width: 700px) 100vw, 700px\" \/><\/figure>\n\n\n\n<figure class=\"wp-block-image size-large\"><img loading=\"lazy\" decoding=\"async\" width=\"700\" height=\"1024\" data-id=\"1649\" src=\"http:\/\/prague-fenix.cz\/wp-content\/uploads\/2025\/01\/Kira-Erotic-Masseus-3-700x1024.jpg\" alt=\"\" class=\"wp-image-1649\" srcset=\"https:\/\/old.prague-fenix.cz\/wp-content\/uploads\/2025\/01\/Kira-Erotic-Masseus-3-700x1024.jpg 700w, https:\/\/old.prague-fenix.cz\/wp-content\/uploads\/2025\/01\/Kira-Erotic-Masseus-3-205x300.jpg 205w, https:\/\/old.prague-fenix.cz\/wp-content\/uploads\/2025\/01\/Kira-Erotic-Masseus-3-768x1124.jpg 768w, https:\/\/old.prague-fenix.cz\/wp-content\/uploads\/2025\/01\/Kira-Erotic-Masseus-3-1050x1536.jpg 1050w, https:\/\/old.prague-fenix.cz\/wp-content\/uploads\/2025\/01\/Kira-Erotic-Masseus-3-8x12.jpg 8w, https:\/\/old.prague-fenix.cz\/wp-content\/uploads\/2025\/01\/Kira-Erotic-Masseus-3.jpg 1200w\" sizes=\"(max-width: 700px) 100vw, 700px\" \/><\/figure>\n<\/figure>","protected":false},"excerpt":{"rendered":"<p>Alter: 25 JahreGewicht: 58 kgGr\u00f6\u00dfe: 167 cmHaarfarbe: blondBrustgr\u00f6\u00dfe: \u0412 (3) \u00dcber Kira Die anmutige und stets leidenschaftliche Masseurin Kira wird jeden ihrer Besucher mit einer besonderen, unverwechselbaren <a class=\"more-link\" href=\"https:\/\/old.prague-fenix.cz\/de\/kira\/\">Weiterlesen \u2192<\/a><\/p>","protected":false},"author":3,"featured_media":1651,"parent":0,"menu_order":0,"comment_status":"closed","ping_status":"closed","template":"","meta":{"footnotes":""},"class_list":["post-256","page","type-page","status-publish","has-post-thumbnail","hentry"],"yoast_head":"<!-- This site is optimized with the Yoast SEO plugin v25.0 - https:\/\/yoast.com\/wordpress\/plugins\/seo\/ -->\n<title>Erotic massage by Kira - Salon Prague Fenix<\/title>\n<meta name=\"description\" content=\"Masseuse Kira in the erotic massage salon Prague Fenix. About the girl and her services. Book a massage with Emily and get real pleasure.\" \/>\n<meta name=\"robots\" content=\"noindex, follow, max-snippet:-1, max-image-preview:large, max-video-preview:-1\" \/>\n<meta property=\"og:locale\" content=\"de_DE\" \/>\n<meta property=\"og:type\" content=\"article\" \/>\n<meta property=\"og:title\" content=\"Erotic massage by Kira - Salon Prague Fenix\" \/>\n<meta property=\"og:description\" content=\"Masseuse Kira in the erotic massage salon Prague Fenix. About the girl and her services. Book a massage with Emily and get real pleasure.\" \/>\n<meta property=\"og:url\" content=\"https:\/\/old.prague-fenix.cz\/de\/kira\/\" \/>\n<meta property=\"og:site_name\" content=\"Erotic massage salon Prague Fenix\" \/>\n<meta property=\"article:modified_time\" content=\"2025-01-24T21:57:19+00:00\" \/>\n<meta property=\"og:image\" content=\"https:\/\/old.prague-fenix.cz\/wp-content\/uploads\/2025\/01\/Kira-Erotic-Masseus-1.jpg\" \/>\n\t<meta property=\"og:image:width\" content=\"1200\" \/>\n\t<meta property=\"og:image:height\" content=\"961\" \/>\n\t<meta property=\"og:image:type\" content=\"image\/jpeg\" \/>\n<meta name=\"twitter:card\" content=\"summary_large_image\" \/>\n<meta name=\"twitter:label1\" content=\"Gesch\u00e4tzte Lesezeit\" \/>\n\t<meta name=\"twitter:data1\" content=\"3\u00a0Minuten\" \/>\n<script type=\"application\/ld+json\" class=\"yoast-schema-graph\">{\"@context\":\"https:\/\/schema.org\",\"@graph\":[{\"@type\":\"WebPage\",\"@id\":\"https:\/\/old.prague-fenix.cz\/kira\/\",\"url\":\"https:\/\/old.prague-fenix.cz\/kira\/\",\"name\":\"Erotic massage by Kira - Salon Prague Fenix\",\"isPartOf\":{\"@id\":\"https:\/\/old.prague-fenix.cz\/#website\"},\"primaryImageOfPage\":{\"@id\":\"https:\/\/old.prague-fenix.cz\/kira\/#primaryimage\"},\"image\":{\"@id\":\"https:\/\/old.prague-fenix.cz\/kira\/#primaryimage\"},\"thumbnailUrl\":\"https:\/\/old.prague-fenix.cz\/wp-content\/uploads\/2025\/01\/Kira-Erotic-Masseus-1.jpg\",\"datePublished\":\"2023-05-21T05:51:28+00:00\",\"dateModified\":\"2025-01-24T21:57:19+00:00\",\"description\":\"Masseuse Kira in the erotic massage salon Prague Fenix. About the girl and her services. Book a massage with Emily and get real pleasure.\",\"breadcrumb\":{\"@id\":\"https:\/\/old.prague-fenix.cz\/kira\/#breadcrumb\"},\"inLanguage\":\"de\",\"potentialAction\":[{\"@type\":\"ReadAction\",\"target\":[\"https:\/\/old.prague-fenix.cz\/kira\/\"]}]},{\"@type\":\"ImageObject\",\"inLanguage\":\"de\",\"@id\":\"https:\/\/old.prague-fenix.cz\/kira\/#primaryimage\",\"url\":\"https:\/\/old.prague-fenix.cz\/wp-content\/uploads\/2025\/01\/Kira-Erotic-Masseus-1.jpg\",\"contentUrl\":\"https:\/\/old.prague-fenix.cz\/wp-content\/uploads\/2025\/01\/Kira-Erotic-Masseus-1.jpg\",\"width\":1200,\"height\":961},{\"@type\":\"BreadcrumbList\",\"@id\":\"https:\/\/old.prague-fenix.cz\/kira\/#breadcrumb\",\"itemListElement\":[{\"@type\":\"ListItem\",\"position\":1,\"name\":\"Dom\u016f\",\"item\":\"https:\/\/old.prague-fenix.cz\/\"},{\"@type\":\"ListItem\",\"position\":2,\"name\":\"Kira\"}]},{\"@type\":\"WebSite\",\"@id\":\"https:\/\/old.prague-fenix.cz\/#website\",\"url\":\"https:\/\/old.prague-fenix.cz\/\",\"name\":\"Erotick\u00fd mas\u00e1\u017en\u00ed sal\u00f3n Prague F\u00e9nix\",\"description\":\"Massage salon and erotic massages, body to body, tantra, mix, nuru and lingam massage, lesbian show, BDSM massage.\",\"publisher\":{\"@id\":\"https:\/\/old.prague-fenix.cz\/#\/schema\/person\/2ba77174c6f44cc2bc3d0f5e8ba640d6\"},\"potentialAction\":[{\"@type\":\"SearchAction\",\"target\":{\"@type\":\"EntryPoint\",\"urlTemplate\":\"https:\/\/old.prague-fenix.cz\/?s={search_term_string}\"},\"query-input\":{\"@type\":\"PropertyValueSpecification\",\"valueRequired\":true,\"valueName\":\"search_term_string\"}}],\"inLanguage\":\"de\"},{\"@type\":[\"Person\",\"Organization\"],\"@id\":\"https:\/\/old.prague-fenix.cz\/#\/schema\/person\/2ba77174c6f44cc2bc3d0f5e8ba640d6\",\"name\":\"Prague Fenix\",\"image\":{\"@type\":\"ImageObject\",\"inLanguage\":\"de\",\"@id\":\"https:\/\/old.prague-fenix.cz\/#\/schema\/person\/image\/\",\"url\":\"https:\/\/prague-fenix.cz\/wp-content\/uploads\/2023\/05\/prague-fenix.cz-logo-e1684684035397.png\",\"contentUrl\":\"https:\/\/prague-fenix.cz\/wp-content\/uploads\/2023\/05\/prague-fenix.cz-logo-e1684684035397.png\",\"width\":675,\"height\":675,\"caption\":\"Prague Fenix\"},\"logo\":{\"@id\":\"https:\/\/old.prague-fenix.cz\/#\/schema\/person\/image\/\"},\"sameAs\":[\"http:\/\/www.prague-fenix.cz\"]}]}<\/script>\n<!-- \/ Yoast SEO plugin. -->","yoast_head_json":{"title":"Erotic massage by Kira - Salon Prague Fenix","description":"Masseuse Kira in the erotic massage salon Prague Fenix. About the girl and her services. Book a massage with Emily and get real pleasure.","robots":{"index":"noindex","follow":"follow","max-snippet":"max-snippet:-1","max-image-preview":"max-image-preview:large","max-video-preview":"max-video-preview:-1"},"og_locale":"de_DE","og_type":"article","og_title":"Erotic massage by Kira - Salon Prague Fenix","og_description":"Masseuse Kira in the erotic massage salon Prague Fenix. About the girl and her services. Book a massage with Emily and get real pleasure.","og_url":"https:\/\/old.prague-fenix.cz\/de\/kira\/","og_site_name":"Erotic massage salon Prague Fenix","article_modified_time":"2025-01-24T21:57:19+00:00","og_image":[{"width":1200,"height":961,"url":"https:\/\/old.prague-fenix.cz\/wp-content\/uploads\/2025\/01\/Kira-Erotic-Masseus-1.jpg","type":"image\/jpeg"}],"twitter_card":"summary_large_image","twitter_misc":{"Gesch\u00e4tzte Lesezeit":"3\u00a0Minuten"},"schema":{"@context":"https:\/\/schema.org","@graph":[{"@type":"WebPage","@id":"https:\/\/old.prague-fenix.cz\/kira\/","url":"https:\/\/old.prague-fenix.cz\/kira\/","name":"Erotic massage by Kira - Salon Prague Fenix","isPartOf":{"@id":"https:\/\/old.prague-fenix.cz\/#website"},"primaryImageOfPage":{"@id":"https:\/\/old.prague-fenix.cz\/kira\/#primaryimage"},"image":{"@id":"https:\/\/old.prague-fenix.cz\/kira\/#primaryimage"},"thumbnailUrl":"https:\/\/old.prague-fenix.cz\/wp-content\/uploads\/2025\/01\/Kira-Erotic-Masseus-1.jpg","datePublished":"2023-05-21T05:51:28+00:00","dateModified":"2025-01-24T21:57:19+00:00","description":"Masseuse Kira in the erotic massage salon Prague Fenix. About the girl and her services. Book a massage with Emily and get real pleasure.","breadcrumb":{"@id":"https:\/\/old.prague-fenix.cz\/kira\/#breadcrumb"},"inLanguage":"de","potentialAction":[{"@type":"ReadAction","target":["https:\/\/old.prague-fenix.cz\/kira\/"]}]},{"@type":"ImageObject","inLanguage":"de","@id":"https:\/\/old.prague-fenix.cz\/kira\/#primaryimage","url":"https:\/\/old.prague-fenix.cz\/wp-content\/uploads\/2025\/01\/Kira-Erotic-Masseus-1.jpg","contentUrl":"https:\/\/old.prague-fenix.cz\/wp-content\/uploads\/2025\/01\/Kira-Erotic-Masseus-1.jpg","width":1200,"height":961},{"@type":"BreadcrumbList","@id":"https:\/\/old.prague-fenix.cz\/kira\/#breadcrumb","itemListElement":[{"@type":"ListItem","position":1,"name":"Dom\u016f","item":"https:\/\/old.prague-fenix.cz\/"},{"@type":"ListItem","position":2,"name":"Kira"}]},{"@type":"WebSite","@id":"https:\/\/old.prague-fenix.cz\/#website","url":"https:\/\/old.prague-fenix.cz\/","name":"Erotick\u00fd mas\u00e1\u017en\u00ed sal\u00f3n Prague F\u00e9nix","description":"Massage salon and erotic massages, body to body, tantra, mix, nuru and lingam massage, lesbian show, BDSM massage.","publisher":{"@id":"https:\/\/old.prague-fenix.cz\/#\/schema\/person\/2ba77174c6f44cc2bc3d0f5e8ba640d6"},"potentialAction":[{"@type":"SearchAction","target":{"@type":"EntryPoint","urlTemplate":"https:\/\/old.prague-fenix.cz\/?s={search_term_string}"},"query-input":{"@type":"PropertyValueSpecification","valueRequired":true,"valueName":"search_term_string"}}],"inLanguage":"de"},{"@type":["Person","Organization"],"@id":"https:\/\/old.prague-fenix.cz\/#\/schema\/person\/2ba77174c6f44cc2bc3d0f5e8ba640d6","name":"Prague Fenix","image":{"@type":"ImageObject","inLanguage":"de","@id":"https:\/\/old.prague-fenix.cz\/#\/schema\/person\/image\/","url":"https:\/\/prague-fenix.cz\/wp-content\/uploads\/2023\/05\/prague-fenix.cz-logo-e1684684035397.png","contentUrl":"https:\/\/prague-fenix.cz\/wp-content\/uploads\/2023\/05\/prague-fenix.cz-logo-e1684684035397.png","width":675,"height":675,"caption":"Prague Fenix"},"logo":{"@id":"https:\/\/old.prague-fenix.cz\/#\/schema\/person\/image\/"},"sameAs":["http:\/\/www.prague-fenix.cz"]}]}},"_links":{"self":[{"href":"https:\/\/old.prague-fenix.cz\/de\/wp-json\/wp\/v2\/pages\/256","targetHints":{"allow":["GET"]}}],"collection":[{"href":"https:\/\/old.prague-fenix.cz\/de\/wp-json\/wp\/v2\/pages"}],"about":[{"href":"https:\/\/old.prague-fenix.cz\/de\/wp-json\/wp\/v2\/types\/page"}],"author":[{"embeddable":true,"href":"https:\/\/old.prague-fenix.cz\/de\/wp-json\/wp\/v2\/users\/3"}],"replies":[{"embeddable":true,"href":"https:\/\/old.prague-fenix.cz\/de\/wp-json\/wp\/v2\/comments?post=256"}],"version-history":[{"count":0,"href":"https:\/\/old.prague-fenix.cz\/de\/wp-json\/wp\/v2\/pages\/256\/revisions"}],"wp:featuredmedia":[{"embeddable":true,"href":"https:\/\/old.prague-fenix.cz\/de\/wp-json\/wp\/v2\/media\/1651"}],"wp:attachment":[{"href":"https:\/\/old.prague-fenix.cz\/de\/wp-json\/wp\/v2\/media?parent=256"}],"curies":[{"name":"wp","href":"https:\/\/api.w.org\/{rel}","templated":true}]}}