{"id":16,"date":"2023-05-07T11:36:55","date_gmt":"2023-05-07T11:36:55","guid":{"rendered":"http:\/\/prague-fenix.cz\/?page_id=16"},"modified":"2025-07-07T09:01:51","modified_gmt":"2025-07-07T08:01:51","slug":"masseuses","status":"publish","type":"page","link":"https:\/\/old.prague-fenix.cz\/de\/masseuses\/","title":{"rendered":"Masseurinnen \u2013 Erotikmassagesalon Fenix"},"content":{"rendered":"<p class=\"has-text-align-center has-large-font-size\"><strong>Karolina<\/strong><\/p>\n\n\n\n<figure class=\"wp-block-gallery has-nested-images columns-default is-cropped wp-block-gallery-1 is-layout-flex wp-block-gallery-is-layout-flex\">\n<figure class=\"wp-block-image alignwide size-full is-style-default\"><a href=\"https:\/\/prague-fenix.cz\/karolina\/\"><img fetchpriority=\"high\" decoding=\"async\" width=\"1000\" height=\"563\" data-id=\"562\" src=\"http:\/\/prague-fenix.cz\/wp-content\/uploads\/2024\/02\/karolina-1.jpg\" alt=\"\" class=\"wp-image-562\" srcset=\"https:\/\/old.prague-fenix.cz\/wp-content\/uploads\/2024\/02\/karolina-1.jpg 1000w, https:\/\/old.prague-fenix.cz\/wp-content\/uploads\/2024\/02\/karolina-1-300x169.jpg 300w, https:\/\/old.prague-fenix.cz\/wp-content\/uploads\/2024\/02\/karolina-1-768x432.jpg 768w, https:\/\/old.prague-fenix.cz\/wp-content\/uploads\/2024\/02\/karolina-1-18x10.jpg 18w\" sizes=\"(max-width: 1000px) 100vw, 1000px\" \/><\/a><\/figure>\n<\/figure>\n\n\n\n<p><\/p>\n\n\n\n<p class=\"has-text-align-center has-large-font-size\"><strong>Maria<\/strong><\/p>\n\n\n\n<figure class=\"wp-block-image alignwide size-full\"><a href=\"https:\/\/prague-fenix.cz\/milana\/\"><img decoding=\"async\" width=\"1000\" height=\"563\" src=\"http:\/\/prague-fenix.cz\/wp-content\/uploads\/2024\/02\/milana-1.jpg\" alt=\"\" class=\"wp-image-563\" srcset=\"https:\/\/old.prague-fenix.cz\/wp-content\/uploads\/2024\/02\/milana-1.jpg 1000w, https:\/\/old.prague-fenix.cz\/wp-content\/uploads\/2024\/02\/milana-1-300x169.jpg 300w, https:\/\/old.prague-fenix.cz\/wp-content\/uploads\/2024\/02\/milana-1-768x432.jpg 768w, https:\/\/old.prague-fenix.cz\/wp-content\/uploads\/2024\/02\/milana-1-18x10.jpg 18w\" sizes=\"(max-width: 1000px) 100vw, 1000px\" \/><\/a><\/figure>\n\n\n\n<p class=\"has-text-align-center has-large-font-size\"><strong>Simona<\/strong><\/p>\n\n\n\n<figure class=\"wp-block-image alignwide size-full\"><a href=\"https:\/\/prague-fenix.cz\/simona\/\"><img decoding=\"async\" width=\"900\" height=\"721\" src=\"http:\/\/prague-fenix.cz\/wp-content\/uploads\/2024\/08\/sinona-2.jpg\" alt=\"\" class=\"wp-image-1473\" srcset=\"https:\/\/old.prague-fenix.cz\/wp-content\/uploads\/2024\/08\/sinona-2.jpg 900w, https:\/\/old.prague-fenix.cz\/wp-content\/uploads\/2024\/08\/sinona-2-300x240.jpg 300w, https:\/\/old.prague-fenix.cz\/wp-content\/uploads\/2024\/08\/sinona-2-768x615.jpg 768w, https:\/\/old.prague-fenix.cz\/wp-content\/uploads\/2024\/08\/sinona-2-15x12.jpg 15w\" sizes=\"(max-width: 900px) 100vw, 900px\" \/><\/a><\/figure>\n\n\n\n<p><\/p>\n\n\n\n<p class=\"has-text-align-center has-large-font-size\"><strong>Kira<\/strong><\/p>\n\n\n\n<figure class=\"wp-block-image alignwide size-large\"><a href=\"https:\/\/prague-fenix.cz\/kira\/\"><img loading=\"lazy\" decoding=\"async\" width=\"1024\" height=\"820\" src=\"http:\/\/prague-fenix.cz\/wp-content\/uploads\/2025\/01\/Kira-11-1024x820.jpg\" alt=\"\" class=\"wp-image-1673\" srcset=\"https:\/\/old.prague-fenix.cz\/wp-content\/uploads\/2025\/01\/Kira-11-1024x820.jpg 1024w, https:\/\/old.prague-fenix.cz\/wp-content\/uploads\/2025\/01\/Kira-11-300x240.jpg 300w, https:\/\/old.prague-fenix.cz\/wp-content\/uploads\/2025\/01\/Kira-11-768x615.jpg 768w, https:\/\/old.prague-fenix.cz\/wp-content\/uploads\/2025\/01\/Kira-11-15x12.jpg 15w, https:\/\/old.prague-fenix.cz\/wp-content\/uploads\/2025\/01\/Kira-11.jpg 1200w\" sizes=\"(max-width: 1024px) 100vw, 1024px\" \/><\/a><\/figure>\n\n\n\n<p class=\"has-text-align-center has-large-font-size\"><strong>Jenefer<\/strong><\/p>\n\n\n\n<figure class=\"wp-block-image alignwide size-full\"><a href=\"https:\/\/prague-fenix.cz\/jenefer\/\"><img loading=\"lazy\" decoding=\"async\" width=\"900\" height=\"721\" src=\"http:\/\/prague-fenix.cz\/wp-content\/uploads\/2024\/08\/dzenifer-2-1.jpg\" alt=\"\" class=\"wp-image-1467\" srcset=\"https:\/\/old.prague-fenix.cz\/wp-content\/uploads\/2024\/08\/dzenifer-2-1.jpg 900w, https:\/\/old.prague-fenix.cz\/wp-content\/uploads\/2024\/08\/dzenifer-2-1-300x240.jpg 300w, https:\/\/old.prague-fenix.cz\/wp-content\/uploads\/2024\/08\/dzenifer-2-1-768x615.jpg 768w, https:\/\/old.prague-fenix.cz\/wp-content\/uploads\/2024\/08\/dzenifer-2-1-15x12.jpg 15w\" sizes=\"(max-width: 900px) 100vw, 900px\" \/><\/a><\/figure>\n\n\n\n<p class=\"has-text-align-center has-large-font-size\"><strong>Lizi<\/strong><\/p>\n\n\n\n<figure class=\"wp-block-image alignwide size-full\"><a href=\"https:\/\/prague-fenix.cz\/lizi\/\"><img loading=\"lazy\" decoding=\"async\" width=\"900\" height=\"721\" src=\"http:\/\/prague-fenix.cz\/wp-content\/uploads\/2025\/07\/Lizi.jpg\" alt=\"\" class=\"wp-image-2010\" srcset=\"https:\/\/old.prague-fenix.cz\/wp-content\/uploads\/2025\/07\/Lizi.jpg 900w, https:\/\/old.prague-fenix.cz\/wp-content\/uploads\/2025\/07\/Lizi-300x240.jpg 300w, https:\/\/old.prague-fenix.cz\/wp-content\/uploads\/2025\/07\/Lizi-768x615.jpg 768w, https:\/\/old.prague-fenix.cz\/wp-content\/uploads\/2025\/07\/Lizi-15x12.jpg 15w\" sizes=\"(max-width: 900px) 100vw, 900px\" \/><\/a><\/figure>\n\n\n\n<p class=\"has-text-align-center has-large-font-size\"><strong>Alexa<\/strong><\/p>\n\n\n\n<figure class=\"wp-block-image alignwide size-large\"><a href=\"https:\/\/prague-fenix.cz\/alexa\/\"><img loading=\"lazy\" decoding=\"async\" width=\"1024\" height=\"820\" src=\"http:\/\/prague-fenix.cz\/wp-content\/uploads\/2025\/01\/Alexa-1024x820.jpg\" alt=\"\" class=\"wp-image-1658\" srcset=\"https:\/\/old.prague-fenix.cz\/wp-content\/uploads\/2025\/01\/Alexa-1024x820.jpg 1024w, https:\/\/old.prague-fenix.cz\/wp-content\/uploads\/2025\/01\/Alexa-300x240.jpg 300w, https:\/\/old.prague-fenix.cz\/wp-content\/uploads\/2025\/01\/Alexa-768x615.jpg 768w, https:\/\/old.prague-fenix.cz\/wp-content\/uploads\/2025\/01\/Alexa-15x12.jpg 15w, https:\/\/old.prague-fenix.cz\/wp-content\/uploads\/2025\/01\/Alexa.jpg 1200w\" sizes=\"(max-width: 1024px) 100vw, 1024px\" \/><\/a><\/figure>\n\n\n\n<p class=\"has-text-align-center has-large-font-size\"><strong>Nikol<\/strong><\/p>\n\n\n\n<figure class=\"wp-block-image alignwide size-full\"><a href=\"https:\/\/prague-fenix.cz\/nikol\/\"><img loading=\"lazy\" decoding=\"async\" width=\"900\" height=\"721\" src=\"http:\/\/prague-fenix.cz\/wp-content\/uploads\/2024\/08\/nikol-2-1.jpg\" alt=\"\" class=\"wp-image-1471\" srcset=\"https:\/\/old.prague-fenix.cz\/wp-content\/uploads\/2024\/08\/nikol-2-1.jpg 900w, https:\/\/old.prague-fenix.cz\/wp-content\/uploads\/2024\/08\/nikol-2-1-300x240.jpg 300w, https:\/\/old.prague-fenix.cz\/wp-content\/uploads\/2024\/08\/nikol-2-1-768x615.jpg 768w, https:\/\/old.prague-fenix.cz\/wp-content\/uploads\/2024\/08\/nikol-2-1-15x12.jpg 15w\" sizes=\"(max-width: 900px) 100vw, 900px\" \/><\/a><\/figure>\n\n\n\n<p class=\"has-text-align-center has-large-font-size\"><strong>Silvia<\/strong><\/p>\n\n\n\n<figure class=\"wp-block-image alignwide size-full\"><a href=\"https:\/\/prague-fenix.cz\/silvia\/\"><img loading=\"lazy\" decoding=\"async\" width=\"900\" height=\"721\" src=\"http:\/\/prague-fenix.cz\/wp-content\/uploads\/2024\/08\/sevilja-2.jpg\" alt=\"\" class=\"wp-image-1472\" srcset=\"https:\/\/old.prague-fenix.cz\/wp-content\/uploads\/2024\/08\/sevilja-2.jpg 900w, https:\/\/old.prague-fenix.cz\/wp-content\/uploads\/2024\/08\/sevilja-2-300x240.jpg 300w, https:\/\/old.prague-fenix.cz\/wp-content\/uploads\/2024\/08\/sevilja-2-768x615.jpg 768w, https:\/\/old.prague-fenix.cz\/wp-content\/uploads\/2024\/08\/sevilja-2-15x12.jpg 15w\" sizes=\"(max-width: 900px) 100vw, 900px\" \/><\/a><\/figure>\n\n\n\n<p class=\"has-text-align-center has-large-font-size\"><strong>Sofiaia<\/strong><\/p>\n\n\n\n<figure class=\"wp-block-image alignwide size-full\"><a href=\"https:\/\/prague-fenix.cz\/sofiia\/\"><img loading=\"lazy\" decoding=\"async\" width=\"900\" height=\"721\" src=\"http:\/\/prague-fenix.cz\/wp-content\/uploads\/2025\/04\/Sofiia-4.jpg\" alt=\"\" class=\"wp-image-1874\" srcset=\"https:\/\/old.prague-fenix.cz\/wp-content\/uploads\/2025\/04\/Sofiia-4.jpg 900w, https:\/\/old.prague-fenix.cz\/wp-content\/uploads\/2025\/04\/Sofiia-4-300x240.jpg 300w, https:\/\/old.prague-fenix.cz\/wp-content\/uploads\/2025\/04\/Sofiia-4-768x615.jpg 768w, https:\/\/old.prague-fenix.cz\/wp-content\/uploads\/2025\/04\/Sofiia-4-15x12.jpg 15w\" sizes=\"(max-width: 900px) 100vw, 900px\" \/><\/a><\/figure>\n\n\n\n<p class=\"has-text-align-center has-large-font-size\"><strong>Erika<\/strong><\/p>\n\n\n\n<figure class=\"wp-block-image alignwide size-full\"><a href=\"https:\/\/prague-fenix.cz\/erika\/\"><img loading=\"lazy\" decoding=\"async\" width=\"900\" height=\"721\" src=\"http:\/\/prague-fenix.cz\/wp-content\/uploads\/2025\/04\/Erika-4.jpg\" alt=\"\" class=\"wp-image-1879\" srcset=\"https:\/\/old.prague-fenix.cz\/wp-content\/uploads\/2025\/04\/Erika-4.jpg 900w, https:\/\/old.prague-fenix.cz\/wp-content\/uploads\/2025\/04\/Erika-4-300x240.jpg 300w, https:\/\/old.prague-fenix.cz\/wp-content\/uploads\/2025\/04\/Erika-4-768x615.jpg 768w, https:\/\/old.prague-fenix.cz\/wp-content\/uploads\/2025\/04\/Erika-4-15x12.jpg 15w\" sizes=\"(max-width: 900px) 100vw, 900px\" \/><\/a><\/figure>\n\n\n\n<p class=\"has-text-align-center has-large-font-size\"><strong>Viki<\/strong><\/p>\n\n\n\n<figure class=\"wp-block-image alignwide size-full\"><a href=\"https:\/\/prague-fenix.cz\/viki\/\"><img loading=\"lazy\" decoding=\"async\" width=\"900\" height=\"721\" src=\"http:\/\/prague-fenix.cz\/wp-content\/uploads\/2025\/06\/Viki-2.jpg\" alt=\"\" class=\"wp-image-1972\" srcset=\"https:\/\/old.prague-fenix.cz\/wp-content\/uploads\/2025\/06\/Viki-2.jpg 900w, https:\/\/old.prague-fenix.cz\/wp-content\/uploads\/2025\/06\/Viki-2-300x240.jpg 300w, https:\/\/old.prague-fenix.cz\/wp-content\/uploads\/2025\/06\/Viki-2-768x615.jpg 768w, https:\/\/old.prague-fenix.cz\/wp-content\/uploads\/2025\/06\/Viki-2-15x12.jpg 15w\" sizes=\"(max-width: 900px) 100vw, 900px\" \/><\/a><\/figure>\n\n\n\n<p><\/p>\n\n\n\n<p><span style=\"text-decoration: underline;\">Die besten Masseurinnen Prags erwarten Sie im Erotikmassagesalon Prague Fenix!<\/span><\/p>\n\n\n\n<p>Von Zeit zu Zeit m\u00fcssen Sie Ihren K\u00f6rper mit einer Massage entspannen. Dies hilft, das Blut besser zu verteilen, die Muskeln zu straffen und M\u00fcdigkeit zu lindern. Gleichzeitig ist es sehr wichtig, dass alles professionell und effektiv durchgef\u00fchrt wird, das hei\u00dft mit geschickten H\u00e4nden. Es gibt jedoch noch eine weitere wichtige Tatsache, die die Qualit\u00e4t der Massage verbessert. Von der Sch\u00f6nheit des Ausf\u00fchrenden h\u00e4ngt die H\u00e4lfte des Erfolgs der gesamten Veranstaltung ab. So k\u00f6nnen Sie zwei Freuden in einer kombinieren: Muskeln entspannen und sexuellen Appetit stillen.<\/p>\n\n\n\n<p>Im Salon \u201ePrague Fenix\u201c arbeiten wundersch\u00f6ne M\u00e4dchen mit professioneller Erfahrung in der Massage. Diese erstaunlichen Feen werden Ihnen eine magische Zeit voller wahrem Vergn\u00fcgen bereiten. Ihre schlanken, straffen K\u00f6rper faszinieren mit ihren glatten Kurven. Weiblichkeit und kraftvolle sexuelle Energie str\u00f6men buchst\u00e4blich \u00fcber diese M\u00e4dchen. Wenn Sie unsere Sch\u00f6nheiten live sehen, k\u00f6nnen Sie nicht widerstehen und die Wahl kann schwierig sein. Gl\u00fccklicherweise k\u00f6nnen Sie nicht nur ein, sondern mehrere M\u00e4dchen gleichzeitig in unseren Massagesalon einladen. Dies verleiht der Massage eine besonders pikante Note.&nbsp;<\/p>\n\n\n\n<p>Alle unsere Masseurinnen tragen verf\u00fchrerische Uniformen. Das sind durchsichtige Spitzen, die die intimsten K\u00f6rperteile verbergen. Ein solches Kleidungsst\u00fcck kann selbst den widerspenstigsten Mann erregen und ihn in Sekundenschnelle erregen. Aber das Beste daran ist, dass diese Frauen die Spitze entfernen und Sie nackt ber\u00fchren k\u00f6nnen. Dies wird normalerweise im zweiten Teil der Sitzung angeboten. So werden Sie nach dem Besuch unseres Erotikmassagesalons definitiv nicht gleichg\u00fcltig bleiben. Die Prozedur wird Ihnen aufregende Erinnerungen hinterlassen, die Sie dazu bringen werden, wieder zu uns zur\u00fcckzukehren. Und zwar mehr als einmal! Und wir freuen uns immer, Sie zu sehen, sogar jeden Tag \ud83d\ude42<\/p>\n\n\n\n<p>Ein weiterer Vorteil unserer Masseurinnen ist ihre un\u00fcbertroffene Professionalit\u00e4t. Welche Punkte zu dr\u00fccken sind, welche Zentren zu verwenden sind \u2013 sie wissen alles \u00fcber den menschlichen K\u00f6rper! Es gibt keine planlosen Bewegungen, alles wird durchdacht und effektiv ausgef\u00fchrt. Gleichzeitig werden dem Standardmassageverfahren Frivolit\u00e4t, Erotik und Intrigen hinzugef\u00fcgt. Diese perfekte Kombination macht das Verfahren zu einer Quelle h\u00f6chster Freude. Die Zeit vergeht wie im Flug mit unseren M\u00e4dchen, sie wissen, wie sie jede Sekunde mit strahlender Sexualit\u00e4t f\u00fcllen und versch\u00f6nern k\u00f6nnen.<\/p>\n\n\n\n<p>Wenn Sie die beste erotische Massage in Prag ausprobieren m\u00f6chten, m\u00fcssen Sie einfach unseren Salon besuchen. Die sanften H\u00e4nde unserer Masseurinnen entf\u00fchren Sie in die Welt der lustvollen Nacktheit und ihre K\u00f6rper werden Ihre Libido kr\u00e4ftig ankurbeln. Sobald Sie die Schwelle unseres Salons \u00fcberschreiten, verschwinden alle Ihre Sorgen und Ihr Stress. Sie werden durch Z\u00e4rtlichkeit, Erotik und Sch\u00f6nheit ersetzt. Alle unsere Masseurinnen lieben ihre Arbeit sehr. Sie haben keine Komplexe und Einschr\u00e4nkungen \u2013 nur K\u00f6nnen, Leidenschaft und Charme. Beeilen Sie sich, einen Massageraum im Prague Fenix zu buchen, unsere Sch\u00f6nheiten warten bereits auf Sie!<\/p>\n\n\n\n<p>W\u00e4hlen Sie eine beliebige Art von erotischer Massage, das M\u00e4dchen, das Ihnen am besten gef\u00e4llt, und rufen Sie die Nummer an&nbsp; <a href=\"tel:  420 720 175 506\">+420 720 175 506<\/a>. Je schneller Sie dies tun, desto schneller erhalten Sie die Gelegenheit, die wahre Kunst der erotischen Massage durch die besten Masseurinnen Prags zu genie\u00dfen!&nbsp;<\/p>","protected":false},"excerpt":{"rendered":"<p>Karol\u00edna Milana Simona Kira Jenefer Lizi Alexa Nikol Silvia Sofiia Erika Viki Die besten Masseurinnen Prags erwarten Sie im Erotikmassagesalon Prague Fenix! Zeit von <a class=\"more-link\" href=\"https:\/\/old.prague-fenix.cz\/de\/masseuses\/\">Weiterlesen \u2192<\/a><\/p>","protected":false},"author":3,"featured_media":0,"parent":0,"menu_order":0,"comment_status":"closed","ping_status":"closed","template":"","meta":{"footnotes":""},"class_list":["post-16","page","type-page","status-publish","hentry"],"yoast_head":"<!-- This site is optimized with the Yoast SEO plugin v25.0 - https:\/\/yoast.com\/wordpress\/plugins\/seo\/ -->\n<title>Masseuses of erotic massage - Fenix salon in Prague<\/title>\n<meta name=\"description\" content=\"Masseuses of the Prague Fenix erotic massage salon. About the girls, their work experience and services. Order an erotic massage from the best masseuses Prague.\" \/>\n<meta name=\"robots\" content=\"noindex, follow, max-snippet:-1, max-image-preview:large, max-video-preview:-1\" \/>\n<meta property=\"og:locale\" content=\"de_DE\" \/>\n<meta property=\"og:type\" content=\"article\" \/>\n<meta property=\"og:title\" content=\"Masseuses of erotic massage - Fenix salon in Prague\" \/>\n<meta property=\"og:description\" content=\"Masseuses of the Prague Fenix erotic massage salon. About the girls, their work experience and services. Order an erotic massage from the best masseuses Prague.\" \/>\n<meta property=\"og:url\" content=\"https:\/\/old.prague-fenix.cz\/de\/masseuses\/\" \/>\n<meta property=\"og:site_name\" content=\"Erotic massage salon Prague Fenix\" \/>\n<meta property=\"article:modified_time\" content=\"2025-07-07T08:01:51+00:00\" \/>\n<meta property=\"og:image\" content=\"http:\/\/prague-fenix.cz\/wp-content\/uploads\/2024\/02\/karolina-1.jpg\" \/>\n<meta name=\"twitter:card\" content=\"summary_large_image\" \/>\n<meta name=\"twitter:label1\" content=\"Gesch\u00e4tzte Lesezeit\" \/>\n\t<meta name=\"twitter:data1\" content=\"6\u00a0Minuten\" \/>\n<script type=\"application\/ld+json\" class=\"yoast-schema-graph\">{\"@context\":\"https:\/\/schema.org\",\"@graph\":[{\"@type\":\"WebPage\",\"@id\":\"https:\/\/old.prague-fenix.cz\/masseuses\/\",\"url\":\"https:\/\/old.prague-fenix.cz\/masseuses\/\",\"name\":\"Masseuses of erotic massage - Fenix salon in Prague\",\"isPartOf\":{\"@id\":\"https:\/\/old.prague-fenix.cz\/#website\"},\"primaryImageOfPage\":{\"@id\":\"https:\/\/old.prague-fenix.cz\/masseuses\/#primaryimage\"},\"image\":{\"@id\":\"https:\/\/old.prague-fenix.cz\/masseuses\/#primaryimage\"},\"thumbnailUrl\":\"http:\/\/prague-fenix.cz\/wp-content\/uploads\/2024\/02\/karolina-1.jpg\",\"datePublished\":\"2023-05-07T11:36:55+00:00\",\"dateModified\":\"2025-07-07T08:01:51+00:00\",\"description\":\"Masseuses of the Prague Fenix erotic massage salon. About the girls, their work experience and services. Order an erotic massage from the best masseuses Prague.\",\"breadcrumb\":{\"@id\":\"https:\/\/old.prague-fenix.cz\/masseuses\/#breadcrumb\"},\"inLanguage\":\"de\",\"potentialAction\":[{\"@type\":\"ReadAction\",\"target\":[\"https:\/\/old.prague-fenix.cz\/masseuses\/\"]}]},{\"@type\":\"ImageObject\",\"inLanguage\":\"de\",\"@id\":\"https:\/\/old.prague-fenix.cz\/masseuses\/#primaryimage\",\"url\":\"http:\/\/prague-fenix.cz\/wp-content\/uploads\/2024\/02\/karolina-1.jpg\",\"contentUrl\":\"http:\/\/prague-fenix.cz\/wp-content\/uploads\/2024\/02\/karolina-1.jpg\"},{\"@type\":\"BreadcrumbList\",\"@id\":\"https:\/\/old.prague-fenix.cz\/masseuses\/#breadcrumb\",\"itemListElement\":[{\"@type\":\"ListItem\",\"position\":1,\"name\":\"Dom\u016f\",\"item\":\"https:\/\/old.prague-fenix.cz\/\"},{\"@type\":\"ListItem\",\"position\":2,\"name\":\"Masseuses &#8211; erotic massage parlor Fenix\"}]},{\"@type\":\"WebSite\",\"@id\":\"https:\/\/old.prague-fenix.cz\/#website\",\"url\":\"https:\/\/old.prague-fenix.cz\/\",\"name\":\"Erotick\u00fd mas\u00e1\u017en\u00ed sal\u00f3n Prague F\u00e9nix\",\"description\":\"Massage salon and erotic massages, body to body, tantra, mix, nuru and lingam massage, lesbian show, BDSM massage.\",\"publisher\":{\"@id\":\"https:\/\/old.prague-fenix.cz\/#\/schema\/person\/2ba77174c6f44cc2bc3d0f5e8ba640d6\"},\"potentialAction\":[{\"@type\":\"SearchAction\",\"target\":{\"@type\":\"EntryPoint\",\"urlTemplate\":\"https:\/\/old.prague-fenix.cz\/?s={search_term_string}\"},\"query-input\":{\"@type\":\"PropertyValueSpecification\",\"valueRequired\":true,\"valueName\":\"search_term_string\"}}],\"inLanguage\":\"de\"},{\"@type\":[\"Person\",\"Organization\"],\"@id\":\"https:\/\/old.prague-fenix.cz\/#\/schema\/person\/2ba77174c6f44cc2bc3d0f5e8ba640d6\",\"name\":\"Prague Fenix\",\"image\":{\"@type\":\"ImageObject\",\"inLanguage\":\"de\",\"@id\":\"https:\/\/old.prague-fenix.cz\/#\/schema\/person\/image\/\",\"url\":\"https:\/\/prague-fenix.cz\/wp-content\/uploads\/2023\/05\/prague-fenix.cz-logo-e1684684035397.png\",\"contentUrl\":\"https:\/\/prague-fenix.cz\/wp-content\/uploads\/2023\/05\/prague-fenix.cz-logo-e1684684035397.png\",\"width\":675,\"height\":675,\"caption\":\"Prague Fenix\"},\"logo\":{\"@id\":\"https:\/\/old.prague-fenix.cz\/#\/schema\/person\/image\/\"},\"sameAs\":[\"http:\/\/www.prague-fenix.cz\"]}]}<\/script>\n<!-- \/ Yoast SEO plugin. -->","yoast_head_json":{"title":"Masseuses of erotic massage - Fenix salon in Prague","description":"Masseuses of the Prague Fenix erotic massage salon. About the girls, their work experience and services. Order an erotic massage from the best masseuses Prague.","robots":{"index":"noindex","follow":"follow","max-snippet":"max-snippet:-1","max-image-preview":"max-image-preview:large","max-video-preview":"max-video-preview:-1"},"og_locale":"de_DE","og_type":"article","og_title":"Masseuses of erotic massage - Fenix salon in Prague","og_description":"Masseuses of the Prague Fenix erotic massage salon. About the girls, their work experience and services. Order an erotic massage from the best masseuses Prague.","og_url":"https:\/\/old.prague-fenix.cz\/de\/masseuses\/","og_site_name":"Erotic massage salon Prague Fenix","article_modified_time":"2025-07-07T08:01:51+00:00","og_image":[{"url":"http:\/\/prague-fenix.cz\/wp-content\/uploads\/2024\/02\/karolina-1.jpg","type":"","width":"","height":""}],"twitter_card":"summary_large_image","twitter_misc":{"Gesch\u00e4tzte Lesezeit":"6\u00a0Minuten"},"schema":{"@context":"https:\/\/schema.org","@graph":[{"@type":"WebPage","@id":"https:\/\/old.prague-fenix.cz\/masseuses\/","url":"https:\/\/old.prague-fenix.cz\/masseuses\/","name":"Masseuses of erotic massage - Fenix salon in Prague","isPartOf":{"@id":"https:\/\/old.prague-fenix.cz\/#website"},"primaryImageOfPage":{"@id":"https:\/\/old.prague-fenix.cz\/masseuses\/#primaryimage"},"image":{"@id":"https:\/\/old.prague-fenix.cz\/masseuses\/#primaryimage"},"thumbnailUrl":"http:\/\/prague-fenix.cz\/wp-content\/uploads\/2024\/02\/karolina-1.jpg","datePublished":"2023-05-07T11:36:55+00:00","dateModified":"2025-07-07T08:01:51+00:00","description":"Masseuses of the Prague Fenix erotic massage salon. About the girls, their work experience and services. Order an erotic massage from the best masseuses Prague.","breadcrumb":{"@id":"https:\/\/old.prague-fenix.cz\/masseuses\/#breadcrumb"},"inLanguage":"de","potentialAction":[{"@type":"ReadAction","target":["https:\/\/old.prague-fenix.cz\/masseuses\/"]}]},{"@type":"ImageObject","inLanguage":"de","@id":"https:\/\/old.prague-fenix.cz\/masseuses\/#primaryimage","url":"http:\/\/prague-fenix.cz\/wp-content\/uploads\/2024\/02\/karolina-1.jpg","contentUrl":"http:\/\/prague-fenix.cz\/wp-content\/uploads\/2024\/02\/karolina-1.jpg"},{"@type":"BreadcrumbList","@id":"https:\/\/old.prague-fenix.cz\/masseuses\/#breadcrumb","itemListElement":[{"@type":"ListItem","position":1,"name":"Dom\u016f","item":"https:\/\/old.prague-fenix.cz\/"},{"@type":"ListItem","position":2,"name":"Masseuses &#8211; erotic massage parlor Fenix"}]},{"@type":"WebSite","@id":"https:\/\/old.prague-fenix.cz\/#website","url":"https:\/\/old.prague-fenix.cz\/","name":"Erotick\u00fd mas\u00e1\u017en\u00ed sal\u00f3n Prague F\u00e9nix","description":"Massage salon and erotic massages, body to body, tantra, mix, nuru and lingam massage, lesbian show, BDSM massage.","publisher":{"@id":"https:\/\/old.prague-fenix.cz\/#\/schema\/person\/2ba77174c6f44cc2bc3d0f5e8ba640d6"},"potentialAction":[{"@type":"SearchAction","target":{"@type":"EntryPoint","urlTemplate":"https:\/\/old.prague-fenix.cz\/?s={search_term_string}"},"query-input":{"@type":"PropertyValueSpecification","valueRequired":true,"valueName":"search_term_string"}}],"inLanguage":"de"},{"@type":["Person","Organization"],"@id":"https:\/\/old.prague-fenix.cz\/#\/schema\/person\/2ba77174c6f44cc2bc3d0f5e8ba640d6","name":"Prague Fenix","image":{"@type":"ImageObject","inLanguage":"de","@id":"https:\/\/old.prague-fenix.cz\/#\/schema\/person\/image\/","url":"https:\/\/prague-fenix.cz\/wp-content\/uploads\/2023\/05\/prague-fenix.cz-logo-e1684684035397.png","contentUrl":"https:\/\/prague-fenix.cz\/wp-content\/uploads\/2023\/05\/prague-fenix.cz-logo-e1684684035397.png","width":675,"height":675,"caption":"Prague Fenix"},"logo":{"@id":"https:\/\/old.prague-fenix.cz\/#\/schema\/person\/image\/"},"sameAs":["http:\/\/www.prague-fenix.cz"]}]}},"_links":{"self":[{"href":"https:\/\/old.prague-fenix.cz\/de\/wp-json\/wp\/v2\/pages\/16","targetHints":{"allow":["GET"]}}],"collection":[{"href":"https:\/\/old.prague-fenix.cz\/de\/wp-json\/wp\/v2\/pages"}],"about":[{"href":"https:\/\/old.prague-fenix.cz\/de\/wp-json\/wp\/v2\/types\/page"}],"author":[{"embeddable":true,"href":"https:\/\/old.prague-fenix.cz\/de\/wp-json\/wp\/v2\/users\/3"}],"replies":[{"embeddable":true,"href":"https:\/\/old.prague-fenix.cz\/de\/wp-json\/wp\/v2\/comments?post=16"}],"version-history":[{"count":0,"href":"https:\/\/old.prague-fenix.cz\/de\/wp-json\/wp\/v2\/pages\/16\/revisions"}],"wp:attachment":[{"href":"https:\/\/old.prague-fenix.cz\/de\/wp-json\/wp\/v2\/media?parent=16"}],"curies":[{"name":"wp","href":"https:\/\/api.w.org\/{rel}","templated":true}]}}