{"id":14,"date":"2023-05-07T11:36:30","date_gmt":"2023-05-07T10:36:30","guid":{"rendered":"http:\/\/prague-fenix.cz\/?page_id=14"},"modified":"2025-10-23T21:24:52","modified_gmt":"2025-10-23T20:24:52","slug":"salon","status":"publish","type":"page","link":"https:\/\/old.prague-fenix.cz\/de\/salon\/","title":{"rendered":"Salon"},"content":{"rendered":"<p>Die wunderbare und stets gem\u00fctliche Atmosph\u00e4re des Salons Fenix Prague hilft Ihnen, sich so gut wie m\u00f6glich zu entspannen und eine Sitzung in den H\u00e4nden erfahrener und unglaublich sch\u00f6ner Masseurinnen zu genie\u00dfen. Jeder Massageraum ist sauber, komfortabel und angemessen eingerichtet. In dieser Umgebung k\u00f6nnen Sie sich ausschlie\u00dflich auf die Massage und den Ausf\u00fchrenden konzentrieren.<\/p>\n\n\n\n<figure class=\"wp-block-gallery has-nested-images columns-default is-cropped wp-block-gallery-1 is-layout-flex wp-block-gallery-is-layout-flex\">\n<figure class=\"wp-block-image size-large\"><img fetchpriority=\"high\" decoding=\"async\" width=\"500\" height=\"650\" data-id=\"2110\" src=\"https:\/\/prague-fenix.cz\/wp-content\/uploads\/2025\/10\/2025-10-23-04-36-26_page-0001.jpg\" alt=\"\" class=\"wp-image-2110\" srcset=\"https:\/\/old.prague-fenix.cz\/wp-content\/uploads\/2025\/10\/2025-10-23-04-36-26_page-0001.jpg 500w, https:\/\/old.prague-fenix.cz\/wp-content\/uploads\/2025\/10\/2025-10-23-04-36-26_page-0001-231x300.jpg 231w, https:\/\/old.prague-fenix.cz\/wp-content\/uploads\/2025\/10\/2025-10-23-04-36-26_page-0001-9x12.jpg 9w\" sizes=\"(max-width: 500px) 100vw, 500px\" \/><\/figure>\n\n\n\n<figure class=\"wp-block-image size-large\"><img decoding=\"async\" width=\"500\" height=\"650\" data-id=\"2109\" src=\"https:\/\/prague-fenix.cz\/wp-content\/uploads\/2025\/10\/2025-10-23-04-36-26_page-0002.jpg\" alt=\"\" class=\"wp-image-2109\" srcset=\"https:\/\/old.prague-fenix.cz\/wp-content\/uploads\/2025\/10\/2025-10-23-04-36-26_page-0002.jpg 500w, https:\/\/old.prague-fenix.cz\/wp-content\/uploads\/2025\/10\/2025-10-23-04-36-26_page-0002-231x300.jpg 231w, https:\/\/old.prague-fenix.cz\/wp-content\/uploads\/2025\/10\/2025-10-23-04-36-26_page-0002-9x12.jpg 9w\" sizes=\"(max-width: 500px) 100vw, 500px\" \/><\/figure>\n\n\n\n<figure class=\"wp-block-image size-full\"><img decoding=\"async\" width=\"500\" height=\"650\" data-id=\"2120\" src=\"http:\/\/prague-fenix.cz\/wp-content\/uploads\/2025\/10\/2025-10-23-04-36-26_page-0003.jpg\" alt=\"\" class=\"wp-image-2120\" srcset=\"https:\/\/old.prague-fenix.cz\/wp-content\/uploads\/2025\/10\/2025-10-23-04-36-26_page-0003.jpg 500w, https:\/\/old.prague-fenix.cz\/wp-content\/uploads\/2025\/10\/2025-10-23-04-36-26_page-0003-231x300.jpg 231w, https:\/\/old.prague-fenix.cz\/wp-content\/uploads\/2025\/10\/2025-10-23-04-36-26_page-0003-9x12.jpg 9w\" sizes=\"(max-width: 500px) 100vw, 500px\" \/><\/figure>\n\n\n\n<figure class=\"wp-block-image size-full\"><img loading=\"lazy\" decoding=\"async\" width=\"500\" height=\"650\" data-id=\"2121\" src=\"https:\/\/prague-fenix.cz\/wp-content\/uploads\/2025\/10\/2025-10-23-04-36-26_page-0021.jpg\" alt=\"\" class=\"wp-image-2121\" srcset=\"https:\/\/old.prague-fenix.cz\/wp-content\/uploads\/2025\/10\/2025-10-23-04-36-26_page-0021.jpg 500w, https:\/\/old.prague-fenix.cz\/wp-content\/uploads\/2025\/10\/2025-10-23-04-36-26_page-0021-231x300.jpg 231w, https:\/\/old.prague-fenix.cz\/wp-content\/uploads\/2025\/10\/2025-10-23-04-36-26_page-0021-9x12.jpg 9w\" sizes=\"(max-width: 500px) 100vw, 500px\" \/><\/figure>\n\n\n\n<figure class=\"wp-block-image size-large\"><img loading=\"lazy\" decoding=\"async\" width=\"500\" height=\"650\" data-id=\"2114\" src=\"https:\/\/prague-fenix.cz\/wp-content\/uploads\/2025\/10\/2025-10-23-04-36-26_page-0017.jpg\" alt=\"\" class=\"wp-image-2114\" srcset=\"https:\/\/old.prague-fenix.cz\/wp-content\/uploads\/2025\/10\/2025-10-23-04-36-26_page-0017.jpg 500w, https:\/\/old.prague-fenix.cz\/wp-content\/uploads\/2025\/10\/2025-10-23-04-36-26_page-0017-231x300.jpg 231w, https:\/\/old.prague-fenix.cz\/wp-content\/uploads\/2025\/10\/2025-10-23-04-36-26_page-0017-9x12.jpg 9w\" sizes=\"(max-width: 500px) 100vw, 500px\" \/><\/figure>\n\n\n\n<figure class=\"wp-block-image size-large\"><img loading=\"lazy\" decoding=\"async\" width=\"500\" height=\"650\" data-id=\"2112\" src=\"https:\/\/prague-fenix.cz\/wp-content\/uploads\/2025\/10\/2025-10-23-04-36-26_page-0015.jpg\" alt=\"\" class=\"wp-image-2112\" srcset=\"https:\/\/old.prague-fenix.cz\/wp-content\/uploads\/2025\/10\/2025-10-23-04-36-26_page-0015.jpg 500w, https:\/\/old.prague-fenix.cz\/wp-content\/uploads\/2025\/10\/2025-10-23-04-36-26_page-0015-231x300.jpg 231w, https:\/\/old.prague-fenix.cz\/wp-content\/uploads\/2025\/10\/2025-10-23-04-36-26_page-0015-9x12.jpg 9w\" sizes=\"(max-width: 500px) 100vw, 500px\" \/><\/figure>\n\n\n\n<figure class=\"wp-block-image size-large\"><img loading=\"lazy\" decoding=\"async\" width=\"500\" height=\"650\" data-id=\"2111\" src=\"https:\/\/prague-fenix.cz\/wp-content\/uploads\/2025\/10\/2025-10-23-04-36-26_page-0014.jpg\" alt=\"\" class=\"wp-image-2111\" srcset=\"https:\/\/old.prague-fenix.cz\/wp-content\/uploads\/2025\/10\/2025-10-23-04-36-26_page-0014.jpg 500w, https:\/\/old.prague-fenix.cz\/wp-content\/uploads\/2025\/10\/2025-10-23-04-36-26_page-0014-231x300.jpg 231w, https:\/\/old.prague-fenix.cz\/wp-content\/uploads\/2025\/10\/2025-10-23-04-36-26_page-0014-9x12.jpg 9w\" sizes=\"(max-width: 500px) 100vw, 500px\" \/><\/figure>\n\n\n\n<figure class=\"wp-block-image size-large\"><img loading=\"lazy\" decoding=\"async\" width=\"500\" height=\"650\" data-id=\"2127\" src=\"https:\/\/prague-fenix.cz\/wp-content\/uploads\/2025\/10\/2025-10-23-04-36-26_page-0013.jpg\" alt=\"\" class=\"wp-image-2127\" srcset=\"https:\/\/old.prague-fenix.cz\/wp-content\/uploads\/2025\/10\/2025-10-23-04-36-26_page-0013.jpg 500w, https:\/\/old.prague-fenix.cz\/wp-content\/uploads\/2025\/10\/2025-10-23-04-36-26_page-0013-231x300.jpg 231w, https:\/\/old.prague-fenix.cz\/wp-content\/uploads\/2025\/10\/2025-10-23-04-36-26_page-0013-9x12.jpg 9w\" sizes=\"(max-width: 500px) 100vw, 500px\" \/><\/figure>\n\n\n\n<figure class=\"wp-block-image size-large\"><img loading=\"lazy\" decoding=\"async\" width=\"500\" height=\"650\" data-id=\"2119\" src=\"https:\/\/prague-fenix.cz\/wp-content\/uploads\/2025\/10\/2025-10-23-04-36-26_page-0006.jpg\" alt=\"\" class=\"wp-image-2119\" srcset=\"https:\/\/old.prague-fenix.cz\/wp-content\/uploads\/2025\/10\/2025-10-23-04-36-26_page-0006.jpg 500w, https:\/\/old.prague-fenix.cz\/wp-content\/uploads\/2025\/10\/2025-10-23-04-36-26_page-0006-231x300.jpg 231w, https:\/\/old.prague-fenix.cz\/wp-content\/uploads\/2025\/10\/2025-10-23-04-36-26_page-0006-9x12.jpg 9w\" sizes=\"(max-width: 500px) 100vw, 500px\" \/><\/figure>\n<\/figure>\n\n\n\n<p>Unser Salon verf\u00fcgt auch \u00fcber komfortable und ger\u00e4umige Badezimmer, denn Hygiene ist im Salon Fenix Prague Regel Nr. 1. Dar\u00fcber hinaus ist bei einigen Dienstleistungen eine Dusche mit dem M\u00e4dchen inbegriffen. Das bedeutet, dass in einem g\u00fcnstigen Zimmer auf jeden Fall gen\u00fcgend Platz vorhanden sein wird!<\/p>\n\n\n\n<figure class=\"wp-block-gallery has-nested-images columns-default is-cropped wp-block-gallery-2 is-layout-flex wp-block-gallery-is-layout-flex\">\n<figure class=\"wp-block-image size-full\"><img loading=\"lazy\" decoding=\"async\" width=\"500\" height=\"650\" data-id=\"2129\" src=\"http:\/\/prague-fenix.cz\/wp-content\/uploads\/2025\/10\/2025-10-23-04-36-26_page-0007.jpg\" alt=\"\" class=\"wp-image-2129\" srcset=\"https:\/\/old.prague-fenix.cz\/wp-content\/uploads\/2025\/10\/2025-10-23-04-36-26_page-0007.jpg 500w, https:\/\/old.prague-fenix.cz\/wp-content\/uploads\/2025\/10\/2025-10-23-04-36-26_page-0007-231x300.jpg 231w, https:\/\/old.prague-fenix.cz\/wp-content\/uploads\/2025\/10\/2025-10-23-04-36-26_page-0007-9x12.jpg 9w\" sizes=\"(max-width: 500px) 100vw, 500px\" \/><\/figure>\n\n\n\n<figure class=\"wp-block-image size-full\"><img loading=\"lazy\" decoding=\"async\" width=\"500\" height=\"650\" data-id=\"2112\" src=\"http:\/\/prague-fenix.cz\/wp-content\/uploads\/2025\/10\/2025-10-23-04-36-26_page-0015.jpg\" alt=\"\" class=\"wp-image-2112\" srcset=\"https:\/\/old.prague-fenix.cz\/wp-content\/uploads\/2025\/10\/2025-10-23-04-36-26_page-0015.jpg 500w, https:\/\/old.prague-fenix.cz\/wp-content\/uploads\/2025\/10\/2025-10-23-04-36-26_page-0015-231x300.jpg 231w, https:\/\/old.prague-fenix.cz\/wp-content\/uploads\/2025\/10\/2025-10-23-04-36-26_page-0015-9x12.jpg 9w\" sizes=\"(max-width: 500px) 100vw, 500px\" \/><\/figure>\n\n\n\n<figure class=\"wp-block-image size-full\"><img decoding=\"async\" width=\"500\" height=\"650\" data-id=\"2120\" src=\"http:\/\/prague-fenix.cz\/wp-content\/uploads\/2025\/10\/2025-10-23-04-36-26_page-0003.jpg\" alt=\"\" class=\"wp-image-2120\" srcset=\"https:\/\/old.prague-fenix.cz\/wp-content\/uploads\/2025\/10\/2025-10-23-04-36-26_page-0003.jpg 500w, https:\/\/old.prague-fenix.cz\/wp-content\/uploads\/2025\/10\/2025-10-23-04-36-26_page-0003-231x300.jpg 231w, https:\/\/old.prague-fenix.cz\/wp-content\/uploads\/2025\/10\/2025-10-23-04-36-26_page-0003-9x12.jpg 9w\" sizes=\"(max-width: 500px) 100vw, 500px\" \/><\/figure>\n<\/figure>\n\n\n\n<p class=\"has-text-align-center\">Buchen Sie eine erotische Massagesitzung bei den besten Masseurinnen Prags im besten Massagesalon der Tschechischen Republik. <br><strong>Unser Telefon<\/strong>: <a href=\"tel:  420 720 175 506\">+420 720 175 506<\/a>.<\/p>\n\n\n\n<h2 class=\"wp-block-heading has-text-align-center\">TOP erotische Massagen im Fenix Prag<\/h2>\n\n\n\n<div class=\"wp-block-columns is-layout-flex wp-container-core-columns-is-layout-9d6595d7 wp-block-columns-is-layout-flex\">\n<div class=\"wp-block-column card is-layout-flow wp-block-column-is-layout-flow\">\n<h3 class=\"wp-block-heading has-text-align-center\" style=\"font-size:24px\"><strong><a href=\"https:\/\/prague-fenix.cz\/milk-massage\/\"><strong>Milchmassage<\/strong><\/a><\/strong><\/h3>\n\n\n\n<figure class=\"wp-block-image alignwide size-full\"><a href=\"https:\/\/prague-fenix.cz\/milk-massage\/\"><img loading=\"lazy\" decoding=\"async\" width=\"1000\" height=\"667\" src=\"http:\/\/prague-fenix.cz\/wp-content\/uploads\/2024\/02\/milk-massage-fenix-prague-1.jpeg\" alt=\"Milchmassage Fenix Prag\" class=\"wp-image-644\" srcset=\"https:\/\/old.prague-fenix.cz\/wp-content\/uploads\/2024\/02\/milk-massage-fenix-prague-1.jpeg 1000w, https:\/\/old.prague-fenix.cz\/wp-content\/uploads\/2024\/02\/milk-massage-fenix-prague-1-300x200.jpeg 300w, https:\/\/old.prague-fenix.cz\/wp-content\/uploads\/2024\/02\/milk-massage-fenix-prague-1-768x512.jpeg 768w, https:\/\/old.prague-fenix.cz\/wp-content\/uploads\/2024\/02\/milk-massage-fenix-prague-1-18x12.jpeg 18w\" sizes=\"(max-width: 1000px) 100vw, 1000px\" \/><\/a><\/figure>\n\n\n\n<p class=\"has-text-align-center\">Eine Massage, die erotische Neuheit hinzuf\u00fcgt, die Libido und Sexualit\u00e4t steigert, Komplexe und Einschr\u00e4nkungen l\u00f6st und auch Ihr Intimleben erheblich abwechslungsreicher gestalten kann.<\/p>\n<\/div>\n\n\n\n<div class=\"wp-block-column card is-layout-flow wp-block-column-is-layout-flow\">\n<h3 class=\"wp-block-heading has-text-align-center\" style=\"font-size:24px\"><strong><a href=\"https:\/\/prague-fenix.cz\/lingam-massage\/\"><strong><strong>Lingam-Massage<\/strong><\/strong><\/a><\/strong><\/h3>\n\n\n\n<figure class=\"wp-block-image alignwide size-full\"><a href=\"https:\/\/prague-fenix.cz\/lingam-massage\/\"><img loading=\"lazy\" decoding=\"async\" width=\"1000\" height=\"666\" src=\"http:\/\/prague-fenix.cz\/wp-content\/uploads\/2024\/02\/lingam-massage-fenix-prague-1.jpeg\" alt=\"Lingam-Massage Fenix Prag\" class=\"wp-image-645\" srcset=\"https:\/\/old.prague-fenix.cz\/wp-content\/uploads\/2024\/02\/lingam-massage-fenix-prague-1.jpeg 1000w, https:\/\/old.prague-fenix.cz\/wp-content\/uploads\/2024\/02\/lingam-massage-fenix-prague-1-300x200.jpeg 300w, https:\/\/old.prague-fenix.cz\/wp-content\/uploads\/2024\/02\/lingam-massage-fenix-prague-1-768x511.jpeg 768w, https:\/\/old.prague-fenix.cz\/wp-content\/uploads\/2024\/02\/lingam-massage-fenix-prague-1-18x12.jpeg 18w\" sizes=\"(max-width: 1000px) 100vw, 1000px\" \/><\/a><\/figure>\n\n\n\n<p class=\"has-text-align-center\">Eine uralte Technik der erotischen Massage, die Ihnen unvergessliche Gl\u00fcckseligkeit beschert. Das Ergebnis wird mit Hilfe sanfter H\u00e4nde und bestimmter Ausf\u00fchrungstechniken erreicht.<\/p>\n<\/div>\n<\/div>\n\n\n\n<div class=\"wp-block-columns is-layout-flex wp-container-core-columns-is-layout-9d6595d7 wp-block-columns-is-layout-flex\">\n<div class=\"wp-block-column card is-layout-flow wp-block-column-is-layout-flow\">\n<h3 class=\"wp-block-heading has-text-align-center\" style=\"font-size:24px\"><strong><a href=\"https:\/\/prague-fenix.cz\/nuru-massage\/\"><strong>Nuru Massage<\/strong><\/a><\/strong><\/h3>\n\n\n\n<figure class=\"wp-block-image alignwide size-full\"><a href=\"https:\/\/prague-fenix.cz\/nuru-massage\/\"><img loading=\"lazy\" decoding=\"async\" width=\"1000\" height=\"667\" src=\"http:\/\/prague-fenix.cz\/wp-content\/uploads\/2024\/02\/nuru-massage-fenix-salon-1.jpeg\" alt=\"Nuru-Massage, Fenix-Salon\" class=\"wp-image-646\" srcset=\"https:\/\/old.prague-fenix.cz\/wp-content\/uploads\/2024\/02\/nuru-massage-fenix-salon-1.jpeg 1000w, https:\/\/old.prague-fenix.cz\/wp-content\/uploads\/2024\/02\/nuru-massage-fenix-salon-1-300x200.jpeg 300w, https:\/\/old.prague-fenix.cz\/wp-content\/uploads\/2024\/02\/nuru-massage-fenix-salon-1-768x512.jpeg 768w, https:\/\/old.prague-fenix.cz\/wp-content\/uploads\/2024\/02\/nuru-massage-fenix-salon-1-18x12.jpeg 18w\" sizes=\"(max-width: 1000px) 100vw, 1000px\" \/><\/a><\/figure>\n\n\n\n<p class=\"has-text-align-center\">Japanische Fingermassage. Bei dieser Massage verwendet eine erfahrene Masseurin ein einzigartiges Nuru-Gel. \u00c4hnlich der Body-to-Body-Massage.<\/p>\n<\/div>\n\n\n\n<div class=\"wp-block-column card is-layout-flow wp-block-column-is-layout-flow\">\n<h3 class=\"wp-block-heading has-text-align-center\" style=\"font-size:24px\"><strong><a href=\"https:\/\/prague-fenix.cz\/lesbian-show\/\"><strong><strong>Lesbenshow<\/strong><\/strong><\/a><\/strong><\/h3>\n\n\n\n<figure class=\"wp-block-image alignwide size-full\"><a href=\"https:\/\/prague-fenix.cz\/lesbian-show\/\"><img loading=\"lazy\" decoding=\"async\" width=\"1000\" height=\"667\" src=\"http:\/\/prague-fenix.cz\/wp-content\/uploads\/2024\/02\/lesbian-show-fenix-prague-1.jpeg\" alt=\"Lesbenshow Fenix Prag\" class=\"wp-image-647\" srcset=\"https:\/\/old.prague-fenix.cz\/wp-content\/uploads\/2024\/02\/lesbian-show-fenix-prague-1.jpeg 1000w, https:\/\/old.prague-fenix.cz\/wp-content\/uploads\/2024\/02\/lesbian-show-fenix-prague-1-300x200.jpeg 300w, https:\/\/old.prague-fenix.cz\/wp-content\/uploads\/2024\/02\/lesbian-show-fenix-prague-1-768x512.jpeg 768w, https:\/\/old.prague-fenix.cz\/wp-content\/uploads\/2024\/02\/lesbian-show-fenix-prague-1-18x12.jpeg 18w\" sizes=\"(max-width: 1000px) 100vw, 1000px\" \/><\/a><\/figure>\n\n\n\n<p class=\"has-text-align-center\">Betreten Sie die heilige Welt der Tantramassage und begeben Sie sich unter der F\u00fchrung zweier exquisiter Masseurinnen auf eine unvergessliche spirituelle Reise.<\/p>\n<\/div>\n<\/div>\n\n\n\n<p class=\"has-text-align-center\">Den vollst\u00e4ndigen Katalog unserer Dienstleistungen finden Sie im \u201e<a href=\"https:\/\/prague-fenix.cz\/massages\/\">alle Arten von Massagen<\/a>&quot; Abschnitt.<\/p>\n\n\n\n<p class=\"has-text-align-center\"><strong>Unsere Adresse<\/strong>: Velegradska-Stra\u00dfe, 1702\/12, 130 00 Vinohrady.<br><strong>Unser Telefon<\/strong>: &nbsp;<a href=\"tel:  420 720 175 506\">+420 720 175 506<\/a><\/p>","protected":false},"excerpt":{"rendered":"<p>Die erstaunliche und immer gem\u00fctliche Atmosph\u00e4re des Salons Fenix Prague wird Ihnen helfen, sich so weit wie m\u00f6glich zu entspannen und eine Sitzung in den H\u00e4nden erfahrener und <a class=\"more-link\" href=\"https:\/\/old.prague-fenix.cz\/de\/salon\/\">Weiterlesen \u2192<\/a><\/p>","protected":false},"author":3,"featured_media":0,"parent":0,"menu_order":0,"comment_status":"closed","ping_status":"closed","template":"","meta":{"footnotes":""},"class_list":["post-14","page","type-page","status-publish","hentry"],"yoast_head":"<!-- This site is optimized with the Yoast SEO plugin v25.0 - https:\/\/yoast.com\/wordpress\/plugins\/seo\/ -->\n<title>Interior - Fenix Prague - Photo<\/title>\n<meta name=\"description\" content=\"Photo of the Fenix salon in Prague: massage rooms, hall, bathroom. What rooms for erotic massage look like in the best salon in the Czech Republic.\" \/>\n<meta name=\"robots\" content=\"noindex, follow, max-snippet:-1, max-image-preview:large, max-video-preview:-1\" \/>\n<meta property=\"og:locale\" content=\"de_DE\" \/>\n<meta property=\"og:type\" content=\"article\" \/>\n<meta property=\"og:title\" content=\"Interior - Fenix Prague - Photo\" \/>\n<meta property=\"og:description\" content=\"Photo of the Fenix salon in Prague: massage rooms, hall, bathroom. What rooms for erotic massage look like in the best salon in the Czech Republic.\" \/>\n<meta property=\"og:url\" content=\"https:\/\/old.prague-fenix.cz\/de\/salon\/\" \/>\n<meta property=\"og:site_name\" content=\"Erotic massage salon Prague Fenix\" \/>\n<meta property=\"article:modified_time\" content=\"2025-10-23T20:24:52+00:00\" \/>\n<meta property=\"og:image\" content=\"https:\/\/prague-fenix.cz\/wp-content\/uploads\/2025\/10\/2025-10-23-04-36-26_page-0001.jpg\" \/>\n<meta name=\"twitter:card\" content=\"summary_large_image\" \/>\n<meta name=\"twitter:label1\" content=\"Gesch\u00e4tzte Lesezeit\" \/>\n\t<meta name=\"twitter:data1\" content=\"5\u00a0Minuten\" \/>\n<script type=\"application\/ld+json\" class=\"yoast-schema-graph\">{\"@context\":\"https:\/\/schema.org\",\"@graph\":[{\"@type\":\"WebPage\",\"@id\":\"https:\/\/old.prague-fenix.cz\/salon\/\",\"url\":\"https:\/\/old.prague-fenix.cz\/salon\/\",\"name\":\"Interior - Fenix Prague - Photo\",\"isPartOf\":{\"@id\":\"https:\/\/old.prague-fenix.cz\/#website\"},\"primaryImageOfPage\":{\"@id\":\"https:\/\/old.prague-fenix.cz\/salon\/#primaryimage\"},\"image\":{\"@id\":\"https:\/\/old.prague-fenix.cz\/salon\/#primaryimage\"},\"thumbnailUrl\":\"https:\/\/prague-fenix.cz\/wp-content\/uploads\/2025\/10\/2025-10-23-04-36-26_page-0001.jpg\",\"datePublished\":\"2023-05-07T10:36:30+00:00\",\"dateModified\":\"2025-10-23T20:24:52+00:00\",\"description\":\"Photo of the Fenix salon in Prague: massage rooms, hall, bathroom. What rooms for erotic massage look like in the best salon in the Czech Republic.\",\"breadcrumb\":{\"@id\":\"https:\/\/old.prague-fenix.cz\/salon\/#breadcrumb\"},\"inLanguage\":\"de\",\"potentialAction\":[{\"@type\":\"ReadAction\",\"target\":[\"https:\/\/old.prague-fenix.cz\/salon\/\"]}]},{\"@type\":\"ImageObject\",\"inLanguage\":\"de\",\"@id\":\"https:\/\/old.prague-fenix.cz\/salon\/#primaryimage\",\"url\":\"https:\/\/prague-fenix.cz\/wp-content\/uploads\/2025\/10\/2025-10-23-04-36-26_page-0001.jpg\",\"contentUrl\":\"https:\/\/prague-fenix.cz\/wp-content\/uploads\/2025\/10\/2025-10-23-04-36-26_page-0001.jpg\"},{\"@type\":\"BreadcrumbList\",\"@id\":\"https:\/\/old.prague-fenix.cz\/salon\/#breadcrumb\",\"itemListElement\":[{\"@type\":\"ListItem\",\"position\":1,\"name\":\"Dom\u016f\",\"item\":\"https:\/\/old.prague-fenix.cz\/\"},{\"@type\":\"ListItem\",\"position\":2,\"name\":\"Salon\"}]},{\"@type\":\"WebSite\",\"@id\":\"https:\/\/old.prague-fenix.cz\/#website\",\"url\":\"https:\/\/old.prague-fenix.cz\/\",\"name\":\"Erotick\u00fd mas\u00e1\u017en\u00ed sal\u00f3n Prague F\u00e9nix\",\"description\":\"Massage salon and erotic massages, body to body, tantra, mix, nuru and lingam massage, lesbian show, BDSM massage.\",\"publisher\":{\"@id\":\"https:\/\/old.prague-fenix.cz\/#\/schema\/person\/2ba77174c6f44cc2bc3d0f5e8ba640d6\"},\"potentialAction\":[{\"@type\":\"SearchAction\",\"target\":{\"@type\":\"EntryPoint\",\"urlTemplate\":\"https:\/\/old.prague-fenix.cz\/?s={search_term_string}\"},\"query-input\":{\"@type\":\"PropertyValueSpecification\",\"valueRequired\":true,\"valueName\":\"search_term_string\"}}],\"inLanguage\":\"de\"},{\"@type\":[\"Person\",\"Organization\"],\"@id\":\"https:\/\/old.prague-fenix.cz\/#\/schema\/person\/2ba77174c6f44cc2bc3d0f5e8ba640d6\",\"name\":\"Prague Fenix\",\"image\":{\"@type\":\"ImageObject\",\"inLanguage\":\"de\",\"@id\":\"https:\/\/old.prague-fenix.cz\/#\/schema\/person\/image\/\",\"url\":\"https:\/\/prague-fenix.cz\/wp-content\/uploads\/2023\/05\/prague-fenix.cz-logo-e1684684035397.png\",\"contentUrl\":\"https:\/\/prague-fenix.cz\/wp-content\/uploads\/2023\/05\/prague-fenix.cz-logo-e1684684035397.png\",\"width\":675,\"height\":675,\"caption\":\"Prague Fenix\"},\"logo\":{\"@id\":\"https:\/\/old.prague-fenix.cz\/#\/schema\/person\/image\/\"},\"sameAs\":[\"http:\/\/www.prague-fenix.cz\"]}]}<\/script>\n<!-- \/ Yoast SEO plugin. -->","yoast_head_json":{"title":"Interior - Fenix Prague - Photo","description":"Photo of the Fenix salon in Prague: massage rooms, hall, bathroom. What rooms for erotic massage look like in the best salon in the Czech Republic.","robots":{"index":"noindex","follow":"follow","max-snippet":"max-snippet:-1","max-image-preview":"max-image-preview:large","max-video-preview":"max-video-preview:-1"},"og_locale":"de_DE","og_type":"article","og_title":"Interior - Fenix Prague - Photo","og_description":"Photo of the Fenix salon in Prague: massage rooms, hall, bathroom. What rooms for erotic massage look like in the best salon in the Czech Republic.","og_url":"https:\/\/old.prague-fenix.cz\/de\/salon\/","og_site_name":"Erotic massage salon Prague Fenix","article_modified_time":"2025-10-23T20:24:52+00:00","og_image":[{"url":"https:\/\/prague-fenix.cz\/wp-content\/uploads\/2025\/10\/2025-10-23-04-36-26_page-0001.jpg","type":"","width":"","height":""}],"twitter_card":"summary_large_image","twitter_misc":{"Gesch\u00e4tzte Lesezeit":"5\u00a0Minuten"},"schema":{"@context":"https:\/\/schema.org","@graph":[{"@type":"WebPage","@id":"https:\/\/old.prague-fenix.cz\/salon\/","url":"https:\/\/old.prague-fenix.cz\/salon\/","name":"Interior - Fenix Prague - Photo","isPartOf":{"@id":"https:\/\/old.prague-fenix.cz\/#website"},"primaryImageOfPage":{"@id":"https:\/\/old.prague-fenix.cz\/salon\/#primaryimage"},"image":{"@id":"https:\/\/old.prague-fenix.cz\/salon\/#primaryimage"},"thumbnailUrl":"https:\/\/prague-fenix.cz\/wp-content\/uploads\/2025\/10\/2025-10-23-04-36-26_page-0001.jpg","datePublished":"2023-05-07T10:36:30+00:00","dateModified":"2025-10-23T20:24:52+00:00","description":"Photo of the Fenix salon in Prague: massage rooms, hall, bathroom. What rooms for erotic massage look like in the best salon in the Czech Republic.","breadcrumb":{"@id":"https:\/\/old.prague-fenix.cz\/salon\/#breadcrumb"},"inLanguage":"de","potentialAction":[{"@type":"ReadAction","target":["https:\/\/old.prague-fenix.cz\/salon\/"]}]},{"@type":"ImageObject","inLanguage":"de","@id":"https:\/\/old.prague-fenix.cz\/salon\/#primaryimage","url":"https:\/\/prague-fenix.cz\/wp-content\/uploads\/2025\/10\/2025-10-23-04-36-26_page-0001.jpg","contentUrl":"https:\/\/prague-fenix.cz\/wp-content\/uploads\/2025\/10\/2025-10-23-04-36-26_page-0001.jpg"},{"@type":"BreadcrumbList","@id":"https:\/\/old.prague-fenix.cz\/salon\/#breadcrumb","itemListElement":[{"@type":"ListItem","position":1,"name":"Dom\u016f","item":"https:\/\/old.prague-fenix.cz\/"},{"@type":"ListItem","position":2,"name":"Salon"}]},{"@type":"WebSite","@id":"https:\/\/old.prague-fenix.cz\/#website","url":"https:\/\/old.prague-fenix.cz\/","name":"Erotick\u00fd mas\u00e1\u017en\u00ed sal\u00f3n Prague F\u00e9nix","description":"Massage salon and erotic massages, body to body, tantra, mix, nuru and lingam massage, lesbian show, BDSM massage.","publisher":{"@id":"https:\/\/old.prague-fenix.cz\/#\/schema\/person\/2ba77174c6f44cc2bc3d0f5e8ba640d6"},"potentialAction":[{"@type":"SearchAction","target":{"@type":"EntryPoint","urlTemplate":"https:\/\/old.prague-fenix.cz\/?s={search_term_string}"},"query-input":{"@type":"PropertyValueSpecification","valueRequired":true,"valueName":"search_term_string"}}],"inLanguage":"de"},{"@type":["Person","Organization"],"@id":"https:\/\/old.prague-fenix.cz\/#\/schema\/person\/2ba77174c6f44cc2bc3d0f5e8ba640d6","name":"Prague Fenix","image":{"@type":"ImageObject","inLanguage":"de","@id":"https:\/\/old.prague-fenix.cz\/#\/schema\/person\/image\/","url":"https:\/\/prague-fenix.cz\/wp-content\/uploads\/2023\/05\/prague-fenix.cz-logo-e1684684035397.png","contentUrl":"https:\/\/prague-fenix.cz\/wp-content\/uploads\/2023\/05\/prague-fenix.cz-logo-e1684684035397.png","width":675,"height":675,"caption":"Prague Fenix"},"logo":{"@id":"https:\/\/old.prague-fenix.cz\/#\/schema\/person\/image\/"},"sameAs":["http:\/\/www.prague-fenix.cz"]}]}},"_links":{"self":[{"href":"https:\/\/old.prague-fenix.cz\/de\/wp-json\/wp\/v2\/pages\/14","targetHints":{"allow":["GET"]}}],"collection":[{"href":"https:\/\/old.prague-fenix.cz\/de\/wp-json\/wp\/v2\/pages"}],"about":[{"href":"https:\/\/old.prague-fenix.cz\/de\/wp-json\/wp\/v2\/types\/page"}],"author":[{"embeddable":true,"href":"https:\/\/old.prague-fenix.cz\/de\/wp-json\/wp\/v2\/users\/3"}],"replies":[{"embeddable":true,"href":"https:\/\/old.prague-fenix.cz\/de\/wp-json\/wp\/v2\/comments?post=14"}],"version-history":[{"count":0,"href":"https:\/\/old.prague-fenix.cz\/de\/wp-json\/wp\/v2\/pages\/14\/revisions"}],"wp:attachment":[{"href":"https:\/\/old.prague-fenix.cz\/de\/wp-json\/wp\/v2\/media?parent=14"}],"curies":[{"name":"wp","href":"https:\/\/api.w.org\/{rel}","templated":true}]}}