{"id":1367,"date":"2024-08-18T18:37:46","date_gmt":"2024-08-18T17:37:46","guid":{"rendered":"https:\/\/prague-fenix.cz\/?page_id=1367"},"modified":"2025-04-26T12:55:25","modified_gmt":"2025-04-26T11:55:25","slug":"erika","status":"publish","type":"page","link":"https:\/\/old.prague-fenix.cz\/de\/erika\/","title":{"rendered":"Erika"},"content":{"rendered":"<p><strong>Alter<\/strong>: 24<br><strong>Gewicht<\/strong>: 54 kg<br><strong>H\u00f6he<\/strong>: 166 cm<br><strong>Haarfarbe<\/strong>: blond<br><strong>Brustgr\u00f6\u00dfe<\/strong>: 3<\/p>\n\n\n\n<figure class=\"wp-block-gallery has-nested-images columns-default is-cropped wp-block-gallery-1 is-layout-flex wp-block-gallery-is-layout-flex\">\n<figure class=\"wp-block-image size-full\"><img fetchpriority=\"high\" decoding=\"async\" width=\"900\" height=\"721\" data-id=\"1875\" src=\"http:\/\/prague-fenix.cz\/wp-content\/uploads\/2025\/04\/Erika-5.jpg\" alt=\"\" class=\"wp-image-1875\" srcset=\"https:\/\/old.prague-fenix.cz\/wp-content\/uploads\/2025\/04\/Erika-5.jpg 900w, https:\/\/old.prague-fenix.cz\/wp-content\/uploads\/2025\/04\/Erika-5-300x240.jpg 300w, https:\/\/old.prague-fenix.cz\/wp-content\/uploads\/2025\/04\/Erika-5-768x615.jpg 768w, https:\/\/old.prague-fenix.cz\/wp-content\/uploads\/2025\/04\/Erika-5-15x12.jpg 15w\" sizes=\"(max-width: 900px) 100vw, 900px\" \/><\/figure>\n<\/figure>\n\n\n\n<h2 class=\"wp-block-heading has-text-align-center\">\u00dcber Erika<\/h2>\n\n\n\n<p>Wenn Erika die Haut ber\u00fchrt, scheint es, als seien die Sterne selbst zu einem Muster der Entspannung verbunden, und ihre F\u00e4higkeit, geheime Spannungspunkte zu finden, verwandelt die Massage in einen Tanz der Energien. Ihre Ausstrahlung verleiht jeder Bewegung eine besondere Magie, und die W\u00e4rme ihrer Handfl\u00e4chen verspricht einen sanften \u00dcbergang vom Alltag in eine Welt der Ruhe und Gl\u00fcckseligkeit.<\/p>\n\n\n\n<h2 class=\"wp-block-heading has-text-align-center\">Erotische Massage von Erika<\/h2>\n\n\n\n<p>Um erotische Massagedienste von Erika zu buchen, rufen Sie bitte telefonisch an\u00a0 <a href=\"tel:  420 720 175 506\">+420 720 175 506<\/a>\u00a0jetzt gleich! Sie wartet schon auf ein Treffen, und zwar mit Dir! \u00a0<\/p>\n\n\n\n<figure class=\"wp-block-gallery has-nested-images columns-default is-cropped wp-block-gallery-2 is-layout-flex wp-block-gallery-is-layout-flex\">\n<figure class=\"wp-block-image size-full\"><img decoding=\"async\" width=\"768\" height=\"1024\" data-id=\"1877\" src=\"http:\/\/prague-fenix.cz\/wp-content\/uploads\/2025\/04\/Erika-2.jpg\" alt=\"\" class=\"wp-image-1877\" srcset=\"https:\/\/old.prague-fenix.cz\/wp-content\/uploads\/2025\/04\/Erika-2.jpg 768w, https:\/\/old.prague-fenix.cz\/wp-content\/uploads\/2025\/04\/Erika-2-225x300.jpg 225w, https:\/\/old.prague-fenix.cz\/wp-content\/uploads\/2025\/04\/Erika-2-9x12.jpg 9w\" sizes=\"(max-width: 768px) 100vw, 768px\" \/><\/figure>\n\n\n\n<figure class=\"wp-block-image size-full\"><img decoding=\"async\" width=\"768\" height=\"1024\" data-id=\"1878\" src=\"http:\/\/prague-fenix.cz\/wp-content\/uploads\/2025\/04\/Erika-3.jpg\" alt=\"\" class=\"wp-image-1878\" srcset=\"https:\/\/old.prague-fenix.cz\/wp-content\/uploads\/2025\/04\/Erika-3.jpg 768w, https:\/\/old.prague-fenix.cz\/wp-content\/uploads\/2025\/04\/Erika-3-225x300.jpg 225w, https:\/\/old.prague-fenix.cz\/wp-content\/uploads\/2025\/04\/Erika-3-9x12.jpg 9w\" sizes=\"(max-width: 768px) 100vw, 768px\" \/><\/figure>\n\n\n\n<figure class=\"wp-block-image size-full\"><img loading=\"lazy\" decoding=\"async\" width=\"768\" height=\"1024\" data-id=\"1876\" src=\"http:\/\/prague-fenix.cz\/wp-content\/uploads\/2025\/04\/Erika-1.jpg\" alt=\"\" class=\"wp-image-1876\" srcset=\"https:\/\/old.prague-fenix.cz\/wp-content\/uploads\/2025\/04\/Erika-1.jpg 768w, https:\/\/old.prague-fenix.cz\/wp-content\/uploads\/2025\/04\/Erika-1-225x300.jpg 225w, https:\/\/old.prague-fenix.cz\/wp-content\/uploads\/2025\/04\/Erika-1-9x12.jpg 9w\" sizes=\"(max-width: 768px) 100vw, 768px\" \/><\/figure>\n<\/figure>","protected":false},"excerpt":{"rendered":"<p>Alter: 24Gewicht: 54 kgGr\u00f6\u00dfe: 166 cmHaarfarbe: blondBrustgr\u00f6\u00dfe: 3 \u00dcber Erika Wenn Erika die Haut ber\u00fchrt, scheint es, als ob die Sterne selbst in einem Muster der Entspannung verbunden sind, <a class=\"more-link\" href=\"https:\/\/old.prague-fenix.cz\/de\/erika\/\">Weiterlesen \u2192<\/a><\/p>","protected":false},"author":3,"featured_media":1875,"parent":0,"menu_order":0,"comment_status":"closed","ping_status":"closed","template":"","meta":{"footnotes":""},"class_list":["post-1367","page","type-page","status-publish","has-post-thumbnail","hentry"],"yoast_head":"<!-- This site is optimized with the Yoast SEO plugin v25.0 - https:\/\/yoast.com\/wordpress\/plugins\/seo\/ -->\n<title>Erotic massage by Erika - Salon Prague Fenix<\/title>\n<meta name=\"description\" content=\"Masseuse Erika at the erotic massage salon Prague Fenix. Learn more about Erika and the services she offers. Book a massage with Erika\" \/>\n<meta name=\"robots\" content=\"noindex, follow, max-snippet:-1, max-image-preview:large, max-video-preview:-1\" \/>\n<meta property=\"og:locale\" content=\"de_DE\" \/>\n<meta property=\"og:type\" content=\"article\" \/>\n<meta property=\"og:title\" content=\"Erotic massage by Erika - Salon Prague Fenix\" \/>\n<meta property=\"og:description\" content=\"Masseuse Erika at the erotic massage salon Prague Fenix. Learn more about Erika and the services she offers. Book a massage with Erika\" \/>\n<meta property=\"og:url\" content=\"http:\/\/old.prague-fenix.cz\/de\/erika\/\" \/>\n<meta property=\"og:site_name\" content=\"Erotic massage salon Prague Fenix\" \/>\n<meta property=\"article:modified_time\" content=\"2025-04-26T11:55:25+00:00\" \/>\n<meta property=\"og:image\" content=\"http:\/\/old.prague-fenix.cz\/wp-content\/uploads\/2025\/04\/Erika-5.jpg\" \/>\n\t<meta property=\"og:image:width\" content=\"900\" \/>\n\t<meta property=\"og:image:height\" content=\"721\" \/>\n\t<meta property=\"og:image:type\" content=\"image\/jpeg\" \/>\n<meta name=\"twitter:card\" content=\"summary_large_image\" \/>\n<meta name=\"twitter:label1\" content=\"Gesch\u00e4tzte Lesezeit\" \/>\n\t<meta name=\"twitter:data1\" content=\"2\u00a0Minuten\" \/>\n<script type=\"application\/ld+json\" class=\"yoast-schema-graph\">{\"@context\":\"https:\/\/schema.org\",\"@graph\":[{\"@type\":\"WebPage\",\"@id\":\"http:\/\/old.prague-fenix.cz\/cs\/erika\/\",\"url\":\"http:\/\/old.prague-fenix.cz\/cs\/erika\/\",\"name\":\"Erotic massage by Erika - Salon Prague Fenix\",\"isPartOf\":{\"@id\":\"https:\/\/old.prague-fenix.cz\/#website\"},\"primaryImageOfPage\":{\"@id\":\"http:\/\/old.prague-fenix.cz\/cs\/erika\/#primaryimage\"},\"image\":{\"@id\":\"http:\/\/old.prague-fenix.cz\/cs\/erika\/#primaryimage\"},\"thumbnailUrl\":\"https:\/\/old.prague-fenix.cz\/wp-content\/uploads\/2025\/04\/Erika-5.jpg\",\"datePublished\":\"2024-08-18T17:37:46+00:00\",\"dateModified\":\"2025-04-26T11:55:25+00:00\",\"description\":\"Masseuse Erika at the erotic massage salon Prague Fenix. Learn more about Erika and the services she offers. Book a massage with Erika\",\"breadcrumb\":{\"@id\":\"http:\/\/old.prague-fenix.cz\/cs\/erika\/#breadcrumb\"},\"inLanguage\":\"de\",\"potentialAction\":[{\"@type\":\"ReadAction\",\"target\":[\"http:\/\/old.prague-fenix.cz\/cs\/erika\/\"]}]},{\"@type\":\"ImageObject\",\"inLanguage\":\"de\",\"@id\":\"http:\/\/old.prague-fenix.cz\/cs\/erika\/#primaryimage\",\"url\":\"https:\/\/old.prague-fenix.cz\/wp-content\/uploads\/2025\/04\/Erika-5.jpg\",\"contentUrl\":\"https:\/\/old.prague-fenix.cz\/wp-content\/uploads\/2025\/04\/Erika-5.jpg\",\"width\":900,\"height\":721},{\"@type\":\"BreadcrumbList\",\"@id\":\"http:\/\/old.prague-fenix.cz\/cs\/erika\/#breadcrumb\",\"itemListElement\":[{\"@type\":\"ListItem\",\"position\":1,\"name\":\"Dom\u016f\",\"item\":\"https:\/\/old.prague-fenix.cz\/\"},{\"@type\":\"ListItem\",\"position\":2,\"name\":\"Erika\"}]},{\"@type\":\"WebSite\",\"@id\":\"https:\/\/old.prague-fenix.cz\/#website\",\"url\":\"https:\/\/old.prague-fenix.cz\/\",\"name\":\"Erotick\u00fd mas\u00e1\u017en\u00ed sal\u00f3n Prague F\u00e9nix\",\"description\":\"Massage salon and erotic massages, body to body, tantra, mix, nuru and lingam massage, lesbian show, BDSM massage.\",\"publisher\":{\"@id\":\"https:\/\/old.prague-fenix.cz\/#\/schema\/person\/2ba77174c6f44cc2bc3d0f5e8ba640d6\"},\"potentialAction\":[{\"@type\":\"SearchAction\",\"target\":{\"@type\":\"EntryPoint\",\"urlTemplate\":\"https:\/\/old.prague-fenix.cz\/?s={search_term_string}\"},\"query-input\":{\"@type\":\"PropertyValueSpecification\",\"valueRequired\":true,\"valueName\":\"search_term_string\"}}],\"inLanguage\":\"de\"},{\"@type\":[\"Person\",\"Organization\"],\"@id\":\"https:\/\/old.prague-fenix.cz\/#\/schema\/person\/2ba77174c6f44cc2bc3d0f5e8ba640d6\",\"name\":\"Prague Fenix\",\"image\":{\"@type\":\"ImageObject\",\"inLanguage\":\"de\",\"@id\":\"https:\/\/old.prague-fenix.cz\/#\/schema\/person\/image\/\",\"url\":\"https:\/\/prague-fenix.cz\/wp-content\/uploads\/2023\/05\/prague-fenix.cz-logo-e1684684035397.png\",\"contentUrl\":\"https:\/\/prague-fenix.cz\/wp-content\/uploads\/2023\/05\/prague-fenix.cz-logo-e1684684035397.png\",\"width\":675,\"height\":675,\"caption\":\"Prague Fenix\"},\"logo\":{\"@id\":\"https:\/\/old.prague-fenix.cz\/#\/schema\/person\/image\/\"},\"sameAs\":[\"http:\/\/www.prague-fenix.cz\"]}]}<\/script>\n<!-- \/ Yoast SEO plugin. -->","yoast_head_json":{"title":"Erotic massage by Erika - Salon Prague Fenix","description":"Masseuse Erika at the erotic massage salon Prague Fenix. Learn more about Erika and the services she offers. Book a massage with Erika","robots":{"index":"noindex","follow":"follow","max-snippet":"max-snippet:-1","max-image-preview":"max-image-preview:large","max-video-preview":"max-video-preview:-1"},"og_locale":"de_DE","og_type":"article","og_title":"Erotic massage by Erika - Salon Prague Fenix","og_description":"Masseuse Erika at the erotic massage salon Prague Fenix. Learn more about Erika and the services she offers. Book a massage with Erika","og_url":"http:\/\/old.prague-fenix.cz\/de\/erika\/","og_site_name":"Erotic massage salon Prague Fenix","article_modified_time":"2025-04-26T11:55:25+00:00","og_image":[{"width":900,"height":721,"url":"http:\/\/old.prague-fenix.cz\/wp-content\/uploads\/2025\/04\/Erika-5.jpg","type":"image\/jpeg"}],"twitter_card":"summary_large_image","twitter_misc":{"Gesch\u00e4tzte Lesezeit":"2\u00a0Minuten"},"schema":{"@context":"https:\/\/schema.org","@graph":[{"@type":"WebPage","@id":"http:\/\/old.prague-fenix.cz\/cs\/erika\/","url":"http:\/\/old.prague-fenix.cz\/cs\/erika\/","name":"Erotic massage by Erika - Salon Prague Fenix","isPartOf":{"@id":"https:\/\/old.prague-fenix.cz\/#website"},"primaryImageOfPage":{"@id":"http:\/\/old.prague-fenix.cz\/cs\/erika\/#primaryimage"},"image":{"@id":"http:\/\/old.prague-fenix.cz\/cs\/erika\/#primaryimage"},"thumbnailUrl":"https:\/\/old.prague-fenix.cz\/wp-content\/uploads\/2025\/04\/Erika-5.jpg","datePublished":"2024-08-18T17:37:46+00:00","dateModified":"2025-04-26T11:55:25+00:00","description":"Masseuse Erika at the erotic massage salon Prague Fenix. Learn more about Erika and the services she offers. Book a massage with Erika","breadcrumb":{"@id":"http:\/\/old.prague-fenix.cz\/cs\/erika\/#breadcrumb"},"inLanguage":"de","potentialAction":[{"@type":"ReadAction","target":["http:\/\/old.prague-fenix.cz\/cs\/erika\/"]}]},{"@type":"ImageObject","inLanguage":"de","@id":"http:\/\/old.prague-fenix.cz\/cs\/erika\/#primaryimage","url":"https:\/\/old.prague-fenix.cz\/wp-content\/uploads\/2025\/04\/Erika-5.jpg","contentUrl":"https:\/\/old.prague-fenix.cz\/wp-content\/uploads\/2025\/04\/Erika-5.jpg","width":900,"height":721},{"@type":"BreadcrumbList","@id":"http:\/\/old.prague-fenix.cz\/cs\/erika\/#breadcrumb","itemListElement":[{"@type":"ListItem","position":1,"name":"Dom\u016f","item":"https:\/\/old.prague-fenix.cz\/"},{"@type":"ListItem","position":2,"name":"Erika"}]},{"@type":"WebSite","@id":"https:\/\/old.prague-fenix.cz\/#website","url":"https:\/\/old.prague-fenix.cz\/","name":"Erotick\u00fd mas\u00e1\u017en\u00ed sal\u00f3n Prague F\u00e9nix","description":"Massage salon and erotic massages, body to body, tantra, mix, nuru and lingam massage, lesbian show, BDSM massage.","publisher":{"@id":"https:\/\/old.prague-fenix.cz\/#\/schema\/person\/2ba77174c6f44cc2bc3d0f5e8ba640d6"},"potentialAction":[{"@type":"SearchAction","target":{"@type":"EntryPoint","urlTemplate":"https:\/\/old.prague-fenix.cz\/?s={search_term_string}"},"query-input":{"@type":"PropertyValueSpecification","valueRequired":true,"valueName":"search_term_string"}}],"inLanguage":"de"},{"@type":["Person","Organization"],"@id":"https:\/\/old.prague-fenix.cz\/#\/schema\/person\/2ba77174c6f44cc2bc3d0f5e8ba640d6","name":"Prague Fenix","image":{"@type":"ImageObject","inLanguage":"de","@id":"https:\/\/old.prague-fenix.cz\/#\/schema\/person\/image\/","url":"https:\/\/prague-fenix.cz\/wp-content\/uploads\/2023\/05\/prague-fenix.cz-logo-e1684684035397.png","contentUrl":"https:\/\/prague-fenix.cz\/wp-content\/uploads\/2023\/05\/prague-fenix.cz-logo-e1684684035397.png","width":675,"height":675,"caption":"Prague Fenix"},"logo":{"@id":"https:\/\/old.prague-fenix.cz\/#\/schema\/person\/image\/"},"sameAs":["http:\/\/www.prague-fenix.cz"]}]}},"_links":{"self":[{"href":"https:\/\/old.prague-fenix.cz\/de\/wp-json\/wp\/v2\/pages\/1367","targetHints":{"allow":["GET"]}}],"collection":[{"href":"https:\/\/old.prague-fenix.cz\/de\/wp-json\/wp\/v2\/pages"}],"about":[{"href":"https:\/\/old.prague-fenix.cz\/de\/wp-json\/wp\/v2\/types\/page"}],"author":[{"embeddable":true,"href":"https:\/\/old.prague-fenix.cz\/de\/wp-json\/wp\/v2\/users\/3"}],"replies":[{"embeddable":true,"href":"https:\/\/old.prague-fenix.cz\/de\/wp-json\/wp\/v2\/comments?post=1367"}],"version-history":[{"count":0,"href":"https:\/\/old.prague-fenix.cz\/de\/wp-json\/wp\/v2\/pages\/1367\/revisions"}],"wp:featuredmedia":[{"embeddable":true,"href":"https:\/\/old.prague-fenix.cz\/de\/wp-json\/wp\/v2\/media\/1875"}],"wp:attachment":[{"href":"https:\/\/old.prague-fenix.cz\/de\/wp-json\/wp\/v2\/media?parent=1367"}],"curies":[{"name":"wp","href":"https:\/\/api.w.org\/{rel}","templated":true}]}}