{"id":1363,"date":"2024-08-18T18:37:05","date_gmt":"2024-08-18T17:37:05","guid":{"rendered":"https:\/\/prague-fenix.cz\/?page_id=1363"},"modified":"2024-08-21T20:11:37","modified_gmt":"2024-08-21T19:11:37","slug":"silvia","status":"publish","type":"page","link":"https:\/\/old.prague-fenix.cz\/de\/silvia\/","title":{"rendered":"Silvia"},"content":{"rendered":"<p><strong>Alter<\/strong>: 24<br><strong>Gewicht<\/strong>: 52 kg<br><strong>H\u00f6he<\/strong>: 165 cm<br><strong>Haarfarbe<\/strong>: blond<br><strong>Brustgr\u00f6\u00dfe<\/strong>: B (2)<\/p>\n\n\n\n<figure class=\"wp-block-gallery has-nested-images columns-default is-cropped wp-block-gallery-1 is-layout-flex wp-block-gallery-is-layout-flex\">\n<figure class=\"wp-block-image size-full\"><img fetchpriority=\"high\" decoding=\"async\" width=\"900\" height=\"720\" data-id=\"1443\" src=\"http:\/\/prague-fenix.cz\/wp-content\/uploads\/2024\/08\/sevilja.png\" alt=\"sevilla\" class=\"wp-image-1443\" srcset=\"https:\/\/old.prague-fenix.cz\/wp-content\/uploads\/2024\/08\/sevilja.png 900w, https:\/\/old.prague-fenix.cz\/wp-content\/uploads\/2024\/08\/sevilja-300x240.png 300w, https:\/\/old.prague-fenix.cz\/wp-content\/uploads\/2024\/08\/sevilja-768x614.png 768w, https:\/\/old.prague-fenix.cz\/wp-content\/uploads\/2024\/08\/sevilja-15x12.png 15w\" sizes=\"(max-width: 900px) 100vw, 900px\" \/><\/figure>\n<\/figure>\n\n\n\n<h2 class=\"wp-block-heading has-text-align-center\">\u00dcber Silvia<\/h2>\n\n\n\n<p>Die erotische Massage f\u00fcr M\u00e4nner ist eine echte Kunst. Sie zu meistern ist nicht so einfach. Um wahres Vergn\u00fcgen zu bereiten, reicht das Wissen \u00fcber Massagetechniken allein nicht aus; man muss auch in der Lage sein, einen individuellen Ansatz zu finden. Das kann das h\u00fcbsche M\u00e4dchen Sylvia, eine talentierte Masseurin im Salon Phoenix.<\/p>\n\n\n\n<p>Unsere Meisterin erregt mit sinnlichen Ber\u00fchrungen und sorgt f\u00fcr eine vollst\u00e4ndige Entspannung der Muskeln und Befreiung von schweren Gedanken. Jede Bewegung, jede Stimulation, jedes gefl\u00fcsterte Wort wird unter Ber\u00fccksichtigung des Charakters und der Eigenschaften des Kunden durchdacht. Das Ergebnis einer erotischen Massagesitzung von Sylvia f\u00fcr einen Mann ist ein Gef\u00fchl absoluter Euphorie und eine Ladung kreativer Energie f\u00fcr mehrere Tage. Gleichzeitig bereitet das M\u00e4dchen nicht nur mit ihren Handlungen Freude, sondern auch mit den perfekten Formen ihres K\u00f6rpers. Es ist die Kombination aus \u00e4sthetischem und k\u00f6rperlichem Vergn\u00fcgen, die unsere M\u00e4nnermassage unvergesslich macht.<\/p>\n\n\n\n<p>M\u00f6chten Sie in den Abgrund der Lust eintauchen? Melden Sie sich f\u00fcr eine erotische Massage f\u00fcr M\u00e4nner in Prag bei unserer Sch\u00f6nheit an. Wir garantieren, dass Sie sich noch lange an diese Stunde der Lust erinnern werden.<\/p>\n\n\n\n<h2 class=\"wp-block-heading has-text-align-center\">Erotische Massage von Silvia<\/h2>\n\n\n\n<p>Um erotische Massagedienste von Silvia zu buchen, rufen Sie bitte an&nbsp; <a href=\"tel:  420 720 175 506\">+420 720 175 506<\/a>&nbsp;jetzt gleich! Sie wartet schon auf ein Treffen, und zwar mit Dir! &nbsp;<\/p>\n\n\n\n<figure class=\"wp-block-gallery has-nested-images columns-default is-cropped wp-block-gallery-2 is-layout-flex wp-block-gallery-is-layout-flex\">\n<figure class=\"wp-block-image size-large\"><img decoding=\"async\" width=\"680\" height=\"1024\" data-id=\"1395\" src=\"http:\/\/prague-fenix.cz\/wp-content\/uploads\/2024\/08\/Silvia-3-680x1024.jpg\" alt=\"\" class=\"wp-image-1395\" srcset=\"https:\/\/old.prague-fenix.cz\/wp-content\/uploads\/2024\/08\/Silvia-3-680x1024.jpg 680w, https:\/\/old.prague-fenix.cz\/wp-content\/uploads\/2024\/08\/Silvia-3-199x300.jpg 199w, https:\/\/old.prague-fenix.cz\/wp-content\/uploads\/2024\/08\/Silvia-3-768x1157.jpg 768w, https:\/\/old.prague-fenix.cz\/wp-content\/uploads\/2024\/08\/Silvia-3-1020x1536.jpg 1020w, https:\/\/old.prague-fenix.cz\/wp-content\/uploads\/2024\/08\/Silvia-3-8x12.jpg 8w, https:\/\/old.prague-fenix.cz\/wp-content\/uploads\/2024\/08\/Silvia-3.jpg 1063w\" sizes=\"(max-width: 680px) 100vw, 680px\" \/><\/figure>\n\n\n\n<figure class=\"wp-block-image size-large\"><img decoding=\"async\" width=\"680\" height=\"1024\" data-id=\"1393\" src=\"http:\/\/prague-fenix.cz\/wp-content\/uploads\/2024\/08\/Silvia-2-680x1024.jpg\" alt=\"\" class=\"wp-image-1393\" srcset=\"https:\/\/old.prague-fenix.cz\/wp-content\/uploads\/2024\/08\/Silvia-2-680x1024.jpg 680w, https:\/\/old.prague-fenix.cz\/wp-content\/uploads\/2024\/08\/Silvia-2-199x300.jpg 199w, https:\/\/old.prague-fenix.cz\/wp-content\/uploads\/2024\/08\/Silvia-2-768x1157.jpg 768w, https:\/\/old.prague-fenix.cz\/wp-content\/uploads\/2024\/08\/Silvia-2-1020x1536.jpg 1020w, https:\/\/old.prague-fenix.cz\/wp-content\/uploads\/2024\/08\/Silvia-2-8x12.jpg 8w, https:\/\/old.prague-fenix.cz\/wp-content\/uploads\/2024\/08\/Silvia-2.jpg 1063w\" sizes=\"(max-width: 680px) 100vw, 680px\" \/><\/figure>\n\n\n\n<figure class=\"wp-block-image size-large\"><img loading=\"lazy\" decoding=\"async\" width=\"680\" height=\"1024\" data-id=\"1392\" src=\"http:\/\/prague-fenix.cz\/wp-content\/uploads\/2024\/08\/Silvia-680x1024.jpg\" alt=\"\" class=\"wp-image-1392\" srcset=\"https:\/\/old.prague-fenix.cz\/wp-content\/uploads\/2024\/08\/Silvia-680x1024.jpg 680w, https:\/\/old.prague-fenix.cz\/wp-content\/uploads\/2024\/08\/Silvia-199x300.jpg 199w, https:\/\/old.prague-fenix.cz\/wp-content\/uploads\/2024\/08\/Silvia-768x1157.jpg 768w, https:\/\/old.prague-fenix.cz\/wp-content\/uploads\/2024\/08\/Silvia-1020x1536.jpg 1020w, https:\/\/old.prague-fenix.cz\/wp-content\/uploads\/2024\/08\/Silvia-8x12.jpg 8w, https:\/\/old.prague-fenix.cz\/wp-content\/uploads\/2024\/08\/Silvia.jpg 1063w\" sizes=\"(max-width: 680px) 100vw, 680px\" \/><\/figure>\n<\/figure>","protected":false},"excerpt":{"rendered":"<p>Alter: 24Gewicht: 52 kgGr\u00f6\u00dfe: 165 cmHaarfarbe: blondBrustgr\u00f6\u00dfe: \u0412 (2) \u00dcber Silvia Erotische Massage f\u00fcr M\u00e4nner ist eine echte Kunst. Es zu meistern ist nicht so einfach. Um echte <a class=\"more-link\" href=\"https:\/\/old.prague-fenix.cz\/de\/silvia\/\">Weiterlesen \u2192<\/a><\/p>","protected":false},"author":3,"featured_media":1443,"parent":0,"menu_order":0,"comment_status":"closed","ping_status":"closed","template":"","meta":{"footnotes":""},"class_list":["post-1363","page","type-page","status-publish","has-post-thumbnail","hentry"],"yoast_head":"<!-- This site is optimized with the Yoast SEO plugin v25.0 - https:\/\/yoast.com\/wordpress\/plugins\/seo\/ -->\n<title>Erotic massage by Silvia - Salon Prague Fenix<\/title>\n<meta name=\"description\" content=\"Masseuse Silvia at the erotic massage salon Prague Fenix. Learn more about Silvia and the services she offers. Book a massage with Silvia\" \/>\n<meta name=\"robots\" content=\"noindex, follow, max-snippet:-1, max-image-preview:large, max-video-preview:-1\" \/>\n<meta property=\"og:locale\" content=\"de_DE\" \/>\n<meta property=\"og:type\" content=\"article\" \/>\n<meta property=\"og:title\" content=\"Erotic massage by Silvia - Salon Prague Fenix\" \/>\n<meta property=\"og:description\" content=\"Masseuse Silvia at the erotic massage salon Prague Fenix. Learn more about Silvia and the services she offers. Book a massage with Silvia\" \/>\n<meta property=\"og:url\" content=\"https:\/\/old.prague-fenix.cz\/de\/silvia\/\" \/>\n<meta property=\"og:site_name\" content=\"Erotic massage salon Prague Fenix\" \/>\n<meta property=\"article:modified_time\" content=\"2024-08-21T19:11:37+00:00\" \/>\n<meta property=\"og:image\" content=\"https:\/\/old.prague-fenix.cz\/wp-content\/uploads\/2024\/08\/sevilja.png\" \/>\n\t<meta property=\"og:image:width\" content=\"900\" \/>\n\t<meta property=\"og:image:height\" content=\"720\" \/>\n\t<meta property=\"og:image:type\" content=\"image\/png\" \/>\n<meta name=\"twitter:card\" content=\"summary_large_image\" \/>\n<meta name=\"twitter:label1\" content=\"Gesch\u00e4tzte Lesezeit\" \/>\n\t<meta name=\"twitter:data1\" content=\"3\u00a0Minuten\" \/>\n<script type=\"application\/ld+json\" class=\"yoast-schema-graph\">{\"@context\":\"https:\/\/schema.org\",\"@graph\":[{\"@type\":\"WebPage\",\"@id\":\"https:\/\/old.prague-fenix.cz\/silvia\/\",\"url\":\"https:\/\/old.prague-fenix.cz\/silvia\/\",\"name\":\"Erotic massage by Silvia - Salon Prague Fenix\",\"isPartOf\":{\"@id\":\"https:\/\/old.prague-fenix.cz\/#website\"},\"primaryImageOfPage\":{\"@id\":\"https:\/\/old.prague-fenix.cz\/silvia\/#primaryimage\"},\"image\":{\"@id\":\"https:\/\/old.prague-fenix.cz\/silvia\/#primaryimage\"},\"thumbnailUrl\":\"https:\/\/old.prague-fenix.cz\/wp-content\/uploads\/2024\/08\/sevilja.png\",\"datePublished\":\"2024-08-18T17:37:05+00:00\",\"dateModified\":\"2024-08-21T19:11:37+00:00\",\"description\":\"Masseuse Silvia at the erotic massage salon Prague Fenix. Learn more about Silvia and the services she offers. Book a massage with Silvia\",\"breadcrumb\":{\"@id\":\"https:\/\/old.prague-fenix.cz\/silvia\/#breadcrumb\"},\"inLanguage\":\"de\",\"potentialAction\":[{\"@type\":\"ReadAction\",\"target\":[\"https:\/\/old.prague-fenix.cz\/silvia\/\"]}]},{\"@type\":\"ImageObject\",\"inLanguage\":\"de\",\"@id\":\"https:\/\/old.prague-fenix.cz\/silvia\/#primaryimage\",\"url\":\"https:\/\/old.prague-fenix.cz\/wp-content\/uploads\/2024\/08\/sevilja.png\",\"contentUrl\":\"https:\/\/old.prague-fenix.cz\/wp-content\/uploads\/2024\/08\/sevilja.png\",\"width\":900,\"height\":720,\"caption\":\"sevilja\"},{\"@type\":\"BreadcrumbList\",\"@id\":\"https:\/\/old.prague-fenix.cz\/silvia\/#breadcrumb\",\"itemListElement\":[{\"@type\":\"ListItem\",\"position\":1,\"name\":\"Dom\u016f\",\"item\":\"https:\/\/old.prague-fenix.cz\/\"},{\"@type\":\"ListItem\",\"position\":2,\"name\":\"Silvia\"}]},{\"@type\":\"WebSite\",\"@id\":\"https:\/\/old.prague-fenix.cz\/#website\",\"url\":\"https:\/\/old.prague-fenix.cz\/\",\"name\":\"Erotick\u00fd mas\u00e1\u017en\u00ed sal\u00f3n Prague F\u00e9nix\",\"description\":\"Massage salon and erotic massages, body to body, tantra, mix, nuru and lingam massage, lesbian show, BDSM massage.\",\"publisher\":{\"@id\":\"https:\/\/old.prague-fenix.cz\/#\/schema\/person\/2ba77174c6f44cc2bc3d0f5e8ba640d6\"},\"potentialAction\":[{\"@type\":\"SearchAction\",\"target\":{\"@type\":\"EntryPoint\",\"urlTemplate\":\"https:\/\/old.prague-fenix.cz\/?s={search_term_string}\"},\"query-input\":{\"@type\":\"PropertyValueSpecification\",\"valueRequired\":true,\"valueName\":\"search_term_string\"}}],\"inLanguage\":\"de\"},{\"@type\":[\"Person\",\"Organization\"],\"@id\":\"https:\/\/old.prague-fenix.cz\/#\/schema\/person\/2ba77174c6f44cc2bc3d0f5e8ba640d6\",\"name\":\"Prague Fenix\",\"image\":{\"@type\":\"ImageObject\",\"inLanguage\":\"de\",\"@id\":\"https:\/\/old.prague-fenix.cz\/#\/schema\/person\/image\/\",\"url\":\"https:\/\/prague-fenix.cz\/wp-content\/uploads\/2023\/05\/prague-fenix.cz-logo-e1684684035397.png\",\"contentUrl\":\"https:\/\/prague-fenix.cz\/wp-content\/uploads\/2023\/05\/prague-fenix.cz-logo-e1684684035397.png\",\"width\":675,\"height\":675,\"caption\":\"Prague Fenix\"},\"logo\":{\"@id\":\"https:\/\/old.prague-fenix.cz\/#\/schema\/person\/image\/\"},\"sameAs\":[\"http:\/\/www.prague-fenix.cz\"]}]}<\/script>\n<!-- \/ Yoast SEO plugin. -->","yoast_head_json":{"title":"Erotic massage by Silvia - Salon Prague Fenix","description":"Masseuse Silvia at the erotic massage salon Prague Fenix. Learn more about Silvia and the services she offers. Book a massage with Silvia","robots":{"index":"noindex","follow":"follow","max-snippet":"max-snippet:-1","max-image-preview":"max-image-preview:large","max-video-preview":"max-video-preview:-1"},"og_locale":"de_DE","og_type":"article","og_title":"Erotic massage by Silvia - Salon Prague Fenix","og_description":"Masseuse Silvia at the erotic massage salon Prague Fenix. Learn more about Silvia and the services she offers. Book a massage with Silvia","og_url":"https:\/\/old.prague-fenix.cz\/de\/silvia\/","og_site_name":"Erotic massage salon Prague Fenix","article_modified_time":"2024-08-21T19:11:37+00:00","og_image":[{"width":900,"height":720,"url":"https:\/\/old.prague-fenix.cz\/wp-content\/uploads\/2024\/08\/sevilja.png","type":"image\/png"}],"twitter_card":"summary_large_image","twitter_misc":{"Gesch\u00e4tzte Lesezeit":"3\u00a0Minuten"},"schema":{"@context":"https:\/\/schema.org","@graph":[{"@type":"WebPage","@id":"https:\/\/old.prague-fenix.cz\/silvia\/","url":"https:\/\/old.prague-fenix.cz\/silvia\/","name":"Erotic massage by Silvia - Salon Prague Fenix","isPartOf":{"@id":"https:\/\/old.prague-fenix.cz\/#website"},"primaryImageOfPage":{"@id":"https:\/\/old.prague-fenix.cz\/silvia\/#primaryimage"},"image":{"@id":"https:\/\/old.prague-fenix.cz\/silvia\/#primaryimage"},"thumbnailUrl":"https:\/\/old.prague-fenix.cz\/wp-content\/uploads\/2024\/08\/sevilja.png","datePublished":"2024-08-18T17:37:05+00:00","dateModified":"2024-08-21T19:11:37+00:00","description":"Masseuse Silvia at the erotic massage salon Prague Fenix. Learn more about Silvia and the services she offers. Book a massage with Silvia","breadcrumb":{"@id":"https:\/\/old.prague-fenix.cz\/silvia\/#breadcrumb"},"inLanguage":"de","potentialAction":[{"@type":"ReadAction","target":["https:\/\/old.prague-fenix.cz\/silvia\/"]}]},{"@type":"ImageObject","inLanguage":"de","@id":"https:\/\/old.prague-fenix.cz\/silvia\/#primaryimage","url":"https:\/\/old.prague-fenix.cz\/wp-content\/uploads\/2024\/08\/sevilja.png","contentUrl":"https:\/\/old.prague-fenix.cz\/wp-content\/uploads\/2024\/08\/sevilja.png","width":900,"height":720,"caption":"sevilja"},{"@type":"BreadcrumbList","@id":"https:\/\/old.prague-fenix.cz\/silvia\/#breadcrumb","itemListElement":[{"@type":"ListItem","position":1,"name":"Dom\u016f","item":"https:\/\/old.prague-fenix.cz\/"},{"@type":"ListItem","position":2,"name":"Silvia"}]},{"@type":"WebSite","@id":"https:\/\/old.prague-fenix.cz\/#website","url":"https:\/\/old.prague-fenix.cz\/","name":"Erotick\u00fd mas\u00e1\u017en\u00ed sal\u00f3n Prague F\u00e9nix","description":"Massage salon and erotic massages, body to body, tantra, mix, nuru and lingam massage, lesbian show, BDSM massage.","publisher":{"@id":"https:\/\/old.prague-fenix.cz\/#\/schema\/person\/2ba77174c6f44cc2bc3d0f5e8ba640d6"},"potentialAction":[{"@type":"SearchAction","target":{"@type":"EntryPoint","urlTemplate":"https:\/\/old.prague-fenix.cz\/?s={search_term_string}"},"query-input":{"@type":"PropertyValueSpecification","valueRequired":true,"valueName":"search_term_string"}}],"inLanguage":"de"},{"@type":["Person","Organization"],"@id":"https:\/\/old.prague-fenix.cz\/#\/schema\/person\/2ba77174c6f44cc2bc3d0f5e8ba640d6","name":"Prague Fenix","image":{"@type":"ImageObject","inLanguage":"de","@id":"https:\/\/old.prague-fenix.cz\/#\/schema\/person\/image\/","url":"https:\/\/prague-fenix.cz\/wp-content\/uploads\/2023\/05\/prague-fenix.cz-logo-e1684684035397.png","contentUrl":"https:\/\/prague-fenix.cz\/wp-content\/uploads\/2023\/05\/prague-fenix.cz-logo-e1684684035397.png","width":675,"height":675,"caption":"Prague Fenix"},"logo":{"@id":"https:\/\/old.prague-fenix.cz\/#\/schema\/person\/image\/"},"sameAs":["http:\/\/www.prague-fenix.cz"]}]}},"_links":{"self":[{"href":"https:\/\/old.prague-fenix.cz\/de\/wp-json\/wp\/v2\/pages\/1363","targetHints":{"allow":["GET"]}}],"collection":[{"href":"https:\/\/old.prague-fenix.cz\/de\/wp-json\/wp\/v2\/pages"}],"about":[{"href":"https:\/\/old.prague-fenix.cz\/de\/wp-json\/wp\/v2\/types\/page"}],"author":[{"embeddable":true,"href":"https:\/\/old.prague-fenix.cz\/de\/wp-json\/wp\/v2\/users\/3"}],"replies":[{"embeddable":true,"href":"https:\/\/old.prague-fenix.cz\/de\/wp-json\/wp\/v2\/comments?post=1363"}],"version-history":[{"count":0,"href":"https:\/\/old.prague-fenix.cz\/de\/wp-json\/wp\/v2\/pages\/1363\/revisions"}],"wp:featuredmedia":[{"embeddable":true,"href":"https:\/\/old.prague-fenix.cz\/de\/wp-json\/wp\/v2\/media\/1443"}],"wp:attachment":[{"href":"https:\/\/old.prague-fenix.cz\/de\/wp-json\/wp\/v2\/media?parent=1363"}],"curies":[{"name":"wp","href":"https:\/\/api.w.org\/{rel}","templated":true}]}}