{"id":1361,"date":"2024-08-18T18:36:39","date_gmt":"2024-08-18T17:36:39","guid":{"rendered":"https:\/\/prague-fenix.cz\/?page_id=1361"},"modified":"2024-08-21T20:11:28","modified_gmt":"2024-08-21T19:11:28","slug":"nikol","status":"publish","type":"page","link":"https:\/\/old.prague-fenix.cz\/de\/nikol\/","title":{"rendered":"Nikol"},"content":{"rendered":"<p><strong>Alter<\/strong>: 21<br><strong>Gewicht<\/strong>: 54 kg<br><strong>H\u00f6he<\/strong>: 168 cm<br><strong>Haarfarbe<\/strong>: br\u00fcnett<br><strong>Brustgr\u00f6\u00dfe<\/strong>: B (2)<\/p>\n\n\n\n<figure class=\"wp-block-gallery has-nested-images columns-default is-cropped wp-block-gallery-1 is-layout-flex wp-block-gallery-is-layout-flex\">\n<figure class=\"wp-block-image size-full\"><img fetchpriority=\"high\" decoding=\"async\" width=\"900\" height=\"720\" data-id=\"1442\" src=\"http:\/\/prague-fenix.cz\/wp-content\/uploads\/2024\/08\/nikol.png\" alt=\"\" class=\"wp-image-1442\" srcset=\"https:\/\/old.prague-fenix.cz\/wp-content\/uploads\/2024\/08\/nikol.png 900w, https:\/\/old.prague-fenix.cz\/wp-content\/uploads\/2024\/08\/nikol-300x240.png 300w, https:\/\/old.prague-fenix.cz\/wp-content\/uploads\/2024\/08\/nikol-768x614.png 768w, https:\/\/old.prague-fenix.cz\/wp-content\/uploads\/2024\/08\/nikol-15x12.png 15w\" sizes=\"(max-width: 900px) 100vw, 900px\" \/><\/figure>\n<\/figure>\n\n\n\n<h2 class=\"wp-block-heading has-text-align-center\">\u00dcber Nikol<\/h2>\n\n\n\n<p>M\u00f6chten Sie diesen Tag zu etwas Besonderem machen? Ich lade Sie ein, das Phoenix Studio zu besuchen. Ich bin Nicole und ich garantiere Ihnen, dass Sie Ihre Massage bei mir genie\u00dfen werden. Ich habe sanfte und geschickte H\u00e4nde und meisterhafte F\u00e4higkeiten. Entspannungsmassage ist eine Kunst. Ich freue mich, Sie kennenzulernen!<\/p>\n\n\n\n<h2 class=\"wp-block-heading has-text-align-center\">Erotische Massage von Nikol<\/h2>\n\n\n\n<p>Um erotische Massagedienste von Nikol zu buchen, rufen Sie bitte an&nbsp; <a href=\"tel:  420 720 175 506\">+420 720 175 506<\/a>&nbsp;jetzt gleich! Sie wartet schon auf ein Treffen, und zwar mit Dir! &nbsp;<\/p>\n\n\n\n<figure class=\"wp-block-gallery has-nested-images columns-default is-cropped wp-block-gallery-2 is-layout-flex wp-block-gallery-is-layout-flex\">\n<figure class=\"wp-block-image size-large\"><img decoding=\"async\" width=\"682\" height=\"1024\" data-id=\"1389\" src=\"http:\/\/prague-fenix.cz\/wp-content\/uploads\/2024\/08\/Nikol-2-682x1024.jpg\" alt=\"\" class=\"wp-image-1389\" srcset=\"https:\/\/old.prague-fenix.cz\/wp-content\/uploads\/2024\/08\/Nikol-2-682x1024.jpg 682w, https:\/\/old.prague-fenix.cz\/wp-content\/uploads\/2024\/08\/Nikol-2-200x300.jpg 200w, https:\/\/old.prague-fenix.cz\/wp-content\/uploads\/2024\/08\/Nikol-2-768x1153.jpg 768w, https:\/\/old.prague-fenix.cz\/wp-content\/uploads\/2024\/08\/Nikol-2-1023x1536.jpg 1023w, https:\/\/old.prague-fenix.cz\/wp-content\/uploads\/2024\/08\/Nikol-2-8x12.jpg 8w, https:\/\/old.prague-fenix.cz\/wp-content\/uploads\/2024\/08\/Nikol-2.jpg 1066w\" sizes=\"(max-width: 682px) 100vw, 682px\" \/><\/figure>\n\n\n\n<figure class=\"wp-block-image size-large\"><img decoding=\"async\" width=\"682\" height=\"1024\" data-id=\"1390\" src=\"http:\/\/prague-fenix.cz\/wp-content\/uploads\/2024\/08\/Nikol-3-682x1024.jpg\" alt=\"\" class=\"wp-image-1390\" srcset=\"https:\/\/old.prague-fenix.cz\/wp-content\/uploads\/2024\/08\/Nikol-3-682x1024.jpg 682w, https:\/\/old.prague-fenix.cz\/wp-content\/uploads\/2024\/08\/Nikol-3-200x300.jpg 200w, https:\/\/old.prague-fenix.cz\/wp-content\/uploads\/2024\/08\/Nikol-3-768x1153.jpg 768w, https:\/\/old.prague-fenix.cz\/wp-content\/uploads\/2024\/08\/Nikol-3-1023x1536.jpg 1023w, https:\/\/old.prague-fenix.cz\/wp-content\/uploads\/2024\/08\/Nikol-3-8x12.jpg 8w, https:\/\/old.prague-fenix.cz\/wp-content\/uploads\/2024\/08\/Nikol-3.jpg 1066w\" sizes=\"(max-width: 682px) 100vw, 682px\" \/><\/figure>\n\n\n\n<figure class=\"wp-block-image size-large\"><img loading=\"lazy\" decoding=\"async\" width=\"682\" height=\"1024\" data-id=\"1388\" src=\"http:\/\/prague-fenix.cz\/wp-content\/uploads\/2024\/08\/Nikol-682x1024.jpg\" alt=\"\" class=\"wp-image-1388\" srcset=\"https:\/\/old.prague-fenix.cz\/wp-content\/uploads\/2024\/08\/Nikol-682x1024.jpg 682w, https:\/\/old.prague-fenix.cz\/wp-content\/uploads\/2024\/08\/Nikol-200x300.jpg 200w, https:\/\/old.prague-fenix.cz\/wp-content\/uploads\/2024\/08\/Nikol-768x1153.jpg 768w, https:\/\/old.prague-fenix.cz\/wp-content\/uploads\/2024\/08\/Nikol-1023x1536.jpg 1023w, https:\/\/old.prague-fenix.cz\/wp-content\/uploads\/2024\/08\/Nikol-8x12.jpg 8w, https:\/\/old.prague-fenix.cz\/wp-content\/uploads\/2024\/08\/Nikol.jpg 1066w\" sizes=\"(max-width: 682px) 100vw, 682px\" \/><\/figure>\n<\/figure>","protected":false},"excerpt":{"rendered":"<p>Alter: 21Gewicht: 54 kgGr\u00f6\u00dfe: 168 cmHaarfarbe: br\u00fcnettBrustgr\u00f6\u00dfe: \u0412 (2) \u00dcber Nikol M\u00f6chten Sie diesen Tag zu etwas Besonderem machen? Ich lade Sie ein, das Phoenix Studio zu besuchen. Ich bin Nicole und <a class=\"more-link\" href=\"https:\/\/old.prague-fenix.cz\/de\/nikol\/\">Weiterlesen \u2192<\/a><\/p>","protected":false},"author":3,"featured_media":1442,"parent":0,"menu_order":0,"comment_status":"closed","ping_status":"closed","template":"","meta":{"footnotes":""},"class_list":["post-1361","page","type-page","status-publish","has-post-thumbnail","hentry"],"yoast_head":"<!-- This site is optimized with the Yoast SEO plugin v25.0 - https:\/\/yoast.com\/wordpress\/plugins\/seo\/ -->\n<title>Erotic massage by Nikol - Salon Prague Fenix<\/title>\n<meta name=\"description\" content=\"Masseuse Nikol at the erotic massage salon Prague Fenix. Learn more about Nikol and the services she offers. Book a massage with Nikol\" \/>\n<meta name=\"robots\" content=\"noindex, follow, max-snippet:-1, max-image-preview:large, max-video-preview:-1\" \/>\n<meta property=\"og:locale\" content=\"de_DE\" \/>\n<meta property=\"og:type\" content=\"article\" \/>\n<meta property=\"og:title\" content=\"Erotic massage by Nikol - Salon Prague Fenix\" \/>\n<meta property=\"og:description\" content=\"Masseuse Nikol at the erotic massage salon Prague Fenix. Learn more about Nikol and the services she offers. Book a massage with Nikol\" \/>\n<meta property=\"og:url\" content=\"https:\/\/old.prague-fenix.cz\/de\/nikol\/\" \/>\n<meta property=\"og:site_name\" content=\"Erotic massage salon Prague Fenix\" \/>\n<meta property=\"article:modified_time\" content=\"2024-08-21T19:11:28+00:00\" \/>\n<meta property=\"og:image\" content=\"https:\/\/old.prague-fenix.cz\/wp-content\/uploads\/2024\/08\/nikol.png\" \/>\n\t<meta property=\"og:image:width\" content=\"900\" \/>\n\t<meta property=\"og:image:height\" content=\"720\" \/>\n\t<meta property=\"og:image:type\" content=\"image\/png\" \/>\n<meta name=\"twitter:card\" content=\"summary_large_image\" \/>\n<meta name=\"twitter:label1\" content=\"Gesch\u00e4tzte Lesezeit\" \/>\n\t<meta name=\"twitter:data1\" content=\"2\u00a0Minuten\" \/>\n<script type=\"application\/ld+json\" class=\"yoast-schema-graph\">{\"@context\":\"https:\/\/schema.org\",\"@graph\":[{\"@type\":\"WebPage\",\"@id\":\"https:\/\/old.prague-fenix.cz\/nikol\/\",\"url\":\"https:\/\/old.prague-fenix.cz\/nikol\/\",\"name\":\"Erotic massage by Nikol - Salon Prague Fenix\",\"isPartOf\":{\"@id\":\"https:\/\/old.prague-fenix.cz\/#website\"},\"primaryImageOfPage\":{\"@id\":\"https:\/\/old.prague-fenix.cz\/nikol\/#primaryimage\"},\"image\":{\"@id\":\"https:\/\/old.prague-fenix.cz\/nikol\/#primaryimage\"},\"thumbnailUrl\":\"https:\/\/old.prague-fenix.cz\/wp-content\/uploads\/2024\/08\/nikol.png\",\"datePublished\":\"2024-08-18T17:36:39+00:00\",\"dateModified\":\"2024-08-21T19:11:28+00:00\",\"description\":\"Masseuse Nikol at the erotic massage salon Prague Fenix. Learn more about Nikol and the services she offers. Book a massage with Nikol\",\"breadcrumb\":{\"@id\":\"https:\/\/old.prague-fenix.cz\/nikol\/#breadcrumb\"},\"inLanguage\":\"de\",\"potentialAction\":[{\"@type\":\"ReadAction\",\"target\":[\"https:\/\/old.prague-fenix.cz\/nikol\/\"]}]},{\"@type\":\"ImageObject\",\"inLanguage\":\"de\",\"@id\":\"https:\/\/old.prague-fenix.cz\/nikol\/#primaryimage\",\"url\":\"https:\/\/old.prague-fenix.cz\/wp-content\/uploads\/2024\/08\/nikol.png\",\"contentUrl\":\"https:\/\/old.prague-fenix.cz\/wp-content\/uploads\/2024\/08\/nikol.png\",\"width\":900,\"height\":720},{\"@type\":\"BreadcrumbList\",\"@id\":\"https:\/\/old.prague-fenix.cz\/nikol\/#breadcrumb\",\"itemListElement\":[{\"@type\":\"ListItem\",\"position\":1,\"name\":\"Dom\u016f\",\"item\":\"https:\/\/old.prague-fenix.cz\/\"},{\"@type\":\"ListItem\",\"position\":2,\"name\":\"Nikol\"}]},{\"@type\":\"WebSite\",\"@id\":\"https:\/\/old.prague-fenix.cz\/#website\",\"url\":\"https:\/\/old.prague-fenix.cz\/\",\"name\":\"Erotick\u00fd mas\u00e1\u017en\u00ed sal\u00f3n Prague F\u00e9nix\",\"description\":\"Massage salon and erotic massages, body to body, tantra, mix, nuru and lingam massage, lesbian show, BDSM massage.\",\"publisher\":{\"@id\":\"https:\/\/old.prague-fenix.cz\/#\/schema\/person\/2ba77174c6f44cc2bc3d0f5e8ba640d6\"},\"potentialAction\":[{\"@type\":\"SearchAction\",\"target\":{\"@type\":\"EntryPoint\",\"urlTemplate\":\"https:\/\/old.prague-fenix.cz\/?s={search_term_string}\"},\"query-input\":{\"@type\":\"PropertyValueSpecification\",\"valueRequired\":true,\"valueName\":\"search_term_string\"}}],\"inLanguage\":\"de\"},{\"@type\":[\"Person\",\"Organization\"],\"@id\":\"https:\/\/old.prague-fenix.cz\/#\/schema\/person\/2ba77174c6f44cc2bc3d0f5e8ba640d6\",\"name\":\"Prague Fenix\",\"image\":{\"@type\":\"ImageObject\",\"inLanguage\":\"de\",\"@id\":\"https:\/\/old.prague-fenix.cz\/#\/schema\/person\/image\/\",\"url\":\"https:\/\/prague-fenix.cz\/wp-content\/uploads\/2023\/05\/prague-fenix.cz-logo-e1684684035397.png\",\"contentUrl\":\"https:\/\/prague-fenix.cz\/wp-content\/uploads\/2023\/05\/prague-fenix.cz-logo-e1684684035397.png\",\"width\":675,\"height\":675,\"caption\":\"Prague Fenix\"},\"logo\":{\"@id\":\"https:\/\/old.prague-fenix.cz\/#\/schema\/person\/image\/\"},\"sameAs\":[\"http:\/\/www.prague-fenix.cz\"]}]}<\/script>\n<!-- \/ Yoast SEO plugin. -->","yoast_head_json":{"title":"Erotic massage by Nikol - Salon Prague Fenix","description":"Masseuse Nikol at the erotic massage salon Prague Fenix. Learn more about Nikol and the services she offers. Book a massage with Nikol","robots":{"index":"noindex","follow":"follow","max-snippet":"max-snippet:-1","max-image-preview":"max-image-preview:large","max-video-preview":"max-video-preview:-1"},"og_locale":"de_DE","og_type":"article","og_title":"Erotic massage by Nikol - Salon Prague Fenix","og_description":"Masseuse Nikol at the erotic massage salon Prague Fenix. Learn more about Nikol and the services she offers. Book a massage with Nikol","og_url":"https:\/\/old.prague-fenix.cz\/de\/nikol\/","og_site_name":"Erotic massage salon Prague Fenix","article_modified_time":"2024-08-21T19:11:28+00:00","og_image":[{"width":900,"height":720,"url":"https:\/\/old.prague-fenix.cz\/wp-content\/uploads\/2024\/08\/nikol.png","type":"image\/png"}],"twitter_card":"summary_large_image","twitter_misc":{"Gesch\u00e4tzte Lesezeit":"2\u00a0Minuten"},"schema":{"@context":"https:\/\/schema.org","@graph":[{"@type":"WebPage","@id":"https:\/\/old.prague-fenix.cz\/nikol\/","url":"https:\/\/old.prague-fenix.cz\/nikol\/","name":"Erotic massage by Nikol - Salon Prague Fenix","isPartOf":{"@id":"https:\/\/old.prague-fenix.cz\/#website"},"primaryImageOfPage":{"@id":"https:\/\/old.prague-fenix.cz\/nikol\/#primaryimage"},"image":{"@id":"https:\/\/old.prague-fenix.cz\/nikol\/#primaryimage"},"thumbnailUrl":"https:\/\/old.prague-fenix.cz\/wp-content\/uploads\/2024\/08\/nikol.png","datePublished":"2024-08-18T17:36:39+00:00","dateModified":"2024-08-21T19:11:28+00:00","description":"Masseuse Nikol at the erotic massage salon Prague Fenix. Learn more about Nikol and the services she offers. Book a massage with Nikol","breadcrumb":{"@id":"https:\/\/old.prague-fenix.cz\/nikol\/#breadcrumb"},"inLanguage":"de","potentialAction":[{"@type":"ReadAction","target":["https:\/\/old.prague-fenix.cz\/nikol\/"]}]},{"@type":"ImageObject","inLanguage":"de","@id":"https:\/\/old.prague-fenix.cz\/nikol\/#primaryimage","url":"https:\/\/old.prague-fenix.cz\/wp-content\/uploads\/2024\/08\/nikol.png","contentUrl":"https:\/\/old.prague-fenix.cz\/wp-content\/uploads\/2024\/08\/nikol.png","width":900,"height":720},{"@type":"BreadcrumbList","@id":"https:\/\/old.prague-fenix.cz\/nikol\/#breadcrumb","itemListElement":[{"@type":"ListItem","position":1,"name":"Dom\u016f","item":"https:\/\/old.prague-fenix.cz\/"},{"@type":"ListItem","position":2,"name":"Nikol"}]},{"@type":"WebSite","@id":"https:\/\/old.prague-fenix.cz\/#website","url":"https:\/\/old.prague-fenix.cz\/","name":"Erotick\u00fd mas\u00e1\u017en\u00ed sal\u00f3n Prague F\u00e9nix","description":"Massage salon and erotic massages, body to body, tantra, mix, nuru and lingam massage, lesbian show, BDSM massage.","publisher":{"@id":"https:\/\/old.prague-fenix.cz\/#\/schema\/person\/2ba77174c6f44cc2bc3d0f5e8ba640d6"},"potentialAction":[{"@type":"SearchAction","target":{"@type":"EntryPoint","urlTemplate":"https:\/\/old.prague-fenix.cz\/?s={search_term_string}"},"query-input":{"@type":"PropertyValueSpecification","valueRequired":true,"valueName":"search_term_string"}}],"inLanguage":"de"},{"@type":["Person","Organization"],"@id":"https:\/\/old.prague-fenix.cz\/#\/schema\/person\/2ba77174c6f44cc2bc3d0f5e8ba640d6","name":"Prague Fenix","image":{"@type":"ImageObject","inLanguage":"de","@id":"https:\/\/old.prague-fenix.cz\/#\/schema\/person\/image\/","url":"https:\/\/prague-fenix.cz\/wp-content\/uploads\/2023\/05\/prague-fenix.cz-logo-e1684684035397.png","contentUrl":"https:\/\/prague-fenix.cz\/wp-content\/uploads\/2023\/05\/prague-fenix.cz-logo-e1684684035397.png","width":675,"height":675,"caption":"Prague Fenix"},"logo":{"@id":"https:\/\/old.prague-fenix.cz\/#\/schema\/person\/image\/"},"sameAs":["http:\/\/www.prague-fenix.cz"]}]}},"_links":{"self":[{"href":"https:\/\/old.prague-fenix.cz\/de\/wp-json\/wp\/v2\/pages\/1361","targetHints":{"allow":["GET"]}}],"collection":[{"href":"https:\/\/old.prague-fenix.cz\/de\/wp-json\/wp\/v2\/pages"}],"about":[{"href":"https:\/\/old.prague-fenix.cz\/de\/wp-json\/wp\/v2\/types\/page"}],"author":[{"embeddable":true,"href":"https:\/\/old.prague-fenix.cz\/de\/wp-json\/wp\/v2\/users\/3"}],"replies":[{"embeddable":true,"href":"https:\/\/old.prague-fenix.cz\/de\/wp-json\/wp\/v2\/comments?post=1361"}],"version-history":[{"count":0,"href":"https:\/\/old.prague-fenix.cz\/de\/wp-json\/wp\/v2\/pages\/1361\/revisions"}],"wp:featuredmedia":[{"embeddable":true,"href":"https:\/\/old.prague-fenix.cz\/de\/wp-json\/wp\/v2\/media\/1442"}],"wp:attachment":[{"href":"https:\/\/old.prague-fenix.cz\/de\/wp-json\/wp\/v2\/media?parent=1361"}],"curies":[{"name":"wp","href":"https:\/\/api.w.org\/{rel}","templated":true}]}}