{"id":1359,"date":"2024-08-18T18:36:13","date_gmt":"2024-08-18T17:36:13","guid":{"rendered":"https:\/\/prague-fenix.cz\/?page_id=1359"},"modified":"2025-01-24T22:11:15","modified_gmt":"2025-01-24T21:11:15","slug":"alexa","status":"publish","type":"page","link":"https:\/\/old.prague-fenix.cz\/de\/alexa\/","title":{"rendered":"Alexa"},"content":{"rendered":"<p><strong>Alter<\/strong>: 22<br><strong>Gewicht<\/strong>: 55 kg<br><strong>H\u00f6he<\/strong>: 164 cm<br><strong>Haarfarbe<\/strong>: blond<br><strong>Brustgr\u00f6\u00dfe<\/strong>: B (2)<\/p>\n\n\n\n<figure class=\"wp-block-gallery has-nested-images columns-default is-cropped wp-block-gallery-1 is-layout-flex wp-block-gallery-is-layout-flex\">\n<figure class=\"wp-block-image size-large\"><img fetchpriority=\"high\" decoding=\"async\" width=\"1024\" height=\"683\" data-id=\"1662\" src=\"http:\/\/prague-fenix.cz\/wp-content\/uploads\/2025\/01\/Alexa-5-1024x683.jpg\" alt=\"\" class=\"wp-image-1662\" srcset=\"https:\/\/old.prague-fenix.cz\/wp-content\/uploads\/2025\/01\/Alexa-5-1024x683.jpg 1024w, https:\/\/old.prague-fenix.cz\/wp-content\/uploads\/2025\/01\/Alexa-5-300x200.jpg 300w, https:\/\/old.prague-fenix.cz\/wp-content\/uploads\/2025\/01\/Alexa-5-768x512.jpg 768w, https:\/\/old.prague-fenix.cz\/wp-content\/uploads\/2025\/01\/Alexa-5-18x12.jpg 18w, https:\/\/old.prague-fenix.cz\/wp-content\/uploads\/2025\/01\/Alexa-5.jpg 1200w\" sizes=\"(max-width: 1024px) 100vw, 1024px\" \/><\/figure>\n<\/figure>\n\n\n\n<h2 class=\"wp-block-heading has-text-align-center\">\u00dcber Alexa<\/h2>\n\n\n\n<p>Wie w\u00e4re es mit sch\u00f6n, klug und geschickt? Und das ist alles Alex. Sie ist erst 22 Jahre alt und ist bereits eine Meisterin der Massage. Ihre weichen H\u00e4nde wissen genau, wie man eine entspannende Massage gibt und Ihren K\u00f6rper zur Ekstase bringt. Wenn Sie jetzt in Prag sind oder planen, bald nach Prag zu kommen, hei\u00dfe ich Sie willkommen. Sie haben die M\u00f6glichkeit, die beste entspannende Massage auszuprobieren.<\/p>\n\n\n\n<h2 class=\"wp-block-heading has-text-align-center\">Erotische Massage von Alexa<\/h2>\n\n\n\n<p>Um erotische Massagedienste von Alexa zu buchen, rufen Sie bitte telefonisch an&nbsp; <a href=\"tel:  420 720 175 506\">+420 720 175 506<\/a>&nbsp;jetzt gleich! Sie wartet schon auf ein Treffen, und zwar mit Dir! &nbsp;<\/p>\n\n\n\n<figure class=\"wp-block-gallery has-nested-images columns-default is-cropped wp-block-gallery-2 is-layout-flex wp-block-gallery-is-layout-flex\">\n<figure class=\"wp-block-image size-large\"><img decoding=\"async\" width=\"683\" height=\"1024\" data-id=\"1660\" src=\"http:\/\/prague-fenix.cz\/wp-content\/uploads\/2025\/01\/Alexa-3-683x1024.jpg\" alt=\"\" class=\"wp-image-1660\" srcset=\"https:\/\/old.prague-fenix.cz\/wp-content\/uploads\/2025\/01\/Alexa-3-683x1024.jpg 683w, https:\/\/old.prague-fenix.cz\/wp-content\/uploads\/2025\/01\/Alexa-3-200x300.jpg 200w, https:\/\/old.prague-fenix.cz\/wp-content\/uploads\/2025\/01\/Alexa-3-768x1152.jpg 768w, https:\/\/old.prague-fenix.cz\/wp-content\/uploads\/2025\/01\/Alexa-3-1024x1536.jpg 1024w, https:\/\/old.prague-fenix.cz\/wp-content\/uploads\/2025\/01\/Alexa-3-8x12.jpg 8w, https:\/\/old.prague-fenix.cz\/wp-content\/uploads\/2025\/01\/Alexa-3.jpg 1200w\" sizes=\"(max-width: 683px) 100vw, 683px\" \/><\/figure>\n\n\n\n<figure class=\"wp-block-image size-large\"><img decoding=\"async\" width=\"699\" height=\"1024\" data-id=\"1661\" src=\"http:\/\/prague-fenix.cz\/wp-content\/uploads\/2025\/01\/Alexa-4-699x1024.jpg\" alt=\"\" class=\"wp-image-1661\" srcset=\"https:\/\/old.prague-fenix.cz\/wp-content\/uploads\/2025\/01\/Alexa-4-699x1024.jpg 699w, https:\/\/old.prague-fenix.cz\/wp-content\/uploads\/2025\/01\/Alexa-4-205x300.jpg 205w, https:\/\/old.prague-fenix.cz\/wp-content\/uploads\/2025\/01\/Alexa-4-768x1124.jpg 768w, https:\/\/old.prague-fenix.cz\/wp-content\/uploads\/2025\/01\/Alexa-4-1049x1536.jpg 1049w, https:\/\/old.prague-fenix.cz\/wp-content\/uploads\/2025\/01\/Alexa-4-8x12.jpg 8w, https:\/\/old.prague-fenix.cz\/wp-content\/uploads\/2025\/01\/Alexa-4.jpg 1200w\" sizes=\"(max-width: 699px) 100vw, 699px\" \/><\/figure>\n\n\n\n<figure class=\"wp-block-image size-large\"><img loading=\"lazy\" decoding=\"async\" width=\"699\" height=\"1024\" data-id=\"1659\" src=\"http:\/\/prague-fenix.cz\/wp-content\/uploads\/2025\/01\/Alexa-2-699x1024.jpg\" alt=\"\" class=\"wp-image-1659\" srcset=\"https:\/\/old.prague-fenix.cz\/wp-content\/uploads\/2025\/01\/Alexa-2-699x1024.jpg 699w, https:\/\/old.prague-fenix.cz\/wp-content\/uploads\/2025\/01\/Alexa-2-205x300.jpg 205w, https:\/\/old.prague-fenix.cz\/wp-content\/uploads\/2025\/01\/Alexa-2-768x1124.jpg 768w, https:\/\/old.prague-fenix.cz\/wp-content\/uploads\/2025\/01\/Alexa-2-1049x1536.jpg 1049w, https:\/\/old.prague-fenix.cz\/wp-content\/uploads\/2025\/01\/Alexa-2-8x12.jpg 8w, https:\/\/old.prague-fenix.cz\/wp-content\/uploads\/2025\/01\/Alexa-2.jpg 1200w\" sizes=\"(max-width: 699px) 100vw, 699px\" \/><\/figure>\n<\/figure>","protected":false},"excerpt":{"rendered":"<p>Alter: 22Gewicht: 55 kgGr\u00f6\u00dfe: 164 cmHaarfarbe: blondBrustgr\u00f6\u00dfe: \u0412 (2) \u00dcber Alexa Wie w\u00e4re es mit sch\u00f6n, klug und geschickt. Und alles dreht sich um Alex. Sie ist erst 22 Jahre alt, <a class=\"more-link\" href=\"https:\/\/old.prague-fenix.cz\/de\/alexa\/\">Weiterlesen \u2192<\/a><\/p>","protected":false},"author":3,"featured_media":1436,"parent":0,"menu_order":0,"comment_status":"closed","ping_status":"closed","template":"","meta":{"footnotes":""},"class_list":["post-1359","page","type-page","status-publish","has-post-thumbnail","hentry"],"yoast_head":"<!-- This site is optimized with the Yoast SEO plugin v25.0 - https:\/\/yoast.com\/wordpress\/plugins\/seo\/ -->\n<title>Erotic massage by Alexa - Salon Prague Fenix<\/title>\n<meta name=\"description\" content=\"Masseuse Alexa at the erotic massage salon Prague Fenix. Learn more about Alexa and the services she offers. Book a massage with Alexa\" \/>\n<meta name=\"robots\" content=\"noindex, follow, max-snippet:-1, max-image-preview:large, max-video-preview:-1\" \/>\n<meta property=\"og:locale\" content=\"de_DE\" \/>\n<meta property=\"og:type\" content=\"article\" \/>\n<meta property=\"og:title\" content=\"Erotic massage by Alexa - Salon Prague Fenix\" \/>\n<meta property=\"og:description\" content=\"Masseuse Alexa at the erotic massage salon Prague Fenix. Learn more about Alexa and the services she offers. Book a massage with Alexa\" \/>\n<meta property=\"og:url\" content=\"https:\/\/old.prague-fenix.cz\/de\/alexa\/\" \/>\n<meta property=\"og:site_name\" content=\"Erotic massage salon Prague Fenix\" \/>\n<meta property=\"article:modified_time\" content=\"2025-01-24T21:11:15+00:00\" \/>\n<meta property=\"og:image\" content=\"https:\/\/old.prague-fenix.cz\/wp-content\/uploads\/2024\/08\/alexa.png\" \/>\n\t<meta property=\"og:image:width\" content=\"900\" \/>\n\t<meta property=\"og:image:height\" content=\"720\" \/>\n\t<meta property=\"og:image:type\" content=\"image\/png\" \/>\n<meta name=\"twitter:card\" content=\"summary_large_image\" \/>\n<meta name=\"twitter:label1\" content=\"Gesch\u00e4tzte Lesezeit\" \/>\n\t<meta name=\"twitter:data1\" content=\"2\u00a0Minuten\" \/>\n<script type=\"application\/ld+json\" class=\"yoast-schema-graph\">{\"@context\":\"https:\/\/schema.org\",\"@graph\":[{\"@type\":\"WebPage\",\"@id\":\"https:\/\/old.prague-fenix.cz\/alexa\/\",\"url\":\"https:\/\/old.prague-fenix.cz\/alexa\/\",\"name\":\"Erotic massage by Alexa - Salon Prague Fenix\",\"isPartOf\":{\"@id\":\"https:\/\/old.prague-fenix.cz\/#website\"},\"primaryImageOfPage\":{\"@id\":\"https:\/\/old.prague-fenix.cz\/alexa\/#primaryimage\"},\"image\":{\"@id\":\"https:\/\/old.prague-fenix.cz\/alexa\/#primaryimage\"},\"thumbnailUrl\":\"https:\/\/old.prague-fenix.cz\/wp-content\/uploads\/2024\/08\/alexa.png\",\"datePublished\":\"2024-08-18T17:36:13+00:00\",\"dateModified\":\"2025-01-24T21:11:15+00:00\",\"description\":\"Masseuse Alexa at the erotic massage salon Prague Fenix. Learn more about Alexa and the services she offers. Book a massage with Alexa\",\"breadcrumb\":{\"@id\":\"https:\/\/old.prague-fenix.cz\/alexa\/#breadcrumb\"},\"inLanguage\":\"de\",\"potentialAction\":[{\"@type\":\"ReadAction\",\"target\":[\"https:\/\/old.prague-fenix.cz\/alexa\/\"]}]},{\"@type\":\"ImageObject\",\"inLanguage\":\"de\",\"@id\":\"https:\/\/old.prague-fenix.cz\/alexa\/#primaryimage\",\"url\":\"https:\/\/old.prague-fenix.cz\/wp-content\/uploads\/2024\/08\/alexa.png\",\"contentUrl\":\"https:\/\/old.prague-fenix.cz\/wp-content\/uploads\/2024\/08\/alexa.png\",\"width\":900,\"height\":720},{\"@type\":\"BreadcrumbList\",\"@id\":\"https:\/\/old.prague-fenix.cz\/alexa\/#breadcrumb\",\"itemListElement\":[{\"@type\":\"ListItem\",\"position\":1,\"name\":\"Dom\u016f\",\"item\":\"https:\/\/old.prague-fenix.cz\/\"},{\"@type\":\"ListItem\",\"position\":2,\"name\":\"Alexa\"}]},{\"@type\":\"WebSite\",\"@id\":\"https:\/\/old.prague-fenix.cz\/#website\",\"url\":\"https:\/\/old.prague-fenix.cz\/\",\"name\":\"Erotick\u00fd mas\u00e1\u017en\u00ed sal\u00f3n Prague F\u00e9nix\",\"description\":\"Massage salon and erotic massages, body to body, tantra, mix, nuru and lingam massage, lesbian show, BDSM massage.\",\"publisher\":{\"@id\":\"https:\/\/old.prague-fenix.cz\/#\/schema\/person\/2ba77174c6f44cc2bc3d0f5e8ba640d6\"},\"potentialAction\":[{\"@type\":\"SearchAction\",\"target\":{\"@type\":\"EntryPoint\",\"urlTemplate\":\"https:\/\/old.prague-fenix.cz\/?s={search_term_string}\"},\"query-input\":{\"@type\":\"PropertyValueSpecification\",\"valueRequired\":true,\"valueName\":\"search_term_string\"}}],\"inLanguage\":\"de\"},{\"@type\":[\"Person\",\"Organization\"],\"@id\":\"https:\/\/old.prague-fenix.cz\/#\/schema\/person\/2ba77174c6f44cc2bc3d0f5e8ba640d6\",\"name\":\"Prague Fenix\",\"image\":{\"@type\":\"ImageObject\",\"inLanguage\":\"de\",\"@id\":\"https:\/\/old.prague-fenix.cz\/#\/schema\/person\/image\/\",\"url\":\"https:\/\/prague-fenix.cz\/wp-content\/uploads\/2023\/05\/prague-fenix.cz-logo-e1684684035397.png\",\"contentUrl\":\"https:\/\/prague-fenix.cz\/wp-content\/uploads\/2023\/05\/prague-fenix.cz-logo-e1684684035397.png\",\"width\":675,\"height\":675,\"caption\":\"Prague Fenix\"},\"logo\":{\"@id\":\"https:\/\/old.prague-fenix.cz\/#\/schema\/person\/image\/\"},\"sameAs\":[\"http:\/\/www.prague-fenix.cz\"]}]}<\/script>\n<!-- \/ Yoast SEO plugin. -->","yoast_head_json":{"title":"Erotic massage by Alexa - Salon Prague Fenix","description":"Masseuse Alexa at the erotic massage salon Prague Fenix. Learn more about Alexa and the services she offers. Book a massage with Alexa","robots":{"index":"noindex","follow":"follow","max-snippet":"max-snippet:-1","max-image-preview":"max-image-preview:large","max-video-preview":"max-video-preview:-1"},"og_locale":"de_DE","og_type":"article","og_title":"Erotic massage by Alexa - Salon Prague Fenix","og_description":"Masseuse Alexa at the erotic massage salon Prague Fenix. Learn more about Alexa and the services she offers. Book a massage with Alexa","og_url":"https:\/\/old.prague-fenix.cz\/de\/alexa\/","og_site_name":"Erotic massage salon Prague Fenix","article_modified_time":"2025-01-24T21:11:15+00:00","og_image":[{"width":900,"height":720,"url":"https:\/\/old.prague-fenix.cz\/wp-content\/uploads\/2024\/08\/alexa.png","type":"image\/png"}],"twitter_card":"summary_large_image","twitter_misc":{"Gesch\u00e4tzte Lesezeit":"2\u00a0Minuten"},"schema":{"@context":"https:\/\/schema.org","@graph":[{"@type":"WebPage","@id":"https:\/\/old.prague-fenix.cz\/alexa\/","url":"https:\/\/old.prague-fenix.cz\/alexa\/","name":"Erotic massage by Alexa - Salon Prague Fenix","isPartOf":{"@id":"https:\/\/old.prague-fenix.cz\/#website"},"primaryImageOfPage":{"@id":"https:\/\/old.prague-fenix.cz\/alexa\/#primaryimage"},"image":{"@id":"https:\/\/old.prague-fenix.cz\/alexa\/#primaryimage"},"thumbnailUrl":"https:\/\/old.prague-fenix.cz\/wp-content\/uploads\/2024\/08\/alexa.png","datePublished":"2024-08-18T17:36:13+00:00","dateModified":"2025-01-24T21:11:15+00:00","description":"Masseuse Alexa at the erotic massage salon Prague Fenix. Learn more about Alexa and the services she offers. Book a massage with Alexa","breadcrumb":{"@id":"https:\/\/old.prague-fenix.cz\/alexa\/#breadcrumb"},"inLanguage":"de","potentialAction":[{"@type":"ReadAction","target":["https:\/\/old.prague-fenix.cz\/alexa\/"]}]},{"@type":"ImageObject","inLanguage":"de","@id":"https:\/\/old.prague-fenix.cz\/alexa\/#primaryimage","url":"https:\/\/old.prague-fenix.cz\/wp-content\/uploads\/2024\/08\/alexa.png","contentUrl":"https:\/\/old.prague-fenix.cz\/wp-content\/uploads\/2024\/08\/alexa.png","width":900,"height":720},{"@type":"BreadcrumbList","@id":"https:\/\/old.prague-fenix.cz\/alexa\/#breadcrumb","itemListElement":[{"@type":"ListItem","position":1,"name":"Dom\u016f","item":"https:\/\/old.prague-fenix.cz\/"},{"@type":"ListItem","position":2,"name":"Alexa"}]},{"@type":"WebSite","@id":"https:\/\/old.prague-fenix.cz\/#website","url":"https:\/\/old.prague-fenix.cz\/","name":"Erotick\u00fd mas\u00e1\u017en\u00ed sal\u00f3n Prague F\u00e9nix","description":"Massage salon and erotic massages, body to body, tantra, mix, nuru and lingam massage, lesbian show, BDSM massage.","publisher":{"@id":"https:\/\/old.prague-fenix.cz\/#\/schema\/person\/2ba77174c6f44cc2bc3d0f5e8ba640d6"},"potentialAction":[{"@type":"SearchAction","target":{"@type":"EntryPoint","urlTemplate":"https:\/\/old.prague-fenix.cz\/?s={search_term_string}"},"query-input":{"@type":"PropertyValueSpecification","valueRequired":true,"valueName":"search_term_string"}}],"inLanguage":"de"},{"@type":["Person","Organization"],"@id":"https:\/\/old.prague-fenix.cz\/#\/schema\/person\/2ba77174c6f44cc2bc3d0f5e8ba640d6","name":"Prague Fenix","image":{"@type":"ImageObject","inLanguage":"de","@id":"https:\/\/old.prague-fenix.cz\/#\/schema\/person\/image\/","url":"https:\/\/prague-fenix.cz\/wp-content\/uploads\/2023\/05\/prague-fenix.cz-logo-e1684684035397.png","contentUrl":"https:\/\/prague-fenix.cz\/wp-content\/uploads\/2023\/05\/prague-fenix.cz-logo-e1684684035397.png","width":675,"height":675,"caption":"Prague Fenix"},"logo":{"@id":"https:\/\/old.prague-fenix.cz\/#\/schema\/person\/image\/"},"sameAs":["http:\/\/www.prague-fenix.cz"]}]}},"_links":{"self":[{"href":"https:\/\/old.prague-fenix.cz\/de\/wp-json\/wp\/v2\/pages\/1359","targetHints":{"allow":["GET"]}}],"collection":[{"href":"https:\/\/old.prague-fenix.cz\/de\/wp-json\/wp\/v2\/pages"}],"about":[{"href":"https:\/\/old.prague-fenix.cz\/de\/wp-json\/wp\/v2\/types\/page"}],"author":[{"embeddable":true,"href":"https:\/\/old.prague-fenix.cz\/de\/wp-json\/wp\/v2\/users\/3"}],"replies":[{"embeddable":true,"href":"https:\/\/old.prague-fenix.cz\/de\/wp-json\/wp\/v2\/comments?post=1359"}],"version-history":[{"count":0,"href":"https:\/\/old.prague-fenix.cz\/de\/wp-json\/wp\/v2\/pages\/1359\/revisions"}],"wp:featuredmedia":[{"embeddable":true,"href":"https:\/\/old.prague-fenix.cz\/de\/wp-json\/wp\/v2\/media\/1436"}],"wp:attachment":[{"href":"https:\/\/old.prague-fenix.cz\/de\/wp-json\/wp\/v2\/media?parent=1359"}],"curies":[{"name":"wp","href":"https:\/\/api.w.org\/{rel}","templated":true}]}}