{"id":12,"date":"2023-05-07T11:36:08","date_gmt":"2023-05-07T11:36:08","guid":{"rendered":"http:\/\/prague-fenix.cz\/?page_id=12"},"modified":"2024-04-15T22:31:24","modified_gmt":"2024-04-15T21:31:24","slug":"prices","status":"publish","type":"page","link":"https:\/\/old.prague-fenix.cz\/de\/prices\/","title":{"rendered":"Leistungen und Preise f\u00fcr erotische Massage"},"content":{"rendered":"<p>Wir bieten Ihnen eine vollst\u00e4ndige Liste der Dienstleistungen von Fenix \u2013 Erotikmassagesalon in Prag. Sie k\u00f6nnen jede Art von Massage bestellen und sich sofort f\u00fcr eine Sitzung anmelden, indem Sie die angegebene Telefonnummer anrufen.<\/p>\n\n\n\n<p>In unserem Salon ist der Preis f\u00fcr eine erotische Massage angenehm und durchaus erschwinglich! Die auf der Website angegebenen Preise sind g\u00fcltig und entsprechen der Realit\u00e4t.<\/p>\n\n\n\n<p class=\"has-text-align-center\"><strong>Unsere Adresse<\/strong>: Velegradska-Stra\u00dfe, 1702\/12, 130 00 Vinohrady.<br><strong>Unser Telefon<\/strong>: \u00a0<a href=\"tel:  420 720 175 506\">+420 720 175 506<\/a><\/p>\n\n\n\n<div class=\"wp-block-columns is-layout-flex wp-container-core-columns-is-layout-9d6595d7 wp-block-columns-is-layout-flex\">\n<div class=\"wp-block-column card is-layout-flow wp-block-column-is-layout-flow\">\n<h3 class=\"wp-block-heading has-text-align-center\"><strong><a href=\"https:\/\/prague-fenix.cz\/body-to-body\/\">K\u00f6rper zu K\u00f6rper<\/a><\/strong><\/h3>\n\n\n\n<figure class=\"wp-block-image alignwide size-full\"><a href=\"https:\/\/prague-fenix.cz\/body-to-body\/\"><img fetchpriority=\"high\" decoding=\"async\" width=\"1000\" height=\"667\" src=\"http:\/\/prague-fenix.cz\/wp-content\/uploads\/2024\/02\/body-to-body-massage.jpeg\" alt=\"Body to Body - Massage im Salon Prag Fenix\" class=\"wp-image-642\" srcset=\"https:\/\/old.prague-fenix.cz\/wp-content\/uploads\/2024\/02\/body-to-body-massage.jpeg 1000w, https:\/\/old.prague-fenix.cz\/wp-content\/uploads\/2024\/02\/body-to-body-massage-300x200.jpeg 300w, https:\/\/old.prague-fenix.cz\/wp-content\/uploads\/2024\/02\/body-to-body-massage-768x512.jpeg 768w, https:\/\/old.prague-fenix.cz\/wp-content\/uploads\/2024\/02\/body-to-body-massage-18x12.jpeg 18w\" sizes=\"(max-width: 1000px) 100vw, 1000px\" \/><\/a><\/figure>\n\n\n\n<p class=\"has-text-align-center\">30 Min. \u2013 1500 Kronen<br>60 Min. \u2013 2000 Kronen<br>90 Min. \u2013 2800 Kronen<br>120 Min. \u2013 4000 Kronen<\/p>\n<\/div>\n\n\n\n<div class=\"wp-block-column card is-layout-flow wp-block-column-is-layout-flow\">\n<h3 class=\"wp-block-heading has-text-align-center\"><strong><a href=\"https:\/\/prague-fenix.cz\/fenix-massage\/\">Fenix-Massage<\/a><\/strong><\/h3>\n\n\n\n<figure class=\"wp-block-image alignwide size-full\"><a href=\"https:\/\/prague-fenix.cz\/fenix-massage\/\"><img decoding=\"async\" width=\"1000\" height=\"667\" src=\"http:\/\/prague-fenix.cz\/wp-content\/uploads\/2024\/02\/fenix-massage-1.jpeg\" alt=\"Fenix Massage in Prag\" class=\"wp-image-643\" srcset=\"https:\/\/old.prague-fenix.cz\/wp-content\/uploads\/2024\/02\/fenix-massage-1.jpeg 1000w, https:\/\/old.prague-fenix.cz\/wp-content\/uploads\/2024\/02\/fenix-massage-1-300x200.jpeg 300w, https:\/\/old.prague-fenix.cz\/wp-content\/uploads\/2024\/02\/fenix-massage-1-768x512.jpeg 768w, https:\/\/old.prague-fenix.cz\/wp-content\/uploads\/2024\/02\/fenix-massage-1-18x12.jpeg 18w\" sizes=\"(max-width: 1000px) 100vw, 1000px\" \/><\/a><\/figure>\n\n\n\n<p class=\"has-text-align-center\">30 Min. \u2013 2000 Kronen<br>60 Min. \u2013 3000 Kronen<br>90 Min. \u2013 4000 Kronen<br>120 Min. \u2013 6000 Kronen<br>* Inklusive Zusatzleistung: gemeinsames Entspannende Duschen, Tango-Ei und Massage mit Steinen.<\/p>\n<\/div>\n<\/div>\n\n\n\n<div class=\"wp-block-columns is-layout-flex wp-container-core-columns-is-layout-9d6595d7 wp-block-columns-is-layout-flex\">\n<div class=\"wp-block-column card is-layout-flow wp-block-column-is-layout-flow\">\n<h3 class=\"wp-block-heading has-text-align-center\"><strong><a href=\"https:\/\/prague-fenix.cz\/milk-massage\/\">Milchmassage<\/a><\/strong><\/h3>\n\n\n\n<figure class=\"wp-block-image alignwide size-full\"><a href=\"https:\/\/prague-fenix.cz\/milk-massage\/\"><img decoding=\"async\" width=\"1000\" height=\"667\" src=\"http:\/\/prague-fenix.cz\/wp-content\/uploads\/2024\/02\/milk-massage-fenix-prague-1.jpeg\" alt=\"Milchmassage Fenix Prag\" class=\"wp-image-644\" srcset=\"https:\/\/old.prague-fenix.cz\/wp-content\/uploads\/2024\/02\/milk-massage-fenix-prague-1.jpeg 1000w, https:\/\/old.prague-fenix.cz\/wp-content\/uploads\/2024\/02\/milk-massage-fenix-prague-1-300x200.jpeg 300w, https:\/\/old.prague-fenix.cz\/wp-content\/uploads\/2024\/02\/milk-massage-fenix-prague-1-768x512.jpeg 768w, https:\/\/old.prague-fenix.cz\/wp-content\/uploads\/2024\/02\/milk-massage-fenix-prague-1-18x12.jpeg 18w\" sizes=\"(max-width: 1000px) 100vw, 1000px\" \/><\/a><\/figure>\n\n\n\n<p class=\"has-text-align-center\">30 Min. \u2013 1500 Kronen<br>60 Min. \u2013 2000 Kronen<br>90 Min. \u2013 2800 Kronen<br>120 Min. \u2013 4000 Kronen<\/p>\n<\/div>\n\n\n\n<div class=\"wp-block-column card is-layout-flow wp-block-column-is-layout-flow\">\n<h3 class=\"wp-block-heading has-text-align-center\"><strong><a href=\"https:\/\/prague-fenix.cz\/lingam-massage\/\">Lingam-Massage<\/a><\/strong><\/h3>\n\n\n\n<figure class=\"wp-block-image alignwide size-full\"><a href=\"https:\/\/prague-fenix.cz\/lingam-massage\/\"><img loading=\"lazy\" decoding=\"async\" width=\"1000\" height=\"666\" src=\"http:\/\/prague-fenix.cz\/wp-content\/uploads\/2024\/02\/lingam-massage-fenix-prague-1.jpeg\" alt=\"Lingam-Massage Fenix Prag\" class=\"wp-image-645\" srcset=\"https:\/\/old.prague-fenix.cz\/wp-content\/uploads\/2024\/02\/lingam-massage-fenix-prague-1.jpeg 1000w, https:\/\/old.prague-fenix.cz\/wp-content\/uploads\/2024\/02\/lingam-massage-fenix-prague-1-300x200.jpeg 300w, https:\/\/old.prague-fenix.cz\/wp-content\/uploads\/2024\/02\/lingam-massage-fenix-prague-1-768x511.jpeg 768w, https:\/\/old.prague-fenix.cz\/wp-content\/uploads\/2024\/02\/lingam-massage-fenix-prague-1-18x12.jpeg 18w\" sizes=\"(max-width: 1000px) 100vw, 1000px\" \/><\/a><\/figure>\n\n\n\n<p class=\"has-text-align-center\">15 Min. \u2013 1200 Kronen<br>30 Min. \u2013 1400 Kronen<br>60 Min. \u2013 2000 Kronen<br>90 Min. \u2013 3000 Kronen<br>120 Min. \u2013 4000 Kronen<\/p>\n<\/div>\n<\/div>\n\n\n\n<div class=\"wp-block-columns is-layout-flex wp-container-core-columns-is-layout-9d6595d7 wp-block-columns-is-layout-flex\">\n<div class=\"wp-block-column card is-layout-flow wp-block-column-is-layout-flow\">\n<h3 class=\"wp-block-heading has-text-align-center\"><strong><a href=\"https:\/\/prague-fenix.cz\/nuru-massage\/\">Nuru Massage<\/a><\/strong><\/h3>\n\n\n\n<figure class=\"wp-block-image alignwide size-full\"><a href=\"https:\/\/prague-fenix.cz\/nuru-massage\/\"><img loading=\"lazy\" decoding=\"async\" width=\"1000\" height=\"667\" src=\"http:\/\/prague-fenix.cz\/wp-content\/uploads\/2024\/02\/nuru-massage-fenix-salon-1.jpeg\" alt=\"Nuru-Massage, Fenix-Salon\" class=\"wp-image-646\" srcset=\"https:\/\/old.prague-fenix.cz\/wp-content\/uploads\/2024\/02\/nuru-massage-fenix-salon-1.jpeg 1000w, https:\/\/old.prague-fenix.cz\/wp-content\/uploads\/2024\/02\/nuru-massage-fenix-salon-1-300x200.jpeg 300w, https:\/\/old.prague-fenix.cz\/wp-content\/uploads\/2024\/02\/nuru-massage-fenix-salon-1-768x512.jpeg 768w, https:\/\/old.prague-fenix.cz\/wp-content\/uploads\/2024\/02\/nuru-massage-fenix-salon-1-18x12.jpeg 18w\" sizes=\"(max-width: 1000px) 100vw, 1000px\" \/><\/a><\/figure>\n\n\n\n<p class=\"has-text-align-center\">30 Min. \u2013 1500 Kronen<br>60 Min. \u2013 2000 Kronen<br>90 Min. \u2013 3000 Kronen<br>120 Min. \u2013 4000 Kronen<\/p>\n<\/div>\n\n\n\n<div class=\"wp-block-column card is-layout-flow wp-block-column-is-layout-flow\">\n<h3 class=\"wp-block-heading has-text-align-center\"><strong><a href=\"https:\/\/prague-fenix.cz\/lesbian-show\/\">Lesbenshow<\/a><\/strong><\/h3>\n\n\n\n<figure class=\"wp-block-image alignwide size-full\"><a href=\"https:\/\/prague-fenix.cz\/lesbian-show\/\"><img loading=\"lazy\" decoding=\"async\" width=\"1000\" height=\"667\" src=\"http:\/\/prague-fenix.cz\/wp-content\/uploads\/2024\/02\/lesbian-show-fenix-prague-1.jpeg\" alt=\"Lesbenshow Fenix Prag\" class=\"wp-image-647\" srcset=\"https:\/\/old.prague-fenix.cz\/wp-content\/uploads\/2024\/02\/lesbian-show-fenix-prague-1.jpeg 1000w, https:\/\/old.prague-fenix.cz\/wp-content\/uploads\/2024\/02\/lesbian-show-fenix-prague-1-300x200.jpeg 300w, https:\/\/old.prague-fenix.cz\/wp-content\/uploads\/2024\/02\/lesbian-show-fenix-prague-1-768x512.jpeg 768w, https:\/\/old.prague-fenix.cz\/wp-content\/uploads\/2024\/02\/lesbian-show-fenix-prague-1-18x12.jpeg 18w\" sizes=\"(max-width: 1000px) 100vw, 1000px\" \/><\/a><\/figure>\n\n\n\n<p class=\"has-text-align-center\">30 Min. \u2013 3800 Kronen<br>60 Min. \u2013 5600 Kronen<\/p>\n<\/div>\n<\/div>\n\n\n\n<div class=\"wp-block-columns is-layout-flex wp-container-core-columns-is-layout-9d6595d7 wp-block-columns-is-layout-flex\">\n<div class=\"wp-block-column card is-layout-flow wp-block-column-is-layout-flow\">\n<h3 class=\"wp-block-heading has-text-align-center\"><strong><a href=\"https:\/\/prague-fenix.cz\/bdsm-massage\/\">BDSM-Massage<\/a><\/strong><\/h3>\n\n\n\n<figure class=\"wp-block-image alignwide size-full\"><a href=\"https:\/\/prague-fenix.cz\/bdsm-massage\/\"><img loading=\"lazy\" decoding=\"async\" width=\"1000\" height=\"667\" src=\"http:\/\/prague-fenix.cz\/wp-content\/uploads\/2024\/02\/bdsm-massage-fenix-prague-1.jpeg\" alt=\"BDSM-Massage Fenix Prag\" class=\"wp-image-648\" srcset=\"https:\/\/old.prague-fenix.cz\/wp-content\/uploads\/2024\/02\/bdsm-massage-fenix-prague-1.jpeg 1000w, https:\/\/old.prague-fenix.cz\/wp-content\/uploads\/2024\/02\/bdsm-massage-fenix-prague-1-300x200.jpeg 300w, https:\/\/old.prague-fenix.cz\/wp-content\/uploads\/2024\/02\/bdsm-massage-fenix-prague-1-768x512.jpeg 768w, https:\/\/old.prague-fenix.cz\/wp-content\/uploads\/2024\/02\/bdsm-massage-fenix-prague-1-18x12.jpeg 18w\" sizes=\"(max-width: 1000px) 100vw, 1000px\" \/><\/a><\/figure>\n\n\n\n<p class=\"has-text-align-center\">30 Min. \u2013 2400 Kronen<br>60 Min. \u2013 3800 Kronen<br>90 Min. \u2013 4800 Kronen<\/p>\n<\/div>\n\n\n\n<div class=\"wp-block-column card is-layout-flow wp-block-column-is-layout-flow\">\n<h3 class=\"wp-block-heading has-text-align-center\"><strong><a href=\"https:\/\/prague-fenix.cz\/massage-for-women\/\">Massage f\u00fcr Frauen<\/a><\/strong><\/h3>\n\n\n\n<figure class=\"wp-block-image alignwide size-full\"><a href=\"https:\/\/prague-fenix.cz\/massage-for-women\/\"><img loading=\"lazy\" decoding=\"async\" width=\"1000\" height=\"667\" src=\"http:\/\/prague-fenix.cz\/wp-content\/uploads\/2024\/02\/massage-for-women-fenix-salon-1.jpeg\" alt=\"Massage f\u00fcr Frauen im Fenix Salon\" class=\"wp-image-649\" srcset=\"https:\/\/old.prague-fenix.cz\/wp-content\/uploads\/2024\/02\/massage-for-women-fenix-salon-1.jpeg 1000w, https:\/\/old.prague-fenix.cz\/wp-content\/uploads\/2024\/02\/massage-for-women-fenix-salon-1-300x200.jpeg 300w, https:\/\/old.prague-fenix.cz\/wp-content\/uploads\/2024\/02\/massage-for-women-fenix-salon-1-768x512.jpeg 768w, https:\/\/old.prague-fenix.cz\/wp-content\/uploads\/2024\/02\/massage-for-women-fenix-salon-1-18x12.jpeg 18w\" sizes=\"(max-width: 1000px) 100vw, 1000px\" \/><\/a><\/figure>\n\n\n\n<p class=\"has-text-align-center\">30 Min. \u2013 1600 Kronen<br>60 Min. \u2013 2200 Kronen<br>90 Min. \u2013 3200 Kronen<\/p>\n<\/div>\n<\/div>\n\n\n\n<div class=\"wp-block-columns is-layout-flex wp-container-core-columns-is-layout-9d6595d7 wp-block-columns-is-layout-flex\">\n<div class=\"wp-block-column card is-layout-flow wp-block-column-is-layout-flow\">\n<h3 class=\"wp-block-heading has-text-align-center\"><strong><a href=\"https:\/\/prague-fenix.cz\/massage-for-couple\/\">Massage f\u00fcr Paare<\/a><\/strong><\/h3>\n\n\n\n<figure class=\"wp-block-image alignwide size-full\"><a href=\"https:\/\/prague-fenix.cz\/massage-for-couple\/\"><img loading=\"lazy\" decoding=\"async\" width=\"1000\" height=\"665\" src=\"http:\/\/prague-fenix.cz\/wp-content\/uploads\/2024\/02\/massage-for-couple-1.jpeg\" alt=\"Massage f\u00fcr Paare Fenix\" class=\"wp-image-655\" srcset=\"https:\/\/old.prague-fenix.cz\/wp-content\/uploads\/2024\/02\/massage-for-couple-1.jpeg 1000w, https:\/\/old.prague-fenix.cz\/wp-content\/uploads\/2024\/02\/massage-for-couple-1-300x200.jpeg 300w, https:\/\/old.prague-fenix.cz\/wp-content\/uploads\/2024\/02\/massage-for-couple-1-768x511.jpeg 768w, https:\/\/old.prague-fenix.cz\/wp-content\/uploads\/2024\/02\/massage-for-couple-1-18x12.jpeg 18w\" sizes=\"(max-width: 1000px) 100vw, 1000px\" \/><\/a><\/figure>\n\n\n\n<p class=\"has-text-align-center\">60 Min. \u2013 4000 Kronen<br>90 Min. \u2013 5000 Kronen<br>120 Min. \u2013 7500 Kronen<\/p>\n<\/div>\n\n\n\n<div class=\"wp-block-column card is-layout-flow wp-block-column-is-layout-flow\">\n<h3 class=\"wp-block-heading has-text-align-center\"><strong><a href=\"https:\/\/prague-fenix.cz\/massage-prostaty\/\">Prostata-Massage<\/a><\/strong><\/h3>\n\n\n\n<figure class=\"wp-block-image alignwide size-full\"><a href=\"https:\/\/prague-fenix.cz\/massage-prostaty\/\"><img loading=\"lazy\" decoding=\"async\" width=\"1000\" height=\"667\" src=\"http:\/\/prague-fenix.cz\/wp-content\/uploads\/2024\/02\/Massage-prostaty-1.jpeg\" alt=\"Prostatamassage im Praga Fenix\" class=\"wp-image-656\" srcset=\"https:\/\/old.prague-fenix.cz\/wp-content\/uploads\/2024\/02\/Massage-prostaty-1.jpeg 1000w, https:\/\/old.prague-fenix.cz\/wp-content\/uploads\/2024\/02\/Massage-prostaty-1-300x200.jpeg 300w, https:\/\/old.prague-fenix.cz\/wp-content\/uploads\/2024\/02\/Massage-prostaty-1-768x512.jpeg 768w, https:\/\/old.prague-fenix.cz\/wp-content\/uploads\/2024\/02\/Massage-prostaty-1-18x12.jpeg 18w\" sizes=\"(max-width: 1000px) 100vw, 1000px\" \/><\/a><\/figure>\n\n\n\n<p class=\"has-text-align-center\">30 min \u2013 2000 Kronen<br>60 Min. \u2013 2500 Kronen<br>90 Min. \u2013 3500 Kronen<br>120 Min. \u2013 4500 Kronen<\/p>\n<\/div>\n<\/div>\n\n\n\n<div class=\"wp-block-columns is-layout-flex wp-container-core-columns-is-layout-9d6595d7 wp-block-columns-is-layout-flex\">\n<div class=\"wp-block-column card is-layout-flow wp-block-column-is-layout-flow\">\n<h3 class=\"wp-block-heading has-text-align-center\"><strong><a href=\"https:\/\/prague-fenix.cz\/massage-at-the-hotel\/\">Massage im Hotel <\/a><\/strong><\/h3>\n\n\n\n<figure class=\"wp-block-image alignwide size-full\"><a href=\"https:\/\/prague-fenix.cz\/massage-at-the-hotel\/\"><img loading=\"lazy\" decoding=\"async\" width=\"1000\" height=\"667\" src=\"http:\/\/prague-fenix.cz\/wp-content\/uploads\/2024\/02\/massage-at-the-hotel-1.jpeg\" alt=\"Massage im Hotel Praha\" class=\"wp-image-657\" srcset=\"https:\/\/old.prague-fenix.cz\/wp-content\/uploads\/2024\/02\/massage-at-the-hotel-1.jpeg 1000w, https:\/\/old.prague-fenix.cz\/wp-content\/uploads\/2024\/02\/massage-at-the-hotel-1-300x200.jpeg 300w, https:\/\/old.prague-fenix.cz\/wp-content\/uploads\/2024\/02\/massage-at-the-hotel-1-768x512.jpeg 768w, https:\/\/old.prague-fenix.cz\/wp-content\/uploads\/2024\/02\/massage-at-the-hotel-1-18x12.jpeg 18w\" sizes=\"(max-width: 1000px) 100vw, 1000px\" \/><\/a><\/figure>\n\n\n\n<p class=\"has-text-align-center\">30 Min. \u2013 2300 Kronen<br>60 Min. \u2013 3000 Kronen<br>90 Min. \u2013 3800 Kronen<br>120 Min. \u2013 5800 Kronen<br>* Hausbesuche<\/p>\n<\/div>\n\n\n\n<div class=\"wp-block-column card is-layout-flow wp-block-column-is-layout-flow\">\n<h3 class=\"wp-block-heading has-text-align-center\"><strong><a href=\"https:\/\/prague-fenix.cz\/extra\/\">EXTRA<\/a><\/strong><\/h3>\n\n\n\n<figure class=\"wp-block-image alignwide size-full\"><a href=\"https:\/\/prague-fenix.cz\/extra\/\"><img loading=\"lazy\" decoding=\"async\" width=\"1023\" height=\"683\" src=\"http:\/\/prague-fenix.cz\/wp-content\/uploads\/2024\/02\/erotic-massage-fenix-salon-praha-1.jpeg\" alt=\"erotische Massage Fenix Salon Prag\" class=\"wp-image-658\" srcset=\"https:\/\/old.prague-fenix.cz\/wp-content\/uploads\/2024\/02\/erotic-massage-fenix-salon-praha-1.jpeg 1023w, https:\/\/old.prague-fenix.cz\/wp-content\/uploads\/2024\/02\/erotic-massage-fenix-salon-praha-1-300x200.jpeg 300w, https:\/\/old.prague-fenix.cz\/wp-content\/uploads\/2024\/02\/erotic-massage-fenix-salon-praha-1-768x513.jpeg 768w, https:\/\/old.prague-fenix.cz\/wp-content\/uploads\/2024\/02\/erotic-massage-fenix-salon-praha-1-18x12.jpeg 18w\" sizes=\"(max-width: 1023px) 100vw, 1023px\" \/><\/a><\/figure>\n\n\n\n<p class=\"has-text-align-center\">FootJob \u2013 500 Kronen<br>Fu\u00dffetisch \u2013 500 Kronen<br>Zungenkuss \u2013 500 Kronen<br>Striptease \u2013 500 Kronen<br>K\u00e4tzchen \u2013 500 Kronen<br>Tenda-Ei \u2013 500 Kronen\/St\u00fcck<\/p>\n<\/div>\n<\/div>\n\n\n\n<p>Unsere professionellen Masseurinnen warten bereits auf Sie! <\/p>\n\n\n\n<p class=\"has-text-align-center\"><strong>Unsere Adresse<\/strong>: Velegradska-Stra\u00dfe, 1702\/12, 130 00 Vinohrady.<br><strong>Unser Telefon<\/strong>: \u00a0<a href=\"tel:  420 720 175 506\">+420 720 175 506<\/a><\/p>","protected":false},"excerpt":{"rendered":"<p>Wir bieten Ihnen eine vollst\u00e4ndige Liste der Dienstleistungen des Fenix \u2013 Erotikmassagesalons in Prag. Sie k\u00f6nnen jede Art von Massage bestellen und sich f\u00fcr eine Sitzung anmelden <a class=\"more-link\" href=\"https:\/\/old.prague-fenix.cz\/de\/prices\/\">Weiterlesen \u2192<\/a><\/p>","protected":false},"author":3,"featured_media":0,"parent":0,"menu_order":0,"comment_status":"closed","ping_status":"closed","template":"","meta":{"footnotes":""},"class_list":["post-12","page","type-page","status-publish","hentry"],"yoast_head":"<!-- This site is optimized with the Yoast SEO plugin v25.0 - https:\/\/yoast.com\/wordpress\/plugins\/seo\/ -->\n<title>Services and prices - Prague Fenix<\/title>\n<meta name=\"description\" content=\"Prices for services at the Fenix Prague salon. Price for erotic massage in the Czech Republic. Price for an erotic massage session in Prague. View full price.\" \/>\n<meta name=\"robots\" content=\"noindex, follow, max-snippet:-1, max-image-preview:large, max-video-preview:-1\" \/>\n<meta property=\"og:locale\" content=\"de_DE\" \/>\n<meta property=\"og:type\" content=\"article\" \/>\n<meta property=\"og:title\" content=\"Services and prices - Prague Fenix\" \/>\n<meta property=\"og:description\" content=\"Prices for services at the Fenix Prague salon. Price for erotic massage in the Czech Republic. Price for an erotic massage session in Prague. View full price.\" \/>\n<meta property=\"og:url\" content=\"https:\/\/old.prague-fenix.cz\/de\/prices\/\" \/>\n<meta property=\"og:site_name\" content=\"Erotic massage salon Prague Fenix\" \/>\n<meta property=\"article:modified_time\" content=\"2024-04-15T21:31:24+00:00\" \/>\n<meta property=\"og:image\" content=\"http:\/\/prague-fenix.cz\/wp-content\/uploads\/2024\/02\/body-to-body-massage.jpeg\" \/>\n<meta name=\"twitter:card\" content=\"summary_large_image\" \/>\n<meta name=\"twitter:label1\" content=\"Gesch\u00e4tzte Lesezeit\" \/>\n\t<meta name=\"twitter:data1\" content=\"5\u00a0Minuten\" \/>\n<script type=\"application\/ld+json\" class=\"yoast-schema-graph\">{\"@context\":\"https:\/\/schema.org\",\"@graph\":[{\"@type\":\"WebPage\",\"@id\":\"https:\/\/old.prague-fenix.cz\/prices\/\",\"url\":\"https:\/\/old.prague-fenix.cz\/prices\/\",\"name\":\"Services and prices - Prague Fenix\",\"isPartOf\":{\"@id\":\"https:\/\/old.prague-fenix.cz\/#website\"},\"primaryImageOfPage\":{\"@id\":\"https:\/\/old.prague-fenix.cz\/prices\/#primaryimage\"},\"image\":{\"@id\":\"https:\/\/old.prague-fenix.cz\/prices\/#primaryimage\"},\"thumbnailUrl\":\"http:\/\/prague-fenix.cz\/wp-content\/uploads\/2024\/02\/body-to-body-massage.jpeg\",\"datePublished\":\"2023-05-07T11:36:08+00:00\",\"dateModified\":\"2024-04-15T21:31:24+00:00\",\"description\":\"Prices for services at the Fenix Prague salon. Price for erotic massage in the Czech Republic. Price for an erotic massage session in Prague. View full price.\",\"breadcrumb\":{\"@id\":\"https:\/\/old.prague-fenix.cz\/prices\/#breadcrumb\"},\"inLanguage\":\"de\",\"potentialAction\":[{\"@type\":\"ReadAction\",\"target\":[\"https:\/\/old.prague-fenix.cz\/prices\/\"]}]},{\"@type\":\"ImageObject\",\"inLanguage\":\"de\",\"@id\":\"https:\/\/old.prague-fenix.cz\/prices\/#primaryimage\",\"url\":\"http:\/\/prague-fenix.cz\/wp-content\/uploads\/2024\/02\/body-to-body-massage.jpeg\",\"contentUrl\":\"http:\/\/prague-fenix.cz\/wp-content\/uploads\/2024\/02\/body-to-body-massage.jpeg\"},{\"@type\":\"BreadcrumbList\",\"@id\":\"https:\/\/old.prague-fenix.cz\/prices\/#breadcrumb\",\"itemListElement\":[{\"@type\":\"ListItem\",\"position\":1,\"name\":\"Dom\u016f\",\"item\":\"https:\/\/old.prague-fenix.cz\/\"},{\"@type\":\"ListItem\",\"position\":2,\"name\":\"Services and Prices for erotic massage\"}]},{\"@type\":\"WebSite\",\"@id\":\"https:\/\/old.prague-fenix.cz\/#website\",\"url\":\"https:\/\/old.prague-fenix.cz\/\",\"name\":\"Erotick\u00fd mas\u00e1\u017en\u00ed sal\u00f3n Prague F\u00e9nix\",\"description\":\"Massage salon and erotic massages, body to body, tantra, mix, nuru and lingam massage, lesbian show, BDSM massage.\",\"publisher\":{\"@id\":\"https:\/\/old.prague-fenix.cz\/#\/schema\/person\/2ba77174c6f44cc2bc3d0f5e8ba640d6\"},\"potentialAction\":[{\"@type\":\"SearchAction\",\"target\":{\"@type\":\"EntryPoint\",\"urlTemplate\":\"https:\/\/old.prague-fenix.cz\/?s={search_term_string}\"},\"query-input\":{\"@type\":\"PropertyValueSpecification\",\"valueRequired\":true,\"valueName\":\"search_term_string\"}}],\"inLanguage\":\"de\"},{\"@type\":[\"Person\",\"Organization\"],\"@id\":\"https:\/\/old.prague-fenix.cz\/#\/schema\/person\/2ba77174c6f44cc2bc3d0f5e8ba640d6\",\"name\":\"Prague Fenix\",\"image\":{\"@type\":\"ImageObject\",\"inLanguage\":\"de\",\"@id\":\"https:\/\/old.prague-fenix.cz\/#\/schema\/person\/image\/\",\"url\":\"https:\/\/prague-fenix.cz\/wp-content\/uploads\/2023\/05\/prague-fenix.cz-logo-e1684684035397.png\",\"contentUrl\":\"https:\/\/prague-fenix.cz\/wp-content\/uploads\/2023\/05\/prague-fenix.cz-logo-e1684684035397.png\",\"width\":675,\"height\":675,\"caption\":\"Prague Fenix\"},\"logo\":{\"@id\":\"https:\/\/old.prague-fenix.cz\/#\/schema\/person\/image\/\"},\"sameAs\":[\"http:\/\/www.prague-fenix.cz\"]}]}<\/script>\n<!-- \/ Yoast SEO plugin. -->","yoast_head_json":{"title":"Services and prices - Prague Fenix","description":"Prices for services at the Fenix Prague salon. Price for erotic massage in the Czech Republic. Price for an erotic massage session in Prague. View full price.","robots":{"index":"noindex","follow":"follow","max-snippet":"max-snippet:-1","max-image-preview":"max-image-preview:large","max-video-preview":"max-video-preview:-1"},"og_locale":"de_DE","og_type":"article","og_title":"Services and prices - Prague Fenix","og_description":"Prices for services at the Fenix Prague salon. Price for erotic massage in the Czech Republic. Price for an erotic massage session in Prague. View full price.","og_url":"https:\/\/old.prague-fenix.cz\/de\/prices\/","og_site_name":"Erotic massage salon Prague Fenix","article_modified_time":"2024-04-15T21:31:24+00:00","og_image":[{"url":"http:\/\/prague-fenix.cz\/wp-content\/uploads\/2024\/02\/body-to-body-massage.jpeg","type":"","width":"","height":""}],"twitter_card":"summary_large_image","twitter_misc":{"Gesch\u00e4tzte Lesezeit":"5\u00a0Minuten"},"schema":{"@context":"https:\/\/schema.org","@graph":[{"@type":"WebPage","@id":"https:\/\/old.prague-fenix.cz\/prices\/","url":"https:\/\/old.prague-fenix.cz\/prices\/","name":"Services and prices - Prague Fenix","isPartOf":{"@id":"https:\/\/old.prague-fenix.cz\/#website"},"primaryImageOfPage":{"@id":"https:\/\/old.prague-fenix.cz\/prices\/#primaryimage"},"image":{"@id":"https:\/\/old.prague-fenix.cz\/prices\/#primaryimage"},"thumbnailUrl":"http:\/\/prague-fenix.cz\/wp-content\/uploads\/2024\/02\/body-to-body-massage.jpeg","datePublished":"2023-05-07T11:36:08+00:00","dateModified":"2024-04-15T21:31:24+00:00","description":"Prices for services at the Fenix Prague salon. Price for erotic massage in the Czech Republic. Price for an erotic massage session in Prague. View full price.","breadcrumb":{"@id":"https:\/\/old.prague-fenix.cz\/prices\/#breadcrumb"},"inLanguage":"de","potentialAction":[{"@type":"ReadAction","target":["https:\/\/old.prague-fenix.cz\/prices\/"]}]},{"@type":"ImageObject","inLanguage":"de","@id":"https:\/\/old.prague-fenix.cz\/prices\/#primaryimage","url":"http:\/\/prague-fenix.cz\/wp-content\/uploads\/2024\/02\/body-to-body-massage.jpeg","contentUrl":"http:\/\/prague-fenix.cz\/wp-content\/uploads\/2024\/02\/body-to-body-massage.jpeg"},{"@type":"BreadcrumbList","@id":"https:\/\/old.prague-fenix.cz\/prices\/#breadcrumb","itemListElement":[{"@type":"ListItem","position":1,"name":"Dom\u016f","item":"https:\/\/old.prague-fenix.cz\/"},{"@type":"ListItem","position":2,"name":"Services and Prices for erotic massage"}]},{"@type":"WebSite","@id":"https:\/\/old.prague-fenix.cz\/#website","url":"https:\/\/old.prague-fenix.cz\/","name":"Erotick\u00fd mas\u00e1\u017en\u00ed sal\u00f3n Prague F\u00e9nix","description":"Massage salon and erotic massages, body to body, tantra, mix, nuru and lingam massage, lesbian show, BDSM massage.","publisher":{"@id":"https:\/\/old.prague-fenix.cz\/#\/schema\/person\/2ba77174c6f44cc2bc3d0f5e8ba640d6"},"potentialAction":[{"@type":"SearchAction","target":{"@type":"EntryPoint","urlTemplate":"https:\/\/old.prague-fenix.cz\/?s={search_term_string}"},"query-input":{"@type":"PropertyValueSpecification","valueRequired":true,"valueName":"search_term_string"}}],"inLanguage":"de"},{"@type":["Person","Organization"],"@id":"https:\/\/old.prague-fenix.cz\/#\/schema\/person\/2ba77174c6f44cc2bc3d0f5e8ba640d6","name":"Prague Fenix","image":{"@type":"ImageObject","inLanguage":"de","@id":"https:\/\/old.prague-fenix.cz\/#\/schema\/person\/image\/","url":"https:\/\/prague-fenix.cz\/wp-content\/uploads\/2023\/05\/prague-fenix.cz-logo-e1684684035397.png","contentUrl":"https:\/\/prague-fenix.cz\/wp-content\/uploads\/2023\/05\/prague-fenix.cz-logo-e1684684035397.png","width":675,"height":675,"caption":"Prague Fenix"},"logo":{"@id":"https:\/\/old.prague-fenix.cz\/#\/schema\/person\/image\/"},"sameAs":["http:\/\/www.prague-fenix.cz"]}]}},"_links":{"self":[{"href":"https:\/\/old.prague-fenix.cz\/de\/wp-json\/wp\/v2\/pages\/12","targetHints":{"allow":["GET"]}}],"collection":[{"href":"https:\/\/old.prague-fenix.cz\/de\/wp-json\/wp\/v2\/pages"}],"about":[{"href":"https:\/\/old.prague-fenix.cz\/de\/wp-json\/wp\/v2\/types\/page"}],"author":[{"embeddable":true,"href":"https:\/\/old.prague-fenix.cz\/de\/wp-json\/wp\/v2\/users\/3"}],"replies":[{"embeddable":true,"href":"https:\/\/old.prague-fenix.cz\/de\/wp-json\/wp\/v2\/comments?post=12"}],"version-history":[{"count":0,"href":"https:\/\/old.prague-fenix.cz\/de\/wp-json\/wp\/v2\/pages\/12\/revisions"}],"wp:attachment":[{"href":"https:\/\/old.prague-fenix.cz\/de\/wp-json\/wp\/v2\/media?parent=12"}],"curies":[{"name":"wp","href":"https:\/\/api.w.org\/{rel}","templated":true}]}}