{"id":10,"date":"2023-05-07T11:35:41","date_gmt":"2023-05-07T10:35:41","guid":{"rendered":"http:\/\/prague-fenix.cz\/?page_id=10"},"modified":"2024-04-15T22:21:39","modified_gmt":"2024-04-15T21:21:39","slug":"about-us","status":"publish","type":"page","link":"https:\/\/old.prague-fenix.cz\/de\/about-us\/","title":{"rendered":"\u00dcber uns"},"content":{"rendered":"<p>Unser Unternehmen ist der beste Erotikmassagesalon in Prag. Seine hohe Bewertung wird von unseren Kunden best\u00e4tigt, unter denen sich viele Vertreter der tschechischen Elite und hochrangige ausl\u00e4ndische G\u00e4ste befinden \u2013 Politiker, Gesch\u00e4ftsleute, kreative Pers\u00f6nlichkeiten und gew\u00f6hnliche Touristen.<\/p>\n\n\n\n<p>Die Lage unseres Fenix-Salons ist praktisch und gut erreichbar: Sie finden ihn direkt im Stadtzentrum.&nbsp;<\/p>\n\n\n\n<p class=\"has-text-align-center\">Unsere Adresse: Velegradska-Stra\u00dfe 1702\/12, 130 00, Vinohrady.<\/p>\n\n\n\n<figure class=\"wp-block-image size-full\"><img fetchpriority=\"high\" decoding=\"async\" width=\"1024\" height=\"683\" src=\"https:\/\/prague-fenix.cz\/wp-content\/uploads\/2024\/02\/fenix-praga-salon-massage-1.jpeg\" alt=\"Fenix Praga Salonmassage\" class=\"wp-image-866\" srcset=\"https:\/\/old.prague-fenix.cz\/wp-content\/uploads\/2024\/02\/fenix-praga-salon-massage-1.jpeg 1024w, https:\/\/old.prague-fenix.cz\/wp-content\/uploads\/2024\/02\/fenix-praga-salon-massage-1-300x200.jpeg 300w, https:\/\/old.prague-fenix.cz\/wp-content\/uploads\/2024\/02\/fenix-praga-salon-massage-1-768x512.jpeg 768w, https:\/\/old.prague-fenix.cz\/wp-content\/uploads\/2024\/02\/fenix-praga-salon-massage-1-18x12.jpeg 18w\" sizes=\"(max-width: 1024px) 100vw, 1024px\" \/><\/figure>\n\n\n\n<p>Unsere Vorteile sind eine absolut gem\u00fctliche, 100% positive Atmosph\u00e4re zur vollkommenen Entspannung und hochprofessionelle Masseurinnen, die verschiedene beliebte und exklusive Techniken der Intimmassage perfekt beherrschen.<\/p>\n\n\n\n<p>Der Besuch unserer Massagesitzungen ist eine einmalige Gelegenheit, das grenzenlose Universum der sinnlichen Erotik zu begreifen und unglaubliche Empfindungen wahrer Gl\u00fcckseligkeit und innerer Harmonie kennenzulernen.<\/p>\n\n\n\n<p>Unser <strong>Salon f\u00fcr erotische Massage Fenix<\/strong> wird seinem Namen vollkommen gerecht \u2013 es erm\u00f6glicht Menschen, die vom grauen Alltag bedr\u00fcckt und mit intimen, pers\u00f6nlichen und moralisch-psychologischen Problemen belastet sind, sich wie neugeboren zu f\u00fchlen.&nbsp;<\/p>\n\n\n\n<p>Schon eine Sitzung ist eine Garantie f\u00fcr eine Menge lebendiger, farbenfroher und unvergesslicher Erlebnisse. Mithilfe der geschickten Ber\u00fchrungen unserer Masseurinnen, die un\u00fcbertroffene Zaubererinnen in ihrem Fach sind, k\u00f6nnen Sie eine ungew\u00f6hnlich intensive Erregung erleben, die von einem nicht weniger kraftvollen Orgasmus abgel\u00f6st wird. Solche intensiven und magischen Empfindungen sind beim normalen Sex nicht m\u00f6glich.<\/p>\n\n\n\n<figure class=\"wp-block-image size-full\"><img decoding=\"async\" width=\"1023\" height=\"682\" src=\"https:\/\/prague-fenix.cz\/wp-content\/uploads\/2024\/02\/massage-salon-fenix-1.jpeg\" alt=\"Massagesalon Fenix in Prag\" class=\"wp-image-865\" srcset=\"https:\/\/old.prague-fenix.cz\/wp-content\/uploads\/2024\/02\/massage-salon-fenix-1.jpeg 1023w, https:\/\/old.prague-fenix.cz\/wp-content\/uploads\/2024\/02\/massage-salon-fenix-1-300x200.jpeg 300w, https:\/\/old.prague-fenix.cz\/wp-content\/uploads\/2024\/02\/massage-salon-fenix-1-768x512.jpeg 768w, https:\/\/old.prague-fenix.cz\/wp-content\/uploads\/2024\/02\/massage-salon-fenix-1-18x12.jpeg 18w\" sizes=\"(max-width: 1023px) 100vw, 1023px\" \/><\/figure>\n\n\n\n<p>Dies erkl\u00e4rt, warum die meisten unserer neuen Kunden zu Stammg\u00e4sten werden. Jedem von ihnen begegnen wir mit aufrichtiger Gastfreundschaft und Freude, wie einem besten Freund.<\/p>\n\n\n\n<p>Sie k\u00f6nnen sich mit den Meinungen und Kommentaren unserer G\u00e4ste vertraut machen, indem Sie das \u201eBuch der Bewertungen\u201c \u00fcber die Arbeit des Salons lesen. Diese Eintr\u00e4ge, die von Prager und vielen Ausl\u00e4ndern hinterlassen wurden, enthalten nur Dankbarkeit, Anerkennung und beste W\u00fcnsche.<\/p>\n\n\n\n<p>Besucher unseres Salons, die aus dem Ausland nach Prag gekommen sind, sind besessen von dem Traum, in die Tschechische Republik zur\u00fcckzukehren, um noch einmal die Freuden einer erotischen Massage im \u201eFenix\u201c zu genie\u00dfen und in eine wunderbare Welt voller Vergn\u00fcgen und Tr\u00e4ume einzutauchen.<\/p>\n\n\n\n<p>Bezaubernd in ihrer \u00e4u\u00dferen Pracht und praktischen F\u00e4higkeiten, die <a href=\"https:\/\/prague-fenix.cz\/masseuses\/\">M\u00e4dchen<\/a> unseres Spice Massage-Etablissements sind jederzeit bereit, ihre anspruchsvollen Kunden mit den z\u00e4rtlichsten, liebevollsten und sinnlichsten Ber\u00fchrungen der Finger, H\u00e4nde und des ganzen K\u00f6rpers zu verw\u00f6hnen.&nbsp;<\/p>\n\n\n\n<figure class=\"wp-block-image size-full\"><img decoding=\"async\" width=\"1024\" height=\"683\" src=\"https:\/\/prague-fenix.cz\/wp-content\/uploads\/2024\/02\/erotic-massage-salon-pragua-fenix-1.jpeg\" alt=\"Erotischer Massagesalon Prag Fenix\" class=\"wp-image-867\" srcset=\"https:\/\/old.prague-fenix.cz\/wp-content\/uploads\/2024\/02\/erotic-massage-salon-pragua-fenix-1.jpeg 1024w, https:\/\/old.prague-fenix.cz\/wp-content\/uploads\/2024\/02\/erotic-massage-salon-pragua-fenix-1-300x200.jpeg 300w, https:\/\/old.prague-fenix.cz\/wp-content\/uploads\/2024\/02\/erotic-massage-salon-pragua-fenix-1-768x512.jpeg 768w, https:\/\/old.prague-fenix.cz\/wp-content\/uploads\/2024\/02\/erotic-massage-salon-pragua-fenix-1-18x12.jpeg 18w\" sizes=\"(max-width: 1024px) 100vw, 1024px\" \/><\/figure>\n\n\n\n<p>Wir laden Sie ein, mindestens eine Stunde lang genussvolle Momente zu genie\u00dfen, die wahre Freude und ein Meer der Wonne schenken.<\/p>\n\n\n\n<p>Neben klassischen Massagetechniken k\u00f6nnen Sie auch unsere <a href=\"https:\/\/prague-fenix.cz\/fenix-massage\/\">einzigartige Fenix-Massage<\/a>und die beliebteste Option ist <a href=\"https:\/\/prague-fenix.cz\/body-to-body\/\">K\u00f6rpermassage<\/a>.<\/p>\n\n\n\n<p>Wir sind es gewohnt, jeden Kunden wertzusch\u00e4tzen und ihn mit gro\u00dfer Ehrerbietung, Aufmerksamkeit und Sorgfalt zu behandeln \u2013 das ist das Grundprinzip unserer Meister.<\/p>\n\n\n\n<p>Wenn Sie k\u00f6rperliche und geistige Spannungen abbauen, den Ballast der allt\u00e4glichen Sorgen und Probleme abwerfen, Ihr k\u00f6rperliches Potenzial wiederherstellen und Ihr Selbstwertgef\u00fchl verbessern, die F\u00fclle des Lebens sp\u00fcren und das Gef\u00fchl wahrer Gl\u00fcckseligkeit entdecken m\u00f6chten \u2013 kontaktieren Sie uns und <strong>Buchen Sie eine Sitzung f\u00fcr eine erotische Massage<\/strong>: wir erf\u00fcllen all diese W\u00fcnsche in Bestform! <\/p>\n\n\n\n<p class=\"has-text-align-center\">Telefonnummer zur Buchung einer Sitzung \u2013 <a href=\"tel:  420 720 175 506\">+420 720 175 506<\/a>.<\/p>","protected":false},"excerpt":{"rendered":"<p>Unser Unternehmen ist der beste Erotikmassagesalon in Prag. Seine hohe Bewertung wird von unseren Kunden best\u00e4tigt, unter denen sich viele Vertreter der tschechischen Elite und hochrangige <a class=\"more-link\" href=\"https:\/\/old.prague-fenix.cz\/de\/about-us\/\">Weiterlesen \u2192<\/a><\/p>","protected":false},"author":3,"featured_media":0,"parent":0,"menu_order":0,"comment_status":"closed","ping_status":"closed","template":"","meta":{"footnotes":""},"class_list":["post-10","page","type-page","status-publish","hentry"],"yoast_head":"<!-- This site is optimized with the Yoast SEO plugin v25.0 - https:\/\/yoast.com\/wordpress\/plugins\/seo\/ -->\n<title>About us - Salon Fenix Prague<\/title>\n<meta name=\"description\" content=\"About the erotic massage salon in the Czech Republic - Fenix Prague. Features and benefits of the best erotic massage studio for men and women. Why choose Fenix?\" \/>\n<meta name=\"robots\" content=\"noindex, follow, max-snippet:-1, max-image-preview:large, max-video-preview:-1\" \/>\n<meta property=\"og:locale\" content=\"de_DE\" \/>\n<meta property=\"og:type\" content=\"article\" \/>\n<meta property=\"og:title\" content=\"About us - Salon Fenix Prague\" \/>\n<meta property=\"og:description\" content=\"About the erotic massage salon in the Czech Republic - Fenix Prague. Features and benefits of the best erotic massage studio for men and women. Why choose Fenix?\" \/>\n<meta property=\"og:url\" content=\"https:\/\/old.prague-fenix.cz\/de\/about-us\/\" \/>\n<meta property=\"og:site_name\" content=\"Erotic massage salon Prague Fenix\" \/>\n<meta property=\"article:modified_time\" content=\"2024-04-15T21:21:39+00:00\" \/>\n<meta property=\"og:image\" content=\"https:\/\/prague-fenix.cz\/wp-content\/uploads\/2024\/02\/fenix-praga-salon-massage-1.jpeg\" \/>\n<meta name=\"twitter:card\" content=\"summary_large_image\" \/>\n<meta name=\"twitter:label1\" content=\"Gesch\u00e4tzte Lesezeit\" \/>\n\t<meta name=\"twitter:data1\" content=\"4\u00a0Minuten\" \/>\n<script type=\"application\/ld+json\" class=\"yoast-schema-graph\">{\"@context\":\"https:\/\/schema.org\",\"@graph\":[{\"@type\":\"WebPage\",\"@id\":\"https:\/\/old.prague-fenix.cz\/about-us\/\",\"url\":\"https:\/\/old.prague-fenix.cz\/about-us\/\",\"name\":\"About us - Salon Fenix Prague\",\"isPartOf\":{\"@id\":\"https:\/\/old.prague-fenix.cz\/#website\"},\"primaryImageOfPage\":{\"@id\":\"https:\/\/old.prague-fenix.cz\/about-us\/#primaryimage\"},\"image\":{\"@id\":\"https:\/\/old.prague-fenix.cz\/about-us\/#primaryimage\"},\"thumbnailUrl\":\"https:\/\/prague-fenix.cz\/wp-content\/uploads\/2024\/02\/fenix-praga-salon-massage-1.jpeg\",\"datePublished\":\"2023-05-07T10:35:41+00:00\",\"dateModified\":\"2024-04-15T21:21:39+00:00\",\"description\":\"About the erotic massage salon in the Czech Republic - Fenix Prague. Features and benefits of the best erotic massage studio for men and women. Why choose Fenix?\",\"breadcrumb\":{\"@id\":\"https:\/\/old.prague-fenix.cz\/about-us\/#breadcrumb\"},\"inLanguage\":\"de\",\"potentialAction\":[{\"@type\":\"ReadAction\",\"target\":[\"https:\/\/old.prague-fenix.cz\/about-us\/\"]}]},{\"@type\":\"ImageObject\",\"inLanguage\":\"de\",\"@id\":\"https:\/\/old.prague-fenix.cz\/about-us\/#primaryimage\",\"url\":\"https:\/\/prague-fenix.cz\/wp-content\/uploads\/2024\/02\/fenix-praga-salon-massage-1.jpeg\",\"contentUrl\":\"https:\/\/prague-fenix.cz\/wp-content\/uploads\/2024\/02\/fenix-praga-salon-massage-1.jpeg\"},{\"@type\":\"BreadcrumbList\",\"@id\":\"https:\/\/old.prague-fenix.cz\/about-us\/#breadcrumb\",\"itemListElement\":[{\"@type\":\"ListItem\",\"position\":1,\"name\":\"Dom\u016f\",\"item\":\"https:\/\/old.prague-fenix.cz\/\"},{\"@type\":\"ListItem\",\"position\":2,\"name\":\"About us\"}]},{\"@type\":\"WebSite\",\"@id\":\"https:\/\/old.prague-fenix.cz\/#website\",\"url\":\"https:\/\/old.prague-fenix.cz\/\",\"name\":\"Erotick\u00fd mas\u00e1\u017en\u00ed sal\u00f3n Prague F\u00e9nix\",\"description\":\"Massage salon and erotic massages, body to body, tantra, mix, nuru and lingam massage, lesbian show, BDSM massage.\",\"publisher\":{\"@id\":\"https:\/\/old.prague-fenix.cz\/#\/schema\/person\/2ba77174c6f44cc2bc3d0f5e8ba640d6\"},\"potentialAction\":[{\"@type\":\"SearchAction\",\"target\":{\"@type\":\"EntryPoint\",\"urlTemplate\":\"https:\/\/old.prague-fenix.cz\/?s={search_term_string}\"},\"query-input\":{\"@type\":\"PropertyValueSpecification\",\"valueRequired\":true,\"valueName\":\"search_term_string\"}}],\"inLanguage\":\"de\"},{\"@type\":[\"Person\",\"Organization\"],\"@id\":\"https:\/\/old.prague-fenix.cz\/#\/schema\/person\/2ba77174c6f44cc2bc3d0f5e8ba640d6\",\"name\":\"Prague Fenix\",\"image\":{\"@type\":\"ImageObject\",\"inLanguage\":\"de\",\"@id\":\"https:\/\/old.prague-fenix.cz\/#\/schema\/person\/image\/\",\"url\":\"https:\/\/prague-fenix.cz\/wp-content\/uploads\/2023\/05\/prague-fenix.cz-logo-e1684684035397.png\",\"contentUrl\":\"https:\/\/prague-fenix.cz\/wp-content\/uploads\/2023\/05\/prague-fenix.cz-logo-e1684684035397.png\",\"width\":675,\"height\":675,\"caption\":\"Prague Fenix\"},\"logo\":{\"@id\":\"https:\/\/old.prague-fenix.cz\/#\/schema\/person\/image\/\"},\"sameAs\":[\"http:\/\/www.prague-fenix.cz\"]}]}<\/script>\n<!-- \/ Yoast SEO plugin. -->","yoast_head_json":{"title":"About us - Salon Fenix Prague","description":"About the erotic massage salon in the Czech Republic - Fenix Prague. Features and benefits of the best erotic massage studio for men and women. Why choose Fenix?","robots":{"index":"noindex","follow":"follow","max-snippet":"max-snippet:-1","max-image-preview":"max-image-preview:large","max-video-preview":"max-video-preview:-1"},"og_locale":"de_DE","og_type":"article","og_title":"About us - Salon Fenix Prague","og_description":"About the erotic massage salon in the Czech Republic - Fenix Prague. Features and benefits of the best erotic massage studio for men and women. Why choose Fenix?","og_url":"https:\/\/old.prague-fenix.cz\/de\/about-us\/","og_site_name":"Erotic massage salon Prague Fenix","article_modified_time":"2024-04-15T21:21:39+00:00","og_image":[{"url":"https:\/\/prague-fenix.cz\/wp-content\/uploads\/2024\/02\/fenix-praga-salon-massage-1.jpeg","type":"","width":"","height":""}],"twitter_card":"summary_large_image","twitter_misc":{"Gesch\u00e4tzte Lesezeit":"4\u00a0Minuten"},"schema":{"@context":"https:\/\/schema.org","@graph":[{"@type":"WebPage","@id":"https:\/\/old.prague-fenix.cz\/about-us\/","url":"https:\/\/old.prague-fenix.cz\/about-us\/","name":"About us - Salon Fenix Prague","isPartOf":{"@id":"https:\/\/old.prague-fenix.cz\/#website"},"primaryImageOfPage":{"@id":"https:\/\/old.prague-fenix.cz\/about-us\/#primaryimage"},"image":{"@id":"https:\/\/old.prague-fenix.cz\/about-us\/#primaryimage"},"thumbnailUrl":"https:\/\/prague-fenix.cz\/wp-content\/uploads\/2024\/02\/fenix-praga-salon-massage-1.jpeg","datePublished":"2023-05-07T10:35:41+00:00","dateModified":"2024-04-15T21:21:39+00:00","description":"About the erotic massage salon in the Czech Republic - Fenix Prague. Features and benefits of the best erotic massage studio for men and women. Why choose Fenix?","breadcrumb":{"@id":"https:\/\/old.prague-fenix.cz\/about-us\/#breadcrumb"},"inLanguage":"de","potentialAction":[{"@type":"ReadAction","target":["https:\/\/old.prague-fenix.cz\/about-us\/"]}]},{"@type":"ImageObject","inLanguage":"de","@id":"https:\/\/old.prague-fenix.cz\/about-us\/#primaryimage","url":"https:\/\/prague-fenix.cz\/wp-content\/uploads\/2024\/02\/fenix-praga-salon-massage-1.jpeg","contentUrl":"https:\/\/prague-fenix.cz\/wp-content\/uploads\/2024\/02\/fenix-praga-salon-massage-1.jpeg"},{"@type":"BreadcrumbList","@id":"https:\/\/old.prague-fenix.cz\/about-us\/#breadcrumb","itemListElement":[{"@type":"ListItem","position":1,"name":"Dom\u016f","item":"https:\/\/old.prague-fenix.cz\/"},{"@type":"ListItem","position":2,"name":"About us"}]},{"@type":"WebSite","@id":"https:\/\/old.prague-fenix.cz\/#website","url":"https:\/\/old.prague-fenix.cz\/","name":"Erotick\u00fd mas\u00e1\u017en\u00ed sal\u00f3n Prague F\u00e9nix","description":"Massage salon and erotic massages, body to body, tantra, mix, nuru and lingam massage, lesbian show, BDSM massage.","publisher":{"@id":"https:\/\/old.prague-fenix.cz\/#\/schema\/person\/2ba77174c6f44cc2bc3d0f5e8ba640d6"},"potentialAction":[{"@type":"SearchAction","target":{"@type":"EntryPoint","urlTemplate":"https:\/\/old.prague-fenix.cz\/?s={search_term_string}"},"query-input":{"@type":"PropertyValueSpecification","valueRequired":true,"valueName":"search_term_string"}}],"inLanguage":"de"},{"@type":["Person","Organization"],"@id":"https:\/\/old.prague-fenix.cz\/#\/schema\/person\/2ba77174c6f44cc2bc3d0f5e8ba640d6","name":"Prague Fenix","image":{"@type":"ImageObject","inLanguage":"de","@id":"https:\/\/old.prague-fenix.cz\/#\/schema\/person\/image\/","url":"https:\/\/prague-fenix.cz\/wp-content\/uploads\/2023\/05\/prague-fenix.cz-logo-e1684684035397.png","contentUrl":"https:\/\/prague-fenix.cz\/wp-content\/uploads\/2023\/05\/prague-fenix.cz-logo-e1684684035397.png","width":675,"height":675,"caption":"Prague Fenix"},"logo":{"@id":"https:\/\/old.prague-fenix.cz\/#\/schema\/person\/image\/"},"sameAs":["http:\/\/www.prague-fenix.cz"]}]}},"_links":{"self":[{"href":"https:\/\/old.prague-fenix.cz\/de\/wp-json\/wp\/v2\/pages\/10","targetHints":{"allow":["GET"]}}],"collection":[{"href":"https:\/\/old.prague-fenix.cz\/de\/wp-json\/wp\/v2\/pages"}],"about":[{"href":"https:\/\/old.prague-fenix.cz\/de\/wp-json\/wp\/v2\/types\/page"}],"author":[{"embeddable":true,"href":"https:\/\/old.prague-fenix.cz\/de\/wp-json\/wp\/v2\/users\/3"}],"replies":[{"embeddable":true,"href":"https:\/\/old.prague-fenix.cz\/de\/wp-json\/wp\/v2\/comments?post=10"}],"version-history":[{"count":0,"href":"https:\/\/old.prague-fenix.cz\/de\/wp-json\/wp\/v2\/pages\/10\/revisions"}],"wp:attachment":[{"href":"https:\/\/old.prague-fenix.cz\/de\/wp-json\/wp\/v2\/media?parent=10"}],"curies":[{"name":"wp","href":"https:\/\/api.w.org\/{rel}","templated":true}]}}