{"id":453,"date":"2024-02-08T03:02:42","date_gmt":"2024-02-08T02:02:42","guid":{"rendered":"https:\/\/prague-fenix.cz\/?page_id=453"},"modified":"2024-03-07T23:44:18","modified_gmt":"2024-03-07T22:44:18","slug":"rules","status":"publish","type":"page","link":"https:\/\/old.prague-fenix.cz\/cs\/rules\/","title":{"rendered":"Pravidla"},"content":{"rendered":"<h2 class=\"wp-block-heading has-text-align-center\">N\u00e1v\u0161t\u011bvn\u00ed \u0159\u00e1d <br><mark style=\"background-color:rgba(0, 0, 0, 0)\" class=\"has-inline-color has-vivid-red-color\">Erotick\u00fd mas\u00e1\u017en\u00ed salon<\/mark> <mark style=\"background-color:rgba(0, 0, 0, 0)\" class=\"has-inline-color has-vivid-red-color\">Prague Fenix<\/mark><\/h2>\n\n\n\n<p>Doporu\u010dujeme se sezn\u00e1mit se seznamem pravidel pro n\u00e1v\u0161t\u011bvu mas\u00e1\u017en\u00edho salonu Prague Fenix, aby nedoch\u00e1zelo k nedorozum\u011bn\u00edm a jin\u00fdm p\u0159\u00ed\u010din\u00e1m nespokojenosti klient\u016f.<\/p>\n\n\n\n<ol class=\"wp-block-list\">\n<li>To nejd\u016fle\u017eit\u011bj\u0161\u00ed: na\u0161e d\u00edvky neposkytuj\u00ed intimn\u00ed slu\u017eby. Jin\u00fdmi slovy: v salonu Prague Fenix nen\u00ed \u017e\u00e1dn\u00fd sex ani or\u00e1ln\u00ed uspokojen\u00ed. <\/li>\n\n\n\n<li>Slu\u017eby erotick\u00fdch mas\u00e1\u017e\u00ed mohou v na\u0161em salonu vyu\u017e\u00edvat pouze osoby star\u0161\u00ed 18 let.<\/li>\n\n\n\n<li>Nesd\u00edl\u00edme osobn\u00ed telefonn\u00ed \u010d\u00edsla ani nesjedn\u00e1v\u00e1me sch\u016fzky s na\u0161imi hosty mimo salon.<\/li>\n\n\n\n<li>Pokud si chcete k hlavn\u00ed slu\u017eb\u011b objednat dal\u0161\u00ed druhy mas\u00e1\u017e\u00ed, je na zv\u00e1\u017een\u00ed, \u017ee ne ka\u017ed\u00e1 mas\u00e9rka d\u011bl\u00e1 tu \u010di onu mas\u00e1\u017e. Proto je lep\u0161\u00ed tento bod projednat p\u0159edem.<\/li>\n\n\n\n<li>Dot\u00fdkat se d\u00edvky (d\u00edvek) b\u011bhem sezen\u00ed nen\u00ed zak\u00e1z\u00e1no, ale NE bradavek a NE genit\u00e1li\u00ed \u2013 intimn\u00edch parti\u00ed.<\/li>\n\n\n\n<li>Nat\u00e1\u010den\u00ed a fotografov\u00e1n\u00ed v na\u0161em salonu je p\u0159\u00edsn\u011b zak\u00e1z\u00e1no!<\/li>\n\n\n\n<li>Erotick\u00fd mas\u00e1\u017en\u00ed salon Prague Fenix je otev\u0159en po domluv\u011b. Doba n\u00e1v\u0161t\u011bvy se za\u010d\u00edn\u00e1 po\u010d\u00edtat od okam\u017eiku, kdy p\u0159ekro\u010d\u00edte pr\u00e1h mas\u00e1\u017en\u00ed m\u00edstnosti.<\/li>\n\n\n\n<li>Jsme v\u017edy p\u0159ipraveni zodpov\u011bd\u011bt v\u0161echny va\u0161e dotazy, ale vyhrazujeme si pr\u00e1vo diskutovat o t\u00e9matech osobn\u00edho charakteru.<\/li>\n<\/ol>\n\n\n\n<p>Upozor\u0148ujeme, \u017ee v p\u0159\u00edpad\u011b neetick\u00e9ho chov\u00e1n\u00ed m\u016f\u017ee mas\u00e1\u017en\u00ed salon Prague Fenix odm\u00edtnout poskytnut\u00ed slu\u017eeb. <\/p>\n\n\n\n<figure class=\"wp-block-image size-full\"><img fetchpriority=\"high\" decoding=\"async\" width=\"1000\" height=\"667\" src=\"https:\/\/prague-fenix.cz\/wp-content\/uploads\/2024\/02\/erotic-massage-fenix-rules.jpeg\" alt=\"\" class=\"wp-image-487\" srcset=\"https:\/\/old.prague-fenix.cz\/wp-content\/uploads\/2024\/02\/erotic-massage-fenix-rules.jpeg 1000w, https:\/\/old.prague-fenix.cz\/wp-content\/uploads\/2024\/02\/erotic-massage-fenix-rules-300x200.jpeg 300w, https:\/\/old.prague-fenix.cz\/wp-content\/uploads\/2024\/02\/erotic-massage-fenix-rules-768x512.jpeg 768w, https:\/\/old.prague-fenix.cz\/wp-content\/uploads\/2024\/02\/erotic-massage-fenix-rules-18x12.jpeg 18w\" sizes=\"(max-width: 1000px) 100vw, 1000px\" \/><\/figure>\n\n\n\n<h4 class=\"wp-block-heading has-text-align-center\">Co d\u011blat <mark style=\"background-color:rgba(0, 0, 0, 0)\" class=\"has-inline-color has-vivid-red-color\">p\u0159ed n\u00e1v\u0161t\u011bvou<\/mark> Fenix<\/h4>\n\n\n\n<p>V prvn\u00ed \u0159ad\u011b by jste si m\u011bli p\u0159edem rezervovat datum a \u010das n\u00e1v\u0161t\u011bvy. To v\u00e1m umo\u017en\u00ed pomalu a zcela sebev\u011bdom\u011b se na sezen\u00ed naladit.  <br>D\u016fle\u017eit\u00e9 je tak\u00e9 dorazit do salonu v\u010das, bez zpo\u017ed\u011bn\u00ed. V klidu se p\u0159evl\u00e9knout a dob\u0159e se p\u0159ipravit na mas\u00e1\u017e.<\/p>\n\n\n\n<h4 class=\"wp-block-heading has-text-align-center\">Co d\u011blat <mark style=\"background-color:rgba(0, 0, 0, 0)\" class=\"has-inline-color has-vivid-red-color\">p\u0159ed mas\u00e1\u017e\u00ed<\/mark>?<\/h4>\n\n\n\n<p>P\u0159ed mas\u00e1\u017e\u00ed se doporu\u010duje d\u00e1t si teplou sprchu. To v\u00e1m pom\u016f\u017ee relaxovat a z\u00e1rove\u0148 se um\u00fdt, umyjte se pe\u010dliv\u011b v\u010detn\u011b intimn\u00edch parti\u00ed.<br>P\u0159ed mas\u00e1\u017e\u00ed byste se tak\u00e9 m\u011bli vyvarovat pit\u00ed alkoholu a t\u011b\u017ek\u00e9mu j\u00eddlu. Aby jste se b\u011bhem procedury nec\u00edtil nepohodln\u011b.<\/p>\n\n\n\n<h4 class=\"wp-block-heading has-text-align-center\">Co d\u011blat <mark style=\"background-color:rgba(0, 0, 0, 0)\" class=\"has-inline-color has-vivid-red-color\">b\u011bhem mas\u00e1\u017ee<\/mark>? <\/h4>\n\n\n\n<p>V procesu poskytov\u00e1n\u00ed mas\u00e9rsk\u00e9 slu\u017eby je d\u016fle\u017eit\u00e9 d\u016fv\u011b\u0159ovat mas\u00e9rovi a uvolnit v\u0161echny sv\u00e9 my\u0161lenky a zbyte\u010dn\u00e9 starosti. Zkuste se soust\u0159edit na to, jak se c\u00edt\u00edte a u\u017e\u00edvat si ka\u017edou minutu str\u00e1venou v salonu.<br>Erotick\u00e1 mas\u00e1\u017e nen\u00ed jen fyzick\u00e1 relaxace, ale tak\u00e9 emocion\u00e1ln\u00ed, dovolte si proto proc\u00edtit celou \u0161k\u00e1lu emoc\u00ed, kter\u00e9 b\u011bhem procedury vznikaj\u00ed.<\/p>\n\n\n\n<h4 class=\"wp-block-heading has-text-align-center\">Co d\u011blat <mark style=\"background-color:rgba(0, 0, 0, 0)\" class=\"has-inline-color has-vivid-red-color\">po sezen\u00ed<\/mark>?<\/h4>\n\n\n\n<p>Po mas\u00e1\u017ei nesp\u011bchejte se vst\u00e1v\u00e1n\u00edm a ihned se obl\u00e9kat. Dejte sv\u00e9mu t\u011blu a mysli \u010das na zotaven\u00ed. Vypijte sklenici vody pro hydrataci t\u011bla a u\u017eijte si pocit lehkosti a klidu. <\/p>\n\n\n\n<p>Erotick\u00fd mas\u00e1\u017en\u00ed salon Prague Fenix \u200b\u200bje r\u00e1d, \u017ee V\u00e1s vid\u00ed mezi sv\u00fdmi klienty! Pro rezervaci sezen\u00ed n\u00e1m pros\u00edm zavolejte <a href=\"tel:  420 720 175 506\">+420 720 175 506<\/a> - r\u00e1di zodpov\u00edme v\u0161echny va\u0161e dotazy a zarezervujeme v\u00e1m vhodn\u00fd \u010das na po\u017eadovan\u00fd typ mas\u00e1\u017ee.<\/p>","protected":false},"excerpt":{"rendered":"<p>N\u00e1v\u0161t\u011bvn\u00ed \u0159\u00e1d Erotick\u00e9ho mas\u00e1\u017en\u00edho salonu Praha Fenix Doporu\u010dujeme sezn\u00e1mit se s n\u00e1v\u0161t\u011bvn\u00edm \u0159\u00e1dem mas\u00e1\u017en\u00edho salonu Fenix, aby nedoch\u00e1zelo k nedorozum\u011bn\u00edm a jin\u00fdm d\u016fvod\u016fm nelibosti klienta. Na <a class=\"more-link\" href=\"https:\/\/old.prague-fenix.cz\/cs\/rules\/\">Pokra\u010dovat ve \u010dten\u00ed \u2192<\/a><\/p>","protected":false},"author":3,"featured_media":0,"parent":0,"menu_order":0,"comment_status":"closed","ping_status":"closed","template":"","meta":{"footnotes":""},"class_list":["post-453","page","type-page","status-publish","hentry"],"yoast_head":"<!-- This site is optimized with the Yoast SEO plugin v25.0 - https:\/\/yoast.com\/wordpress\/plugins\/seo\/ -->\n<title>Rules - Prague Fenix<\/title>\n<meta name=\"description\" content=\"Rules of the Prague Fenix erotic massage salon. What can be done and what cannot be done. Rights and obligations, tips and recommendations.\" \/>\n<meta name=\"robots\" content=\"noindex, follow, max-snippet:-1, max-image-preview:large, max-video-preview:-1\" \/>\n<meta property=\"og:locale\" content=\"cs_CZ\" \/>\n<meta property=\"og:type\" content=\"article\" \/>\n<meta property=\"og:title\" content=\"Rules - Prague Fenix\" \/>\n<meta property=\"og:description\" content=\"Rules of the Prague Fenix erotic massage salon. What can be done and what cannot be done. Rights and obligations, tips and recommendations.\" \/>\n<meta property=\"og:url\" content=\"https:\/\/old.prague-fenix.cz\/cs\/rules\/\" \/>\n<meta property=\"og:site_name\" content=\"Erotic massage salon Prague Fenix\" \/>\n<meta property=\"article:modified_time\" content=\"2024-03-07T22:44:18+00:00\" \/>\n<meta property=\"og:image\" content=\"https:\/\/prague-fenix.cz\/wp-content\/uploads\/2024\/02\/erotic-massage-fenix-rules.jpeg\" \/>\n<meta name=\"twitter:card\" content=\"summary_large_image\" \/>\n<meta name=\"twitter:label1\" content=\"Odhadovan\u00e1 doba \u010dten\u00ed\" \/>\n\t<meta name=\"twitter:data1\" content=\"3 minuty\" \/>\n<script type=\"application\/ld+json\" class=\"yoast-schema-graph\">{\"@context\":\"https:\/\/schema.org\",\"@graph\":[{\"@type\":\"WebPage\",\"@id\":\"https:\/\/old.prague-fenix.cz\/rules\/\",\"url\":\"https:\/\/old.prague-fenix.cz\/rules\/\",\"name\":\"Rules - Prague Fenix\",\"isPartOf\":{\"@id\":\"https:\/\/old.prague-fenix.cz\/#website\"},\"primaryImageOfPage\":{\"@id\":\"https:\/\/old.prague-fenix.cz\/rules\/#primaryimage\"},\"image\":{\"@id\":\"https:\/\/old.prague-fenix.cz\/rules\/#primaryimage\"},\"thumbnailUrl\":\"https:\/\/prague-fenix.cz\/wp-content\/uploads\/2024\/02\/erotic-massage-fenix-rules.jpeg\",\"datePublished\":\"2024-02-08T02:02:42+00:00\",\"dateModified\":\"2024-03-07T22:44:18+00:00\",\"description\":\"Rules of the Prague Fenix erotic massage salon. What can be done and what cannot be done. Rights and obligations, tips and recommendations.\",\"breadcrumb\":{\"@id\":\"https:\/\/old.prague-fenix.cz\/rules\/#breadcrumb\"},\"inLanguage\":\"cs\",\"potentialAction\":[{\"@type\":\"ReadAction\",\"target\":[\"https:\/\/old.prague-fenix.cz\/rules\/\"]}]},{\"@type\":\"ImageObject\",\"inLanguage\":\"cs\",\"@id\":\"https:\/\/old.prague-fenix.cz\/rules\/#primaryimage\",\"url\":\"https:\/\/prague-fenix.cz\/wp-content\/uploads\/2024\/02\/erotic-massage-fenix-rules.jpeg\",\"contentUrl\":\"https:\/\/prague-fenix.cz\/wp-content\/uploads\/2024\/02\/erotic-massage-fenix-rules.jpeg\"},{\"@type\":\"BreadcrumbList\",\"@id\":\"https:\/\/old.prague-fenix.cz\/rules\/#breadcrumb\",\"itemListElement\":[{\"@type\":\"ListItem\",\"position\":1,\"name\":\"Dom\u016f\",\"item\":\"https:\/\/old.prague-fenix.cz\/\"},{\"@type\":\"ListItem\",\"position\":2,\"name\":\"Rules\"}]},{\"@type\":\"WebSite\",\"@id\":\"https:\/\/old.prague-fenix.cz\/#website\",\"url\":\"https:\/\/old.prague-fenix.cz\/\",\"name\":\"Erotick\u00fd mas\u00e1\u017en\u00ed sal\u00f3n Prague F\u00e9nix\",\"description\":\"Massage salon and erotic massages, body to body, tantra, mix, nuru and lingam massage, lesbian show, BDSM massage.\",\"publisher\":{\"@id\":\"https:\/\/old.prague-fenix.cz\/#\/schema\/person\/2ba77174c6f44cc2bc3d0f5e8ba640d6\"},\"potentialAction\":[{\"@type\":\"SearchAction\",\"target\":{\"@type\":\"EntryPoint\",\"urlTemplate\":\"https:\/\/old.prague-fenix.cz\/?s={search_term_string}\"},\"query-input\":{\"@type\":\"PropertyValueSpecification\",\"valueRequired\":true,\"valueName\":\"search_term_string\"}}],\"inLanguage\":\"cs\"},{\"@type\":[\"Person\",\"Organization\"],\"@id\":\"https:\/\/old.prague-fenix.cz\/#\/schema\/person\/2ba77174c6f44cc2bc3d0f5e8ba640d6\",\"name\":\"Prague Fenix\",\"image\":{\"@type\":\"ImageObject\",\"inLanguage\":\"cs\",\"@id\":\"https:\/\/old.prague-fenix.cz\/#\/schema\/person\/image\/\",\"url\":\"https:\/\/prague-fenix.cz\/wp-content\/uploads\/2023\/05\/prague-fenix.cz-logo-e1684684035397.png\",\"contentUrl\":\"https:\/\/prague-fenix.cz\/wp-content\/uploads\/2023\/05\/prague-fenix.cz-logo-e1684684035397.png\",\"width\":675,\"height\":675,\"caption\":\"Prague Fenix\"},\"logo\":{\"@id\":\"https:\/\/old.prague-fenix.cz\/#\/schema\/person\/image\/\"},\"sameAs\":[\"http:\/\/www.prague-fenix.cz\"]}]}<\/script>\n<!-- \/ Yoast SEO plugin. -->","yoast_head_json":{"title":"Rules - Prague Fenix","description":"Rules of the Prague Fenix erotic massage salon. What can be done and what cannot be done. Rights and obligations, tips and recommendations.","robots":{"index":"noindex","follow":"follow","max-snippet":"max-snippet:-1","max-image-preview":"max-image-preview:large","max-video-preview":"max-video-preview:-1"},"og_locale":"cs_CZ","og_type":"article","og_title":"Rules - Prague Fenix","og_description":"Rules of the Prague Fenix erotic massage salon. What can be done and what cannot be done. Rights and obligations, tips and recommendations.","og_url":"https:\/\/old.prague-fenix.cz\/cs\/rules\/","og_site_name":"Erotic massage salon Prague Fenix","article_modified_time":"2024-03-07T22:44:18+00:00","og_image":[{"url":"https:\/\/prague-fenix.cz\/wp-content\/uploads\/2024\/02\/erotic-massage-fenix-rules.jpeg","type":"","width":"","height":""}],"twitter_card":"summary_large_image","twitter_misc":{"Odhadovan\u00e1 doba \u010dten\u00ed":"3 minuty"},"schema":{"@context":"https:\/\/schema.org","@graph":[{"@type":"WebPage","@id":"https:\/\/old.prague-fenix.cz\/rules\/","url":"https:\/\/old.prague-fenix.cz\/rules\/","name":"Rules - Prague Fenix","isPartOf":{"@id":"https:\/\/old.prague-fenix.cz\/#website"},"primaryImageOfPage":{"@id":"https:\/\/old.prague-fenix.cz\/rules\/#primaryimage"},"image":{"@id":"https:\/\/old.prague-fenix.cz\/rules\/#primaryimage"},"thumbnailUrl":"https:\/\/prague-fenix.cz\/wp-content\/uploads\/2024\/02\/erotic-massage-fenix-rules.jpeg","datePublished":"2024-02-08T02:02:42+00:00","dateModified":"2024-03-07T22:44:18+00:00","description":"Rules of the Prague Fenix erotic massage salon. What can be done and what cannot be done. Rights and obligations, tips and recommendations.","breadcrumb":{"@id":"https:\/\/old.prague-fenix.cz\/rules\/#breadcrumb"},"inLanguage":"cs","potentialAction":[{"@type":"ReadAction","target":["https:\/\/old.prague-fenix.cz\/rules\/"]}]},{"@type":"ImageObject","inLanguage":"cs","@id":"https:\/\/old.prague-fenix.cz\/rules\/#primaryimage","url":"https:\/\/prague-fenix.cz\/wp-content\/uploads\/2024\/02\/erotic-massage-fenix-rules.jpeg","contentUrl":"https:\/\/prague-fenix.cz\/wp-content\/uploads\/2024\/02\/erotic-massage-fenix-rules.jpeg"},{"@type":"BreadcrumbList","@id":"https:\/\/old.prague-fenix.cz\/rules\/#breadcrumb","itemListElement":[{"@type":"ListItem","position":1,"name":"Dom\u016f","item":"https:\/\/old.prague-fenix.cz\/"},{"@type":"ListItem","position":2,"name":"Rules"}]},{"@type":"WebSite","@id":"https:\/\/old.prague-fenix.cz\/#website","url":"https:\/\/old.prague-fenix.cz\/","name":"Erotick\u00fd mas\u00e1\u017en\u00ed sal\u00f3n Prague F\u00e9nix","description":"Massage salon and erotic massages, body to body, tantra, mix, nuru and lingam massage, lesbian show, BDSM massage.","publisher":{"@id":"https:\/\/old.prague-fenix.cz\/#\/schema\/person\/2ba77174c6f44cc2bc3d0f5e8ba640d6"},"potentialAction":[{"@type":"SearchAction","target":{"@type":"EntryPoint","urlTemplate":"https:\/\/old.prague-fenix.cz\/?s={search_term_string}"},"query-input":{"@type":"PropertyValueSpecification","valueRequired":true,"valueName":"search_term_string"}}],"inLanguage":"cs"},{"@type":["Person","Organization"],"@id":"https:\/\/old.prague-fenix.cz\/#\/schema\/person\/2ba77174c6f44cc2bc3d0f5e8ba640d6","name":"Prague Fenix","image":{"@type":"ImageObject","inLanguage":"cs","@id":"https:\/\/old.prague-fenix.cz\/#\/schema\/person\/image\/","url":"https:\/\/prague-fenix.cz\/wp-content\/uploads\/2023\/05\/prague-fenix.cz-logo-e1684684035397.png","contentUrl":"https:\/\/prague-fenix.cz\/wp-content\/uploads\/2023\/05\/prague-fenix.cz-logo-e1684684035397.png","width":675,"height":675,"caption":"Prague Fenix"},"logo":{"@id":"https:\/\/old.prague-fenix.cz\/#\/schema\/person\/image\/"},"sameAs":["http:\/\/www.prague-fenix.cz"]}]}},"_links":{"self":[{"href":"https:\/\/old.prague-fenix.cz\/cs\/wp-json\/wp\/v2\/pages\/453","targetHints":{"allow":["GET"]}}],"collection":[{"href":"https:\/\/old.prague-fenix.cz\/cs\/wp-json\/wp\/v2\/pages"}],"about":[{"href":"https:\/\/old.prague-fenix.cz\/cs\/wp-json\/wp\/v2\/types\/page"}],"author":[{"embeddable":true,"href":"https:\/\/old.prague-fenix.cz\/cs\/wp-json\/wp\/v2\/users\/3"}],"replies":[{"embeddable":true,"href":"https:\/\/old.prague-fenix.cz\/cs\/wp-json\/wp\/v2\/comments?post=453"}],"version-history":[{"count":0,"href":"https:\/\/old.prague-fenix.cz\/cs\/wp-json\/wp\/v2\/pages\/453\/revisions"}],"wp:attachment":[{"href":"https:\/\/old.prague-fenix.cz\/cs\/wp-json\/wp\/v2\/media?parent=453"}],"curies":[{"name":"wp","href":"https:\/\/api.w.org\/{rel}","templated":true}]}}