{"id":423,"date":"2024-02-08T01:09:43","date_gmt":"2024-02-08T00:09:43","guid":{"rendered":"https:\/\/prague-fenix.cz\/?page_id=423"},"modified":"2024-03-29T12:53:53","modified_gmt":"2024-03-29T11:53:53","slug":"faq","status":"publish","type":"page","link":"https:\/\/old.prague-fenix.cz\/cs\/faq\/","title":{"rendered":"FAQ"},"content":{"rendered":"<p>V \u010cesk\u00e9 republice jsou erotick\u00e9 mas\u00e1\u017ee velmi obl\u00edben\u00e9, tyto slu\u017eby zn\u00e1 t\u00e9m\u011b\u0159 ka\u017ed\u00fd. P\u0159esto maj\u00ed klienti a n\u00e1v\u0161t\u011bvn\u00edci na\u0161eho salonu mnoho ot\u00e1zek t\u00fdkaj\u00edc\u00edch se technik a vlastnost\u00ed r\u016fzn\u00fdch typ\u016f slu\u017eeb. To nen\u00ed p\u0159ekvapiv\u00e9, proto\u017ee mas\u00e1\u017e je intimn\u00ed a jemn\u00e1.<\/p>\n\n\n\n<figure class=\"wp-block-image alignwide size-full\"><img fetchpriority=\"high\" decoding=\"async\" width=\"1200\" height=\"901\" src=\"https:\/\/prague-fenix.cz\/wp-content\/uploads\/2024\/03\/faq.jpg\" alt=\"\u010dasto kladen\u00e9 ot\u00e1zky erotick\u00e1 mas\u00e1\u017e\" class=\"wp-image-1192\" srcset=\"https:\/\/old.prague-fenix.cz\/wp-content\/uploads\/2024\/03\/faq.jpg 1200w, https:\/\/old.prague-fenix.cz\/wp-content\/uploads\/2024\/03\/faq-300x225.jpg 300w, https:\/\/old.prague-fenix.cz\/wp-content\/uploads\/2024\/03\/faq-1024x769.jpg 1024w, https:\/\/old.prague-fenix.cz\/wp-content\/uploads\/2024\/03\/faq-768x577.jpg 768w, https:\/\/old.prague-fenix.cz\/wp-content\/uploads\/2024\/03\/faq-16x12.jpg 16w\" sizes=\"(max-width: 1200px) 100vw, 1200px\" \/><\/figure>\n\n\n\n<div style=\"height:20px\" aria-hidden=\"true\" class=\"wp-block-spacer\"><\/div>\n\n\n\n<p>Sestavili jsme seznam nej\u010dast\u011bj\u0161\u00edch dotaz\u016f, aby ka\u017ed\u00fd, kdo chce na\u0161i erotickou mas\u00e1\u017e nav\u0161t\u00edvit, m\u011bl v\u0161echny informace, kter\u00e9 pot\u0159ebuje v\u011bd\u011bt.<\/p>\n\n\n\n<ul class=\"wp-block-list\">\n<li><strong>Mohu o\u010dek\u00e1vat anonymn\u00ed n\u00e1v\u0161t\u011bvu?<\/strong><br>Samoz\u0159ejm\u011b! Pro v\u0161echny klienty je dodr\u017eov\u00e1na p\u0159\u00edsn\u00e1 ml\u010denlivost.<\/li>\n<\/ul>\n\n\n\n<ul class=\"wp-block-list\">\n<li><strong>Jak\u00fd druh erotick\u00e9 mas\u00e1\u017ee je lep\u0161\u00ed zvolit?<\/strong><br>Touhy a preference ka\u017ed\u00e9ho \u010dlov\u011bka jsou individu\u00e1ln\u00ed. \u0158ekn\u011bte o sv\u00fdch p\u0159\u00e1n\u00edch a tajn\u00fdch fantazi\u00edch specialist\u016fm na\u0161eho salonu. Bu\u010fte si jisti, \u017ee v\u00e1m nab\u00eddnou mnoho zaj\u00edmav\u00fdch mo\u017enost\u00ed. Nap\u0159\u00edklad pro milovn\u00edky klasiky je vhodn\u00e1 \u201cBody mas\u00e1\u017e\u201d, pokud chcete n\u011bco exkluzivn\u00edho, zkuste \u201cBDSM-eromassage\u201d, \u201cLingama\u201d nebo si objednejte \u201cLesbian show\u201d.<\/li>\n<\/ul>\n\n\n\n<ul class=\"wp-block-list\">\n<li><strong>Co je nutn\u00e9 pro objedn\u00e1n\u00ed eromas\u00e1\u017ee?<\/strong><br>Klient si mus\u00ed pouze domluvit sch\u016fzku a dostavit se na sezen\u00ed v\u010das. V\u0161e ostatn\u00ed r\u00e1di za\u0159\u00edd\u00edme sami.<\/li>\n<\/ul>\n\n\n\n<ul class=\"wp-block-list\">\n<li><strong>Pro\u010d byste m\u011bli nav\u0161t\u011bvovat pouze specializovan\u00e9 salony?<\/strong><br>V prvn\u00ed \u0159ad\u011b jde o va\u0161i bezpe\u010dnost. N\u00e1\u0161 salon funguje ofici\u00e1ln\u011b, m\u00e1 v\u0161echna pot\u0159ebn\u00e1 povolen\u00ed. Nav\u00edc dodr\u017eujeme v\u0161echna pravidla sterility, person\u00e1l se ke klientovi chov\u00e1 s respektem a slu\u0161n\u011b.<\/li>\n<\/ul>\n\n\n\n<ul class=\"wp-block-list\">\n<li><strong>Mohu p\u0159ij\u00edt na sezen\u00ed se sv\u00fdm partnerem?<\/strong><br>Nejen, \u017ee m\u016f\u017eete, je to dokonce nutn\u00e9! M\u00e1me samostatn\u00fd typ erotick\u00e9 mas\u00e1\u017ee pro p\u00e1ry.<\/li>\n<\/ul>\n\n\n\n<ul class=\"wp-block-list\">\n<li><strong>Jak dlouho trv\u00e1 mas\u00e1\u017e?<\/strong><br>V\u0161e z\u00e1vis\u00ed na typu slu\u017eby a technice jej\u00edho proveden\u00ed. Ka\u017edou z mas\u00e1\u017e\u00ed lze objednat na jin\u00fd \u010dasov\u00fd interval. M\u016f\u017ee to b\u00fdt sezen\u00ed v d\u00e9lce 30 minut nebo 1 hodiny. N\u011bkter\u00e9 z mas\u00e1\u017e\u00ed mohou trvat i mnohem d\u00e9le. Podrobn\u00e9 informace jsou k dispozici na str\u00e1nk\u00e1ch ka\u017ed\u00e9 slu\u017eby.<\/li>\n<\/ul>\n\n\n\n<ul class=\"wp-block-list\">\n<li><strong>Co m\u00e1m d\u011blat, kdy\u017e b\u011bhem sezen\u00ed zjist\u00edm, \u017ee tento typ mas\u00e1\u017ee pro m\u011b nen\u00ed vhodn\u00fd?<\/strong><br>Hlavn\u00ed je pro n\u00e1s p\u0159\u00e1n\u00ed klienta! Osobn\u00ed hranice nebudou nikdy poru\u0161eny a nepohodl\u00ed nebude tolerov\u00e1no. V\u017edy je mo\u017enost vybrat si p\u0159esn\u011b to, co vyhovuje va\u0161im pot\u0159eb\u00e1m.<\/li>\n<\/ul>\n\n\n\n<ul class=\"wp-block-list\">\n<li><strong>Kolik stoj\u00ed erotick\u00e1 mas\u00e1\u017e?<\/strong><br>Cena za erotickou mas\u00e1\u017e v na\u0161em salonu je dostupn\u00e1 nejen v Praze, ale i v cel\u00e9 \u010cR. Cenu na\u0161ich slu\u017eeb neskr\u00fdv\u00e1me ani nem\u011bn\u00edme (bez p\u0159edchoz\u00edho upozorn\u011bn\u00ed). Zde m\u016f\u017eete vid\u011bt aktu\u00e1ln\u00ed <a href=\"https:\/\/prague-fenix.cz\/ru\/prices\/\">cen\u00edk<\/a>.<\/li>\n<\/ul>\n\n\n\n<p>Pokud nenajdete pot\u0159ebn\u00e9 informace, kontaktujte n\u00e1s na tel. \u010d\u00edsle <a href=\"tel:  420 720 175 506\">+420 720 175 506<\/a> a my v\u00e1m zodpov\u00edme v\u0161echny va\u0161e ot\u00e1zky!<\/p>","protected":false},"excerpt":{"rendered":"<p>V \u010cesk\u00e9 republice jsou erotick\u00e9 mas\u00e1\u017ee velmi obl\u00edben\u00e9, tyto slu\u017eby zn\u00e1 t\u00e9m\u011b\u0159 ka\u017ed\u00fd. P\u0159esto maj\u00ed klienti a n\u00e1v\u0161t\u011bvn\u00edci na\u0161eho salonu mnoho ot\u00e1zek ohledn\u011b technik <a class=\"more-link\" href=\"https:\/\/old.prague-fenix.cz\/cs\/faq\/\">Pokra\u010dovat ve \u010dten\u00ed \u2192<\/a><\/p>","protected":false},"author":3,"featured_media":1192,"parent":0,"menu_order":0,"comment_status":"closed","ping_status":"closed","template":"","meta":{"footnotes":""},"class_list":["post-423","page","type-page","status-publish","has-post-thumbnail","hentry"],"yoast_head":"<!-- This site is optimized with the Yoast SEO plugin v25.0 - https:\/\/yoast.com\/wordpress\/plugins\/seo\/ -->\n<title>FAQ - Fenix Prague<\/title>\n<meta name=\"description\" content=\"FAQs about erotic massage: services, salon, masseuses, prices, etc. Find answers to common questions on our website.\" \/>\n<meta name=\"robots\" content=\"noindex, follow, max-snippet:-1, max-image-preview:large, max-video-preview:-1\" \/>\n<meta property=\"og:locale\" content=\"cs_CZ\" \/>\n<meta property=\"og:type\" content=\"article\" \/>\n<meta property=\"og:title\" content=\"FAQ - Fenix Prague\" \/>\n<meta property=\"og:description\" content=\"FAQs about erotic massage: services, salon, masseuses, prices, etc. Find answers to common questions on our website.\" \/>\n<meta property=\"og:url\" content=\"https:\/\/old.prague-fenix.cz\/cs\/faq\/\" \/>\n<meta property=\"og:site_name\" content=\"Erotic massage salon Prague Fenix\" \/>\n<meta property=\"article:modified_time\" content=\"2024-03-29T11:53:53+00:00\" \/>\n<meta property=\"og:image\" content=\"https:\/\/old.prague-fenix.cz\/wp-content\/uploads\/2024\/03\/faq.jpg\" \/>\n\t<meta property=\"og:image:width\" content=\"1200\" \/>\n\t<meta property=\"og:image:height\" content=\"901\" \/>\n\t<meta property=\"og:image:type\" content=\"image\/jpeg\" \/>\n<meta name=\"twitter:card\" content=\"summary_large_image\" \/>\n<meta name=\"twitter:label1\" content=\"Odhadovan\u00e1 doba \u010dten\u00ed\" \/>\n\t<meta name=\"twitter:data1\" content=\"3 minuty\" \/>\n<script type=\"application\/ld+json\" class=\"yoast-schema-graph\">{\"@context\":\"https:\/\/schema.org\",\"@graph\":[{\"@type\":\"WebPage\",\"@id\":\"https:\/\/old.prague-fenix.cz\/faq\/\",\"url\":\"https:\/\/old.prague-fenix.cz\/faq\/\",\"name\":\"FAQ - Fenix Prague\",\"isPartOf\":{\"@id\":\"https:\/\/old.prague-fenix.cz\/#website\"},\"primaryImageOfPage\":{\"@id\":\"https:\/\/old.prague-fenix.cz\/faq\/#primaryimage\"},\"image\":{\"@id\":\"https:\/\/old.prague-fenix.cz\/faq\/#primaryimage\"},\"thumbnailUrl\":\"https:\/\/old.prague-fenix.cz\/wp-content\/uploads\/2024\/03\/faq.jpg\",\"datePublished\":\"2024-02-08T00:09:43+00:00\",\"dateModified\":\"2024-03-29T11:53:53+00:00\",\"description\":\"FAQs about erotic massage: services, salon, masseuses, prices, etc. Find answers to common questions on our website.\",\"breadcrumb\":{\"@id\":\"https:\/\/old.prague-fenix.cz\/faq\/#breadcrumb\"},\"inLanguage\":\"cs\",\"potentialAction\":[{\"@type\":\"ReadAction\",\"target\":[\"https:\/\/old.prague-fenix.cz\/faq\/\"]}]},{\"@type\":\"ImageObject\",\"inLanguage\":\"cs\",\"@id\":\"https:\/\/old.prague-fenix.cz\/faq\/#primaryimage\",\"url\":\"https:\/\/old.prague-fenix.cz\/wp-content\/uploads\/2024\/03\/faq.jpg\",\"contentUrl\":\"https:\/\/old.prague-fenix.cz\/wp-content\/uploads\/2024\/03\/faq.jpg\",\"width\":1200,\"height\":901,\"caption\":\"faq erotic massage\"},{\"@type\":\"BreadcrumbList\",\"@id\":\"https:\/\/old.prague-fenix.cz\/faq\/#breadcrumb\",\"itemListElement\":[{\"@type\":\"ListItem\",\"position\":1,\"name\":\"Dom\u016f\",\"item\":\"https:\/\/old.prague-fenix.cz\/\"},{\"@type\":\"ListItem\",\"position\":2,\"name\":\"FAQ\"}]},{\"@type\":\"WebSite\",\"@id\":\"https:\/\/old.prague-fenix.cz\/#website\",\"url\":\"https:\/\/old.prague-fenix.cz\/\",\"name\":\"Erotick\u00fd mas\u00e1\u017en\u00ed sal\u00f3n Prague F\u00e9nix\",\"description\":\"Massage salon and erotic massages, body to body, tantra, mix, nuru and lingam massage, lesbian show, BDSM massage.\",\"publisher\":{\"@id\":\"https:\/\/old.prague-fenix.cz\/#\/schema\/person\/2ba77174c6f44cc2bc3d0f5e8ba640d6\"},\"potentialAction\":[{\"@type\":\"SearchAction\",\"target\":{\"@type\":\"EntryPoint\",\"urlTemplate\":\"https:\/\/old.prague-fenix.cz\/?s={search_term_string}\"},\"query-input\":{\"@type\":\"PropertyValueSpecification\",\"valueRequired\":true,\"valueName\":\"search_term_string\"}}],\"inLanguage\":\"cs\"},{\"@type\":[\"Person\",\"Organization\"],\"@id\":\"https:\/\/old.prague-fenix.cz\/#\/schema\/person\/2ba77174c6f44cc2bc3d0f5e8ba640d6\",\"name\":\"Prague Fenix\",\"image\":{\"@type\":\"ImageObject\",\"inLanguage\":\"cs\",\"@id\":\"https:\/\/old.prague-fenix.cz\/#\/schema\/person\/image\/\",\"url\":\"https:\/\/prague-fenix.cz\/wp-content\/uploads\/2023\/05\/prague-fenix.cz-logo-e1684684035397.png\",\"contentUrl\":\"https:\/\/prague-fenix.cz\/wp-content\/uploads\/2023\/05\/prague-fenix.cz-logo-e1684684035397.png\",\"width\":675,\"height\":675,\"caption\":\"Prague Fenix\"},\"logo\":{\"@id\":\"https:\/\/old.prague-fenix.cz\/#\/schema\/person\/image\/\"},\"sameAs\":[\"http:\/\/www.prague-fenix.cz\"]}]}<\/script>\n<!-- \/ Yoast SEO plugin. -->","yoast_head_json":{"title":"FAQ - Fenix Prague","description":"FAQs about erotic massage: services, salon, masseuses, prices, etc. Find answers to common questions on our website.","robots":{"index":"noindex","follow":"follow","max-snippet":"max-snippet:-1","max-image-preview":"max-image-preview:large","max-video-preview":"max-video-preview:-1"},"og_locale":"cs_CZ","og_type":"article","og_title":"FAQ - Fenix Prague","og_description":"FAQs about erotic massage: services, salon, masseuses, prices, etc. Find answers to common questions on our website.","og_url":"https:\/\/old.prague-fenix.cz\/cs\/faq\/","og_site_name":"Erotic massage salon Prague Fenix","article_modified_time":"2024-03-29T11:53:53+00:00","og_image":[{"width":1200,"height":901,"url":"https:\/\/old.prague-fenix.cz\/wp-content\/uploads\/2024\/03\/faq.jpg","type":"image\/jpeg"}],"twitter_card":"summary_large_image","twitter_misc":{"Odhadovan\u00e1 doba \u010dten\u00ed":"3 minuty"},"schema":{"@context":"https:\/\/schema.org","@graph":[{"@type":"WebPage","@id":"https:\/\/old.prague-fenix.cz\/faq\/","url":"https:\/\/old.prague-fenix.cz\/faq\/","name":"FAQ - Fenix Prague","isPartOf":{"@id":"https:\/\/old.prague-fenix.cz\/#website"},"primaryImageOfPage":{"@id":"https:\/\/old.prague-fenix.cz\/faq\/#primaryimage"},"image":{"@id":"https:\/\/old.prague-fenix.cz\/faq\/#primaryimage"},"thumbnailUrl":"https:\/\/old.prague-fenix.cz\/wp-content\/uploads\/2024\/03\/faq.jpg","datePublished":"2024-02-08T00:09:43+00:00","dateModified":"2024-03-29T11:53:53+00:00","description":"FAQs about erotic massage: services, salon, masseuses, prices, etc. Find answers to common questions on our website.","breadcrumb":{"@id":"https:\/\/old.prague-fenix.cz\/faq\/#breadcrumb"},"inLanguage":"cs","potentialAction":[{"@type":"ReadAction","target":["https:\/\/old.prague-fenix.cz\/faq\/"]}]},{"@type":"ImageObject","inLanguage":"cs","@id":"https:\/\/old.prague-fenix.cz\/faq\/#primaryimage","url":"https:\/\/old.prague-fenix.cz\/wp-content\/uploads\/2024\/03\/faq.jpg","contentUrl":"https:\/\/old.prague-fenix.cz\/wp-content\/uploads\/2024\/03\/faq.jpg","width":1200,"height":901,"caption":"faq erotic massage"},{"@type":"BreadcrumbList","@id":"https:\/\/old.prague-fenix.cz\/faq\/#breadcrumb","itemListElement":[{"@type":"ListItem","position":1,"name":"Dom\u016f","item":"https:\/\/old.prague-fenix.cz\/"},{"@type":"ListItem","position":2,"name":"FAQ"}]},{"@type":"WebSite","@id":"https:\/\/old.prague-fenix.cz\/#website","url":"https:\/\/old.prague-fenix.cz\/","name":"Erotick\u00fd mas\u00e1\u017en\u00ed sal\u00f3n Prague F\u00e9nix","description":"Massage salon and erotic massages, body to body, tantra, mix, nuru and lingam massage, lesbian show, BDSM massage.","publisher":{"@id":"https:\/\/old.prague-fenix.cz\/#\/schema\/person\/2ba77174c6f44cc2bc3d0f5e8ba640d6"},"potentialAction":[{"@type":"SearchAction","target":{"@type":"EntryPoint","urlTemplate":"https:\/\/old.prague-fenix.cz\/?s={search_term_string}"},"query-input":{"@type":"PropertyValueSpecification","valueRequired":true,"valueName":"search_term_string"}}],"inLanguage":"cs"},{"@type":["Person","Organization"],"@id":"https:\/\/old.prague-fenix.cz\/#\/schema\/person\/2ba77174c6f44cc2bc3d0f5e8ba640d6","name":"Prague Fenix","image":{"@type":"ImageObject","inLanguage":"cs","@id":"https:\/\/old.prague-fenix.cz\/#\/schema\/person\/image\/","url":"https:\/\/prague-fenix.cz\/wp-content\/uploads\/2023\/05\/prague-fenix.cz-logo-e1684684035397.png","contentUrl":"https:\/\/prague-fenix.cz\/wp-content\/uploads\/2023\/05\/prague-fenix.cz-logo-e1684684035397.png","width":675,"height":675,"caption":"Prague Fenix"},"logo":{"@id":"https:\/\/old.prague-fenix.cz\/#\/schema\/person\/image\/"},"sameAs":["http:\/\/www.prague-fenix.cz"]}]}},"_links":{"self":[{"href":"https:\/\/old.prague-fenix.cz\/cs\/wp-json\/wp\/v2\/pages\/423","targetHints":{"allow":["GET"]}}],"collection":[{"href":"https:\/\/old.prague-fenix.cz\/cs\/wp-json\/wp\/v2\/pages"}],"about":[{"href":"https:\/\/old.prague-fenix.cz\/cs\/wp-json\/wp\/v2\/types\/page"}],"author":[{"embeddable":true,"href":"https:\/\/old.prague-fenix.cz\/cs\/wp-json\/wp\/v2\/users\/3"}],"replies":[{"embeddable":true,"href":"https:\/\/old.prague-fenix.cz\/cs\/wp-json\/wp\/v2\/comments?post=423"}],"version-history":[{"count":0,"href":"https:\/\/old.prague-fenix.cz\/cs\/wp-json\/wp\/v2\/pages\/423\/revisions"}],"wp:featuredmedia":[{"embeddable":true,"href":"https:\/\/old.prague-fenix.cz\/cs\/wp-json\/wp\/v2\/media\/1192"}],"wp:attachment":[{"href":"https:\/\/old.prague-fenix.cz\/cs\/wp-json\/wp\/v2\/media?parent=423"}],"curies":[{"name":"wp","href":"https:\/\/api.w.org\/{rel}","templated":true}]}}