{"id":387,"date":"2023-11-30T21:29:18","date_gmt":"2023-11-30T20:29:18","guid":{"rendered":"https:\/\/prague-fenix.cz\/?page_id=387"},"modified":"2024-03-20T08:57:53","modified_gmt":"2024-03-20T07:57:53","slug":"simona","status":"publish","type":"page","link":"https:\/\/old.prague-fenix.cz\/cs\/simona\/","title":{"rendered":"Simona"},"content":{"rendered":"<p><strong><mark style=\"background-color:rgba(0, 0, 0, 0)\" class=\"has-inline-color has-vivid-red-color\">V\u011bk<\/mark><\/strong>: 20 let<br><strong><mark style=\"background-color:rgba(0, 0, 0, 0)\" class=\"has-inline-color has-vivid-red-color\">V\u00e1ha<\/mark><\/strong>: 85 kg<br><strong><mark style=\"background-color:rgba(0, 0, 0, 0)\" class=\"has-inline-color has-vivid-red-color\">V\u00fd\u0161ka<\/mark><\/strong>: 170 cm<br><strong><mark style=\"background-color:rgba(0, 0, 0, 0)\" class=\"has-inline-color has-vivid-red-color\">Barva vlas\u016f<\/mark><\/strong>: hn\u011bd\u00e1<br><mark style=\"background-color:rgba(0, 0, 0, 0)\" class=\"has-inline-color has-vivid-red-color\"><strong>Prsa<\/strong> <strong>velikost<\/strong><\/mark>: F (6)<\/p>\n\n\n\n<figure class=\"wp-block-gallery has-nested-images columns-default is-cropped wp-block-gallery-1 is-layout-flex wp-block-gallery-is-layout-flex\">\n<figure class=\"wp-block-image size-large\"><img fetchpriority=\"high\" decoding=\"async\" width=\"1024\" height=\"732\" data-id=\"552\" src=\"https:\/\/prague-fenix.cz\/wp-content\/uploads\/2024\/02\/sinona-salon-fenix-1024x732.jpg\" alt=\"Simona mas\u00e9rka Praha Fenix\" class=\"wp-image-552\" srcset=\"https:\/\/old.prague-fenix.cz\/wp-content\/uploads\/2024\/02\/sinona-salon-fenix-1024x732.jpg 1024w, https:\/\/old.prague-fenix.cz\/wp-content\/uploads\/2024\/02\/sinona-salon-fenix-300x215.jpg 300w, https:\/\/old.prague-fenix.cz\/wp-content\/uploads\/2024\/02\/sinona-salon-fenix-768x549.jpg 768w, https:\/\/old.prague-fenix.cz\/wp-content\/uploads\/2024\/02\/sinona-salon-fenix-18x12.jpg 18w, https:\/\/old.prague-fenix.cz\/wp-content\/uploads\/2024\/02\/sinona-salon-fenix.jpg 1200w\" sizes=\"(max-width: 1024px) 100vw, 1024px\" \/><\/figure>\n<\/figure>\n\n\n\n<h2 class=\"wp-block-heading has-text-align-center\"><mark style=\"background-color:rgba(0, 0, 0, 0)\" class=\"has-inline-color has-vivid-red-color\">O Simon\u011b<\/mark><\/h2>\n\n\n\n<p>Atraktivn\u00ed, jemn\u00e1 a okouzluj\u00edc\u00ed Simona p\u0159ivede ka\u017ed\u00e9ho sv\u00e9ho klienta do ext\u00e1ze. Mas\u00e1\u017e s touto d\u00edvkou je skv\u011bl\u00fd zp\u016fsob, jak se zbavit stresu. V rukou tak zku\u0161en\u00e9 a z\u00e1rove\u0148 kr\u00e1sn\u00e9 mas\u00e9rky se nelze neuvolnit.<\/p>\n\n\n\n<p>P\u0159i mas\u00e1\u017ei se Simonou p\u0159iv\u00e1d\u011bj\u00ed jej\u00ed jemn\u00e9 pohyby prst\u016f a doteky jej\u00edch n\u00e1dhern\u00fdch velk\u00fdch prsou ka\u017ed\u00e9mu klientovi naprostou euforii.<\/p>\n\n\n\n<p>Proto se k n\u00ed znovu a znovu vracej\u00ed ti, kte\u0159\u00ed alespo\u0148 jednou za\u017eili v\u0161echny tyto emoce. D\u00edky Simonin\u011b pozorn\u00e9mu p\u0159\u00edstupu k sob\u011b i sv\u00fdm klient\u016fm a dokonal\u00e9mu pochopen\u00ed jejich tu\u017eeb maj\u00ed mu\u017esk\u00e9 mas\u00e1\u017ee v salonu Prague Fenix mezi n\u00e1v\u0161t\u011bvn\u00edky nejvy\u0161\u0161\u00ed hodnocen\u00ed.<\/p>\n\n\n\n<p>Tato mas\u00e9rka je vy\u0161kolena ve v\u0161ech tajn\u00fdch orient\u00e1ln\u00edch technik\u00e1ch erotick\u00fdch mas\u00e1\u017e\u00ed. Kombinuje je s klasick\u00fdmi technikami, aby efektivn\u011b uvolnila ka\u017ed\u00fd sval. To je opravdu velmi d\u016fle\u017eit\u00e9!<\/p>\n\n\n\n<h2 class=\"wp-block-heading has-text-align-center\">Erotick\u00e1 mas\u00e1\u017e <mark style=\"background-color:rgba(0, 0, 0, 0)\" class=\"has-inline-color has-vivid-red-color\">od Simony<\/mark><\/h2>\n\n\n\n<p>Simona m\u00e1 vynikaj\u00edc\u00ed vzhled. K\u0159ivky jej\u00edho Venu\u0161ina t\u011bla a mal\u00e1tn\u00fd pohled p\u0159in\u00e1\u0161ej\u00ed jist\u00e9 pot\u011b\u0161en\u00ed i lehk\u00fd pocit, \u017ee jste se u\u017e zamilovali. Nev\u00e1hejte, volejte <a href=\"tel:  420 720 175 506\">+420 720 175 506<\/a> a nechte se un\u00e9st do taj\u016f z rukou t\u00e9to \u00fa\u017easn\u00e9 d\u00edvky!<\/p>\n\n\n\n<figure class=\"wp-block-gallery has-nested-images columns-default is-cropped wp-block-gallery-2 is-layout-flex wp-block-gallery-is-layout-flex\">\n<figure class=\"wp-block-image size-large\"><img decoding=\"async\" width=\"683\" height=\"1024\" data-id=\"553\" src=\"https:\/\/prague-fenix.cz\/wp-content\/uploads\/2024\/02\/simona-eroticheskij-massaz-683x1024.jpg\" alt=\"Simona erotick\u00e1 mas\u00e1\u017e Praha\" class=\"wp-image-553\" srcset=\"https:\/\/old.prague-fenix.cz\/wp-content\/uploads\/2024\/02\/simona-eroticheskij-massaz-683x1024.jpg 683w, https:\/\/old.prague-fenix.cz\/wp-content\/uploads\/2024\/02\/simona-eroticheskij-massaz-200x300.jpg 200w, https:\/\/old.prague-fenix.cz\/wp-content\/uploads\/2024\/02\/simona-eroticheskij-massaz-768x1152.jpg 768w, https:\/\/old.prague-fenix.cz\/wp-content\/uploads\/2024\/02\/simona-eroticheskij-massaz-8x12.jpg 8w, https:\/\/old.prague-fenix.cz\/wp-content\/uploads\/2024\/02\/simona-eroticheskij-massaz.jpg 800w\" sizes=\"(max-width: 683px) 100vw, 683px\" \/><\/figure>\n\n\n\n<figure class=\"wp-block-image size-large\"><img decoding=\"async\" width=\"683\" height=\"1024\" data-id=\"551\" src=\"https:\/\/prague-fenix.cz\/wp-content\/uploads\/2024\/02\/simona-massazistka-683x1024.jpg\" alt=\"Simone mas\u00e9rka\" class=\"wp-image-551\" srcset=\"https:\/\/old.prague-fenix.cz\/wp-content\/uploads\/2024\/02\/simona-massazistka-683x1024.jpg 683w, https:\/\/old.prague-fenix.cz\/wp-content\/uploads\/2024\/02\/simona-massazistka-200x300.jpg 200w, https:\/\/old.prague-fenix.cz\/wp-content\/uploads\/2024\/02\/simona-massazistka-768x1152.jpg 768w, https:\/\/old.prague-fenix.cz\/wp-content\/uploads\/2024\/02\/simona-massazistka-8x12.jpg 8w, https:\/\/old.prague-fenix.cz\/wp-content\/uploads\/2024\/02\/simona-massazistka.jpg 800w\" sizes=\"(max-width: 683px) 100vw, 683px\" \/><\/figure>\n\n\n\n<figure class=\"wp-block-image size-large\"><img loading=\"lazy\" decoding=\"async\" width=\"683\" height=\"1024\" data-id=\"550\" src=\"https:\/\/prague-fenix.cz\/wp-content\/uploads\/2024\/02\/simona-fenix-praga-683x1024.jpg\" alt=\"simona fenix praga\" class=\"wp-image-550\" srcset=\"https:\/\/old.prague-fenix.cz\/wp-content\/uploads\/2024\/02\/simona-fenix-praga-683x1024.jpg 683w, https:\/\/old.prague-fenix.cz\/wp-content\/uploads\/2024\/02\/simona-fenix-praga-200x300.jpg 200w, https:\/\/old.prague-fenix.cz\/wp-content\/uploads\/2024\/02\/simona-fenix-praga-768x1152.jpg 768w, https:\/\/old.prague-fenix.cz\/wp-content\/uploads\/2024\/02\/simona-fenix-praga-8x12.jpg 8w, https:\/\/old.prague-fenix.cz\/wp-content\/uploads\/2024\/02\/simona-fenix-praga.jpg 800w\" sizes=\"(max-width: 683px) 100vw, 683px\" \/><\/figure>\n<\/figure>","protected":false},"excerpt":{"rendered":"<p>V\u011bk: 20 letHmotnost: 85 kgV\u00fd\u0161ka: 170 cmBarva vlas\u016f: hn\u011bd\u00e1 Velikost prsou: F (6) O Simon\u011b Atraktivn\u00ed, n\u011b\u017en\u00e1 a okouzluj\u00edc\u00ed Simone p\u0159ivede ka\u017ed\u00e9ho sv\u00e9ho klienta do ext\u00e1ze. Mas\u00edrujte t\u00edmto <a class=\"more-link\" href=\"https:\/\/old.prague-fenix.cz\/cs\/simona\/\">Pokra\u010dovat ve \u010dten\u00ed \u2192<\/a><\/p>","protected":false},"author":3,"featured_media":552,"parent":0,"menu_order":0,"comment_status":"closed","ping_status":"closed","template":"","meta":{"footnotes":""},"class_list":["post-387","page","type-page","status-publish","has-post-thumbnail","hentry"],"yoast_head":"<!-- This site is optimized with the Yoast SEO plugin v25.0 - https:\/\/yoast.com\/wordpress\/plugins\/seo\/ -->\n<title>Erotic massage by Simona - Salon Prague Fenix<\/title>\n<meta name=\"description\" content=\"Masseuse Simona in the erotic massage salon Prague Fenix. About the girl and her services. Book a massage with Simona and get real pleasure.\" \/>\n<meta name=\"robots\" content=\"noindex, follow, max-snippet:-1, max-image-preview:large, max-video-preview:-1\" \/>\n<meta property=\"og:locale\" content=\"cs_CZ\" \/>\n<meta property=\"og:type\" content=\"article\" \/>\n<meta property=\"og:title\" content=\"Erotic massage by Simona - Salon Prague Fenix\" \/>\n<meta property=\"og:description\" content=\"Masseuse Simona in the erotic massage salon Prague Fenix. About the girl and her services. Book a massage with Simona and get real pleasure.\" \/>\n<meta property=\"og:url\" content=\"https:\/\/old.prague-fenix.cz\/cs\/simona\/\" \/>\n<meta property=\"og:site_name\" content=\"Erotic massage salon Prague Fenix\" \/>\n<meta property=\"article:modified_time\" content=\"2024-03-20T07:57:53+00:00\" \/>\n<meta property=\"og:image\" content=\"https:\/\/old.prague-fenix.cz\/wp-content\/uploads\/2024\/02\/sinona-salon-fenix.jpg\" \/>\n\t<meta property=\"og:image:width\" content=\"1200\" \/>\n\t<meta property=\"og:image:height\" content=\"858\" \/>\n\t<meta property=\"og:image:type\" content=\"image\/jpeg\" \/>\n<meta name=\"twitter:card\" content=\"summary_large_image\" \/>\n<meta name=\"twitter:label1\" content=\"Odhadovan\u00e1 doba \u010dten\u00ed\" \/>\n\t<meta name=\"twitter:data1\" content=\"2 minuty\" \/>\n<script type=\"application\/ld+json\" class=\"yoast-schema-graph\">{\"@context\":\"https:\/\/schema.org\",\"@graph\":[{\"@type\":\"WebPage\",\"@id\":\"https:\/\/old.prague-fenix.cz\/simona\/\",\"url\":\"https:\/\/old.prague-fenix.cz\/simona\/\",\"name\":\"Erotic massage by Simona - Salon Prague Fenix\",\"isPartOf\":{\"@id\":\"https:\/\/old.prague-fenix.cz\/#website\"},\"primaryImageOfPage\":{\"@id\":\"https:\/\/old.prague-fenix.cz\/simona\/#primaryimage\"},\"image\":{\"@id\":\"https:\/\/old.prague-fenix.cz\/simona\/#primaryimage\"},\"thumbnailUrl\":\"https:\/\/old.prague-fenix.cz\/wp-content\/uploads\/2024\/02\/sinona-salon-fenix.jpg\",\"datePublished\":\"2023-11-30T20:29:18+00:00\",\"dateModified\":\"2024-03-20T07:57:53+00:00\",\"description\":\"Masseuse Simona in the erotic massage salon Prague Fenix. About the girl and her services. Book a massage with Simona and get real pleasure.\",\"breadcrumb\":{\"@id\":\"https:\/\/old.prague-fenix.cz\/simona\/#breadcrumb\"},\"inLanguage\":\"cs\",\"potentialAction\":[{\"@type\":\"ReadAction\",\"target\":[\"https:\/\/old.prague-fenix.cz\/simona\/\"]}]},{\"@type\":\"ImageObject\",\"inLanguage\":\"cs\",\"@id\":\"https:\/\/old.prague-fenix.cz\/simona\/#primaryimage\",\"url\":\"https:\/\/old.prague-fenix.cz\/wp-content\/uploads\/2024\/02\/sinona-salon-fenix.jpg\",\"contentUrl\":\"https:\/\/old.prague-fenix.cz\/wp-content\/uploads\/2024\/02\/sinona-salon-fenix.jpg\",\"width\":1200,\"height\":858,\"caption\":\"Simona masseuse Prague Fenix\"},{\"@type\":\"BreadcrumbList\",\"@id\":\"https:\/\/old.prague-fenix.cz\/simona\/#breadcrumb\",\"itemListElement\":[{\"@type\":\"ListItem\",\"position\":1,\"name\":\"Dom\u016f\",\"item\":\"https:\/\/old.prague-fenix.cz\/\"},{\"@type\":\"ListItem\",\"position\":2,\"name\":\"Simona\"}]},{\"@type\":\"WebSite\",\"@id\":\"https:\/\/old.prague-fenix.cz\/#website\",\"url\":\"https:\/\/old.prague-fenix.cz\/\",\"name\":\"Erotick\u00fd mas\u00e1\u017en\u00ed sal\u00f3n Prague F\u00e9nix\",\"description\":\"Massage salon and erotic massages, body to body, tantra, mix, nuru and lingam massage, lesbian show, BDSM massage.\",\"publisher\":{\"@id\":\"https:\/\/old.prague-fenix.cz\/#\/schema\/person\/2ba77174c6f44cc2bc3d0f5e8ba640d6\"},\"potentialAction\":[{\"@type\":\"SearchAction\",\"target\":{\"@type\":\"EntryPoint\",\"urlTemplate\":\"https:\/\/old.prague-fenix.cz\/?s={search_term_string}\"},\"query-input\":{\"@type\":\"PropertyValueSpecification\",\"valueRequired\":true,\"valueName\":\"search_term_string\"}}],\"inLanguage\":\"cs\"},{\"@type\":[\"Person\",\"Organization\"],\"@id\":\"https:\/\/old.prague-fenix.cz\/#\/schema\/person\/2ba77174c6f44cc2bc3d0f5e8ba640d6\",\"name\":\"Prague Fenix\",\"image\":{\"@type\":\"ImageObject\",\"inLanguage\":\"cs\",\"@id\":\"https:\/\/old.prague-fenix.cz\/#\/schema\/person\/image\/\",\"url\":\"https:\/\/prague-fenix.cz\/wp-content\/uploads\/2023\/05\/prague-fenix.cz-logo-e1684684035397.png\",\"contentUrl\":\"https:\/\/prague-fenix.cz\/wp-content\/uploads\/2023\/05\/prague-fenix.cz-logo-e1684684035397.png\",\"width\":675,\"height\":675,\"caption\":\"Prague Fenix\"},\"logo\":{\"@id\":\"https:\/\/old.prague-fenix.cz\/#\/schema\/person\/image\/\"},\"sameAs\":[\"http:\/\/www.prague-fenix.cz\"]}]}<\/script>\n<!-- \/ Yoast SEO plugin. -->","yoast_head_json":{"title":"Erotic massage by Simona - Salon Prague Fenix","description":"Masseuse Simona in the erotic massage salon Prague Fenix. About the girl and her services. Book a massage with Simona and get real pleasure.","robots":{"index":"noindex","follow":"follow","max-snippet":"max-snippet:-1","max-image-preview":"max-image-preview:large","max-video-preview":"max-video-preview:-1"},"og_locale":"cs_CZ","og_type":"article","og_title":"Erotic massage by Simona - Salon Prague Fenix","og_description":"Masseuse Simona in the erotic massage salon Prague Fenix. About the girl and her services. Book a massage with Simona and get real pleasure.","og_url":"https:\/\/old.prague-fenix.cz\/cs\/simona\/","og_site_name":"Erotic massage salon Prague Fenix","article_modified_time":"2024-03-20T07:57:53+00:00","og_image":[{"width":1200,"height":858,"url":"https:\/\/old.prague-fenix.cz\/wp-content\/uploads\/2024\/02\/sinona-salon-fenix.jpg","type":"image\/jpeg"}],"twitter_card":"summary_large_image","twitter_misc":{"Odhadovan\u00e1 doba \u010dten\u00ed":"2 minuty"},"schema":{"@context":"https:\/\/schema.org","@graph":[{"@type":"WebPage","@id":"https:\/\/old.prague-fenix.cz\/simona\/","url":"https:\/\/old.prague-fenix.cz\/simona\/","name":"Erotic massage by Simona - Salon Prague Fenix","isPartOf":{"@id":"https:\/\/old.prague-fenix.cz\/#website"},"primaryImageOfPage":{"@id":"https:\/\/old.prague-fenix.cz\/simona\/#primaryimage"},"image":{"@id":"https:\/\/old.prague-fenix.cz\/simona\/#primaryimage"},"thumbnailUrl":"https:\/\/old.prague-fenix.cz\/wp-content\/uploads\/2024\/02\/sinona-salon-fenix.jpg","datePublished":"2023-11-30T20:29:18+00:00","dateModified":"2024-03-20T07:57:53+00:00","description":"Masseuse Simona in the erotic massage salon Prague Fenix. About the girl and her services. Book a massage with Simona and get real pleasure.","breadcrumb":{"@id":"https:\/\/old.prague-fenix.cz\/simona\/#breadcrumb"},"inLanguage":"cs","potentialAction":[{"@type":"ReadAction","target":["https:\/\/old.prague-fenix.cz\/simona\/"]}]},{"@type":"ImageObject","inLanguage":"cs","@id":"https:\/\/old.prague-fenix.cz\/simona\/#primaryimage","url":"https:\/\/old.prague-fenix.cz\/wp-content\/uploads\/2024\/02\/sinona-salon-fenix.jpg","contentUrl":"https:\/\/old.prague-fenix.cz\/wp-content\/uploads\/2024\/02\/sinona-salon-fenix.jpg","width":1200,"height":858,"caption":"Simona masseuse Prague Fenix"},{"@type":"BreadcrumbList","@id":"https:\/\/old.prague-fenix.cz\/simona\/#breadcrumb","itemListElement":[{"@type":"ListItem","position":1,"name":"Dom\u016f","item":"https:\/\/old.prague-fenix.cz\/"},{"@type":"ListItem","position":2,"name":"Simona"}]},{"@type":"WebSite","@id":"https:\/\/old.prague-fenix.cz\/#website","url":"https:\/\/old.prague-fenix.cz\/","name":"Erotick\u00fd mas\u00e1\u017en\u00ed sal\u00f3n Prague F\u00e9nix","description":"Massage salon and erotic massages, body to body, tantra, mix, nuru and lingam massage, lesbian show, BDSM massage.","publisher":{"@id":"https:\/\/old.prague-fenix.cz\/#\/schema\/person\/2ba77174c6f44cc2bc3d0f5e8ba640d6"},"potentialAction":[{"@type":"SearchAction","target":{"@type":"EntryPoint","urlTemplate":"https:\/\/old.prague-fenix.cz\/?s={search_term_string}"},"query-input":{"@type":"PropertyValueSpecification","valueRequired":true,"valueName":"search_term_string"}}],"inLanguage":"cs"},{"@type":["Person","Organization"],"@id":"https:\/\/old.prague-fenix.cz\/#\/schema\/person\/2ba77174c6f44cc2bc3d0f5e8ba640d6","name":"Prague Fenix","image":{"@type":"ImageObject","inLanguage":"cs","@id":"https:\/\/old.prague-fenix.cz\/#\/schema\/person\/image\/","url":"https:\/\/prague-fenix.cz\/wp-content\/uploads\/2023\/05\/prague-fenix.cz-logo-e1684684035397.png","contentUrl":"https:\/\/prague-fenix.cz\/wp-content\/uploads\/2023\/05\/prague-fenix.cz-logo-e1684684035397.png","width":675,"height":675,"caption":"Prague Fenix"},"logo":{"@id":"https:\/\/old.prague-fenix.cz\/#\/schema\/person\/image\/"},"sameAs":["http:\/\/www.prague-fenix.cz"]}]}},"_links":{"self":[{"href":"https:\/\/old.prague-fenix.cz\/cs\/wp-json\/wp\/v2\/pages\/387","targetHints":{"allow":["GET"]}}],"collection":[{"href":"https:\/\/old.prague-fenix.cz\/cs\/wp-json\/wp\/v2\/pages"}],"about":[{"href":"https:\/\/old.prague-fenix.cz\/cs\/wp-json\/wp\/v2\/types\/page"}],"author":[{"embeddable":true,"href":"https:\/\/old.prague-fenix.cz\/cs\/wp-json\/wp\/v2\/users\/3"}],"replies":[{"embeddable":true,"href":"https:\/\/old.prague-fenix.cz\/cs\/wp-json\/wp\/v2\/comments?post=387"}],"version-history":[{"count":0,"href":"https:\/\/old.prague-fenix.cz\/cs\/wp-json\/wp\/v2\/pages\/387\/revisions"}],"wp:featuredmedia":[{"embeddable":true,"href":"https:\/\/old.prague-fenix.cz\/cs\/wp-json\/wp\/v2\/media\/552"}],"wp:attachment":[{"href":"https:\/\/old.prague-fenix.cz\/cs\/wp-json\/wp\/v2\/media?parent=387"}],"curies":[{"name":"wp","href":"https:\/\/api.w.org\/{rel}","templated":true}]}}