{"id":37,"date":"2023-05-07T11:53:14","date_gmt":"2023-05-07T10:53:14","guid":{"rendered":"http:\/\/prague-fenix.cz\/?page_id=37"},"modified":"2024-08-18T20:10:37","modified_gmt":"2024-08-18T19:10:37","slug":"milana","status":"publish","type":"page","link":"https:\/\/old.prague-fenix.cz\/cs\/milana\/","title":{"rendered":"Milana"},"content":{"rendered":"<p><strong><mark style=\"background-color:rgba(0, 0, 0, 0)\" class=\"has-inline-color has-vivid-red-color\">V\u011bk<\/mark><\/strong>: 25 let<br><mark style=\"background-color:rgba(0, 0, 0, 0)\" class=\"has-inline-color has-vivid-red-color\"><strong>V\u00e1ha<\/strong><\/mark>: 50 kg<br><strong><mark style=\"background-color:rgba(0, 0, 0, 0)\" class=\"has-inline-color has-vivid-red-color\">V\u00fd\u0161ka<\/mark><\/strong>: 164 cm<br><mark style=\"background-color:rgba(0, 0, 0, 0)\" class=\"has-inline-color has-vivid-red-color\"><strong>Barva vlas\u016f<\/strong><\/mark>: \u010derven\u00e1<br><strong><mark style=\"background-color:rgba(0, 0, 0, 0)\" class=\"has-inline-color has-vivid-red-color\">Velikost prsou<\/mark><\/strong>: \u0412 (2)<\/p>\n\n\n\n<figure class=\"wp-block-gallery has-nested-images columns-default is-cropped wp-block-gallery-1 is-layout-flex wp-block-gallery-is-layout-flex\">\n<figure class=\"wp-block-image size-full\"><img fetchpriority=\"high\" decoding=\"async\" width=\"680\" height=\"384\" data-id=\"1378\" src=\"http:\/\/prague-fenix.cz\/wp-content\/uploads\/2024\/08\/Milana-2-1-e1724008210770.jpg\" alt=\"\" class=\"wp-image-1378\" srcset=\"https:\/\/old.prague-fenix.cz\/wp-content\/uploads\/2024\/08\/Milana-2-1-e1724008210770.jpg 680w, https:\/\/old.prague-fenix.cz\/wp-content\/uploads\/2024\/08\/Milana-2-1-e1724008210770-300x169.jpg 300w, https:\/\/old.prague-fenix.cz\/wp-content\/uploads\/2024\/08\/Milana-2-1-e1724008210770-18x10.jpg 18w\" sizes=\"(max-width: 680px) 100vw, 680px\" \/><\/figure>\n<\/figure>\n\n\n\n<h2 class=\"wp-block-heading has-text-align-center\"><mark style=\"background-color:rgba(0, 0, 0, 0)\" class=\"has-inline-color has-vivid-red-color\">O\u00a0Milan\u011b<\/mark><\/h2>\n\n\n\n<p>Neuv\u011b\u0159iteln\u011b talentovan\u00e1, p\u016fvabn\u00e1 a fantasticky bystr\u00e1 mas\u00e9rka Milana v\u00e1m d\u00e1 ty nejlep\u0161\u00ed emoce, jak\u00e9 si m\u016f\u017eete p\u0159\u00e1t! D\u00edvka m\u00e1 mimo\u0159\u00e1dnou techniku erotick\u00e9 mas\u00e1\u017ee a snadno najde p\u0159\u00edstup k nejn\u00e1ro\u010dn\u011bj\u0161\u00edm klient\u016fm.<\/p>\n\n\n\n<p>Milana sv\u00fdmi smysln\u00fdmi doteky dosahuje \u00fapln\u00e9ho uvoln\u011bn\u00ed sval\u016f a osvobozen\u00ed mysli. Ka\u017ed\u00fd jej\u00ed pohyb, ka\u017ed\u00e1 stimulace, ka\u017ed\u00fd \u0161epot zohled\u0148uje individualitu a vlastnosti klienta. V\u00fdsledkem erotick\u00e9 mas\u00e1\u017ee od Milany bude pocit absolutn\u00ed pohody a nabit\u00ed nev\u0161edn\u00ed energi\u00ed. D\u00edvka p\u0159itom d\u011bl\u00e1 radost nejen sv\u00fdm chov\u00e1n\u00edm, ale tak\u00e9 kr\u00e1sn\u00fdm ide\u00e1ln\u00edm tvarem sv\u00e9ho t\u011bla.<\/p>\n\n\n\n<h2 class=\"wp-block-heading has-text-align-center\">Erotick\u00e1 mas\u00e1\u017e <mark style=\"background-color:rgba(0, 0, 0, 0)\" class=\"has-inline-color has-vivid-red-color\">od Milana<\/mark><\/h2>\n\n\n\n<p>Pr\u00e1v\u011b spojen\u00ed estetick\u00e9ho a fyzick\u00e9ho pot\u011b\u0161en\u00ed \u010din\u00ed mu\u017eskou mas\u00e1\u017e od t\u00e9to d\u00edvky opravdu nezapomenutelnou. Chcete to zkusit? Zavolejte na <a href=\"tel:  420 720 175 506\">+420 720 175 506<\/a>&nbsp;a objednejte se na erotickou mas\u00e1\u017e u Milany v salonu Prague Fenix, abyste za\u017eili jej\u00ed profesion\u00e1ln\u00ed dovednosti na vlastn\u00edm t\u011ble!<\/p>\n\n\n\n<figure class=\"wp-block-gallery has-nested-images columns-default is-cropped wp-block-gallery-2 is-layout-flex wp-block-gallery-is-layout-flex\">\n<figure class=\"wp-block-image size-full\"><img decoding=\"async\" width=\"682\" height=\"1024\" data-id=\"1341\" src=\"http:\/\/prague-fenix.cz\/wp-content\/uploads\/2024\/08\/Milana.jpg\" alt=\"\" class=\"wp-image-1341\" srcset=\"https:\/\/old.prague-fenix.cz\/wp-content\/uploads\/2024\/08\/Milana.jpg 682w, https:\/\/old.prague-fenix.cz\/wp-content\/uploads\/2024\/08\/Milana-200x300.jpg 200w, https:\/\/old.prague-fenix.cz\/wp-content\/uploads\/2024\/08\/Milana-8x12.jpg 8w\" sizes=\"(max-width: 682px) 100vw, 682px\" \/><\/figure>\n\n\n\n<figure class=\"wp-block-image size-full\"><img decoding=\"async\" width=\"682\" height=\"1024\" data-id=\"1342\" src=\"http:\/\/prague-fenix.cz\/wp-content\/uploads\/2024\/08\/Milana-2.jpg\" alt=\"\" class=\"wp-image-1342\" srcset=\"https:\/\/old.prague-fenix.cz\/wp-content\/uploads\/2024\/08\/Milana-2.jpg 682w, https:\/\/old.prague-fenix.cz\/wp-content\/uploads\/2024\/08\/Milana-2-200x300.jpg 200w, https:\/\/old.prague-fenix.cz\/wp-content\/uploads\/2024\/08\/Milana-2-8x12.jpg 8w\" sizes=\"(max-width: 682px) 100vw, 682px\" \/><\/figure>\n\n\n\n<figure class=\"wp-block-image size-full\"><img loading=\"lazy\" decoding=\"async\" width=\"682\" height=\"1024\" data-id=\"1343\" src=\"http:\/\/prague-fenix.cz\/wp-content\/uploads\/2024\/08\/Milana-3.jpg\" alt=\"\" class=\"wp-image-1343\" srcset=\"https:\/\/old.prague-fenix.cz\/wp-content\/uploads\/2024\/08\/Milana-3.jpg 682w, https:\/\/old.prague-fenix.cz\/wp-content\/uploads\/2024\/08\/Milana-3-200x300.jpg 200w, https:\/\/old.prague-fenix.cz\/wp-content\/uploads\/2024\/08\/Milana-3-8x12.jpg 8w\" sizes=\"(max-width: 682px) 100vw, 682px\" \/><\/figure>\n<\/figure>","protected":false},"excerpt":{"rendered":"<p>V\u011bk: 25 letHmotnost: 50 kgV\u00fd\u0161ka: 164 cmBarva vlas\u016f: \u010derven\u00e1 Velikost prsou: \u0412 (2) O Milane Neuv\u011b\u0159iteln\u011b talentovan\u00e1, p\u016fvabn\u00e1 a fantasticky bystr\u00e1 mas\u00e9rka Milana v\u00e1m d\u00e1 ty nejlep\u0161\u00ed emoce, jak\u00e9 m\u016f\u017eete <a class=\"more-link\" href=\"https:\/\/old.prague-fenix.cz\/cs\/milana\/\">Pokra\u010dovat ve \u010dten\u00ed \u2192<\/a><\/p>","protected":false},"author":3,"featured_media":1378,"parent":0,"menu_order":0,"comment_status":"closed","ping_status":"closed","template":"","meta":{"footnotes":""},"class_list":["post-37","page","type-page","status-publish","has-post-thumbnail","hentry"],"yoast_head":"<!-- This site is optimized with the Yoast SEO plugin v25.0 - https:\/\/yoast.com\/wordpress\/plugins\/seo\/ -->\n<title>Erotic massage by Milana - Salon Prague Fenix<\/title>\n<meta name=\"description\" content=\"Masseuse Milana in the erotic massage salon Prague Fenix. About the girl and her services. Book a massage with Milana and get real pleasure.\" \/>\n<meta name=\"robots\" content=\"noindex, follow, max-snippet:-1, max-image-preview:large, max-video-preview:-1\" \/>\n<meta property=\"og:locale\" content=\"cs_CZ\" \/>\n<meta property=\"og:type\" content=\"article\" \/>\n<meta property=\"og:title\" content=\"Erotic massage by Milana - Salon Prague Fenix\" \/>\n<meta property=\"og:description\" content=\"Masseuse Milana in the erotic massage salon Prague Fenix. About the girl and her services. Book a massage with Milana and get real pleasure.\" \/>\n<meta property=\"og:url\" content=\"https:\/\/old.prague-fenix.cz\/cs\/milana\/\" \/>\n<meta property=\"og:site_name\" content=\"Erotic massage salon Prague Fenix\" \/>\n<meta property=\"article:modified_time\" content=\"2024-08-18T19:10:37+00:00\" \/>\n<meta property=\"og:image\" content=\"https:\/\/old.prague-fenix.cz\/wp-content\/uploads\/2024\/08\/Milana-2-1-e1724008210770.jpg\" \/>\n\t<meta property=\"og:image:width\" content=\"680\" \/>\n\t<meta property=\"og:image:height\" content=\"384\" \/>\n\t<meta property=\"og:image:type\" content=\"image\/jpeg\" \/>\n<meta name=\"twitter:card\" content=\"summary_large_image\" \/>\n<meta name=\"twitter:label1\" content=\"Odhadovan\u00e1 doba \u010dten\u00ed\" \/>\n\t<meta name=\"twitter:data1\" content=\"2 minuty\" \/>\n<script type=\"application\/ld+json\" class=\"yoast-schema-graph\">{\"@context\":\"https:\/\/schema.org\",\"@graph\":[{\"@type\":\"WebPage\",\"@id\":\"https:\/\/old.prague-fenix.cz\/milana\/\",\"url\":\"https:\/\/old.prague-fenix.cz\/milana\/\",\"name\":\"Erotic massage by Milana - Salon Prague Fenix\",\"isPartOf\":{\"@id\":\"https:\/\/old.prague-fenix.cz\/#website\"},\"primaryImageOfPage\":{\"@id\":\"https:\/\/old.prague-fenix.cz\/milana\/#primaryimage\"},\"image\":{\"@id\":\"https:\/\/old.prague-fenix.cz\/milana\/#primaryimage\"},\"thumbnailUrl\":\"https:\/\/old.prague-fenix.cz\/wp-content\/uploads\/2024\/08\/Milana-2-1-e1724008210770.jpg\",\"datePublished\":\"2023-05-07T10:53:14+00:00\",\"dateModified\":\"2024-08-18T19:10:37+00:00\",\"description\":\"Masseuse Milana in the erotic massage salon Prague Fenix. About the girl and her services. Book a massage with Milana and get real pleasure.\",\"breadcrumb\":{\"@id\":\"https:\/\/old.prague-fenix.cz\/milana\/#breadcrumb\"},\"inLanguage\":\"cs\",\"potentialAction\":[{\"@type\":\"ReadAction\",\"target\":[\"https:\/\/old.prague-fenix.cz\/milana\/\"]}]},{\"@type\":\"ImageObject\",\"inLanguage\":\"cs\",\"@id\":\"https:\/\/old.prague-fenix.cz\/milana\/#primaryimage\",\"url\":\"https:\/\/old.prague-fenix.cz\/wp-content\/uploads\/2024\/08\/Milana-2-1-e1724008210770.jpg\",\"contentUrl\":\"https:\/\/old.prague-fenix.cz\/wp-content\/uploads\/2024\/08\/Milana-2-1-e1724008210770.jpg\",\"width\":680,\"height\":384},{\"@type\":\"BreadcrumbList\",\"@id\":\"https:\/\/old.prague-fenix.cz\/milana\/#breadcrumb\",\"itemListElement\":[{\"@type\":\"ListItem\",\"position\":1,\"name\":\"Dom\u016f\",\"item\":\"https:\/\/old.prague-fenix.cz\/\"},{\"@type\":\"ListItem\",\"position\":2,\"name\":\"Milana\"}]},{\"@type\":\"WebSite\",\"@id\":\"https:\/\/old.prague-fenix.cz\/#website\",\"url\":\"https:\/\/old.prague-fenix.cz\/\",\"name\":\"Erotick\u00fd mas\u00e1\u017en\u00ed sal\u00f3n Prague F\u00e9nix\",\"description\":\"Massage salon and erotic massages, body to body, tantra, mix, nuru and lingam massage, lesbian show, BDSM massage.\",\"publisher\":{\"@id\":\"https:\/\/old.prague-fenix.cz\/#\/schema\/person\/2ba77174c6f44cc2bc3d0f5e8ba640d6\"},\"potentialAction\":[{\"@type\":\"SearchAction\",\"target\":{\"@type\":\"EntryPoint\",\"urlTemplate\":\"https:\/\/old.prague-fenix.cz\/?s={search_term_string}\"},\"query-input\":{\"@type\":\"PropertyValueSpecification\",\"valueRequired\":true,\"valueName\":\"search_term_string\"}}],\"inLanguage\":\"cs\"},{\"@type\":[\"Person\",\"Organization\"],\"@id\":\"https:\/\/old.prague-fenix.cz\/#\/schema\/person\/2ba77174c6f44cc2bc3d0f5e8ba640d6\",\"name\":\"Prague Fenix\",\"image\":{\"@type\":\"ImageObject\",\"inLanguage\":\"cs\",\"@id\":\"https:\/\/old.prague-fenix.cz\/#\/schema\/person\/image\/\",\"url\":\"https:\/\/prague-fenix.cz\/wp-content\/uploads\/2023\/05\/prague-fenix.cz-logo-e1684684035397.png\",\"contentUrl\":\"https:\/\/prague-fenix.cz\/wp-content\/uploads\/2023\/05\/prague-fenix.cz-logo-e1684684035397.png\",\"width\":675,\"height\":675,\"caption\":\"Prague Fenix\"},\"logo\":{\"@id\":\"https:\/\/old.prague-fenix.cz\/#\/schema\/person\/image\/\"},\"sameAs\":[\"http:\/\/www.prague-fenix.cz\"]}]}<\/script>\n<!-- \/ Yoast SEO plugin. -->","yoast_head_json":{"title":"Erotic massage by Milana - Salon Prague Fenix","description":"Masseuse Milana in the erotic massage salon Prague Fenix. About the girl and her services. Book a massage with Milana and get real pleasure.","robots":{"index":"noindex","follow":"follow","max-snippet":"max-snippet:-1","max-image-preview":"max-image-preview:large","max-video-preview":"max-video-preview:-1"},"og_locale":"cs_CZ","og_type":"article","og_title":"Erotic massage by Milana - Salon Prague Fenix","og_description":"Masseuse Milana in the erotic massage salon Prague Fenix. About the girl and her services. Book a massage with Milana and get real pleasure.","og_url":"https:\/\/old.prague-fenix.cz\/cs\/milana\/","og_site_name":"Erotic massage salon Prague Fenix","article_modified_time":"2024-08-18T19:10:37+00:00","og_image":[{"width":680,"height":384,"url":"https:\/\/old.prague-fenix.cz\/wp-content\/uploads\/2024\/08\/Milana-2-1-e1724008210770.jpg","type":"image\/jpeg"}],"twitter_card":"summary_large_image","twitter_misc":{"Odhadovan\u00e1 doba \u010dten\u00ed":"2 minuty"},"schema":{"@context":"https:\/\/schema.org","@graph":[{"@type":"WebPage","@id":"https:\/\/old.prague-fenix.cz\/milana\/","url":"https:\/\/old.prague-fenix.cz\/milana\/","name":"Erotic massage by Milana - Salon Prague Fenix","isPartOf":{"@id":"https:\/\/old.prague-fenix.cz\/#website"},"primaryImageOfPage":{"@id":"https:\/\/old.prague-fenix.cz\/milana\/#primaryimage"},"image":{"@id":"https:\/\/old.prague-fenix.cz\/milana\/#primaryimage"},"thumbnailUrl":"https:\/\/old.prague-fenix.cz\/wp-content\/uploads\/2024\/08\/Milana-2-1-e1724008210770.jpg","datePublished":"2023-05-07T10:53:14+00:00","dateModified":"2024-08-18T19:10:37+00:00","description":"Masseuse Milana in the erotic massage salon Prague Fenix. About the girl and her services. Book a massage with Milana and get real pleasure.","breadcrumb":{"@id":"https:\/\/old.prague-fenix.cz\/milana\/#breadcrumb"},"inLanguage":"cs","potentialAction":[{"@type":"ReadAction","target":["https:\/\/old.prague-fenix.cz\/milana\/"]}]},{"@type":"ImageObject","inLanguage":"cs","@id":"https:\/\/old.prague-fenix.cz\/milana\/#primaryimage","url":"https:\/\/old.prague-fenix.cz\/wp-content\/uploads\/2024\/08\/Milana-2-1-e1724008210770.jpg","contentUrl":"https:\/\/old.prague-fenix.cz\/wp-content\/uploads\/2024\/08\/Milana-2-1-e1724008210770.jpg","width":680,"height":384},{"@type":"BreadcrumbList","@id":"https:\/\/old.prague-fenix.cz\/milana\/#breadcrumb","itemListElement":[{"@type":"ListItem","position":1,"name":"Dom\u016f","item":"https:\/\/old.prague-fenix.cz\/"},{"@type":"ListItem","position":2,"name":"Milana"}]},{"@type":"WebSite","@id":"https:\/\/old.prague-fenix.cz\/#website","url":"https:\/\/old.prague-fenix.cz\/","name":"Erotick\u00fd mas\u00e1\u017en\u00ed sal\u00f3n Prague F\u00e9nix","description":"Massage salon and erotic massages, body to body, tantra, mix, nuru and lingam massage, lesbian show, BDSM massage.","publisher":{"@id":"https:\/\/old.prague-fenix.cz\/#\/schema\/person\/2ba77174c6f44cc2bc3d0f5e8ba640d6"},"potentialAction":[{"@type":"SearchAction","target":{"@type":"EntryPoint","urlTemplate":"https:\/\/old.prague-fenix.cz\/?s={search_term_string}"},"query-input":{"@type":"PropertyValueSpecification","valueRequired":true,"valueName":"search_term_string"}}],"inLanguage":"cs"},{"@type":["Person","Organization"],"@id":"https:\/\/old.prague-fenix.cz\/#\/schema\/person\/2ba77174c6f44cc2bc3d0f5e8ba640d6","name":"Prague Fenix","image":{"@type":"ImageObject","inLanguage":"cs","@id":"https:\/\/old.prague-fenix.cz\/#\/schema\/person\/image\/","url":"https:\/\/prague-fenix.cz\/wp-content\/uploads\/2023\/05\/prague-fenix.cz-logo-e1684684035397.png","contentUrl":"https:\/\/prague-fenix.cz\/wp-content\/uploads\/2023\/05\/prague-fenix.cz-logo-e1684684035397.png","width":675,"height":675,"caption":"Prague Fenix"},"logo":{"@id":"https:\/\/old.prague-fenix.cz\/#\/schema\/person\/image\/"},"sameAs":["http:\/\/www.prague-fenix.cz"]}]}},"_links":{"self":[{"href":"https:\/\/old.prague-fenix.cz\/cs\/wp-json\/wp\/v2\/pages\/37","targetHints":{"allow":["GET"]}}],"collection":[{"href":"https:\/\/old.prague-fenix.cz\/cs\/wp-json\/wp\/v2\/pages"}],"about":[{"href":"https:\/\/old.prague-fenix.cz\/cs\/wp-json\/wp\/v2\/types\/page"}],"author":[{"embeddable":true,"href":"https:\/\/old.prague-fenix.cz\/cs\/wp-json\/wp\/v2\/users\/3"}],"replies":[{"embeddable":true,"href":"https:\/\/old.prague-fenix.cz\/cs\/wp-json\/wp\/v2\/comments?post=37"}],"version-history":[{"count":0,"href":"https:\/\/old.prague-fenix.cz\/cs\/wp-json\/wp\/v2\/pages\/37\/revisions"}],"wp:featuredmedia":[{"embeddable":true,"href":"https:\/\/old.prague-fenix.cz\/cs\/wp-json\/wp\/v2\/media\/1378"}],"wp:attachment":[{"href":"https:\/\/old.prague-fenix.cz\/cs\/wp-json\/wp\/v2\/media?parent=37"}],"curies":[{"name":"wp","href":"https:\/\/api.w.org\/{rel}","templated":true}]}}