{"id":31,"date":"2023-05-07T11:52:22","date_gmt":"2023-05-07T10:52:22","guid":{"rendered":"http:\/\/prague-fenix.cz\/?page_id=31"},"modified":"2024-08-18T20:14:57","modified_gmt":"2024-08-18T19:14:57","slug":"karolina","status":"publish","type":"page","link":"https:\/\/old.prague-fenix.cz\/cs\/karolina\/","title":{"rendered":"Karol\u00edna"},"content":{"rendered":"<p><strong><mark style=\"background-color:rgba(0, 0, 0, 0)\" class=\"has-inline-color has-vivid-red-color\">V\u011bk<\/mark><\/strong>: 23 let<br><strong><mark style=\"background-color:rgba(0, 0, 0, 0)\" class=\"has-inline-color has-vivid-red-color\">V\u00e1ha<\/mark><\/strong>: 50 kg<br><strong><mark style=\"background-color:rgba(0, 0, 0, 0)\" class=\"has-inline-color has-vivid-red-color\">V\u00fd\u0161ka<\/mark><\/strong>: 165 cm<br><strong><mark style=\"background-color:rgba(0, 0, 0, 0)\" class=\"has-inline-color has-vivid-red-color\">Barva vlas\u016f<\/mark><\/strong>: blond\u00fdnka<br><strong><mark style=\"background-color:rgba(0, 0, 0, 0)\" class=\"has-inline-color has-vivid-red-color\">Velikost prsou<\/mark><\/strong>: \u0412 (2)<\/p>\n\n\n\n<figure class=\"wp-block-gallery has-nested-images columns-default is-cropped wp-block-gallery-1 is-layout-flex wp-block-gallery-is-layout-flex\">\n<figure class=\"wp-block-image size-full\"><img fetchpriority=\"high\" decoding=\"async\" width=\"767\" height=\"432\" data-id=\"1432\" src=\"http:\/\/prague-fenix.cz\/wp-content\/uploads\/2024\/08\/Karolina-5.webp\" alt=\"\" class=\"wp-image-1432\" srcset=\"https:\/\/old.prague-fenix.cz\/wp-content\/uploads\/2024\/08\/Karolina-5.webp 767w, https:\/\/old.prague-fenix.cz\/wp-content\/uploads\/2024\/08\/Karolina-5-300x169.webp 300w, https:\/\/old.prague-fenix.cz\/wp-content\/uploads\/2024\/08\/Karolina-5-18x10.webp 18w\" sizes=\"(max-width: 767px) 100vw, 767px\" \/><\/figure>\n<\/figure>\n\n\n\n<h2 class=\"wp-block-heading has-text-align-center\"><mark style=\"background-color:rgba(0, 0, 0, 0)\" class=\"has-inline-color has-vivid-red-color\">O Karol\u00edn\u011b<\/mark><\/h2>\n\n\n\n<p>Kr\u00e1sn\u00e1, \u00fa\u017easn\u00e1, s dokonalou postavou. Karolina je jedna z nejlep\u0161\u00edch v technice erotick\u00fdch mas\u00e1\u017e\u00ed v cel\u00e9 Praze. P\u016fvabn\u011bj\u0161\u00ed a smysln\u011bj\u0161\u00ed d\u00edvku nenajdete!<\/p>\n\n\n\n<p>Jej\u00ed profesion\u00e1ln\u00ed dovednosti a v\u00fdborn\u00e1 znalost taj\u016f orient\u00e1ln\u00edch technik jsou d\u016fvodem k z\u00e1visti ka\u017ed\u00e9 mas\u00e9rky. Tato d\u00edvka je dokonal\u00e1 ve v\u0161em, snadno uspokoj\u00ed ka\u017ed\u00e9ho sv\u00e9ho klienta na 100%. Karol\u00edna hypnotizuje nejen bezchybnou erotickou mas\u00e1\u017e\u00ed, ale i kr\u00e1sou sv\u00e9ho t\u011bla. Jej\u00ed n\u011b\u017en\u00fd hlas, vzru\u0161uj\u00ed a jemn\u00e9, smysln\u00e9 doteky nut\u00ed ka\u017ed\u00e9ho, kdo je v jej\u00ed p\u00e9\u010di, st\u00e9nat rozko\u0161\u00ed.<\/p>\n\n\n\n<p>Erotick\u00e1 mas\u00e1\u017e s Karolinou je smysln\u00fd ritu\u00e1l. Pohyby t\u00e9to kr\u00e1sky jsou hypnotizuj\u00edc\u00ed, uvol\u0148uj\u00edc\u00ed a nalad\u00ed v\u00e1s na nezapomenuteln\u00fd z\u00e1\u017eitek. U\u017e prvn\u00ed dotek jej\u00edho t\u011bla vyvol\u00e1v\u00e1 vlnu rozko\u0161e. Ka\u017ed\u00e1 dal\u0161\u00ed minuta vede k progresivn\u00ed svalov\u00e9 relaxaci, kon\u010d\u00edc\u00ed vrcholem ext\u00e1ze a pocitem absolutn\u00ed euforie.<\/p>\n\n\n\n<h2 class=\"wp-block-heading has-text-align-center\">Erotick\u00e1 mas\u00e1\u017e <mark style=\"background-color:rgba(0, 0, 0, 0)\" class=\"has-inline-color has-vivid-red-color\">od Karol\u00edny<\/mark><\/h2>\n\n\n\n<p>\u0160ance pono\u0159it se do v\u00edru naprost\u00e9 rozko\u0161e a relaxace v rukou takov\u00e9 d\u00edvky si nem\u016f\u017eete nechat uj\u00edt! Chcete-li to pro\u017e\u00edt, zavolejte hned te\u010f telefonicky&nbsp; <a href=\"tel:  420 720 175 506\">+420 720 175 506<\/a> a objednejte si jakoukoliv erotickou mas\u00e1\u017e od nejlep\u0161\u00ed mas\u00e9rky v Praze! Karol\u00edna u\u017e na v\u00e1s \u010dek\u00e1!<\/p>\n\n\n\n<figure class=\"wp-block-gallery has-nested-images columns-default is-cropped wp-block-gallery-2 is-layout-flex wp-block-gallery-is-layout-flex\">\n<figure class=\"wp-block-image size-large\"><img decoding=\"async\" width=\"700\" height=\"1024\" data-id=\"1400\" src=\"http:\/\/prague-fenix.cz\/wp-content\/uploads\/2024\/08\/Karolina-700x1024.jpg\" alt=\"\" class=\"wp-image-1400\" srcset=\"https:\/\/old.prague-fenix.cz\/wp-content\/uploads\/2024\/08\/Karolina-700x1024.jpg 700w, https:\/\/old.prague-fenix.cz\/wp-content\/uploads\/2024\/08\/Karolina-205x300.jpg 205w, https:\/\/old.prague-fenix.cz\/wp-content\/uploads\/2024\/08\/Karolina-768x1124.jpg 768w, https:\/\/old.prague-fenix.cz\/wp-content\/uploads\/2024\/08\/Karolina-1049x1536.jpg 1049w, https:\/\/old.prague-fenix.cz\/wp-content\/uploads\/2024\/08\/Karolina-8x12.jpg 8w, https:\/\/old.prague-fenix.cz\/wp-content\/uploads\/2024\/08\/Karolina.jpg 1093w\" sizes=\"(max-width: 700px) 100vw, 700px\" \/><\/figure>\n\n\n\n<figure class=\"wp-block-image size-full\"><img decoding=\"async\" width=\"680\" height=\"1024\" data-id=\"1401\" src=\"http:\/\/prague-fenix.cz\/wp-content\/uploads\/2024\/08\/Karolina-2.jpg\" alt=\"\" class=\"wp-image-1401\" srcset=\"https:\/\/old.prague-fenix.cz\/wp-content\/uploads\/2024\/08\/Karolina-2.jpg 680w, https:\/\/old.prague-fenix.cz\/wp-content\/uploads\/2024\/08\/Karolina-2-199x300.jpg 199w, https:\/\/old.prague-fenix.cz\/wp-content\/uploads\/2024\/08\/Karolina-2-8x12.jpg 8w\" sizes=\"(max-width: 680px) 100vw, 680px\" \/><\/figure>\n\n\n\n<figure class=\"wp-block-image size-large\"><img loading=\"lazy\" decoding=\"async\" width=\"711\" height=\"1024\" data-id=\"1403\" src=\"http:\/\/prague-fenix.cz\/wp-content\/uploads\/2024\/08\/Karolina-4-711x1024.jpg\" alt=\"\" class=\"wp-image-1403\" srcset=\"https:\/\/old.prague-fenix.cz\/wp-content\/uploads\/2024\/08\/Karolina-4-711x1024.jpg 711w, https:\/\/old.prague-fenix.cz\/wp-content\/uploads\/2024\/08\/Karolina-4-208x300.jpg 208w, https:\/\/old.prague-fenix.cz\/wp-content\/uploads\/2024\/08\/Karolina-4-768x1107.jpg 768w, https:\/\/old.prague-fenix.cz\/wp-content\/uploads\/2024\/08\/Karolina-4-8x12.jpg 8w, https:\/\/old.prague-fenix.cz\/wp-content\/uploads\/2024\/08\/Karolina-4.jpg 1066w\" sizes=\"(max-width: 711px) 100vw, 711px\" \/><\/figure>\n<\/figure>","protected":false},"excerpt":{"rendered":"<p>V\u011bk: 23 letHmotnost: 50 kgV\u00fd\u0161ka: 165 cmBarva vlas\u016f: blond Velikost prsou: \u0412 (2) O Karol\u00edn\u011b Neuv\u011b\u0159iteln\u011b kr\u00e1sn\u00e1, \u00fa\u017easn\u00e1, s dokonalou postavou, Karol\u00edna je jedna z nejlep\u0161\u00edch v erotick\u00fdch mas\u00e1\u017e\u00edch <a class=\"more-link\" href=\"https:\/\/old.prague-fenix.cz\/cs\/karolina\/\">Pokra\u010dovat ve \u010dten\u00ed \u2192<\/a><\/p>","protected":false},"author":3,"featured_media":1432,"parent":0,"menu_order":0,"comment_status":"closed","ping_status":"closed","template":"","meta":{"footnotes":""},"class_list":["post-31","page","type-page","status-publish","has-post-thumbnail","hentry"],"yoast_head":"<!-- This site is optimized with the Yoast SEO plugin v25.0 - https:\/\/yoast.com\/wordpress\/plugins\/seo\/ -->\n<title>Erotic massage by Karolina - Salon Prague Fenix<\/title>\n<meta name=\"description\" content=\"Masseuse Karolina in the erotic massage salon Prague Fenix. About the girl and her services. Book a massage with Karolina and get real pleasure\" \/>\n<meta name=\"robots\" content=\"noindex, follow, max-snippet:-1, max-image-preview:large, max-video-preview:-1\" \/>\n<meta property=\"og:locale\" content=\"cs_CZ\" \/>\n<meta property=\"og:type\" content=\"article\" \/>\n<meta property=\"og:title\" content=\"Erotic massage by Karolina - Salon Prague Fenix\" \/>\n<meta property=\"og:description\" content=\"Masseuse Karolina in the erotic massage salon Prague Fenix. About the girl and her services. Book a massage with Karolina and get real pleasure\" \/>\n<meta property=\"og:url\" content=\"https:\/\/old.prague-fenix.cz\/cs\/karolina\/\" \/>\n<meta property=\"og:site_name\" content=\"Erotic massage salon Prague Fenix\" \/>\n<meta property=\"article:modified_time\" content=\"2024-08-18T19:14:57+00:00\" \/>\n<meta property=\"og:image\" content=\"https:\/\/old.prague-fenix.cz\/wp-content\/uploads\/2024\/08\/Karolina-5.webp\" \/>\n\t<meta property=\"og:image:width\" content=\"767\" \/>\n\t<meta property=\"og:image:height\" content=\"432\" \/>\n\t<meta property=\"og:image:type\" content=\"image\/webp\" \/>\n<meta name=\"twitter:card\" content=\"summary_large_image\" \/>\n<meta name=\"twitter:label1\" content=\"Odhadovan\u00e1 doba \u010dten\u00ed\" \/>\n\t<meta name=\"twitter:data1\" content=\"3 minuty\" \/>\n<script type=\"application\/ld+json\" class=\"yoast-schema-graph\">{\"@context\":\"https:\/\/schema.org\",\"@graph\":[{\"@type\":\"WebPage\",\"@id\":\"https:\/\/old.prague-fenix.cz\/karolina\/\",\"url\":\"https:\/\/old.prague-fenix.cz\/karolina\/\",\"name\":\"Erotic massage by Karolina - Salon Prague Fenix\",\"isPartOf\":{\"@id\":\"https:\/\/old.prague-fenix.cz\/#website\"},\"primaryImageOfPage\":{\"@id\":\"https:\/\/old.prague-fenix.cz\/karolina\/#primaryimage\"},\"image\":{\"@id\":\"https:\/\/old.prague-fenix.cz\/karolina\/#primaryimage\"},\"thumbnailUrl\":\"https:\/\/old.prague-fenix.cz\/wp-content\/uploads\/2024\/08\/Karolina-5.webp\",\"datePublished\":\"2023-05-07T10:52:22+00:00\",\"dateModified\":\"2024-08-18T19:14:57+00:00\",\"description\":\"Masseuse Karolina in the erotic massage salon Prague Fenix. About the girl and her services. Book a massage with Karolina and get real pleasure\",\"breadcrumb\":{\"@id\":\"https:\/\/old.prague-fenix.cz\/karolina\/#breadcrumb\"},\"inLanguage\":\"cs\",\"potentialAction\":[{\"@type\":\"ReadAction\",\"target\":[\"https:\/\/old.prague-fenix.cz\/karolina\/\"]}]},{\"@type\":\"ImageObject\",\"inLanguage\":\"cs\",\"@id\":\"https:\/\/old.prague-fenix.cz\/karolina\/#primaryimage\",\"url\":\"https:\/\/old.prague-fenix.cz\/wp-content\/uploads\/2024\/08\/Karolina-5.webp\",\"contentUrl\":\"https:\/\/old.prague-fenix.cz\/wp-content\/uploads\/2024\/08\/Karolina-5.webp\",\"width\":767,\"height\":432},{\"@type\":\"BreadcrumbList\",\"@id\":\"https:\/\/old.prague-fenix.cz\/karolina\/#breadcrumb\",\"itemListElement\":[{\"@type\":\"ListItem\",\"position\":1,\"name\":\"Dom\u016f\",\"item\":\"https:\/\/old.prague-fenix.cz\/\"},{\"@type\":\"ListItem\",\"position\":2,\"name\":\"Karolina\"}]},{\"@type\":\"WebSite\",\"@id\":\"https:\/\/old.prague-fenix.cz\/#website\",\"url\":\"https:\/\/old.prague-fenix.cz\/\",\"name\":\"Erotick\u00fd mas\u00e1\u017en\u00ed sal\u00f3n Prague F\u00e9nix\",\"description\":\"Massage salon and erotic massages, body to body, tantra, mix, nuru and lingam massage, lesbian show, BDSM massage.\",\"publisher\":{\"@id\":\"https:\/\/old.prague-fenix.cz\/#\/schema\/person\/2ba77174c6f44cc2bc3d0f5e8ba640d6\"},\"potentialAction\":[{\"@type\":\"SearchAction\",\"target\":{\"@type\":\"EntryPoint\",\"urlTemplate\":\"https:\/\/old.prague-fenix.cz\/?s={search_term_string}\"},\"query-input\":{\"@type\":\"PropertyValueSpecification\",\"valueRequired\":true,\"valueName\":\"search_term_string\"}}],\"inLanguage\":\"cs\"},{\"@type\":[\"Person\",\"Organization\"],\"@id\":\"https:\/\/old.prague-fenix.cz\/#\/schema\/person\/2ba77174c6f44cc2bc3d0f5e8ba640d6\",\"name\":\"Prague Fenix\",\"image\":{\"@type\":\"ImageObject\",\"inLanguage\":\"cs\",\"@id\":\"https:\/\/old.prague-fenix.cz\/#\/schema\/person\/image\/\",\"url\":\"https:\/\/prague-fenix.cz\/wp-content\/uploads\/2023\/05\/prague-fenix.cz-logo-e1684684035397.png\",\"contentUrl\":\"https:\/\/prague-fenix.cz\/wp-content\/uploads\/2023\/05\/prague-fenix.cz-logo-e1684684035397.png\",\"width\":675,\"height\":675,\"caption\":\"Prague Fenix\"},\"logo\":{\"@id\":\"https:\/\/old.prague-fenix.cz\/#\/schema\/person\/image\/\"},\"sameAs\":[\"http:\/\/www.prague-fenix.cz\"]}]}<\/script>\n<!-- \/ Yoast SEO plugin. -->","yoast_head_json":{"title":"Erotic massage by Karolina - Salon Prague Fenix","description":"Masseuse Karolina in the erotic massage salon Prague Fenix. About the girl and her services. Book a massage with Karolina and get real pleasure","robots":{"index":"noindex","follow":"follow","max-snippet":"max-snippet:-1","max-image-preview":"max-image-preview:large","max-video-preview":"max-video-preview:-1"},"og_locale":"cs_CZ","og_type":"article","og_title":"Erotic massage by Karolina - Salon Prague Fenix","og_description":"Masseuse Karolina in the erotic massage salon Prague Fenix. About the girl and her services. Book a massage with Karolina and get real pleasure","og_url":"https:\/\/old.prague-fenix.cz\/cs\/karolina\/","og_site_name":"Erotic massage salon Prague Fenix","article_modified_time":"2024-08-18T19:14:57+00:00","og_image":[{"width":767,"height":432,"url":"https:\/\/old.prague-fenix.cz\/wp-content\/uploads\/2024\/08\/Karolina-5.webp","type":"image\/webp"}],"twitter_card":"summary_large_image","twitter_misc":{"Odhadovan\u00e1 doba \u010dten\u00ed":"3 minuty"},"schema":{"@context":"https:\/\/schema.org","@graph":[{"@type":"WebPage","@id":"https:\/\/old.prague-fenix.cz\/karolina\/","url":"https:\/\/old.prague-fenix.cz\/karolina\/","name":"Erotic massage by Karolina - Salon Prague Fenix","isPartOf":{"@id":"https:\/\/old.prague-fenix.cz\/#website"},"primaryImageOfPage":{"@id":"https:\/\/old.prague-fenix.cz\/karolina\/#primaryimage"},"image":{"@id":"https:\/\/old.prague-fenix.cz\/karolina\/#primaryimage"},"thumbnailUrl":"https:\/\/old.prague-fenix.cz\/wp-content\/uploads\/2024\/08\/Karolina-5.webp","datePublished":"2023-05-07T10:52:22+00:00","dateModified":"2024-08-18T19:14:57+00:00","description":"Masseuse Karolina in the erotic massage salon Prague Fenix. About the girl and her services. Book a massage with Karolina and get real pleasure","breadcrumb":{"@id":"https:\/\/old.prague-fenix.cz\/karolina\/#breadcrumb"},"inLanguage":"cs","potentialAction":[{"@type":"ReadAction","target":["https:\/\/old.prague-fenix.cz\/karolina\/"]}]},{"@type":"ImageObject","inLanguage":"cs","@id":"https:\/\/old.prague-fenix.cz\/karolina\/#primaryimage","url":"https:\/\/old.prague-fenix.cz\/wp-content\/uploads\/2024\/08\/Karolina-5.webp","contentUrl":"https:\/\/old.prague-fenix.cz\/wp-content\/uploads\/2024\/08\/Karolina-5.webp","width":767,"height":432},{"@type":"BreadcrumbList","@id":"https:\/\/old.prague-fenix.cz\/karolina\/#breadcrumb","itemListElement":[{"@type":"ListItem","position":1,"name":"Dom\u016f","item":"https:\/\/old.prague-fenix.cz\/"},{"@type":"ListItem","position":2,"name":"Karolina"}]},{"@type":"WebSite","@id":"https:\/\/old.prague-fenix.cz\/#website","url":"https:\/\/old.prague-fenix.cz\/","name":"Erotick\u00fd mas\u00e1\u017en\u00ed sal\u00f3n Prague F\u00e9nix","description":"Massage salon and erotic massages, body to body, tantra, mix, nuru and lingam massage, lesbian show, BDSM massage.","publisher":{"@id":"https:\/\/old.prague-fenix.cz\/#\/schema\/person\/2ba77174c6f44cc2bc3d0f5e8ba640d6"},"potentialAction":[{"@type":"SearchAction","target":{"@type":"EntryPoint","urlTemplate":"https:\/\/old.prague-fenix.cz\/?s={search_term_string}"},"query-input":{"@type":"PropertyValueSpecification","valueRequired":true,"valueName":"search_term_string"}}],"inLanguage":"cs"},{"@type":["Person","Organization"],"@id":"https:\/\/old.prague-fenix.cz\/#\/schema\/person\/2ba77174c6f44cc2bc3d0f5e8ba640d6","name":"Prague Fenix","image":{"@type":"ImageObject","inLanguage":"cs","@id":"https:\/\/old.prague-fenix.cz\/#\/schema\/person\/image\/","url":"https:\/\/prague-fenix.cz\/wp-content\/uploads\/2023\/05\/prague-fenix.cz-logo-e1684684035397.png","contentUrl":"https:\/\/prague-fenix.cz\/wp-content\/uploads\/2023\/05\/prague-fenix.cz-logo-e1684684035397.png","width":675,"height":675,"caption":"Prague Fenix"},"logo":{"@id":"https:\/\/old.prague-fenix.cz\/#\/schema\/person\/image\/"},"sameAs":["http:\/\/www.prague-fenix.cz"]}]}},"_links":{"self":[{"href":"https:\/\/old.prague-fenix.cz\/cs\/wp-json\/wp\/v2\/pages\/31","targetHints":{"allow":["GET"]}}],"collection":[{"href":"https:\/\/old.prague-fenix.cz\/cs\/wp-json\/wp\/v2\/pages"}],"about":[{"href":"https:\/\/old.prague-fenix.cz\/cs\/wp-json\/wp\/v2\/types\/page"}],"author":[{"embeddable":true,"href":"https:\/\/old.prague-fenix.cz\/cs\/wp-json\/wp\/v2\/users\/3"}],"replies":[{"embeddable":true,"href":"https:\/\/old.prague-fenix.cz\/cs\/wp-json\/wp\/v2\/comments?post=31"}],"version-history":[{"count":0,"href":"https:\/\/old.prague-fenix.cz\/cs\/wp-json\/wp\/v2\/pages\/31\/revisions"}],"wp:featuredmedia":[{"embeddable":true,"href":"https:\/\/old.prague-fenix.cz\/cs\/wp-json\/wp\/v2\/media\/1432"}],"wp:attachment":[{"href":"https:\/\/old.prague-fenix.cz\/cs\/wp-json\/wp\/v2\/media?parent=31"}],"curies":[{"name":"wp","href":"https:\/\/api.w.org\/{rel}","templated":true}]}}