{"id":256,"date":"2023-05-21T06:51:28","date_gmt":"2023-05-21T05:51:28","guid":{"rendered":"https:\/\/prague-fenix.cz\/?page_id=256"},"modified":"2025-01-24T22:57:19","modified_gmt":"2025-01-24T21:57:19","slug":"kira","status":"publish","type":"page","link":"https:\/\/old.prague-fenix.cz\/cs\/kira\/","title":{"rendered":"Kira"},"content":{"rendered":"<p><strong><mark style=\"background-color:rgba(0, 0, 0, 0)\" class=\"has-inline-color has-vivid-red-color\">V\u011bk<\/mark><\/strong>: 25 let<br><strong><mark style=\"background-color:rgba(0, 0, 0, 0)\" class=\"has-inline-color has-vivid-red-color\">V\u00e1ha<\/mark><\/strong>: 58 kg<br><strong><mark style=\"background-color:rgba(0, 0, 0, 0)\" class=\"has-inline-color has-vivid-red-color\">V\u00fd\u0161ka<\/mark><\/strong>: 167 cm<br><strong><mark style=\"background-color:rgba(0, 0, 0, 0)\" class=\"has-inline-color has-vivid-red-color\">Barva vlas\u016f<\/mark><\/strong>: blond\u00fdnka<br><strong><mark style=\"background-color:rgba(0, 0, 0, 0)\" class=\"has-inline-color has-vivid-red-color\">Velikost prsou<\/mark><\/strong>: \u0412 (3)<\/p>\n\n\n\n<figure class=\"wp-block-gallery has-nested-images columns-default is-cropped wp-block-gallery-1 is-layout-flex wp-block-gallery-is-layout-flex\">\n<figure class=\"wp-block-image size-large\"><img fetchpriority=\"high\" decoding=\"async\" width=\"1024\" height=\"820\" data-id=\"1651\" src=\"http:\/\/prague-fenix.cz\/wp-content\/uploads\/2025\/01\/Kira-Erotic-Masseus-1-1024x820.jpg\" alt=\"\" class=\"wp-image-1651\" srcset=\"https:\/\/old.prague-fenix.cz\/wp-content\/uploads\/2025\/01\/Kira-Erotic-Masseus-1-1024x820.jpg 1024w, https:\/\/old.prague-fenix.cz\/wp-content\/uploads\/2025\/01\/Kira-Erotic-Masseus-1-300x240.jpg 300w, https:\/\/old.prague-fenix.cz\/wp-content\/uploads\/2025\/01\/Kira-Erotic-Masseus-1-768x615.jpg 768w, https:\/\/old.prague-fenix.cz\/wp-content\/uploads\/2025\/01\/Kira-Erotic-Masseus-1-15x12.jpg 15w, https:\/\/old.prague-fenix.cz\/wp-content\/uploads\/2025\/01\/Kira-Erotic-Masseus-1.jpg 1200w\" sizes=\"(max-width: 1024px) 100vw, 1024px\" \/><\/figure>\n<\/figure>\n\n\n\n<h2 class=\"wp-block-heading has-text-align-center\"><mark style=\"background-color:rgba(0, 0, 0, 0)\" class=\"has-inline-color has-vivid-red-color\">O Kira<\/mark><\/h2>\n\n\n\n<p>P\u016fvabn\u00e1 a v\u017edy v\u00e1\u0161niv\u00e1 mas\u00e9rka Kira pot\u011b\u0161\u00ed ka\u017ed\u00e9ho sv\u00e9ho n\u00e1v\u0161t\u011bvn\u00edka osobitost\u00ed, charakteristickou pouze pro jej\u00ed techniku relaxa\u010dn\u00ed mas\u00e1\u017ee. D\u00edvka je zn\u00e1m\u00e1 sv\u00fdm v\u00fdjime\u010dn\u00fdm pracovn\u00edm p\u0159\u00edstupem, schopnost\u00ed uspokojit p\u0159\u00e1n\u00ed ka\u017ed\u00e9ho klienta po mimo\u0159\u00e1dn\u00e9 erotick\u00e9 mas\u00e1\u017ei.<\/p>\n\n\n\n<p><span style=\"text-decoration: underline;\">Kira dokonale, v\u00ed, co se od n\u00ed chce<\/span>. O jej\u00edch zku\u0161enostech a dokonal\u00e9m ovl\u00e1d\u00e1n\u00ed r\u016fzn\u00fdch mas\u00e1\u017en\u00edch technik se m\u016f\u017eete p\u0159esv\u011bd\u010dit ji\u017e od prvn\u00edch minut sezen\u00ed. Tato d\u00edvka v\u00e1m ur\u010dit\u011b dok\u00e1\u017ee poskytnout ty nejlep\u0161\u00ed emoce a opravdu skv\u011blou mas\u00e1\u017e. Ovl\u00e1d\u00e1 t\u00e9m\u011b\u0159 v\u0161echny druhy mas\u00e1\u017e\u00ed ! Specializuje se na v\u011bt\u0161inu slu\u017eeb na\u0161eho erotick\u00e9ho mas\u00e1\u017en\u00edho salonu Prague Fenix.<\/p>\n\n\n\n<p>Ka\u017ed\u00fd, kdo byl na sezen\u00ed s Kirou, z\u00edskal jedine\u010dn\u00fd z\u00e1\u017eitek, touha si to zopakovat p\u0159ich\u00e1z\u00ed hned po prvn\u00edm setk\u00e1n\u00ed s touto mas\u00e9rkou. D\u00edv\u010dina pozornost v\u011bnovan\u00e1 v\u0161em detail\u016fm a schopnost okam\u017eit\u011b se p\u0159izp\u016fsobit individu\u00e1ln\u00edm pot\u0159eb\u00e1m klienta \u010din\u00ed jej\u00ed slu\u017eby vysoce cen\u011bn\u00fdmi. Zejm\u00e9na pro ty, kte\u0159\u00ed p\u0159ij\u00ed\u017ed\u011bj\u00ed do Fenix za kvalitn\u00edm odpo\u010dinkem a relaxac\u00ed 100%.<\/p>\n\n\n\n<h2 class=\"wp-block-heading has-text-align-center\">Erotick\u00e1 mas\u00e1\u017e <mark style=\"background-color:rgba(0, 0, 0, 0)\" class=\"has-inline-color has-vivid-red-color\">od Kiry<\/mark><\/h2>\n\n\n\n<p>Pro rezervaci erotick\u00fdch mas\u00e1\u017e\u00ed od Kiry volejte pros\u00edm telefonicky&nbsp; <a href=\"tel:  420 720 175 506\">+420 720 175 506<\/a>&nbsp;pr\u00e1v\u011b te\u010f! U\u017e \u010dek\u00e1 na sch\u016fzku, konkr\u00e9tn\u011b s v\u00e1mi! \u00a0 &nbsp;<\/p>\n\n\n\n<figure class=\"wp-block-gallery has-nested-images columns-default is-cropped wp-block-gallery-2 is-layout-flex wp-block-gallery-is-layout-flex\">\n<figure class=\"wp-block-image size-large\"><img decoding=\"async\" width=\"699\" height=\"1024\" data-id=\"1647\" src=\"http:\/\/prague-fenix.cz\/wp-content\/uploads\/2025\/01\/Kira-Erotic-Masseus-699x1024.jpg\" alt=\"\" class=\"wp-image-1647\" srcset=\"https:\/\/old.prague-fenix.cz\/wp-content\/uploads\/2025\/01\/Kira-Erotic-Masseus-699x1024.jpg 699w, https:\/\/old.prague-fenix.cz\/wp-content\/uploads\/2025\/01\/Kira-Erotic-Masseus-205x300.jpg 205w, https:\/\/old.prague-fenix.cz\/wp-content\/uploads\/2025\/01\/Kira-Erotic-Masseus-768x1124.jpg 768w, https:\/\/old.prague-fenix.cz\/wp-content\/uploads\/2025\/01\/Kira-Erotic-Masseus-1049x1536.jpg 1049w, https:\/\/old.prague-fenix.cz\/wp-content\/uploads\/2025\/01\/Kira-Erotic-Masseus-8x12.jpg 8w, https:\/\/old.prague-fenix.cz\/wp-content\/uploads\/2025\/01\/Kira-Erotic-Masseus.jpg 1200w\" sizes=\"(max-width: 699px) 100vw, 699px\" \/><\/figure>\n\n\n\n<figure class=\"wp-block-image size-large\"><img decoding=\"async\" width=\"700\" height=\"1024\" data-id=\"1648\" src=\"http:\/\/prague-fenix.cz\/wp-content\/uploads\/2025\/01\/Kira-Erotic-Masseus-2-700x1024.jpg\" alt=\"\" class=\"wp-image-1648\" srcset=\"https:\/\/old.prague-fenix.cz\/wp-content\/uploads\/2025\/01\/Kira-Erotic-Masseus-2-700x1024.jpg 700w, https:\/\/old.prague-fenix.cz\/wp-content\/uploads\/2025\/01\/Kira-Erotic-Masseus-2-205x300.jpg 205w, https:\/\/old.prague-fenix.cz\/wp-content\/uploads\/2025\/01\/Kira-Erotic-Masseus-2-768x1124.jpg 768w, https:\/\/old.prague-fenix.cz\/wp-content\/uploads\/2025\/01\/Kira-Erotic-Masseus-2-1050x1536.jpg 1050w, https:\/\/old.prague-fenix.cz\/wp-content\/uploads\/2025\/01\/Kira-Erotic-Masseus-2-8x12.jpg 8w, https:\/\/old.prague-fenix.cz\/wp-content\/uploads\/2025\/01\/Kira-Erotic-Masseus-2.jpg 1200w\" sizes=\"(max-width: 700px) 100vw, 700px\" \/><\/figure>\n\n\n\n<figure class=\"wp-block-image size-large\"><img loading=\"lazy\" decoding=\"async\" width=\"700\" height=\"1024\" data-id=\"1649\" src=\"http:\/\/prague-fenix.cz\/wp-content\/uploads\/2025\/01\/Kira-Erotic-Masseus-3-700x1024.jpg\" alt=\"\" class=\"wp-image-1649\" srcset=\"https:\/\/old.prague-fenix.cz\/wp-content\/uploads\/2025\/01\/Kira-Erotic-Masseus-3-700x1024.jpg 700w, https:\/\/old.prague-fenix.cz\/wp-content\/uploads\/2025\/01\/Kira-Erotic-Masseus-3-205x300.jpg 205w, https:\/\/old.prague-fenix.cz\/wp-content\/uploads\/2025\/01\/Kira-Erotic-Masseus-3-768x1124.jpg 768w, https:\/\/old.prague-fenix.cz\/wp-content\/uploads\/2025\/01\/Kira-Erotic-Masseus-3-1050x1536.jpg 1050w, https:\/\/old.prague-fenix.cz\/wp-content\/uploads\/2025\/01\/Kira-Erotic-Masseus-3-8x12.jpg 8w, https:\/\/old.prague-fenix.cz\/wp-content\/uploads\/2025\/01\/Kira-Erotic-Masseus-3.jpg 1200w\" sizes=\"(max-width: 700px) 100vw, 700px\" \/><\/figure>\n<\/figure>","protected":false},"excerpt":{"rendered":"<p>V\u011bk: 25 letHmotnost: 58 kgV\u00fd\u0161ka: 167 cmBarva vlas\u016f: blond Velikost prsou: \u0412 (3) O Ki\u0159e P\u016fvabn\u00e1 a v\u017edy v\u00e1\u0161niv\u00e1 mas\u00e9rka Kira pot\u011b\u0161\u00ed ka\u017edou svou n\u00e1v\u0161t\u011bvu osobit\u00fdm, osobit\u00fdm <a class=\"more-link\" href=\"https:\/\/old.prague-fenix.cz\/cs\/kira\/\">Pokra\u010dovat ve \u010dten\u00ed \u2192<\/a><\/p>","protected":false},"author":3,"featured_media":1651,"parent":0,"menu_order":0,"comment_status":"closed","ping_status":"closed","template":"","meta":{"footnotes":""},"class_list":["post-256","page","type-page","status-publish","has-post-thumbnail","hentry"],"yoast_head":"<!-- This site is optimized with the Yoast SEO plugin v25.0 - https:\/\/yoast.com\/wordpress\/plugins\/seo\/ -->\n<title>Erotic massage by Kira - Salon Prague Fenix<\/title>\n<meta name=\"description\" content=\"Masseuse Kira in the erotic massage salon Prague Fenix. About the girl and her services. Book a massage with Emily and get real pleasure.\" \/>\n<meta name=\"robots\" content=\"noindex, follow, max-snippet:-1, max-image-preview:large, max-video-preview:-1\" \/>\n<meta property=\"og:locale\" content=\"cs_CZ\" \/>\n<meta property=\"og:type\" content=\"article\" \/>\n<meta property=\"og:title\" content=\"Erotic massage by Kira - Salon Prague Fenix\" \/>\n<meta property=\"og:description\" content=\"Masseuse Kira in the erotic massage salon Prague Fenix. About the girl and her services. Book a massage with Emily and get real pleasure.\" \/>\n<meta property=\"og:url\" content=\"https:\/\/old.prague-fenix.cz\/cs\/kira\/\" \/>\n<meta property=\"og:site_name\" content=\"Erotic massage salon Prague Fenix\" \/>\n<meta property=\"article:modified_time\" content=\"2025-01-24T21:57:19+00:00\" \/>\n<meta property=\"og:image\" content=\"https:\/\/old.prague-fenix.cz\/wp-content\/uploads\/2025\/01\/Kira-Erotic-Masseus-1.jpg\" \/>\n\t<meta property=\"og:image:width\" content=\"1200\" \/>\n\t<meta property=\"og:image:height\" content=\"961\" \/>\n\t<meta property=\"og:image:type\" content=\"image\/jpeg\" \/>\n<meta name=\"twitter:card\" content=\"summary_large_image\" \/>\n<meta name=\"twitter:label1\" content=\"Odhadovan\u00e1 doba \u010dten\u00ed\" \/>\n\t<meta name=\"twitter:data1\" content=\"3 minuty\" \/>\n<script type=\"application\/ld+json\" class=\"yoast-schema-graph\">{\"@context\":\"https:\/\/schema.org\",\"@graph\":[{\"@type\":\"WebPage\",\"@id\":\"https:\/\/old.prague-fenix.cz\/kira\/\",\"url\":\"https:\/\/old.prague-fenix.cz\/kira\/\",\"name\":\"Erotic massage by Kira - Salon Prague Fenix\",\"isPartOf\":{\"@id\":\"https:\/\/old.prague-fenix.cz\/#website\"},\"primaryImageOfPage\":{\"@id\":\"https:\/\/old.prague-fenix.cz\/kira\/#primaryimage\"},\"image\":{\"@id\":\"https:\/\/old.prague-fenix.cz\/kira\/#primaryimage\"},\"thumbnailUrl\":\"https:\/\/old.prague-fenix.cz\/wp-content\/uploads\/2025\/01\/Kira-Erotic-Masseus-1.jpg\",\"datePublished\":\"2023-05-21T05:51:28+00:00\",\"dateModified\":\"2025-01-24T21:57:19+00:00\",\"description\":\"Masseuse Kira in the erotic massage salon Prague Fenix. About the girl and her services. Book a massage with Emily and get real pleasure.\",\"breadcrumb\":{\"@id\":\"https:\/\/old.prague-fenix.cz\/kira\/#breadcrumb\"},\"inLanguage\":\"cs\",\"potentialAction\":[{\"@type\":\"ReadAction\",\"target\":[\"https:\/\/old.prague-fenix.cz\/kira\/\"]}]},{\"@type\":\"ImageObject\",\"inLanguage\":\"cs\",\"@id\":\"https:\/\/old.prague-fenix.cz\/kira\/#primaryimage\",\"url\":\"https:\/\/old.prague-fenix.cz\/wp-content\/uploads\/2025\/01\/Kira-Erotic-Masseus-1.jpg\",\"contentUrl\":\"https:\/\/old.prague-fenix.cz\/wp-content\/uploads\/2025\/01\/Kira-Erotic-Masseus-1.jpg\",\"width\":1200,\"height\":961},{\"@type\":\"BreadcrumbList\",\"@id\":\"https:\/\/old.prague-fenix.cz\/kira\/#breadcrumb\",\"itemListElement\":[{\"@type\":\"ListItem\",\"position\":1,\"name\":\"Dom\u016f\",\"item\":\"https:\/\/old.prague-fenix.cz\/\"},{\"@type\":\"ListItem\",\"position\":2,\"name\":\"Kira\"}]},{\"@type\":\"WebSite\",\"@id\":\"https:\/\/old.prague-fenix.cz\/#website\",\"url\":\"https:\/\/old.prague-fenix.cz\/\",\"name\":\"Erotick\u00fd mas\u00e1\u017en\u00ed sal\u00f3n Prague F\u00e9nix\",\"description\":\"Massage salon and erotic massages, body to body, tantra, mix, nuru and lingam massage, lesbian show, BDSM massage.\",\"publisher\":{\"@id\":\"https:\/\/old.prague-fenix.cz\/#\/schema\/person\/2ba77174c6f44cc2bc3d0f5e8ba640d6\"},\"potentialAction\":[{\"@type\":\"SearchAction\",\"target\":{\"@type\":\"EntryPoint\",\"urlTemplate\":\"https:\/\/old.prague-fenix.cz\/?s={search_term_string}\"},\"query-input\":{\"@type\":\"PropertyValueSpecification\",\"valueRequired\":true,\"valueName\":\"search_term_string\"}}],\"inLanguage\":\"cs\"},{\"@type\":[\"Person\",\"Organization\"],\"@id\":\"https:\/\/old.prague-fenix.cz\/#\/schema\/person\/2ba77174c6f44cc2bc3d0f5e8ba640d6\",\"name\":\"Prague Fenix\",\"image\":{\"@type\":\"ImageObject\",\"inLanguage\":\"cs\",\"@id\":\"https:\/\/old.prague-fenix.cz\/#\/schema\/person\/image\/\",\"url\":\"https:\/\/prague-fenix.cz\/wp-content\/uploads\/2023\/05\/prague-fenix.cz-logo-e1684684035397.png\",\"contentUrl\":\"https:\/\/prague-fenix.cz\/wp-content\/uploads\/2023\/05\/prague-fenix.cz-logo-e1684684035397.png\",\"width\":675,\"height\":675,\"caption\":\"Prague Fenix\"},\"logo\":{\"@id\":\"https:\/\/old.prague-fenix.cz\/#\/schema\/person\/image\/\"},\"sameAs\":[\"http:\/\/www.prague-fenix.cz\"]}]}<\/script>\n<!-- \/ Yoast SEO plugin. -->","yoast_head_json":{"title":"Erotic massage by Kira - Salon Prague Fenix","description":"Masseuse Kira in the erotic massage salon Prague Fenix. About the girl and her services. Book a massage with Emily and get real pleasure.","robots":{"index":"noindex","follow":"follow","max-snippet":"max-snippet:-1","max-image-preview":"max-image-preview:large","max-video-preview":"max-video-preview:-1"},"og_locale":"cs_CZ","og_type":"article","og_title":"Erotic massage by Kira - Salon Prague Fenix","og_description":"Masseuse Kira in the erotic massage salon Prague Fenix. About the girl and her services. Book a massage with Emily and get real pleasure.","og_url":"https:\/\/old.prague-fenix.cz\/cs\/kira\/","og_site_name":"Erotic massage salon Prague Fenix","article_modified_time":"2025-01-24T21:57:19+00:00","og_image":[{"width":1200,"height":961,"url":"https:\/\/old.prague-fenix.cz\/wp-content\/uploads\/2025\/01\/Kira-Erotic-Masseus-1.jpg","type":"image\/jpeg"}],"twitter_card":"summary_large_image","twitter_misc":{"Odhadovan\u00e1 doba \u010dten\u00ed":"3 minuty"},"schema":{"@context":"https:\/\/schema.org","@graph":[{"@type":"WebPage","@id":"https:\/\/old.prague-fenix.cz\/kira\/","url":"https:\/\/old.prague-fenix.cz\/kira\/","name":"Erotic massage by Kira - Salon Prague Fenix","isPartOf":{"@id":"https:\/\/old.prague-fenix.cz\/#website"},"primaryImageOfPage":{"@id":"https:\/\/old.prague-fenix.cz\/kira\/#primaryimage"},"image":{"@id":"https:\/\/old.prague-fenix.cz\/kira\/#primaryimage"},"thumbnailUrl":"https:\/\/old.prague-fenix.cz\/wp-content\/uploads\/2025\/01\/Kira-Erotic-Masseus-1.jpg","datePublished":"2023-05-21T05:51:28+00:00","dateModified":"2025-01-24T21:57:19+00:00","description":"Masseuse Kira in the erotic massage salon Prague Fenix. About the girl and her services. Book a massage with Emily and get real pleasure.","breadcrumb":{"@id":"https:\/\/old.prague-fenix.cz\/kira\/#breadcrumb"},"inLanguage":"cs","potentialAction":[{"@type":"ReadAction","target":["https:\/\/old.prague-fenix.cz\/kira\/"]}]},{"@type":"ImageObject","inLanguage":"cs","@id":"https:\/\/old.prague-fenix.cz\/kira\/#primaryimage","url":"https:\/\/old.prague-fenix.cz\/wp-content\/uploads\/2025\/01\/Kira-Erotic-Masseus-1.jpg","contentUrl":"https:\/\/old.prague-fenix.cz\/wp-content\/uploads\/2025\/01\/Kira-Erotic-Masseus-1.jpg","width":1200,"height":961},{"@type":"BreadcrumbList","@id":"https:\/\/old.prague-fenix.cz\/kira\/#breadcrumb","itemListElement":[{"@type":"ListItem","position":1,"name":"Dom\u016f","item":"https:\/\/old.prague-fenix.cz\/"},{"@type":"ListItem","position":2,"name":"Kira"}]},{"@type":"WebSite","@id":"https:\/\/old.prague-fenix.cz\/#website","url":"https:\/\/old.prague-fenix.cz\/","name":"Erotick\u00fd mas\u00e1\u017en\u00ed sal\u00f3n Prague F\u00e9nix","description":"Massage salon and erotic massages, body to body, tantra, mix, nuru and lingam massage, lesbian show, BDSM massage.","publisher":{"@id":"https:\/\/old.prague-fenix.cz\/#\/schema\/person\/2ba77174c6f44cc2bc3d0f5e8ba640d6"},"potentialAction":[{"@type":"SearchAction","target":{"@type":"EntryPoint","urlTemplate":"https:\/\/old.prague-fenix.cz\/?s={search_term_string}"},"query-input":{"@type":"PropertyValueSpecification","valueRequired":true,"valueName":"search_term_string"}}],"inLanguage":"cs"},{"@type":["Person","Organization"],"@id":"https:\/\/old.prague-fenix.cz\/#\/schema\/person\/2ba77174c6f44cc2bc3d0f5e8ba640d6","name":"Prague Fenix","image":{"@type":"ImageObject","inLanguage":"cs","@id":"https:\/\/old.prague-fenix.cz\/#\/schema\/person\/image\/","url":"https:\/\/prague-fenix.cz\/wp-content\/uploads\/2023\/05\/prague-fenix.cz-logo-e1684684035397.png","contentUrl":"https:\/\/prague-fenix.cz\/wp-content\/uploads\/2023\/05\/prague-fenix.cz-logo-e1684684035397.png","width":675,"height":675,"caption":"Prague Fenix"},"logo":{"@id":"https:\/\/old.prague-fenix.cz\/#\/schema\/person\/image\/"},"sameAs":["http:\/\/www.prague-fenix.cz"]}]}},"_links":{"self":[{"href":"https:\/\/old.prague-fenix.cz\/cs\/wp-json\/wp\/v2\/pages\/256","targetHints":{"allow":["GET"]}}],"collection":[{"href":"https:\/\/old.prague-fenix.cz\/cs\/wp-json\/wp\/v2\/pages"}],"about":[{"href":"https:\/\/old.prague-fenix.cz\/cs\/wp-json\/wp\/v2\/types\/page"}],"author":[{"embeddable":true,"href":"https:\/\/old.prague-fenix.cz\/cs\/wp-json\/wp\/v2\/users\/3"}],"replies":[{"embeddable":true,"href":"https:\/\/old.prague-fenix.cz\/cs\/wp-json\/wp\/v2\/comments?post=256"}],"version-history":[{"count":0,"href":"https:\/\/old.prague-fenix.cz\/cs\/wp-json\/wp\/v2\/pages\/256\/revisions"}],"wp:featuredmedia":[{"embeddable":true,"href":"https:\/\/old.prague-fenix.cz\/cs\/wp-json\/wp\/v2\/media\/1651"}],"wp:attachment":[{"href":"https:\/\/old.prague-fenix.cz\/cs\/wp-json\/wp\/v2\/media?parent=256"}],"curies":[{"name":"wp","href":"https:\/\/api.w.org\/{rel}","templated":true}]}}