{"id":2006,"date":"2025-07-07T09:01:08","date_gmt":"2025-07-07T08:01:08","guid":{"rendered":"https:\/\/prague-fenix.cz\/?page_id=2006"},"modified":"2025-07-07T09:01:10","modified_gmt":"2025-07-07T08:01:10","slug":"lizi","status":"publish","type":"page","link":"https:\/\/old.prague-fenix.cz\/cs\/lizi\/","title":{"rendered":"L\u00edz\u00ed"},"content":{"rendered":"<p><strong>V\u011bk<\/strong>: 20<br><strong>V\u00e1ha<\/strong>67 kg<br><strong>V\u00fd\u0161ka<\/strong>: 168 cm<br><strong>Barva vlas\u016f<\/strong>: hn\u011bd\u00e1<br><strong>Velikost prsou<\/strong>B (4)<\/p>\n\n\n\n<figure class=\"wp-block-gallery has-nested-images columns-default is-cropped wp-block-gallery-1 is-layout-flex wp-block-gallery-is-layout-flex\">\n<figure class=\"wp-block-image size-full\"><img fetchpriority=\"high\" decoding=\"async\" width=\"900\" height=\"721\" data-id=\"2009\" src=\"http:\/\/prague-fenix.cz\/wp-content\/uploads\/2025\/07\/Lizi-2.jpg\" alt=\"\" class=\"wp-image-2009\" srcset=\"https:\/\/old.prague-fenix.cz\/wp-content\/uploads\/2025\/07\/Lizi-2.jpg 900w, https:\/\/old.prague-fenix.cz\/wp-content\/uploads\/2025\/07\/Lizi-2-300x240.jpg 300w, https:\/\/old.prague-fenix.cz\/wp-content\/uploads\/2025\/07\/Lizi-2-768x615.jpg 768w, https:\/\/old.prague-fenix.cz\/wp-content\/uploads\/2025\/07\/Lizi-2-15x12.jpg 15w\" sizes=\"(max-width: 900px) 100vw, 900px\" \/><\/figure>\n<\/figure>\n\n\n\n<h2 class=\"wp-block-heading has-text-align-center\">O Lizi<\/h2>\n\n\n\n<p>Chcete ud\u011blat tento den v\u00fdjime\u010dn\u00fdm? Dovolte mi, abych v\u00e1s pozval na mas\u00e1\u017e! Jsem Mary a zaru\u010duji, \u017ee budete pot\u011b\u0161eni m\u00fdmi talentovan\u00fdmi rukama. Mistrovsky prov\u00e1d\u00edm mas\u00e1\u017e a mistrn\u011b stimuluji nejcitliv\u011bj\u0161\u00ed svaly. Pro rozvoj sv\u00fdch dovednost\u00ed nav\u0161t\u011bvuji r\u016fzn\u00e9 tematick\u00e9 workshopy, kde st\u00e1le pozn\u00e1v\u00e1m taje mas\u00e1\u017ee. Budu r\u00e1da, kdy\u017e t\u011b pozn\u00e1m!<\/p>\n\n\n\n<h2 class=\"wp-block-heading has-text-align-center\">Erotick\u00e1 mas\u00e1\u017e od Lizi<\/h2>\n\n\n\n<p>Pro rezervaci erotick\u00fdch mas\u00e1\u017e\u00ed od Lizi \u2013 volejte pros\u00edm telefonicky.\u00a0 <a href=\"tel:  420 720 175 506\">+420 720 175 506<\/a>\u00a0pr\u00e1v\u011b te\u010f! U\u017e \u010dek\u00e1 na sch\u016fzku, konkr\u00e9tn\u011b s v\u00e1mi! \u00a0 \u00a0<\/p>\n\n\n\n<figure class=\"wp-block-gallery has-nested-images columns-default is-cropped wp-block-gallery-2 is-layout-flex wp-block-gallery-is-layout-flex\">\n<figure class=\"wp-block-image size-full\"><img decoding=\"async\" width=\"683\" height=\"1024\" data-id=\"2008\" src=\"http:\/\/prague-fenix.cz\/wp-content\/uploads\/2025\/07\/Lizi-3.jpg\" alt=\"\" class=\"wp-image-2008\" srcset=\"https:\/\/old.prague-fenix.cz\/wp-content\/uploads\/2025\/07\/Lizi-3.jpg 683w, https:\/\/old.prague-fenix.cz\/wp-content\/uploads\/2025\/07\/Lizi-3-200x300.jpg 200w, https:\/\/old.prague-fenix.cz\/wp-content\/uploads\/2025\/07\/Lizi-3-8x12.jpg 8w\" sizes=\"(max-width: 683px) 100vw, 683px\" \/><\/figure>\n\n\n\n<figure class=\"wp-block-image size-full\"><img decoding=\"async\" width=\"683\" height=\"1024\" data-id=\"2012\" src=\"http:\/\/prague-fenix.cz\/wp-content\/uploads\/2025\/07\/Lizi-4.jpg\" alt=\"\" class=\"wp-image-2012\" srcset=\"https:\/\/old.prague-fenix.cz\/wp-content\/uploads\/2025\/07\/Lizi-4.jpg 683w, https:\/\/old.prague-fenix.cz\/wp-content\/uploads\/2025\/07\/Lizi-4-200x300.jpg 200w, https:\/\/old.prague-fenix.cz\/wp-content\/uploads\/2025\/07\/Lizi-4-8x12.jpg 8w\" sizes=\"(max-width: 683px) 100vw, 683px\" \/><\/figure>\n\n\n\n<figure class=\"wp-block-image size-full\"><img loading=\"lazy\" decoding=\"async\" width=\"683\" height=\"1024\" data-id=\"2011\" src=\"http:\/\/prague-fenix.cz\/wp-content\/uploads\/2025\/07\/Lizi-5.jpg\" alt=\"\" class=\"wp-image-2011\" srcset=\"https:\/\/old.prague-fenix.cz\/wp-content\/uploads\/2025\/07\/Lizi-5.jpg 683w, https:\/\/old.prague-fenix.cz\/wp-content\/uploads\/2025\/07\/Lizi-5-200x300.jpg 200w, https:\/\/old.prague-fenix.cz\/wp-content\/uploads\/2025\/07\/Lizi-5-8x12.jpg 8w\" sizes=\"(max-width: 683px) 100vw, 683px\" \/><\/figure>\n<\/figure>","protected":false},"excerpt":{"rendered":"<p>V\u011bk: 20V\u00e1ha: 67 kgV\u00fd\u0161ka: 168 cmBarva vlas\u016f: hn\u011bd\u00e1Velikost prsou: \u0412 (4) O Lizi Chcete, aby byl tento den v\u00fdjime\u010dn\u00fd? Dovolte mi pozvat v\u00e1s na mas\u00e1\u017e! Jsem Mary a <a class=\"more-link\" href=\"https:\/\/old.prague-fenix.cz\/cs\/lizi\/\">Pokra\u010dovat ve \u010dten\u00ed \u2192<\/a><\/p>","protected":false},"author":3,"featured_media":1440,"parent":0,"menu_order":0,"comment_status":"closed","ping_status":"closed","template":"","meta":{"footnotes":""},"class_list":["post-2006","page","type-page","status-publish","has-post-thumbnail","hentry"],"yoast_head":"<!-- This site is optimized with the Yoast SEO plugin v25.0 - https:\/\/yoast.com\/wordpress\/plugins\/seo\/ -->\n<title>Erotic massage by Lizi - Salon Prague Fenix<\/title>\n<meta name=\"description\" content=\"Masseuse Lizi at the erotic massage salon Prague Lizi. Learn more about Lizi and the services she offers. Book a massage with Lizi.\" \/>\n<meta name=\"robots\" content=\"noindex, follow, max-snippet:-1, max-image-preview:large, max-video-preview:-1\" \/>\n<meta property=\"og:locale\" content=\"cs_CZ\" \/>\n<meta property=\"og:type\" content=\"article\" \/>\n<meta property=\"og:title\" content=\"Erotic massage by Lizi - Salon Prague Fenix\" \/>\n<meta property=\"og:description\" content=\"Masseuse Lizi at the erotic massage salon Prague Lizi. Learn more about Lizi and the services she offers. Book a massage with Lizi.\" \/>\n<meta property=\"og:url\" content=\"https:\/\/old.prague-fenix.cz\/cs\/lizi\/\" \/>\n<meta property=\"og:site_name\" content=\"Erotic massage salon Prague Fenix\" \/>\n<meta property=\"article:modified_time\" content=\"2025-07-07T08:01:10+00:00\" \/>\n<meta property=\"og:image\" content=\"https:\/\/old.prague-fenix.cz\/wp-content\/uploads\/2024\/08\/meri2.png\" \/>\n\t<meta property=\"og:image:width\" content=\"900\" \/>\n\t<meta property=\"og:image:height\" content=\"719\" \/>\n\t<meta property=\"og:image:type\" content=\"image\/png\" \/>\n<meta name=\"twitter:card\" content=\"summary_large_image\" \/>\n<meta name=\"twitter:label1\" content=\"Odhadovan\u00e1 doba \u010dten\u00ed\" \/>\n\t<meta name=\"twitter:data1\" content=\"2 minuty\" \/>\n<script type=\"application\/ld+json\" class=\"yoast-schema-graph\">{\"@context\":\"https:\/\/schema.org\",\"@graph\":[{\"@type\":\"WebPage\",\"@id\":\"https:\/\/old.prague-fenix.cz\/lizi\/\",\"url\":\"https:\/\/old.prague-fenix.cz\/lizi\/\",\"name\":\"Erotic massage by Lizi - Salon Prague Fenix\",\"isPartOf\":{\"@id\":\"https:\/\/old.prague-fenix.cz\/#website\"},\"primaryImageOfPage\":{\"@id\":\"https:\/\/old.prague-fenix.cz\/lizi\/#primaryimage\"},\"image\":{\"@id\":\"https:\/\/old.prague-fenix.cz\/lizi\/#primaryimage\"},\"thumbnailUrl\":\"https:\/\/old.prague-fenix.cz\/wp-content\/uploads\/2024\/08\/meri2.png\",\"datePublished\":\"2025-07-07T08:01:08+00:00\",\"dateModified\":\"2025-07-07T08:01:10+00:00\",\"description\":\"Masseuse Lizi at the erotic massage salon Prague Lizi. Learn more about Lizi and the services she offers. Book a massage with Lizi.\",\"breadcrumb\":{\"@id\":\"https:\/\/old.prague-fenix.cz\/lizi\/#breadcrumb\"},\"inLanguage\":\"cs\",\"potentialAction\":[{\"@type\":\"ReadAction\",\"target\":[\"https:\/\/old.prague-fenix.cz\/lizi\/\"]}]},{\"@type\":\"ImageObject\",\"inLanguage\":\"cs\",\"@id\":\"https:\/\/old.prague-fenix.cz\/lizi\/#primaryimage\",\"url\":\"https:\/\/old.prague-fenix.cz\/wp-content\/uploads\/2024\/08\/meri2.png\",\"contentUrl\":\"https:\/\/old.prague-fenix.cz\/wp-content\/uploads\/2024\/08\/meri2.png\",\"width\":900,\"height\":719},{\"@type\":\"BreadcrumbList\",\"@id\":\"https:\/\/old.prague-fenix.cz\/lizi\/#breadcrumb\",\"itemListElement\":[{\"@type\":\"ListItem\",\"position\":1,\"name\":\"Dom\u016f\",\"item\":\"https:\/\/old.prague-fenix.cz\/\"},{\"@type\":\"ListItem\",\"position\":2,\"name\":\"Lizi\"}]},{\"@type\":\"WebSite\",\"@id\":\"https:\/\/old.prague-fenix.cz\/#website\",\"url\":\"https:\/\/old.prague-fenix.cz\/\",\"name\":\"Erotick\u00fd mas\u00e1\u017en\u00ed sal\u00f3n Prague F\u00e9nix\",\"description\":\"Massage salon and erotic massages, body to body, tantra, mix, nuru and lingam massage, lesbian show, BDSM massage.\",\"publisher\":{\"@id\":\"https:\/\/old.prague-fenix.cz\/#\/schema\/person\/2ba77174c6f44cc2bc3d0f5e8ba640d6\"},\"potentialAction\":[{\"@type\":\"SearchAction\",\"target\":{\"@type\":\"EntryPoint\",\"urlTemplate\":\"https:\/\/old.prague-fenix.cz\/?s={search_term_string}\"},\"query-input\":{\"@type\":\"PropertyValueSpecification\",\"valueRequired\":true,\"valueName\":\"search_term_string\"}}],\"inLanguage\":\"cs\"},{\"@type\":[\"Person\",\"Organization\"],\"@id\":\"https:\/\/old.prague-fenix.cz\/#\/schema\/person\/2ba77174c6f44cc2bc3d0f5e8ba640d6\",\"name\":\"Prague Fenix\",\"image\":{\"@type\":\"ImageObject\",\"inLanguage\":\"cs\",\"@id\":\"https:\/\/old.prague-fenix.cz\/#\/schema\/person\/image\/\",\"url\":\"https:\/\/prague-fenix.cz\/wp-content\/uploads\/2023\/05\/prague-fenix.cz-logo-e1684684035397.png\",\"contentUrl\":\"https:\/\/prague-fenix.cz\/wp-content\/uploads\/2023\/05\/prague-fenix.cz-logo-e1684684035397.png\",\"width\":675,\"height\":675,\"caption\":\"Prague Fenix\"},\"logo\":{\"@id\":\"https:\/\/old.prague-fenix.cz\/#\/schema\/person\/image\/\"},\"sameAs\":[\"http:\/\/www.prague-fenix.cz\"]}]}<\/script>\n<!-- \/ Yoast SEO plugin. -->","yoast_head_json":{"title":"Erotic massage by Lizi - Salon Prague Fenix","description":"Masseuse Lizi at the erotic massage salon Prague Lizi. Learn more about Lizi and the services she offers. Book a massage with Lizi.","robots":{"index":"noindex","follow":"follow","max-snippet":"max-snippet:-1","max-image-preview":"max-image-preview:large","max-video-preview":"max-video-preview:-1"},"og_locale":"cs_CZ","og_type":"article","og_title":"Erotic massage by Lizi - Salon Prague Fenix","og_description":"Masseuse Lizi at the erotic massage salon Prague Lizi. Learn more about Lizi and the services she offers. Book a massage with Lizi.","og_url":"https:\/\/old.prague-fenix.cz\/cs\/lizi\/","og_site_name":"Erotic massage salon Prague Fenix","article_modified_time":"2025-07-07T08:01:10+00:00","og_image":[{"width":900,"height":719,"url":"https:\/\/old.prague-fenix.cz\/wp-content\/uploads\/2024\/08\/meri2.png","type":"image\/png"}],"twitter_card":"summary_large_image","twitter_misc":{"Odhadovan\u00e1 doba \u010dten\u00ed":"2 minuty"},"schema":{"@context":"https:\/\/schema.org","@graph":[{"@type":"WebPage","@id":"https:\/\/old.prague-fenix.cz\/lizi\/","url":"https:\/\/old.prague-fenix.cz\/lizi\/","name":"Erotic massage by Lizi - Salon Prague Fenix","isPartOf":{"@id":"https:\/\/old.prague-fenix.cz\/#website"},"primaryImageOfPage":{"@id":"https:\/\/old.prague-fenix.cz\/lizi\/#primaryimage"},"image":{"@id":"https:\/\/old.prague-fenix.cz\/lizi\/#primaryimage"},"thumbnailUrl":"https:\/\/old.prague-fenix.cz\/wp-content\/uploads\/2024\/08\/meri2.png","datePublished":"2025-07-07T08:01:08+00:00","dateModified":"2025-07-07T08:01:10+00:00","description":"Masseuse Lizi at the erotic massage salon Prague Lizi. Learn more about Lizi and the services she offers. Book a massage with Lizi.","breadcrumb":{"@id":"https:\/\/old.prague-fenix.cz\/lizi\/#breadcrumb"},"inLanguage":"cs","potentialAction":[{"@type":"ReadAction","target":["https:\/\/old.prague-fenix.cz\/lizi\/"]}]},{"@type":"ImageObject","inLanguage":"cs","@id":"https:\/\/old.prague-fenix.cz\/lizi\/#primaryimage","url":"https:\/\/old.prague-fenix.cz\/wp-content\/uploads\/2024\/08\/meri2.png","contentUrl":"https:\/\/old.prague-fenix.cz\/wp-content\/uploads\/2024\/08\/meri2.png","width":900,"height":719},{"@type":"BreadcrumbList","@id":"https:\/\/old.prague-fenix.cz\/lizi\/#breadcrumb","itemListElement":[{"@type":"ListItem","position":1,"name":"Dom\u016f","item":"https:\/\/old.prague-fenix.cz\/"},{"@type":"ListItem","position":2,"name":"Lizi"}]},{"@type":"WebSite","@id":"https:\/\/old.prague-fenix.cz\/#website","url":"https:\/\/old.prague-fenix.cz\/","name":"Erotick\u00fd mas\u00e1\u017en\u00ed sal\u00f3n Prague F\u00e9nix","description":"Massage salon and erotic massages, body to body, tantra, mix, nuru and lingam massage, lesbian show, BDSM massage.","publisher":{"@id":"https:\/\/old.prague-fenix.cz\/#\/schema\/person\/2ba77174c6f44cc2bc3d0f5e8ba640d6"},"potentialAction":[{"@type":"SearchAction","target":{"@type":"EntryPoint","urlTemplate":"https:\/\/old.prague-fenix.cz\/?s={search_term_string}"},"query-input":{"@type":"PropertyValueSpecification","valueRequired":true,"valueName":"search_term_string"}}],"inLanguage":"cs"},{"@type":["Person","Organization"],"@id":"https:\/\/old.prague-fenix.cz\/#\/schema\/person\/2ba77174c6f44cc2bc3d0f5e8ba640d6","name":"Prague Fenix","image":{"@type":"ImageObject","inLanguage":"cs","@id":"https:\/\/old.prague-fenix.cz\/#\/schema\/person\/image\/","url":"https:\/\/prague-fenix.cz\/wp-content\/uploads\/2023\/05\/prague-fenix.cz-logo-e1684684035397.png","contentUrl":"https:\/\/prague-fenix.cz\/wp-content\/uploads\/2023\/05\/prague-fenix.cz-logo-e1684684035397.png","width":675,"height":675,"caption":"Prague Fenix"},"logo":{"@id":"https:\/\/old.prague-fenix.cz\/#\/schema\/person\/image\/"},"sameAs":["http:\/\/www.prague-fenix.cz"]}]}},"_links":{"self":[{"href":"https:\/\/old.prague-fenix.cz\/cs\/wp-json\/wp\/v2\/pages\/2006","targetHints":{"allow":["GET"]}}],"collection":[{"href":"https:\/\/old.prague-fenix.cz\/cs\/wp-json\/wp\/v2\/pages"}],"about":[{"href":"https:\/\/old.prague-fenix.cz\/cs\/wp-json\/wp\/v2\/types\/page"}],"author":[{"embeddable":true,"href":"https:\/\/old.prague-fenix.cz\/cs\/wp-json\/wp\/v2\/users\/3"}],"replies":[{"embeddable":true,"href":"https:\/\/old.prague-fenix.cz\/cs\/wp-json\/wp\/v2\/comments?post=2006"}],"version-history":[{"count":0,"href":"https:\/\/old.prague-fenix.cz\/cs\/wp-json\/wp\/v2\/pages\/2006\/revisions"}],"wp:featuredmedia":[{"embeddable":true,"href":"https:\/\/old.prague-fenix.cz\/cs\/wp-json\/wp\/v2\/media\/1440"}],"wp:attachment":[{"href":"https:\/\/old.prague-fenix.cz\/cs\/wp-json\/wp\/v2\/media?parent=2006"}],"curies":[{"name":"wp","href":"https:\/\/api.w.org\/{rel}","templated":true}]}}