{"id":16,"date":"2023-05-07T11:36:55","date_gmt":"2023-05-07T11:36:55","guid":{"rendered":"http:\/\/prague-fenix.cz\/?page_id=16"},"modified":"2025-07-07T09:01:51","modified_gmt":"2025-07-07T08:01:51","slug":"masseuses","status":"publish","type":"page","link":"https:\/\/old.prague-fenix.cz\/cs\/masseuses\/","title":{"rendered":"Mas\u00e9rky \u2013 erotick\u00e9ho mas\u00e1\u017en\u00edho salonu Prague Fenix"},"content":{"rendered":"<p class=\"has-text-align-center has-large-font-size\"><strong>Karol\u00edna<\/strong><\/p>\n\n\n\n<figure class=\"wp-block-gallery has-nested-images columns-default is-cropped wp-block-gallery-1 is-layout-flex wp-block-gallery-is-layout-flex\">\n<figure class=\"wp-block-image alignwide size-full is-style-default\"><a href=\"https:\/\/prague-fenix.cz\/karolina\/\"><img fetchpriority=\"high\" decoding=\"async\" width=\"1000\" height=\"563\" data-id=\"562\" src=\"http:\/\/prague-fenix.cz\/wp-content\/uploads\/2024\/02\/karolina-1.jpg\" alt=\"\" class=\"wp-image-562\" srcset=\"https:\/\/old.prague-fenix.cz\/wp-content\/uploads\/2024\/02\/karolina-1.jpg 1000w, https:\/\/old.prague-fenix.cz\/wp-content\/uploads\/2024\/02\/karolina-1-300x169.jpg 300w, https:\/\/old.prague-fenix.cz\/wp-content\/uploads\/2024\/02\/karolina-1-768x432.jpg 768w, https:\/\/old.prague-fenix.cz\/wp-content\/uploads\/2024\/02\/karolina-1-18x10.jpg 18w\" sizes=\"(max-width: 1000px) 100vw, 1000px\" \/><\/a><\/figure>\n<\/figure>\n\n\n\n<p><\/p>\n\n\n\n<p class=\"has-text-align-center has-large-font-size\"><strong>Milana<\/strong><\/p>\n\n\n\n<figure class=\"wp-block-image alignwide size-full\"><a href=\"https:\/\/prague-fenix.cz\/milana\/\"><img decoding=\"async\" width=\"1000\" height=\"563\" src=\"http:\/\/prague-fenix.cz\/wp-content\/uploads\/2024\/02\/milana-1.jpg\" alt=\"\" class=\"wp-image-563\" srcset=\"https:\/\/old.prague-fenix.cz\/wp-content\/uploads\/2024\/02\/milana-1.jpg 1000w, https:\/\/old.prague-fenix.cz\/wp-content\/uploads\/2024\/02\/milana-1-300x169.jpg 300w, https:\/\/old.prague-fenix.cz\/wp-content\/uploads\/2024\/02\/milana-1-768x432.jpg 768w, https:\/\/old.prague-fenix.cz\/wp-content\/uploads\/2024\/02\/milana-1-18x10.jpg 18w\" sizes=\"(max-width: 1000px) 100vw, 1000px\" \/><\/a><\/figure>\n\n\n\n<p class=\"has-text-align-center has-large-font-size\"><strong>Simona<\/strong><\/p>\n\n\n\n<figure class=\"wp-block-image alignwide size-full\"><a href=\"https:\/\/prague-fenix.cz\/simona\/\"><img decoding=\"async\" width=\"900\" height=\"721\" src=\"http:\/\/prague-fenix.cz\/wp-content\/uploads\/2024\/08\/sinona-2.jpg\" alt=\"\" class=\"wp-image-1473\" srcset=\"https:\/\/old.prague-fenix.cz\/wp-content\/uploads\/2024\/08\/sinona-2.jpg 900w, https:\/\/old.prague-fenix.cz\/wp-content\/uploads\/2024\/08\/sinona-2-300x240.jpg 300w, https:\/\/old.prague-fenix.cz\/wp-content\/uploads\/2024\/08\/sinona-2-768x615.jpg 768w, https:\/\/old.prague-fenix.cz\/wp-content\/uploads\/2024\/08\/sinona-2-15x12.jpg 15w\" sizes=\"(max-width: 900px) 100vw, 900px\" \/><\/a><\/figure>\n\n\n\n<p><\/p>\n\n\n\n<p class=\"has-text-align-center has-large-font-size\"><strong>Kira<\/strong><\/p>\n\n\n\n<figure class=\"wp-block-image alignwide size-large\"><a href=\"https:\/\/prague-fenix.cz\/kira\/\"><img loading=\"lazy\" decoding=\"async\" width=\"1024\" height=\"820\" src=\"http:\/\/prague-fenix.cz\/wp-content\/uploads\/2025\/01\/Kira-11-1024x820.jpg\" alt=\"\" class=\"wp-image-1673\" srcset=\"https:\/\/old.prague-fenix.cz\/wp-content\/uploads\/2025\/01\/Kira-11-1024x820.jpg 1024w, https:\/\/old.prague-fenix.cz\/wp-content\/uploads\/2025\/01\/Kira-11-300x240.jpg 300w, https:\/\/old.prague-fenix.cz\/wp-content\/uploads\/2025\/01\/Kira-11-768x615.jpg 768w, https:\/\/old.prague-fenix.cz\/wp-content\/uploads\/2025\/01\/Kira-11-15x12.jpg 15w, https:\/\/old.prague-fenix.cz\/wp-content\/uploads\/2025\/01\/Kira-11.jpg 1200w\" sizes=\"(max-width: 1024px) 100vw, 1024px\" \/><\/a><\/figure>\n\n\n\n<p class=\"has-text-align-center has-large-font-size\"><strong>Jenefer<\/strong><\/p>\n\n\n\n<figure class=\"wp-block-image alignwide size-full\"><a href=\"https:\/\/prague-fenix.cz\/jenefer\/\"><img loading=\"lazy\" decoding=\"async\" width=\"900\" height=\"721\" src=\"http:\/\/prague-fenix.cz\/wp-content\/uploads\/2024\/08\/dzenifer-2-1.jpg\" alt=\"\" class=\"wp-image-1467\" srcset=\"https:\/\/old.prague-fenix.cz\/wp-content\/uploads\/2024\/08\/dzenifer-2-1.jpg 900w, https:\/\/old.prague-fenix.cz\/wp-content\/uploads\/2024\/08\/dzenifer-2-1-300x240.jpg 300w, https:\/\/old.prague-fenix.cz\/wp-content\/uploads\/2024\/08\/dzenifer-2-1-768x615.jpg 768w, https:\/\/old.prague-fenix.cz\/wp-content\/uploads\/2024\/08\/dzenifer-2-1-15x12.jpg 15w\" sizes=\"(max-width: 900px) 100vw, 900px\" \/><\/a><\/figure>\n\n\n\n<p class=\"has-text-align-center has-large-font-size\"><strong>L\u00edz\u00ed<\/strong><\/p>\n\n\n\n<figure class=\"wp-block-image alignwide size-full\"><a href=\"https:\/\/prague-fenix.cz\/lizi\/\"><img loading=\"lazy\" decoding=\"async\" width=\"900\" height=\"721\" src=\"http:\/\/prague-fenix.cz\/wp-content\/uploads\/2025\/07\/Lizi.jpg\" alt=\"\" class=\"wp-image-2010\" srcset=\"https:\/\/old.prague-fenix.cz\/wp-content\/uploads\/2025\/07\/Lizi.jpg 900w, https:\/\/old.prague-fenix.cz\/wp-content\/uploads\/2025\/07\/Lizi-300x240.jpg 300w, https:\/\/old.prague-fenix.cz\/wp-content\/uploads\/2025\/07\/Lizi-768x615.jpg 768w, https:\/\/old.prague-fenix.cz\/wp-content\/uploads\/2025\/07\/Lizi-15x12.jpg 15w\" sizes=\"(max-width: 900px) 100vw, 900px\" \/><\/a><\/figure>\n\n\n\n<p class=\"has-text-align-center has-large-font-size\"><strong>Alexa<\/strong><\/p>\n\n\n\n<figure class=\"wp-block-image alignwide size-large\"><a href=\"https:\/\/prague-fenix.cz\/alexa\/\"><img loading=\"lazy\" decoding=\"async\" width=\"1024\" height=\"820\" src=\"http:\/\/prague-fenix.cz\/wp-content\/uploads\/2025\/01\/Alexa-1024x820.jpg\" alt=\"\" class=\"wp-image-1658\" srcset=\"https:\/\/old.prague-fenix.cz\/wp-content\/uploads\/2025\/01\/Alexa-1024x820.jpg 1024w, https:\/\/old.prague-fenix.cz\/wp-content\/uploads\/2025\/01\/Alexa-300x240.jpg 300w, https:\/\/old.prague-fenix.cz\/wp-content\/uploads\/2025\/01\/Alexa-768x615.jpg 768w, https:\/\/old.prague-fenix.cz\/wp-content\/uploads\/2025\/01\/Alexa-15x12.jpg 15w, https:\/\/old.prague-fenix.cz\/wp-content\/uploads\/2025\/01\/Alexa.jpg 1200w\" sizes=\"(max-width: 1024px) 100vw, 1024px\" \/><\/a><\/figure>\n\n\n\n<p class=\"has-text-align-center has-large-font-size\"><strong>Nikol<\/strong><\/p>\n\n\n\n<figure class=\"wp-block-image alignwide size-full\"><a href=\"https:\/\/prague-fenix.cz\/nikol\/\"><img loading=\"lazy\" decoding=\"async\" width=\"900\" height=\"721\" src=\"http:\/\/prague-fenix.cz\/wp-content\/uploads\/2024\/08\/nikol-2-1.jpg\" alt=\"\" class=\"wp-image-1471\" srcset=\"https:\/\/old.prague-fenix.cz\/wp-content\/uploads\/2024\/08\/nikol-2-1.jpg 900w, https:\/\/old.prague-fenix.cz\/wp-content\/uploads\/2024\/08\/nikol-2-1-300x240.jpg 300w, https:\/\/old.prague-fenix.cz\/wp-content\/uploads\/2024\/08\/nikol-2-1-768x615.jpg 768w, https:\/\/old.prague-fenix.cz\/wp-content\/uploads\/2024\/08\/nikol-2-1-15x12.jpg 15w\" sizes=\"(max-width: 900px) 100vw, 900px\" \/><\/a><\/figure>\n\n\n\n<p class=\"has-text-align-center has-large-font-size\"><strong>Silvia<\/strong><\/p>\n\n\n\n<figure class=\"wp-block-image alignwide size-full\"><a href=\"https:\/\/prague-fenix.cz\/silvia\/\"><img loading=\"lazy\" decoding=\"async\" width=\"900\" height=\"721\" src=\"http:\/\/prague-fenix.cz\/wp-content\/uploads\/2024\/08\/sevilja-2.jpg\" alt=\"\" class=\"wp-image-1472\" srcset=\"https:\/\/old.prague-fenix.cz\/wp-content\/uploads\/2024\/08\/sevilja-2.jpg 900w, https:\/\/old.prague-fenix.cz\/wp-content\/uploads\/2024\/08\/sevilja-2-300x240.jpg 300w, https:\/\/old.prague-fenix.cz\/wp-content\/uploads\/2024\/08\/sevilja-2-768x615.jpg 768w, https:\/\/old.prague-fenix.cz\/wp-content\/uploads\/2024\/08\/sevilja-2-15x12.jpg 15w\" sizes=\"(max-width: 900px) 100vw, 900px\" \/><\/a><\/figure>\n\n\n\n<p class=\"has-text-align-center has-large-font-size\"><strong>Sofie<\/strong><\/p>\n\n\n\n<figure class=\"wp-block-image alignwide size-full\"><a href=\"https:\/\/prague-fenix.cz\/sofiia\/\"><img loading=\"lazy\" decoding=\"async\" width=\"900\" height=\"721\" src=\"http:\/\/prague-fenix.cz\/wp-content\/uploads\/2025\/04\/Sofiia-4.jpg\" alt=\"\" class=\"wp-image-1874\" srcset=\"https:\/\/old.prague-fenix.cz\/wp-content\/uploads\/2025\/04\/Sofiia-4.jpg 900w, https:\/\/old.prague-fenix.cz\/wp-content\/uploads\/2025\/04\/Sofiia-4-300x240.jpg 300w, https:\/\/old.prague-fenix.cz\/wp-content\/uploads\/2025\/04\/Sofiia-4-768x615.jpg 768w, https:\/\/old.prague-fenix.cz\/wp-content\/uploads\/2025\/04\/Sofiia-4-15x12.jpg 15w\" sizes=\"(max-width: 900px) 100vw, 900px\" \/><\/a><\/figure>\n\n\n\n<p class=\"has-text-align-center has-large-font-size\"><strong>Erika<\/strong><\/p>\n\n\n\n<figure class=\"wp-block-image alignwide size-full\"><a href=\"https:\/\/prague-fenix.cz\/erika\/\"><img loading=\"lazy\" decoding=\"async\" width=\"900\" height=\"721\" src=\"http:\/\/prague-fenix.cz\/wp-content\/uploads\/2025\/04\/Erika-4.jpg\" alt=\"\" class=\"wp-image-1879\" srcset=\"https:\/\/old.prague-fenix.cz\/wp-content\/uploads\/2025\/04\/Erika-4.jpg 900w, https:\/\/old.prague-fenix.cz\/wp-content\/uploads\/2025\/04\/Erika-4-300x240.jpg 300w, https:\/\/old.prague-fenix.cz\/wp-content\/uploads\/2025\/04\/Erika-4-768x615.jpg 768w, https:\/\/old.prague-fenix.cz\/wp-content\/uploads\/2025\/04\/Erika-4-15x12.jpg 15w\" sizes=\"(max-width: 900px) 100vw, 900px\" \/><\/a><\/figure>\n\n\n\n<p class=\"has-text-align-center has-large-font-size\"><strong>Viki<\/strong><\/p>\n\n\n\n<figure class=\"wp-block-image alignwide size-full\"><a href=\"https:\/\/prague-fenix.cz\/viki\/\"><img loading=\"lazy\" decoding=\"async\" width=\"900\" height=\"721\" src=\"http:\/\/prague-fenix.cz\/wp-content\/uploads\/2025\/06\/Viki-2.jpg\" alt=\"\" class=\"wp-image-1972\" srcset=\"https:\/\/old.prague-fenix.cz\/wp-content\/uploads\/2025\/06\/Viki-2.jpg 900w, https:\/\/old.prague-fenix.cz\/wp-content\/uploads\/2025\/06\/Viki-2-300x240.jpg 300w, https:\/\/old.prague-fenix.cz\/wp-content\/uploads\/2025\/06\/Viki-2-768x615.jpg 768w, https:\/\/old.prague-fenix.cz\/wp-content\/uploads\/2025\/06\/Viki-2-15x12.jpg 15w\" sizes=\"(max-width: 900px) 100vw, 900px\" \/><\/a><\/figure>\n\n\n\n<p><\/p>\n\n\n\n<p><span style=\"text-decoration: underline;\">Nejlep\u0161\u00ed mas\u00e9rky z Prahy na v\u00e1s \u010dekaj\u00ed v pra\u017esk\u00e9m erotick\u00e9m mas\u00e1\u017en\u00edm salonu Prague Fenix!<\/span><\/p>\n\n\n\n<p>\u010cas od \u010dasu pot\u0159ebujete uvolnit sv\u00e9 t\u011blo mas\u00e1\u017e\u00ed. To pom\u00e1h\u00e1 l\u00e9pe distribuovat krev, tonizovat svaly a zm\u00edrnit \u00fanavu. P\u0159itom je velmi d\u016fle\u017eit\u00e9, aby v\u0161e prob\u00edhalo profesion\u00e1ln\u011b a efektivn\u011b, tedy \u0161ikovn\u00fdma rukama. Je tu v\u0161ak je\u0161t\u011b jeden d\u016fle\u017eit\u00fd fakt, kter\u00fd zlep\u0161uje kvalitu mas\u00e1\u017ee. Od kr\u00e1sy interpreta z\u00e1vis\u00ed polovina \u00fasp\u011bchu cel\u00e9 akce. M\u016f\u017eete tedy spojit dv\u011b pot\u011b\u0161en\u00ed v jednom: uvolnit svaly a uspokojit sexu\u00e1ln\u00ed apetit.<\/p>\n\n\n\n<p>V salonu \u201ePrague Fenix\u201c pracuj\u00ed kr\u00e1sn\u00e9 d\u00edvky s profesion\u00e1ln\u00edmi zku\u0161enostmi s mas\u00e1\u017e\u00ed. Tyto \u00fa\u017easn\u00e9 v\u00edly v\u00e1m poskytnou magick\u00fd \u010das v opravdov\u00e9m pot\u011b\u0161en\u00ed. Jejich \u0161t\u00edhl\u00e1, napjat\u00e1 t\u011bla hypnotizuj\u00ed sv\u00fdmi hladk\u00fdmi k\u0159ivkami. \u017denskost a siln\u00e1 sexu\u00e1ln\u00ed energie tyto d\u00edvky doslova p\u0159et\u00e9kaj\u00ed. Kdy\u017e uvid\u00edte na\u0161e kr\u00e1sky na\u017eivo, neodol\u00e1te a v\u00fdb\u011br m\u016f\u017ee b\u00fdt t\u011b\u017ek\u00fd. Na\u0161t\u011bst\u00ed do na\u0161eho mas\u00e1\u017en\u00edho salonu m\u016f\u017eete pozvat ne jednu, ale hned n\u011bkolik d\u00edvek najednou. To dod\u00e1v\u00e1 mas\u00e1\u017ei extra pikantn\u00ed n\u00e1dech.&nbsp;<\/p>\n\n\n\n<p>V\u0161echny na\u0161e mas\u00e9rky jsou sv\u016fdn\u011b oble\u010deny. Jedn\u00e1 se o pr\u016fsvitn\u00e9 tkani\u010dky skr\u00fdvaj\u00edc\u00ed ty nejintimn\u011bj\u0161\u00ed partie t\u011bla. Takov\u00fd od\u011bv dok\u00e1\u017ee nadchnout i toho nejodoln\u011bj\u0161\u00edho mu\u017ee a vzru\u0161it ho b\u011bhem p\u00e1r vte\u0159in. Ale nejlep\u0161\u00ed na tom je, \u017ee tyto d\u00edvky se mohou svl\u00e9knout a dot\u00fdkat se v\u00e1s \u00fapln\u011b nah\u00e9. To je obvykle nab\u00edzeno v druh\u00e9 \u010d\u00e1sti sezen\u00ed. Po n\u00e1v\u0161t\u011bv\u011b na\u0161eho erotick\u00e9ho mas\u00e1\u017en\u00edho salonu tak rozhodn\u011b nez\u016fstanete lhostejn\u00ed. Procedura ve v\u00e1s zanech\u00e1 vzru\u0161uj\u00edc\u00ed vzpom\u00ednky, kter\u00e9 v\u00e1s p\u0159inut\u00ed se k n\u00e1m znovu vracet. A v\u00edc ne\u017e jednou! A my v\u00e1s v\u017edy r\u00e1di vid\u00edme, dokonce i ka\u017ed\u00fd den \ud83d\ude42<\/p>\n\n\n\n<p>Dal\u0161\u00ed p\u0159ednost\u00ed na\u0161ich mas\u00e9rek je jejich bezkonkuren\u010dn\u00ed profesionalita. Jak\u00e9 body ma\u010dkat, jak\u00e1 centra pou\u017e\u00edvat \u2013 v\u011bd\u00ed v\u0161e o lidsk\u00e9m t\u011ble! Nedoch\u00e1z\u00ed k nahodil\u00fdm pohyb\u016fm, v\u0161e se d\u011bje promy\u0161len\u011b a efektivn\u011b. Ke standardn\u00ed mas\u00e1\u017en\u00ed procedu\u0159e se z\u00e1rove\u0148 p\u0159id\u00e1v\u00e1 lehkov\u00e1\u017enost, erotika a intriky. Tato dokonal\u00e1 kombinace prom\u011bn\u00ed proceduru ve zdroj nejvy\u0161\u0161\u00edho pot\u011b\u0161en\u00ed. S na\u0161imi d\u00edvkami \u010das let\u00ed, v\u011bd\u00ed, jak ka\u017edou vte\u0159inu naplnit a vy\u0161perkovat z\u00e1\u0159ivou sexualitou.<\/p>\n\n\n\n<p>Pokud chcete vyzkou\u0161et nejlep\u0161\u00ed erotickou mas\u00e1\u017e v Praze, sta\u010d\u00ed nav\u0161t\u00edvit n\u00e1\u0161 salon. Jemn\u00e9 ruce na\u0161ich mas\u00e9rek v\u00e1s p\u0159enesou do sv\u011bta chtiv\u00e9 nahoty a jejich t\u011bla daj\u00ed mocn\u00fd impuls va\u0161emu libidu. Jakmile p\u0159ekro\u010d\u00edte pr\u00e1h na\u0161eho salonu, v\u0161echny va\u0161e starosti a stres zmiz\u00ed. Nahrad\u00ed je n\u011bha, erotika a kr\u00e1sa. V\u0161echny na\u0161e mas\u00e9rky svou pr\u00e1ci velmi miluj\u00ed. Nemaj\u00ed \u017e\u00e1dn\u00e9 komplexy a omezen\u00ed \u2013 pouze dovednosti, v\u00e1\u0161e\u0148 a \u0161arm. Posp\u011b\u0161te si s rezervac\u00ed mas\u00e1\u017en\u00ed m\u00edstnosti v Praze Fenix, na\u0161e kr\u00e1sky u\u017e na v\u00e1s \u010dekaj\u00ed!<\/p>\n\n\n\n<p>Vyberte si libovolnou erotickou mas\u00e1\u017e, holka, kter\u00e1 se v\u00e1m nejv\u00edc l\u00edb\u00ed a zavolejte na \u010d\u00edslo&nbsp; <a href=\"tel:  420 720 175 506\">+420 720 175 506<\/a>. \u010c\u00edm rychleji to ud\u011bl\u00e1te, t\u00edm rychleji z\u00edsk\u00e1te mo\u017enost vychutnat si opravdov\u00e9 um\u011bn\u00ed erotick\u00e9 mas\u00e1\u017ee v pod\u00e1n\u00ed t\u011bch nejlep\u0161\u00edch mas\u00e9rek salonu Prague Fenix !\u00a0&nbsp;<\/p>","protected":false},"excerpt":{"rendered":"<p>Karol\u00edna Milana Simona Kira Jenefer Lizi Alexa Nikol Silvia Sofiia Erika Viki Nejlep\u0161\u00ed mas\u00e9rky z Prahy na v\u00e1s \u010dekaj\u00ed v erotick\u00e9m mas\u00e1\u017en\u00edm salonu Prague Fenix! \u010cas od <a class=\"more-link\" href=\"https:\/\/old.prague-fenix.cz\/cs\/masseuses\/\">Pokra\u010dovat ve \u010dten\u00ed \u2192<\/a><\/p>","protected":false},"author":3,"featured_media":0,"parent":0,"menu_order":0,"comment_status":"closed","ping_status":"closed","template":"","meta":{"footnotes":""},"class_list":["post-16","page","type-page","status-publish","hentry"],"yoast_head":"<!-- This site is optimized with the Yoast SEO plugin v25.0 - https:\/\/yoast.com\/wordpress\/plugins\/seo\/ -->\n<title>Masseuses of erotic massage - Fenix salon in Prague<\/title>\n<meta name=\"description\" content=\"Masseuses of the Prague Fenix erotic massage salon. About the girls, their work experience and services. Order an erotic massage from the best masseuses Prague.\" \/>\n<meta name=\"robots\" content=\"noindex, follow, max-snippet:-1, max-image-preview:large, max-video-preview:-1\" \/>\n<meta property=\"og:locale\" content=\"cs_CZ\" \/>\n<meta property=\"og:type\" content=\"article\" \/>\n<meta property=\"og:title\" content=\"Masseuses of erotic massage - Fenix salon in Prague\" \/>\n<meta property=\"og:description\" content=\"Masseuses of the Prague Fenix erotic massage salon. About the girls, their work experience and services. Order an erotic massage from the best masseuses Prague.\" \/>\n<meta property=\"og:url\" content=\"https:\/\/old.prague-fenix.cz\/cs\/masseuses\/\" \/>\n<meta property=\"og:site_name\" content=\"Erotic massage salon Prague Fenix\" \/>\n<meta property=\"article:modified_time\" content=\"2025-07-07T08:01:51+00:00\" \/>\n<meta property=\"og:image\" content=\"http:\/\/prague-fenix.cz\/wp-content\/uploads\/2024\/02\/karolina-1.jpg\" \/>\n<meta name=\"twitter:card\" content=\"summary_large_image\" \/>\n<meta name=\"twitter:label1\" content=\"Odhadovan\u00e1 doba \u010dten\u00ed\" \/>\n\t<meta name=\"twitter:data1\" content=\"6 minut\" \/>\n<script type=\"application\/ld+json\" class=\"yoast-schema-graph\">{\"@context\":\"https:\/\/schema.org\",\"@graph\":[{\"@type\":\"WebPage\",\"@id\":\"https:\/\/old.prague-fenix.cz\/masseuses\/\",\"url\":\"https:\/\/old.prague-fenix.cz\/masseuses\/\",\"name\":\"Masseuses of erotic massage - Fenix salon in Prague\",\"isPartOf\":{\"@id\":\"https:\/\/old.prague-fenix.cz\/#website\"},\"primaryImageOfPage\":{\"@id\":\"https:\/\/old.prague-fenix.cz\/masseuses\/#primaryimage\"},\"image\":{\"@id\":\"https:\/\/old.prague-fenix.cz\/masseuses\/#primaryimage\"},\"thumbnailUrl\":\"http:\/\/prague-fenix.cz\/wp-content\/uploads\/2024\/02\/karolina-1.jpg\",\"datePublished\":\"2023-05-07T11:36:55+00:00\",\"dateModified\":\"2025-07-07T08:01:51+00:00\",\"description\":\"Masseuses of the Prague Fenix erotic massage salon. About the girls, their work experience and services. Order an erotic massage from the best masseuses Prague.\",\"breadcrumb\":{\"@id\":\"https:\/\/old.prague-fenix.cz\/masseuses\/#breadcrumb\"},\"inLanguage\":\"cs\",\"potentialAction\":[{\"@type\":\"ReadAction\",\"target\":[\"https:\/\/old.prague-fenix.cz\/masseuses\/\"]}]},{\"@type\":\"ImageObject\",\"inLanguage\":\"cs\",\"@id\":\"https:\/\/old.prague-fenix.cz\/masseuses\/#primaryimage\",\"url\":\"http:\/\/prague-fenix.cz\/wp-content\/uploads\/2024\/02\/karolina-1.jpg\",\"contentUrl\":\"http:\/\/prague-fenix.cz\/wp-content\/uploads\/2024\/02\/karolina-1.jpg\"},{\"@type\":\"BreadcrumbList\",\"@id\":\"https:\/\/old.prague-fenix.cz\/masseuses\/#breadcrumb\",\"itemListElement\":[{\"@type\":\"ListItem\",\"position\":1,\"name\":\"Dom\u016f\",\"item\":\"https:\/\/old.prague-fenix.cz\/\"},{\"@type\":\"ListItem\",\"position\":2,\"name\":\"Masseuses &#8211; erotic massage parlor Fenix\"}]},{\"@type\":\"WebSite\",\"@id\":\"https:\/\/old.prague-fenix.cz\/#website\",\"url\":\"https:\/\/old.prague-fenix.cz\/\",\"name\":\"Erotick\u00fd mas\u00e1\u017en\u00ed sal\u00f3n Prague F\u00e9nix\",\"description\":\"Massage salon and erotic massages, body to body, tantra, mix, nuru and lingam massage, lesbian show, BDSM massage.\",\"publisher\":{\"@id\":\"https:\/\/old.prague-fenix.cz\/#\/schema\/person\/2ba77174c6f44cc2bc3d0f5e8ba640d6\"},\"potentialAction\":[{\"@type\":\"SearchAction\",\"target\":{\"@type\":\"EntryPoint\",\"urlTemplate\":\"https:\/\/old.prague-fenix.cz\/?s={search_term_string}\"},\"query-input\":{\"@type\":\"PropertyValueSpecification\",\"valueRequired\":true,\"valueName\":\"search_term_string\"}}],\"inLanguage\":\"cs\"},{\"@type\":[\"Person\",\"Organization\"],\"@id\":\"https:\/\/old.prague-fenix.cz\/#\/schema\/person\/2ba77174c6f44cc2bc3d0f5e8ba640d6\",\"name\":\"Prague Fenix\",\"image\":{\"@type\":\"ImageObject\",\"inLanguage\":\"cs\",\"@id\":\"https:\/\/old.prague-fenix.cz\/#\/schema\/person\/image\/\",\"url\":\"https:\/\/prague-fenix.cz\/wp-content\/uploads\/2023\/05\/prague-fenix.cz-logo-e1684684035397.png\",\"contentUrl\":\"https:\/\/prague-fenix.cz\/wp-content\/uploads\/2023\/05\/prague-fenix.cz-logo-e1684684035397.png\",\"width\":675,\"height\":675,\"caption\":\"Prague Fenix\"},\"logo\":{\"@id\":\"https:\/\/old.prague-fenix.cz\/#\/schema\/person\/image\/\"},\"sameAs\":[\"http:\/\/www.prague-fenix.cz\"]}]}<\/script>\n<!-- \/ Yoast SEO plugin. -->","yoast_head_json":{"title":"Masseuses of erotic massage - Fenix salon in Prague","description":"Masseuses of the Prague Fenix erotic massage salon. About the girls, their work experience and services. Order an erotic massage from the best masseuses Prague.","robots":{"index":"noindex","follow":"follow","max-snippet":"max-snippet:-1","max-image-preview":"max-image-preview:large","max-video-preview":"max-video-preview:-1"},"og_locale":"cs_CZ","og_type":"article","og_title":"Masseuses of erotic massage - Fenix salon in Prague","og_description":"Masseuses of the Prague Fenix erotic massage salon. About the girls, their work experience and services. Order an erotic massage from the best masseuses Prague.","og_url":"https:\/\/old.prague-fenix.cz\/cs\/masseuses\/","og_site_name":"Erotic massage salon Prague Fenix","article_modified_time":"2025-07-07T08:01:51+00:00","og_image":[{"url":"http:\/\/prague-fenix.cz\/wp-content\/uploads\/2024\/02\/karolina-1.jpg","type":"","width":"","height":""}],"twitter_card":"summary_large_image","twitter_misc":{"Odhadovan\u00e1 doba \u010dten\u00ed":"6 minut"},"schema":{"@context":"https:\/\/schema.org","@graph":[{"@type":"WebPage","@id":"https:\/\/old.prague-fenix.cz\/masseuses\/","url":"https:\/\/old.prague-fenix.cz\/masseuses\/","name":"Masseuses of erotic massage - Fenix salon in Prague","isPartOf":{"@id":"https:\/\/old.prague-fenix.cz\/#website"},"primaryImageOfPage":{"@id":"https:\/\/old.prague-fenix.cz\/masseuses\/#primaryimage"},"image":{"@id":"https:\/\/old.prague-fenix.cz\/masseuses\/#primaryimage"},"thumbnailUrl":"http:\/\/prague-fenix.cz\/wp-content\/uploads\/2024\/02\/karolina-1.jpg","datePublished":"2023-05-07T11:36:55+00:00","dateModified":"2025-07-07T08:01:51+00:00","description":"Masseuses of the Prague Fenix erotic massage salon. About the girls, their work experience and services. Order an erotic massage from the best masseuses Prague.","breadcrumb":{"@id":"https:\/\/old.prague-fenix.cz\/masseuses\/#breadcrumb"},"inLanguage":"cs","potentialAction":[{"@type":"ReadAction","target":["https:\/\/old.prague-fenix.cz\/masseuses\/"]}]},{"@type":"ImageObject","inLanguage":"cs","@id":"https:\/\/old.prague-fenix.cz\/masseuses\/#primaryimage","url":"http:\/\/prague-fenix.cz\/wp-content\/uploads\/2024\/02\/karolina-1.jpg","contentUrl":"http:\/\/prague-fenix.cz\/wp-content\/uploads\/2024\/02\/karolina-1.jpg"},{"@type":"BreadcrumbList","@id":"https:\/\/old.prague-fenix.cz\/masseuses\/#breadcrumb","itemListElement":[{"@type":"ListItem","position":1,"name":"Dom\u016f","item":"https:\/\/old.prague-fenix.cz\/"},{"@type":"ListItem","position":2,"name":"Masseuses &#8211; erotic massage parlor Fenix"}]},{"@type":"WebSite","@id":"https:\/\/old.prague-fenix.cz\/#website","url":"https:\/\/old.prague-fenix.cz\/","name":"Erotick\u00fd mas\u00e1\u017en\u00ed sal\u00f3n Prague F\u00e9nix","description":"Massage salon and erotic massages, body to body, tantra, mix, nuru and lingam massage, lesbian show, BDSM massage.","publisher":{"@id":"https:\/\/old.prague-fenix.cz\/#\/schema\/person\/2ba77174c6f44cc2bc3d0f5e8ba640d6"},"potentialAction":[{"@type":"SearchAction","target":{"@type":"EntryPoint","urlTemplate":"https:\/\/old.prague-fenix.cz\/?s={search_term_string}"},"query-input":{"@type":"PropertyValueSpecification","valueRequired":true,"valueName":"search_term_string"}}],"inLanguage":"cs"},{"@type":["Person","Organization"],"@id":"https:\/\/old.prague-fenix.cz\/#\/schema\/person\/2ba77174c6f44cc2bc3d0f5e8ba640d6","name":"Prague Fenix","image":{"@type":"ImageObject","inLanguage":"cs","@id":"https:\/\/old.prague-fenix.cz\/#\/schema\/person\/image\/","url":"https:\/\/prague-fenix.cz\/wp-content\/uploads\/2023\/05\/prague-fenix.cz-logo-e1684684035397.png","contentUrl":"https:\/\/prague-fenix.cz\/wp-content\/uploads\/2023\/05\/prague-fenix.cz-logo-e1684684035397.png","width":675,"height":675,"caption":"Prague Fenix"},"logo":{"@id":"https:\/\/old.prague-fenix.cz\/#\/schema\/person\/image\/"},"sameAs":["http:\/\/www.prague-fenix.cz"]}]}},"_links":{"self":[{"href":"https:\/\/old.prague-fenix.cz\/cs\/wp-json\/wp\/v2\/pages\/16","targetHints":{"allow":["GET"]}}],"collection":[{"href":"https:\/\/old.prague-fenix.cz\/cs\/wp-json\/wp\/v2\/pages"}],"about":[{"href":"https:\/\/old.prague-fenix.cz\/cs\/wp-json\/wp\/v2\/types\/page"}],"author":[{"embeddable":true,"href":"https:\/\/old.prague-fenix.cz\/cs\/wp-json\/wp\/v2\/users\/3"}],"replies":[{"embeddable":true,"href":"https:\/\/old.prague-fenix.cz\/cs\/wp-json\/wp\/v2\/comments?post=16"}],"version-history":[{"count":0,"href":"https:\/\/old.prague-fenix.cz\/cs\/wp-json\/wp\/v2\/pages\/16\/revisions"}],"wp:attachment":[{"href":"https:\/\/old.prague-fenix.cz\/cs\/wp-json\/wp\/v2\/media?parent=16"}],"curies":[{"name":"wp","href":"https:\/\/api.w.org\/{rel}","templated":true}]}}