{"id":1363,"date":"2024-08-18T18:37:05","date_gmt":"2024-08-18T17:37:05","guid":{"rendered":"https:\/\/prague-fenix.cz\/?page_id=1363"},"modified":"2024-08-21T20:11:37","modified_gmt":"2024-08-21T19:11:37","slug":"silvia","status":"publish","type":"page","link":"https:\/\/old.prague-fenix.cz\/cs\/silvia\/","title":{"rendered":"Silvia"},"content":{"rendered":"<p><strong>V\u011bk<\/strong>: 24<br><strong>V\u00e1ha<\/strong>: 52 kg<br><strong>V\u00fd\u0161ka<\/strong>: 165 cm<br><strong>Barva vlas\u016f<\/strong>: blond<br><strong>Velikost prsou<\/strong>: \u0412 (2)<\/p>\n\n\n\n<figure class=\"wp-block-gallery has-nested-images columns-default is-cropped wp-block-gallery-1 is-layout-flex wp-block-gallery-is-layout-flex\">\n<figure class=\"wp-block-image size-full\"><img fetchpriority=\"high\" decoding=\"async\" width=\"900\" height=\"720\" data-id=\"1443\" src=\"http:\/\/prague-fenix.cz\/wp-content\/uploads\/2024\/08\/sevilja.png\" alt=\"sevilja\" class=\"wp-image-1443\" srcset=\"https:\/\/old.prague-fenix.cz\/wp-content\/uploads\/2024\/08\/sevilja.png 900w, https:\/\/old.prague-fenix.cz\/wp-content\/uploads\/2024\/08\/sevilja-300x240.png 300w, https:\/\/old.prague-fenix.cz\/wp-content\/uploads\/2024\/08\/sevilja-768x614.png 768w, https:\/\/old.prague-fenix.cz\/wp-content\/uploads\/2024\/08\/sevilja-15x12.png 15w\" sizes=\"(max-width: 900px) 100vw, 900px\" \/><\/figure>\n<\/figure>\n\n\n\n<h2 class=\"wp-block-heading has-text-align-center\">O Silvii<\/h2>\n\n\n\n<p>Erotick\u00e1 mas\u00e1\u017e pro mu\u017ee je opravdov\u00e9 um\u011bn\u00ed. Zvl\u00e1dnout to nen\u00ed tak snadn\u00e9. Ke skute\u010dn\u00e9mu pot\u011b\u0161en\u00ed nesta\u010d\u00ed pouze znalost mas\u00e1\u017en\u00edch technik; mus\u00edte um\u011bt naj\u00edt individu\u00e1ln\u00ed p\u0159\u00edstup. P\u016fvabn\u00e1 d\u00edvka Sylvia, talentovan\u00e1 mas\u00e9rka v salonu Phoenix, to um\u00ed.<\/p>\n\n\n\n<p>Vzru\u0161uj\u00edc\u00ed smysln\u00fdmi doteky, n\u00e1\u0161 mistr zaji\u0161\u0165uje \u00fapln\u00e9 uvoln\u011bn\u00ed sval\u016f a osvobozen\u00ed od t\u011b\u017ek\u00fdch my\u0161lenek. Ka\u017ed\u00fd pohyb, ka\u017ed\u00e1 stimulace, ka\u017ed\u00e9 za\u0161eptan\u00e9 slovo je promy\u0161leno s ohledem na povahu a vlastnosti klienta. V\u00fdsledkem erotick\u00e9 mas\u00e1\u017ee od Sylvie pro mu\u017ee je pocit absolutn\u00ed euforie a nabit\u00ed kreativn\u00ed energi\u00ed na n\u011bkolik dn\u00ed dop\u0159edu. D\u00edvka p\u0159itom p\u0159in\u00e1\u0161\u00ed pot\u011b\u0161en\u00ed nejen sv\u00fdmi \u010diny, ale tak\u00e9 dokonal\u00fdmi formami sv\u00e9ho t\u011bla. Pr\u00e1v\u011b spojen\u00ed estetick\u00e9ho a fyzick\u00e9ho pot\u011b\u0161en\u00ed \u010din\u00ed na\u0161i mu\u017eskou mas\u00e1\u017e nezapomenutelnou.<\/p>\n\n\n\n<p>Chcete se pono\u0159it do propasti rozko\u0161e? P\u0159ihlaste se na erotickou mas\u00e1\u017e pro mu\u017ee v Praze s na\u0161\u00ed kr\u00e1skou. Garantujeme v\u00e1m, \u017ee na tuto hodinu pot\u011b\u0161en\u00ed budete dlouho vzpom\u00ednat.<\/p>\n\n\n\n<h2 class=\"wp-block-heading has-text-align-center\">Erotick\u00e1 mas\u00e1\u017e Silvia<\/h2>\n\n\n\n<p>Pro rezervaci slu\u017eeb erotick\u00fdch mas\u00e1\u017e\u00ed Silvia volejte pros\u00edm na tel&nbsp; <a href=\"tel:  420 720 175 506\">+420 720 175 506<\/a>&nbsp;pr\u00e1v\u011b te\u010f! U\u017e \u010dek\u00e1 na sch\u016fzku, konkr\u00e9tn\u011b s v\u00e1mi! \u00a0 &nbsp;<\/p>\n\n\n\n<figure class=\"wp-block-gallery has-nested-images columns-default is-cropped wp-block-gallery-2 is-layout-flex wp-block-gallery-is-layout-flex\">\n<figure class=\"wp-block-image size-large\"><img decoding=\"async\" width=\"680\" height=\"1024\" data-id=\"1395\" src=\"http:\/\/prague-fenix.cz\/wp-content\/uploads\/2024\/08\/Silvia-3-680x1024.jpg\" alt=\"\" class=\"wp-image-1395\" srcset=\"https:\/\/old.prague-fenix.cz\/wp-content\/uploads\/2024\/08\/Silvia-3-680x1024.jpg 680w, https:\/\/old.prague-fenix.cz\/wp-content\/uploads\/2024\/08\/Silvia-3-199x300.jpg 199w, https:\/\/old.prague-fenix.cz\/wp-content\/uploads\/2024\/08\/Silvia-3-768x1157.jpg 768w, https:\/\/old.prague-fenix.cz\/wp-content\/uploads\/2024\/08\/Silvia-3-1020x1536.jpg 1020w, https:\/\/old.prague-fenix.cz\/wp-content\/uploads\/2024\/08\/Silvia-3-8x12.jpg 8w, https:\/\/old.prague-fenix.cz\/wp-content\/uploads\/2024\/08\/Silvia-3.jpg 1063w\" sizes=\"(max-width: 680px) 100vw, 680px\" \/><\/figure>\n\n\n\n<figure class=\"wp-block-image size-large\"><img decoding=\"async\" width=\"680\" height=\"1024\" data-id=\"1393\" src=\"http:\/\/prague-fenix.cz\/wp-content\/uploads\/2024\/08\/Silvia-2-680x1024.jpg\" alt=\"\" class=\"wp-image-1393\" srcset=\"https:\/\/old.prague-fenix.cz\/wp-content\/uploads\/2024\/08\/Silvia-2-680x1024.jpg 680w, https:\/\/old.prague-fenix.cz\/wp-content\/uploads\/2024\/08\/Silvia-2-199x300.jpg 199w, https:\/\/old.prague-fenix.cz\/wp-content\/uploads\/2024\/08\/Silvia-2-768x1157.jpg 768w, https:\/\/old.prague-fenix.cz\/wp-content\/uploads\/2024\/08\/Silvia-2-1020x1536.jpg 1020w, https:\/\/old.prague-fenix.cz\/wp-content\/uploads\/2024\/08\/Silvia-2-8x12.jpg 8w, https:\/\/old.prague-fenix.cz\/wp-content\/uploads\/2024\/08\/Silvia-2.jpg 1063w\" sizes=\"(max-width: 680px) 100vw, 680px\" \/><\/figure>\n\n\n\n<figure class=\"wp-block-image size-large\"><img loading=\"lazy\" decoding=\"async\" width=\"680\" height=\"1024\" data-id=\"1392\" src=\"http:\/\/prague-fenix.cz\/wp-content\/uploads\/2024\/08\/Silvia-680x1024.jpg\" alt=\"\" class=\"wp-image-1392\" srcset=\"https:\/\/old.prague-fenix.cz\/wp-content\/uploads\/2024\/08\/Silvia-680x1024.jpg 680w, https:\/\/old.prague-fenix.cz\/wp-content\/uploads\/2024\/08\/Silvia-199x300.jpg 199w, https:\/\/old.prague-fenix.cz\/wp-content\/uploads\/2024\/08\/Silvia-768x1157.jpg 768w, https:\/\/old.prague-fenix.cz\/wp-content\/uploads\/2024\/08\/Silvia-1020x1536.jpg 1020w, https:\/\/old.prague-fenix.cz\/wp-content\/uploads\/2024\/08\/Silvia-8x12.jpg 8w, https:\/\/old.prague-fenix.cz\/wp-content\/uploads\/2024\/08\/Silvia.jpg 1063w\" sizes=\"(max-width: 680px) 100vw, 680px\" \/><\/figure>\n<\/figure>","protected":false},"excerpt":{"rendered":"<p>V\u011bk: 24V\u00e1ha: 52 kgV\u00fd\u0161ka: 165 cmBarva vlas\u016f: blond Velikost prsou: \u0412 (2) O Silvii Erotick\u00e1 mas\u00e1\u017e pro mu\u017ee je opravdov\u00e9 um\u011bn\u00ed. Zvl\u00e1dnout to nen\u00ed tak snadn\u00e9. Doru\u010dit skute\u010dn\u00e9 <a class=\"more-link\" href=\"https:\/\/old.prague-fenix.cz\/cs\/silvia\/\">Pokra\u010dovat ve \u010dten\u00ed \u2192<\/a><\/p>","protected":false},"author":3,"featured_media":1443,"parent":0,"menu_order":0,"comment_status":"closed","ping_status":"closed","template":"","meta":{"footnotes":""},"class_list":["post-1363","page","type-page","status-publish","has-post-thumbnail","hentry"],"yoast_head":"<!-- This site is optimized with the Yoast SEO plugin v25.0 - https:\/\/yoast.com\/wordpress\/plugins\/seo\/ -->\n<title>Erotic massage by Silvia - Salon Prague Fenix<\/title>\n<meta name=\"description\" content=\"Masseuse Silvia at the erotic massage salon Prague Fenix. Learn more about Silvia and the services she offers. Book a massage with Silvia\" \/>\n<meta name=\"robots\" content=\"noindex, follow, max-snippet:-1, max-image-preview:large, max-video-preview:-1\" \/>\n<meta property=\"og:locale\" content=\"cs_CZ\" \/>\n<meta property=\"og:type\" content=\"article\" \/>\n<meta property=\"og:title\" content=\"Erotic massage by Silvia - Salon Prague Fenix\" \/>\n<meta property=\"og:description\" content=\"Masseuse Silvia at the erotic massage salon Prague Fenix. Learn more about Silvia and the services she offers. Book a massage with Silvia\" \/>\n<meta property=\"og:url\" content=\"https:\/\/old.prague-fenix.cz\/cs\/silvia\/\" \/>\n<meta property=\"og:site_name\" content=\"Erotic massage salon Prague Fenix\" \/>\n<meta property=\"article:modified_time\" content=\"2024-08-21T19:11:37+00:00\" \/>\n<meta property=\"og:image\" content=\"https:\/\/old.prague-fenix.cz\/wp-content\/uploads\/2024\/08\/sevilja.png\" \/>\n\t<meta property=\"og:image:width\" content=\"900\" \/>\n\t<meta property=\"og:image:height\" content=\"720\" \/>\n\t<meta property=\"og:image:type\" content=\"image\/png\" \/>\n<meta name=\"twitter:card\" content=\"summary_large_image\" \/>\n<meta name=\"twitter:label1\" content=\"Odhadovan\u00e1 doba \u010dten\u00ed\" \/>\n\t<meta name=\"twitter:data1\" content=\"3 minuty\" \/>\n<script type=\"application\/ld+json\" class=\"yoast-schema-graph\">{\"@context\":\"https:\/\/schema.org\",\"@graph\":[{\"@type\":\"WebPage\",\"@id\":\"https:\/\/old.prague-fenix.cz\/silvia\/\",\"url\":\"https:\/\/old.prague-fenix.cz\/silvia\/\",\"name\":\"Erotic massage by Silvia - Salon Prague Fenix\",\"isPartOf\":{\"@id\":\"https:\/\/old.prague-fenix.cz\/#website\"},\"primaryImageOfPage\":{\"@id\":\"https:\/\/old.prague-fenix.cz\/silvia\/#primaryimage\"},\"image\":{\"@id\":\"https:\/\/old.prague-fenix.cz\/silvia\/#primaryimage\"},\"thumbnailUrl\":\"https:\/\/old.prague-fenix.cz\/wp-content\/uploads\/2024\/08\/sevilja.png\",\"datePublished\":\"2024-08-18T17:37:05+00:00\",\"dateModified\":\"2024-08-21T19:11:37+00:00\",\"description\":\"Masseuse Silvia at the erotic massage salon Prague Fenix. Learn more about Silvia and the services she offers. Book a massage with Silvia\",\"breadcrumb\":{\"@id\":\"https:\/\/old.prague-fenix.cz\/silvia\/#breadcrumb\"},\"inLanguage\":\"cs\",\"potentialAction\":[{\"@type\":\"ReadAction\",\"target\":[\"https:\/\/old.prague-fenix.cz\/silvia\/\"]}]},{\"@type\":\"ImageObject\",\"inLanguage\":\"cs\",\"@id\":\"https:\/\/old.prague-fenix.cz\/silvia\/#primaryimage\",\"url\":\"https:\/\/old.prague-fenix.cz\/wp-content\/uploads\/2024\/08\/sevilja.png\",\"contentUrl\":\"https:\/\/old.prague-fenix.cz\/wp-content\/uploads\/2024\/08\/sevilja.png\",\"width\":900,\"height\":720,\"caption\":\"sevilja\"},{\"@type\":\"BreadcrumbList\",\"@id\":\"https:\/\/old.prague-fenix.cz\/silvia\/#breadcrumb\",\"itemListElement\":[{\"@type\":\"ListItem\",\"position\":1,\"name\":\"Dom\u016f\",\"item\":\"https:\/\/old.prague-fenix.cz\/\"},{\"@type\":\"ListItem\",\"position\":2,\"name\":\"Silvia\"}]},{\"@type\":\"WebSite\",\"@id\":\"https:\/\/old.prague-fenix.cz\/#website\",\"url\":\"https:\/\/old.prague-fenix.cz\/\",\"name\":\"Erotick\u00fd mas\u00e1\u017en\u00ed sal\u00f3n Prague F\u00e9nix\",\"description\":\"Massage salon and erotic massages, body to body, tantra, mix, nuru and lingam massage, lesbian show, BDSM massage.\",\"publisher\":{\"@id\":\"https:\/\/old.prague-fenix.cz\/#\/schema\/person\/2ba77174c6f44cc2bc3d0f5e8ba640d6\"},\"potentialAction\":[{\"@type\":\"SearchAction\",\"target\":{\"@type\":\"EntryPoint\",\"urlTemplate\":\"https:\/\/old.prague-fenix.cz\/?s={search_term_string}\"},\"query-input\":{\"@type\":\"PropertyValueSpecification\",\"valueRequired\":true,\"valueName\":\"search_term_string\"}}],\"inLanguage\":\"cs\"},{\"@type\":[\"Person\",\"Organization\"],\"@id\":\"https:\/\/old.prague-fenix.cz\/#\/schema\/person\/2ba77174c6f44cc2bc3d0f5e8ba640d6\",\"name\":\"Prague Fenix\",\"image\":{\"@type\":\"ImageObject\",\"inLanguage\":\"cs\",\"@id\":\"https:\/\/old.prague-fenix.cz\/#\/schema\/person\/image\/\",\"url\":\"https:\/\/prague-fenix.cz\/wp-content\/uploads\/2023\/05\/prague-fenix.cz-logo-e1684684035397.png\",\"contentUrl\":\"https:\/\/prague-fenix.cz\/wp-content\/uploads\/2023\/05\/prague-fenix.cz-logo-e1684684035397.png\",\"width\":675,\"height\":675,\"caption\":\"Prague Fenix\"},\"logo\":{\"@id\":\"https:\/\/old.prague-fenix.cz\/#\/schema\/person\/image\/\"},\"sameAs\":[\"http:\/\/www.prague-fenix.cz\"]}]}<\/script>\n<!-- \/ Yoast SEO plugin. -->","yoast_head_json":{"title":"Erotic massage by Silvia - Salon Prague Fenix","description":"Masseuse Silvia at the erotic massage salon Prague Fenix. Learn more about Silvia and the services she offers. Book a massage with Silvia","robots":{"index":"noindex","follow":"follow","max-snippet":"max-snippet:-1","max-image-preview":"max-image-preview:large","max-video-preview":"max-video-preview:-1"},"og_locale":"cs_CZ","og_type":"article","og_title":"Erotic massage by Silvia - Salon Prague Fenix","og_description":"Masseuse Silvia at the erotic massage salon Prague Fenix. Learn more about Silvia and the services she offers. Book a massage with Silvia","og_url":"https:\/\/old.prague-fenix.cz\/cs\/silvia\/","og_site_name":"Erotic massage salon Prague Fenix","article_modified_time":"2024-08-21T19:11:37+00:00","og_image":[{"width":900,"height":720,"url":"https:\/\/old.prague-fenix.cz\/wp-content\/uploads\/2024\/08\/sevilja.png","type":"image\/png"}],"twitter_card":"summary_large_image","twitter_misc":{"Odhadovan\u00e1 doba \u010dten\u00ed":"3 minuty"},"schema":{"@context":"https:\/\/schema.org","@graph":[{"@type":"WebPage","@id":"https:\/\/old.prague-fenix.cz\/silvia\/","url":"https:\/\/old.prague-fenix.cz\/silvia\/","name":"Erotic massage by Silvia - Salon Prague Fenix","isPartOf":{"@id":"https:\/\/old.prague-fenix.cz\/#website"},"primaryImageOfPage":{"@id":"https:\/\/old.prague-fenix.cz\/silvia\/#primaryimage"},"image":{"@id":"https:\/\/old.prague-fenix.cz\/silvia\/#primaryimage"},"thumbnailUrl":"https:\/\/old.prague-fenix.cz\/wp-content\/uploads\/2024\/08\/sevilja.png","datePublished":"2024-08-18T17:37:05+00:00","dateModified":"2024-08-21T19:11:37+00:00","description":"Masseuse Silvia at the erotic massage salon Prague Fenix. Learn more about Silvia and the services she offers. Book a massage with Silvia","breadcrumb":{"@id":"https:\/\/old.prague-fenix.cz\/silvia\/#breadcrumb"},"inLanguage":"cs","potentialAction":[{"@type":"ReadAction","target":["https:\/\/old.prague-fenix.cz\/silvia\/"]}]},{"@type":"ImageObject","inLanguage":"cs","@id":"https:\/\/old.prague-fenix.cz\/silvia\/#primaryimage","url":"https:\/\/old.prague-fenix.cz\/wp-content\/uploads\/2024\/08\/sevilja.png","contentUrl":"https:\/\/old.prague-fenix.cz\/wp-content\/uploads\/2024\/08\/sevilja.png","width":900,"height":720,"caption":"sevilja"},{"@type":"BreadcrumbList","@id":"https:\/\/old.prague-fenix.cz\/silvia\/#breadcrumb","itemListElement":[{"@type":"ListItem","position":1,"name":"Dom\u016f","item":"https:\/\/old.prague-fenix.cz\/"},{"@type":"ListItem","position":2,"name":"Silvia"}]},{"@type":"WebSite","@id":"https:\/\/old.prague-fenix.cz\/#website","url":"https:\/\/old.prague-fenix.cz\/","name":"Erotick\u00fd mas\u00e1\u017en\u00ed sal\u00f3n Prague F\u00e9nix","description":"Massage salon and erotic massages, body to body, tantra, mix, nuru and lingam massage, lesbian show, BDSM massage.","publisher":{"@id":"https:\/\/old.prague-fenix.cz\/#\/schema\/person\/2ba77174c6f44cc2bc3d0f5e8ba640d6"},"potentialAction":[{"@type":"SearchAction","target":{"@type":"EntryPoint","urlTemplate":"https:\/\/old.prague-fenix.cz\/?s={search_term_string}"},"query-input":{"@type":"PropertyValueSpecification","valueRequired":true,"valueName":"search_term_string"}}],"inLanguage":"cs"},{"@type":["Person","Organization"],"@id":"https:\/\/old.prague-fenix.cz\/#\/schema\/person\/2ba77174c6f44cc2bc3d0f5e8ba640d6","name":"Prague Fenix","image":{"@type":"ImageObject","inLanguage":"cs","@id":"https:\/\/old.prague-fenix.cz\/#\/schema\/person\/image\/","url":"https:\/\/prague-fenix.cz\/wp-content\/uploads\/2023\/05\/prague-fenix.cz-logo-e1684684035397.png","contentUrl":"https:\/\/prague-fenix.cz\/wp-content\/uploads\/2023\/05\/prague-fenix.cz-logo-e1684684035397.png","width":675,"height":675,"caption":"Prague Fenix"},"logo":{"@id":"https:\/\/old.prague-fenix.cz\/#\/schema\/person\/image\/"},"sameAs":["http:\/\/www.prague-fenix.cz"]}]}},"_links":{"self":[{"href":"https:\/\/old.prague-fenix.cz\/cs\/wp-json\/wp\/v2\/pages\/1363","targetHints":{"allow":["GET"]}}],"collection":[{"href":"https:\/\/old.prague-fenix.cz\/cs\/wp-json\/wp\/v2\/pages"}],"about":[{"href":"https:\/\/old.prague-fenix.cz\/cs\/wp-json\/wp\/v2\/types\/page"}],"author":[{"embeddable":true,"href":"https:\/\/old.prague-fenix.cz\/cs\/wp-json\/wp\/v2\/users\/3"}],"replies":[{"embeddable":true,"href":"https:\/\/old.prague-fenix.cz\/cs\/wp-json\/wp\/v2\/comments?post=1363"}],"version-history":[{"count":0,"href":"https:\/\/old.prague-fenix.cz\/cs\/wp-json\/wp\/v2\/pages\/1363\/revisions"}],"wp:featuredmedia":[{"embeddable":true,"href":"https:\/\/old.prague-fenix.cz\/cs\/wp-json\/wp\/v2\/media\/1443"}],"wp:attachment":[{"href":"https:\/\/old.prague-fenix.cz\/cs\/wp-json\/wp\/v2\/media?parent=1363"}],"curies":[{"name":"wp","href":"https:\/\/api.w.org\/{rel}","templated":true}]}}