{"id":1339,"date":"2024-08-15T10:53:23","date_gmt":"2024-08-15T09:53:23","guid":{"rendered":"https:\/\/prague-fenix.cz\/?page_id=1339"},"modified":"2024-08-21T20:11:09","modified_gmt":"2024-08-21T19:11:09","slug":"jenefer","status":"publish","type":"page","link":"https:\/\/old.prague-fenix.cz\/cs\/jenefer\/","title":{"rendered":"Jenefer"},"content":{"rendered":"<p><strong>V\u011bk<\/strong>: 26<br><strong>V\u00e1ha<\/strong>: 65 kg<br><strong>V\u00fd\u0161ka<\/strong>: 169 cm<br><strong>Barva vlas\u016f<\/strong>: z\u00e1zvor<br><strong>Velikost prsou<\/strong>: \u0412 (3)<\/p>\n\n\n\n<figure class=\"wp-block-gallery has-nested-images columns-default is-cropped wp-block-gallery-1 is-layout-flex wp-block-gallery-is-layout-flex\">\n<figure class=\"wp-block-image size-full\"><img fetchpriority=\"high\" decoding=\"async\" width=\"900\" height=\"721\" data-id=\"1438\" src=\"http:\/\/prague-fenix.cz\/wp-content\/uploads\/2024\/08\/dzenifer.png\" alt=\"\" class=\"wp-image-1438\" srcset=\"https:\/\/old.prague-fenix.cz\/wp-content\/uploads\/2024\/08\/dzenifer.png 900w, https:\/\/old.prague-fenix.cz\/wp-content\/uploads\/2024\/08\/dzenifer-300x240.png 300w, https:\/\/old.prague-fenix.cz\/wp-content\/uploads\/2024\/08\/dzenifer-768x615.png 768w, https:\/\/old.prague-fenix.cz\/wp-content\/uploads\/2024\/08\/dzenifer-15x12.png 15w\" sizes=\"(max-width: 900px) 100vw, 900px\" \/><\/figure>\n<\/figure>\n\n\n\n<h2 class=\"wp-block-heading has-text-align-center\">O Jenefer<\/h2>\n\n\n\n<p>Mas\u00e1\u017e od kr\u00e1sn\u00e9 Jennifer je tou nejlep\u0161\u00ed mo\u017enost\u00ed relaxace v Praze! nev\u011b\u0159\u00ed\u0161 tomu? Pak ke mn\u011b p\u0159ij\u010fte na mas\u00e1\u017e a j\u00e1 to dok\u00e1\u017eu! Jsem ten nejlep\u0161\u00ed mas\u00e9r, kter\u00e9ho m\u016f\u017eete v Praze potkat. M\u00e1m mnoho zku\u0161enost\u00ed a nikdy nep\u0159estanu sv\u00e9 dovednosti zlep\u0161ovat.<\/p>\n\n\n\n<h2 class=\"wp-block-heading has-text-align-center\">Erotick\u00e1 mas\u00e1\u017e od Jenefer<\/h2>\n\n\n\n<p>Pro rezervaci slu\u017eeb erotick\u00fdch mas\u00e1\u017e\u00ed Jenefer - volejte pros\u00edm telefonicky&nbsp; <a href=\"tel:  420 720 175 506\">+420 720 175 506<\/a>&nbsp;pr\u00e1v\u011b te\u010f! U\u017e \u010dek\u00e1 na sch\u016fzku, konkr\u00e9tn\u011b s v\u00e1mi! \u00a0 &nbsp;<\/p>\n\n\n\n<figure class=\"wp-block-gallery has-nested-images columns-default is-cropped wp-block-gallery-2 is-layout-flex wp-block-gallery-is-layout-flex\">\n<figure class=\"wp-block-image size-full\"><img decoding=\"async\" data-id=\"1354\" src=\"http:\/\/prague-fenix.cz\/wp-content\/uploads\/2024\/08\/Jenefer-3.jpg\" alt=\"\" class=\"wp-image-1354\"\/><\/figure>\n\n\n\n<figure class=\"wp-block-image size-full\"><img decoding=\"async\" width=\"601\" height=\"900\" data-id=\"1352\" src=\"http:\/\/prague-fenix.cz\/wp-content\/uploads\/2024\/08\/Jenefer.jpg\" alt=\"\" class=\"wp-image-1352\" srcset=\"https:\/\/old.prague-fenix.cz\/wp-content\/uploads\/2024\/08\/Jenefer.jpg 601w, https:\/\/old.prague-fenix.cz\/wp-content\/uploads\/2024\/08\/Jenefer-200x300.jpg 200w, https:\/\/old.prague-fenix.cz\/wp-content\/uploads\/2024\/08\/Jenefer-8x12.jpg 8w\" sizes=\"(max-width: 601px) 100vw, 601px\" \/><\/figure>\n\n\n\n<figure class=\"wp-block-image size-full\"><img decoding=\"async\" width=\"640\" height=\"900\" data-id=\"1355\" src=\"http:\/\/prague-fenix.cz\/wp-content\/uploads\/2024\/08\/Jenefer-4.jpg\" alt=\"\" class=\"wp-image-1355\" srcset=\"https:\/\/old.prague-fenix.cz\/wp-content\/uploads\/2024\/08\/Jenefer-4.jpg 640w, https:\/\/old.prague-fenix.cz\/wp-content\/uploads\/2024\/08\/Jenefer-4-213x300.jpg 213w, https:\/\/old.prague-fenix.cz\/wp-content\/uploads\/2024\/08\/Jenefer-4-9x12.jpg 9w\" sizes=\"(max-width: 640px) 100vw, 640px\" \/><\/figure>\n<\/figure>","protected":false},"excerpt":{"rendered":"<p>V\u011bk: 26V\u00e1ha: 65 kgV\u00fd\u0161ka: 169 cmBarva vlas\u016f: z\u00e1zvor Velikost prsou: \u0412 (3) O Jenefer Mas\u00e1\u017e od kr\u00e1sn\u00e9 Jennifer je tou nejlep\u0161\u00ed mo\u017enost\u00ed relaxace v Praze! Ne? <a class=\"more-link\" href=\"https:\/\/old.prague-fenix.cz\/cs\/jenefer\/\">Pokra\u010dovat ve \u010dten\u00ed \u2192<\/a><\/p>","protected":false},"author":3,"featured_media":1438,"parent":0,"menu_order":0,"comment_status":"closed","ping_status":"closed","template":"","meta":{"footnotes":""},"class_list":["post-1339","page","type-page","status-publish","has-post-thumbnail","hentry"],"yoast_head":"<!-- This site is optimized with the Yoast SEO plugin v25.0 - https:\/\/yoast.com\/wordpress\/plugins\/seo\/ -->\n<title>Erotic massage by Jenefer - Salon Prague Fenix<\/title>\n<meta name=\"description\" content=\"Masseuse Jenefer at the erotic massage salon Prague Fenix. Learn more about Jenefer and the services she offers. Book a massage with Jennifer\" \/>\n<meta name=\"robots\" content=\"noindex, follow, max-snippet:-1, max-image-preview:large, max-video-preview:-1\" \/>\n<meta property=\"og:locale\" content=\"cs_CZ\" \/>\n<meta property=\"og:type\" content=\"article\" \/>\n<meta property=\"og:title\" content=\"Erotic massage by Jenefer - Salon Prague Fenix\" \/>\n<meta property=\"og:description\" content=\"Masseuse Jenefer at the erotic massage salon Prague Fenix. Learn more about Jenefer and the services she offers. Book a massage with Jennifer\" \/>\n<meta property=\"og:url\" content=\"https:\/\/old.prague-fenix.cz\/cs\/jenefer\/\" \/>\n<meta property=\"og:site_name\" content=\"Erotic massage salon Prague Fenix\" \/>\n<meta property=\"article:modified_time\" content=\"2024-08-21T19:11:09+00:00\" \/>\n<meta property=\"og:image\" content=\"https:\/\/old.prague-fenix.cz\/wp-content\/uploads\/2024\/08\/dzenifer.png\" \/>\n\t<meta property=\"og:image:width\" content=\"900\" \/>\n\t<meta property=\"og:image:height\" content=\"721\" \/>\n\t<meta property=\"og:image:type\" content=\"image\/png\" \/>\n<meta name=\"twitter:card\" content=\"summary_large_image\" \/>\n<meta name=\"twitter:label1\" content=\"Odhadovan\u00e1 doba \u010dten\u00ed\" \/>\n\t<meta name=\"twitter:data1\" content=\"2 minuty\" \/>\n<script type=\"application\/ld+json\" class=\"yoast-schema-graph\">{\"@context\":\"https:\/\/schema.org\",\"@graph\":[{\"@type\":\"WebPage\",\"@id\":\"https:\/\/old.prague-fenix.cz\/jenefer\/\",\"url\":\"https:\/\/old.prague-fenix.cz\/jenefer\/\",\"name\":\"Erotic massage by Jenefer - Salon Prague Fenix\",\"isPartOf\":{\"@id\":\"https:\/\/old.prague-fenix.cz\/#website\"},\"primaryImageOfPage\":{\"@id\":\"https:\/\/old.prague-fenix.cz\/jenefer\/#primaryimage\"},\"image\":{\"@id\":\"https:\/\/old.prague-fenix.cz\/jenefer\/#primaryimage\"},\"thumbnailUrl\":\"https:\/\/old.prague-fenix.cz\/wp-content\/uploads\/2024\/08\/dzenifer.png\",\"datePublished\":\"2024-08-15T09:53:23+00:00\",\"dateModified\":\"2024-08-21T19:11:09+00:00\",\"description\":\"Masseuse Jenefer at the erotic massage salon Prague Fenix. Learn more about Jenefer and the services she offers. Book a massage with Jennifer\",\"breadcrumb\":{\"@id\":\"https:\/\/old.prague-fenix.cz\/jenefer\/#breadcrumb\"},\"inLanguage\":\"cs\",\"potentialAction\":[{\"@type\":\"ReadAction\",\"target\":[\"https:\/\/old.prague-fenix.cz\/jenefer\/\"]}]},{\"@type\":\"ImageObject\",\"inLanguage\":\"cs\",\"@id\":\"https:\/\/old.prague-fenix.cz\/jenefer\/#primaryimage\",\"url\":\"https:\/\/old.prague-fenix.cz\/wp-content\/uploads\/2024\/08\/dzenifer.png\",\"contentUrl\":\"https:\/\/old.prague-fenix.cz\/wp-content\/uploads\/2024\/08\/dzenifer.png\",\"width\":900,\"height\":721},{\"@type\":\"BreadcrumbList\",\"@id\":\"https:\/\/old.prague-fenix.cz\/jenefer\/#breadcrumb\",\"itemListElement\":[{\"@type\":\"ListItem\",\"position\":1,\"name\":\"Dom\u016f\",\"item\":\"https:\/\/old.prague-fenix.cz\/\"},{\"@type\":\"ListItem\",\"position\":2,\"name\":\"Jenefer\"}]},{\"@type\":\"WebSite\",\"@id\":\"https:\/\/old.prague-fenix.cz\/#website\",\"url\":\"https:\/\/old.prague-fenix.cz\/\",\"name\":\"Erotick\u00fd mas\u00e1\u017en\u00ed sal\u00f3n Prague F\u00e9nix\",\"description\":\"Massage salon and erotic massages, body to body, tantra, mix, nuru and lingam massage, lesbian show, BDSM massage.\",\"publisher\":{\"@id\":\"https:\/\/old.prague-fenix.cz\/#\/schema\/person\/2ba77174c6f44cc2bc3d0f5e8ba640d6\"},\"potentialAction\":[{\"@type\":\"SearchAction\",\"target\":{\"@type\":\"EntryPoint\",\"urlTemplate\":\"https:\/\/old.prague-fenix.cz\/?s={search_term_string}\"},\"query-input\":{\"@type\":\"PropertyValueSpecification\",\"valueRequired\":true,\"valueName\":\"search_term_string\"}}],\"inLanguage\":\"cs\"},{\"@type\":[\"Person\",\"Organization\"],\"@id\":\"https:\/\/old.prague-fenix.cz\/#\/schema\/person\/2ba77174c6f44cc2bc3d0f5e8ba640d6\",\"name\":\"Prague Fenix\",\"image\":{\"@type\":\"ImageObject\",\"inLanguage\":\"cs\",\"@id\":\"https:\/\/old.prague-fenix.cz\/#\/schema\/person\/image\/\",\"url\":\"https:\/\/prague-fenix.cz\/wp-content\/uploads\/2023\/05\/prague-fenix.cz-logo-e1684684035397.png\",\"contentUrl\":\"https:\/\/prague-fenix.cz\/wp-content\/uploads\/2023\/05\/prague-fenix.cz-logo-e1684684035397.png\",\"width\":675,\"height\":675,\"caption\":\"Prague Fenix\"},\"logo\":{\"@id\":\"https:\/\/old.prague-fenix.cz\/#\/schema\/person\/image\/\"},\"sameAs\":[\"http:\/\/www.prague-fenix.cz\"]}]}<\/script>\n<!-- \/ Yoast SEO plugin. -->","yoast_head_json":{"title":"Erotic massage by Jenefer - Salon Prague Fenix","description":"Masseuse Jenefer at the erotic massage salon Prague Fenix. Learn more about Jenefer and the services she offers. Book a massage with Jennifer","robots":{"index":"noindex","follow":"follow","max-snippet":"max-snippet:-1","max-image-preview":"max-image-preview:large","max-video-preview":"max-video-preview:-1"},"og_locale":"cs_CZ","og_type":"article","og_title":"Erotic massage by Jenefer - Salon Prague Fenix","og_description":"Masseuse Jenefer at the erotic massage salon Prague Fenix. Learn more about Jenefer and the services she offers. Book a massage with Jennifer","og_url":"https:\/\/old.prague-fenix.cz\/cs\/jenefer\/","og_site_name":"Erotic massage salon Prague Fenix","article_modified_time":"2024-08-21T19:11:09+00:00","og_image":[{"width":900,"height":721,"url":"https:\/\/old.prague-fenix.cz\/wp-content\/uploads\/2024\/08\/dzenifer.png","type":"image\/png"}],"twitter_card":"summary_large_image","twitter_misc":{"Odhadovan\u00e1 doba \u010dten\u00ed":"2 minuty"},"schema":{"@context":"https:\/\/schema.org","@graph":[{"@type":"WebPage","@id":"https:\/\/old.prague-fenix.cz\/jenefer\/","url":"https:\/\/old.prague-fenix.cz\/jenefer\/","name":"Erotic massage by Jenefer - Salon Prague Fenix","isPartOf":{"@id":"https:\/\/old.prague-fenix.cz\/#website"},"primaryImageOfPage":{"@id":"https:\/\/old.prague-fenix.cz\/jenefer\/#primaryimage"},"image":{"@id":"https:\/\/old.prague-fenix.cz\/jenefer\/#primaryimage"},"thumbnailUrl":"https:\/\/old.prague-fenix.cz\/wp-content\/uploads\/2024\/08\/dzenifer.png","datePublished":"2024-08-15T09:53:23+00:00","dateModified":"2024-08-21T19:11:09+00:00","description":"Masseuse Jenefer at the erotic massage salon Prague Fenix. Learn more about Jenefer and the services she offers. Book a massage with Jennifer","breadcrumb":{"@id":"https:\/\/old.prague-fenix.cz\/jenefer\/#breadcrumb"},"inLanguage":"cs","potentialAction":[{"@type":"ReadAction","target":["https:\/\/old.prague-fenix.cz\/jenefer\/"]}]},{"@type":"ImageObject","inLanguage":"cs","@id":"https:\/\/old.prague-fenix.cz\/jenefer\/#primaryimage","url":"https:\/\/old.prague-fenix.cz\/wp-content\/uploads\/2024\/08\/dzenifer.png","contentUrl":"https:\/\/old.prague-fenix.cz\/wp-content\/uploads\/2024\/08\/dzenifer.png","width":900,"height":721},{"@type":"BreadcrumbList","@id":"https:\/\/old.prague-fenix.cz\/jenefer\/#breadcrumb","itemListElement":[{"@type":"ListItem","position":1,"name":"Dom\u016f","item":"https:\/\/old.prague-fenix.cz\/"},{"@type":"ListItem","position":2,"name":"Jenefer"}]},{"@type":"WebSite","@id":"https:\/\/old.prague-fenix.cz\/#website","url":"https:\/\/old.prague-fenix.cz\/","name":"Erotick\u00fd mas\u00e1\u017en\u00ed sal\u00f3n Prague F\u00e9nix","description":"Massage salon and erotic massages, body to body, tantra, mix, nuru and lingam massage, lesbian show, BDSM massage.","publisher":{"@id":"https:\/\/old.prague-fenix.cz\/#\/schema\/person\/2ba77174c6f44cc2bc3d0f5e8ba640d6"},"potentialAction":[{"@type":"SearchAction","target":{"@type":"EntryPoint","urlTemplate":"https:\/\/old.prague-fenix.cz\/?s={search_term_string}"},"query-input":{"@type":"PropertyValueSpecification","valueRequired":true,"valueName":"search_term_string"}}],"inLanguage":"cs"},{"@type":["Person","Organization"],"@id":"https:\/\/old.prague-fenix.cz\/#\/schema\/person\/2ba77174c6f44cc2bc3d0f5e8ba640d6","name":"Prague Fenix","image":{"@type":"ImageObject","inLanguage":"cs","@id":"https:\/\/old.prague-fenix.cz\/#\/schema\/person\/image\/","url":"https:\/\/prague-fenix.cz\/wp-content\/uploads\/2023\/05\/prague-fenix.cz-logo-e1684684035397.png","contentUrl":"https:\/\/prague-fenix.cz\/wp-content\/uploads\/2023\/05\/prague-fenix.cz-logo-e1684684035397.png","width":675,"height":675,"caption":"Prague Fenix"},"logo":{"@id":"https:\/\/old.prague-fenix.cz\/#\/schema\/person\/image\/"},"sameAs":["http:\/\/www.prague-fenix.cz"]}]}},"_links":{"self":[{"href":"https:\/\/old.prague-fenix.cz\/cs\/wp-json\/wp\/v2\/pages\/1339","targetHints":{"allow":["GET"]}}],"collection":[{"href":"https:\/\/old.prague-fenix.cz\/cs\/wp-json\/wp\/v2\/pages"}],"about":[{"href":"https:\/\/old.prague-fenix.cz\/cs\/wp-json\/wp\/v2\/types\/page"}],"author":[{"embeddable":true,"href":"https:\/\/old.prague-fenix.cz\/cs\/wp-json\/wp\/v2\/users\/3"}],"replies":[{"embeddable":true,"href":"https:\/\/old.prague-fenix.cz\/cs\/wp-json\/wp\/v2\/comments?post=1339"}],"version-history":[{"count":0,"href":"https:\/\/old.prague-fenix.cz\/cs\/wp-json\/wp\/v2\/pages\/1339\/revisions"}],"wp:featuredmedia":[{"embeddable":true,"href":"https:\/\/old.prague-fenix.cz\/cs\/wp-json\/wp\/v2\/media\/1438"}],"wp:attachment":[{"href":"https:\/\/old.prague-fenix.cz\/cs\/wp-json\/wp\/v2\/media?parent=1339"}],"curies":[{"name":"wp","href":"https:\/\/api.w.org\/{rel}","templated":true}]}}