{"id":12,"date":"2023-05-07T11:36:08","date_gmt":"2023-05-07T11:36:08","guid":{"rendered":"http:\/\/prague-fenix.cz\/?page_id=12"},"modified":"2024-04-15T22:31:24","modified_gmt":"2024-04-15T21:31:24","slug":"prices","status":"publish","type":"page","link":"https:\/\/old.prague-fenix.cz\/cs\/prices\/","title":{"rendered":"Slu\u017eby a ceny za erotick\u00fdch mas\u00e1\u017e\u00ed"},"content":{"rendered":"<p>Nab\u00edz\u00edme V\u00e1m kompletn\u00ed seznam slu\u017eeb salonu Prague Fenix \u2013 erotick\u00e9 mas\u00e1\u017ee v Praze. M\u016f\u017eete si objednat jak\u00fdkoli typ mas\u00e1\u017ee a objednat se na sezen\u00ed ji\u017e nyn\u00ed na n\u00ed\u017ee uveden\u00e9m telefonn\u00edm \u010d\u00edsle.<\/p>\n\n\n\n<p>V na\u0161em salonu je cena za erotickou mas\u00e1\u017e p\u0159\u00edzniv\u00e1 a dostupn\u00e1 ! Ceny uveden\u00e9 na webu jsou platn\u00e9 a odpov\u00eddaj\u00ed skute\u010dnosti.<\/p>\n\n\n\n<p class=\"has-text-align-center\"><strong>Na\u0161e adresa<\/strong>: Velehradsk\u00e1 1702\/12, Praha 3 Vinohrady.<br><strong>N\u00e1\u0161 telefon:<\/strong>: \u00a0<a href=\"tel:  420 720 175 506\">+420 720 175 506<\/a><\/p>\n\n\n\n<div class=\"wp-block-columns is-layout-flex wp-container-core-columns-is-layout-9d6595d7 wp-block-columns-is-layout-flex\">\n<div class=\"wp-block-column card is-layout-flow wp-block-column-is-layout-flow\">\n<h3 class=\"wp-block-heading has-text-align-center\"><strong><a href=\"https:\/\/prague-fenix.cz\/body-to-body\/\">T\u011blo na t\u011blo<\/a><\/strong><\/h3>\n\n\n\n<figure class=\"wp-block-image alignwide size-full\"><a href=\"https:\/\/prague-fenix.cz\/body-to-body\/\"><img fetchpriority=\"high\" decoding=\"async\" width=\"1000\" height=\"667\" src=\"http:\/\/prague-fenix.cz\/wp-content\/uploads\/2024\/02\/body-to-body-massage.jpeg\" alt=\"Body to Body - mas\u00e1\u017e v pra\u017esk\u00e9m salonu Fenix\" class=\"wp-image-642\" srcset=\"https:\/\/old.prague-fenix.cz\/wp-content\/uploads\/2024\/02\/body-to-body-massage.jpeg 1000w, https:\/\/old.prague-fenix.cz\/wp-content\/uploads\/2024\/02\/body-to-body-massage-300x200.jpeg 300w, https:\/\/old.prague-fenix.cz\/wp-content\/uploads\/2024\/02\/body-to-body-massage-768x512.jpeg 768w, https:\/\/old.prague-fenix.cz\/wp-content\/uploads\/2024\/02\/body-to-body-massage-18x12.jpeg 18w\" sizes=\"(max-width: 1000px) 100vw, 1000px\" \/><\/a><\/figure>\n\n\n\n<p class=\"has-text-align-center\">30 min. \u2013 1500 korun<br>60 min. \u2013 2000 korun<br>90 min. \u2013 2800 korun<br>120 min. \u2013 4000 korun<\/p>\n<\/div>\n\n\n\n<div class=\"wp-block-column card is-layout-flow wp-block-column-is-layout-flow\">\n<h3 class=\"wp-block-heading has-text-align-center\"><strong><a href=\"https:\/\/prague-fenix.cz\/fenix-massage\/\">Fenix mas\u00e1\u017e<\/a><\/strong><\/h3>\n\n\n\n<figure class=\"wp-block-image alignwide size-full\"><a href=\"https:\/\/prague-fenix.cz\/fenix-massage\/\"><img decoding=\"async\" width=\"1000\" height=\"667\" src=\"http:\/\/prague-fenix.cz\/wp-content\/uploads\/2024\/02\/fenix-massage-1.jpeg\" alt=\"Mas\u00e1\u017e Fenix v Praze\" class=\"wp-image-643\" srcset=\"https:\/\/old.prague-fenix.cz\/wp-content\/uploads\/2024\/02\/fenix-massage-1.jpeg 1000w, https:\/\/old.prague-fenix.cz\/wp-content\/uploads\/2024\/02\/fenix-massage-1-300x200.jpeg 300w, https:\/\/old.prague-fenix.cz\/wp-content\/uploads\/2024\/02\/fenix-massage-1-768x512.jpeg 768w, https:\/\/old.prague-fenix.cz\/wp-content\/uploads\/2024\/02\/fenix-massage-1-18x12.jpeg 18w\" sizes=\"(max-width: 1000px) 100vw, 1000px\" \/><\/a><\/figure>\n\n\n\n<p class=\"has-text-align-center\">30 min. \u2013 2000 korun<br>60 min. \u2013 3000 korun<br>90 min. \u2013 4000 korun<br>120 min. \u2013 6000 korun<br>* Zahrnuje extra slu\u017ebu: spole\u010dn\u00e1 relaxa\u010dn\u00ed sprcha, tango vaj\u00ed\u010dko a mas\u00e1\u017e kameny.<\/p>\n<\/div>\n<\/div>\n\n\n\n<div class=\"wp-block-columns is-layout-flex wp-container-core-columns-is-layout-9d6595d7 wp-block-columns-is-layout-flex\">\n<div class=\"wp-block-column card is-layout-flow wp-block-column-is-layout-flow\">\n<h3 class=\"wp-block-heading has-text-align-center\"><strong><a href=\"https:\/\/prague-fenix.cz\/milk-massage\/\">Ml\u00e9\u010dn\u00e1 mas\u00e1\u017e<\/a><\/strong><\/h3>\n\n\n\n<figure class=\"wp-block-image alignwide size-full\"><a href=\"https:\/\/prague-fenix.cz\/milk-massage\/\"><img decoding=\"async\" width=\"1000\" height=\"667\" src=\"http:\/\/prague-fenix.cz\/wp-content\/uploads\/2024\/02\/milk-massage-fenix-prague-1.jpeg\" alt=\"Ml\u00e9\u010dn\u00e1 mas\u00e1\u017e Fenix Praha\" class=\"wp-image-644\" srcset=\"https:\/\/old.prague-fenix.cz\/wp-content\/uploads\/2024\/02\/milk-massage-fenix-prague-1.jpeg 1000w, https:\/\/old.prague-fenix.cz\/wp-content\/uploads\/2024\/02\/milk-massage-fenix-prague-1-300x200.jpeg 300w, https:\/\/old.prague-fenix.cz\/wp-content\/uploads\/2024\/02\/milk-massage-fenix-prague-1-768x512.jpeg 768w, https:\/\/old.prague-fenix.cz\/wp-content\/uploads\/2024\/02\/milk-massage-fenix-prague-1-18x12.jpeg 18w\" sizes=\"(max-width: 1000px) 100vw, 1000px\" \/><\/a><\/figure>\n\n\n\n<p class=\"has-text-align-center\">30 min. \u2013 1500 korun<br>60 min. \u2013 2000 korun<br>90 min. \u2013 2800 korun<br>120 min. \u2013 4000 korun<\/p>\n<\/div>\n\n\n\n<div class=\"wp-block-column card is-layout-flow wp-block-column-is-layout-flow\">\n<h3 class=\"wp-block-heading has-text-align-center\"><strong><a href=\"https:\/\/prague-fenix.cz\/lingam-massage\/\">Lingam mas\u00e1\u017e<\/a><\/strong><\/h3>\n\n\n\n<figure class=\"wp-block-image alignwide size-full\"><a href=\"https:\/\/prague-fenix.cz\/lingam-massage\/\"><img loading=\"lazy\" decoding=\"async\" width=\"1000\" height=\"666\" src=\"http:\/\/prague-fenix.cz\/wp-content\/uploads\/2024\/02\/lingam-massage-fenix-prague-1.jpeg\" alt=\"Lingam mas\u00e1\u017e Fenix Praha\" class=\"wp-image-645\" srcset=\"https:\/\/old.prague-fenix.cz\/wp-content\/uploads\/2024\/02\/lingam-massage-fenix-prague-1.jpeg 1000w, https:\/\/old.prague-fenix.cz\/wp-content\/uploads\/2024\/02\/lingam-massage-fenix-prague-1-300x200.jpeg 300w, https:\/\/old.prague-fenix.cz\/wp-content\/uploads\/2024\/02\/lingam-massage-fenix-prague-1-768x511.jpeg 768w, https:\/\/old.prague-fenix.cz\/wp-content\/uploads\/2024\/02\/lingam-massage-fenix-prague-1-18x12.jpeg 18w\" sizes=\"(max-width: 1000px) 100vw, 1000px\" \/><\/a><\/figure>\n\n\n\n<p class=\"has-text-align-center\">15 min. \u2013 1200 korun<br>30 min. \u2013 1400 korun<br>60 min. \u2013 2000 korun<br>90 min. \u2013 3000 korun<br>120 min. \u2013 4000 korun<\/p>\n<\/div>\n<\/div>\n\n\n\n<div class=\"wp-block-columns is-layout-flex wp-container-core-columns-is-layout-9d6595d7 wp-block-columns-is-layout-flex\">\n<div class=\"wp-block-column card is-layout-flow wp-block-column-is-layout-flow\">\n<h3 class=\"wp-block-heading has-text-align-center\"><strong><a href=\"https:\/\/prague-fenix.cz\/nuru-massage\/\">Nuru mas\u00e1\u017e<\/a><\/strong><\/h3>\n\n\n\n<figure class=\"wp-block-image alignwide size-full\"><a href=\"https:\/\/prague-fenix.cz\/nuru-massage\/\"><img loading=\"lazy\" decoding=\"async\" width=\"1000\" height=\"667\" src=\"http:\/\/prague-fenix.cz\/wp-content\/uploads\/2024\/02\/nuru-massage-fenix-salon-1.jpeg\" alt=\"nuru mas\u00e1\u017e fenix salon\" class=\"wp-image-646\" srcset=\"https:\/\/old.prague-fenix.cz\/wp-content\/uploads\/2024\/02\/nuru-massage-fenix-salon-1.jpeg 1000w, https:\/\/old.prague-fenix.cz\/wp-content\/uploads\/2024\/02\/nuru-massage-fenix-salon-1-300x200.jpeg 300w, https:\/\/old.prague-fenix.cz\/wp-content\/uploads\/2024\/02\/nuru-massage-fenix-salon-1-768x512.jpeg 768w, https:\/\/old.prague-fenix.cz\/wp-content\/uploads\/2024\/02\/nuru-massage-fenix-salon-1-18x12.jpeg 18w\" sizes=\"(max-width: 1000px) 100vw, 1000px\" \/><\/a><\/figure>\n\n\n\n<p class=\"has-text-align-center\">30 min. \u2013 1500 korun<br>60 min. \u2013 2000 korun<br>90 min. \u2013 3000 korun<br>120 min. \u2013 4000 korun<\/p>\n<\/div>\n\n\n\n<div class=\"wp-block-column card is-layout-flow wp-block-column-is-layout-flow\">\n<h3 class=\"wp-block-heading has-text-align-center\"><strong><a href=\"https:\/\/prague-fenix.cz\/lesbian-show\/\">Lesbick\u00e1 show<\/a><\/strong><\/h3>\n\n\n\n<figure class=\"wp-block-image alignwide size-full\"><a href=\"https:\/\/prague-fenix.cz\/lesbian-show\/\"><img loading=\"lazy\" decoding=\"async\" width=\"1000\" height=\"667\" src=\"http:\/\/prague-fenix.cz\/wp-content\/uploads\/2024\/02\/lesbian-show-fenix-prague-1.jpeg\" alt=\"lesbick\u00e1 show fenix praha\" class=\"wp-image-647\" srcset=\"https:\/\/old.prague-fenix.cz\/wp-content\/uploads\/2024\/02\/lesbian-show-fenix-prague-1.jpeg 1000w, https:\/\/old.prague-fenix.cz\/wp-content\/uploads\/2024\/02\/lesbian-show-fenix-prague-1-300x200.jpeg 300w, https:\/\/old.prague-fenix.cz\/wp-content\/uploads\/2024\/02\/lesbian-show-fenix-prague-1-768x512.jpeg 768w, https:\/\/old.prague-fenix.cz\/wp-content\/uploads\/2024\/02\/lesbian-show-fenix-prague-1-18x12.jpeg 18w\" sizes=\"(max-width: 1000px) 100vw, 1000px\" \/><\/a><\/figure>\n\n\n\n<p class=\"has-text-align-center\">30 min. \u2013 3800 korun<br>60 min. \u2013 5600 korun<\/p>\n<\/div>\n<\/div>\n\n\n\n<div class=\"wp-block-columns is-layout-flex wp-container-core-columns-is-layout-9d6595d7 wp-block-columns-is-layout-flex\">\n<div class=\"wp-block-column card is-layout-flow wp-block-column-is-layout-flow\">\n<h3 class=\"wp-block-heading has-text-align-center\"><strong><a href=\"https:\/\/prague-fenix.cz\/bdsm-massage\/\">BDSM mas\u00e1\u017e<\/a><\/strong><\/h3>\n\n\n\n<figure class=\"wp-block-image alignwide size-full\"><a href=\"https:\/\/prague-fenix.cz\/bdsm-massage\/\"><img loading=\"lazy\" decoding=\"async\" width=\"1000\" height=\"667\" src=\"http:\/\/prague-fenix.cz\/wp-content\/uploads\/2024\/02\/bdsm-massage-fenix-prague-1.jpeg\" alt=\"bdsm mas\u00e1\u017e fenix praha\" class=\"wp-image-648\" srcset=\"https:\/\/old.prague-fenix.cz\/wp-content\/uploads\/2024\/02\/bdsm-massage-fenix-prague-1.jpeg 1000w, https:\/\/old.prague-fenix.cz\/wp-content\/uploads\/2024\/02\/bdsm-massage-fenix-prague-1-300x200.jpeg 300w, https:\/\/old.prague-fenix.cz\/wp-content\/uploads\/2024\/02\/bdsm-massage-fenix-prague-1-768x512.jpeg 768w, https:\/\/old.prague-fenix.cz\/wp-content\/uploads\/2024\/02\/bdsm-massage-fenix-prague-1-18x12.jpeg 18w\" sizes=\"(max-width: 1000px) 100vw, 1000px\" \/><\/a><\/figure>\n\n\n\n<p class=\"has-text-align-center\">30 min. \u2013 2400 korun<br>60 min. \u2013 3800 korun<br>90 min. \u2013 4800 korun<\/p>\n<\/div>\n\n\n\n<div class=\"wp-block-column card is-layout-flow wp-block-column-is-layout-flow\">\n<h3 class=\"wp-block-heading has-text-align-center\"><strong><a href=\"https:\/\/prague-fenix.cz\/massage-for-women\/\">Mas\u00e1\u017e pro \u017eeny<\/a><\/strong><\/h3>\n\n\n\n<figure class=\"wp-block-image alignwide size-full\"><a href=\"https:\/\/prague-fenix.cz\/massage-for-women\/\"><img loading=\"lazy\" decoding=\"async\" width=\"1000\" height=\"667\" src=\"http:\/\/prague-fenix.cz\/wp-content\/uploads\/2024\/02\/massage-for-women-fenix-salon-1.jpeg\" alt=\"mas\u00e1\u017e pro \u017eeny salon fenix\" class=\"wp-image-649\" srcset=\"https:\/\/old.prague-fenix.cz\/wp-content\/uploads\/2024\/02\/massage-for-women-fenix-salon-1.jpeg 1000w, https:\/\/old.prague-fenix.cz\/wp-content\/uploads\/2024\/02\/massage-for-women-fenix-salon-1-300x200.jpeg 300w, https:\/\/old.prague-fenix.cz\/wp-content\/uploads\/2024\/02\/massage-for-women-fenix-salon-1-768x512.jpeg 768w, https:\/\/old.prague-fenix.cz\/wp-content\/uploads\/2024\/02\/massage-for-women-fenix-salon-1-18x12.jpeg 18w\" sizes=\"(max-width: 1000px) 100vw, 1000px\" \/><\/a><\/figure>\n\n\n\n<p class=\"has-text-align-center\">30 min. \u2013 1600 korun<br>60 min. \u2013 2200 korun<br>90 min. \u2013 3200 korun<\/p>\n<\/div>\n<\/div>\n\n\n\n<div class=\"wp-block-columns is-layout-flex wp-container-core-columns-is-layout-9d6595d7 wp-block-columns-is-layout-flex\">\n<div class=\"wp-block-column card is-layout-flow wp-block-column-is-layout-flow\">\n<h3 class=\"wp-block-heading has-text-align-center\"><strong><a href=\"https:\/\/prague-fenix.cz\/massage-for-couple\/\">Mas\u00e1\u017e pro p\u00e1ry<\/a><\/strong><\/h3>\n\n\n\n<figure class=\"wp-block-image alignwide size-full\"><a href=\"https:\/\/prague-fenix.cz\/massage-for-couple\/\"><img loading=\"lazy\" decoding=\"async\" width=\"1000\" height=\"665\" src=\"http:\/\/prague-fenix.cz\/wp-content\/uploads\/2024\/02\/massage-for-couple-1.jpeg\" alt=\"Mas\u00e1\u017e pro p\u00e1r Fenix\" class=\"wp-image-655\" srcset=\"https:\/\/old.prague-fenix.cz\/wp-content\/uploads\/2024\/02\/massage-for-couple-1.jpeg 1000w, https:\/\/old.prague-fenix.cz\/wp-content\/uploads\/2024\/02\/massage-for-couple-1-300x200.jpeg 300w, https:\/\/old.prague-fenix.cz\/wp-content\/uploads\/2024\/02\/massage-for-couple-1-768x511.jpeg 768w, https:\/\/old.prague-fenix.cz\/wp-content\/uploads\/2024\/02\/massage-for-couple-1-18x12.jpeg 18w\" sizes=\"(max-width: 1000px) 100vw, 1000px\" \/><\/a><\/figure>\n\n\n\n<p class=\"has-text-align-center\">60 min. \u2013 4000 korun<br>90 min. \u2013 5000 korun<br>120 min. \u2013 7500 korun<\/p>\n<\/div>\n\n\n\n<div class=\"wp-block-column card is-layout-flow wp-block-column-is-layout-flow\">\n<h3 class=\"wp-block-heading has-text-align-center\"><strong><a href=\"https:\/\/prague-fenix.cz\/massage-prostaty\/\">Mas\u00e1\u017e prostaty<\/a><\/strong><\/h3>\n\n\n\n<figure class=\"wp-block-image alignwide size-full\"><a href=\"https:\/\/prague-fenix.cz\/massage-prostaty\/\"><img loading=\"lazy\" decoding=\"async\" width=\"1000\" height=\"667\" src=\"http:\/\/prague-fenix.cz\/wp-content\/uploads\/2024\/02\/Massage-prostaty-1.jpeg\" alt=\"Mas\u00e1\u017e prostaty v Praga Fenix\" class=\"wp-image-656\" srcset=\"https:\/\/old.prague-fenix.cz\/wp-content\/uploads\/2024\/02\/Massage-prostaty-1.jpeg 1000w, https:\/\/old.prague-fenix.cz\/wp-content\/uploads\/2024\/02\/Massage-prostaty-1-300x200.jpeg 300w, https:\/\/old.prague-fenix.cz\/wp-content\/uploads\/2024\/02\/Massage-prostaty-1-768x512.jpeg 768w, https:\/\/old.prague-fenix.cz\/wp-content\/uploads\/2024\/02\/Massage-prostaty-1-18x12.jpeg 18w\" sizes=\"(max-width: 1000px) 100vw, 1000px\" \/><\/a><\/figure>\n\n\n\n<p class=\"has-text-align-center\">30 min. \u2013 2000 korun<br>60 min. \u2013 2500 korun<br>90 min. \u2013 3500 korun<br>120 min. \u2013 4500 korun<\/p>\n<\/div>\n<\/div>\n\n\n\n<div class=\"wp-block-columns is-layout-flex wp-container-core-columns-is-layout-9d6595d7 wp-block-columns-is-layout-flex\">\n<div class=\"wp-block-column card is-layout-flow wp-block-column-is-layout-flow\">\n<h3 class=\"wp-block-heading has-text-align-center\"><strong><a href=\"https:\/\/prague-fenix.cz\/massage-at-the-hotel\/\">Mas\u00e1\u017ee v hotelu <\/a><\/strong><\/h3>\n\n\n\n<figure class=\"wp-block-image alignwide size-full\"><a href=\"https:\/\/prague-fenix.cz\/massage-at-the-hotel\/\"><img loading=\"lazy\" decoding=\"async\" width=\"1000\" height=\"667\" src=\"http:\/\/prague-fenix.cz\/wp-content\/uploads\/2024\/02\/massage-at-the-hotel-1.jpeg\" alt=\"Mas\u00e1\u017ee v hotelu Praha\" class=\"wp-image-657\" srcset=\"https:\/\/old.prague-fenix.cz\/wp-content\/uploads\/2024\/02\/massage-at-the-hotel-1.jpeg 1000w, https:\/\/old.prague-fenix.cz\/wp-content\/uploads\/2024\/02\/massage-at-the-hotel-1-300x200.jpeg 300w, https:\/\/old.prague-fenix.cz\/wp-content\/uploads\/2024\/02\/massage-at-the-hotel-1-768x512.jpeg 768w, https:\/\/old.prague-fenix.cz\/wp-content\/uploads\/2024\/02\/massage-at-the-hotel-1-18x12.jpeg 18w\" sizes=\"(max-width: 1000px) 100vw, 1000px\" \/><\/a><\/figure>\n\n\n\n<p class=\"has-text-align-center\">30 min. \u2013 2300 korun<br>60 min. \u2013 3000 korun<br>90 min. \u2013 3800 korun<br>120 min. \u2013 5800 korun<br>* outcall<\/p>\n<\/div>\n\n\n\n<div class=\"wp-block-column card is-layout-flow wp-block-column-is-layout-flow\">\n<h3 class=\"wp-block-heading has-text-align-center\"><strong><a href=\"https:\/\/prague-fenix.cz\/extra\/\">DAL\u0160\u00cd<\/a><\/strong><\/h3>\n\n\n\n<figure class=\"wp-block-image alignwide size-full\"><a href=\"https:\/\/prague-fenix.cz\/extra\/\"><img loading=\"lazy\" decoding=\"async\" width=\"1023\" height=\"683\" src=\"http:\/\/prague-fenix.cz\/wp-content\/uploads\/2024\/02\/erotic-massage-fenix-salon-praha-1.jpeg\" alt=\"erotick\u00e9 mas\u00e1\u017ee fenix salon praha\" class=\"wp-image-658\" srcset=\"https:\/\/old.prague-fenix.cz\/wp-content\/uploads\/2024\/02\/erotic-massage-fenix-salon-praha-1.jpeg 1023w, https:\/\/old.prague-fenix.cz\/wp-content\/uploads\/2024\/02\/erotic-massage-fenix-salon-praha-1-300x200.jpeg 300w, https:\/\/old.prague-fenix.cz\/wp-content\/uploads\/2024\/02\/erotic-massage-fenix-salon-praha-1-768x513.jpeg 768w, https:\/\/old.prague-fenix.cz\/wp-content\/uploads\/2024\/02\/erotic-massage-fenix-salon-praha-1-18x12.jpeg 18w\" sizes=\"(max-width: 1023px) 100vw, 1023px\" \/><\/a><\/figure>\n\n\n\n<p class=\"has-text-align-center\">FootJob \u2013 500 korun<br>Footfetish \u2013 500 korun<br>Francouzsk\u00fd polibek \u2013 500 korun<br>Stript\u00fdz \u2013 500 korun<br>Ko\u010di\u010dka \u2013 500 korun<br>Vejce Tenda \u2013 500 korun\/ks<\/p>\n<\/div>\n<\/div>\n\n\n\n<p>Na\u0161e profesion\u00e1ln\u00ed mas\u00e9rky u\u017e na V\u00e1s \u010dekaj\u00ed! <\/p>\n\n\n\n<p class=\"has-text-align-center\"><strong>Na\u0161e adresa<\/strong>: Velehradsk\u00e1 1702\/12, Praha 3 Vinohrady.<br><strong>N\u00e1\u0161 telefon:<\/strong>: \u00a0<a href=\"tel:  420 720 175 506\">+420 720 175 506<\/a><\/p>","protected":false},"excerpt":{"rendered":"<p>Nab\u00edz\u00edme V\u00e1m kompletn\u00ed seznam slu\u017eeb Fenix \u2013 erotick\u00e9ho mas\u00e1\u017en\u00edho salonu v Praze. M\u016f\u017eete si objednat jak\u00fdkoli typ mas\u00e1\u017ee a p\u0159ihl\u00e1sit se na sezen\u00ed <a class=\"more-link\" href=\"https:\/\/old.prague-fenix.cz\/cs\/prices\/\">Pokra\u010dovat ve \u010dten\u00ed \u2192<\/a><\/p>","protected":false},"author":3,"featured_media":0,"parent":0,"menu_order":0,"comment_status":"closed","ping_status":"closed","template":"","meta":{"footnotes":""},"class_list":["post-12","page","type-page","status-publish","hentry"],"yoast_head":"<!-- This site is optimized with the Yoast SEO plugin v25.0 - https:\/\/yoast.com\/wordpress\/plugins\/seo\/ -->\n<title>Services and prices - Prague Fenix<\/title>\n<meta name=\"description\" content=\"Prices for services at the Fenix Prague salon. Price for erotic massage in the Czech Republic. Price for an erotic massage session in Prague. View full price.\" \/>\n<meta name=\"robots\" content=\"noindex, follow, max-snippet:-1, max-image-preview:large, max-video-preview:-1\" \/>\n<meta property=\"og:locale\" content=\"cs_CZ\" \/>\n<meta property=\"og:type\" content=\"article\" \/>\n<meta property=\"og:title\" content=\"Services and prices - Prague Fenix\" \/>\n<meta property=\"og:description\" content=\"Prices for services at the Fenix Prague salon. Price for erotic massage in the Czech Republic. Price for an erotic massage session in Prague. View full price.\" \/>\n<meta property=\"og:url\" content=\"https:\/\/old.prague-fenix.cz\/cs\/prices\/\" \/>\n<meta property=\"og:site_name\" content=\"Erotic massage salon Prague Fenix\" \/>\n<meta property=\"article:modified_time\" content=\"2024-04-15T21:31:24+00:00\" \/>\n<meta property=\"og:image\" content=\"http:\/\/prague-fenix.cz\/wp-content\/uploads\/2024\/02\/body-to-body-massage.jpeg\" \/>\n<meta name=\"twitter:card\" content=\"summary_large_image\" \/>\n<meta name=\"twitter:label1\" content=\"Odhadovan\u00e1 doba \u010dten\u00ed\" \/>\n\t<meta name=\"twitter:data1\" content=\"5 minut\" \/>\n<script type=\"application\/ld+json\" class=\"yoast-schema-graph\">{\"@context\":\"https:\/\/schema.org\",\"@graph\":[{\"@type\":\"WebPage\",\"@id\":\"https:\/\/old.prague-fenix.cz\/prices\/\",\"url\":\"https:\/\/old.prague-fenix.cz\/prices\/\",\"name\":\"Services and prices - Prague Fenix\",\"isPartOf\":{\"@id\":\"https:\/\/old.prague-fenix.cz\/#website\"},\"primaryImageOfPage\":{\"@id\":\"https:\/\/old.prague-fenix.cz\/prices\/#primaryimage\"},\"image\":{\"@id\":\"https:\/\/old.prague-fenix.cz\/prices\/#primaryimage\"},\"thumbnailUrl\":\"http:\/\/prague-fenix.cz\/wp-content\/uploads\/2024\/02\/body-to-body-massage.jpeg\",\"datePublished\":\"2023-05-07T11:36:08+00:00\",\"dateModified\":\"2024-04-15T21:31:24+00:00\",\"description\":\"Prices for services at the Fenix Prague salon. Price for erotic massage in the Czech Republic. Price for an erotic massage session in Prague. View full price.\",\"breadcrumb\":{\"@id\":\"https:\/\/old.prague-fenix.cz\/prices\/#breadcrumb\"},\"inLanguage\":\"cs\",\"potentialAction\":[{\"@type\":\"ReadAction\",\"target\":[\"https:\/\/old.prague-fenix.cz\/prices\/\"]}]},{\"@type\":\"ImageObject\",\"inLanguage\":\"cs\",\"@id\":\"https:\/\/old.prague-fenix.cz\/prices\/#primaryimage\",\"url\":\"http:\/\/prague-fenix.cz\/wp-content\/uploads\/2024\/02\/body-to-body-massage.jpeg\",\"contentUrl\":\"http:\/\/prague-fenix.cz\/wp-content\/uploads\/2024\/02\/body-to-body-massage.jpeg\"},{\"@type\":\"BreadcrumbList\",\"@id\":\"https:\/\/old.prague-fenix.cz\/prices\/#breadcrumb\",\"itemListElement\":[{\"@type\":\"ListItem\",\"position\":1,\"name\":\"Dom\u016f\",\"item\":\"https:\/\/old.prague-fenix.cz\/\"},{\"@type\":\"ListItem\",\"position\":2,\"name\":\"Services and Prices for erotic massage\"}]},{\"@type\":\"WebSite\",\"@id\":\"https:\/\/old.prague-fenix.cz\/#website\",\"url\":\"https:\/\/old.prague-fenix.cz\/\",\"name\":\"Erotick\u00fd mas\u00e1\u017en\u00ed sal\u00f3n Prague F\u00e9nix\",\"description\":\"Massage salon and erotic massages, body to body, tantra, mix, nuru and lingam massage, lesbian show, BDSM massage.\",\"publisher\":{\"@id\":\"https:\/\/old.prague-fenix.cz\/#\/schema\/person\/2ba77174c6f44cc2bc3d0f5e8ba640d6\"},\"potentialAction\":[{\"@type\":\"SearchAction\",\"target\":{\"@type\":\"EntryPoint\",\"urlTemplate\":\"https:\/\/old.prague-fenix.cz\/?s={search_term_string}\"},\"query-input\":{\"@type\":\"PropertyValueSpecification\",\"valueRequired\":true,\"valueName\":\"search_term_string\"}}],\"inLanguage\":\"cs\"},{\"@type\":[\"Person\",\"Organization\"],\"@id\":\"https:\/\/old.prague-fenix.cz\/#\/schema\/person\/2ba77174c6f44cc2bc3d0f5e8ba640d6\",\"name\":\"Prague Fenix\",\"image\":{\"@type\":\"ImageObject\",\"inLanguage\":\"cs\",\"@id\":\"https:\/\/old.prague-fenix.cz\/#\/schema\/person\/image\/\",\"url\":\"https:\/\/prague-fenix.cz\/wp-content\/uploads\/2023\/05\/prague-fenix.cz-logo-e1684684035397.png\",\"contentUrl\":\"https:\/\/prague-fenix.cz\/wp-content\/uploads\/2023\/05\/prague-fenix.cz-logo-e1684684035397.png\",\"width\":675,\"height\":675,\"caption\":\"Prague Fenix\"},\"logo\":{\"@id\":\"https:\/\/old.prague-fenix.cz\/#\/schema\/person\/image\/\"},\"sameAs\":[\"http:\/\/www.prague-fenix.cz\"]}]}<\/script>\n<!-- \/ Yoast SEO plugin. -->","yoast_head_json":{"title":"Services and prices - Prague Fenix","description":"Prices for services at the Fenix Prague salon. Price for erotic massage in the Czech Republic. Price for an erotic massage session in Prague. View full price.","robots":{"index":"noindex","follow":"follow","max-snippet":"max-snippet:-1","max-image-preview":"max-image-preview:large","max-video-preview":"max-video-preview:-1"},"og_locale":"cs_CZ","og_type":"article","og_title":"Services and prices - Prague Fenix","og_description":"Prices for services at the Fenix Prague salon. Price for erotic massage in the Czech Republic. Price for an erotic massage session in Prague. View full price.","og_url":"https:\/\/old.prague-fenix.cz\/cs\/prices\/","og_site_name":"Erotic massage salon Prague Fenix","article_modified_time":"2024-04-15T21:31:24+00:00","og_image":[{"url":"http:\/\/prague-fenix.cz\/wp-content\/uploads\/2024\/02\/body-to-body-massage.jpeg","type":"","width":"","height":""}],"twitter_card":"summary_large_image","twitter_misc":{"Odhadovan\u00e1 doba \u010dten\u00ed":"5 minut"},"schema":{"@context":"https:\/\/schema.org","@graph":[{"@type":"WebPage","@id":"https:\/\/old.prague-fenix.cz\/prices\/","url":"https:\/\/old.prague-fenix.cz\/prices\/","name":"Services and prices - Prague Fenix","isPartOf":{"@id":"https:\/\/old.prague-fenix.cz\/#website"},"primaryImageOfPage":{"@id":"https:\/\/old.prague-fenix.cz\/prices\/#primaryimage"},"image":{"@id":"https:\/\/old.prague-fenix.cz\/prices\/#primaryimage"},"thumbnailUrl":"http:\/\/prague-fenix.cz\/wp-content\/uploads\/2024\/02\/body-to-body-massage.jpeg","datePublished":"2023-05-07T11:36:08+00:00","dateModified":"2024-04-15T21:31:24+00:00","description":"Prices for services at the Fenix Prague salon. Price for erotic massage in the Czech Republic. Price for an erotic massage session in Prague. View full price.","breadcrumb":{"@id":"https:\/\/old.prague-fenix.cz\/prices\/#breadcrumb"},"inLanguage":"cs","potentialAction":[{"@type":"ReadAction","target":["https:\/\/old.prague-fenix.cz\/prices\/"]}]},{"@type":"ImageObject","inLanguage":"cs","@id":"https:\/\/old.prague-fenix.cz\/prices\/#primaryimage","url":"http:\/\/prague-fenix.cz\/wp-content\/uploads\/2024\/02\/body-to-body-massage.jpeg","contentUrl":"http:\/\/prague-fenix.cz\/wp-content\/uploads\/2024\/02\/body-to-body-massage.jpeg"},{"@type":"BreadcrumbList","@id":"https:\/\/old.prague-fenix.cz\/prices\/#breadcrumb","itemListElement":[{"@type":"ListItem","position":1,"name":"Dom\u016f","item":"https:\/\/old.prague-fenix.cz\/"},{"@type":"ListItem","position":2,"name":"Services and Prices for erotic massage"}]},{"@type":"WebSite","@id":"https:\/\/old.prague-fenix.cz\/#website","url":"https:\/\/old.prague-fenix.cz\/","name":"Erotick\u00fd mas\u00e1\u017en\u00ed sal\u00f3n Prague F\u00e9nix","description":"Massage salon and erotic massages, body to body, tantra, mix, nuru and lingam massage, lesbian show, BDSM massage.","publisher":{"@id":"https:\/\/old.prague-fenix.cz\/#\/schema\/person\/2ba77174c6f44cc2bc3d0f5e8ba640d6"},"potentialAction":[{"@type":"SearchAction","target":{"@type":"EntryPoint","urlTemplate":"https:\/\/old.prague-fenix.cz\/?s={search_term_string}"},"query-input":{"@type":"PropertyValueSpecification","valueRequired":true,"valueName":"search_term_string"}}],"inLanguage":"cs"},{"@type":["Person","Organization"],"@id":"https:\/\/old.prague-fenix.cz\/#\/schema\/person\/2ba77174c6f44cc2bc3d0f5e8ba640d6","name":"Prague Fenix","image":{"@type":"ImageObject","inLanguage":"cs","@id":"https:\/\/old.prague-fenix.cz\/#\/schema\/person\/image\/","url":"https:\/\/prague-fenix.cz\/wp-content\/uploads\/2023\/05\/prague-fenix.cz-logo-e1684684035397.png","contentUrl":"https:\/\/prague-fenix.cz\/wp-content\/uploads\/2023\/05\/prague-fenix.cz-logo-e1684684035397.png","width":675,"height":675,"caption":"Prague Fenix"},"logo":{"@id":"https:\/\/old.prague-fenix.cz\/#\/schema\/person\/image\/"},"sameAs":["http:\/\/www.prague-fenix.cz"]}]}},"_links":{"self":[{"href":"https:\/\/old.prague-fenix.cz\/cs\/wp-json\/wp\/v2\/pages\/12","targetHints":{"allow":["GET"]}}],"collection":[{"href":"https:\/\/old.prague-fenix.cz\/cs\/wp-json\/wp\/v2\/pages"}],"about":[{"href":"https:\/\/old.prague-fenix.cz\/cs\/wp-json\/wp\/v2\/types\/page"}],"author":[{"embeddable":true,"href":"https:\/\/old.prague-fenix.cz\/cs\/wp-json\/wp\/v2\/users\/3"}],"replies":[{"embeddable":true,"href":"https:\/\/old.prague-fenix.cz\/cs\/wp-json\/wp\/v2\/comments?post=12"}],"version-history":[{"count":0,"href":"https:\/\/old.prague-fenix.cz\/cs\/wp-json\/wp\/v2\/pages\/12\/revisions"}],"wp:attachment":[{"href":"https:\/\/old.prague-fenix.cz\/cs\/wp-json\/wp\/v2\/media?parent=12"}],"curies":[{"name":"wp","href":"https:\/\/api.w.org\/{rel}","templated":true}]}}