{"id":10,"date":"2023-05-07T11:35:41","date_gmt":"2023-05-07T10:35:41","guid":{"rendered":"http:\/\/prague-fenix.cz\/?page_id=10"},"modified":"2024-04-15T22:21:39","modified_gmt":"2024-04-15T21:21:39","slug":"about-us","status":"publish","type":"page","link":"https:\/\/old.prague-fenix.cz\/cs\/about-us\/","title":{"rendered":"O N\u00e1s"},"content":{"rendered":"<p>Na\u0161e spole\u010dnost je nejlep\u0161\u00ed erotick\u00fd mas\u00e1\u017en\u00ed salon v Praze. Jej\u00ed vysok\u00e9 hodnocen\u00ed potvrzuj\u00ed na\u0161i klienti, mezi nimi\u017e je \u0159ada z\u00e1stupc\u016f \u010desk\u00e9 elity i vysoce postaven\u00ed zahrani\u010dn\u00ed host\u00e9 \u2013 politici, byznysmeni, kreativn\u00ed osobnosti i b\u011b\u017en\u00ed turist\u00e9.<\/p>\n\n\n\n<p>Um\u00edst\u011bn\u00ed na\u0161eho salonu Prague Fenix je pohodln\u00e9 a dostupn\u00e9: najdete ho v centru Prahy.&nbsp;<\/p>\n\n\n\n<p class=\"has-text-align-center\">Na\u0161e adresa: Velegradsk\u00e1 ulice, 1702\/12, 130 00, Vinohrady.<\/p>\n\n\n\n<figure class=\"wp-block-image size-full\"><img fetchpriority=\"high\" decoding=\"async\" width=\"1024\" height=\"683\" src=\"https:\/\/prague-fenix.cz\/wp-content\/uploads\/2024\/02\/fenix-praga-salon-massage-1.jpeg\" alt=\"Mas\u00e1\u017e salonu Fenix Praga\" class=\"wp-image-866\" srcset=\"https:\/\/old.prague-fenix.cz\/wp-content\/uploads\/2024\/02\/fenix-praga-salon-massage-1.jpeg 1024w, https:\/\/old.prague-fenix.cz\/wp-content\/uploads\/2024\/02\/fenix-praga-salon-massage-1-300x200.jpeg 300w, https:\/\/old.prague-fenix.cz\/wp-content\/uploads\/2024\/02\/fenix-praga-salon-massage-1-768x512.jpeg 768w, https:\/\/old.prague-fenix.cz\/wp-content\/uploads\/2024\/02\/fenix-praga-salon-massage-1-18x12.jpeg 18w\" sizes=\"(max-width: 1024px) 100vw, 1024px\" \/><\/figure>\n\n\n\n<p>Na\u0161\u00ed p\u0159ednost\u00ed je dokonale \u00fatuln\u00e1, 100% pozitivn\u00ed atmosf\u00e9ra pro plnou relaxaci a vysoce profesion\u00e1ln\u00edmi mas\u00e9rkami, kter\u00e9 dokonale znaj\u00ed r\u016fzn\u00e9 obl\u00edben\u00e9 a exkluzivn\u00ed techniky intimn\u00ed mas\u00e1\u017ee.<\/p>\n\n\n\n<p>N\u00e1v\u0161t\u011bva na\u0161ich mas\u00e1\u017e\u00ed je jedine\u010dnou p\u0159\u00edle\u017eitost\u00ed pochopit nekone\u010dn\u00fd vesm\u00edr smysln\u00e9 erotiky, nau\u010dit se neuv\u011b\u0159iteln\u00e9 pocity skute\u010dn\u00e9 bla\u017eenosti a vnit\u0159n\u00ed harmonie.<\/p>\n\n\n\n<p>N\u00e1\u0161 <strong>salon erotick\u00fdch mas\u00e1\u017e\u00ed Prague Fenix<\/strong> zcela ospravedl\u0148uje sv\u016fj n\u00e1zev \u2013 umo\u017e\u0148uje lidem, utla\u010dovan\u00fdm \u0161edou ka\u017edodennost\u00ed, zat\u00ed\u017een\u00fdmi intimn\u00edmi, osobn\u00edmi a mor\u00e1ln\u011b-psychologick\u00fdmi probl\u00e9my, c\u00edtit se jako znovuzrozen\u00ed.&nbsp;<\/p>\n\n\n\n<p>I jedno sezen\u00ed je z\u00e1rukou mno\u017estv\u00ed jasn\u00fdch, barevn\u00fdch a nezapomenuteln\u00fdch z\u00e1\u017eitk\u016f. S pomoc\u00ed \u0161ikovn\u00fdch dotek\u016f na\u0161ich mas\u00e9rek, kter\u00e9 jsou ve sv\u00e9m oboru nep\u0159ekonan\u00fdmi kouzeln\u00edky, budete moci za\u017e\u00edt neb\u00fdvale intenzivn\u00ed vzru\u0161en\u00ed, kter\u00e9 vyst\u0159\u00edd\u00e1 nem\u00e9n\u011b siln\u00fd orgasmus. Tak intenzivn\u00ed a magick\u00e9 pocity nejsou p\u0159i b\u011b\u017en\u00e9m sexu mo\u017en\u00e9.<\/p>\n\n\n\n<figure class=\"wp-block-image size-full\"><img decoding=\"async\" width=\"1023\" height=\"682\" src=\"https:\/\/prague-fenix.cz\/wp-content\/uploads\/2024\/02\/massage-salon-fenix-1.jpeg\" alt=\"mas\u00e1\u017en\u00ed salon Fenix v Praze\" class=\"wp-image-865\" srcset=\"https:\/\/old.prague-fenix.cz\/wp-content\/uploads\/2024\/02\/massage-salon-fenix-1.jpeg 1023w, https:\/\/old.prague-fenix.cz\/wp-content\/uploads\/2024\/02\/massage-salon-fenix-1-300x200.jpeg 300w, https:\/\/old.prague-fenix.cz\/wp-content\/uploads\/2024\/02\/massage-salon-fenix-1-768x512.jpeg 768w, https:\/\/old.prague-fenix.cz\/wp-content\/uploads\/2024\/02\/massage-salon-fenix-1-18x12.jpeg 18w\" sizes=\"(max-width: 1023px) 100vw, 1023px\" \/><\/figure>\n\n\n\n<p>To vysv\u011btluje, pro\u010d se v\u011bt\u0161ina na\u0161ich nov\u00fdch klient\u016f st\u00e1v\u00e1 na\u0161imi pravideln\u00fdmi n\u00e1v\u0161t\u011bvn\u00edky. S ka\u017ed\u00fdm z nich se setk\u00e1v\u00e1me s up\u0159\u00edmnou pohostinnost\u00ed a radost\u00ed, jako s nejlep\u0161\u00edm p\u0159\u00edtelem.<\/p>\n\n\n\n<p>S n\u00e1zory a p\u0159ipom\u00ednkami na\u0161ich host\u016f se m\u016f\u017eete sezn\u00e1mit p\u0159e\u010dten\u00edm \u201eKnihy recenz\u00ed\u201c o pr\u00e1ci salonu. Tyto z\u00e1znamy, kter\u00e9 zanechali Pra\u017ean\u00e9 a mnoho cizinc\u016f, obsahuj\u00ed pouze pod\u011bkov\u00e1n\u00ed, uzn\u00e1n\u00ed a p\u0159\u00e1n\u00ed v\u0161eho nejlep\u0161\u00edho.<\/p>\n\n\n\n<p>N\u00e1v\u0161t\u011bvn\u00edci na\u0161eho salonu Prague Fenix, kte\u0159\u00ed p\u0159icestovali do Prahy ze zahrani\u010d\u00ed, se r\u00e1di vracej\u00ed se do \u010cesk\u00e9 republiky a znovu si u\u017e\u00edt slasti erotick\u00e9 mas\u00e1\u017ee v\u00a0Prague Fenix a pono\u0159it se do n\u00e1dhern\u00e9ho sv\u011bta rozko\u0161\u00ed a sn\u016f.<\/p>\n\n\n\n<p>Okouzluj\u00edc\u00ed svou vn\u011bj\u0161\u00ed n\u00e1dherou a praktick\u00fdmi dovednostmi <a href=\"https:\/\/prague-fenix.cz\/masseuses\/\">d\u00edvky<\/a> z na\u0161eho pikantn\u00edho mas\u00e1\u017en\u00edho salonu jsou v\u017edy p\u0159ipraveni h\u00fd\u010dkat sv\u00e9 n\u00e1ro\u010dn\u00e9 klienty t\u011bmi nejn\u011b\u017en\u011bj\u0161\u00edmi a nejsmysln\u011bj\u0161\u00edmi doteky prst\u016f, rukou i cel\u00e9ho t\u011bla.&nbsp;<\/p>\n\n\n\n<figure class=\"wp-block-image size-full\"><img decoding=\"async\" width=\"1024\" height=\"683\" src=\"https:\/\/prague-fenix.cz\/wp-content\/uploads\/2024\/02\/erotic-massage-salon-pragua-fenix-1.jpeg\" alt=\"erotick\u00fd mas\u00e1\u017en\u00ed salon pragua fenix\" class=\"wp-image-867\" srcset=\"https:\/\/old.prague-fenix.cz\/wp-content\/uploads\/2024\/02\/erotic-massage-salon-pragua-fenix-1.jpeg 1024w, https:\/\/old.prague-fenix.cz\/wp-content\/uploads\/2024\/02\/erotic-massage-salon-pragua-fenix-1-300x200.jpeg 300w, https:\/\/old.prague-fenix.cz\/wp-content\/uploads\/2024\/02\/erotic-massage-salon-pragua-fenix-1-768x512.jpeg 768w, https:\/\/old.prague-fenix.cz\/wp-content\/uploads\/2024\/02\/erotic-massage-salon-pragua-fenix-1-18x12.jpeg 18w\" sizes=\"(max-width: 1024px) 100vw, 1024px\" \/><\/figure>\n\n\n\n<p>Zveme v\u00e1s, abyste si alespo\u0148 jednu hodinu u\u017eili n\u00e1dhern\u00e9 chv\u00edle, kter\u00e9 d\u00e1vaj\u00ed skute\u010dnou radost a mo\u0159e rozko\u0161e.<\/p>\n\n\n\n<p>Krom\u011b klasick\u00fdch mas\u00e1\u017en\u00edch technik si m\u016f\u017eete objednat na na\u0161\u00ed <a href=\"https:\/\/prague-fenix.cz\/fenix-massage\/\">Fenix mas\u00e1\u017e,<\/a>, kter\u00e1 je jedna z  nejobl\u00edben\u011bj\u0161\u00ed <a href=\"https:\/\/prague-fenix.cz\/body-to-body\/\">mas\u00e1\u017e\u00ed t\u011bla.<\/a>.<\/p>\n\n\n\n<p>Jsme zvykl\u00ed ocenit ka\u017ed\u00e9ho klienta, zach\u00e1zet s n\u00edm s velkou \u00factou, pozornost\u00ed a p\u00e9\u010d\u00ed \u2013 to je  n\u00e1\u0161 kl\u00ed\u010dov\u00fd princip.<\/p>\n\n\n\n<p>Chcete-li uvolnit t\u011blesn\u00e9 i du\u0161evn\u00ed nap\u011bt\u00ed, odhodit balast ka\u017edodenn\u00edch starost\u00ed a probl\u00e9m\u016f, obnovit sv\u016fj fyzick\u00fd potenci\u00e1l a zlep\u0161it si sebev\u011bdom\u00ed, poc\u00edtit plnost \u017eivota a prozkoumat pocit skute\u010dn\u00e9 bla\u017eenosti \u2013 kontaktujte n\u00e1s a <strong>objednejte se na erotick\u00e9 mas\u00e1\u017ee<\/strong>v\u0161echna tato p\u0159\u00e1n\u00ed spln\u00edme v t\u00e9 nejlep\u0161\u00ed form\u011b ! <\/p>\n\n\n\n<p class=\"has-text-align-center\">Telefonn\u00ed \u010d\u00edslo pro rezervaci \u2013 <a href=\"tel:  420 720 175 506\">+420 720 175 506<\/a>.<\/p>","protected":false},"excerpt":{"rendered":"<p>Na\u0161e spole\u010dnost je nejlep\u0161\u00ed erotick\u00fd mas\u00e1\u017en\u00ed salon v Praze. Jeho vysok\u00e9 hodnocen\u00ed potvrzuj\u00ed na\u0161i klienti, mezi nimi\u017e je \u0159ada z\u00e1stupc\u016f \u010desk\u00e9 elity i vysoce postaven\u00fdch <a class=\"more-link\" href=\"https:\/\/old.prague-fenix.cz\/cs\/about-us\/\">Pokra\u010dovat ve \u010dten\u00ed \u2192<\/a><\/p>","protected":false},"author":3,"featured_media":0,"parent":0,"menu_order":0,"comment_status":"closed","ping_status":"closed","template":"","meta":{"footnotes":""},"class_list":["post-10","page","type-page","status-publish","hentry"],"yoast_head":"<!-- This site is optimized with the Yoast SEO plugin v25.0 - https:\/\/yoast.com\/wordpress\/plugins\/seo\/ -->\n<title>About us - Salon Fenix Prague<\/title>\n<meta name=\"description\" content=\"About the erotic massage salon in the Czech Republic - Fenix Prague. Features and benefits of the best erotic massage studio for men and women. Why choose Fenix?\" \/>\n<meta name=\"robots\" content=\"noindex, follow, max-snippet:-1, max-image-preview:large, max-video-preview:-1\" \/>\n<meta property=\"og:locale\" content=\"cs_CZ\" \/>\n<meta property=\"og:type\" content=\"article\" \/>\n<meta property=\"og:title\" content=\"About us - Salon Fenix Prague\" \/>\n<meta property=\"og:description\" content=\"About the erotic massage salon in the Czech Republic - Fenix Prague. Features and benefits of the best erotic massage studio for men and women. Why choose Fenix?\" \/>\n<meta property=\"og:url\" content=\"https:\/\/old.prague-fenix.cz\/cs\/about-us\/\" \/>\n<meta property=\"og:site_name\" content=\"Erotic massage salon Prague Fenix\" \/>\n<meta property=\"article:modified_time\" content=\"2024-04-15T21:21:39+00:00\" \/>\n<meta property=\"og:image\" content=\"https:\/\/prague-fenix.cz\/wp-content\/uploads\/2024\/02\/fenix-praga-salon-massage-1.jpeg\" \/>\n<meta name=\"twitter:card\" content=\"summary_large_image\" \/>\n<meta name=\"twitter:label1\" content=\"Odhadovan\u00e1 doba \u010dten\u00ed\" \/>\n\t<meta name=\"twitter:data1\" content=\"4 minuty\" \/>\n<script type=\"application\/ld+json\" class=\"yoast-schema-graph\">{\"@context\":\"https:\/\/schema.org\",\"@graph\":[{\"@type\":\"WebPage\",\"@id\":\"https:\/\/old.prague-fenix.cz\/about-us\/\",\"url\":\"https:\/\/old.prague-fenix.cz\/about-us\/\",\"name\":\"About us - Salon Fenix Prague\",\"isPartOf\":{\"@id\":\"https:\/\/old.prague-fenix.cz\/#website\"},\"primaryImageOfPage\":{\"@id\":\"https:\/\/old.prague-fenix.cz\/about-us\/#primaryimage\"},\"image\":{\"@id\":\"https:\/\/old.prague-fenix.cz\/about-us\/#primaryimage\"},\"thumbnailUrl\":\"https:\/\/prague-fenix.cz\/wp-content\/uploads\/2024\/02\/fenix-praga-salon-massage-1.jpeg\",\"datePublished\":\"2023-05-07T10:35:41+00:00\",\"dateModified\":\"2024-04-15T21:21:39+00:00\",\"description\":\"About the erotic massage salon in the Czech Republic - Fenix Prague. Features and benefits of the best erotic massage studio for men and women. Why choose Fenix?\",\"breadcrumb\":{\"@id\":\"https:\/\/old.prague-fenix.cz\/about-us\/#breadcrumb\"},\"inLanguage\":\"cs\",\"potentialAction\":[{\"@type\":\"ReadAction\",\"target\":[\"https:\/\/old.prague-fenix.cz\/about-us\/\"]}]},{\"@type\":\"ImageObject\",\"inLanguage\":\"cs\",\"@id\":\"https:\/\/old.prague-fenix.cz\/about-us\/#primaryimage\",\"url\":\"https:\/\/prague-fenix.cz\/wp-content\/uploads\/2024\/02\/fenix-praga-salon-massage-1.jpeg\",\"contentUrl\":\"https:\/\/prague-fenix.cz\/wp-content\/uploads\/2024\/02\/fenix-praga-salon-massage-1.jpeg\"},{\"@type\":\"BreadcrumbList\",\"@id\":\"https:\/\/old.prague-fenix.cz\/about-us\/#breadcrumb\",\"itemListElement\":[{\"@type\":\"ListItem\",\"position\":1,\"name\":\"Dom\u016f\",\"item\":\"https:\/\/old.prague-fenix.cz\/\"},{\"@type\":\"ListItem\",\"position\":2,\"name\":\"About us\"}]},{\"@type\":\"WebSite\",\"@id\":\"https:\/\/old.prague-fenix.cz\/#website\",\"url\":\"https:\/\/old.prague-fenix.cz\/\",\"name\":\"Erotick\u00fd mas\u00e1\u017en\u00ed sal\u00f3n Prague F\u00e9nix\",\"description\":\"Massage salon and erotic massages, body to body, tantra, mix, nuru and lingam massage, lesbian show, BDSM massage.\",\"publisher\":{\"@id\":\"https:\/\/old.prague-fenix.cz\/#\/schema\/person\/2ba77174c6f44cc2bc3d0f5e8ba640d6\"},\"potentialAction\":[{\"@type\":\"SearchAction\",\"target\":{\"@type\":\"EntryPoint\",\"urlTemplate\":\"https:\/\/old.prague-fenix.cz\/?s={search_term_string}\"},\"query-input\":{\"@type\":\"PropertyValueSpecification\",\"valueRequired\":true,\"valueName\":\"search_term_string\"}}],\"inLanguage\":\"cs\"},{\"@type\":[\"Person\",\"Organization\"],\"@id\":\"https:\/\/old.prague-fenix.cz\/#\/schema\/person\/2ba77174c6f44cc2bc3d0f5e8ba640d6\",\"name\":\"Prague Fenix\",\"image\":{\"@type\":\"ImageObject\",\"inLanguage\":\"cs\",\"@id\":\"https:\/\/old.prague-fenix.cz\/#\/schema\/person\/image\/\",\"url\":\"https:\/\/prague-fenix.cz\/wp-content\/uploads\/2023\/05\/prague-fenix.cz-logo-e1684684035397.png\",\"contentUrl\":\"https:\/\/prague-fenix.cz\/wp-content\/uploads\/2023\/05\/prague-fenix.cz-logo-e1684684035397.png\",\"width\":675,\"height\":675,\"caption\":\"Prague Fenix\"},\"logo\":{\"@id\":\"https:\/\/old.prague-fenix.cz\/#\/schema\/person\/image\/\"},\"sameAs\":[\"http:\/\/www.prague-fenix.cz\"]}]}<\/script>\n<!-- \/ Yoast SEO plugin. -->","yoast_head_json":{"title":"About us - Salon Fenix Prague","description":"About the erotic massage salon in the Czech Republic - Fenix Prague. Features and benefits of the best erotic massage studio for men and women. Why choose Fenix?","robots":{"index":"noindex","follow":"follow","max-snippet":"max-snippet:-1","max-image-preview":"max-image-preview:large","max-video-preview":"max-video-preview:-1"},"og_locale":"cs_CZ","og_type":"article","og_title":"About us - Salon Fenix Prague","og_description":"About the erotic massage salon in the Czech Republic - Fenix Prague. Features and benefits of the best erotic massage studio for men and women. Why choose Fenix?","og_url":"https:\/\/old.prague-fenix.cz\/cs\/about-us\/","og_site_name":"Erotic massage salon Prague Fenix","article_modified_time":"2024-04-15T21:21:39+00:00","og_image":[{"url":"https:\/\/prague-fenix.cz\/wp-content\/uploads\/2024\/02\/fenix-praga-salon-massage-1.jpeg","type":"","width":"","height":""}],"twitter_card":"summary_large_image","twitter_misc":{"Odhadovan\u00e1 doba \u010dten\u00ed":"4 minuty"},"schema":{"@context":"https:\/\/schema.org","@graph":[{"@type":"WebPage","@id":"https:\/\/old.prague-fenix.cz\/about-us\/","url":"https:\/\/old.prague-fenix.cz\/about-us\/","name":"About us - Salon Fenix Prague","isPartOf":{"@id":"https:\/\/old.prague-fenix.cz\/#website"},"primaryImageOfPage":{"@id":"https:\/\/old.prague-fenix.cz\/about-us\/#primaryimage"},"image":{"@id":"https:\/\/old.prague-fenix.cz\/about-us\/#primaryimage"},"thumbnailUrl":"https:\/\/prague-fenix.cz\/wp-content\/uploads\/2024\/02\/fenix-praga-salon-massage-1.jpeg","datePublished":"2023-05-07T10:35:41+00:00","dateModified":"2024-04-15T21:21:39+00:00","description":"About the erotic massage salon in the Czech Republic - Fenix Prague. Features and benefits of the best erotic massage studio for men and women. Why choose Fenix?","breadcrumb":{"@id":"https:\/\/old.prague-fenix.cz\/about-us\/#breadcrumb"},"inLanguage":"cs","potentialAction":[{"@type":"ReadAction","target":["https:\/\/old.prague-fenix.cz\/about-us\/"]}]},{"@type":"ImageObject","inLanguage":"cs","@id":"https:\/\/old.prague-fenix.cz\/about-us\/#primaryimage","url":"https:\/\/prague-fenix.cz\/wp-content\/uploads\/2024\/02\/fenix-praga-salon-massage-1.jpeg","contentUrl":"https:\/\/prague-fenix.cz\/wp-content\/uploads\/2024\/02\/fenix-praga-salon-massage-1.jpeg"},{"@type":"BreadcrumbList","@id":"https:\/\/old.prague-fenix.cz\/about-us\/#breadcrumb","itemListElement":[{"@type":"ListItem","position":1,"name":"Dom\u016f","item":"https:\/\/old.prague-fenix.cz\/"},{"@type":"ListItem","position":2,"name":"About us"}]},{"@type":"WebSite","@id":"https:\/\/old.prague-fenix.cz\/#website","url":"https:\/\/old.prague-fenix.cz\/","name":"Erotick\u00fd mas\u00e1\u017en\u00ed sal\u00f3n Prague F\u00e9nix","description":"Massage salon and erotic massages, body to body, tantra, mix, nuru and lingam massage, lesbian show, BDSM massage.","publisher":{"@id":"https:\/\/old.prague-fenix.cz\/#\/schema\/person\/2ba77174c6f44cc2bc3d0f5e8ba640d6"},"potentialAction":[{"@type":"SearchAction","target":{"@type":"EntryPoint","urlTemplate":"https:\/\/old.prague-fenix.cz\/?s={search_term_string}"},"query-input":{"@type":"PropertyValueSpecification","valueRequired":true,"valueName":"search_term_string"}}],"inLanguage":"cs"},{"@type":["Person","Organization"],"@id":"https:\/\/old.prague-fenix.cz\/#\/schema\/person\/2ba77174c6f44cc2bc3d0f5e8ba640d6","name":"Prague Fenix","image":{"@type":"ImageObject","inLanguage":"cs","@id":"https:\/\/old.prague-fenix.cz\/#\/schema\/person\/image\/","url":"https:\/\/prague-fenix.cz\/wp-content\/uploads\/2023\/05\/prague-fenix.cz-logo-e1684684035397.png","contentUrl":"https:\/\/prague-fenix.cz\/wp-content\/uploads\/2023\/05\/prague-fenix.cz-logo-e1684684035397.png","width":675,"height":675,"caption":"Prague Fenix"},"logo":{"@id":"https:\/\/old.prague-fenix.cz\/#\/schema\/person\/image\/"},"sameAs":["http:\/\/www.prague-fenix.cz"]}]}},"_links":{"self":[{"href":"https:\/\/old.prague-fenix.cz\/cs\/wp-json\/wp\/v2\/pages\/10","targetHints":{"allow":["GET"]}}],"collection":[{"href":"https:\/\/old.prague-fenix.cz\/cs\/wp-json\/wp\/v2\/pages"}],"about":[{"href":"https:\/\/old.prague-fenix.cz\/cs\/wp-json\/wp\/v2\/types\/page"}],"author":[{"embeddable":true,"href":"https:\/\/old.prague-fenix.cz\/cs\/wp-json\/wp\/v2\/users\/3"}],"replies":[{"embeddable":true,"href":"https:\/\/old.prague-fenix.cz\/cs\/wp-json\/wp\/v2\/comments?post=10"}],"version-history":[{"count":0,"href":"https:\/\/old.prague-fenix.cz\/cs\/wp-json\/wp\/v2\/pages\/10\/revisions"}],"wp:attachment":[{"href":"https:\/\/old.prague-fenix.cz\/cs\/wp-json\/wp\/v2\/media?parent=10"}],"curies":[{"name":"wp","href":"https:\/\/api.w.org\/{rel}","templated":true}]}}